{"id":5670,"date":"2026-03-13T16:06:44","date_gmt":"2026-03-13T15:06:44","guid":{"rendered":"https:\/\/annagrandhotel.hu\/?page_id=5670"},"modified":"2026-03-25T13:24:41","modified_gmt":"2026-03-25T12:24:41","slug":"jarne-prazdniny","status":"publish","type":"page","link":"https:\/\/annagrandhotel.hu\/sk\/tavaszi-szunet\/","title":{"rendered":"Jarn\u00e9 pr\u00e1zdniny"},"content":{"rendered":"<div class=\"wpb-content-wrapper\"><div class=\"vc_row wpb_row vc_row-fluid vc_custom_1737998185250 vc_row-has-fill\"><div class=\"wpb_column vc_column_container vc_col-sm-12\"><div class=\"vc_column-inner\"><div class=\"wpb_wrapper\">\n<div class=\"vc_grid-container-wrapper vc_clearfix vc_grid-animation-zoomIn\">\n\t<div class=\"vc_grid-container vc_clearfix wpb_content_element vc_masonry_media_grid\" data-initial-loading-animation=\"zoomIn\" data-vc-grid-settings=\"{&quot;page_id&quot;:5670,&quot;style&quot;:&quot;all-masonry&quot;,&quot;action&quot;:&quot;vc_get_vc_grid_data&quot;,&quot;shortcode_id&quot;:&quot;1774441276246-f6eb0bdb-819d-7&quot;,&quot;tag&quot;:&quot;vc_masonry_media_grid&quot;}\" data-vc-request=\"https:\/\/annagrandhotel.hu\/wp-admin\/admin-ajax.php\" data-vc-post-id=\"5670\" data-vc-public-nonce=\"dc08ce96c1\">\n\t\t\n\t<\/div>\n<\/div><\/div><\/div><\/div><\/div><div class=\"vc_row wpb_row vc_row-fluid vc_custom_1737999561811 vc_row-has-fill\"><div class=\"wpb_column vc_column_container vc_col-sm-9 vc_col-sm-offset-2\"><div class=\"vc_column-inner\"><div class=\"wpb_wrapper\">\n\t<div  class=\"wpb_single_image wpb_content_element vc_align_center\">\n\t\t\n\t\t<figure class=\"wpb_wrapper vc_figure\">\n\t\t\t<div class=\"vc_single_image-wrapper   vc_box_border_grey\"><img loading=\"lazy\" decoding=\"async\" width=\"250\" height=\"155\" src=\"https:\/\/annagrandhotel.hu\/wp-content\/uploads\/2024\/09\/Anna-Grand-5-star-main-1.png\" class=\"vc_single_image-img attachment-full\" alt=\"\" title=\"Anna Grand 5 hviezdi\u010diek hlavn\u00e9\" srcset=\"https:\/\/annagrandhotel.hu\/wp-content\/uploads\/2024\/09\/Anna-Grand-5-star-main-1.png 250w, https:\/\/annagrandhotel.hu\/wp-content\/uploads\/2024\/09\/Anna-Grand-5-star-main-1-18x12.png 18w\" sizes=\"auto, (max-width: 250px) 100vw, 250px\" \/><\/div>\n\t\t<\/figure>\n\t<\/div>\n\n\t<div  class=\"wpb_single_image wpb_content_element vc_align_center\">\n\t\t\n\t\t<figure class=\"wpb_wrapper vc_figure\">\n\t\t\t<div class=\"vc_single_image-wrapper   vc_box_border_grey\"><img loading=\"lazy\" decoding=\"async\" width=\"1203\" height=\"13\" src=\"https:\/\/annagrandhotel.hu\/wp-content\/uploads\/2025\/01\/Valentin-fejlec.webp\" class=\"vc_single_image-img attachment-full\" alt=\"\" title=\"Valent\u00ednska hlavi\u010dka\" srcset=\"https:\/\/annagrandhotel.hu\/wp-content\/uploads\/2025\/01\/Valentin-fejlec.webp 1203w, https:\/\/annagrandhotel.hu\/wp-content\/uploads\/2025\/01\/Valentin-fejlec-300x3.webp 300w, https:\/\/annagrandhotel.hu\/wp-content\/uploads\/2025\/01\/Valentin-fejlec-1024x11.webp 1024w, https:\/\/annagrandhotel.hu\/wp-content\/uploads\/2025\/01\/Valentin-fejlec-768x8.webp 768w, https:\/\/annagrandhotel.hu\/wp-content\/uploads\/2025\/01\/Valentin-fejlec-18x1.webp 18w\" sizes=\"auto, (max-width: 1203px) 100vw, 1203px\" \/><\/div>\n\t\t<\/figure>\n\t<\/div>\n<div class=\"heading_group_sc wpb_content_element subtitle_bottom    text-center\">\n\n\n    <h2 style=\"text-align: center;\">Najlep\u0161ie dni jarn\u00fdch pr\u00e1zdnin sa za\u010d\u00ednaj\u00fa na brehu Balatonu.<\/h2>\n\n\n        <span class=\"subtitle\"><\/span>\n\n<\/div><div class=\"heading_group_sc wpb_content_element subtitle_bottom    text-left\">\n\n\n    <article class=\"text-token-text-primary w-full focus:outline-none &#091;--shadow-height:45px&#093; has-data-writing-block:pointer-events-none has-data-writing-block:-mt-(--shadow-height) has-data-writing-block:pt-(--shadow-height) &#091;&amp;:has(&#091;data-writing-block&#093;)&gt;*&#093;:pointer-events-auto scroll-mt-(--header-height)\" dir=\"auto\" tabindex=\"-1\" data-turn-id=\"345d5658-eb9d-4d9a-87b0-52212965b8a0\" data-testid=\"conversation-turn-1\" data-scroll-anchor=\"false\" data-turn=\"user\"><\/article>\n<article class=\"text-token-text-primary w-full focus:outline-none &#091;--shadow-height:45px&#093; has-data-writing-block:pointer-events-none has-data-writing-block:-mt-(--shadow-height) has-data-writing-block:pt-(--shadow-height) &#091;&amp;:has(&#091;data-writing-block&#093;)&gt;*&#093;:pointer-events-auto scroll-mt-&#091;calc(var(--header-height)+min(200px,max(70px,20svh)))&#093;\" dir=\"auto\" tabindex=\"-1\" data-turn-id=\"request-WEB:d222aa11-fa1b-46b1-9e10-a29c09368bc4-0\" data-testid=\"conversation-turn-2\" data-scroll-anchor=\"true\" data-turn=\"assistant\">\n<div class=\"text-base my-auto mx-auto pb-10 &#091;--thread-content-margin:--spacing(4)&#093; @w-sm\/main:&#091;--thread-content-margin:--spacing(6)&#093; @w-lg\/main:&#091;--thread-content-margin:--spacing(16)&#093; px-(--thread-content-margin)\">\n<div class=\"&#091;--thread-content-max-width:40rem&#093; @w-lg\/main:&#091;--thread-content-max-width:48rem&#093; mx-auto max-w-(--thread-content-max-width) flex-1 group\/turn-messages focus-visible:outline-hidden relative flex w-full min-w-0 flex-col agent-turn\" tabindex=\"-1\">\n<div class=\"flex max-w-full flex-col grow\">\n<div class=\"min-h-8 text-message relative flex w-full flex-col items-end gap-2 text-start break-words whitespace-normal &#091;.text-message+&amp;&#093;:mt-1\" dir=\"auto\" data-message-author-role=\"assistant\" data-message-id=\"43ca8be7-3e29-4dad-8db6-fd4feb09e9d1\" data-message-model-slug=\"gpt-5-2\">\n<div class=\"flex w-full flex-col gap-1 empty:hidden first:pt-&#091;1px&#093;\">\n<div class=\"markdown prose dark:prose-invert w-full wrap-break-word dark markdown-new-styling\">\n<p style=\"font-weight: 400;\"><strong>Relaxujte, na\u010derpajte nov\u00e9 sily a u\u017eite si jar v elegantnom prostred\u00ed hotela Anna Grand.<\/strong><\/p>\n<p style=\"font-weight: 400;\">Rezervujte si teraz so z\u013eavou 18 89% pomocou promo k\u00f3du 1889 a za\u010dnite jar \u0161peci\u00e1lnou dovolenkou!<\/p>\n<\/div>\n<\/div>\n<\/div>\n<\/div>\n<\/div>\n<\/div>\n<ul type=\"disc\">\n<li class=\"m_7367354081115708239MsoListParagraph\">Pokojn\u00e9 chv\u00edle pri Balatone<u><\/u><u><\/u><\/li>\n<li class=\"m_7367354081115708239MsoListParagraph\">Wellness a na\u010derpanie nov\u00fdch s\u00edl<u><\/u><u><\/u><\/li>\n<li class=\"m_7367354081115708239MsoListParagraph\">Nad\u010dasov\u00e1 elegancia v srdci Balatonf\u00fcreda<\/li>\n<\/ul>\n<p>Obsah ich ponuky:<\/p>\n<p style=\"text-align: left;\"><strong><img loading=\"lazy\" decoding=\"async\" class=\"wp-image-2892 alignleft\" src=\"https:\/\/annagrandhotel.hu\/wp-content\/uploads\/2023\/11\/emblema-kicsi_Rajztabla-1.png\" alt=\"\" width=\"16\" height=\"16\" srcset=\"https:\/\/annagrandhotel.hu\/wp-content\/uploads\/2023\/11\/emblema-kicsi_Rajztabla-1.png 84w, https:\/\/annagrandhotel.hu\/wp-content\/uploads\/2023\/11\/emblema-kicsi_Rajztabla-1-12x12.png 12w\" sizes=\"auto, (max-width: 16px) 100vw, 16px\" \/>Relaxujte v jednej z na\u0161ich izieb Superior, Deluxe alebo Executive Suite<\/strong><\/p>\n<p style=\"text-align: left;\"><strong><img loading=\"lazy\" decoding=\"async\" class=\"wp-image-2892 alignleft\" src=\"https:\/\/annagrandhotel.hu\/wp-content\/uploads\/2023\/11\/emblema-kicsi_Rajztabla-1.png\" alt=\"\" width=\"16\" height=\"16\" srcset=\"https:\/\/annagrandhotel.hu\/wp-content\/uploads\/2023\/11\/emblema-kicsi_Rajztabla-1.png 84w, https:\/\/annagrandhotel.hu\/wp-content\/uploads\/2023\/11\/emblema-kicsi_Rajztabla-1-12x12.png 12w\" sizes=\"auto, (max-width: 16px) 100vw, 16px\" \/><\/strong><\/p>\n<p style=\"text-align: left;\"><strong><b>Dom\u00e1ci uv\u00edtac\u00ed kol\u00e1\u010d<\/b>\u00a0v kaviarni Anna<\/strong><\/p>\n<p style=\"text-align: left;\"><strong><img loading=\"lazy\" decoding=\"async\" class=\"wp-image-2892 alignleft\" src=\"https:\/\/annagrandhotel.hu\/wp-content\/uploads\/2023\/11\/emblema-kicsi_Rajztabla-1.png\" alt=\"\" width=\"16\" height=\"16\" srcset=\"https:\/\/annagrandhotel.hu\/wp-content\/uploads\/2023\/11\/emblema-kicsi_Rajztabla-1.png 84w, https:\/\/annagrandhotel.hu\/wp-content\/uploads\/2023\/11\/emblema-kicsi_Rajztabla-1-12x12.png 12w\" sizes=\"auto, (max-width: 16px) 100vw, 16px\" \/><\/strong><\/p>\n<p style=\"text-align: left;\"><strong>Bohat\u00e9 ra\u0148ajky formou bufetu so \u0161ampansk\u00fdm<\/strong><\/p>\n<p><strong><img loading=\"lazy\" decoding=\"async\" class=\"wp-image-2892 alignleft\" src=\"https:\/\/annagrandhotel.hu\/wp-content\/uploads\/2023\/11\/emblema-kicsi_Rajztabla-1.png\" alt=\"\" width=\"16\" height=\"16\" srcset=\"https:\/\/annagrandhotel.hu\/wp-content\/uploads\/2023\/11\/emblema-kicsi_Rajztabla-1.png 84w, https:\/\/annagrandhotel.hu\/wp-content\/uploads\/2023\/11\/emblema-kicsi_Rajztabla-1-12x12.png 12w\" sizes=\"auto, (max-width: 16px) 100vw, 16px\" \/><\/strong><strong><b>Ve\u010dera formou bufetu alebo kombin\u00e1cia - ve\u010dera formou bufetu<\/b><\/strong><\/p>\n<p><strong><img loading=\"lazy\" decoding=\"async\" class=\"wp-image-2892 alignleft\" src=\"https:\/\/annagrandhotel.hu\/wp-content\/uploads\/2023\/11\/emblema-kicsi_Rajztabla-1.png\" alt=\"\" width=\"16\" height=\"16\" srcset=\"https:\/\/annagrandhotel.hu\/wp-content\/uploads\/2023\/11\/emblema-kicsi_Rajztabla-1.png 84w, https:\/\/annagrandhotel.hu\/wp-content\/uploads\/2023\/11\/emblema-kicsi_Rajztabla-1-12x12.png 12w\" sizes=\"auto, (max-width: 16px) 100vw, 16px\" \/> <\/strong><strong>Neobmedzen\u00e9 vyu\u017e\u00edvanie k\u00fape\u013eov a wellness Anna<\/strong><\/p>\n<p>Dodato\u010dn\u00e9 vybavenie miestnosti:<br \/>\n<em>- Kozmetika Pure Herbs do k\u00fape\u013ene<\/em><br \/>\n<em>- \u010caj a k\u00e1va v kapsuliach Nespresso<\/em><br \/>\n<em>- \u017dupan, papu\u010de a k\u00fape\u013en\u00e1 ta\u0161ka Anna<\/em><\/p>\n<\/article>\n\n\n        <span class=\"subtitle\"><\/span>\n\n<\/div><div class=\"heading_group_sc wpb_content_element subtitle_bottom    text-left\">\n\n\n    <article class=\"text-token-text-primary w-full focus:outline-none &#091;--shadow-height:45px&#093; has-data-writing-block:pointer-events-none has-data-writing-block:-mt-(--shadow-height) has-data-writing-block:pt-(--shadow-height) &#091;&amp;:has(&#091;data-writing-block&#093;)&gt;*&#093;:pointer-events-auto scroll-mt-(--header-height)\" dir=\"auto\" tabindex=\"-1\" data-turn-id=\"345d5658-eb9d-4d9a-87b0-52212965b8a0\" data-testid=\"conversation-turn-1\" data-scroll-anchor=\"false\" data-turn=\"user\"><\/article>\n<article class=\"text-token-text-primary w-full focus:outline-none &#091;--shadow-height:45px&#093; has-data-writing-block:pointer-events-none has-data-writing-block:-mt-(--shadow-height) has-data-writing-block:pt-(--shadow-height) &#091;&amp;:has(&#091;data-writing-block&#093;)&gt;*&#093;:pointer-events-auto scroll-mt-&#091;calc(var(--header-height)+min(200px,max(70px,20svh)))&#093;\" dir=\"auto\" tabindex=\"-1\" data-turn-id=\"request-WEB:d222aa11-fa1b-46b1-9e10-a29c09368bc4-0\" data-testid=\"conversation-turn-2\" data-scroll-anchor=\"true\" data-turn=\"assistant\">\n<div class=\"text-base my-auto mx-auto pb-10 &#091;--thread-content-margin:--spacing(4)&#093; @w-sm\/main:&#091;--thread-content-margin:--spacing(6)&#093; @w-lg\/main:&#091;--thread-content-margin:--spacing(16)&#093; px-(--thread-content-margin)\">\n<div class=\"&#091;--thread-content-max-width:40rem&#093; @w-lg\/main:&#091;--thread-content-max-width:48rem&#093; mx-auto max-w-(--thread-content-max-width) flex-1 group\/turn-messages focus-visible:outline-hidden relative flex w-full min-w-0 flex-col agent-turn\" tabindex=\"-1\">\n<div class=\"flex max-w-full flex-col grow\">\n<div class=\"min-h-8 text-message relative flex w-full flex-col items-end gap-2 text-start break-words whitespace-normal &#091;.text-message+&amp;&#093;:mt-1\" dir=\"auto\" data-message-author-role=\"assistant\" data-message-id=\"43ca8be7-3e29-4dad-8db6-fd4feb09e9d1\" data-message-model-slug=\"gpt-5-2\">\n<div class=\"flex w-full flex-col gap-1 empty:hidden first:pt-&#091;1px&#093;\">\n<div class=\"markdown prose dark:prose-invert w-full wrap-break-word dark markdown-new-styling\">\n<p data-section-id=\"rpr8yk\" data-start=\"0\" data-end=\"63\"><em>Obdobie rezerv\u00e1cie: 15. - 29. marca 2026.<\/em><br \/>\n<em>K dispoz\u00edcii: 6.-12. apr\u00edla 2026.<\/em><\/p>\n<h4 data-section-id=\"rpr8yk\" data-start=\"0\" data-end=\"63\">K\u00f3d propag\u00e1cie: <strong>1889<\/strong><\/h4>\n<\/div>\n<\/div>\n<\/div>\n<\/div>\n<\/div>\n<\/div>\n<\/article>\n\n\n        <span class=\"subtitle\"><\/span>\n\n<\/div><div class=\"plethora_button wpb_content_element   text-left\">\n    <a href=\"https:\/\/book.annagrandhotel.hu\/foglalas\/kereses?promotion-code=1889\" class=\"btn btn-secondary\" title=\"\"  target=\"_self\">\n\n        \n        V\u00fdpo\u010det ceny a rezerv\u00e1cia\n        \n\n    <\/a>\n<\/div><\/div><\/div><\/div><\/div><div data-vc-full-width=\"true\" data-vc-full-width-init=\"false\" class=\"vc_row wpb_row vc_row-fluid vc_custom_1773414722075 vc_row-has-fill light_section\"><div class=\"wpb_column vc_column_container vc_col-sm-9 vc_col-sm-offset-2\"><div class=\"vc_column-inner\"><div class=\"wpb_wrapper\"><div class=\"heading_group_sc wpb_content_element subtitle_bottom    text-center\">\n\n\n    <h2 style=\"text-align: center;\">INZERCIA<\/h2>\n\n\n        <span class=\"subtitle\"><\/span>\n\n<\/div><div class=\"heading_group_sc wpb_content_element subtitle_bottom    text-center\">\n\n\n    <p style=\"text-align: left;\">Kontaktujte n\u00e1s prostredn\u00edctvom n\u00e1\u0161ho kontaktn\u00e9ho formul\u00e1ra. Na\u0161i pracovn\u00edci sa v\u00e1m \u010doskoro ozv\u00fa.<\/p>\n\n\n        <span class=\"subtitle\"><\/span>\n\n<\/div>\n<div class=\"wpcf7 no-js\" id=\"wpcf7-f3496-o1\" lang=\"hu-HU\" dir=\"ltr\" data-wpcf7-id=\"3496\">\n<div class=\"screen-reader-response\"><p role=\"status\" aria-live=\"polite\" aria-atomic=\"true\"><\/p> <ul><\/ul><\/div>\n<form action=\"\/sk\/wp-json\/wp\/v2\/pages\/5670#wpcf7-f3496-o1\" method=\"post\" class=\"wpcf7-form init\" aria-label=\"Kapcsolatfelv\u00e9teli \u0171rlap\" novalidate=\"novalidate\" data-status=\"init\" data-trp-original-action=\"\/sk\/wp-json\/wp\/v2\/pages\/5670#wpcf7-f3496-o1\">\n<fieldset class=\"hidden-fields-container\"><input type=\"hidden\" name=\"_wpcf7\" value=\"3496\" \/><input type=\"hidden\" name=\"_wpcf7_version\" value=\"6.1.5\" \/><input type=\"hidden\" name=\"_wpcf7_locale\" value=\"hu_HU\" \/><input type=\"hidden\" name=\"_wpcf7_unit_tag\" value=\"wpcf7-f3496-o1\" \/><input type=\"hidden\" name=\"_wpcf7_container_post\" value=\"0\" \/><input type=\"hidden\" name=\"_wpcf7_posted_data_hash\" value=\"\" \/><input type=\"hidden\" name=\"_wpcf7cf_hidden_group_fields\" value=\"[]\" \/><input type=\"hidden\" name=\"_wpcf7cf_hidden_groups\" value=\"[]\" \/><input type=\"hidden\" name=\"_wpcf7cf_visible_groups\" value=\"[]\" \/><input type=\"hidden\" name=\"_wpcf7cf_repeaters\" value=\"[]\" \/><input type=\"hidden\" name=\"_wpcf7cf_steps\" value=\"{}\" \/><input type=\"hidden\" name=\"_wpcf7cf_options\" value=\"{&quot;form_id&quot;:3496,&quot;conditions&quot;:[],&quot;settings&quot;:{&quot;animation&quot;:&quot;yes&quot;,&quot;animation_intime&quot;:200,&quot;animation_outtime&quot;:200,&quot;conditions_ui&quot;:&quot;normal&quot;,&quot;notice_dismissed&quot;:false,&quot;notice_dismissed_rollback-cf7-5.8&quot;:true,&quot;notice_dismissed_rollback-cf7-5.8.2&quot;:true,&quot;notice_dismissed_rollback-cf7-5.8.3&quot;:true,&quot;notice_dismissed_rollback-cf7-5.8.5&quot;:true,&quot;notice_dismissed_rollback-cf7-5.9.3&quot;:true}}\" \/>\n<\/fieldset>\n<p><span class=\"number-input\"><span class=\"wpcf7-form-control-wrap\" data-name=\"surname\"><input size=\"40\" maxlength=\"400\" class=\"wpcf7-form-control wpcf7-text wpcf7-validates-as-required\" aria-required=\"true\" aria-invalid=\"false\" placeholder=\"Priezvisko\" value=\"\" type=\"text\" name=\"surname\" \/><\/span><br \/>\n<span class=\"wpcf7-form-control-wrap\" data-name=\"firstname\"><input size=\"40\" maxlength=\"400\" class=\"wpcf7-form-control wpcf7-text wpcf7-validates-as-required\" aria-required=\"true\" aria-invalid=\"false\" placeholder=\"Krstn\u00e9 meno\" value=\"\" type=\"text\" name=\"firstname\" \/><\/span><br \/>\n<label> E-mailov\u00e1 adresa<br \/>\n<span class=\"wpcf7-form-control-wrap\" data-name=\"your-email\"><input size=\"40\" maxlength=\"400\" class=\"wpcf7-form-control wpcf7-email wpcf7-validates-as-required wpcf7-text wpcf7-validates-as-email\" autocomplete=\"email\" aria-required=\"true\" aria-invalid=\"false\" value=\"\" type=\"email\" name=\"your-email\" \/><\/span> <\/label><br \/>\n<label>Pr\u00edchod <span class=\"wpcf7-form-control-wrap\" data-name=\"date\"><input class=\"wpcf7-form-control wpcf7-date wpcf7-validates-as-required wpcf7-validates-as-date\" aria-required=\"true\" aria-invalid=\"false\" value=\"\" type=\"date\" name=\"date\" \/><\/span><\/label><br \/>\n<label>Nechajte <span class=\"wpcf7-form-control-wrap\" data-name=\"enddate\"><input class=\"wpcf7-form-control wpcf7-date wpcf7-validates-as-required wpcf7-validates-as-date\" aria-required=\"true\" aria-invalid=\"false\" value=\"\" type=\"date\" name=\"enddate\" \/><\/span><\/label><br \/>\n<label>Po\u010det host\u00ed <span class=\"wpcf7-form-control-wrap\" data-name=\"number\"><input class=\"wpcf7-form-control wpcf7-number wpcf7-validates-as-required wpcf7-validates-as-number\" min=\"1\" max=\"99\" aria-required=\"true\" aria-invalid=\"false\" placeholder=\"1\" value=\"\" type=\"number\" name=\"number\" \/><\/span><\/label><\/span>\n<\/p>\n<p><label> Spr\u00e1va (nepovinn\u00e9)<br \/>\n<span class=\"wpcf7-form-control-wrap\" data-name=\"your-message\"><textarea cols=\"40\" rows=\"10\" maxlength=\"2000\" class=\"wpcf7-form-control wpcf7-textarea\" aria-invalid=\"false\" name=\"your-message\"><\/textarea><\/span> <\/label>\n<\/p>\n<p><span class=\"wpcf7-form-control-wrap\" data-name=\"acceptance-adatkezeles\"><span class=\"wpcf7-form-control wpcf7-acceptance\"><span class=\"wpcf7-list-item\"><label><input type=\"checkbox\" name=\"acceptance-adatkezeles\" value=\"1\" aria-invalid=\"false\" \/><span class=\"wpcf7-list-item-label\">Prij\u00edmam <a href=\"\/wp-content\/uploads\/2023\/07\/Anna_Grand_Hotel_Adatvedelmi_tajekoztato_v1_230725.pdf\" target=\"_blank\">v ozn\u00e1men\u00ed o ochrane osobn\u00fdch \u00fadajov<\/a> op\u00edsan\u00e9 v.<\/span><\/label><\/span><\/span><\/span>\n<\/p>\n<p><button class=\"btn btn-primary item_centered\" type=\"submit\">Odosielanie!<\/button>\n<\/p><input type='hidden' class='wpcf7-pum' value='{\"closepopup\":false,\"closedelay\":0,\"openpopup\":false,\"openpopup_id\":0}' \/><div class=\"wpcf7-response-output\" aria-hidden=\"true\"><\/div>\n<input type=\"hidden\" name=\"trp-form-language\" value=\"sk\"\/><\/form>\n<\/div>\n<\/div><\/div><\/div><\/div><div class=\"vc_row-full-width vc_clearfix\"><\/div>\n<\/div>","protected":false},"excerpt":{"rendered":"A tavaszi sz\u00fcnet legszebb napjai a Balaton partj\u00e1n kezd\u0151dnek. Pihenjen, t\u00f6lt\u0151dj\u00f6n fel \u00e9s \u00e9lvezze a tavaszt eleg\u00e1ns k\u00f6rnyezetben az Anna Grand Hotelben. Foglaljon most 18,89% kedvezm\u00e9nnyel az 1889 prom\u00f3ci\u00f3s k\u00f3d haszn\u00e1lat\u00e1val, \u00e9s ind\u00edtsa a tavaszt egy k\u00fcl\u00f6nleges pihen\u00e9ssel! Nyugodt balatoni pillanatok Wellness \u00e9s felt\u00f6lt\u0151d\u00e9s Id\u0151tlen elegancia Balatonf\u00fcred sz\u00edv\u00e9ben Aj\u00e1nlatuk tartalma: Kikapcsol\u00f3d\u00e1s Superior, Deluxe szob\u00e1ink egyik\u00e9ben [...]","protected":false},"author":1,"featured_media":0,"parent":0,"menu_order":0,"comment_status":"closed","ping_status":"closed","template":"","meta":{"footnotes":""},"class_list":["post-5670","page","type-page","status-publish","hentry"],"aioseo_notices":[],"_links":{"self":[{"href":"https:\/\/annagrandhotel.hu\/sk\/wp-json\/wp\/v2\/pages\/5670","targetHints":{"allow":["GET"]}}],"collection":[{"href":"https:\/\/annagrandhotel.hu\/sk\/wp-json\/wp\/v2\/pages"}],"about":[{"href":"https:\/\/annagrandhotel.hu\/sk\/wp-json\/wp\/v2\/types\/page"}],"author":[{"embeddable":true,"href":"https:\/\/annagrandhotel.hu\/sk\/wp-json\/wp\/v2\/users\/1"}],"replies":[{"embeddable":true,"href":"https:\/\/annagrandhotel.hu\/sk\/wp-json\/wp\/v2\/comments?post=5670"}],"version-history":[{"count":6,"href":"https:\/\/annagrandhotel.hu\/sk\/wp-json\/wp\/v2\/pages\/5670\/revisions"}],"predecessor-version":[{"id":5737,"href":"https:\/\/annagrandhotel.hu\/sk\/wp-json\/wp\/v2\/pages\/5670\/revisions\/5737"}],"wp:attachment":[{"href":"https:\/\/annagrandhotel.hu\/sk\/wp-json\/wp\/v2\/media?parent=5670"}],"curies":[{"name":"wp","href":"https:\/\/api.w.org\/{rel}","templated":true}]}}