{"id":5612,"date":"2026-03-02T11:33:23","date_gmt":"2026-03-02T10:33:23","guid":{"rendered":"https:\/\/annagrandhotel.hu\/?page_id=5612"},"modified":"2026-03-17T09:09:31","modified_gmt":"2026-03-17T08:09:31","slug":"inhale-x-anna-grand-pilates-tabor","status":"publish","type":"page","link":"https:\/\/annagrandhotel.hu\/sk\/inhale-x-anna-grand-pilates-tabor\/","title":{"rendered":"Inhale X Anna Grand Pilates Camp"},"content":{"rendered":"<div class=\"wpb-content-wrapper\"><div class=\"vc_row wpb_row vc_row-fluid vc_custom_1727279808405 vc_row-has-fill\"><div class=\"wpb_column vc_column_container vc_col-sm-9 vc_col-sm-offset-2\"><div class=\"vc_column-inner\"><div class=\"wpb_wrapper\"><\/div><\/div><\/div><\/div><div class=\"vc_row wpb_row vc_row-fluid vc_custom_1727279808405 vc_row-has-fill\"><div class=\"wpb_column vc_column_container vc_col-sm-9 vc_col-sm-offset-2\"><div class=\"vc_column-inner\"><div class=\"wpb_wrapper\">\n\t<div  class=\"wpb_single_image wpb_content_element vc_align_center\">\n\t\t\n\t\t<figure class=\"wpb_wrapper vc_figure\">\n\t\t\t<div class=\"vc_single_image-wrapper   vc_box_border_grey\"><img loading=\"lazy\" decoding=\"async\" width=\"250\" height=\"155\" src=\"https:\/\/annagrandhotel.hu\/wp-content\/uploads\/2024\/09\/Anna-Grand-5-star-main-1.png\" class=\"vc_single_image-img attachment-full\" alt=\"\" title=\"Anna Grand 5 hviezdi\u010diek hlavn\u00e9\" srcset=\"https:\/\/annagrandhotel.hu\/wp-content\/uploads\/2024\/09\/Anna-Grand-5-star-main-1.png 250w, https:\/\/annagrandhotel.hu\/wp-content\/uploads\/2024\/09\/Anna-Grand-5-star-main-1-18x12.png 18w\" sizes=\"auto, (max-width: 250px) 100vw, 250px\" \/><\/div>\n\t\t<\/figure>\n\t<\/div>\n<div class=\"vc_separator wpb_content_element vc_separator_align_center vc_sep_width_100 vc_sep_pos_align_center vc_separator_no_text\" ><span class=\"vc_sep_holder vc_sep_holder_l\"><span style=\"border-color:#686257;\" class=\"vc_sep_line\"><\/span><\/span><span class=\"vc_sep_holder vc_sep_holder_r\"><span style=\"border-color:#686257;\" class=\"vc_sep_line\"><\/span><\/span>\n<\/div><div class=\"heading_group_sc wpb_content_element subtitle_bottom    text-center\">\n        <div class=\"background_title\">INHALE<\/div>\n\n\n    <h1 style=\"text-align: center;\">Inhale X Anna Grand Pilates Camp<\/h1>\n<h3><em>15.-16.-17. m\u00e1ja.<\/em><\/h3>\n\n\n        <span class=\"subtitle\"><\/span>\n\n<\/div><\/div><\/div><\/div><\/div><div class=\"vc_row wpb_row vc_row-fluid vc_custom_1727279808405 vc_row-has-fill\"><div class=\"wpb_column vc_column_container vc_col-sm-9 vc_col-sm-offset-2\"><div class=\"vc_column-inner\"><div class=\"wpb_wrapper\"><div class=\"heading_group_sc wpb_content_element subtitle_bottom    text-left\">\n\n\n    <p style=\"text-align: justify;\"><strong>Tri dni, po\u010das ktor\u00fdch sa v m\u00faroch hotela Anna Grand stret\u00e1vaj\u00fa pohyb, na\u010derpanie energie a elegancia.<\/strong><\/p>\n<p style=\"text-align: justify;\">Inhale X Anna Grand Pilates Camp je \u0161peci\u00e1lne jarn\u00e9 s\u00fastredenie, ktor\u00e9 sa zameriava na rovnov\u00e1hu mysle a tela. Programy vedie Bianka Vad\u00e1sz, ktor\u00e1 v\u00e1m svojimi in\u0161pirat\u00edvnymi, prec\u00edznymi a dynamick\u00fdmi hodinami pom\u00f4\u017ee ponori\u0165 sa do sveta pilatesu - pre za\u010diato\u010dn\u00edkov aj pokro\u010dil\u00fdch.<\/p>\n\n\n        <span class=\"subtitle\"><\/span>\n\n<\/div><div class=\"heading_group_sc wpb_content_element subtitle_bottom    text-left\">\n\n\n    <p>Obsah balenia:<\/p>\n<p><strong><img loading=\"lazy\" decoding=\"async\" class=\"wp-image-2892 alignleft\" src=\"https:\/\/annagrandhotel.hu\/wp-content\/uploads\/2023\/11\/emblema-kicsi_Rajztabla-1.png\" alt=\"\" width=\"16\" height=\"16\" srcset=\"https:\/\/annagrandhotel.hu\/wp-content\/uploads\/2023\/11\/emblema-kicsi_Rajztabla-1.png 84w, https:\/\/annagrandhotel.hu\/wp-content\/uploads\/2023\/11\/emblema-kicsi_Rajztabla-1-12x12.png 12w\" sizes=\"auto, (max-width: 16px) 100vw, 16px\" \/><\/strong><\/p>\n<p data-start=\"476\" data-end=\"525\"><strong>Dve sedenia pilatesu na podlo\u017eke denne s Vad\u00e1szom Biankasom<\/strong><\/p>\n<p><strong><img loading=\"lazy\" decoding=\"async\" class=\"wp-image-2892 alignleft\" src=\"https:\/\/annagrandhotel.hu\/wp-content\/uploads\/2023\/11\/emblema-kicsi_Rajztabla-1.png\" alt=\"\" width=\"16\" height=\"16\" srcset=\"https:\/\/annagrandhotel.hu\/wp-content\/uploads\/2023\/11\/emblema-kicsi_Rajztabla-1.png 84w, https:\/\/annagrandhotel.hu\/wp-content\/uploads\/2023\/11\/emblema-kicsi_Rajztabla-1-12x12.png 12w\" sizes=\"auto, (max-width: 16px) 100vw, 16px\" \/><\/strong><\/p>\n<p data-start=\"528\" data-end=\"558\"><strong>Neobmedzen\u00e9 pou\u017e\u00edvanie wellness<\/strong><\/p>\n<p><strong><img loading=\"lazy\" decoding=\"async\" class=\"wp-image-2892 alignleft\" src=\"https:\/\/annagrandhotel.hu\/wp-content\/uploads\/2023\/11\/emblema-kicsi_Rajztabla-1.png\" alt=\"\" width=\"16\" height=\"16\" srcset=\"https:\/\/annagrandhotel.hu\/wp-content\/uploads\/2023\/11\/emblema-kicsi_Rajztabla-1.png 84w, https:\/\/annagrandhotel.hu\/wp-content\/uploads\/2023\/11\/emblema-kicsi_Rajztabla-1-12x12.png 12w\" sizes=\"auto, (max-width: 16px) 100vw, 16px\" \/><\/strong><\/p>\n<p data-start=\"561\" data-end=\"580\"><strong>Medit\u00e1cia so zvukovou miskou<\/strong><\/p>\n<p><strong><img loading=\"lazy\" decoding=\"async\" class=\"wp-image-2892 alignleft\" src=\"https:\/\/annagrandhotel.hu\/wp-content\/uploads\/2023\/11\/emblema-kicsi_Rajztabla-1.png\" alt=\"\" width=\"16\" height=\"16\" srcset=\"https:\/\/annagrandhotel.hu\/wp-content\/uploads\/2023\/11\/emblema-kicsi_Rajztabla-1.png 84w, https:\/\/annagrandhotel.hu\/wp-content\/uploads\/2023\/11\/emblema-kicsi_Rajztabla-1-12x12.png 12w\" sizes=\"auto, (max-width: 16px) 100vw, 16px\" \/><\/strong><\/p>\n<p data-start=\"583\" data-end=\"606\"><strong>Ochutn\u00e1vka v\u00edna a \u0161ampansk\u00e9ho<\/strong><\/p>\n<p><strong><img loading=\"lazy\" decoding=\"async\" class=\"wp-image-2892 alignleft\" src=\"https:\/\/annagrandhotel.hu\/wp-content\/uploads\/2023\/11\/emblema-kicsi_Rajztabla-1.png\" alt=\"\" width=\"16\" height=\"16\" srcset=\"https:\/\/annagrandhotel.hu\/wp-content\/uploads\/2023\/11\/emblema-kicsi_Rajztabla-1.png 84w, https:\/\/annagrandhotel.hu\/wp-content\/uploads\/2023\/11\/emblema-kicsi_Rajztabla-1-12x12.png 12w\" sizes=\"auto, (max-width: 16px) 100vw, 16px\" \/><\/strong><\/p>\n<p data-start=\"609\" data-end=\"648\"><strong>Bohat\u00e9 ra\u0148ajky formou bufetu a chutn\u00e1 ve\u010dera<\/strong><\/p>\n<p><strong><img loading=\"lazy\" decoding=\"async\" class=\"wp-image-2892 alignleft\" src=\"https:\/\/annagrandhotel.hu\/wp-content\/uploads\/2023\/11\/emblema-kicsi_Rajztabla-1.png\" alt=\"\" width=\"16\" height=\"16\" srcset=\"https:\/\/annagrandhotel.hu\/wp-content\/uploads\/2023\/11\/emblema-kicsi_Rajztabla-1.png 84w, https:\/\/annagrandhotel.hu\/wp-content\/uploads\/2023\/11\/emblema-kicsi_Rajztabla-1-12x12.png 12w\" sizes=\"auto, (max-width: 16px) 100vw, 16px\" \/><\/strong><\/p>\n<p data-start=\"651\" data-end=\"695\"><strong>Exkluz\u00edvny DJ ve\u010der s Dr. BRS 15. m\u00e1ja<\/strong><\/p>\n\n\n        <span class=\"subtitle\"><\/span>\n\n<\/div><div class=\"heading_group_sc wpb_content_element subtitle_bottom    text-center\">\n\n\n    <h3 style=\"text-align: center;\">Mo\u017enosti \u00fa\u010dasti a ceny<\/h3>\n\n\n        <span class=\"subtitle\"><\/span>\n\n<\/div><div class=\"vc_row wpb_row vc_inner vc_row-fluid\"><div class=\"wpb_column vc_column_container vc_col-sm-4\"><div class=\"vc_column-inner\"><div class=\"wpb_wrapper\"><div class=\"heading_group_sc wpb_content_element subtitle_bottom   vc_custom_1772445839430  text-center\">\n\n\n    <h4 style=\"text-align: center;\" data-section-id=\"zclaam\" data-start=\"867\" data-end=\"894\">Bal\u00edk na dve noci<\/h4>\n<p style=\"text-align: center;\" data-start=\"895\" data-end=\"943\"><em data-start=\"895\" data-end=\"943\">(15.-17. m\u00e1ja 2026, ra\u0148ajky a ve\u010dera v cene)<\/em><\/p>\n<p style=\"text-align: center;\" data-start=\"947\" data-end=\"994\"><strong data-start=\"947\" data-end=\"964\">pre 1 osobu:<br \/>\n<\/strong>85.000 Ft \/ izba \/ noc<\/p>\n<p style=\"text-align: center;\" data-start=\"997\" data-end=\"1045\"><strong data-start=\"997\" data-end=\"1014\">pre 2 osoby:<br \/>\n<\/strong>120.000 Ft \/ izba \/ noc<\/p>\n\n\n        <span class=\"subtitle\"><\/span>\n\n<\/div><\/div><\/div><\/div><div class=\"wpb_column vc_column_container vc_col-sm-4\"><div class=\"vc_column-inner\"><div class=\"wpb_wrapper\"><div class=\"heading_group_sc wpb_content_element subtitle_bottom   vc_custom_1772445847463  text-center\">\n\n\n    <h4 style=\"text-align: center;\" data-section-id=\"1y54dar\" data-start=\"1052\" data-end=\"1079\">Bal\u00edk na jednu noc<\/h4>\n<p style=\"text-align: center;\" data-start=\"1080\" data-end=\"1108\"><em data-start=\"1080\" data-end=\"1108\">(vr\u00e1tane ra\u0148ajok a ve\u010dere)<\/em><\/p>\n<p style=\"text-align: center;\" data-start=\"1112\" data-end=\"1160\"><strong data-start=\"1112\" data-end=\"1129\">pre 1 osobu:<br \/>\n<\/strong>100.000 Ft \/ izba \/ noc<\/p>\n<p style=\"text-align: center;\" data-start=\"1163\" data-end=\"1211\"><strong data-start=\"1163\" data-end=\"1180\">pre 2 osoby:<br \/>\n<\/strong>150.000 Ft \/ izba \/ noc<\/p>\n\n\n        <span class=\"subtitle\"><\/span>\n\n<\/div><\/div><\/div><\/div><div class=\"wpb_column vc_column_container vc_col-sm-4\"><div class=\"vc_column-inner\"><div class=\"wpb_wrapper\"><div class=\"heading_group_sc wpb_content_element subtitle_bottom   vc_custom_1772445539611  text-center\">\n\n\n    <h4 style=\"text-align: center;\" data-section-id=\"kga0xx\" data-start=\"1218\" data-end=\"1260\">Sobotn\u00fd denn\u00fd l\u00edstok<\/h4>\n<p style=\"text-align: center;\" data-start=\"1261\" data-end=\"1302\"><em data-start=\"1261\" data-end=\"1300\">(bez ubytovania - ra\u0148ajky, wellness, pilates, ve\u010dera)<\/em><\/p>\n<p style=\"text-align: center;\" data-start=\"1306\" data-end=\"1324\"><strong data-start=\"1306\" data-end=\"1324\">50.000 Ft \/ osoba<\/strong><\/p>\n\n\n        <span class=\"subtitle\"><\/span>\n\n<\/div><\/div><\/div><\/div><\/div><div class=\"heading_group_sc wpb_content_element subtitle_bottom   vc_custom_1772447034457  text-center\">\n\n\n    <p>Rezervujte si <b>INHALE<\/b> s k\u00f3dom!<\/p>\n\n\n        <span class=\"subtitle\"><\/span>\n\n<\/div><div class=\"plethora_button wpb_content_element  vc_custom_1772450157735  text-center\">\n    <a href=\"https:\/\/book.annagrandhotel.hu\/foglalas\/kereses?promotion-code=INHALE\" class=\"btn btn-secondary\" title=\"\"  target=\"_self\">\n\n        \n        REZERV\u00c1CIA A \u017dIADOS\u0164 O CENOV\u00da PONUKU\n        \n\n    <\/a>\n<\/div><\/div><\/div><\/div><\/div><div data-vc-full-width=\"true\" data-vc-full-width-init=\"false\" class=\"vc_row wpb_row vc_row-fluid vc_custom_1772446492999 vc_row-has-fill secondary_section\"><div class=\"wpb_column vc_column_container vc_col-sm-9 vc_col-sm-offset-2\"><div class=\"vc_column-inner\"><div class=\"wpb_wrapper\">\n\t<div  class=\"wpb_single_image wpb_content_element vc_align_center  vc_custom_1772446938257\">\n\t\t\n\t\t<figure class=\"wpb_wrapper vc_figure\">\n\t\t\t<div class=\"vc_single_image-wrapper   vc_box_border_grey\"><img loading=\"lazy\" decoding=\"async\" width=\"250\" height=\"90\" src=\"https:\/\/annagrandhotel.hu\/wp-content\/uploads\/2026\/03\/inhale-logo-white.png\" class=\"vc_single_image-img attachment-full\" alt=\"\" title=\"inhale logo biela\" srcset=\"https:\/\/annagrandhotel.hu\/wp-content\/uploads\/2026\/03\/inhale-logo-white.png 250w, https:\/\/annagrandhotel.hu\/wp-content\/uploads\/2026\/03\/inhale-logo-white-18x6.png 18w\" sizes=\"auto, (max-width: 250px) 100vw, 250px\" \/><\/div>\n\t\t<\/figure>\n\t<\/div>\n<div class=\"heading_group_sc wpb_content_element subtitle_bottom    text-center\">\n\n\n    <h3 style=\"text-align: center;\">\u010co je mat pilates?<\/h3>\n\n\n        <span class=\"subtitle\"><\/span>\n\n<\/div><div class=\"heading_group_sc wpb_content_element subtitle_bottom    text-left\">\n\n\n    <p style=\"text-align: justify;\"><strong>Pilates na podlo\u017eke (podlahov\u00fd pilates) je bezn\u00e1strojov\u00e1 forma cvi\u010denia s hmotnos\u0165ou tela, ktor\u00e1 sa zameriava na posilnenie hlbok\u00fdch svalov, stabiliz\u00e1ciu jadra a zlep\u0161enie dr\u017eania tela.<\/strong><\/p>\n<p style=\"text-align: justify;\">Cvi\u010denia sa vykon\u00e1vaj\u00fa na podlo\u017eke v kombin\u00e1cii s kontrolovan\u00fdmi, presn\u00fdmi pohybmi a vedom\u00fdm d\u00fdchan\u00edm. D\u00f4raz sa kladie na precvi\u010dovanie bru\u0161n\u00fdch, chrbtov\u00fdch a panvov\u00fdch svalov a z\u00e1rove\u0148 na rozvoj flexibility a rovnov\u00e1hy.<\/p>\n<p style=\"text-align: justify;\">Je to jemn\u00e1, ale \u00fa\u010dinn\u00e1 forma cvi\u010denia, ktor\u00e1 sa odpor\u00fa\u010da za\u010diato\u010dn\u00edkom aj pokro\u010dil\u00fdm.<\/p>\n\n\n        <span class=\"subtitle\"><\/span>\n\n<\/div><div class=\"heading_group_sc wpb_content_element subtitle_bottom    text-left\">\n\n\n    <h3><strong>Pre\u010do sa pripoji\u0165?<\/strong><\/h3>\n<ul>\n<li>Int\u00edmna, in\u0161pirat\u00edvna komunita<\/li>\n<li>Profesion\u00e1lny profesion\u00e1lny mana\u017ement<\/li>\n<li>Elegantn\u00e9 prostredie v srdci Balatonf\u00fcreda<\/li>\n<li>Fyzick\u00e9 a du\u0161evn\u00e9 dobitie po\u010das jedn\u00e9ho v\u00edkendu<\/li>\n<\/ul>\n\n\n        <span class=\"subtitle\"><\/span>\n\n<\/div><div class=\"heading_group_sc wpb_content_element subtitle_bottom   vc_custom_1772447034457  text-center\">\n\n\n    <p>Rezervujte si <b>INHALE<\/b> s k\u00f3dom!<\/p>\n\n\n        <span class=\"subtitle\"><\/span>\n\n<\/div><div class=\"plethora_button wpb_content_element  vc_custom_1772450167207  text-center\">\n    <a href=\"https:\/\/book.annagrandhotel.hu\/foglalas\/kereses?promotion-code=INHALE\" class=\"btn btn-inv btn-secondary\" title=\"\"  target=\"_self\">\n\n        \n        REZERV\u00c1CIA A \u017dIADOS\u0164 O CENOV\u00da PONUKU\n        \n\n    <\/a>\n<\/div><\/div><\/div><\/div><\/div><div class=\"vc_row-full-width vc_clearfix\"><\/div><div data-vc-full-width=\"true\" data-vc-full-width-init=\"false\" class=\"vc_row wpb_row vc_row-fluid light_section\"><div class=\"wpb_column vc_column_container vc_col-sm-9 vc_col-sm-offset-2\"><div class=\"vc_column-inner\"><div class=\"wpb_wrapper\"><div class=\"heading_group_sc wpb_content_element subtitle_bottom    text-center\">\n\n\n    <h2 style=\"text-align: center;\">INZERCIA<\/h2>\n\n\n        <span class=\"subtitle\"><\/span>\n\n<\/div><div class=\"heading_group_sc wpb_content_element subtitle_bottom    text-center\">\n\n\n    <p style=\"text-align: center;\">Kontaktujte n\u00e1s prostredn\u00edctvom n\u00e1\u0161ho kontaktn\u00e9ho formul\u00e1ra. Na\u0161i pracovn\u00edci sa v\u00e1m \u010doskoro ozv\u00fa.<\/p>\n\n\n        <span class=\"subtitle\"><\/span>\n\n<\/div>\n<div class=\"wpcf7 no-js\" id=\"wpcf7-f3496-o1\" lang=\"hu-HU\" dir=\"ltr\" data-wpcf7-id=\"3496\">\n<div class=\"screen-reader-response\"><p role=\"status\" aria-live=\"polite\" aria-atomic=\"true\"><\/p> <ul><\/ul><\/div>\n<form action=\"\/sk\/wp-json\/wp\/v2\/pages\/5612#wpcf7-f3496-o1\" method=\"post\" class=\"wpcf7-form init\" aria-label=\"Kapcsolatfelv\u00e9teli \u0171rlap\" novalidate=\"novalidate\" data-status=\"init\" data-trp-original-action=\"\/sk\/wp-json\/wp\/v2\/pages\/5612#wpcf7-f3496-o1\">\n<fieldset class=\"hidden-fields-container\"><input type=\"hidden\" name=\"_wpcf7\" value=\"3496\" \/><input type=\"hidden\" name=\"_wpcf7_version\" value=\"6.1.5\" \/><input type=\"hidden\" name=\"_wpcf7_locale\" value=\"hu_HU\" \/><input type=\"hidden\" name=\"_wpcf7_unit_tag\" value=\"wpcf7-f3496-o1\" \/><input type=\"hidden\" name=\"_wpcf7_container_post\" value=\"0\" \/><input type=\"hidden\" name=\"_wpcf7_posted_data_hash\" value=\"\" \/><input type=\"hidden\" name=\"_wpcf7cf_hidden_group_fields\" value=\"[]\" \/><input type=\"hidden\" name=\"_wpcf7cf_hidden_groups\" value=\"[]\" \/><input type=\"hidden\" name=\"_wpcf7cf_visible_groups\" value=\"[]\" \/><input type=\"hidden\" name=\"_wpcf7cf_repeaters\" value=\"[]\" \/><input type=\"hidden\" name=\"_wpcf7cf_steps\" value=\"{}\" \/><input type=\"hidden\" name=\"_wpcf7cf_options\" value=\"{&quot;form_id&quot;:3496,&quot;conditions&quot;:[],&quot;settings&quot;:{&quot;animation&quot;:&quot;yes&quot;,&quot;animation_intime&quot;:200,&quot;animation_outtime&quot;:200,&quot;conditions_ui&quot;:&quot;normal&quot;,&quot;notice_dismissed&quot;:false,&quot;notice_dismissed_rollback-cf7-5.8&quot;:true,&quot;notice_dismissed_rollback-cf7-5.8.2&quot;:true,&quot;notice_dismissed_rollback-cf7-5.8.3&quot;:true,&quot;notice_dismissed_rollback-cf7-5.8.5&quot;:true,&quot;notice_dismissed_rollback-cf7-5.9.3&quot;:true}}\" \/>\n<\/fieldset>\n<p><span class=\"number-input\"><span class=\"wpcf7-form-control-wrap\" data-name=\"surname\"><input size=\"40\" maxlength=\"400\" class=\"wpcf7-form-control wpcf7-text wpcf7-validates-as-required\" aria-required=\"true\" aria-invalid=\"false\" placeholder=\"Priezvisko\" value=\"\" type=\"text\" name=\"surname\" \/><\/span><br \/>\n<span class=\"wpcf7-form-control-wrap\" data-name=\"firstname\"><input size=\"40\" maxlength=\"400\" class=\"wpcf7-form-control wpcf7-text wpcf7-validates-as-required\" aria-required=\"true\" aria-invalid=\"false\" placeholder=\"Krstn\u00e9 meno\" value=\"\" type=\"text\" name=\"firstname\" \/><\/span><br \/>\n<label> E-mailov\u00e1 adresa<br \/>\n<span class=\"wpcf7-form-control-wrap\" data-name=\"your-email\"><input size=\"40\" maxlength=\"400\" class=\"wpcf7-form-control wpcf7-email wpcf7-validates-as-required wpcf7-text wpcf7-validates-as-email\" autocomplete=\"email\" aria-required=\"true\" aria-invalid=\"false\" value=\"\" type=\"email\" name=\"your-email\" \/><\/span> <\/label><br \/>\n<label>Pr\u00edchod <span class=\"wpcf7-form-control-wrap\" data-name=\"date\"><input class=\"wpcf7-form-control wpcf7-date wpcf7-validates-as-required wpcf7-validates-as-date\" aria-required=\"true\" aria-invalid=\"false\" value=\"\" type=\"date\" name=\"date\" \/><\/span><\/label><br \/>\n<label>Nechajte <span class=\"wpcf7-form-control-wrap\" data-name=\"enddate\"><input class=\"wpcf7-form-control wpcf7-date wpcf7-validates-as-required wpcf7-validates-as-date\" aria-required=\"true\" aria-invalid=\"false\" value=\"\" type=\"date\" name=\"enddate\" \/><\/span><\/label><br \/>\n<label>Po\u010det host\u00ed <span class=\"wpcf7-form-control-wrap\" data-name=\"number\"><input class=\"wpcf7-form-control wpcf7-number wpcf7-validates-as-required wpcf7-validates-as-number\" min=\"1\" max=\"99\" aria-required=\"true\" aria-invalid=\"false\" placeholder=\"1\" value=\"\" type=\"number\" name=\"number\" \/><\/span><\/label><\/span>\n<\/p>\n<p><label> Spr\u00e1va (nepovinn\u00e9)<br \/>\n<span class=\"wpcf7-form-control-wrap\" data-name=\"your-message\"><textarea cols=\"40\" rows=\"10\" maxlength=\"2000\" class=\"wpcf7-form-control wpcf7-textarea\" aria-invalid=\"false\" name=\"your-message\"><\/textarea><\/span> <\/label>\n<\/p>\n<p><span class=\"wpcf7-form-control-wrap\" data-name=\"acceptance-adatkezeles\"><span class=\"wpcf7-form-control wpcf7-acceptance\"><span class=\"wpcf7-list-item\"><label><input type=\"checkbox\" name=\"acceptance-adatkezeles\" value=\"1\" aria-invalid=\"false\" \/><span class=\"wpcf7-list-item-label\">Prij\u00edmam <a href=\"\/wp-content\/uploads\/2023\/07\/Anna_Grand_Hotel_Adatvedelmi_tajekoztato_v1_230725.pdf\" target=\"_blank\">v ozn\u00e1men\u00ed o ochrane osobn\u00fdch \u00fadajov<\/a> op\u00edsan\u00e9 v.<\/span><\/label><\/span><\/span><\/span>\n<\/p>\n<p><button class=\"btn btn-primary item_centered\" type=\"submit\">Odosielanie!<\/button>\n<\/p><input type='hidden' class='wpcf7-pum' value='{\"closepopup\":false,\"closedelay\":0,\"openpopup\":false,\"openpopup_id\":0}' \/><div class=\"wpcf7-response-output\" aria-hidden=\"true\"><\/div>\n<input type=\"hidden\" name=\"trp-form-language\" value=\"sk\"\/><\/form>\n<\/div>\n<\/div><\/div><\/div><\/div><div class=\"vc_row-full-width vc_clearfix\"><\/div>\n<\/div>","protected":false},"excerpt":{"rendered":"INHALE Inhale X Anna Grand Pilates T\u00e1bor m\u00e1jus 15\u201316\u201317. H\u00e1rom nap, ahol a mozg\u00e1s, a felt\u00f6lt\u0151d\u00e9s \u00e9s az elegancia tal\u00e1lkozik a Anna Grand Hotel falai k\u00f6z\u00f6tt. Az Inhale X Anna Grand Pilates T\u00e1bor egy k\u00fcl\u00f6nleges tavaszi elvonul\u00e1s, ahol a testi-lelki egyens\u00faly ker\u00fcl a k\u00f6z\u00e9ppontba. A programokat Vad\u00e1sz Bianka vezeti, aki inspir\u00e1l\u00f3, prec\u00edz \u00e9s lend\u00fcletes \u00f3r\u00e1ival [...]","protected":false},"author":1,"featured_media":5640,"parent":0,"menu_order":0,"comment_status":"closed","ping_status":"closed","template":"","meta":{"footnotes":""},"class_list":["post-5612","page","type-page","status-publish","has-post-thumbnail","hentry"],"aioseo_notices":[],"_links":{"self":[{"href":"https:\/\/annagrandhotel.hu\/sk\/wp-json\/wp\/v2\/pages\/5612","targetHints":{"allow":["GET"]}}],"collection":[{"href":"https:\/\/annagrandhotel.hu\/sk\/wp-json\/wp\/v2\/pages"}],"about":[{"href":"https:\/\/annagrandhotel.hu\/sk\/wp-json\/wp\/v2\/types\/page"}],"author":[{"embeddable":true,"href":"https:\/\/annagrandhotel.hu\/sk\/wp-json\/wp\/v2\/users\/1"}],"replies":[{"embeddable":true,"href":"https:\/\/annagrandhotel.hu\/sk\/wp-json\/wp\/v2\/comments?post=5612"}],"version-history":[{"count":27,"href":"https:\/\/annagrandhotel.hu\/sk\/wp-json\/wp\/v2\/pages\/5612\/revisions"}],"predecessor-version":[{"id":5641,"href":"https:\/\/annagrandhotel.hu\/sk\/wp-json\/wp\/v2\/pages\/5612\/revisions\/5641"}],"wp:featuredmedia":[{"embeddable":true,"href":"https:\/\/annagrandhotel.hu\/sk\/wp-json\/wp\/v2\/media\/5640"}],"wp:attachment":[{"href":"https:\/\/annagrandhotel.hu\/sk\/wp-json\/wp\/v2\/media?parent=5612"}],"curies":[{"name":"wp","href":"https:\/\/api.w.org\/{rel}","templated":true}]}}