{"id":5287,"date":"2025-12-16T11:52:10","date_gmt":"2025-12-16T10:52:10","guid":{"rendered":"https:\/\/annagrandhotel.hu\/?page_id=5287"},"modified":"2026-04-28T15:49:23","modified_gmt":"2026-04-28T13:49:23","slug":"casnik","status":"publish","type":"page","link":"https:\/\/annagrandhotel.hu\/sk\/felszolgalo\/","title":{"rendered":"Predava\u010d"},"content":{"rendered":"<div class=\"wpb-content-wrapper\"><div class=\"vc_row wpb_row vc_row-fluid vc_custom_1721398731438 vc_row-has-fill\"><div class=\"wpb_column vc_column_container vc_col-sm-12\"><div class=\"vc_column-inner\"><div class=\"wpb_wrapper\">\n\t<div  class=\"wpb_single_image wpb_content_element vc_align_center\">\n\t\t\n\t\t<figure class=\"wpb_wrapper vc_figure\">\n\t\t\t<div class=\"vc_single_image-wrapper   vc_box_border_grey\"><img loading=\"lazy\" decoding=\"async\" width=\"250\" height=\"130\" src=\"https:\/\/annagrandhotel.hu\/wp-content\/uploads\/2023\/11\/Anna-Grand-Hotel-logo_weboldal.webp\" class=\"vc_single_image-img attachment-full\" alt=\"\" title=\"Anna Grand Hotel logo_website\" srcset=\"https:\/\/annagrandhotel.hu\/wp-content\/uploads\/2023\/11\/Anna-Grand-Hotel-logo_weboldal.webp 250w, https:\/\/annagrandhotel.hu\/wp-content\/uploads\/2023\/11\/Anna-Grand-Hotel-logo_weboldal-18x9.webp 18w\" sizes=\"auto, (max-width: 250px) 100vw, 250px\" \/><\/div>\n\t\t<\/figure>\n\t<\/div>\n\n\t<div  class=\"wpb_single_image wpb_content_element vc_align_left\">\n\t\t\n\t\t<figure class=\"wpb_wrapper vc_figure\">\n\t\t\t<div class=\"vc_single_image-wrapper   vc_box_border_grey\"><img loading=\"lazy\" decoding=\"async\" width=\"1003\" height=\"11\" src=\"https:\/\/annagrandhotel.hu\/wp-content\/uploads\/2023\/11\/Anna-Grand-Hotel-elvalaszto.webp\" class=\"vc_single_image-img attachment-full\" alt=\"\" title=\"Anna Grand Hotel rozde\u013eova\u010d\" srcset=\"https:\/\/annagrandhotel.hu\/wp-content\/uploads\/2023\/11\/Anna-Grand-Hotel-elvalaszto.webp 1003w, https:\/\/annagrandhotel.hu\/wp-content\/uploads\/2023\/11\/Anna-Grand-Hotel-elvalaszto-300x3.webp 300w, https:\/\/annagrandhotel.hu\/wp-content\/uploads\/2023\/11\/Anna-Grand-Hotel-elvalaszto-768x8.webp 768w, https:\/\/annagrandhotel.hu\/wp-content\/uploads\/2023\/11\/Anna-Grand-Hotel-elvalaszto-18x1.webp 18w\" sizes=\"auto, (max-width: 1003px) 100vw, 1003px\" \/><\/div>\n\t\t<\/figure>\n\t<\/div>\n<div class=\"heading_group_sc wpb_content_element subtitle_bottom    text-center\">\n\n\n    <h3>Predava\u010d<\/h3>\n\n\n        <span class=\"subtitle\"><\/span>\n\n<\/div><\/div><\/div><\/div><\/div><div class=\"vc_row wpb_row vc_row-fluid vc_custom_1721400433935 vc_row-has-fill\"><div class=\"wpb_column vc_column_container vc_col-sm-8 vc_hidden-sm vc_hidden-xs\"><div class=\"vc_column-inner\"><div class=\"wpb_wrapper\"><div class=\"heading_group_sc wpb_content_element subtitle_bottom    text-left\">\n\n\n    <p><strong>\u010co pon\u00fakame na\u0161im bud\u00facim \u010dlenom t\u00edmu v na\u0161om celoro\u010dnom hoteli:<\/strong><\/p>\n<ul>\n<li style=\"font-weight: 400;\" aria-level=\"1\"><span style=\"font-weight: 400;\">Dlhodob\u00e1 pracovn\u00e1 ponuka s 8-hodinov\u00fdm prihl\u00e1sen\u00edm<\/span><\/li>\n<li style=\"font-weight: 400;\" aria-level=\"1\"><span style=\"font-weight: 400;\">Pr\u00edspevok na cestovanie do pr\u00e1ce a zo zamestnania<\/span><\/li>\n<li style=\"font-weight: 400;\" aria-level=\"1\"><span style=\"font-weight: 400;\">Konkuren\u010dn\u00fd plat<\/span><\/li>\n<li style=\"font-weight: 400;\" aria-level=\"1\"><span style=\"font-weight: 400;\">Pl\u00e1novate\u013en\u00fd rozvrh<\/span><\/li>\n<li style=\"font-weight: 400;\" aria-level=\"1\"><span style=\"font-weight: 400;\">Jedno tepl\u00e9 jedlo po\u010das pracovn\u00fdch dn\u00ed<\/span><\/li>\n<li style=\"font-weight: 400;\" aria-level=\"1\"><span style=\"font-weight: 400;\">Exkluz\u00edvne jednotn\u00e9 pracovn\u00e9 oble\u010denie vhodn\u00e9 pre hotel<\/span><\/li>\n<li style=\"font-weight: 400;\" aria-level=\"1\"><span style=\"font-weight: 400;\">Dynamick\u00fd t\u00edm a elegantn\u00e9 pracovn\u00e9 prostredie<\/span><\/li>\n<\/ul>\n<p><strong>Pracovn\u00e9 povinnosti:<\/strong><\/p>\n<ul>\n<li style=\"font-weight: 400;\" aria-level=\"1\"><span style=\"font-weight: 400;\">Poskytovanie vysokokvalitn\u00fdch slu\u017eieb hos\u0165om hotela<\/span><\/li>\n<li style=\"font-weight: 400;\" aria-level=\"1\"><span style=\"font-weight: 400;\">Prij\u00edmanie objedn\u00e1vok jed\u00e1l a n\u00e1pojov<\/span><\/li>\n<li style=\"font-weight: 400;\" aria-level=\"1\"><span style=\"font-weight: 400;\">Znalos\u0165 jed\u00e1lneho a n\u00e1pojov\u00e9ho l\u00edstka<\/span><\/li>\n<li style=\"font-weight: 400;\" aria-level=\"1\"><span style=\"font-weight: 400;\">Obsluha v re\u0161taur\u00e1cii a na podujatiach<\/span><\/li>\n<li style=\"font-weight: 400;\" aria-level=\"1\"><span style=\"font-weight: 400;\">Dodr\u017eiavanie hygienick\u00fdch pravidiel<\/span><\/li>\n<\/ul>\n<p><strong>\u010co o\u010dak\u00e1vame od n\u00e1\u0161ho bud\u00faceho kolegu:<\/strong><\/p>\n<ul>\n<li style=\"font-weight: 400;\" aria-level=\"1\"><span style=\"font-weight: 400;\">Minim\u00e1lna 1-3 ro\u010dn\u00e1 odborn\u00e1 prax na poz\u00edcii \u010da\u0161n\u00edk\/serv\u00edrka<\/span><\/li>\n<li style=\"font-weight: 400;\" aria-level=\"1\"><span style=\"font-weight: 400;\">Pr\u00edstup zameran\u00fd na host\u00ed<\/span><\/li>\n<li style=\"font-weight: 400;\" aria-level=\"1\"><span style=\"font-weight: 400;\">Spo\u013eahlivos\u0165, samostatnos\u0165<\/span><\/li>\n<li style=\"font-weight: 400;\" aria-level=\"1\"><span style=\"font-weight: 400;\">Stredne pokro\u010dil\u00e1 znalos\u0165 angli\u010dtiny<\/span><\/li>\n<li style=\"font-weight: 400;\" aria-level=\"1\"><span style=\"font-weight: 400;\">\u010eal\u0161ie jazykov\u00e9 znalosti s\u00fa v\u00fdhodou, ale nevy\u017eaduj\u00fa sa<\/span><\/li>\n<\/ul>\n\n\n        <span class=\"subtitle\"><\/span>\n\n<\/div><div class=\"heading_group_sc wpb_content_element subtitle_bottom   vc_custom_1721398658854  text-left\">\n\n\n    <p><span style=\"font-weight: 400;\">Svoj \u017eivotopis s fotografiou a n\u00e1zvom poz\u00edcie po\u0161lite na adresu. <\/span><a href=\"mailto:hr@annagrandhotel.hu\"><span style=\"font-weight: 400;\">hr@annagrandhotel.hu<\/span><\/a><span style=\"font-weight: 400;\"> na t\u00fato adresu.<\/span><\/p>\n\n\n        <span class=\"subtitle\"><\/span>\n\n<\/div><\/div><\/div><\/div><div class=\"wpb_column vc_column_container vc_col-sm-4 vc_hidden-sm vc_hidden-xs vc_col-has-fill\"><div class=\"vc_column-inner vc_custom_1721399820124\"><div class=\"wpb_wrapper\"><div class=\"heading_group_sc wpb_content_element subtitle_bottom   vc_custom_1777382219203  text-left\">\n\n\n    <p><strong>Oddelenie:<\/strong><br \/>\nRe\u0161taur\u00e1cia<\/p>\n\n\n        <span class=\"subtitle\"><\/span>\n\n<\/div><div class=\"heading_group_sc wpb_content_element subtitle_bottom   vc_custom_1747113186951  text-left\">\n\n\n    <p><strong>Typ zamestnania:<\/strong><br \/>\nNa pln\u00fd \u00fav\u00e4zok<\/p>\n\n\n        <span class=\"subtitle\"><\/span>\n\n<\/div><div class=\"heading_group_sc wpb_content_element subtitle_bottom   vc_custom_1721398658854  text-left\">\n\n\n    <p><span style=\"font-weight: 400;\">Svoj \u017eivotopis s fotografiou a n\u00e1zvom poz\u00edcie po\u0161lite na adresu. <\/span><a href=\"mailto:hr@annagrandhotel.hu\"><span style=\"font-weight: 400;\">hr@annagrandhotel.hu<\/span><\/a><span style=\"font-weight: 400;\"> na t\u00fato adresu.<\/span><\/p>\n\n\n        <span class=\"subtitle\"><\/span>\n\n<\/div><\/div><\/div><\/div><\/div><div class=\"vc_row wpb_row vc_row-fluid vc_custom_1721398759166 vc_row-has-fill\"><div class=\"wpb_column vc_column_container vc_col-sm-4 vc_hidden-lg vc_hidden-md vc_col-has-fill\"><div class=\"vc_column-inner vc_custom_1721399772512\"><div class=\"wpb_wrapper\"><div class=\"heading_group_sc wpb_content_element subtitle_bottom   vc_custom_1777384063735  text-left\">\n\n\n    <p><strong>Oddelenie:<\/strong><br \/>\nRe\u0161taur\u00e1cia<\/p>\n\n\n        <span class=\"subtitle\"><\/span>\n\n<\/div><div class=\"heading_group_sc wpb_content_element subtitle_bottom   vc_custom_1721398612383  text-left\">\n\n\n    <p><strong>Typ zamestnania:<\/strong><br \/>\nNa pln\u00fd \u00fav\u00e4zok<\/p>\n\n\n        <span class=\"subtitle\"><\/span>\n\n<\/div><div class=\"heading_group_sc wpb_content_element subtitle_bottom   vc_custom_1721398658854  text-left\">\n\n\n    <p><span style=\"font-weight: 400;\">Svoj \u017eivotopis s fotografiou a n\u00e1zvom poz\u00edcie po\u0161lite na adresu. <\/span><a href=\"mailto:hr@annagrandhotel.hu\"><span style=\"font-weight: 400;\">hr@annagrandhotel.hu<\/span><\/a><span style=\"font-weight: 400;\"> na t\u00fato adresu.<\/span><\/p>\n\n\n        <span class=\"subtitle\"><\/span>\n\n<\/div><div class=\"plethora_button wpb_content_element   text-left\">\n    <a href=\"mailto:hr@annagrandhotel.hu\" class=\"btn btn-secondary\" title=\"\"  target=\"_blank\">\n\n        \n        Prihl\u00e1\u0161ku podajte na\n        \n\n    <\/a>\n<\/div><\/div><\/div><\/div><div class=\"wpb_column vc_column_container vc_col-sm-8 vc_hidden-lg vc_hidden-md\"><div class=\"vc_column-inner\"><div class=\"wpb_wrapper\"><div class=\"heading_group_sc wpb_content_element subtitle_bottom    text-left\">\n\n\n    <p><strong>\u010co pon\u00fakame na\u0161im bud\u00facim \u010dlenom t\u00edmu v na\u0161om celoro\u010dnom hoteli:<\/strong><\/p>\n<ul>\n<li style=\"font-weight: 400;\" aria-level=\"1\"><span style=\"font-weight: 400;\">Dlhodob\u00e1 pracovn\u00e1 ponuka s 8-hodinov\u00fdm prihl\u00e1sen\u00edm<\/span><\/li>\n<li style=\"font-weight: 400;\" aria-level=\"1\"><span style=\"font-weight: 400;\">Pr\u00edspevok na cestovanie do pr\u00e1ce a zo zamestnania<\/span><\/li>\n<li style=\"font-weight: 400;\" aria-level=\"1\"><span style=\"font-weight: 400;\">Konkuren\u010dn\u00fd plat<\/span><\/li>\n<li style=\"font-weight: 400;\" aria-level=\"1\"><span style=\"font-weight: 400;\">Pl\u00e1novate\u013en\u00fd rozvrh<\/span><\/li>\n<li style=\"font-weight: 400;\" aria-level=\"1\"><span style=\"font-weight: 400;\">Jedno tepl\u00e9 jedlo po\u010das pracovn\u00fdch dn\u00ed<\/span><\/li>\n<li style=\"font-weight: 400;\" aria-level=\"1\"><span style=\"font-weight: 400;\">Exkluz\u00edvne jednotn\u00e9 pracovn\u00e9 oble\u010denie vhodn\u00e9 pre hotel<\/span><\/li>\n<li style=\"font-weight: 400;\" aria-level=\"1\"><span style=\"font-weight: 400;\">Dynamick\u00fd t\u00edm a elegantn\u00e9 pracovn\u00e9 prostredie<\/span><\/li>\n<\/ul>\n<p><strong>Pracovn\u00e9 povinnosti:<\/strong><\/p>\n<ul>\n<li style=\"font-weight: 400;\" aria-level=\"1\"><span style=\"font-weight: 400;\">Poskytovanie vysokokvalitn\u00fdch slu\u017eieb hos\u0165om hotela<\/span><\/li>\n<li style=\"font-weight: 400;\" aria-level=\"1\"><span style=\"font-weight: 400;\">Prij\u00edmanie objedn\u00e1vok jed\u00e1l a n\u00e1pojov<\/span><\/li>\n<li style=\"font-weight: 400;\" aria-level=\"1\"><span style=\"font-weight: 400;\">Znalos\u0165 jed\u00e1lneho a n\u00e1pojov\u00e9ho l\u00edstka<\/span><\/li>\n<li style=\"font-weight: 400;\" aria-level=\"1\"><span style=\"font-weight: 400;\">Obsluha v re\u0161taur\u00e1cii a na podujatiach<\/span><\/li>\n<li style=\"font-weight: 400;\" aria-level=\"1\"><span style=\"font-weight: 400;\">Dodr\u017eiavanie hygienick\u00fdch pravidiel<\/span><\/li>\n<\/ul>\n<p><strong>\u010co o\u010dak\u00e1vame od n\u00e1\u0161ho bud\u00faceho kolegu:<\/strong><\/p>\n<ul>\n<li style=\"font-weight: 400;\" aria-level=\"1\"><span style=\"font-weight: 400;\">Minim\u00e1lna 1-3 ro\u010dn\u00e1 odborn\u00e1 prax na poz\u00edcii \u010da\u0161n\u00edk\/serv\u00edrka<\/span><\/li>\n<li style=\"font-weight: 400;\" aria-level=\"1\"><span style=\"font-weight: 400;\">Pr\u00edstup zameran\u00fd na host\u00ed<\/span><\/li>\n<li style=\"font-weight: 400;\" aria-level=\"1\"><span style=\"font-weight: 400;\">Spo\u013eahlivos\u0165, samostatnos\u0165<\/span><\/li>\n<li style=\"font-weight: 400;\" aria-level=\"1\"><span style=\"font-weight: 400;\">Stredne pokro\u010dil\u00e1 znalos\u0165 angli\u010dtiny<\/span><\/li>\n<li style=\"font-weight: 400;\" aria-level=\"1\"><span style=\"font-weight: 400;\">\u010eal\u0161ie jazykov\u00e9 znalosti s\u00fa v\u00fdhodou, ale nevy\u017eaduj\u00fa sa<\/span><\/li>\n<\/ul>\n\n\n        <span class=\"subtitle\"><\/span>\n\n<\/div><div class=\"heading_group_sc wpb_content_element subtitle_bottom   vc_custom_1721398658854  text-left\">\n\n\n    <p><span style=\"font-weight: 400;\">Svoj \u017eivotopis s fotografiou a n\u00e1zvom poz\u00edcie po\u0161lite na adresu. <\/span><a href=\"mailto:hr@annagrandhotel.hu\"><span style=\"font-weight: 400;\">hr@annagrandhotel.hu<\/span><\/a><span style=\"font-weight: 400;\"> na t\u00fato adresu.<\/span><\/p>\n\n\n        <span class=\"subtitle\"><\/span>\n\n<\/div><div class=\"plethora_button wpb_content_element   text-left\">\n    <a href=\"mailto:hr@annagrandhotel.hu\" class=\"btn btn-secondary\" title=\"\"  target=\"_blank\">\n\n        \n        Prihl\u00e1\u0161ku podajte na\n        \n\n    <\/a>\n<\/div><\/div><\/div><\/div><\/div>\n<\/div>","protected":false},"excerpt":{"rendered":"Felszolg\u00e1l\u00f3 Amit k\u00edn\u00e1lunk leend\u0151 csapattagunknak eg\u00e9sz \u00e9vben \u00fczemel\u0151 sz\u00e1llod\u00e1nkban: Hossz\u00fa t\u00e1v\u00fa munkalehet\u0151s\u00e9g, 8 \u00f3r\u00e1s bejelent\u00e9ssel Munkahely \u00e9s lak\u00f3hely k\u00f6z\u00f6tti utaz\u00e1si t\u00e1mogat\u00e1s Versenyk\u00e9pes fizet\u00e9s Tervezhet\u0151 beoszt\u00e1s Munkanapokon egyszeri meleg \u00e9tkez\u00e9s Exkluz\u00edv sz\u00e1llod\u00e1hoz ill\u0151, egys\u00e9ges munkaruh\u00e1zat Lend\u00fcletes csapat \u00e9s eleg\u00e1ns munkak\u00f6rnyezet Munkak\u00f6ri feladatok: Sz\u00e1lloda vend\u00e9geinek magas sz\u00ednvonal\u00fa kiszolg\u00e1l\u00e1sa \u00c9telek \u00e9s italok rendel\u00e9s\u00e9nek felv\u00e9tele \u00c9tlap \u00e9s itallap ismerete [...]","protected":false},"author":1,"featured_media":0,"parent":0,"menu_order":0,"comment_status":"closed","ping_status":"closed","template":"","meta":{"footnotes":""},"class_list":["post-5287","page","type-page","status-publish","hentry"],"aioseo_notices":[],"_links":{"self":[{"href":"https:\/\/annagrandhotel.hu\/sk\/wp-json\/wp\/v2\/pages\/5287","targetHints":{"allow":["GET"]}}],"collection":[{"href":"https:\/\/annagrandhotel.hu\/sk\/wp-json\/wp\/v2\/pages"}],"about":[{"href":"https:\/\/annagrandhotel.hu\/sk\/wp-json\/wp\/v2\/types\/page"}],"author":[{"embeddable":true,"href":"https:\/\/annagrandhotel.hu\/sk\/wp-json\/wp\/v2\/users\/1"}],"replies":[{"embeddable":true,"href":"https:\/\/annagrandhotel.hu\/sk\/wp-json\/wp\/v2\/comments?post=5287"}],"version-history":[{"count":6,"href":"https:\/\/annagrandhotel.hu\/sk\/wp-json\/wp\/v2\/pages\/5287\/revisions"}],"predecessor-version":[{"id":5782,"href":"https:\/\/annagrandhotel.hu\/sk\/wp-json\/wp\/v2\/pages\/5287\/revisions\/5782"}],"wp:attachment":[{"href":"https:\/\/annagrandhotel.hu\/sk\/wp-json\/wp\/v2\/media?parent=5287"}],"curies":[{"name":"wp","href":"https:\/\/api.w.org\/{rel}","templated":true}]}}