{"id":52,"date":"2016-11-24T18:11:23","date_gmt":"2016-11-24T18:11:23","guid":{"rendered":"http:\/\/plethorathemes.com\/hotel-xenia\/?page_id=52"},"modified":"2026-01-06T14:56:11","modified_gmt":"2026-01-06T13:56:11","slug":"anna-spa","status":"publish","type":"page","link":"https:\/\/annagrandhotel.hu\/sk\/anna-spa\/","title":{"rendered":"Anna SPA"},"content":{"rendered":"<div class=\"wpb-content-wrapper\"><div class=\"vc_row wpb_row vc_row-fluid vc_custom_1717174072581 padding_bottom_none\"><div class=\"wpb_column vc_column_container vc_col-sm-12\"><div class=\"vc_column-inner\"><div class=\"wpb_wrapper\"><div class=\"heading_group_sc wpb_content_element subtitle_bottom    text-center\">\n        <div class=\"background_title\">K\u013d\u00da\u010cOV\u00c9 SLOV\u00c1<\/div>\n\n\n    <h2>OBNOVEN\u00c9 K\u00daPELE ANNA<\/h2>\n<div id=\"gtx-trans\" style=\"position: absolute; left: -29px; top: -4.09375px;\">\n<div class=\"gtx-trans-icon\"><\/div>\n<\/div>\n\n\n        <span class=\"subtitle\">POKOJ A OMLADENIE KA\u017dD\u00dd DE\u0147 OD 8:00 DO 20:00<\/span>\n\n<\/div><\/div><\/div><\/div><\/div><div class=\"vc_row wpb_row vc_row-fluid vc_custom_1717174051366 padding_bottom_none\"><div class=\"wpb_column vc_column_container vc_col-sm-8 vc_col-sm-offset-2\"><div class=\"vc_column-inner\"><div class=\"wpb_wrapper\">\n\t<div class=\"wpb_text_column wpb_content_element  vc_custom_1767707744579\" >\n\t\t<div class=\"wpb_wrapper\">\n\t\t\t<div class=\"list-item\" style=\"display: flex; justify-content: space-between; width: 100%;\"><span class=\"list-left\" style=\"flex: 1; text-align: left;\">Celodenn\u00e1 permanentka<\/span><br \/>\n<span class=\"list-right\" style=\"flex: 1; text-align: right;\">11.000 Ft<\/span><\/div>\n<div class=\"list-item\" style=\"display: flex; justify-content: space-between; width: 100%;\"><\/div>\n\n\t\t<\/div>\n\t<\/div>\n\n\t<div class=\"wpb_text_column wpb_content_element  vc_custom_1767707671433\" >\n\t\t<div class=\"wpb_wrapper\">\n\t\t\t<div><em>Hostia bez akt\u00edvnej rezerv\u00e1cie m\u00f4\u017eu nav\u0161t\u00edvi\u0165 k\u00fapele Anna Spa od nedele do \u0161tvrtka pod\u013ea dostupnosti.<\/em><\/div>\n<div class=\"list-item\" style=\"display: flex; justify-content: space-between; width: 100%;\"><\/div>\n\n\t\t<\/div>\n\t<\/div>\n<\/div><\/div><\/div><\/div><div class=\"vc_row wpb_row vc_row-fluid vc_custom_1717174096161 padding_bottom_none\"><div class=\"wpb_column vc_column_container vc_col-sm-12\"><div class=\"vc_column-inner\"><div class=\"wpb_wrapper\"><div class=\"ple_anypostloop_shortcode wpb_content_element\"><div id=\"grid_5859199536081\" class=\"grid_wrapper row clearfix  services_grid_classic_vertical_wrapper\">\n        <div class=\"services_grid_item grid_item services_list_item grid_sizer col-xs-12 grid_sizer col-md-6 col-sm-6  kezelesek\" >\n                <div class=\"services_grid_item_photo\">\n                        <a href=\"https:\/\/annagrandhotel.hu\/sk\/service\/wellness-es-fitness\/\" title=\"WELLNESS A FITNES\" target=\"_parent\" class=\"\">\n                        \n                        <img decoding=\"async\" src=\"https:\/\/annagrandhotel.hu\/wp-content\/uploads\/2023\/10\/Anna-Spa.webp\" alt=\"WELLNESS A FITNES\">\n                        \n                        <\/a>\n                <\/div>\n\n                <div class=\"services_grid_item_content\">\n                        <h3 class=\"textify_links\"><a href=\"https:\/\/annagrandhotel.hu\/sk\/service\/wellness-es-fitness\/\" title=\"WELLNESS A FITNES\" target=\"_parent\" class=\"\">WELLNESS A FITNES<\/a><\/h3>\n                        \n                        <p class=\"excerpt\">\u010ci u\u017e h\u013ead\u00e1te relax alebo akt\u00edvny odpo\u010dinok, wellness centrum Anna Spa s baz\u00e9nmi, saunami a \u010fal\u0161\u00edmi relaxa\u010dn\u00fdmi zariadeniami, ako aj modern\u00e9 technogym stroje vo fitnescentre uspokoja \u0161irok\u00fa \u0161k\u00e1lu potrieb.<\/p>\n\n\n                        <a href=\"https:\/\/annagrandhotel.hu\/sk\/service\/wellness-es-fitness\/\" title=\"WELLNESS A FITNES\" target=\"_parent\" class=\"btn btn-primary\">PODROBNOSTI<\/a>\n                <\/div>\n\n        <\/div>\n        <div class=\"services_grid_item grid_item services_list_item grid_sizer col-xs-12 grid_sizer col-md-6 col-sm-6  kezelesek\" >\n                <div class=\"services_grid_item_photo\">\n                        <a href=\"https:\/\/annagrandhotel.hu\/sk\/service\/frissito-masszazsok\/\" title=\"OSVIE\u017dUJ\u00daCE MAS\u00c1\u017dE\" target=\"_parent\" class=\"\">\n                        \n                        <img decoding=\"async\" src=\"https:\/\/annagrandhotel.hu\/wp-content\/uploads\/2023\/10\/Anna-Spa-frissito-masszazs.webp\" alt=\"OSVIE\u017dUJ\u00daCE MAS\u00c1\u017dE\">\n                        \n                        <\/a>\n                <\/div>\n\n                <div class=\"services_grid_item_content\">\n                        <h3 class=\"textify_links\"><a href=\"https:\/\/annagrandhotel.hu\/sk\/service\/frissito-masszazsok\/\" title=\"OSVIE\u017dUJ\u00daCE MAS\u00c1\u017dE\" target=\"_parent\" class=\"\">OSVIE\u017dUJ\u00daCE MAS\u00c1\u017dE<\/a><\/h3>\n                        \n                        <p class=\"excerpt\">Osvie\u017ete sa fyzicky aj du\u0161evne pri na\u0161ich rozmazn\u00e1vaj\u00facich mas\u00e1\u017each s pou\u017eit\u00edm organick\u00fdch olejov lisovan\u00fdch za studena a mas\u00e1\u017enych pr\u00edpravkov.<\/p>\n\n\n                        <a href=\"https:\/\/annagrandhotel.hu\/sk\/service\/frissito-masszazsok\/\" title=\"OSVIE\u017dUJ\u00daCE MAS\u00c1\u017dE\" target=\"_parent\" class=\"btn btn-primary\">PODROBNOSTI<\/a>\n                <\/div>\n\n        <\/div>\n        <div class=\"services_grid_item grid_item services_list_item grid_sizer col-xs-12 grid_sizer col-md-6 col-sm-6  kezelesek\" >\n                <div class=\"services_grid_item_photo\">\n                        <a href=\"https:\/\/annagrandhotel.hu\/sk\/service\/thalion-kezelesek\/\" title=\"LIE\u010cBA TALIONOM\" target=\"_parent\" class=\"\">\n                        \n                        <img decoding=\"async\" src=\"https:\/\/annagrandhotel.hu\/wp-content\/uploads\/2023\/10\/Thalion-kezeles.webp\" alt=\"LIE\u010cBA TALIONOM\">\n                        \n                        <\/a>\n                <\/div>\n\n                <div class=\"services_grid_item_content\">\n                        <h3 class=\"textify_links\"><a href=\"https:\/\/annagrandhotel.hu\/sk\/service\/thalion-kezelesek\/\" title=\"LIE\u010cBA TALIONOM\" target=\"_parent\" class=\"\">LIE\u010cBA TALIONOM<\/a><\/h3>\n                        \n                        <p class=\"excerpt\">O\u0161etrenia Thalion na zachovanie a udr\u017eanie va\u0161ej kr\u00e1sy. Produkty Thalion vyroben\u00e9 z vysoko kvalitn\u00fdch a \u010dist\u00fdch zlo\u017eiek prispievaj\u00fa k zv\u00fd\u0161en\u00e9mu pr\u00edsunu kysl\u00edka do tela, \u010do podporuje du\u0161evn\u00fa a fyzick\u00fa v\u00fdkonnos\u0165.<\/p>\n\n\n                        <a href=\"https:\/\/annagrandhotel.hu\/sk\/service\/thalion-kezelesek\/\" title=\"LIE\u010cBA TALIONOM\" target=\"_parent\" class=\"btn btn-primary\">PODROBNOSTI<\/a>\n                <\/div>\n\n        <\/div>\n<\/div><\/div><\/div><\/div><\/div><\/div><div data-vc-full-width=\"true\" data-vc-full-width-init=\"false\" class=\"vc_row wpb_row vc_row-fluid black_section transparent_film\"><div class=\"wpb_column vc_column_container vc_col-sm-8 vc_col-sm-offset-2\"><div class=\"vc_column-inner\"><div class=\"wpb_wrapper\"><div class=\"heading_group_sc wpb_content_element subtitle_bottom    text-center\">\n\n\n    <h2>FYZICK\u00c9 A DU\u0160EVN\u00c9 OSVIE\u017dENIE<\/h2>\n\n\n        <span class=\"subtitle\"><\/span>\n\n<\/div>\n\t<div class=\"wpb_text_column wpb_content_element\" >\n\t\t<div class=\"wpb_wrapper\">\n\t\t\t<p style=\"text-align: center;\">Na\u0161e slu\u017eby s\u00fa ur\u010den\u00e9 na \u00fapln\u00e9 fyzick\u00e9 a duchovn\u00e9 omladenie na\u0161ich host\u00ed s pomocou vynikaj\u00facich odborn\u00edkov. Pre \u010do najv\u00e4\u010d\u0161ie pohodlie je mo\u017en\u00e9 n\u00e1\u0161 proces rezerv\u00e1cie zjednodu\u0161i\u0165 a zbavi\u0165 stresu aj prostredn\u00edctvom na\u0161ej online rezerva\u010dnej platformy.<\/p>\n\n\t\t<\/div>\n\t<\/div>\n<div class=\"plethora_button wpb_content_element   text-center\">\n    <a href=\"#\" class=\"btn btn-white\" title=\"\"  target=\"_self\">\n\n        \n        REZERV\u00c1CIA U\u017d \u010cOSKORO\n        \n\n    <\/a>\n<\/div><\/div><\/div><\/div><\/div><div class=\"vc_row-full-width vc_clearfix\"><\/div>\n<\/div>","protected":false},"excerpt":{"rendered":"Thalion arckezel\u00e9sek Sz\u00e9ps\u00e9g meger\u0151s\u00edt\u00e9se arckezel\u00e9s Hidrat\u00e1l\u00f3 \u00e9s felt\u00f6lt\u0151 kezel\u00e9s, a ragyog\u00f3 b\u0151r\u00e9rt 30 perc k\u00e9nyeztet\u00e9s a t\u00f6k\u00e9letes sz\u00e9ps\u00e9g\u00e9rt! 20.800 Ft \/30 perc Hydra-Mineral arckzel\u00e9s \u201eThalassoter\u00e1pia\u201d az arcnak: a tengeri miner\u00e1li\u00e1k k\u00fcl\u00f6nleges hidrat\u00e1lts\u00e1got \u00e9s felt\u00f6lt\u0151d\u00e9st biztos\u00edtanak\u00a0arcb\u0151r\u00e9nek. 38.800 Ft \/ 60 perc Thalion testkezel\u00e9sek Tengeri boldogs\u00e1g massz\u00e1zs Az utaz\u00e1s az illat kiv\u00e1laszt\u00e1s\u00e1val kezd\u0151dik: a meleg elb\u0171v\u00f6l\u0151 tiar\u00e9 [...]","protected":false},"author":1,"featured_media":2440,"parent":0,"menu_order":0,"comment_status":"closed","ping_status":"closed","template":"","meta":{"footnotes":""},"class_list":["post-52","page","type-page","status-publish","has-post-thumbnail","hentry"],"aioseo_notices":[],"_links":{"self":[{"href":"https:\/\/annagrandhotel.hu\/sk\/wp-json\/wp\/v2\/pages\/52","targetHints":{"allow":["GET"]}}],"collection":[{"href":"https:\/\/annagrandhotel.hu\/sk\/wp-json\/wp\/v2\/pages"}],"about":[{"href":"https:\/\/annagrandhotel.hu\/sk\/wp-json\/wp\/v2\/types\/page"}],"author":[{"embeddable":true,"href":"https:\/\/annagrandhotel.hu\/sk\/wp-json\/wp\/v2\/users\/1"}],"replies":[{"embeddable":true,"href":"https:\/\/annagrandhotel.hu\/sk\/wp-json\/wp\/v2\/comments?post=52"}],"version-history":[{"count":33,"href":"https:\/\/annagrandhotel.hu\/sk\/wp-json\/wp\/v2\/pages\/52\/revisions"}],"predecessor-version":[{"id":5400,"href":"https:\/\/annagrandhotel.hu\/sk\/wp-json\/wp\/v2\/pages\/52\/revisions\/5400"}],"wp:featuredmedia":[{"embeddable":true,"href":"https:\/\/annagrandhotel.hu\/sk\/wp-json\/wp\/v2\/media\/2440"}],"wp:attachment":[{"href":"https:\/\/annagrandhotel.hu\/sk\/wp-json\/wp\/v2\/media?parent=52"}],"curies":[{"name":"wp","href":"https:\/\/api.w.org\/{rel}","templated":true}]}}