{"id":50,"date":"2016-11-24T18:11:06","date_gmt":"2016-11-24T18:11:06","guid":{"rendered":"http:\/\/plethorathemes.com\/hotel-xenia\/?page_id=50"},"modified":"2026-03-17T08:44:27","modified_gmt":"2026-03-17T07:44:27","slug":"kariera","status":"publish","type":"page","link":"https:\/\/annagrandhotel.hu\/sk\/karrier\/","title":{"rendered":"Kari\u00e9ra"},"content":{"rendered":"<div class=\"wpb-content-wrapper\"><div data-vc-full-width=\"true\" data-vc-full-width-init=\"false\" class=\"vc_row wpb_row vc_row-fluid vc_custom_1488370312297 vc_row-has-fill padding_bottom_none\"><div class=\"wpb_column vc_column_container vc_col-sm-12\"><div class=\"vc_column-inner\"><div class=\"wpb_wrapper\"><div class=\"heading_group_sc wpb_content_element subtitle_bottom    text-center\">\n\n\n    <h2>Pre\u010do je dobr\u00e9 pracova\u0165 pre n\u00e1s<\/h2>\n\n\n        <span class=\"subtitle\">vysoko prest\u00ed\u017ene pracovisko<\/span>\n\n<\/div><\/div><\/div><\/div><\/div><div class=\"vc_row-full-width vc_clearfix\"><\/div><div data-vc-full-width=\"true\" data-vc-full-width-init=\"false\" class=\"vc_row wpb_row vc_row-fluid vc_custom_1488370320895 vc_row-has-fill white_section padding_top_none\"><div class=\"wpb_column vc_column_container vc_col-sm-4\"><div class=\"vc_column-inner\"><div class=\"wpb_wrapper\"><!-- ========================== TEASER BOX ==========================-->\n\n<div class=\"teaser_box wpb_content_element  vertical text-center      with_image\">\n\n  <div class=\"figure with_image\">\n\n\n\n        \n        \n        \n         <img decoding=\"async\" src=\"https:\/\/annagrandhotel.hu\/wp-content\/uploads\/2024\/07\/Kornyezet.png\" alt=\"Elegantn\u00e9 prostredie\">   \n\n        \n\n\n  <\/div>\n\n\n  <div class=\"content\">\n    \n    <div class=\"hgroup textify_links\"><h4>Elegantn\u00e9 prostredie<\/h4><\/div>\n\n     <div class=\"desc\"><p>Na\u0161i zamestnanci s\u00fa s\u00fa\u010das\u0165ou p\u00e4\u0165hviezdi\u010dkov\u00e9ho prostredia, ktor\u00e9 prispieva k nezabudnute\u013en\u00fdm z\u00e1\u017eitkom host\u00ed.<\/p><\/div> \n\n  <\/div>\n\n<\/div>\n\n<!-- END======================= TEASER BOX ==========================--><\/div><\/div><\/div><div class=\"wpb_column vc_column_container vc_col-sm-4\"><div class=\"vc_column-inner\"><div class=\"wpb_wrapper\"><!-- ========================== TEASER BOX ==========================-->\n\n<div class=\"teaser_box wpb_content_element  vertical text-center      with_image\">\n\n  <div class=\"figure with_image\">\n\n\n\n        \n        \n        \n         <img decoding=\"async\" src=\"https:\/\/annagrandhotel.hu\/wp-content\/uploads\/2024\/07\/Csapat.png\" alt=\"Super t\u00edm\">   \n\n        \n\n\n  <\/div>\n\n\n  <div class=\"content\">\n    \n    <div class=\"hgroup textify_links\"><h4>Super t\u00edm<\/h4><\/div>\n\n     <div class=\"desc\"><p>Ver\u00edme v silu siln\u00e9ho t\u00edmu. Sme skvel\u00fd t\u00edm, v ktorom si cen\u00edme a oslavujeme \u00fasilie v\u0161etk\u00fdch na\u0161ich zamestnancov.<\/p><\/div> \n\n  <\/div>\n\n<\/div>\n\n<!-- END======================= TEASER BOX ==========================--><\/div><\/div><\/div><div class=\"wpb_column vc_column_container vc_col-sm-4\"><div class=\"vc_column-inner\"><div class=\"wpb_wrapper\"><!-- ========================== TEASER BOX ==========================-->\n\n<div class=\"teaser_box wpb_content_element  vertical text-center      with_image\">\n\n  <div class=\"figure with_image\">\n\n\n\n        \n        \n        \n         <img decoding=\"async\" src=\"https:\/\/annagrandhotel.hu\/wp-content\/uploads\/2024\/07\/Fejlodes.png\" alt=\"Pr\u00edle\u017eitos\u0165 na rozvoj\">   \n\n        \n\n\n  <\/div>\n\n\n  <div class=\"content\">\n    \n    <div class=\"hgroup textify_links\"><h4>Pr\u00edle\u017eitos\u0165 na rozvoj<\/h4><\/div>\n\n     <div class=\"desc\"><p>Na\u0161i sk\u00fasen\u00ed kolegovia a odborn\u00e9 \u0161kolenia vytv\u00e1raj\u00fa pr\u00edle\u017eitosti na neust\u00e1le vzdel\u00e1vanie a podporn\u00e9 prostredie.<\/p><\/div> \n\n  <\/div>\n\n<\/div>\n\n<!-- END======================= TEASER BOX ==========================--><\/div><\/div><\/div><\/div><div class=\"vc_row-full-width vc_clearfix\"><\/div><div data-vc-full-width=\"true\" data-vc-full-width-init=\"false\" class=\"vc_row wpb_row vc_row-fluid vc_custom_1721392715001 vc_row-has-fill padding_bottom_none\"><div class=\"wpb_column vc_column_container vc_col-sm-12 vc_col-has-fill\"><div class=\"vc_column-inner vc_custom_1721392860651\"><div class=\"wpb_wrapper\"><\/div><\/div><\/div><\/div><div class=\"vc_row-full-width vc_clearfix\"><\/div><div data-vc-full-width=\"true\" data-vc-full-width-init=\"false\" class=\"vc_row wpb_row vc_row-fluid shadow vc_custom_1770028893542 vc_row-has-fill secondary_section\"><div class=\"wpb_column vc_column_container vc_col-sm-6 vc_hidden-sm vc_hidden-xs\"><div class=\"vc_column-inner\"><div class=\"wpb_wrapper\">\n\t<div  class=\"wpb_single_image wpb_content_element vc_align_left\">\n\t\t\n\t\t<figure class=\"wpb_wrapper vc_figure\">\n\t\t\t<div class=\"vc_single_image-wrapper   vc_box_border_grey\"><img decoding=\"async\" class=\"vc_single_image-img\" src=\"https:\/\/annagrandhotel.hu\/wp-content\/uploads\/2024\/02\/Hosszu-hetvege-Mssonry_Rajztabla-1-03-1080x1080.webp\" width=\"1080\" height=\"1080\" alt=\"Dar\u010dekov\u00e1 noc\" title=\"Dar\u010dekov\u00e1 noc\" loading=\"lazy\" \/><\/div>\n\t\t<\/figure>\n\t<\/div>\n<\/div><\/div><\/div><div class=\"wpb_column vc_column_container vc_col-sm-6 vc_hidden-sm vc_hidden-xs\"><div class=\"vc_column-inner\"><div class=\"wpb_wrapper\"><div class=\"heading_group_sc wpb_content_element subtitle_top    text-left\">\n\n        <span class=\"subtitle\">St\u00e1\u017e v Anna Grand Hoteli a Balaton Park Hoteli!<\/span>\n\n    <h2 data-pm-slice=\"1 1 &#091;&#093;\"><strong>Objavte svet pohostinnosti!<\/strong><\/h2>\n\n\n\n<\/div>\n\t<div class=\"wpb_text_column wpb_content_element\" >\n\t\t<div class=\"wpb_wrapper\">\n\t\t\t<p><strong>\u010co pon\u00fakame na\u0161im bud\u00facim \u010dlenom t\u00edmu v na\u0161om celoro\u010dnom hoteli:<\/strong><\/p>\n<p>Skuto\u010dn\u00e1 sk\u00fasenos\u0165 v prostred\u00ed \u0161pi\u010dkov\u00e9ho hotela<\/p>\n<p>Profesion\u00e1lny t\u00edm, ktor\u00fd v\u00e1m pom\u00f4\u017ee r\u00e1s\u0165<\/p>\n<p>In\u0161piruj\u00face prostredie na brehu Balatonu<\/p>\n<p>Pr\u00edle\u017eitos\u0165 vybudova\u0165 si dlhodob\u00fa kari\u00e9ru<\/p>\n\n\t\t<\/div>\n\t<\/div>\n<div class=\"plethora_button wpb_content_element  vc_custom_1770028920917  text-left\">\n    <a href=\"https:\/\/annagrandhotel.hu\/sk\/program-stazi\/\" class=\"btn btn-light\" title=\"\"  target=\"_blank\">\n\n        \n        Viac inform\u00e1ci\u00ed\n        \n\n    <\/a>\n<\/div><\/div><\/div><\/div><\/div><div class=\"vc_row-full-width vc_clearfix\"><\/div><div data-vc-full-width=\"true\" data-vc-full-width-init=\"false\" class=\"vc_row wpb_row vc_row-fluid shadow vc_custom_1773671789877 vc_row-has-fill\"><div class=\"wpb_column vc_column_container vc_col-sm-6\"><div class=\"vc_column-inner\"><div class=\"wpb_wrapper\">\n\t<div  class=\"wpb_single_image wpb_content_element vc_align_left\">\n\t\t\n\t\t<figure class=\"wpb_wrapper vc_figure\">\n\t\t\t<div class=\"vc_single_image-wrapper   vc_box_border_grey\"><img decoding=\"async\" class=\"vc_single_image-img\" src=\"https:\/\/annagrandhotel.hu\/wp-content\/uploads\/2025\/01\/Bartender.webp\" width=\"700\" height=\"700\" alt=\"Barman\" title=\"Barman\" loading=\"lazy\" \/><\/div>\n\t\t<\/figure>\n\t<\/div>\n<\/div><\/div><\/div><div class=\"wpb_column vc_column_container vc_col-sm-6\"><div class=\"vc_column-inner\"><div class=\"wpb_wrapper\"><div class=\"heading_group_sc wpb_content_element subtitle_top   vc_custom_1773671734261  text-left\">\n\n        <span class=\"subtitle\">PLN\u00c1 STANICA<\/span>\n\n    <h3>Ved\u00faci baru<\/h3>\n\n\n\n<\/div>\n\t<div class=\"wpb_text_column wpb_content_element\" >\n\t\t<div class=\"wpb_wrapper\">\n\t\t\t<p><strong>\u010co pon\u00fakame na\u0161im bud\u00facim \u010dlenom t\u00edmu v na\u0161om celoro\u010dnom hoteli:<\/strong><\/p>\n<ul>\n<li>konkuren\u010dn\u00fd plat<\/li>\n<li>dlhodob\u00fd pracovn\u00fd pomer s 8-hodinovou v\u00fdpovednou lehotou<\/li>\n<li>pr\u00edspevok na cestu medzi pracoviskom a domovom<\/li>\n<li>mo\u017enosti rozvoja, \u0161kolenia<\/li>\n<li>jednotn\u00e9 pracovn\u00e9 oble\u010denie, ktor\u00e9 zodpoved\u00e1 exkluz\u00edvnemu hotelu<\/li>\n<li>tepl\u00e9 jedl\u00e1 po\u010das pracovn\u00fdch dn\u00ed<\/li>\n<li>dynamick\u00fd t\u00edm a \u0161t\u00fdlov\u00e9 pracovn\u00e9 prostredie<\/li>\n<\/ul>\n\n\t\t<\/div>\n\t<\/div>\n<div class=\"plethora_button wpb_content_element   text-left\">\n    <a href=\"https:\/\/annagrandhotel.hu\/sk\/veduci-baru\/\" class=\"btn btn-secondary\" title=\"\"  target=\"_self\">\n\n        \n        Viac inform\u00e1ci\u00ed\n        \n\n    <\/a>\n<\/div><\/div><\/div><\/div><\/div><div class=\"vc_row-full-width vc_clearfix\"><\/div><div data-vc-full-width=\"true\" data-vc-full-width-init=\"false\" class=\"vc_row wpb_row vc_row-fluid shadow vc_custom_1738340266379 vc_row-has-fill\"><div class=\"wpb_column vc_column_container vc_col-sm-6 vc_hidden-sm vc_hidden-xs\"><div class=\"vc_column-inner\"><div class=\"wpb_wrapper\">\n\t<div  class=\"wpb_single_image wpb_content_element vc_align_left\">\n\t\t\n\t\t<figure class=\"wpb_wrapper vc_figure\">\n\t\t\t<div class=\"vc_single_image-wrapper   vc_box_border_grey\"><img loading=\"lazy\" decoding=\"async\" width=\"1080\" height=\"1080\" src=\"https:\/\/annagrandhotel.hu\/wp-content\/uploads\/2024\/07\/Szobaasszony.webp\" class=\"vc_single_image-img attachment-full\" alt=\"\" title=\"Sle\u010dna\" srcset=\"https:\/\/annagrandhotel.hu\/wp-content\/uploads\/2024\/07\/Szobaasszony.webp 1080w, https:\/\/annagrandhotel.hu\/wp-content\/uploads\/2024\/07\/Szobaasszony-300x300.webp 300w, https:\/\/annagrandhotel.hu\/wp-content\/uploads\/2024\/07\/Szobaasszony-1024x1024.webp 1024w, https:\/\/annagrandhotel.hu\/wp-content\/uploads\/2024\/07\/Szobaasszony-150x150.webp 150w, https:\/\/annagrandhotel.hu\/wp-content\/uploads\/2024\/07\/Szobaasszony-768x768.webp 768w, https:\/\/annagrandhotel.hu\/wp-content\/uploads\/2024\/07\/Szobaasszony-12x12.webp 12w\" sizes=\"auto, (max-width: 1080px) 100vw, 1080px\" \/><\/div>\n\t\t<\/figure>\n\t<\/div>\n<\/div><\/div><\/div><div class=\"wpb_column vc_column_container vc_col-sm-6 vc_hidden-sm vc_hidden-xs\"><div class=\"vc_column-inner\"><div class=\"wpb_wrapper\"><div class=\"heading_group_sc wpb_content_element subtitle_top    text-left\">\n\n        <span class=\"subtitle\">PLN\u00c1 STANICA<\/span>\n\n    <h3>SOBASONY<\/h3>\n\n\n\n<\/div>\n\t<div class=\"wpb_text_column wpb_content_element\" >\n\t\t<div class=\"wpb_wrapper\">\n\t\t\t<p><strong>\u010co pon\u00fakame na\u0161im bud\u00facim \u010dlenom t\u00edmu v na\u0161om celoro\u010dnom hoteli:<\/strong><\/p>\n<ul>\n<li style=\"font-weight: 400;\" aria-level=\"1\"><span style=\"font-weight: 400;\">dlhodob\u00e9, bezpe\u010dn\u00e9 zamestnanie s 8-hodinovou v\u00fdpovednou lehotou<\/span><\/li>\n<li style=\"font-weight: 400;\" aria-level=\"1\"><span style=\"font-weight: 400;\">pr\u00edspevok na cestu medzi pracoviskom a domovom<\/span><\/li>\n<li style=\"font-weight: 400;\" aria-level=\"1\"><span style=\"font-weight: 400;\">predv\u00eddate\u013en\u00fd pracovn\u00fd \u010das<\/span><\/li>\n<li style=\"font-weight: 400;\" aria-level=\"1\"><span style=\"font-weight: 400;\">jednotn\u00e9 pracovn\u00e9 oble\u010denie, ktor\u00e9 zodpoved\u00e1 exkluz\u00edvnemu hotelu\u00a0<\/span><\/li>\n<li style=\"font-weight: 400;\" aria-level=\"1\"><span style=\"font-weight: 400;\">tepl\u00e9 jedl\u00e1 po\u010das pracovn\u00fdch dn\u00ed<\/span><\/li>\n<li style=\"font-weight: 400;\" aria-level=\"1\"><span style=\"font-weight: 400;\">dynamick\u00fd t\u00edm a \u0161t\u00fdlov\u00e9 pracovn\u00e9 prostredie<\/span><\/li>\n<\/ul>\n\n\t\t<\/div>\n\t<\/div>\n<div class=\"plethora_button wpb_content_element   text-left\">\n    <a href=\"https:\/\/annagrandhotel.hu\/sk\/kariera-komornej\/\" class=\"btn btn-secondary\" title=\"\"  target=\"_blank\">\n\n        \n        Viac inform\u00e1ci\u00ed\n        \n\n    <\/a>\n<\/div><\/div><\/div><\/div><\/div><div class=\"vc_row-full-width vc_clearfix\"><\/div><div data-vc-full-width=\"true\" data-vc-full-width-init=\"false\" class=\"vc_row wpb_row vc_row-fluid shadow vc_custom_1771538606805 vc_row-has-fill\"><div class=\"wpb_column vc_column_container vc_col-sm-6\"><div class=\"vc_column-inner\"><div class=\"wpb_wrapper\">\n\t<div  class=\"wpb_single_image wpb_content_element vc_align_left\">\n\t\t\n\t\t<figure class=\"wpb_wrapper vc_figure\">\n\t\t\t<div class=\"vc_single_image-wrapper   vc_box_border_grey\"><img loading=\"lazy\" decoding=\"async\" width=\"700\" height=\"700\" src=\"https:\/\/annagrandhotel.hu\/wp-content\/uploads\/2025\/01\/Karbantarto_allas.webp\" class=\"vc_single_image-img attachment-full\" alt=\"\" title=\"Maintenance_job\" srcset=\"https:\/\/annagrandhotel.hu\/wp-content\/uploads\/2025\/01\/Karbantarto_allas.webp 700w, https:\/\/annagrandhotel.hu\/wp-content\/uploads\/2025\/01\/Karbantarto_allas-300x300.webp 300w, https:\/\/annagrandhotel.hu\/wp-content\/uploads\/2025\/01\/Karbantarto_allas-150x150.webp 150w, https:\/\/annagrandhotel.hu\/wp-content\/uploads\/2025\/01\/Karbantarto_allas-12x12.webp 12w\" sizes=\"auto, (max-width: 700px) 100vw, 700px\" \/><\/div>\n\t\t<\/figure>\n\t<\/div>\n<\/div><\/div><\/div><div class=\"wpb_column vc_column_container vc_col-sm-6\"><div class=\"vc_column-inner\"><div class=\"wpb_wrapper\"><div class=\"heading_group_sc wpb_content_element subtitle_top   vc_custom_1736762426455  text-left\">\n\n        <span class=\"subtitle\">PLN\u00c1 STANICA<\/span>\n\n    <h3>\u00dadr\u017eba<\/h3>\n\n\n\n<\/div>\n\t<div class=\"wpb_text_column wpb_content_element\" >\n\t\t<div class=\"wpb_wrapper\">\n\t\t\t<p><strong>\u010co pon\u00fakame na\u0161im bud\u00facim \u010dlenom t\u00edmu v na\u0161om celoro\u010dnom hoteli:<\/strong><\/p>\n<ul>\n<li style=\"font-weight: 400;\" aria-level=\"1\"><span style=\"font-weight: 400;\">dlhodob\u00e9, bezpe\u010dn\u00e9 zamestnanie s 8-hodinovou v\u00fdpovednou lehotou<\/span><\/li>\n<li style=\"font-weight: 400;\" aria-level=\"1\"><span style=\"font-weight: 400;\">pr\u00edspevok na cestu medzi pracoviskom a domovom<\/span><\/li>\n<li style=\"font-weight: 400;\" aria-level=\"1\"><span style=\"font-weight: 400;\">predv\u00eddate\u013en\u00fd pracovn\u00fd \u010das<\/span><\/li>\n<li style=\"font-weight: 400;\" aria-level=\"1\"><span style=\"font-weight: 400;\">uniformy pre exkluz\u00edvny hotel\u00a0<\/span><\/li>\n<li style=\"font-weight: 400;\" aria-level=\"1\"><span style=\"font-weight: 400;\">tepl\u00e9 jedl\u00e1 po\u010das pracovn\u00fdch dn\u00ed<\/span><\/li>\n<li style=\"font-weight: 400;\" aria-level=\"1\"><span style=\"font-weight: 400;\">dynamick\u00fd t\u00edm a \u0161t\u00fdlov\u00e9 pracovn\u00e9 prostredie<\/span><\/li>\n<li style=\"font-weight: 400;\" aria-level=\"1\"><span style=\"font-weight: 400;\">mo\u017enosti odborn\u00e9ho rozvoja<\/span><\/li>\n<\/ul>\n\n\t\t<\/div>\n\t<\/div>\n<div class=\"plethora_button wpb_content_element   text-left\">\n    <a href=\"https:\/\/annagrandhotel.hu\/sk\/udrzba\/\" class=\"btn btn-secondary\" title=\"\"  target=\"_self\">\n\n        \n        Viac inform\u00e1ci\u00ed\n        \n\n    <\/a>\n<\/div><\/div><\/div><\/div><\/div><div class=\"vc_row-full-width vc_clearfix\"><\/div><div data-vc-full-width=\"true\" data-vc-full-width-init=\"false\" class=\"vc_row wpb_row vc_row-fluid shadow vc_custom_1736843809204 vc_row-has-fill\"><div class=\"wpb_column vc_column_container vc_col-sm-6\"><div class=\"vc_column-inner\"><div class=\"wpb_wrapper\">\n\t<div  class=\"wpb_single_image wpb_content_element vc_align_left\">\n\t\t\n\t\t<figure class=\"wpb_wrapper vc_figure\">\n\t\t\t<div class=\"vc_single_image-wrapper   vc_box_border_grey\"><img decoding=\"async\" class=\"vc_single_image-img\" src=\"https:\/\/annagrandhotel.hu\/wp-content\/uploads\/2024\/09\/WhatsApp-kep-2024-09-11-11.16.33_a01638bb-700x614.jpg\" width=\"700\" height=\"614\" alt=\"No\u010dn\u00e1 recep\u010dn\u00e1\" title=\"No\u010dn\u00e1 recep\u010dn\u00e1\" loading=\"lazy\" \/><\/div>\n\t\t<\/figure>\n\t<\/div>\n<\/div><\/div><\/div><div class=\"wpb_column vc_column_container vc_col-sm-6\"><div class=\"vc_column-inner\"><div class=\"wpb_wrapper\"><div class=\"heading_group_sc wpb_content_element subtitle_top   vc_custom_1726220010847  text-left\">\n\n        <span class=\"subtitle\">PLN\u00c1 STANICA<\/span>\n\n    <h3>NO\u010cN\u00c1 RECEP\u010cN\u00c1<\/h3>\n\n\n\n<\/div>\n\t<div class=\"wpb_text_column wpb_content_element\" >\n\t\t<div class=\"wpb_wrapper\">\n\t\t\t<p><strong>\u010co pon\u00fakame na\u0161im bud\u00facim \u010dlenom t\u00edmu v na\u0161om celoro\u010dnom hoteli:<\/strong><\/p>\n<ul>\n<li>Pracovn\u00e1 zmluva na dobu ur\u010dit\u00fa s \u00fapln\u00fdm ozn\u00e1men\u00edm<\/li>\n<li>Dlhodob\u00e9 pracovn\u00e9 pr\u00edle\u017eitosti<\/li>\n<li>Flexibiln\u00fd pracovn\u00fd \u010das 12-hodinov\u00e1 no\u010dn\u00e1 zmena<\/li>\n<li>Exkluz\u00edvne jednotn\u00e9 pracovn\u00e9 oble\u010denie vhodn\u00e9 pre hotel<\/li>\n<li>Jedno tepl\u00e9 jedlo po\u010das pracovnej doby<\/li>\n<\/ul>\n\n\t\t<\/div>\n\t<\/div>\n<div class=\"plethora_button wpb_content_element   text-left\">\n    <a href=\"https:\/\/annagrandhotel.hu\/sk\/nocna-recepcna\/\" class=\"btn btn-secondary\" title=\"\"  target=\"_self\">\n\n        \n        Viac inform\u00e1ci\u00ed\n        \n\n    <\/a>\n<\/div><\/div><\/div><\/div><\/div><div class=\"vc_row-full-width vc_clearfix\"><\/div><div data-vc-full-width=\"true\" data-vc-full-width-init=\"false\" class=\"vc_row wpb_row vc_row-fluid shadow vc_custom_1721392751904 vc_row-has-fill\"><div class=\"wpb_column vc_column_container vc_col-sm-12 vc_hidden-lg vc_hidden-md\"><div class=\"vc_column-inner\"><div class=\"wpb_wrapper\"><div class=\"heading_group_sc wpb_content_element subtitle_top    text-left\">\n\n        <span class=\"subtitle\">PLN\u00c1 STANICA<\/span>\n\n    <h3>SOBASONY<\/h3>\n\n\n\n<\/div>\n\t<div class=\"wpb_text_column wpb_content_element\" >\n\t\t<div class=\"wpb_wrapper\">\n\t\t\t<p><strong>\u010co pon\u00fakame na\u0161im bud\u00facim \u010dlenom t\u00edmu v na\u0161om celoro\u010dnom hoteli:<\/strong><\/p>\n<ul>\n<li style=\"font-weight: 400;\" aria-level=\"1\"><span style=\"font-weight: 400;\">dlhodob\u00e9, bezpe\u010dn\u00e9 zamestnanie s 8-hodinovou v\u00fdpovednou lehotou<\/span><\/li>\n<li style=\"font-weight: 400;\" aria-level=\"1\"><span style=\"font-weight: 400;\">pr\u00edspevok na cestu medzi pracoviskom a domovom<\/span><\/li>\n<li style=\"font-weight: 400;\" aria-level=\"1\"><span style=\"font-weight: 400;\">predv\u00eddate\u013en\u00fd pracovn\u00fd \u010das<\/span><\/li>\n<li style=\"font-weight: 400;\" aria-level=\"1\"><span style=\"font-weight: 400;\">jednotn\u00e9 pracovn\u00e9 oble\u010denie, ktor\u00e9 zodpoved\u00e1 exkluz\u00edvnemu hotelu\u00a0<\/span><\/li>\n<li style=\"font-weight: 400;\" aria-level=\"1\"><span style=\"font-weight: 400;\">tepl\u00e9 jedl\u00e1 po\u010das pracovn\u00fdch dn\u00ed<\/span><\/li>\n<li style=\"font-weight: 400;\" aria-level=\"1\"><span style=\"font-weight: 400;\">dynamick\u00fd t\u00edm a \u0161t\u00fdlov\u00e9 pracovn\u00e9 prostredie<\/span><\/li>\n<\/ul>\n\n\t\t<\/div>\n\t<\/div>\n\n\t<div  class=\"wpb_single_image wpb_content_element vc_align_left\">\n\t\t\n\t\t<figure class=\"wpb_wrapper vc_figure\">\n\t\t\t<div class=\"vc_single_image-wrapper   vc_box_border_grey\"><img loading=\"lazy\" decoding=\"async\" width=\"1080\" height=\"1080\" src=\"https:\/\/annagrandhotel.hu\/wp-content\/uploads\/2024\/07\/Szobaasszony.webp\" class=\"vc_single_image-img attachment-full\" alt=\"\" title=\"Sle\u010dna\" srcset=\"https:\/\/annagrandhotel.hu\/wp-content\/uploads\/2024\/07\/Szobaasszony.webp 1080w, https:\/\/annagrandhotel.hu\/wp-content\/uploads\/2024\/07\/Szobaasszony-300x300.webp 300w, https:\/\/annagrandhotel.hu\/wp-content\/uploads\/2024\/07\/Szobaasszony-1024x1024.webp 1024w, https:\/\/annagrandhotel.hu\/wp-content\/uploads\/2024\/07\/Szobaasszony-150x150.webp 150w, https:\/\/annagrandhotel.hu\/wp-content\/uploads\/2024\/07\/Szobaasszony-768x768.webp 768w, https:\/\/annagrandhotel.hu\/wp-content\/uploads\/2024\/07\/Szobaasszony-12x12.webp 12w\" sizes=\"auto, (max-width: 1080px) 100vw, 1080px\" \/><\/div>\n\t\t<\/figure>\n\t<\/div>\n<div class=\"plethora_button wpb_content_element   text-left\">\n    <a href=\"https:\/\/annagrandhotel.hu\/sk\/kariera-komornej\/\" class=\"btn btn-secondary\" title=\"\"  target=\"_blank\">\n\n        \n        Viac inform\u00e1ci\u00ed\n        \n\n    <\/a>\n<\/div><\/div><\/div><\/div><\/div><div class=\"vc_row-full-width vc_clearfix\"><\/div>\n<\/div>","protected":false},"excerpt":{"rendered":"Ez\u00e9rt j\u00f3 n\u00e1lunk dolgozni magas preszt\u00edzs\u0171 munkahely Eleg\u00e1ns k\u00f6rnyezet Munkat\u00e1rsaink r\u00e9szesei egy olyan \u00f6tcsillagos k\u00f6rnyezetnek, mellyel hozz\u00e1j\u00e1rulnak a felejthetetlen vend\u00e9g\u00e9lm\u00e9nyhez. Szuper csapat Hisz\u00fcnk az er\u0151s csapat erej\u00e9ben. Egy szuper csapatot alkotunk, amiben \u00e9rt\u00e9kelj\u00fck \u00e9s \u00fcnnepelj\u00fck minden munkat\u00e1rsunk er\u0151fesz\u00edt\u00e9seit. Fejl\u0151d\u00e9si lehet\u0151s\u00e9g Tapasztalt koll\u00e9g\u00e1ink \u00e9s szakmai tr\u00e9ningeink folyamatos tanul\u00e1si lehet\u0151s\u00e9geket \u00e9s egy t\u00e1mogat\u00f3 k\u00f6rnyezetet teremtenek. Szakmai gyakorlat [...]","protected":false},"author":1,"featured_media":3970,"parent":0,"menu_order":0,"comment_status":"closed","ping_status":"closed","template":"","meta":{"footnotes":""},"class_list":["post-50","page","type-page","status-publish","has-post-thumbnail","hentry"],"aioseo_notices":[],"_links":{"self":[{"href":"https:\/\/annagrandhotel.hu\/sk\/wp-json\/wp\/v2\/pages\/50","targetHints":{"allow":["GET"]}}],"collection":[{"href":"https:\/\/annagrandhotel.hu\/sk\/wp-json\/wp\/v2\/pages"}],"about":[{"href":"https:\/\/annagrandhotel.hu\/sk\/wp-json\/wp\/v2\/types\/page"}],"author":[{"embeddable":true,"href":"https:\/\/annagrandhotel.hu\/sk\/wp-json\/wp\/v2\/users\/1"}],"replies":[{"embeddable":true,"href":"https:\/\/annagrandhotel.hu\/sk\/wp-json\/wp\/v2\/comments?post=50"}],"version-history":[{"count":84,"href":"https:\/\/annagrandhotel.hu\/sk\/wp-json\/wp\/v2\/pages\/50\/revisions"}],"predecessor-version":[{"id":5686,"href":"https:\/\/annagrandhotel.hu\/sk\/wp-json\/wp\/v2\/pages\/50\/revisions\/5686"}],"wp:featuredmedia":[{"embeddable":true,"href":"https:\/\/annagrandhotel.hu\/sk\/wp-json\/wp\/v2\/media\/3970"}],"wp:attachment":[{"href":"https:\/\/annagrandhotel.hu\/sk\/wp-json\/wp\/v2\/media?parent=50"}],"curies":[{"name":"wp","href":"https:\/\/api.w.org\/{rel}","templated":true}]}}