{"id":4732,"date":"2025-02-20T13:45:53","date_gmt":"2025-02-20T12:45:53","guid":{"rendered":"https:\/\/annagrandhotel.hu\/?page_id=4732"},"modified":"2026-02-02T13:08:24","modified_gmt":"2026-02-02T12:08:24","slug":"program-stazi","status":"publish","type":"page","link":"https:\/\/annagrandhotel.hu\/sk\/gyakornoki-program\/","title":{"rendered":"Program st\u00e1\u017e\u00ed"},"content":{"rendered":"<div class=\"wpb-content-wrapper\"><div class=\"vc_row wpb_row vc_row-fluid vc_custom_1740056866651 vc_row-has-fill vc_row-o-equal-height vc_row-flex\"><div class=\"wpb_column vc_column_container vc_col-sm-8 vc_col-has-fill\"><div class=\"vc_column-inner vc_custom_1740056996461\"><div class=\"wpb_wrapper\"><div class=\"heading_group_sc wpb_content_element subtitle_bottom   vc_custom_1740056942388  text-left\">\n\n\n    <h2 data-pm-slice=\"1 1 &#091;&#093;\"><strong>Objavte svet pohostinstva - st\u00e1\u017e v Anna Grand Hoteli a Balaton Park Hoteli!<\/strong><\/h2>\n\n\n        <span class=\"subtitle\"><\/span>\n\n<\/div><div class=\"heading_group_sc wpb_content_element subtitle_bottom   vc_custom_1740057162188  text-left\">\n\n\n    <p style=\"text-align: justify;\">Chcete z\u00edska\u0165 prv\u00e9 pracovn\u00e9 sk\u00fasenosti v modernom a \u0161t\u00fdlovom prostred\u00ed? Anna Grand Hotel a Balaton Park Hotel v\u00e1m teraz pon\u00fakaj\u00fa mo\u017enos\u0165 str\u00e1vi\u0165 st\u00e1\u017e v pr\u00e9miovom hoteli, kde m\u00f4\u017eete z\u00edska\u0165 skuto\u010dn\u00e9 znalosti vo svete hotelierstva a hotelierstva.<\/p>\n\n\n        <span class=\"subtitle\"><\/span>\n\n<\/div><\/div><\/div><\/div><div class=\"wpb_column vc_column_container vc_col-sm-4 vc_col-has-fill\"><div class=\"vc_column-inner vc_custom_1740057006646 secondary_section\"><div class=\"wpb_wrapper\"><div class=\"heading_group_sc wpb_content_element subtitle_bottom    text-left\">\n\n\n    <p data-pm-slice=\"1 1 &#091;&#093;\">Pridajte sa k n\u00e1m a budujte svoju bud\u00facnos\u0165 na v\u00fdnimo\u010dnom mieste! Prihl\u00e1ste sa teraz a sta\u0148te sa s\u00fa\u010das\u0165ou vzru\u0161uj\u00faceho sveta hotelierstva!<\/p>\n\n\n        <span class=\"subtitle\"><\/span>\n\n<\/div><div class=\"heading_group_sc wpb_content_element subtitle_bottom    text-left\">\n\n\n    <p data-pm-slice=\"1 1 &#091;&#093;\"><span style=\"font-weight: 400;\">Fotok\u00f3piu svojho \u017eivotopisu s uveden\u00edm pracovn\u00e9ho miesta, o ktor\u00e9 sa uch\u00e1dzate, po\u0161lite na adresu <\/span><a href=\"mailto:hr@annagrandhotel.hu\"><span style=\"font-weight: 400;\">hr@annagrandhotel.hu<\/span><\/a><span style=\"font-weight: 400;\"> na t\u00fato adresu.<\/span><\/p>\n\n\n        <span class=\"subtitle\"><\/span>\n\n<\/div><\/div><\/div><\/div><\/div><div class=\"vc_row wpb_row vc_row-fluid shadow vc_custom_1740058786506\"><div class=\"shadow wpb_column vc_column_container vc_col-sm-6\"><div class=\"vc_column-inner\"><div class=\"wpb_wrapper\"><!-- ========================== HOVER BOX ==========================-->\n\n<div style=\"background-image: url('https:\/\/annagrandhotel.hu\/wp-content\/uploads\/2025\/02\/Anna-Grand-Hotel.webp')\" class=\"hoverbox wpb_content_element black_section neutralize_links stretchy_wrapper ratio_1-1   vc_custom_1740059676867\">\n<div class=\"hoverbox_tran black_section transparent_film\"><\/div>\n\t<a href=\"#\">\n\t\t<div class=\"hoverbox_icon\">\n\t\t\t<img decoding=\"async\" src=\"https:\/\/annagrandhotel.hu\/wp-content\/uploads\/2025\/02\/Anna-Grand-logo.webp\" alt=\"\">\n\t\t<\/div>\n\t\t<div class=\"hoverbox_title\">\n\t\t\t<h2>ANNA GRAND HOTEL<\/h2>\n\t\t<\/div>\n\t\t<div class=\"hoverbox_paragraph\">\n\t\t\t<p><\/p>\n<p style=\"text-align: justify;\">Jeden z najzn\u00e1mej\u0161\u00edch hotelov na severnom brehu Balatonu, ktor\u00fd sp\u00e1ja klasick\u00fa eleganciu s modern\u00fdm vybaven\u00edm. Hotel pon\u00faka hos\u0165om exkluz\u00edvne k\u00fapele, prvotriedne gastronomick\u00e9 z\u00e1\u017eitky a historick\u00fa atmosf\u00e9ru. Ak chcete za\u017ei\u0165 elegantn\u00e9 prostredie, hotel Anna Grand je ide\u00e1lnou vo\u013ebou!<\/p>\n<p><\/p>\n\t\t<\/div>\n\t<\/a>\t\n<\/div>\n\n<!-- END======================= HOVER BOX ==========================--><\/div><\/div><\/div><div class=\"shadow wpb_column vc_column_container vc_col-sm-6\"><div class=\"vc_column-inner\"><div class=\"wpb_wrapper\"><!-- ========================== HOVER BOX ==========================-->\n\n<div style=\"background-image: url('https:\/\/annagrandhotel.hu\/wp-content\/uploads\/2025\/02\/Balaton-Park-Hotel.webp')\" class=\"hoverbox wpb_content_element black_section neutralize_links stretchy_wrapper ratio_1-1   vc_custom_1740059684223\">\n<div class=\"hoverbox_tran black_section transparent_film\"><\/div>\n\t<a href=\"#\">\n\t\t<div class=\"hoverbox_icon\">\n\t\t\t<img decoding=\"async\" src=\"https:\/\/annagrandhotel.hu\/wp-content\/uploads\/2025\/02\/Balaton-Park-logo.webp\" alt=\"\">\n\t\t<\/div>\n\t\t<div class=\"hoverbox_title\">\n\t\t\t<h2>BALATON PARK HOTEL<\/h2>\n\t\t<\/div>\n\t\t<div class=\"hoverbox_paragraph\">\n\t\t\t<p><\/p>\n<p style=\"text-align: justify;\">Tento modern\u00fd a inovat\u00edvny hotel sa nach\u00e1dza ved\u013ea okruhu Balaton Park a sp\u00e1ja \u0161portov\u00fa eleganciu s prvotriednymi slu\u017ebami. Ide\u00e1lne miesto pre t\u00fdch, ktor\u00ed sa chc\u00fa vzdel\u00e1va\u0165 a rozv\u00edja\u0165 v dynamickom a in\u0161pirat\u00edvnom prostred\u00ed. M\u00f4\u017eete tu nahliadnu\u0165 do fungovania pr\u00e9miov\u00e9ho hotela a z\u00e1rove\u0148 spozna\u0165 svet motoristick\u00e9ho \u0161portu.<\/p>\n<p><\/p>\n\t\t<\/div>\n\t<\/a>\t\n<\/div>\n\n<!-- END======================= HOVER BOX ==========================--><\/div><\/div><\/div><\/div><div data-vc-full-width=\"true\" data-vc-full-width-init=\"false\" class=\"vc_row wpb_row vc_row-fluid vc_custom_1740052578848 vc_row-has-fill light_section\"><div class=\"wpb_column vc_column_container vc_col-sm-12\"><div class=\"vc_column-inner\"><div class=\"wpb_wrapper\"><div class=\"heading_group_sc wpb_content_element subtitle_bottom    text-center\">\n\n\n    <h4 data-pm-slice=\"1 1 &#091;&#093;\"><strong>Pre\u010do by ste mali absolvova\u0165 st\u00e1\u017e pr\u00e1ve u n\u00e1s?<\/strong><\/h4>\n\n\n        <span class=\"subtitle\"><\/span>\n\n<\/div><\/div><\/div><\/div><\/div><div class=\"vc_row-full-width vc_clearfix\"><\/div><div data-vc-full-width=\"true\" data-vc-full-width-init=\"false\" class=\"vc_row wpb_row vc_row-fluid vc_custom_1740052540714 vc_row-has-fill light_section\"><div class=\"wpb_column vc_column_container vc_col-sm-3\"><div class=\"vc_column-inner\"><div class=\"wpb_wrapper\"><!-- ========================== TEASER BOX ==========================-->\n\n<div class=\"teaser_box wpb_content_element  vertical text-center      with_image\">\n\n  <div class=\"figure with_image\">\n\n\n\n        \n        \n        \n         <img decoding=\"async\" src=\"https:\/\/annagrandhotel.hu\/wp-content\/uploads\/2025\/02\/Tapasztalat.png\" alt=\"Skuto\u010dn\u00e1 sk\u00fasenos\u0165 v prostred\u00ed \u0161pi\u010dkov\u00e9ho hotela\">   \n\n        \n\n\n  <\/div>\n\n\n  <div class=\"content\">\n    \n    <div class=\"hgroup textify_links\"><h4>Skuto\u010dn\u00e1 sk\u00fasenos\u0165 v prostred\u00ed \u0161pi\u010dkov\u00e9ho hotela<\/h4><\/div>\n\n    \n\n  <\/div>\n\n<\/div>\n\n<!-- END======================= TEASER BOX ==========================--><\/div><\/div><\/div><div class=\"wpb_column vc_column_container vc_col-sm-3\"><div class=\"vc_column-inner\"><div class=\"wpb_wrapper\"><!-- ========================== TEASER BOX ==========================-->\n\n<div class=\"teaser_box wpb_content_element  vertical text-center      with_image\">\n\n  <div class=\"figure with_image\">\n\n\n\n        \n        \n        \n         <img decoding=\"async\" src=\"https:\/\/annagrandhotel.hu\/wp-content\/uploads\/2025\/02\/Csapat_1.png\" alt=\"Profesion\u00e1lny t\u00edm, ktor\u00fd v\u00e1m pom\u00f4\u017ee r\u00e1s\u0165\">   \n\n        \n\n\n  <\/div>\n\n\n  <div class=\"content\">\n    \n    <div class=\"hgroup textify_links\"><h4>Profesion\u00e1lny t\u00edm, ktor\u00fd v\u00e1m pom\u00f4\u017ee r\u00e1s\u0165<\/h4><\/div>\n\n    \n\n  <\/div>\n\n<\/div>\n\n<!-- END======================= TEASER BOX ==========================--><\/div><\/div><\/div><div class=\"wpb_column vc_column_container vc_col-sm-3\"><div class=\"vc_column-inner\"><div class=\"wpb_wrapper\"><!-- ========================== TEASER BOX ==========================-->\n\n<div class=\"teaser_box wpb_content_element  vertical text-center      with_image\">\n\n  <div class=\"figure with_image\">\n\n\n\n        \n        \n        \n         <img decoding=\"async\" src=\"https:\/\/annagrandhotel.hu\/wp-content\/uploads\/2025\/02\/Balaton.png\" alt=\"In\u0161piruj\u00face prostredie na brehu Balatonu\">   \n\n        \n\n\n  <\/div>\n\n\n  <div class=\"content\">\n    \n    <div class=\"hgroup textify_links\"><h4>In\u0161piruj\u00face prostredie na brehu Balatonu<\/h4><\/div>\n\n    \n\n  <\/div>\n\n<\/div>\n\n<!-- END======================= TEASER BOX ==========================--><\/div><\/div><\/div><div class=\"wpb_column vc_column_container vc_col-sm-3\"><div class=\"vc_column-inner\"><div class=\"wpb_wrapper\"><!-- ========================== TEASER BOX ==========================-->\n\n<div class=\"teaser_box wpb_content_element  vertical text-center      with_image\">\n\n  <div class=\"figure with_image\">\n\n\n\n        \n        \n        \n         <img decoding=\"async\" src=\"https:\/\/annagrandhotel.hu\/wp-content\/uploads\/2025\/02\/Karrier_2-1.png\" alt=\"Pr\u00edle\u017eitos\u0165 vybudova\u0165 si dlhodob\u00fa kari\u00e9ru\">   \n\n        \n\n\n  <\/div>\n\n\n  <div class=\"content\">\n    \n    <div class=\"hgroup textify_links\"><h4>Pr\u00edle\u017eitos\u0165 vybudova\u0165 si dlhodob\u00fa kari\u00e9ru<\/h4><\/div>\n\n    \n\n  <\/div>\n\n<\/div>\n\n<!-- END======================= TEASER BOX ==========================--><\/div><\/div><\/div><\/div><div class=\"vc_row-full-width vc_clearfix\"><\/div><div data-vc-full-width=\"true\" data-vc-full-width-init=\"false\" class=\"vc_row wpb_row vc_row-fluid vc_custom_1740053539401 vc_row-has-fill\"><div class=\"wpb_column vc_column_container vc_col-sm-12\"><div class=\"vc_column-inner\"><div class=\"wpb_wrapper\"><div class=\"heading_group_sc wpb_content_element subtitle_bottom    text-center\">\n\n\n    <h3 data-pm-slice=\"1 1 &#091;&#093;\"><strong>V ktor\u00fdch oblastiach si m\u00f4\u017eete vysk\u00fa\u0161a\u0165 svoje schopnosti?<\/strong><\/h3>\n\n\n        <span class=\"subtitle\"><\/span>\n\n<\/div><\/div><\/div><\/div><\/div><div class=\"vc_row-full-width vc_clearfix\"><\/div><div data-vc-full-width=\"true\" data-vc-full-width-init=\"false\" class=\"vc_row wpb_row vc_row-fluid vc_custom_1740055171281 vc_row-has-fill\"><div class=\"wpb_column vc_column_container vc_col-sm-3\"><div class=\"vc_column-inner\"><div class=\"wpb_wrapper\"><div class=\"heading_group_sc wpb_content_element subtitle_bottom    text-left\">\n\n\n    <p data-pm-slice=\"1 1 &#091;&quot;list&quot;,{&quot;spread&quot;:false,&quot;start&quot;:1231,&quot;end&quot;:1864},&quot;regular_list_item&quot;,{&quot;start&quot;:1231,&quot;end&quot;:1326}&#093;\"><strong>Upratovanie<\/strong><\/p>\n\n\n        <span class=\"subtitle\"><\/span>\n\n<\/div><\/div><\/div><\/div><div class=\"wpb_column vc_column_container vc_col-sm-9\"><div class=\"vc_column-inner\"><div class=\"wpb_wrapper\"><div class=\"heading_group_sc wpb_content_element subtitle_bottom    text-left\">\n\n\n    <p data-pm-slice=\"1 1 &#091;&quot;list&quot;,{&quot;spread&quot;:false,&quot;start&quot;:1231,&quot;end&quot;:1864},&quot;regular_list_item&quot;,{&quot;start&quot;:1231,&quot;end&quot;:1326}&#093;\">Zistite, ako je hotel k\u013e\u00fa\u010dom k dokonal\u00e9mu z\u00e1\u017eitku host\u00ed.<\/p>\n\n\n        <span class=\"subtitle\"><\/span>\n\n<\/div><\/div><\/div><\/div><\/div><div class=\"vc_row-full-width vc_clearfix\"><\/div><div data-vc-full-width=\"true\" data-vc-full-width-init=\"false\" class=\"vc_row wpb_row vc_row-fluid vc_custom_1740055859961 vc_row-has-fill primary_section\"><div class=\"wpb_column vc_column_container vc_col-sm-3\"><div class=\"vc_column-inner\"><div class=\"wpb_wrapper\"><div class=\"heading_group_sc wpb_content_element subtitle_bottom    text-left\">\n\n\n    <p data-pm-slice=\"1 1 &#091;&quot;list&quot;,{&quot;spread&quot;:false,&quot;start&quot;:1231,&quot;end&quot;:1864},&quot;regular_list_item&quot;,{&quot;start&quot;:1327,&quot;end&quot;:1413}&#093;\"><strong>Kuchy\u0148a<\/strong><\/p>\n\n\n        <span class=\"subtitle\"><\/span>\n\n<\/div><\/div><\/div><\/div><div class=\"wpb_column vc_column_container vc_col-sm-9\"><div class=\"vc_column-inner\"><div class=\"wpb_wrapper\"><div class=\"heading_group_sc wpb_content_element subtitle_bottom    text-left\">\n\n\n    <p data-pm-slice=\"1 1 &#091;&quot;list&quot;,{&quot;spread&quot;:false,&quot;start&quot;:1231,&quot;end&quot;:1864},&quot;regular_list_item&quot;,{&quot;start&quot;:1327,&quot;end&quot;:1413}&#093;\">Nau\u010dte sa z\u00e1klady kulin\u00e1rskeho remesla ako s\u00fa\u010das\u0165 profesion\u00e1lneho t\u00edmu.<\/p>\n\n\n        <span class=\"subtitle\"><\/span>\n\n<\/div><\/div><\/div><\/div><\/div><div class=\"vc_row-full-width vc_clearfix\"><\/div><div data-vc-full-width=\"true\" data-vc-full-width-init=\"false\" class=\"vc_row wpb_row vc_row-fluid vc_custom_1740055516098 vc_row-has-fill\"><div class=\"wpb_column vc_column_container vc_col-sm-3\"><div class=\"vc_column-inner\"><div class=\"wpb_wrapper\"><div class=\"heading_group_sc wpb_content_element subtitle_bottom    text-left\">\n\n\n    <p data-pm-slice=\"1 1 &#091;&quot;list&quot;,{&quot;spread&quot;:false,&quot;start&quot;:1231,&quot;end&quot;:1864},&quot;regular_list_item&quot;,{&quot;start&quot;:1414,&quot;end&quot;:1496}&#093;\"><strong>Re\u0161taur\u00e1cia<\/strong><\/p>\n\n\n        <span class=\"subtitle\"><\/span>\n\n<\/div><\/div><\/div><\/div><div class=\"wpb_column vc_column_container vc_col-sm-9\"><div class=\"vc_column-inner\"><div class=\"wpb_wrapper\"><div class=\"heading_group_sc wpb_content_element subtitle_bottom    text-left\">\n\n\n    <p data-pm-slice=\"1 1 &#091;&quot;list&quot;,{&quot;spread&quot;:false,&quot;start&quot;:1231,&quot;end&quot;:1864},&quot;regular_list_item&quot;,{&quot;start&quot;:1414,&quot;end&quot;:1496}&#093;\">Nau\u010dte sa umeniu pohostinnosti a dokonal\u00e9ho servisu.<\/p>\n\n\n        <span class=\"subtitle\"><\/span>\n\n<\/div><\/div><\/div><\/div><\/div><div class=\"vc_row-full-width vc_clearfix\"><\/div><div data-vc-full-width=\"true\" data-vc-full-width-init=\"false\" class=\"vc_row wpb_row vc_row-fluid vc_custom_1740055911594 vc_row-has-fill primary_section\"><div class=\"wpb_column vc_column_container vc_col-sm-3\"><div class=\"vc_column-inner\"><div class=\"wpb_wrapper\"><div class=\"heading_group_sc wpb_content_element subtitle_bottom    text-left\">\n\n\n    <p data-pm-slice=\"1 1 &#091;&quot;list&quot;,{&quot;spread&quot;:false,&quot;start&quot;:1231,&quot;end&quot;:1864},&quot;regular_list_item&quot;,{&quot;start&quot;:1497,&quot;end&quot;:1598}&#093;\"><strong>Front Office \/ recepcia<\/strong><\/p>\n\n\n        <span class=\"subtitle\"><\/span>\n\n<\/div><\/div><\/div><\/div><div class=\"wpb_column vc_column_container vc_col-sm-9\"><div class=\"vc_column-inner\"><div class=\"wpb_wrapper\"><div class=\"heading_group_sc wpb_content_element subtitle_bottom    text-left\">\n\n\n    <p data-pm-slice=\"1 1 &#091;&quot;list&quot;,{&quot;spread&quot;:false,&quot;start&quot;:1231,&quot;end&quot;:1864},&quot;regular_list_item&quot;,{&quot;start&quot;:1497,&quot;end&quot;:1598}&#093;\">Nahliadnite do vzru\u0161uj\u00faceho sveta v\u00edtania a pomoci hos\u0165om.<\/p>\n\n\n        <span class=\"subtitle\"><\/span>\n\n<\/div><\/div><\/div><\/div><\/div><div class=\"vc_row-full-width vc_clearfix\"><\/div><div data-vc-full-width=\"true\" data-vc-full-width-init=\"false\" class=\"vc_row wpb_row vc_row-fluid vc_custom_1740055577617 vc_row-has-fill\"><div class=\"wpb_column vc_column_container vc_col-sm-3\"><div class=\"vc_column-inner\"><div class=\"wpb_wrapper\"><div class=\"heading_group_sc wpb_content_element subtitle_bottom    text-left\">\n\n\n    <p data-pm-slice=\"1 1 &#091;&quot;list&quot;,{&quot;spread&quot;:false,&quot;start&quot;:1231,&quot;end&quot;:1864},&quot;regular_list_item&quot;,{&quot;start&quot;:1599,&quot;end&quot;:1702}&#093;\"><strong>Predaj<\/strong><\/p>\n\n\n        <span class=\"subtitle\"><\/span>\n\n<\/div><\/div><\/div><\/div><div class=\"wpb_column vc_column_container vc_col-sm-9\"><div class=\"vc_column-inner\"><div class=\"wpb_wrapper\"><div class=\"heading_group_sc wpb_content_element subtitle_bottom    text-left\">\n\n\n    <p data-pm-slice=\"1 1 &#091;&quot;list&quot;,{&quot;spread&quot;:false,&quot;start&quot;:1231,&quot;end&quot;:1864},&quot;regular_list_item&quot;,{&quot;start&quot;:1599,&quot;end&quot;:1702}&#093;\">Zistite, ako sa vytv\u00e1ra strat\u00e9gia predaja a marketingov\u00e9 aktivity hotela.<\/p>\n\n\n        <span class=\"subtitle\"><\/span>\n\n<\/div><\/div><\/div><\/div><\/div><div class=\"vc_row-full-width vc_clearfix\"><\/div><div data-vc-full-width=\"true\" data-vc-full-width-init=\"false\" class=\"vc_row wpb_row vc_row-fluid vc_custom_1740055929170 vc_row-has-fill primary_section\"><div class=\"wpb_column vc_column_container vc_col-sm-3\"><div class=\"vc_column-inner\"><div class=\"wpb_wrapper\"><div class=\"heading_group_sc wpb_content_element subtitle_bottom    text-left\">\n\n\n    <p data-pm-slice=\"1 1 &#091;&quot;list&quot;,{&quot;spread&quot;:false,&quot;start&quot;:1231,&quot;end&quot;:1864},&quot;regular_list_item&quot;,{&quot;start&quot;:1793,&quot;end&quot;:1864}&#093;\"><strong>Technick\u00e1 str\u00e1nka<\/strong><\/p>\n\n\n        <span class=\"subtitle\"><\/span>\n\n<\/div><\/div><\/div><\/div><div class=\"wpb_column vc_column_container vc_col-sm-9\"><div class=\"vc_column-inner\"><div class=\"wpb_wrapper\"><div class=\"heading_group_sc wpb_content_element subtitle_bottom    text-left\">\n\n\n    <p data-pm-slice=\"1 1 &#091;&quot;list&quot;,{&quot;spread&quot;:false,&quot;start&quot;:1231,&quot;end&quot;:1864},&quot;regular_list_item&quot;,{&quot;start&quot;:1793,&quot;end&quot;:1864}&#093;\">Pozrite sa na technick\u00fa str\u00e1nku prev\u00e1dzky hotela.<\/p>\n\n\n        <span class=\"subtitle\"><\/span>\n\n<\/div><\/div><\/div><\/div><\/div><div class=\"vc_row-full-width vc_clearfix\"><\/div><div class=\"vc_row wpb_row vc_row-fluid vc_custom_1740058593443 vc_row-has-fill\"><div class=\"wpb_column vc_column_container vc_col-sm-12\"><div class=\"vc_column-inner\"><div class=\"wpb_wrapper\"><div class=\"heading_group_sc wpb_content_element subtitle_bottom    text-center\">\n\n\n    <p data-pm-slice=\"1 1 &#091;&#093;\">Pridajte sa k n\u00e1m a budujte svoju bud\u00facnos\u0165 na v\u00fdnimo\u010dnom mieste! Prihl\u00e1ste sa teraz a sta\u0148te sa s\u00fa\u010das\u0165ou vzru\u0161uj\u00faceho sveta hotelierstva!<\/p>\n<p data-pm-slice=\"1 1 &#091;&#093;\"><span style=\"font-weight: 400;\">Fotok\u00f3piu svojho \u017eivotopisu s uveden\u00edm pracovn\u00e9ho miesta, o ktor\u00e9 sa uch\u00e1dzate, po\u0161lite na adresu <\/span><a href=\"mailto:hr@annagrandhotel.hu\"><span style=\"font-weight: 400;\">hr@annagrandhotel.hu<\/span><\/a><span style=\"font-weight: 400;\"> na t\u00fato adresu.<\/span><\/p>\n\n\n        <span class=\"subtitle\"><\/span>\n\n<\/div><\/div><\/div><\/div><\/div>\n<\/div>","protected":false},"excerpt":{"rendered":"Fedezd fel a vend\u00e9gl\u00e1t\u00e1s vil\u00e1g\u00e1t \u2013 Szakmai gyakorlat az Anna Grand Hotelben \u00e9s a Balaton Park Hotelben! Szeretn\u00e9d egy modern, eleg\u00e1ns k\u00f6rnyezetben megszerezni els\u0151 szakmai tapasztalataidat? Az Anna Grand Hotel \u00e9s a Balaton Park Hotel most lehet\u0151s\u00e9get k\u00edn\u00e1l, hogy gyakorlati id\u0151det egy pr\u00e9mium sz\u00e1llod\u00e1ban t\u00f6lthesd el, ahol val\u00f3di tud\u00e1sra tehetsz szert a vend\u00e9gl\u00e1t\u00e1s \u00e9s a [...]","protected":false},"author":1,"featured_media":0,"parent":0,"menu_order":0,"comment_status":"closed","ping_status":"closed","template":"","meta":{"footnotes":""},"class_list":["post-4732","page","type-page","status-publish","hentry"],"aioseo_notices":[],"_links":{"self":[{"href":"https:\/\/annagrandhotel.hu\/sk\/wp-json\/wp\/v2\/pages\/4732","targetHints":{"allow":["GET"]}}],"collection":[{"href":"https:\/\/annagrandhotel.hu\/sk\/wp-json\/wp\/v2\/pages"}],"about":[{"href":"https:\/\/annagrandhotel.hu\/sk\/wp-json\/wp\/v2\/types\/page"}],"author":[{"embeddable":true,"href":"https:\/\/annagrandhotel.hu\/sk\/wp-json\/wp\/v2\/users\/1"}],"replies":[{"embeddable":true,"href":"https:\/\/annagrandhotel.hu\/sk\/wp-json\/wp\/v2\/comments?post=4732"}],"version-history":[{"count":57,"href":"https:\/\/annagrandhotel.hu\/sk\/wp-json\/wp\/v2\/pages\/4732\/revisions"}],"predecessor-version":[{"id":5470,"href":"https:\/\/annagrandhotel.hu\/sk\/wp-json\/wp\/v2\/pages\/4732\/revisions\/5470"}],"wp:attachment":[{"href":"https:\/\/annagrandhotel.hu\/sk\/wp-json\/wp\/v2\/media?parent=4732"}],"curies":[{"name":"wp","href":"https:\/\/api.w.org\/{rel}","templated":true}]}}