{"id":4643,"date":"2025-02-06T13:42:01","date_gmt":"2025-02-06T12:42:01","guid":{"rendered":"https:\/\/annagrandhotel.hu\/?page_id=4643"},"modified":"2025-10-13T09:10:48","modified_gmt":"2025-10-13T07:10:48","slug":"dvorenie-v-hoteli-anna-grand","status":"publish","type":"page","link":"https:\/\/annagrandhotel.hu\/sk\/udvozoljuk-az-anna-grand-hotelben\/","title":{"rendered":"Vitajte v hoteli Anna Grand!"},"content":{"rendered":"<div class=\"wpb-content-wrapper\"><div class=\"vc_row wpb_row vc_row-fluid vc_custom_1738858628888 vc_row-has-fill\"><div class=\"wpb_column vc_column_container vc_col-sm-4\"><div class=\"vc_column-inner\"><div class=\"wpb_wrapper\"><div class=\"plethora_button wpb_content_element  vc_custom_1739449503710  text-center\">\n    <a href=\"https:\/\/annagrandhotel.hu\/hun\/udvozoljuk-az-anna-grand-hotelben\/\" class=\"btn btn-secondary\" title=\"\"  target=\"_self\">\n\n        \n        MA\u010eARSKO\n        \n\n    <\/a>\n<\/div><\/div><\/div><\/div><div class=\"wpb_column vc_column_container vc_col-sm-4\"><div class=\"vc_column-inner\"><div class=\"wpb_wrapper\"><div class=\"plethora_button wpb_content_element  vc_custom_1739447185210  text-center\">\n    <a href=\"https:\/\/annagrandhotel.hu\/eng\/welcome-to-anna-grand-hotel\" class=\"btn btn-secondary\" title=\"\"  target=\"_self\">\n\n        \n        ANGLI\u010cTINA\n        \n\n    <\/a>\n<\/div><\/div><\/div><\/div><div class=\"wpb_column vc_column_container vc_col-sm-4\"><div class=\"vc_column-inner\"><div class=\"wpb_wrapper\"><div class=\"plethora_button wpb_content_element  vc_custom_1739447224346  text-center\">\n    <a href=\"https:\/\/annagrandhotel.hu\/de\/wilkommen-in-anna-grand-hotel\" class=\"btn btn-secondary\" title=\"\"  target=\"_self\">\n\n        \n        DEUTSCH\n        \n\n    <\/a>\n<\/div><\/div><\/div><\/div><\/div><div data-vc-full-width=\"true\" data-vc-full-width-init=\"false\" class=\"vc_row wpb_row vc_row-fluid vc_custom_1738852730152 vc_row-has-fill transparent transparent_film\"><div class=\"wpb_column vc_column_container vc_col-sm-12 vc_col-has-fill\"><div class=\"vc_column-inner vc_custom_1738848554620\"><div class=\"wpb_wrapper\">\n\t<div  class=\"wpb_single_image wpb_content_element vc_align_center\">\n\t\t\n\t\t<figure class=\"wpb_wrapper vc_figure\">\n\t\t\t<div class=\"vc_single_image-wrapper   vc_box_border_grey\"><img loading=\"lazy\" decoding=\"async\" width=\"250\" height=\"155\" src=\"https:\/\/annagrandhotel.hu\/wp-content\/uploads\/2024\/09\/Anna-Grand-5-star-main-1.png\" class=\"vc_single_image-img attachment-full\" alt=\"\" title=\"Anna Grand 5 hviezdi\u010diek hlavn\u00e9\" srcset=\"https:\/\/annagrandhotel.hu\/wp-content\/uploads\/2024\/09\/Anna-Grand-5-star-main-1.png 250w, https:\/\/annagrandhotel.hu\/wp-content\/uploads\/2024\/09\/Anna-Grand-5-star-main-1-18x12.png 18w\" sizes=\"auto, (max-width: 250px) 100vw, 250px\" \/><\/div>\n\t\t<\/figure>\n\t<\/div>\n<div class=\"heading_group_sc wpb_content_element subtitle_bottom   vc_custom_1738857284307  text-center\">\n\n\n    <h2>VITAJTE V HOTELI ANNA GRAND!<\/h2>\n\n\n        <span class=\"subtitle\"><\/span>\n\n<\/div><\/div><\/div><\/div><\/div><div class=\"vc_row-full-width vc_clearfix\"><\/div><div class=\"vc_row wpb_row vc_row-fluid vc_custom_1738841898084 vc_row-has-fill\"><div class=\"wpb_column vc_column_container vc_col-sm-4\"><div class=\"vc_column-inner\"><div class=\"wpb_wrapper\"><!-- ========================== HOVER BOX ==========================-->\n\n<div style=\"background-image: url('https:\/\/annagrandhotel.hu\/wp-content\/uploads\/2025\/02\/Recepcio-felulet_Rajztabla-1-01-1.png')\" class=\"hoverbox wpb_content_element black_section neutralize_links stretchy_wrapper ratio_1-1   vc_custom_1738854469909\">\n<div class=\"hoverbox_tran black_section transparent_film\"><\/div>\n\t<a href=\"#\">\n\t\t<div class=\"hoverbox_title\">\n\t\t\t<h2>HOTEL<\/h2>\n\t\t<\/div>\n\t\t<div class=\"hoverbox_paragraph\">\n\t\t\t<p><\/p>\n<p style=\"text-align: justify;\">N\u00e1\u0161 bezkonkuren\u010dn\u00fd, st\u00e1ro\u010dia star\u00fd pr\u00e9miov\u00fd hotel v\u00e1s poz\u00fdva na nezabudnute\u013en\u00fa cestu v exkluz\u00edvnom a pohodlnom prostred\u00ed.<\/p>\n<p><\/p>\n\t\t<\/div>\n\t<\/a>\t\n<\/div>\n\n<!-- END======================= HOVER BOX ==========================--><\/div><\/div><\/div><div class=\"wpb_column vc_column_container vc_col-sm-4\"><div class=\"vc_column-inner\"><div class=\"wpb_wrapper\"><!-- ========================== HOVER BOX ==========================-->\n\n<div style=\"background-image: url('https:\/\/annagrandhotel.hu\/wp-content\/uploads\/2025\/02\/Recepcio-felulet_Rajztabla-1-02.png')\" class=\"hoverbox wpb_content_element black_section neutralize_links stretchy_wrapper ratio_1-1   vc_custom_1738854544599\">\n<div class=\"hoverbox_tran black_section transparent_film\"><\/div>\n\t<a href=\"#\">\n\t\t<div class=\"hoverbox_title\">\n\t\t\t<h2>ANNA SPA<\/h2>\n\t\t<\/div>\n\t\t<div class=\"hoverbox_paragraph\">\n\t\t\t<p><\/p>\n<p style=\"text-align: justify;\">\u010ci u\u017e h\u013ead\u00e1te relax alebo akt\u00edvny odpo\u010dinok, wellness centrum Anna Spa s baz\u00e9nmi, saunami a \u010fal\u0161\u00edmi relaxa\u010dn\u00fdmi zariadeniami, ako aj modern\u00e9 technogym stroje vo fitnescentre uspokoja \u0161irok\u00fa \u0161k\u00e1lu potrieb.<\/p>\n<p>OTV\u00c1RACIE HODINY: 8:00-20:00<\/p>\n\t\t<\/div>\n\t<\/a>\t\n<\/div>\n\n<!-- END======================= HOVER BOX ==========================--><\/div><\/div><\/div><div class=\"wpb_column vc_column_container vc_col-sm-4\"><div class=\"vc_column-inner\"><div class=\"wpb_wrapper\"><!-- ========================== HOVER BOX ==========================-->\n\n<div style=\"background-image: url('https:\/\/annagrandhotel.hu\/wp-content\/uploads\/2025\/02\/Recepcio-felulet_Rajztabla-1-03.png')\" class=\"hoverbox wpb_content_element black_section neutralize_links stretchy_wrapper ratio_1-1   vc_custom_1738854189573\">\n<div class=\"hoverbox_tran black_section transparent_film\"><\/div>\n\t<a href=\"#\">\n\t\t<div class=\"hoverbox_title\">\n\t\t\t<h2>Lounge bar<\/h2>\n\t\t<\/div>\n\t\t<div class=\"hoverbox_paragraph\">\n\t\t\t<p><\/p>\n<p style=\"text-align: justify;\">Lounge bar je nezamenite\u013en\u00fd v\u00ednny a koktailov\u00fd sal\u00f3nik, v ktorom okrem klasick\u00fdch koktailov a koktailov in\u0161pirovan\u00fdch zna\u010dkou ANNA GRAND pon\u00fakame aj \u0161irok\u00fa \u0161k\u00e1lu pr\u00e9miov\u00fdch n\u00e1pojov.<\/p>\n<p>OTV\u00c1RACIE HODINY: 9:00-24:00<\/p>\n\t\t<\/div>\n\t<\/a>\t\n<\/div>\n\n<!-- END======================= HOVER BOX ==========================--><\/div><\/div><\/div><\/div><div class=\"vc_row wpb_row vc_row-fluid vc_custom_1738841898084 vc_row-has-fill\"><div class=\"wpb_column vc_column_container vc_col-sm-4\"><div class=\"vc_column-inner\"><div class=\"wpb_wrapper\"><!-- ========================== HOVER BOX ==========================-->\n\n<div style=\"background-image: url('https:\/\/annagrandhotel.hu\/wp-content\/uploads\/2025\/02\/Recepcio-felulet_Rajztabla-1-04.png')\" class=\"hoverbox wpb_content_element black_section neutralize_links stretchy_wrapper ratio_1-1\">\n<div class=\"hoverbox_tran black_section transparent_film\"><\/div>\n\t<a href=\"#\">\n\t\t<div class=\"hoverbox_title\">\n\t\t\t<h2>Kaviare\u0148 Anna<\/h2>\n\t\t<\/div>\n\t\t<div class=\"hoverbox_paragraph\">\n\t\t\t<p><\/p>\n<p style=\"text-align: justify;\">Kaviare\u0148 Anna, ktor\u00e1 je v prev\u00e1dzke dodnes, bola postaven\u00e1 v polovici 19. storo\u010dia pod\u013ea vzoru budape\u0161tianskej kaviarne Pilvax. V n\u00e1pojovom l\u00edstku n\u00e1jdete cel\u00fd rad \u0161pecial\u00edt, od svetlej a tmavej talianskej k\u00e1vy a\u017e po doma pra\u017een\u00fa k\u00e1vu.<\/p>\n<p>&nbsp;<\/p>\n<p>OTV\u00c1RACIE HODINY: 9:00-24:00<\/p>\n\t\t<\/div>\n\t<\/a>\t\n<\/div>\n\n<!-- END======================= HOVER BOX ==========================--><\/div><\/div><\/div><div class=\"wpb_column vc_column_container vc_col-sm-4\"><div class=\"vc_column-inner\"><div class=\"wpb_wrapper\"><!-- ========================== HOVER BOX ==========================-->\n\n<div style=\"background-image: url('https:\/\/annagrandhotel.hu\/wp-content\/uploads\/2025\/02\/Recepcio-felulet_Rajztabla-1-05.png')\" class=\"hoverbox wpb_content_element black_section neutralize_links stretchy_wrapper ratio_1-1\">\n<div class=\"hoverbox_tran black_section transparent_film\"><\/div>\n\t<a href=\"#\">\n\t\t<div class=\"hoverbox_title\">\n\t\t\t<h2>Gastron\u00f3mia<\/h2>\n\t\t<\/div>\n\t\t<div class=\"hoverbox_paragraph\">\n\t\t\t<p><\/p>\n<p style=\"text-align: justify;\">Re\u0161taur\u00e1cia ANNA GRAND m\u00e1 vzne\u0161en\u00e9 menu s r\u00f4znymi ma\u010farsk\u00fdmi kulin\u00e1rskymi \u0161pecialitami, ale v na\u0161ej romantickej re\u0161taur\u00e1cii, kde sa jedine\u010dn\u00fd kulin\u00e1rsky z\u00e1\u017eitok sp\u00e1ja s dokonal\u00fdm servisom, pon\u00fakame \u0161irok\u00fa \u0161k\u00e1lu jed\u00e1l od brav\u010dov\u00fdch rebier a\u017e po steak z rebier.<\/p>\n\t\t<\/div>\n\t<\/a>\t\n<\/div>\n\n<!-- END======================= HOVER BOX ==========================--><\/div><\/div><\/div><div class=\"wpb_column vc_column_container vc_col-sm-4\"><div class=\"vc_column-inner\"><div class=\"wpb_wrapper\"><!-- ========================== HOVER BOX ==========================-->\n\n<div style=\"background-image: url('https:\/\/annagrandhotel.hu\/wp-content\/uploads\/2025\/02\/Recepcio-felulet_Rajztabla-1-06.png')\" class=\"hoverbox wpb_content_element black_section neutralize_links stretchy_wrapper ratio_1-1\">\n<div class=\"hoverbox_tran black_section transparent_film\"><\/div>\n\t<a href=\"#\">\n\t\t<div class=\"hoverbox_title\">\n\t\t\t<h2>Pripravovan\u00e9 programy<\/h2>\n\t\t<\/div>\n\t\t<div class=\"hoverbox_paragraph\">\n\t\t\t<p>Beseda s Annou P\u00e1lmai - 15. MAREC, 20:30 | Lounge Bar<\/p>\n\t\t<\/div>\n\t<\/a>\t\n<\/div>\n\n<!-- END======================= HOVER BOX ==========================--><\/div><\/div><\/div><\/div><div class=\"vc_row wpb_row vc_row-fluid vc_custom_1738841889565 vc_row-has-fill\"><div class=\"wpb_column vc_column_container vc_col-sm-12 vc_col-has-fill\"><div class=\"vc_column-inner vc_custom_1738848554620\"><div class=\"wpb_wrapper\"><div class=\"heading_group_sc wpb_content_element subtitle_bottom   vc_custom_1738848624019  text-center\">\n\n\n    <h2>Ohodno\u0165te n\u00e1s:<\/h2>\n\n\n        <span class=\"subtitle\"><\/span>\n\n<\/div><\/div><\/div><\/div><\/div><div class=\"vc_row wpb_row vc_row-fluid vc_custom_1738841898084 vc_row-has-fill\"><div class=\"wpb_column vc_column_container vc_col-sm-4 vc_col-has-fill\"><div class=\"vc_column-inner vc_custom_1738848583522\"><div class=\"wpb_wrapper\">\n\t<div  class=\"wpb_single_image wpb_content_element vc_align_center  vc_custom_1738855653178\">\n\t\t\n\t\t<figure class=\"wpb_wrapper vc_figure\">\n\t\t\t<div class=\"vc_single_image-wrapper   vc_box_border_grey\"><img loading=\"lazy\" decoding=\"async\" width=\"1080\" height=\"1080\" src=\"https:\/\/annagrandhotel.hu\/wp-content\/uploads\/2025\/02\/Review_Rajztabla-1-01.png\" class=\"vc_single_image-img attachment-full\" alt=\"\" title=\"Review_Sign 1-01\" srcset=\"https:\/\/annagrandhotel.hu\/wp-content\/uploads\/2025\/02\/Review_Rajztabla-1-01.png 1080w, https:\/\/annagrandhotel.hu\/wp-content\/uploads\/2025\/02\/Review_Rajztabla-1-01-300x300.png 300w, https:\/\/annagrandhotel.hu\/wp-content\/uploads\/2025\/02\/Review_Rajztabla-1-01-1024x1024.png 1024w, https:\/\/annagrandhotel.hu\/wp-content\/uploads\/2025\/02\/Review_Rajztabla-1-01-150x150.png 150w, https:\/\/annagrandhotel.hu\/wp-content\/uploads\/2025\/02\/Review_Rajztabla-1-01-768x768.png 768w, https:\/\/annagrandhotel.hu\/wp-content\/uploads\/2025\/02\/Review_Rajztabla-1-01-12x12.png 12w\" sizes=\"auto, (max-width: 1080px) 100vw, 1080px\" \/><\/div>\n\t\t<\/figure>\n\t<\/div>\n<\/div><\/div><\/div><div class=\"wpb_column vc_column_container vc_col-sm-4 vc_col-has-fill\"><div class=\"vc_column-inner vc_custom_1738848593148\"><div class=\"wpb_wrapper\">\n\t<div  class=\"wpb_single_image wpb_content_element vc_align_center  vc_custom_1738855662644\">\n\t\t\n\t\t<figure class=\"wpb_wrapper vc_figure\">\n\t\t\t<div class=\"vc_single_image-wrapper   vc_box_border_grey\"><img loading=\"lazy\" decoding=\"async\" width=\"1080\" height=\"1080\" src=\"https:\/\/annagrandhotel.hu\/wp-content\/uploads\/2025\/02\/Review_Rajztabla-1-02.png\" class=\"vc_single_image-img attachment-full\" alt=\"\" title=\"Review_Sign 1-02\" srcset=\"https:\/\/annagrandhotel.hu\/wp-content\/uploads\/2025\/02\/Review_Rajztabla-1-02.png 1080w, https:\/\/annagrandhotel.hu\/wp-content\/uploads\/2025\/02\/Review_Rajztabla-1-02-300x300.png 300w, https:\/\/annagrandhotel.hu\/wp-content\/uploads\/2025\/02\/Review_Rajztabla-1-02-1024x1024.png 1024w, https:\/\/annagrandhotel.hu\/wp-content\/uploads\/2025\/02\/Review_Rajztabla-1-02-150x150.png 150w, https:\/\/annagrandhotel.hu\/wp-content\/uploads\/2025\/02\/Review_Rajztabla-1-02-768x768.png 768w, https:\/\/annagrandhotel.hu\/wp-content\/uploads\/2025\/02\/Review_Rajztabla-1-02-12x12.png 12w\" sizes=\"auto, (max-width: 1080px) 100vw, 1080px\" \/><\/div>\n\t\t<\/figure>\n\t<\/div>\n<\/div><\/div><\/div><div class=\"wpb_column vc_column_container vc_col-sm-4 vc_col-has-fill\"><div class=\"vc_column-inner vc_custom_1738848600612\"><div class=\"wpb_wrapper\">\n\t<div  class=\"wpb_single_image wpb_content_element vc_align_center  vc_custom_1738855671834\">\n\t\t\n\t\t<figure class=\"wpb_wrapper vc_figure\">\n\t\t\t<div class=\"vc_single_image-wrapper   vc_box_border_grey\"><img loading=\"lazy\" decoding=\"async\" width=\"1080\" height=\"1080\" src=\"https:\/\/annagrandhotel.hu\/wp-content\/uploads\/2025\/02\/Review_Rajztabla-1-03.png\" class=\"vc_single_image-img attachment-full\" alt=\"\" title=\"Review_Sign 1-03\" srcset=\"https:\/\/annagrandhotel.hu\/wp-content\/uploads\/2025\/02\/Review_Rajztabla-1-03.png 1080w, https:\/\/annagrandhotel.hu\/wp-content\/uploads\/2025\/02\/Review_Rajztabla-1-03-300x300.png 300w, https:\/\/annagrandhotel.hu\/wp-content\/uploads\/2025\/02\/Review_Rajztabla-1-03-1024x1024.png 1024w, https:\/\/annagrandhotel.hu\/wp-content\/uploads\/2025\/02\/Review_Rajztabla-1-03-150x150.png 150w, https:\/\/annagrandhotel.hu\/wp-content\/uploads\/2025\/02\/Review_Rajztabla-1-03-768x768.png 768w, https:\/\/annagrandhotel.hu\/wp-content\/uploads\/2025\/02\/Review_Rajztabla-1-03-12x12.png 12w\" sizes=\"auto, (max-width: 1080px) 100vw, 1080px\" \/><\/div>\n\t\t<\/figure>\n\t<\/div>\n<\/div><\/div><\/div><\/div><div class=\"vc_row wpb_row vc_row-fluid vc_custom_1738855722112 vc_row-has-fill vc_row-o-equal-height vc_row-flex\"><div class=\"wpb_column vc_column_container vc_col-sm-8\"><div class=\"vc_column-inner vc_custom_1738848702573 secondary_section\"><div class=\"wpb_wrapper\"><\/div><\/div><\/div><div class=\"wpb_column vc_column_container vc_col-sm-4\"><div class=\"vc_column-inner\"><div class=\"wpb_wrapper\">\n\t<div  class=\"wpb_single_image wpb_content_element vc_align_left\">\n\t\t\n\t\t<figure class=\"wpb_wrapper vc_figure\">\n\t\t\t<div class=\"vc_single_image-wrapper   vc_box_border_grey\"><img loading=\"lazy\" decoding=\"async\" width=\"478\" height=\"395\" src=\"https:\/\/annagrandhotel.hu\/wp-content\/uploads\/2025\/02\/Social-08.png\" class=\"vc_single_image-img attachment-full\" alt=\"\" title=\"Soci\u00e1lne-08\" srcset=\"https:\/\/annagrandhotel.hu\/wp-content\/uploads\/2025\/02\/Social-08.png 478w, https:\/\/annagrandhotel.hu\/wp-content\/uploads\/2025\/02\/Social-08-300x248.png 300w, https:\/\/annagrandhotel.hu\/wp-content\/uploads\/2025\/02\/Social-08-15x12.png 15w\" sizes=\"auto, (max-width: 478px) 100vw, 478px\" \/><\/div>\n\t\t<\/figure>\n\t<\/div>\n<\/div><\/div><\/div><\/div>\n<\/div>","protected":false},"excerpt":{"rendered":"MAGYAR ENGLISH DEUTSCH \u00dcDV\u00d6Z\u00d6LJ\u00dcK AZ ANNA GRAND HOTELBEN! HOTEL P\u00e1ratlan, t\u00f6bb \u00e9vsz\u00e1zados m\u00faltra visszatekint\u0151, pr\u00e9mium sz\u00e1llod\u00e1nk egy felejthetetlen utaz\u00e1sra h\u00edvja vend\u00e9geit, akik exkluz\u00edv \u00e9s komfortos k\u00f6rnyezetben t\u00f6lthetik pihen\u00e9s\u00fcket. ANNA SPA Ak\u00e1r relax\u00e1l\u00f3, ak\u00e1r akt\u00edv pihen\u00e9sr\u0151l legyen sz\u00f3, az Anna Spa wellness r\u00e9szleg\u00e9nek medenc\u00e9i, szaun\u00e1i \u00e9s egy\u00e9b relax\u00e1ci\u00f3t seg\u00edt\u0151 berendez\u00e9sei, illetve fitness r\u00e9szleg\u00e9nek modern, technogym g\u00e9pei [...]","protected":false},"author":1,"featured_media":4667,"parent":0,"menu_order":0,"comment_status":"closed","ping_status":"closed","template":"","meta":{"footnotes":""},"class_list":["post-4643","page","type-page","status-publish","has-post-thumbnail","hentry"],"aioseo_notices":[],"_links":{"self":[{"href":"https:\/\/annagrandhotel.hu\/sk\/wp-json\/wp\/v2\/pages\/4643","targetHints":{"allow":["GET"]}}],"collection":[{"href":"https:\/\/annagrandhotel.hu\/sk\/wp-json\/wp\/v2\/pages"}],"about":[{"href":"https:\/\/annagrandhotel.hu\/sk\/wp-json\/wp\/v2\/types\/page"}],"author":[{"embeddable":true,"href":"https:\/\/annagrandhotel.hu\/sk\/wp-json\/wp\/v2\/users\/1"}],"replies":[{"embeddable":true,"href":"https:\/\/annagrandhotel.hu\/sk\/wp-json\/wp\/v2\/comments?post=4643"}],"version-history":[{"count":52,"href":"https:\/\/annagrandhotel.hu\/sk\/wp-json\/wp\/v2\/pages\/4643\/revisions"}],"predecessor-version":[{"id":5224,"href":"https:\/\/annagrandhotel.hu\/sk\/wp-json\/wp\/v2\/pages\/4643\/revisions\/5224"}],"wp:featuredmedia":[{"embeddable":true,"href":"https:\/\/annagrandhotel.hu\/sk\/wp-json\/wp\/v2\/media\/4667"}],"wp:attachment":[{"href":"https:\/\/annagrandhotel.hu\/sk\/wp-json\/wp\/v2\/media?parent=4643"}],"curies":[{"name":"wp","href":"https:\/\/api.w.org\/{rel}","templated":true}]}}