{"id":4575,"date":"2025-01-13T10:51:02","date_gmt":"2025-01-13T09:51:02","guid":{"rendered":"https:\/\/annagrandhotel.hu\/?page_id=4575"},"modified":"2026-02-23T10:45:22","modified_gmt":"2026-02-23T09:45:22","slug":"udrzba","status":"publish","type":"page","link":"https:\/\/annagrandhotel.hu\/sk\/karbantarto\/","title":{"rendered":"\u00dadr\u017eba"},"content":{"rendered":"<div class=\"wpb-content-wrapper\"><div class=\"vc_row wpb_row vc_row-fluid vc_custom_1736761782676 vc_row-has-fill\"><div class=\"wpb_column vc_column_container vc_col-sm-12\"><div class=\"vc_column-inner\"><div class=\"wpb_wrapper\">\n\t<div  class=\"wpb_single_image wpb_content_element vc_align_center\">\n\t\t\n\t\t<figure class=\"wpb_wrapper vc_figure\">\n\t\t\t<div class=\"vc_single_image-wrapper   vc_box_border_grey\"><img loading=\"lazy\" decoding=\"async\" width=\"250\" height=\"155\" src=\"https:\/\/annagrandhotel.hu\/wp-content\/uploads\/2024\/09\/Anna-Grand-5-star-main-1.png\" class=\"vc_single_image-img attachment-full\" alt=\"\" title=\"Anna Grand 5 hviezdi\u010diek hlavn\u00e9\" srcset=\"https:\/\/annagrandhotel.hu\/wp-content\/uploads\/2024\/09\/Anna-Grand-5-star-main-1.png 250w, https:\/\/annagrandhotel.hu\/wp-content\/uploads\/2024\/09\/Anna-Grand-5-star-main-1-18x12.png 18w\" sizes=\"auto, (max-width: 250px) 100vw, 250px\" \/><\/div>\n\t\t<\/figure>\n\t<\/div>\n\n\t<div  class=\"wpb_single_image wpb_content_element vc_align_center\">\n\t\t\n\t\t<figure class=\"wpb_wrapper vc_figure\">\n\t\t\t<div class=\"vc_single_image-wrapper   vc_box_border_grey\"><img loading=\"lazy\" decoding=\"async\" width=\"1003\" height=\"11\" src=\"https:\/\/annagrandhotel.hu\/wp-content\/uploads\/2023\/11\/Anna-Grand-Hotel-elvalaszto.webp\" class=\"vc_single_image-img attachment-full\" alt=\"\" title=\"Anna Grand Hotel rozde\u013eova\u010d\" srcset=\"https:\/\/annagrandhotel.hu\/wp-content\/uploads\/2023\/11\/Anna-Grand-Hotel-elvalaszto.webp 1003w, https:\/\/annagrandhotel.hu\/wp-content\/uploads\/2023\/11\/Anna-Grand-Hotel-elvalaszto-300x3.webp 300w, https:\/\/annagrandhotel.hu\/wp-content\/uploads\/2023\/11\/Anna-Grand-Hotel-elvalaszto-768x8.webp 768w, https:\/\/annagrandhotel.hu\/wp-content\/uploads\/2023\/11\/Anna-Grand-Hotel-elvalaszto-18x1.webp 18w\" sizes=\"auto, (max-width: 1003px) 100vw, 1003px\" \/><\/div>\n\t\t<\/figure>\n\t<\/div>\n<div class=\"heading_group_sc wpb_content_element subtitle_bottom    text-center\">\n\n\n    <h2>\u00dadr\u017eba<\/h2>\n\n\n        <span class=\"subtitle\"><\/span>\n\n<\/div><\/div><\/div><\/div><\/div><div class=\"vc_row wpb_row vc_row-fluid vc_custom_1736761741061 vc_row-has-fill\"><div class=\"wpb_column vc_column_container vc_col-sm-9\"><div class=\"vc_column-inner\"><div class=\"wpb_wrapper\"><div class=\"heading_group_sc wpb_content_element subtitle_bottom    text-left\">\n\n\n    <p><strong>\u010co pon\u00fakame na\u0161im bud\u00facim \u010dlenom t\u00edmu v na\u0161om celoro\u010dnom hoteli:<\/strong><\/p>\n<ul>\n<li style=\"font-weight: 400;\" aria-level=\"1\"><span style=\"font-weight: 400;\">dlhodob\u00e9, bezpe\u010dn\u00e9 zamestnanie s 8-hodinovou v\u00fdpovednou lehotou<\/span><\/li>\n<li style=\"font-weight: 400;\" aria-level=\"1\"><span style=\"font-weight: 400;\">pr\u00edspevok na cestu medzi pracoviskom a domovom<\/span><\/li>\n<li style=\"font-weight: 400;\" aria-level=\"1\"><span style=\"font-weight: 400;\">predv\u00eddate\u013en\u00fd pracovn\u00fd \u010das<\/span><\/li>\n<li style=\"font-weight: 400;\" aria-level=\"1\"><span style=\"font-weight: 400;\">uniformy pre exkluz\u00edvny hotel\u00a0<\/span><\/li>\n<li style=\"font-weight: 400;\" aria-level=\"1\"><span style=\"font-weight: 400;\">tepl\u00e9 jedl\u00e1 po\u010das pracovn\u00fdch dn\u00ed<\/span><\/li>\n<li style=\"font-weight: 400;\" aria-level=\"1\"><span style=\"font-weight: 400;\">dynamick\u00fd t\u00edm a \u0161t\u00fdlov\u00e9 pracovn\u00e9 prostredie<\/span><\/li>\n<li style=\"font-weight: 400;\" aria-level=\"1\"><span style=\"font-weight: 400;\">mo\u017enosti odborn\u00e9ho rozvoja<\/span><\/li>\n<\/ul>\n<p><strong>Pracovn\u00e9 povinnosti:<\/strong><\/p>\n<ul>\n<li style=\"font-weight: 400;\" aria-level=\"1\"><span style=\"font-weight: 400;\">vykon\u00e1vanie \u00fadr\u017eb\u00e1rskych pr\u00e1c a v\u0161eobecn\u00fdch \u00faloh v oblasti ochrany pr\u00edrody.<\/span><\/li>\n<li style=\"font-weight: 400;\" aria-level=\"1\"><span style=\"font-weight: 400;\">rie\u0161enie probl\u00e9mov, vy\u0161etrovanie technick\u00fdch por\u00fach<\/span><\/li>\n<li style=\"font-weight: 400;\" aria-level=\"1\"><span style=\"font-weight: 400;\">pomoc pri drobn\u00fdch mont\u00e1\u017enych, stavebn\u00fdch a manipula\u010dn\u00fdch pr\u00e1cach s materi\u00e1lom.<\/span><\/li>\n<li style=\"font-weight: 400;\" aria-level=\"1\"><span style=\"font-weight: 400;\">priebe\u017en\u00e9 monitorovanie spotreby energie v hoteli<\/span><\/li>\n<li style=\"font-weight: 400;\" aria-level=\"1\"><span style=\"font-weight: 400;\">vykon\u00e1vanie technick\u00fdch prev\u00e1dzkov\u00fdch \u00faloh.<\/span><\/li>\n<\/ul>\n<p><strong>\u010co potrebujete na podanie \u017eiadosti:<\/strong><\/p>\n<ul>\n<li style=\"font-weight: 400;\" aria-level=\"1\"><span style=\"font-weight: 400;\">osved\u010denie o u\u010d\u0148ovskom vzdelan\u00ed<\/span><\/li>\n<li style=\"font-weight: 400;\" aria-level=\"1\"><span style=\"font-weight: 400;\">samostatn\u00e1, n\u00e1ro\u010dn\u00e1 pr\u00e1ca<\/span><\/li>\n<li style=\"font-weight: 400;\" aria-level=\"1\"><span style=\"font-weight: 400;\">proaktivita, predch\u00e1dzaj\u00faca znalos\u0165 \u010dinnost\u00ed \u00fadr\u017eby<\/span><\/li>\n<\/ul>\n<p><strong>V\u00fdhoda:<\/strong><\/p>\n<ul>\n<li style=\"font-weight: 400;\" aria-level=\"1\">pr\u00edslu\u0161n\u00e1 kvalifik\u00e1cia na vykon\u00e1vanie \u00faloh \u00fadr\u017eby (elektrik\u00e1r, dom\u00e1ci in\u0161talat\u00e9r, stavebn\u00fd technik at\u010f.)<\/li>\n<li style=\"font-weight: 400;\" aria-level=\"1\">Sk\u00fasenosti so spr\u00e1vou budov<\/li>\n<li style=\"font-weight: 400;\" aria-level=\"1\">Sk\u00fasenosti s prev\u00e1dzkou hotelov\u00fdch, mechanick\u00fdch alebo elektrick\u00fdch zariaden\u00ed v budov\u00e1ch<\/li>\n<li style=\"font-weight: 400;\" aria-level=\"1\">Znalos\u0165 anglick\u00e9ho jazyka<\/li>\n<\/ul>\n\n\n        <span class=\"subtitle\"><\/span>\n\n<\/div><div class=\"heading_group_sc wpb_content_element subtitle_bottom    text-left\">\n\n\n    <p><span style=\"font-weight: 400;\">Svoj \u017eivotopis s fotografiou a n\u00e1zvom poz\u00edcie po\u0161lite na adresu. <\/span><a href=\"mailto:hr@annagrandhotel.hu\"><span style=\"font-weight: 400;\">hr@annagrandhotel.hu<\/span><\/a><span style=\"font-weight: 400;\"> na t\u00fato adresu.<\/span><\/p>\n\n\n        <span class=\"subtitle\"><\/span>\n\n<\/div><\/div><\/div><\/div><div class=\"wpb_column vc_column_container vc_col-sm-3 vc_col-has-fill\"><div class=\"vc_column-inner vc_custom_1736761602841\"><div class=\"wpb_wrapper\"><div class=\"heading_group_sc wpb_content_element subtitle_bottom    text-left\">\n\n\n    <p><strong>Oddelenie:<\/strong><br \/>\nTechnick\u00e9 oddelenie<\/p>\n\n\n        <span class=\"subtitle\"><\/span>\n\n<\/div><div class=\"heading_group_sc wpb_content_element subtitle_bottom    text-left\">\n\n\n    <p><strong>Typ zamestnania:<\/strong><br \/>\nNa pln\u00fd \u00fav\u00e4zok<\/p>\n\n\n        <span class=\"subtitle\"><\/span>\n\n<\/div><div class=\"heading_group_sc wpb_content_element subtitle_bottom    text-left\">\n\n\n    <p><span style=\"font-weight: 400;\">Svoj \u017eivotopis s fotografiou a n\u00e1zvom poz\u00edcie po\u0161lite na adresu. <\/span><a href=\"mailto:hr@annagrandhotel.hu\"><span style=\"font-weight: 400;\">hr@annagrandhotel.hu<\/span><\/a><span style=\"font-weight: 400;\"> na t\u00fato adresu.<\/span><\/p>\n\n\n        <span class=\"subtitle\"><\/span>\n\n<\/div><\/div><\/div><\/div><\/div>\n<\/div>","protected":false},"excerpt":{"rendered":"Karbantart\u00f3 Amit k\u00edn\u00e1lunk leend\u0151 csapattagunknak eg\u00e9sz \u00e9vben \u00fczemel\u0151 sz\u00e1llod\u00e1nkban: hossz\u00fat\u00e1v\u00fa, biztos munkahely 8 \u00f3r\u00e1s bejelent\u00e9ssel munkahely \u00e9s lak\u00f3hely k\u00f6z\u00f6tti utaz\u00e1si t\u00e1mogat\u00e1s el\u0151re l\u00e1that\u00f3 munkaid\u0151 beoszt\u00e1s exkluz\u00edv sz\u00e1llod\u00e1hoz ill\u0151 egys\u00e9ges munkaruh\u00e1zat\u00a0 munkanapokon meleg \u00e9tkez\u00e9s lend\u00fcletes csapat \u00e9s eleg\u00e1ns munkak\u00f6rnyezet szakmai fejl\u0151d\u00e9si lehet\u0151s\u00e9g Munkak\u00f6ri feladatok: karbantart\u00e1si munk\u00e1k, \u00e1ltal\u00e1nos \u00e1llagmeg\u00f3v\u00e1si feladatok elv\u00e9gz\u00e9se m\u0171szaki hib\u00e1k elh\u00e1r\u00edt\u00e1sa, m\u0171szaki zavarok kivizsg\u00e1l\u00e1sa [...]","protected":false},"author":1,"featured_media":0,"parent":0,"menu_order":0,"comment_status":"closed","ping_status":"closed","template":"","meta":{"footnotes":""},"class_list":["post-4575","page","type-page","status-publish","hentry"],"aioseo_notices":[],"_links":{"self":[{"href":"https:\/\/annagrandhotel.hu\/sk\/wp-json\/wp\/v2\/pages\/4575","targetHints":{"allow":["GET"]}}],"collection":[{"href":"https:\/\/annagrandhotel.hu\/sk\/wp-json\/wp\/v2\/pages"}],"about":[{"href":"https:\/\/annagrandhotel.hu\/sk\/wp-json\/wp\/v2\/types\/page"}],"author":[{"embeddable":true,"href":"https:\/\/annagrandhotel.hu\/sk\/wp-json\/wp\/v2\/users\/1"}],"replies":[{"embeddable":true,"href":"https:\/\/annagrandhotel.hu\/sk\/wp-json\/wp\/v2\/comments?post=4575"}],"version-history":[{"count":8,"href":"https:\/\/annagrandhotel.hu\/sk\/wp-json\/wp\/v2\/pages\/4575\/revisions"}],"predecessor-version":[{"id":5586,"href":"https:\/\/annagrandhotel.hu\/sk\/wp-json\/wp\/v2\/pages\/4575\/revisions\/5586"}],"wp:attachment":[{"href":"https:\/\/annagrandhotel.hu\/sk\/wp-json\/wp\/v2\/media?parent=4575"}],"curies":[{"name":"wp","href":"https:\/\/api.w.org\/{rel}","templated":true}]}}