{"id":4502,"date":"2024-12-12T14:08:40","date_gmt":"2024-12-12T13:08:40","guid":{"rendered":"https:\/\/annagrandhotel.hu\/?page_id=4502"},"modified":"2026-03-16T15:33:52","modified_gmt":"2026-03-16T14:33:52","slug":"veduci-baru","status":"publish","type":"page","link":"https:\/\/annagrandhotel.hu\/sk\/bar-manager\/","title":{"rendered":"Ved\u00faci baru"},"content":{"rendered":"<div class=\"wpb-content-wrapper\"><div class=\"vc_row wpb_row vc_row-fluid vc_custom_1734009220026 vc_row-has-fill\"><div class=\"wpb_column vc_column_container vc_col-sm-12\"><div class=\"vc_column-inner\"><div class=\"wpb_wrapper\">\n\t<div  class=\"wpb_single_image wpb_content_element vc_align_center\">\n\t\t\n\t\t<figure class=\"wpb_wrapper vc_figure\">\n\t\t\t<div class=\"vc_single_image-wrapper   vc_box_border_grey\"><img loading=\"lazy\" decoding=\"async\" width=\"250\" height=\"155\" src=\"https:\/\/annagrandhotel.hu\/wp-content\/uploads\/2024\/09\/Anna-Grand-5-star-main-1.png\" class=\"vc_single_image-img attachment-full\" alt=\"\" title=\"Anna Grand 5 hviezdi\u010diek hlavn\u00e9\" srcset=\"https:\/\/annagrandhotel.hu\/wp-content\/uploads\/2024\/09\/Anna-Grand-5-star-main-1.png 250w, https:\/\/annagrandhotel.hu\/wp-content\/uploads\/2024\/09\/Anna-Grand-5-star-main-1-18x12.png 18w\" sizes=\"auto, (max-width: 250px) 100vw, 250px\" \/><\/div>\n\t\t<\/figure>\n\t<\/div>\n\n\t<div  class=\"wpb_single_image wpb_content_element vc_align_center\">\n\t\t\n\t\t<figure class=\"wpb_wrapper vc_figure\">\n\t\t\t<div class=\"vc_single_image-wrapper   vc_box_border_grey\"><img loading=\"lazy\" decoding=\"async\" width=\"1003\" height=\"11\" src=\"https:\/\/annagrandhotel.hu\/wp-content\/uploads\/2023\/11\/Anna-Grand-Hotel-elvalaszto.webp\" class=\"vc_single_image-img attachment-full\" alt=\"\" title=\"Anna Grand Hotel rozde\u013eova\u010d\" srcset=\"https:\/\/annagrandhotel.hu\/wp-content\/uploads\/2023\/11\/Anna-Grand-Hotel-elvalaszto.webp 1003w, https:\/\/annagrandhotel.hu\/wp-content\/uploads\/2023\/11\/Anna-Grand-Hotel-elvalaszto-300x3.webp 300w, https:\/\/annagrandhotel.hu\/wp-content\/uploads\/2023\/11\/Anna-Grand-Hotel-elvalaszto-768x8.webp 768w, https:\/\/annagrandhotel.hu\/wp-content\/uploads\/2023\/11\/Anna-Grand-Hotel-elvalaszto-18x1.webp 18w\" sizes=\"auto, (max-width: 1003px) 100vw, 1003px\" \/><\/div>\n\t\t<\/figure>\n\t<\/div>\n<div class=\"heading_group_sc wpb_content_element subtitle_bottom    text-center\">\n\n\n    <h2>Ved\u00faci baru<\/h2>\n\n\n        <span class=\"subtitle\"><\/span>\n\n<\/div><div class=\"heading_group_sc wpb_content_element subtitle_bottom    text-center\">\n\n\n    <p style=\"text-align: center;\">Do exkluz\u00edvneho baru hotela Anna Grand v Balatonf\u00fcrede h\u013ead\u00e1me ved\u00faceho baru, ktor\u00fd bude riadi\u0165 bar na vysokej profesion\u00e1lnej \u00farovni a akt\u00edvne prispieva\u0165 k vytv\u00e1raniu prvotriedneho z\u00e1\u017eitku pre host\u00ed. Bar bude zameran\u00fd na klasick\u00fa a modern\u00fa koktailov\u00fa kult\u00faru a kvalitn\u00fa k\u00e1vu.<\/p>\n\n\n        <span class=\"subtitle\"><\/span>\n\n<\/div><\/div><\/div><\/div><\/div><div class=\"vc_row wpb_row vc_row-fluid vc_custom_1734009208539 vc_row-has-fill\"><div class=\"wpb_column vc_column_container vc_col-sm-8\"><div class=\"vc_column-inner\"><div class=\"wpb_wrapper\"><div class=\"heading_group_sc wpb_content_element subtitle_bottom    text-left\">\n\n\n    <p><b>\u010co pon\u00fakame na\u0161im bud\u00facim \u010dlenom t\u00edmu v na\u0161om celoro\u010dnom hoteli:<\/b><\/p>\n<ul>\n<li style=\"font-weight: 400;\" aria-level=\"1\">konkuren\u010dn\u00fd plat<\/li>\n<li style=\"font-weight: 400;\" aria-level=\"1\">dlhodob\u00fd pracovn\u00fd pomer s 8-hodinovou v\u00fdpovednou lehotou<\/li>\n<li style=\"font-weight: 400;\" aria-level=\"1\">pr\u00edspevok na cestu medzi pracoviskom a domovom<\/li>\n<li style=\"font-weight: 400;\" aria-level=\"1\">mo\u017enosti rozvoja, \u0161kolenia<\/li>\n<li style=\"font-weight: 400;\" aria-level=\"1\">jednotn\u00e9 pracovn\u00e9 oble\u010denie, ktor\u00e9 zodpoved\u00e1 exkluz\u00edvnemu hotelu<\/li>\n<li style=\"font-weight: 400;\" aria-level=\"1\">tepl\u00e9 jedl\u00e1 po\u010das pracovn\u00fdch dn\u00ed<\/li>\n<li style=\"font-weight: 400;\" aria-level=\"1\">dynamick\u00fd t\u00edm a \u0161t\u00fdlov\u00e9 pracovn\u00e9 prostredie<\/li>\n<\/ul>\n<p>&nbsp;<\/p>\n<p><b>Pracovn\u00e9 povinnosti:<\/b><\/p>\n<ul>\n<li style=\"font-weight: 400;\" aria-level=\"1\">celkov\u00e9 prev\u00e1dzkov\u00e9 a odborn\u00e9 riadenie baru<\/li>\n<li style=\"font-weight: 400;\" aria-level=\"1\">navrhovanie, v\u00fdvoj a zabezpe\u010dovanie kvality koktailov a k\u00e1vy<\/li>\n<li style=\"font-weight: 400;\" aria-level=\"1\">riadenie, \u0161kolenie a motiv\u00e1cia zamestnancov baru.<\/li>\n<li style=\"font-weight: 400;\" aria-level=\"1\">zabezpe\u010denie vysokej \u00farovne slu\u017eieb pre host\u00ed.<\/li>\n<li style=\"font-weight: 400;\" aria-level=\"1\">riadenie z\u00e1sob, objedn\u00e1vanie, spr\u00e1va z\u00e1sob<\/li>\n<li style=\"font-weight: 400;\" aria-level=\"1\">dodr\u017eiavanie a presadzovanie hygienick\u00fdch a bezpe\u010dnostn\u00fdch noriem<\/li>\n<li style=\"font-weight: 400;\" aria-level=\"1\">spolupr\u00e1ca s ostatn\u00fdmi hotelov\u00fdmi oddeleniami<\/li>\n<li style=\"font-weight: 400;\" aria-level=\"1\">koordin\u00e1cia barov\u00e9ho servisu na podujatiach a pri \u0161peci\u00e1lnych pr\u00edle\u017eitostiach<\/li>\n<li style=\"font-weight: 400;\" aria-level=\"1\">riadenie prev\u00e1dzkov\u00fdch probl\u00e9mov, priebe\u017en\u00e1 kontrola kvality<\/li>\n<\/ul>\n<p>&nbsp;<\/p>\n<p><b>\u010co o\u010dak\u00e1vame od n\u00e1\u0161ho bud\u00faceho kolegu:<\/b><\/p>\n<ul>\n<li style=\"font-weight: 400;\" aria-level=\"1\">Minim\u00e1lne 2-3 roky odbornej praxe v bare alebo gastron\u00f3mii, sk\u00fasenosti na ved\u00facej poz\u00edcii v\u00fdhodou<\/li>\n<li style=\"font-weight: 400;\" aria-level=\"1\">Vysok\u00e1 \u00farove\u0148 znalosti koktailov a k\u00e1vy<\/li>\n<li style=\"font-weight: 400;\" aria-level=\"1\">Pr\u00edstup zameran\u00fd na hos\u0165a, n\u00e1ro\u010dnos\u0165<\/li>\n<li style=\"font-weight: 400;\" aria-level=\"1\">Organiza\u010dn\u00e9 a komunika\u010dn\u00e9 zru\u010dnosti<\/li>\n<li style=\"font-weight: 400;\" aria-level=\"1\">Samostatn\u00e1, zodpovedn\u00e1 pr\u00e1ca<\/li>\n<li style=\"font-weight: 400;\" aria-level=\"1\">Flexibilita a schopnos\u0165 rie\u0161i\u0165 probl\u00e9my<\/li>\n<li style=\"font-weight: 400;\" aria-level=\"1\">Stredne pokro\u010dil\u00e1 \u00farove\u0148 angli\u010dtiny<\/li>\n<li style=\"font-weight: 400;\" aria-level=\"1\">Sk\u00fasenosti z hotelov\u00e9ho prostredia s\u00fa v\u00fdhodou<\/li>\n<li style=\"font-weight: 400;\" aria-level=\"1\">Pou\u017e\u00edvanie syst\u00e9mu Hostware<\/li>\n<\/ul>\n\n\n        <span class=\"subtitle\"><\/span>\n\n<\/div><div class=\"heading_group_sc wpb_content_element subtitle_bottom    text-left\">\n\n\n    <p><span style=\"font-weight: 400;\">Svoj \u017eivotopis s fotografiou a n\u00e1zvom poz\u00edcie po\u0161lite na adresu. <\/span><a href=\"mailto:hr@annagrandhotel.hu\"><span style=\"font-weight: 400;\">hr@annagrandhotel.hu<\/span><\/a><span style=\"font-weight: 400;\"> na t\u00fato adresu.<\/span><\/p>\n\n\n        <span class=\"subtitle\"><\/span>\n\n<\/div><\/div><\/div><\/div><div class=\"wpb_column vc_column_container vc_col-sm-4 vc_col-has-fill\"><div class=\"vc_column-inner vc_custom_1734009180754\"><div class=\"wpb_wrapper\"><div class=\"heading_group_sc wpb_content_element subtitle_bottom    text-left\">\n\n\n    <p><b>Oddelenie:<\/b><\/p>\n<p>Bar<\/p>\n\n\n        <span class=\"subtitle\"><\/span>\n\n<\/div><div class=\"heading_group_sc wpb_content_element subtitle_bottom    text-left\">\n\n\n    <p><strong>Typ zamestnania:<\/strong><\/p>\n<p>Na pln\u00fd \u00fav\u00e4zok<\/p>\n\n\n        <span class=\"subtitle\"><\/span>\n\n<\/div><div class=\"heading_group_sc wpb_content_element subtitle_bottom    text-left\">\n\n\n    <p><span style=\"font-weight: 400;\">Svoj \u017eivotopis s fotografiou a n\u00e1zvom poz\u00edcie po\u0161lite na adresu. <\/span><a href=\"mailto:hr@annagrandhotel.hu\"><span style=\"font-weight: 400;\">hr@annagrandhotel.hu<\/span><\/a><span style=\"font-weight: 400;\"> na t\u00fato adresu.<\/span><\/p>\n\n\n        <span class=\"subtitle\"><\/span>\n\n<\/div><\/div><\/div><\/div><\/div>\n<\/div>","protected":false},"excerpt":{"rendered":"Bar Manager A balatonf\u00fcredi Anna Grand Hotel exkluz\u00edv b\u00e1rj\u00e1ba Bar Manager munkat\u00e1rsat keres\u00fcnk, aki magas szakmai sz\u00ednvonalon ir\u00e1ny\u00edtja a b\u00e1r m\u0171k\u00f6d\u00e9s\u00e9t, \u00e9s akt\u00edvan hozz\u00e1j\u00e1rul a pr\u00e9mium vend\u00e9g\u00e9lm\u00e9ny megteremt\u00e9s\u00e9hez. B\u00e1runkban kiemelt szerepet kap a klasszikus \u00e9s modern kokt\u00e9lkult\u00fara, valamint a min\u0151s\u00e9gi k\u00e1v\u00e9k\u00edn\u00e1lat. Mit k\u00edn\u00e1lunk leend\u0151 csapattagunknak eg\u00e9sz \u00e9vben \u00fczemel\u0151 sz\u00e1llod\u00e1nkban: versenyk\u00e9pes fizet\u00e9s hossz\u00fat\u00e1v\u00fa munkalehet\u0151s\u00e9g 8 \u00f3r\u00e1s [...]","protected":false},"author":1,"featured_media":0,"parent":0,"menu_order":0,"comment_status":"closed","ping_status":"closed","template":"","meta":{"footnotes":""},"class_list":["post-4502","page","type-page","status-publish","hentry"],"aioseo_notices":[],"_links":{"self":[{"href":"https:\/\/annagrandhotel.hu\/sk\/wp-json\/wp\/v2\/pages\/4502","targetHints":{"allow":["GET"]}}],"collection":[{"href":"https:\/\/annagrandhotel.hu\/sk\/wp-json\/wp\/v2\/pages"}],"about":[{"href":"https:\/\/annagrandhotel.hu\/sk\/wp-json\/wp\/v2\/types\/page"}],"author":[{"embeddable":true,"href":"https:\/\/annagrandhotel.hu\/sk\/wp-json\/wp\/v2\/users\/1"}],"replies":[{"embeddable":true,"href":"https:\/\/annagrandhotel.hu\/sk\/wp-json\/wp\/v2\/comments?post=4502"}],"version-history":[{"count":7,"href":"https:\/\/annagrandhotel.hu\/sk\/wp-json\/wp\/v2\/pages\/4502\/revisions"}],"predecessor-version":[{"id":5684,"href":"https:\/\/annagrandhotel.hu\/sk\/wp-json\/wp\/v2\/pages\/4502\/revisions\/5684"}],"wp:attachment":[{"href":"https:\/\/annagrandhotel.hu\/sk\/wp-json\/wp\/v2\/media?parent=4502"}],"curies":[{"name":"wp","href":"https:\/\/api.w.org\/{rel}","templated":true}]}}