{"id":4492,"date":"2024-12-12T13:21:15","date_gmt":"2024-12-12T12:21:15","guid":{"rendered":"https:\/\/annagrandhotel.hu\/?page_id=4492"},"modified":"2025-01-27T11:09:03","modified_gmt":"2025-01-27T10:09:03","slug":"cukrova-trstina","status":"publish","type":"page","link":"https:\/\/annagrandhotel.hu\/sk\/cukrasz\/","title":{"rendered":"Cukr\u00e1re\u0148"},"content":{"rendered":"<div class=\"wpb-content-wrapper\"><div class=\"vc_row wpb_row vc_row-fluid vc_custom_1734006068477 vc_row-has-fill\"><div class=\"wpb_column vc_column_container vc_col-sm-12\"><div class=\"vc_column-inner\"><div class=\"wpb_wrapper\">\n\t<div  class=\"wpb_single_image wpb_content_element vc_align_center\">\n\t\t\n\t\t<figure class=\"wpb_wrapper vc_figure\">\n\t\t\t<div class=\"vc_single_image-wrapper   vc_box_border_grey\"><img loading=\"lazy\" decoding=\"async\" width=\"250\" height=\"155\" src=\"https:\/\/annagrandhotel.hu\/wp-content\/uploads\/2024\/09\/Anna-Grand-5-star-main-1.png\" class=\"vc_single_image-img attachment-full\" alt=\"\" title=\"Anna Grand 5 hviezdi\u010diek hlavn\u00e9\" srcset=\"https:\/\/annagrandhotel.hu\/wp-content\/uploads\/2024\/09\/Anna-Grand-5-star-main-1.png 250w, https:\/\/annagrandhotel.hu\/wp-content\/uploads\/2024\/09\/Anna-Grand-5-star-main-1-18x12.png 18w\" sizes=\"auto, (max-width: 250px) 100vw, 250px\" \/><\/div>\n\t\t<\/figure>\n\t<\/div>\n\n\t<div  class=\"wpb_single_image wpb_content_element vc_align_center\">\n\t\t\n\t\t<figure class=\"wpb_wrapper vc_figure\">\n\t\t\t<div class=\"vc_single_image-wrapper   vc_box_border_grey\"><img loading=\"lazy\" decoding=\"async\" width=\"1003\" height=\"11\" src=\"https:\/\/annagrandhotel.hu\/wp-content\/uploads\/2023\/11\/Anna-Grand-Hotel-elvalaszto.webp\" class=\"vc_single_image-img attachment-full\" alt=\"\" title=\"Anna Grand Hotel rozde\u013eova\u010d\" srcset=\"https:\/\/annagrandhotel.hu\/wp-content\/uploads\/2023\/11\/Anna-Grand-Hotel-elvalaszto.webp 1003w, https:\/\/annagrandhotel.hu\/wp-content\/uploads\/2023\/11\/Anna-Grand-Hotel-elvalaszto-300x3.webp 300w, https:\/\/annagrandhotel.hu\/wp-content\/uploads\/2023\/11\/Anna-Grand-Hotel-elvalaszto-768x8.webp 768w, https:\/\/annagrandhotel.hu\/wp-content\/uploads\/2023\/11\/Anna-Grand-Hotel-elvalaszto-18x1.webp 18w\" sizes=\"auto, (max-width: 1003px) 100vw, 1003px\" \/><\/div>\n\t\t<\/figure>\n\t<\/div>\n<div class=\"heading_group_sc wpb_content_element subtitle_bottom    text-center\">\n\n\n    <h3>Cukr\u00e1re\u0148<\/h3>\n\n\n        <span class=\"subtitle\"><\/span>\n\n<\/div><\/div><\/div><\/div><\/div><div class=\"vc_row wpb_row vc_row-fluid vc_custom_1734006043573 vc_row-has-fill\"><div class=\"wpb_column vc_column_container vc_col-sm-8\"><div class=\"vc_column-inner\"><div class=\"wpb_wrapper\"><div class=\"heading_group_sc wpb_content_element subtitle_bottom    text-left\">\n\n\n    <p><b>\u010co pon\u00fakame na\u0161im bud\u00facim \u010dlenom t\u00edmu v na\u0161om celoro\u010dnom hoteli:<\/b><\/p>\n<ul>\n<li style=\"font-weight: 400;\" aria-level=\"1\"><span style=\"font-weight: 400;\">Pracovn\u00e1 zmluva na dobu ur\u010dit\u00fa s \u00fapln\u00fdm ozn\u00e1men\u00edm<\/span><\/li>\n<li style=\"font-weight: 400;\" aria-level=\"1\"><span style=\"font-weight: 400;\">Dlhodob\u00e1 pracovn\u00e1 pr\u00edle\u017eitos\u0165, st\u00e1la popolud\u0148aj\u0161ia\/ve\u010dern\u00e1 zmena<\/span><\/li>\n<li style=\"font-weight: 400;\" aria-level=\"1\"><span style=\"font-weight: 400;\">Jednotn\u00e9 pracovn\u00e9 oble\u010denie<\/span><\/li>\n<li style=\"font-weight: 400;\" aria-level=\"1\"><span style=\"font-weight: 400;\">Jedno tepl\u00e9 jedlo po\u010das pracovnej doby<\/span><\/li>\n<li style=\"font-weight: 400;\" aria-level=\"1\"><span style=\"font-weight: 400;\">Cestovn\u00e9<\/span><\/li>\n<\/ul>\n<p>&nbsp;<\/p>\n<p><b>Pracovn\u00e9 povinnosti:<\/b><\/p>\n<ul>\n<li style=\"font-weight: 400;\" aria-level=\"1\"><span style=\"font-weight: 400;\">Akt\u00edvna \u00fa\u010das\u0165 na ka\u017edodennom chode hotela (ra\u0148ajky, ve\u010dere, pr\u00edprava izieb)<\/span><\/li>\n<li style=\"font-weight: 400;\" aria-level=\"1\"><span style=\"font-weight: 400;\">Pr\u00edprava dezertov a pe\u010diva <\/span><\/li>\n<li style=\"font-weight: 400;\" aria-level=\"1\"><span style=\"font-weight: 400;\">Spr\u00e1vne zaobch\u00e1dzanie so strojmi a zariadeniami, ich udr\u017eiavanie v \u010distote<\/span><\/li>\n<\/ul>\n<p>&nbsp;<\/p>\n<p><b>\u010co o\u010dak\u00e1vame od n\u00e1\u0161ho bud\u00faceho kolegu:<\/b><\/p>\n<ul>\n<li style=\"font-weight: 400;\" aria-level=\"1\"><span style=\"font-weight: 400;\">Sk\u00fasen\u00fd cukr\u00e1r, ktor\u00fd sa neboj\u00ed v\u00fdziev<\/span><\/li>\n<li style=\"font-weight: 400;\" aria-level=\"1\"><span style=\"font-weight: 400;\">Dok\u00e1\u017ee zr\u00fdchli\u0165 tempo po\u010das ru\u0161n\u00e9ho a dynamick\u00e9ho pracovn\u00e9ho d\u0148a<\/span><\/li>\n<li style=\"font-weight: 400;\" aria-level=\"1\"><span style=\"font-weight: 400;\">Presn\u00e1, prec\u00edzna a spo\u013eahliv\u00e1 pr\u00e1ca<\/span><\/li>\n<li style=\"font-weight: 400;\" aria-level=\"1\"><span style=\"font-weight: 400;\">M\u00e1te odborn\u00fa kvalifik\u00e1ciu<\/span><\/li>\n<li aria-level=\"1\"><span style=\"font-weight: 400;\">Priate\u013esk\u00e1, flexibiln\u00e1 osobnos\u0165<\/span><\/li>\n<li aria-level=\"1\"><span style=\"font-weight: 400;\">Spo\u013eahlivos\u0165, schopnos\u0165 pracova\u0165 samostatne<\/span><\/li>\n<\/ul>\n\n\n        <span class=\"subtitle\"><\/span>\n\n<\/div><div class=\"heading_group_sc wpb_content_element subtitle_bottom    text-left\">\n\n\n    <p><span style=\"font-weight: 400;\">Svoj \u017eivotopis s fotografiou a n\u00e1zvom poz\u00edcie po\u0161lite na adresu. <\/span><a href=\"mailto:hr@annagrandhotel.hu\"><span style=\"font-weight: 400;\">hr@annagrandhotel.hu<\/span><\/a><span style=\"font-weight: 400;\"> na t\u00fato adresu.<\/span><\/p>\n\n\n        <span class=\"subtitle\"><\/span>\n\n<\/div><\/div><\/div><\/div><div class=\"wpb_column vc_column_container vc_col-sm-4 vc_col-has-fill\"><div class=\"vc_column-inner vc_custom_1734006003895\"><div class=\"wpb_wrapper\"><div class=\"heading_group_sc wpb_content_element subtitle_bottom    text-left\">\n\n\n    <p><b>Oddelenie:<\/b><\/p>\n<p>Re\u0161taur\u00e1cia<\/p>\n\n\n        <span class=\"subtitle\"><\/span>\n\n<\/div><div class=\"heading_group_sc wpb_content_element subtitle_bottom    text-left\">\n\n\n    <p><b>Typ zamestnania:<\/b><\/p>\n<p>Na pln\u00fd \u00fav\u00e4zok<\/p>\n\n\n        <span class=\"subtitle\"><\/span>\n\n<\/div><div class=\"heading_group_sc wpb_content_element subtitle_bottom    text-left\">\n\n\n    <p><span style=\"font-weight: 400;\">Svoj \u017eivotopis s fotografiou a n\u00e1zvom poz\u00edcie po\u0161lite na adresu. <\/span><a href=\"mailto:hr@annagrandhotel.hu\"><span style=\"font-weight: 400;\">hr@annagrandhotel.hu<\/span><\/a><span style=\"font-weight: 400;\"> na t\u00fato adresu.<\/span><\/p>\n\n\n        <span class=\"subtitle\"><\/span>\n\n<\/div><\/div><\/div><\/div><\/div>\n<\/div>","protected":false},"excerpt":{"rendered":"Cukr\u00e1sz Mit k\u00edn\u00e1lunk leend\u0151 csapattagunknak eg\u00e9sz \u00e9vben \u00fczemel\u0151 sz\u00e1llod\u00e1nkban: Hat\u00e1rozatlan idej\u0171 munkaszerz\u0151d\u00e9s teljes bejelent\u00e9ssel Hossz\u00fat\u00e1v\u00fa munkalehet\u0151s\u00e9g, \u00e1lland\u00f3 d\u00e9lut\u00e1nos\/esti m\u0171szakban Egys\u00e9ges munkaruh\u00e1zat Munkav\u00e9gz\u00e9s ideje alatt egyszeri meleg \u00e9tkez\u00e9s Utaz\u00e1si k\u00f6lts\u00e9gt\u00e9r\u00edt\u00e9s &nbsp; Munkak\u00f6ri feladatok: Akt\u00edv r\u00e9szv\u00e9tel a hotel napi m\u0171k\u00f6d\u00e9s\u00e9ben (reggeli, vacsora, szobai bek\u00e9sz\u00edt\u00e9s) T\u00e1ny\u00e9rdesszertek \u00e9s cukr\u00e1szati term\u00e9kek ig\u00e9nyes elk\u00e9sz\u00edt\u00e9se A g\u00e9pek, berendez\u00e9sek el\u0151\u00edr\u00e1sszer\u0171 kezel\u00e9se, tiszt\u00e1n tart\u00e1s [...]","protected":false},"author":1,"featured_media":0,"parent":0,"menu_order":0,"comment_status":"closed","ping_status":"closed","template":"","meta":{"footnotes":""},"class_list":["post-4492","page","type-page","status-publish","hentry"],"aioseo_notices":[],"_links":{"self":[{"href":"https:\/\/annagrandhotel.hu\/sk\/wp-json\/wp\/v2\/pages\/4492","targetHints":{"allow":["GET"]}}],"collection":[{"href":"https:\/\/annagrandhotel.hu\/sk\/wp-json\/wp\/v2\/pages"}],"about":[{"href":"https:\/\/annagrandhotel.hu\/sk\/wp-json\/wp\/v2\/types\/page"}],"author":[{"embeddable":true,"href":"https:\/\/annagrandhotel.hu\/sk\/wp-json\/wp\/v2\/users\/1"}],"replies":[{"embeddable":true,"href":"https:\/\/annagrandhotel.hu\/sk\/wp-json\/wp\/v2\/comments?post=4492"}],"version-history":[{"count":11,"href":"https:\/\/annagrandhotel.hu\/sk\/wp-json\/wp\/v2\/pages\/4492\/revisions"}],"predecessor-version":[{"id":4608,"href":"https:\/\/annagrandhotel.hu\/sk\/wp-json\/wp\/v2\/pages\/4492\/revisions\/4608"}],"wp:attachment":[{"href":"https:\/\/annagrandhotel.hu\/sk\/wp-json\/wp\/v2\/media?parent=4492"}],"curies":[{"name":"wp","href":"https:\/\/api.w.org\/{rel}","templated":true}]}}