{"id":44,"date":"2016-11-24T18:10:10","date_gmt":"2016-11-24T18:10:10","guid":{"rendered":"http:\/\/plethorathemes.com\/hotel-xenia\/?page_id=44"},"modified":"2026-02-25T11:16:47","modified_gmt":"2026-02-25T10:16:47","slug":"gastronomia","status":"publish","type":"page","link":"https:\/\/annagrandhotel.hu\/sk\/gasztronomia\/","title":{"rendered":"Gastron\u00f3mia"},"content":{"rendered":"<div class=\"wpb-content-wrapper\"><div data-vc-full-width=\"true\" data-vc-full-width-init=\"false\" class=\"vc_row wpb_row vc_row-fluid white_section padding_bottom_none\"><div class=\"wpb_column vc_column_container vc_col-sm-12\"><div class=\"vc_column-inner\"><div class=\"wpb_wrapper\"><div class=\"heading_group_sc wpb_content_element subtitle_bottom    text-center\">\n        <div class=\"background_title\">GOURMET<\/div>\n\n\n    <h2>RE\u0160TAUR\u00c1CIA ANNA GRAND<\/h2>\n<div id=\"gtx-trans\" style=\"position: absolute; left: 127px; top: 51.9062px;\">\n<div class=\"gtx-trans-icon\"><\/div>\n<\/div>\n\n\n        <span class=\"subtitle\">NAJLEP\u0160IE MIESTO NA OBJAVOVANIE NOV\u00ddCH CHUT\u00cd<\/span>\n\n<\/div><div class=\"heading_group_sc wpb_content_element subtitle_bottom    text-center\">\n\n\n    <hr class=\"horizontal-separator\" \/>\n\n\n        <span class=\"subtitle\"><\/span>\n\n<\/div><\/div><\/div><\/div><\/div><div class=\"vc_row-full-width vc_clearfix\"><\/div><div data-vc-full-width=\"true\" data-vc-full-width-init=\"false\" class=\"vc_row wpb_row vc_row-fluid vc_row-o-content-middle vc_row-flex white_section padding_top_none padding_bottom_none\"><div class=\"col-sm-push-6 wpb_column vc_column_container vc_col-sm-6\"><div class=\"vc_column-inner\"><div class=\"wpb_wrapper\">\n\t<div  class=\"wpb_single_image wpb_content_element vc_align_left\">\n\t\t\n\t\t<figure class=\"wpb_wrapper vc_figure\">\n\t\t\t<div class=\"vc_single_image-wrapper   vc_box_border_grey\"><img loading=\"lazy\" decoding=\"async\" width=\"960\" height=\"640\" src=\"https:\/\/annagrandhotel.hu\/wp-content\/uploads\/2023\/10\/Anna-Grand-Hotel-gasztronomia-gasztro-elmenyek-1024x683.webp\" class=\"vc_single_image-img attachment-large\" alt=\"\" title=\"Anna Grand Hotel-gastron\u00f3mia-gastro menu\" srcset=\"https:\/\/annagrandhotel.hu\/wp-content\/uploads\/2023\/10\/Anna-Grand-Hotel-gasztronomia-gasztro-elmenyek-1024x683.webp 1024w, https:\/\/annagrandhotel.hu\/wp-content\/uploads\/2023\/10\/Anna-Grand-Hotel-gasztronomia-gasztro-elmenyek-300x200.webp 300w, https:\/\/annagrandhotel.hu\/wp-content\/uploads\/2023\/10\/Anna-Grand-Hotel-gasztronomia-gasztro-elmenyek-768x513.webp 768w, https:\/\/annagrandhotel.hu\/wp-content\/uploads\/2023\/10\/Anna-Grand-Hotel-gasztronomia-gasztro-elmenyek-1536x1025.webp 1536w, https:\/\/annagrandhotel.hu\/wp-content\/uploads\/2023\/10\/Anna-Grand-Hotel-gasztronomia-gasztro-elmenyek-2048x1367.webp 2048w\" sizes=\"auto, (max-width: 960px) 100vw, 960px\" \/><\/div>\n\t\t<\/figure>\n\t<\/div>\n<\/div><\/div><\/div><div class=\"col-sm-pull-6 wpb_column vc_column_container vc_col-sm-6\"><div class=\"vc_column-inner\"><div class=\"wpb_wrapper\"><div class=\"heading_group_sc wpb_content_element subtitle_top    text-left\">\n\n        <span class=\"subtitle\">GASTRONOMICK\u00c9 Z\u00c1\u017dITKY<\/span>\n\n    <h3>EAT<\/h3>\n\n\n\n<\/div>\n\t<div class=\"wpb_text_column wpb_content_element\" >\n\t\t<div class=\"wpb_wrapper\">\n\t\t\t<p style=\"text-align: justify;\">Poz\u00fdvame v\u00e1s na kulin\u00e1rsku cestu, kde si m\u00f4\u017eete vychutna\u0165 tradi\u010dn\u00fa kuchy\u0148u v jedine\u010dnom \u0161t\u00fdle ANNA GRAND. Jedlo a stolovanie boli v\u017edy \u00fastredn\u00fdm prvkom kult\u00fary, ale gastronomick\u00e9mu z\u00e1\u017eitku a umeniu stolovania sa v posledn\u00fdch desa\u0165ro\u010diach venuje osobitn\u00e1 pozornos\u0165.<\/p>\n\n\t\t<\/div>\n\t<\/div>\n<div class=\"plethora_button wpb_content_element   text-left\">\n    <a href=\"https:\/\/annagrandhotel.hu\/sk\/moje-studio\/\" class=\"btn btn-secondary\" title=\"Re\u0161taur\u00e1cia Anna Grand\"  target=\"_self\">\n\n        \n        RE\u0160TAUR\u00c1CIA ANNA GRAND\n        \n\n    <\/a>\n<\/div><\/div><\/div><\/div><\/div><div class=\"vc_row-full-width vc_clearfix\"><\/div><div data-vc-full-width=\"true\" data-vc-full-width-init=\"false\" class=\"vc_row wpb_row vc_row-fluid vc_row-o-content-middle vc_row-flex white_section padding_top_none padding_bottom_none\"><div class=\"wpb_column vc_column_container vc_col-sm-6\"><div class=\"vc_column-inner\"><div class=\"wpb_wrapper\">\n\t<div  class=\"wpb_single_image wpb_content_element vc_align_left\">\n\t\t\n\t\t<figure class=\"wpb_wrapper vc_figure\">\n\t\t\t<div class=\"vc_single_image-wrapper   vc_box_border_grey\"><img loading=\"lazy\" decoding=\"async\" width=\"960\" height=\"640\" src=\"https:\/\/annagrandhotel.hu\/wp-content\/uploads\/2023\/11\/Anna-Grand-Lounge-Bar.jpg\" class=\"vc_single_image-img attachment-large\" alt=\"\" title=\"Anna Grand Lounge Bar\" srcset=\"https:\/\/annagrandhotel.hu\/wp-content\/uploads\/2023\/11\/Anna-Grand-Lounge-Bar.jpg 1024w, https:\/\/annagrandhotel.hu\/wp-content\/uploads\/2023\/11\/Anna-Grand-Lounge-Bar-300x200.jpg 300w, https:\/\/annagrandhotel.hu\/wp-content\/uploads\/2023\/11\/Anna-Grand-Lounge-Bar-768x512.jpg 768w\" sizes=\"auto, (max-width: 960px) 100vw, 960px\" \/><\/div>\n\t\t<\/figure>\n\t<\/div>\n<\/div><\/div><\/div><div class=\"wpb_column vc_column_container vc_col-sm-6\"><div class=\"vc_column-inner\"><div class=\"wpb_wrapper\"><div class=\"heading_group_sc wpb_content_element subtitle_top    text-left\">\n\n        <span class=\"subtitle\">\u0160peci\u00e1lne n\u00e1poje<\/span>\n\n    <h3>Lounge bar<\/h3>\n<div id=\"gtx-trans\" style=\"position: absolute; left: -165px; top: -6.28125px;\">\n<div class=\"gtx-trans-icon\"><\/div>\n<\/div>\n\n\n\n<\/div>\n\t<div class=\"wpb_text_column wpb_content_element\" >\n\t\t<div class=\"wpb_wrapper\">\n\t\t\t<p style=\"text-align: justify;\">Lounge bar, ktor\u00fd sa nach\u00e1dza len p\u00e1r krokov od recepcie, je diskr\u00e9tnym miestom pre va\u0161e stretnutie, rozhovor s priate\u013emi alebo obchodn\u00e9 stretnutie. Vyberte si z na\u0161ej ponuky n\u00e1rodn\u00fdch a medzin\u00e1rodn\u00fdch v\u00edn, ochutnajte na\u0161e ocenen\u00e9 v\u00edna a objavte na\u0161e \u0161peci\u00e1lne ro\u010dn\u00edky. Vybra\u0165 si m\u00f4\u017eete aj z klasick\u00fdch a ANNA GRANDom in\u0161pirovan\u00fdch kokteilov\u00fdch \u0161pecial\u00edt - pred alebo po ve\u010deri.<\/p>\n\n\t\t<\/div>\n\t<\/div>\n<div class=\"plethora_button wpb_content_element   text-left\">\n    <a href=\"https:\/\/annagrandhotel.hu\/sk\/lounge-bar\/\" class=\"btn btn-secondary\" title=\"Lounge bar\"  target=\"_self\">\n\n        \n        LOUNGE BAR\n        \n\n    <\/a>\n<\/div><\/div><\/div><\/div><\/div><div class=\"vc_row-full-width vc_clearfix\"><\/div><div data-vc-full-width=\"true\" data-vc-full-width-init=\"false\" class=\"vc_row wpb_row vc_row-fluid vc_row-o-content-middle vc_row-flex white_section padding_top_none padding_bottom_none\"><div class=\"col-sm-push-6 wpb_column vc_column_container vc_col-sm-6\"><div class=\"vc_column-inner\"><div class=\"wpb_wrapper\">\n\t<div  class=\"wpb_single_image wpb_content_element vc_align_left\">\n\t\t\n\t\t<figure class=\"wpb_wrapper vc_figure\">\n\t\t\t<div class=\"vc_single_image-wrapper   vc_box_border_grey\"><img loading=\"lazy\" decoding=\"async\" width=\"900\" height=\"600\" src=\"https:\/\/annagrandhotel.hu\/wp-content\/uploads\/2023\/11\/Anna-Grand-Hotel-reggeli.webp\" class=\"vc_single_image-img attachment-large\" alt=\"\" title=\"Anna Grand Hotel ra\u0148ajky\" srcset=\"https:\/\/annagrandhotel.hu\/wp-content\/uploads\/2023\/11\/Anna-Grand-Hotel-reggeli.webp 900w, https:\/\/annagrandhotel.hu\/wp-content\/uploads\/2023\/11\/Anna-Grand-Hotel-reggeli-300x200.webp 300w, https:\/\/annagrandhotel.hu\/wp-content\/uploads\/2023\/11\/Anna-Grand-Hotel-reggeli-768x512.webp 768w\" sizes=\"auto, (max-width: 900px) 100vw, 900px\" \/><\/div>\n\t\t<\/figure>\n\t<\/div>\n<\/div><\/div><\/div><div class=\"col-sm-pull-6 wpb_column vc_column_container vc_col-sm-6\"><div class=\"vc_column-inner\"><div class=\"wpb_wrapper\"><div class=\"heading_group_sc wpb_content_element subtitle_top    text-left\">\n\n        <span class=\"subtitle\">GARANTUJEME Z\u00c1\u017dITOK<\/span>\n\n    <h3>GURM\u00c1NSKE DOBRODRU\u017dSTV\u00c1<\/h3>\n<div id=\"gtx-trans\" style=\"position: absolute; left: 144px; top: -6.0875px;\">\n<div class=\"gtx-trans-icon\"><\/div>\n<\/div>\n\n\n\n<\/div>\n\t<div class=\"wpb_text_column wpb_content_element\" >\n\t\t<div class=\"wpb_wrapper\">\n\t\t\t<p style=\"text-align: justify;\">Na\u0161e dlhoro\u010dn\u00e9 sk\u00fasenosti v\u00e1m zaru\u010dia jedine\u010dn\u00fd gastronomick\u00fd z\u00e1\u017eitok, na ktor\u00fd nikdy nezabudnete. Ka\u017ed\u00e9 jedlo je pre n\u00e1s prioritou a sna\u017e\u00edme sa zaka\u017ed\u00fdm pon\u00faknu\u0165 exkluz\u00edvny kulin\u00e1rsky z\u00e1\u017eitok, pri ktorom m\u00f4\u017eu na\u0161i hostia ochutna\u0165 miestne chute pripraven\u00e9 z miestnych surov\u00edn, aj ke\u010f ide len o ra\u0148ajky.<\/p>\n<div id=\"gtx-trans\" style=\"position: absolute; left: -21px; top: 38px;\">\n<div class=\"gtx-trans-icon\"><\/div>\n<\/div>\n\n\t\t<\/div>\n\t<\/div>\n<\/div><\/div><\/div><\/div><div class=\"vc_row-full-width vc_clearfix\"><\/div><div data-vc-full-width=\"true\" data-vc-full-width-init=\"false\" class=\"vc_row wpb_row vc_row-fluid vc_row-o-content-middle vc_row-flex white_section padding_top_none padding_bottom_none\"><div class=\"wpb_column vc_column_container vc_col-sm-6\"><div class=\"vc_column-inner\"><div class=\"wpb_wrapper\">\n\t<div  class=\"wpb_single_image wpb_content_element vc_align_left\">\n\t\t\n\t\t<figure class=\"wpb_wrapper vc_figure\">\n\t\t\t<div class=\"vc_single_image-wrapper   vc_box_border_grey\"><img loading=\"lazy\" decoding=\"async\" width=\"960\" height=\"640\" src=\"https:\/\/annagrandhotel.hu\/wp-content\/uploads\/2023\/10\/Anna-Grand-Hotel-gasztronomia-kulonleges-izek-01-1024x683.webp\" class=\"vc_single_image-img attachment-large\" alt=\"\" title=\"Anna Grand Hotel-gastron\u00f3mia-kulin\u00e1rstvo-isek-01\" srcset=\"https:\/\/annagrandhotel.hu\/wp-content\/uploads\/2023\/10\/Anna-Grand-Hotel-gasztronomia-kulonleges-izek-01-1024x683.webp 1024w, https:\/\/annagrandhotel.hu\/wp-content\/uploads\/2023\/10\/Anna-Grand-Hotel-gasztronomia-kulonleges-izek-01-300x200.webp 300w, https:\/\/annagrandhotel.hu\/wp-content\/uploads\/2023\/10\/Anna-Grand-Hotel-gasztronomia-kulonleges-izek-01-768x512.webp 768w, https:\/\/annagrandhotel.hu\/wp-content\/uploads\/2023\/10\/Anna-Grand-Hotel-gasztronomia-kulonleges-izek-01-1536x1025.webp 1536w, https:\/\/annagrandhotel.hu\/wp-content\/uploads\/2023\/10\/Anna-Grand-Hotel-gasztronomia-kulonleges-izek-01-2048x1366.webp 2048w\" sizes=\"auto, (max-width: 960px) 100vw, 960px\" \/><\/div>\n\t\t<\/figure>\n\t<\/div>\n<\/div><\/div><\/div><div class=\"wpb_column vc_column_container vc_col-sm-6\"><div class=\"vc_column-inner\"><div class=\"wpb_wrapper\"><div class=\"heading_group_sc wpb_content_element subtitle_top    text-left\">\n\n        <span class=\"subtitle\">Tradi\u010dn\u00e9 kol\u00e1\u010de<\/span>\n\n    <h3>ANNA CAF\u00c9<\/h3>\n<div id=\"gtx-trans\" style=\"position: absolute; left: -165px; top: -6.28125px;\">\n<div class=\"gtx-trans-icon\"><\/div>\n<\/div>\n\n\n\n<\/div>\n\t<div class=\"wpb_text_column wpb_content_element\" >\n\t\t<div class=\"wpb_wrapper\">\n\t\t\t<p style=\"text-align: justify;\">Kaviare\u0148 Anna je skuto\u010dn\u00fdm komunitn\u00fdm priestorom v srdci Balatonf\u00fcreda. V kaviarni s dlhoro\u010dnou hist\u00f3riou \u010dak\u00e1me na na\u0161ich host\u00ed v obnovenom, modernom \u0161ate a s ponukou, ktor\u00e1 uspokoj\u00ed v\u0161etky potreby. Okrem klasick\u00fdch z\u00e1kuskov s\u00fa v ponuke aj paleo dezerty. S vlastn\u00fdmi pra\u017een\u00fdmi baristick\u00fdmi k\u00e1vov\u00fdmi \u0161pecialitami a starostlivo vybran\u00fdmi \u010dajmi si tu pr\u00edjemne odd\u00fdchnete aj po\u010das chladnej\u0161\u00edch dn\u00ed v roku. Kaviare\u0148 Anna je skvel\u00fdm miestom na dobr\u00fd rozhovor, pr\u00edjemn\u00e9 obchodn\u00e9 stretnutie alebo aj rodinn\u00fd kol\u00e1\u010d.<\/p>\n\n\t\t<\/div>\n\t<\/div>\n<div class=\"plethora_button wpb_content_element   text-left\">\n    <a href=\"https:\/\/annagrandhotel.hu\/sk\/kaviaren-anna\/\" class=\"btn btn-secondary\" title=\"Kaviare\u0148 Anna\"  target=\"_self\">\n\n        \n        ANNA CAF\u00c9\n        \n\n    <\/a>\n<\/div><\/div><\/div><\/div><\/div><div class=\"vc_row-full-width vc_clearfix\"><\/div><div class=\"vc_row wpb_row vc_row-fluid\"><div class=\"wpb_column vc_column_container vc_col-sm-12\"><div class=\"vc_column-inner\"><div class=\"wpb_wrapper\">\n<div class=\"vc_grid-container-wrapper vc_clearfix vc_grid-animation-zoomIn\">\n\t<div class=\"vc_grid-container vc_clearfix wpb_content_element vc_masonry_media_grid\" data-initial-loading-animation=\"zoomIn\" data-vc-grid-settings=\"{&quot;page_id&quot;:44,&quot;style&quot;:&quot;all-masonry&quot;,&quot;action&quot;:&quot;vc_get_vc_grid_data&quot;,&quot;shortcode_id&quot;:&quot;1772014578373-84eaf776-a231-2&quot;,&quot;tag&quot;:&quot;vc_masonry_media_grid&quot;}\" data-vc-request=\"https:\/\/annagrandhotel.hu\/wp-admin\/admin-ajax.php\" data-vc-post-id=\"44\" data-vc-public-nonce=\"858a6db714\">\n\t\t\n\t<\/div>\n<\/div><\/div><\/div><\/div><\/div><div class=\"vc_row wpb_row vc_row-fluid padding_top_none padding_bottom_none\"><div class=\"wpb_column vc_column_container vc_col-sm-12\"><div class=\"vc_column-inner\"><div class=\"wpb_wrapper\"><div class=\"vc_empty_space\"   style=\"height: 50px\"><span class=\"vc_empty_space_inner\"><\/span><\/div><\/div><\/div><\/div><\/div>\n<\/div>","protected":false},"excerpt":{"rendered":"GOURMET ANNA GRAND RESTAURANT A LEGJOBB HELY, HOGY \u00daJ \u00cdZEKET FEDEZZEN FEL GASZTRON\u00d3MIAI \u00c9LM\u00c9NYEK \u00c9TTEREM Kulin\u00e1ris utaz\u00e1sra h\u00edvjuk, ahol a tradicion\u00e1lis \u00e9teleket az ANNA GRAND egyedi st\u00edlus\u00e1ban \u00e9lvezheti. Az \u00e9telek \u00e9s az \u00e9tkez\u00e9s mindig is k\u00f6zponti szerepet j\u00e1tszottak a kult\u00far\u00e1ban, azonban a gasztron\u00f3miai \u00e9lm\u00e9nyek \u00e9s az \u00e9tkez\u00e9s m\u0171v\u00e9szete az ut\u00f3bbi \u00e9vtizedekben kaptak kiemelt figyelmet. ANNA [...]","protected":false},"author":1,"featured_media":1074,"parent":0,"menu_order":0,"comment_status":"closed","ping_status":"closed","template":"","meta":{"footnotes":""},"class_list":["post-44","page","type-page","status-publish","has-post-thumbnail","hentry"],"aioseo_notices":[],"_links":{"self":[{"href":"https:\/\/annagrandhotel.hu\/sk\/wp-json\/wp\/v2\/pages\/44","targetHints":{"allow":["GET"]}}],"collection":[{"href":"https:\/\/annagrandhotel.hu\/sk\/wp-json\/wp\/v2\/pages"}],"about":[{"href":"https:\/\/annagrandhotel.hu\/sk\/wp-json\/wp\/v2\/types\/page"}],"author":[{"embeddable":true,"href":"https:\/\/annagrandhotel.hu\/sk\/wp-json\/wp\/v2\/users\/1"}],"replies":[{"embeddable":true,"href":"https:\/\/annagrandhotel.hu\/sk\/wp-json\/wp\/v2\/comments?post=44"}],"version-history":[{"count":64,"href":"https:\/\/annagrandhotel.hu\/sk\/wp-json\/wp\/v2\/pages\/44\/revisions"}],"predecessor-version":[{"id":5593,"href":"https:\/\/annagrandhotel.hu\/sk\/wp-json\/wp\/v2\/pages\/44\/revisions\/5593"}],"wp:featuredmedia":[{"embeddable":true,"href":"https:\/\/annagrandhotel.hu\/sk\/wp-json\/wp\/v2\/media\/1074"}],"wp:attachment":[{"href":"https:\/\/annagrandhotel.hu\/sk\/wp-json\/wp\/v2\/media?parent=44"}],"curies":[{"name":"wp","href":"https:\/\/api.w.org\/{rel}","templated":true}]}}