{"id":42,"date":"2016-11-24T18:09:31","date_gmt":"2016-11-24T18:09:31","guid":{"rendered":"http:\/\/plethorathemes.com\/hotel-xenia\/?page_id=42"},"modified":"2025-04-15T12:10:03","modified_gmt":"2025-04-15T10:10:03","slug":"sport-es-szabadido","status":"publish","type":"page","link":"https:\/\/annagrandhotel.hu\/sk\/sport-es-szabadido\/","title":{"rendered":"\u0160port a vo\u013en\u00fd \u010das"},"content":{"rendered":"<div class=\"wpb-content-wrapper\"><div class=\"vc_row wpb_row vc_row-fluid padding_top_1-2 padding_bottom_none\"><div class=\"wpb_column vc_column_container vc_col-sm-12\"><div class=\"vc_column-inner\"><div class=\"wpb_wrapper\"><div class=\"heading_group_sc wpb_content_element subtitle_bottom    text-center\">\n        <div class=\"background_title\">\u0160PORT<\/div>\n\n\n    <h2>BALATONF\u00dcRED A OKOLIE<\/h2>\n\n\n        <span class=\"subtitle\">OD \u0160PORTU PO PAMIATKY. V\u0160ETKO JE TU<\/span>\n\n<\/div><div class=\"heading_group_sc wpb_content_element subtitle_bottom    text-center\">\n\n\n    <hr class=\"horizontal-separator\" \/>\n\n\n        <span class=\"subtitle\"><\/span>\n\n<\/div><\/div><\/div><\/div><\/div><div class=\"vc_row wpb_row vc_row-fluid vc_row-o-equal-height vc_row-o-content-middle vc_row-flex padding_top_none\"><div class=\"wpb_column vc_column_container vc_col-sm-4\"><div class=\"vc_column-inner\"><div class=\"wpb_wrapper\">\n\t<div  class=\"wpb_single_image wpb_content_element vc_align_center\">\n\t\t\n\t\t<figure class=\"wpb_wrapper vc_figure\">\n\t\t\t<div class=\"vc_single_image-wrapper   vc_box_border_grey\"><img loading=\"lazy\" decoding=\"async\" width=\"1700\" height=\"1136\" src=\"https:\/\/annagrandhotel.hu\/wp-content\/uploads\/2024\/07\/Kerekparberles-01.webp\" class=\"vc_single_image-img attachment-full\" alt=\"\" title=\"Po\u017ei\u010dov\u0148a bicyklov-01\" srcset=\"https:\/\/annagrandhotel.hu\/wp-content\/uploads\/2024\/07\/Kerekparberles-01.webp 1700w, https:\/\/annagrandhotel.hu\/wp-content\/uploads\/2024\/07\/Kerekparberles-01-300x200.webp 300w, https:\/\/annagrandhotel.hu\/wp-content\/uploads\/2024\/07\/Kerekparberles-01-1024x684.webp 1024w, https:\/\/annagrandhotel.hu\/wp-content\/uploads\/2024\/07\/Kerekparberles-01-768x513.webp 768w, https:\/\/annagrandhotel.hu\/wp-content\/uploads\/2024\/07\/Kerekparberles-01-1536x1026.webp 1536w, https:\/\/annagrandhotel.hu\/wp-content\/uploads\/2024\/07\/Kerekparberles-01-18x12.webp 18w\" sizes=\"auto, (max-width: 1700px) 100vw, 1700px\" \/><\/div>\n\t\t<\/figure>\n\t<\/div>\n<\/div><\/div><\/div><div class=\"wpb_column vc_column_container vc_col-sm-8\"><div class=\"vc_column-inner\"><div class=\"wpb_wrapper\"><div class=\"heading_group_sc wpb_content_element subtitle_top    text-left\">\n\n        <span class=\"subtitle\"><\/span>\n\n    <h4>PO\u017dI\u010cOV\u0147A BICYKLOV<\/h4>\n\n\n\n<\/div>\n\t<div class=\"wpb_text_column wpb_content_element\" >\n\t\t<div class=\"wpb_wrapper\">\n\t\t\t<p style=\"text-align: justify;\">Syst\u00e9m cyklotr\u00e1s pri Balatone v\u00e1m umo\u017en\u00ed presk\u00fama\u0165 t\u00fato kr\u00e1snu oblas\u0165 na dvoch koles\u00e1ch. Od jari do jesene m\u00f4\u017eu na\u0161i hostia vyu\u017ei\u0165 t\u00fato mo\u017enos\u0165 aj na na\u0161ich po\u017ei\u010dan\u00fdch bicykloch.<\/p>\n\n\t\t<\/div>\n\t<\/div>\n<\/div><\/div><\/div><\/div><div class=\"vc_row wpb_row vc_row-fluid swap-on-tablet padding_top_1-4\"><div class=\"make_it_wide wpb_column vc_column_container vc_col-sm-6\"><div class=\"vc_column-inner\"><div class=\"wpb_wrapper\"><div class=\"heading_group_sc wpb_content_element subtitle_top    text-left\">\n\n        <span class=\"subtitle\">\u0160port<\/span>\n\n    <h3>Vodn\u00e9 \u0161porty<\/h3>\n\n\n\n<\/div>\n\t<div class=\"wpb_text_column wpb_content_element\" >\n\t\t<div class=\"wpb_wrapper\">\n\t\t\t<p><span style=\"font-weight: 400;\">Balatonf\u00fcred je ide\u00e1lnou destin\u00e1ciou pre z\u00e1ujemcov o surfovanie, plachtenie a in\u00e9 vodn\u00e9 dobrodru\u017estv\u00e1, ale milovn\u00edci \u0161portu si pr\u00eddu na svoje aj na s\u00fa\u0161i.<\/span><\/p>\n\n\t\t<\/div>\n\t<\/div>\n<div class=\"vc_row wpb_row vc_inner vc_row-fluid\"><div class=\"wpb_column vc_column_container vc_col-sm-4\"><div class=\"vc_column-inner\"><div class=\"wpb_wrapper\"><!-- ========================== TEASER BOX ==========================-->\n\n<div class=\"teaser_box wpb_content_element same_height_col vertical text-left      with_image\">\n\n  <div class=\"figure with_image\">\n\n\n\n        \n        \n        \n         <img decoding=\"async\" src=\"https:\/\/annagrandhotel.hu\/wp-content\/uploads\/2023\/11\/vitorla.svg\" alt=\"Plachtenie\">   \n\n        \n\n\n  <\/div>\n\n\n  <div class=\"content\">\n    \n    <div class=\"hgroup textify_links\"><h4>Plachtenie<\/h4><\/div>\n\n     <div class=\"desc\"><p>M\u00f4\u017eete presk\u00fama\u0165 n\u00e1dhern\u00e9 pobre\u017eie Balatonu.<\/p><\/div> \n\n  <\/div>\n\n<\/div>\n\n<!-- END======================= TEASER BOX ==========================--><\/div><\/div><\/div><div class=\"wpb_column vc_column_container vc_col-sm-4\"><div class=\"vc_column-inner\"><div class=\"wpb_wrapper\"><!-- ========================== TEASER BOX ==========================-->\n\n<div class=\"teaser_box wpb_content_element same_height_col vertical text-left      with_image\">\n\n  <div class=\"figure with_image\">\n\n\n\n        \n        \n        \n         <img decoding=\"async\" src=\"https:\/\/annagrandhotel.hu\/wp-content\/uploads\/2023\/11\/szorf.svg\" alt=\"Surfovanie\">   \n\n        \n\n\n  <\/div>\n\n\n  <div class=\"content\">\n    \n    <div class=\"hgroup textify_links\"><h4>Surfovanie<\/h4><\/div>\n\n     <div class=\"desc\"><p>V meste je nieko\u013eko \u0161k\u00f4l surfovania a po\u017ei\u010dovn\u00ed.<\/p><\/div> \n\n  <\/div>\n\n<\/div>\n\n<!-- END======================= TEASER BOX ==========================--><\/div><\/div><\/div><div class=\"wpb_column vc_column_container vc_col-sm-4\"><div class=\"vc_column-inner     text-left\"><div class=\"wpb_wrapper\"><!-- ========================== TEASER BOX ==========================-->\n\n<div class=\"teaser_box wpb_content_element same_height_col vertical text-left      with_image\">\n\n  <div class=\"figure with_image transparent\">\n\n\n\n        \n        \n        \n         <img decoding=\"async\" src=\"https:\/\/annagrandhotel.hu\/wp-content\/uploads\/2023\/11\/kayak.svg\" alt=\"Kajak\">   \n\n        \n\n\n  <\/div>\n\n\n  <div class=\"content\">\n    \n    <div class=\"hgroup textify_links\"><h4>Kajak<\/h4><\/div>\n\n     <div class=\"desc\"><p>Obdivova\u0165 m\u00f4\u017eete aj skryt\u00e9 z\u00e1toky Balatonu.<\/p><\/div> \n\n  <\/div>\n\n<\/div>\n\n<!-- END======================= TEASER BOX ==========================--><\/div><\/div><\/div><\/div><div class=\"vc_row wpb_row vc_inner vc_row-fluid\"><div class=\"wpb_column vc_column_container vc_col-sm-4\"><div class=\"vc_column-inner\"><div class=\"wpb_wrapper\"><!-- ========================== TEASER BOX ==========================-->\n\n<div class=\"teaser_box wpb_content_element same_height_col vertical text-left      with_image\">\n\n  <div class=\"figure with_image\">\n\n\n\n        \n        \n        \n         <img decoding=\"async\" src=\"https:\/\/annagrandhotel.hu\/wp-content\/uploads\/2023\/11\/bringa_ez.svg\" alt=\"Cyklistika\">   \n\n        \n\n\n  <\/div>\n\n\n  <div class=\"content\">\n    \n    <div class=\"hgroup textify_links\"><h4>Cyklistika<\/h4><\/div>\n\n     <div class=\"desc\"><p>Balaton m\u00e1 dobre rozvinut\u00fa sie\u0165 cyklotr\u00e1s.<\/p><\/div> \n\n  <\/div>\n\n<\/div>\n\n<!-- END======================= TEASER BOX ==========================--><\/div><\/div><\/div><div class=\"wpb_column vc_column_container vc_col-sm-4\"><div class=\"vc_column-inner\"><div class=\"wpb_wrapper\"><!-- ========================== TEASER BOX ==========================-->\n\n<div class=\"teaser_box wpb_content_element same_height_col vertical text-left\">\n\n\n  <div class=\"figure with_icon textify_links\">\n\n\n        \n\n        \n\n        <i class=\"hi hi-tennis\"><\/i>\n\n\n\n\n  <\/div>\n\n  <div class=\"content\">\n    \n    <div class=\"hgroup textify_links\"><h4>Tenis<\/h4><\/div>\n\n     <div class=\"desc\"><p>V bl\u00edzkosti hotela sa nach\u00e1dzaj\u00fa tenisov\u00e9 kurty Kiserdei.<\/p><\/div> \n\n  <\/div>\n\n<\/div>\n\n<!-- END======================= TEASER BOX ==========================--><\/div><\/div><\/div><div class=\"wpb_column vc_column_container vc_col-sm-4\"><div class=\"vc_column-inner     text-left\"><div class=\"wpb_wrapper\"><!-- ========================== TEASER BOX ==========================-->\n\n<div class=\"teaser_box wpb_content_element  vertical text-left      with_image\">\n\n  <div class=\"figure with_image transparent\">\n\n\n\n        \n        \n        \n         <img decoding=\"async\" src=\"https:\/\/annagrandhotel.hu\/wp-content\/uploads\/2023\/11\/golf.svg\" alt=\"Golf\">   \n\n        \n\n\n  <\/div>\n\n\n  <div class=\"content\">\n    \n    <div class=\"hgroup textify_links\"><h4>Golf<\/h4><\/div>\n\n     <div class=\"desc\"><p>Golfov\u00fd klub Balaton je vzdialen\u00fd 11 km.<\/p><\/div> \n\n  <\/div>\n\n<\/div>\n\n<!-- END======================= TEASER BOX ==========================--><\/div><\/div><\/div><\/div><\/div><\/div><\/div><div class=\"make_it_wide wpb_column vc_column_container vc_col-sm-6\"><div class=\"vc_column-inner\"><div class=\"wpb_wrapper\">\n\t<div  class=\"wpb_single_image wpb_content_element vc_align_center\">\n\t\t\n\t\t<figure class=\"wpb_wrapper vc_figure\">\n\t\t\t<div class=\"vc_single_image-wrapper   vc_box_border_grey\"><img loading=\"lazy\" decoding=\"async\" width=\"500\" height=\"700\" src=\"https:\/\/annagrandhotel.hu\/wp-content\/uploads\/2023\/07\/vitorlazas.jpg\" class=\"vc_single_image-img attachment-full\" alt=\"Balaton\" title=\"plachetnice\" srcset=\"https:\/\/annagrandhotel.hu\/wp-content\/uploads\/2023\/07\/vitorlazas.jpg 500w, https:\/\/annagrandhotel.hu\/wp-content\/uploads\/2023\/07\/vitorlazas-214x300.jpg 214w\" sizes=\"auto, (max-width: 500px) 100vw, 500px\" \/><\/div>\n\t\t<\/figure>\n\t<\/div>\n<\/div><\/div><\/div><\/div><div data-vc-full-width=\"true\" data-vc-full-width-init=\"false\" class=\"vc_row wpb_row vc_row-fluid vc_custom_1692778702472 vc_row-has-fill black_section transparent transparent_film padding_top_2-3 padding_bottom_1-2\"><div class=\"wpb_column vc_column_container vc_col-sm-8 vc_col-sm-offset-2\"><div class=\"vc_column-inner\"><div class=\"wpb_wrapper\"><div class=\"heading_group_sc wpb_content_element subtitle_bottom    text-center\">\n\n\n    <h2>PRESK\u00daMA\u0164 OBLAS\u0164<\/h2>\n\n\n        <span class=\"subtitle\"><\/span>\n\n<\/div>\n\t<div class=\"wpb_text_column wpb_content_element\" >\n\t\t<div class=\"wpb_wrapper\">\n\t\t\t<p style=\"text-align: center;\">Balatonf\u00fcred a jeho okolie pon\u00faka mno\u017estvo mo\u017enost\u00ed akt\u00edvneho oddychu!<\/p>\n\n\t\t<\/div>\n\t<\/div>\n<div class=\"plethora_button wpb_content_element   text-center\">\n    <a href=\"https:\/\/annagrandhotel.hu\/sk\/balaton\/\" class=\"btn btn-white\" title=\"Balaton\"  target=\"_self\">\n\n        \n        Balaton\n        \n\n    <\/a>\n<\/div><\/div><\/div><\/div><\/div><div class=\"vc_row-full-width vc_clearfix\"><\/div><div class=\"vc_row wpb_row vc_row-fluid vc_row-o-equal-height vc_row-o-content-middle vc_row-flex padding_top_none padding_bottom_none\"><div class=\"col-sm-push-6 wpb_column vc_column_container vc_col-sm-6\"><div class=\"vc_column-inner\"><div class=\"wpb_wrapper\">\n\t<div  class=\"wpb_single_image wpb_content_element vc_align_center\">\n\t\t\n\t\t<figure class=\"wpb_wrapper vc_figure\">\n\t\t\t<div class=\"vc_single_image-wrapper   vc_box_border_grey\"><img loading=\"lazy\" decoding=\"async\" width=\"2560\" height=\"1707\" src=\"https:\/\/annagrandhotel.hu\/wp-content\/uploads\/2023\/09\/kayaking-women-kayak-girls-paddling-water-scaled.jpg\" class=\"vc_single_image-img attachment-full\" alt=\"\" title=\"\u017deny p\u00e1dluj\u00face na kajaku po jazere\" srcset=\"https:\/\/annagrandhotel.hu\/wp-content\/uploads\/2023\/09\/kayaking-women-kayak-girls-paddling-water-scaled.jpg 2560w, https:\/\/annagrandhotel.hu\/wp-content\/uploads\/2023\/09\/kayaking-women-kayak-girls-paddling-water-300x200.jpg 300w, https:\/\/annagrandhotel.hu\/wp-content\/uploads\/2023\/09\/kayaking-women-kayak-girls-paddling-water-1024x683.jpg 1024w, https:\/\/annagrandhotel.hu\/wp-content\/uploads\/2023\/09\/kayaking-women-kayak-girls-paddling-water-768x512.jpg 768w, https:\/\/annagrandhotel.hu\/wp-content\/uploads\/2023\/09\/kayaking-women-kayak-girls-paddling-water-1536x1024.jpg 1536w, https:\/\/annagrandhotel.hu\/wp-content\/uploads\/2023\/09\/kayaking-women-kayak-girls-paddling-water-2048x1365.jpg 2048w\" sizes=\"auto, (max-width: 2560px) 100vw, 2560px\" \/><\/div>\n\t\t<\/figure>\n\t<\/div>\n<\/div><\/div><\/div><div class=\"col-sm-pull-6 wpb_column vc_column_container vc_col-sm-6\"><div class=\"vc_column-inner\"><div class=\"wpb_wrapper\"><div class=\"heading_group_sc wpb_content_element subtitle_top    text-left\">\n\n        <span class=\"subtitle\"><\/span>\n\n    <h4>KAJAK KENU<\/h4>\n\n\n\n<\/div>\n\t<div class=\"wpb_text_column wpb_content_element\" >\n\t\t<div class=\"wpb_wrapper\">\n\t\t\t<p style=\"text-align: justify;\">Ak h\u013ead\u00e1te pokojnej\u0161iu vodn\u00fa aktivitu, kajak a kanoe s\u00fa ide\u00e1lnou vo\u013ebou. V okol\u00ed Balatonu sa nach\u00e1dza mnoho po\u017ei\u010dovn\u00ed kajakov a kano\u00ed, kde si m\u00f4\u017eete po\u017ei\u010da\u0165 vybavenie na presk\u00famanie men\u0161\u00edch z\u00e1tok a pl\u00e1\u017e\u00ed a obdivova\u0165 pr\u00edrodn\u00e9 kr\u00e1sy Balatonu zbl\u00edzka, ktor\u00e9 s\u00fa \u0165a\u017e\u0161ie dostupn\u00e9 autom alebo pe\u0161o.<\/p>\n\n\t\t<\/div>\n\t<\/div>\n<\/div><\/div><\/div><\/div><div class=\"vc_row wpb_row vc_row-fluid vc_custom_1692779896108 vc_row-has-fill vc_row-o-equal-height vc_row-o-content-middle vc_row-flex padding_top_none\"><div class=\"wpb_column vc_column_container vc_col-sm-6\"><div class=\"vc_column-inner\"><div class=\"wpb_wrapper\">\n\t<div  class=\"wpb_single_image wpb_content_element vc_align_center\">\n\t\t\n\t\t<figure class=\"wpb_wrapper vc_figure\">\n\t\t\t<div class=\"vc_single_image-wrapper   vc_box_border_grey\"><img loading=\"lazy\" decoding=\"async\" width=\"2560\" height=\"1709\" src=\"https:\/\/annagrandhotel.hu\/wp-content\/uploads\/2023\/09\/their-friends-great-rivals-court-two-male-tennis-players-court-scaled.jpg\" class=\"vc_single_image-img attachment-full\" alt=\"\" title=\"Ich priatelia a ve\u013ek\u00ed s\u00faperi na ihrisku. Dvaja mu\u017esk\u00ed tenisov\u00ed hr\u00e1\u010di\" srcset=\"https:\/\/annagrandhotel.hu\/wp-content\/uploads\/2023\/09\/their-friends-great-rivals-court-two-male-tennis-players-court-scaled.jpg 2560w, https:\/\/annagrandhotel.hu\/wp-content\/uploads\/2023\/09\/their-friends-great-rivals-court-two-male-tennis-players-court-300x200.jpg 300w, https:\/\/annagrandhotel.hu\/wp-content\/uploads\/2023\/09\/their-friends-great-rivals-court-two-male-tennis-players-court-1024x684.jpg 1024w, https:\/\/annagrandhotel.hu\/wp-content\/uploads\/2023\/09\/their-friends-great-rivals-court-two-male-tennis-players-court-768x513.jpg 768w, https:\/\/annagrandhotel.hu\/wp-content\/uploads\/2023\/09\/their-friends-great-rivals-court-two-male-tennis-players-court-1536x1025.jpg 1536w, https:\/\/annagrandhotel.hu\/wp-content\/uploads\/2023\/09\/their-friends-great-rivals-court-two-male-tennis-players-court-2048x1367.jpg 2048w\" sizes=\"auto, (max-width: 2560px) 100vw, 2560px\" \/><\/div>\n\t\t<\/figure>\n\t<\/div>\n<\/div><\/div><\/div><div class=\"wpb_column vc_column_container vc_col-sm-6\"><div class=\"vc_column-inner\"><div class=\"wpb_wrapper\"><div class=\"heading_group_sc wpb_content_element subtitle_top    text-left\">\n\n        <span class=\"subtitle\"><\/span>\n\n    <h4>TENIST<\/h4>\n\n\n\n<\/div>\n\t<div class=\"wpb_text_column wpb_content_element\" >\n\t\t<div class=\"wpb_wrapper\">\n\t\t\t<p style=\"text-align: justify;\">Prv\u00e9 n\u00e1rodn\u00e9 majstrovstv\u00e1 v tenise sa konali v Balatonf\u00fcrede pred 125 rokmi. Tenisov\u00fd klub Kiserdei bol zalo\u017een\u00fd v roku 1935 a odvtedy sa tenis hr\u00e1 v Kiserd\u0151, v jedine\u010dnom pr\u00edrodnom prostred\u00ed, len 100 metrov od hotela.<\/p>\n\n\t\t<\/div>\n\t<\/div>\n<\/div><\/div><\/div><\/div><div class=\"vc_row wpb_row vc_row-fluid vc_custom_1692779878619 vc_row-has-fill vc_row-o-equal-height vc_row-o-content-middle vc_row-flex padding_top_none padding_bottom_none\"><div class=\"col-sm-push-6 wpb_column vc_column_container vc_col-sm-6\"><div class=\"vc_column-inner\"><div class=\"wpb_wrapper\">\n\t<div  class=\"wpb_single_image wpb_content_element vc_align_center\">\n\t\t\n\t\t<figure class=\"wpb_wrapper vc_figure\">\n\t\t\t<div class=\"vc_single_image-wrapper   vc_box_border_grey\"><img loading=\"lazy\" decoding=\"async\" width=\"2560\" height=\"1707\" src=\"https:\/\/annagrandhotel.hu\/wp-content\/uploads\/2023\/09\/golf-club-ball-green-grass-scaled.jpg\" class=\"vc_single_image-img attachment-full\" alt=\"\" title=\"Golfov\u00e1 palica a lopti\u010dka v zelenej tr\u00e1ve\" srcset=\"https:\/\/annagrandhotel.hu\/wp-content\/uploads\/2023\/09\/golf-club-ball-green-grass-scaled.jpg 2560w, https:\/\/annagrandhotel.hu\/wp-content\/uploads\/2023\/09\/golf-club-ball-green-grass-300x200.jpg 300w, https:\/\/annagrandhotel.hu\/wp-content\/uploads\/2023\/09\/golf-club-ball-green-grass-1024x683.jpg 1024w, https:\/\/annagrandhotel.hu\/wp-content\/uploads\/2023\/09\/golf-club-ball-green-grass-768x512.jpg 768w, https:\/\/annagrandhotel.hu\/wp-content\/uploads\/2023\/09\/golf-club-ball-green-grass-1536x1024.jpg 1536w, https:\/\/annagrandhotel.hu\/wp-content\/uploads\/2023\/09\/golf-club-ball-green-grass-2048x1365.jpg 2048w\" sizes=\"auto, (max-width: 2560px) 100vw, 2560px\" \/><\/div>\n\t\t<\/figure>\n\t<\/div>\n<\/div><\/div><\/div><div class=\"col-sm-pull-6 wpb_column vc_column_container vc_col-sm-6\"><div class=\"vc_column-inner\"><div class=\"wpb_wrapper\"><div class=\"heading_group_sc wpb_content_element subtitle_top    text-left\">\n\n        <span class=\"subtitle\"><\/span>\n\n    <h4>GOLF<\/h4>\n\n\n\n<\/div>\n\t<div class=\"wpb_text_column wpb_content_element\" >\n\t\t<div class=\"wpb_wrapper\">\n\t\t\t<p style=\"text-align: justify;\">Prv\u00e9 18-jamkov\u00e9 golfov\u00e9 ihrisko pri Balatone, vhodn\u00e9 na medzin\u00e1rodn\u00e9 turnaje, so stredomorskou atmosf\u00e9rou, \u010dak\u00e1 na milovn\u00edkov golfu v kr\u00e1snom prostred\u00ed. Ihrisko sa nach\u00e1dza v jedine\u010dnom pr\u00edrodnom prostred\u00ed, v susedstve obce Tihany, medzi Balatonudvari a \u00d6rv\u00e9nyes, a pon\u00faka \u00fachvatn\u00fd panoramatick\u00fd v\u00fdh\u013ead na Balaton, len 11 km od n\u00e1\u0161ho hotela.<\/p>\n\n\t\t<\/div>\n\t<\/div>\n<\/div><\/div><\/div><\/div>\n<\/div>","protected":false},"excerpt":{"rendered":"SPORT BALATONF\u00dcRED \u00c9S K\u00d6RNY\u00c9KE A SPORTOL\u00c1SI LEHET\u0150S\u00c9GEKT\u0150L A V\u00c1ROSN\u00c9Z\u00c9SIG. ITT MINDEN ADOTT KER\u00c9KP\u00c1RB\u00c9RL\u00c9S A Balatoni ker\u00e9kp\u00e1r\u00fat ny\u00fajtotta ker\u00e9kp\u00e1r\u00fatrendszer lehet\u0151v\u00e9 teszi, hogy k\u00e9t ker\u00e9ken is felfedezhet\u0151 legyen ez a csod\u00e1latos k\u00f6rny\u00e9k. Tavaszt\u00f3l \u0151szig b\u00e9relhet\u0151 ker\u00e9kp\u00e1rjainkon vend\u00e9geink is \u00e9lvezhetik ezt a lehet\u0151s\u00e9get. Sportok V\u00edzi sportok Balatonf\u00fcred ide\u00e1lis \u00fati c\u00e9l a sz\u00f6rf\u00f6z\u00e9s, vitorl\u00e1z\u00e1s \u00e9s m\u00e1s v\u00edzi kalandok ir\u00e1nt [...]","protected":false},"author":1,"featured_media":1174,"parent":0,"menu_order":0,"comment_status":"closed","ping_status":"closed","template":"","meta":{"footnotes":""},"class_list":["post-42","page","type-page","status-publish","has-post-thumbnail","hentry"],"aioseo_notices":[],"_links":{"self":[{"href":"https:\/\/annagrandhotel.hu\/sk\/wp-json\/wp\/v2\/pages\/42","targetHints":{"allow":["GET"]}}],"collection":[{"href":"https:\/\/annagrandhotel.hu\/sk\/wp-json\/wp\/v2\/pages"}],"about":[{"href":"https:\/\/annagrandhotel.hu\/sk\/wp-json\/wp\/v2\/types\/page"}],"author":[{"embeddable":true,"href":"https:\/\/annagrandhotel.hu\/sk\/wp-json\/wp\/v2\/users\/1"}],"replies":[{"embeddable":true,"href":"https:\/\/annagrandhotel.hu\/sk\/wp-json\/wp\/v2\/comments?post=42"}],"version-history":[{"count":76,"href":"https:\/\/annagrandhotel.hu\/sk\/wp-json\/wp\/v2\/pages\/42\/revisions"}],"predecessor-version":[{"id":4954,"href":"https:\/\/annagrandhotel.hu\/sk\/wp-json\/wp\/v2\/pages\/42\/revisions\/4954"}],"wp:featuredmedia":[{"embeddable":true,"href":"https:\/\/annagrandhotel.hu\/sk\/wp-json\/wp\/v2\/media\/1174"}],"wp:attachment":[{"href":"https:\/\/annagrandhotel.hu\/sk\/wp-json\/wp\/v2\/media?parent=42"}],"curies":[{"name":"wp","href":"https:\/\/api.w.org\/{rel}","templated":true}]}}