{"id":4107,"date":"2024-09-12T19:57:44","date_gmt":"2024-09-12T17:57:44","guid":{"rendered":"https:\/\/annagrandhotel.hu\/?page_id=4107"},"modified":"2024-09-13T11:34:54","modified_gmt":"2024-09-13T09:34:54","slug":"nocna-recepcna","status":"publish","type":"page","link":"https:\/\/annagrandhotel.hu\/sk\/ejszakai-recepcios\/","title":{"rendered":"No\u010dn\u00e1 recep\u010dn\u00e1"},"content":{"rendered":"<div class=\"wpb-content-wrapper\"><div class=\"vc_row wpb_row vc_row-fluid vc_custom_1726164178514 vc_row-has-fill\"><div class=\"wpb_column vc_column_container vc_col-sm-12\"><div class=\"vc_column-inner\"><div class=\"wpb_wrapper\">\n\t<div  class=\"wpb_single_image wpb_content_element vc_align_center\">\n\t\t\n\t\t<figure class=\"wpb_wrapper vc_figure\">\n\t\t\t<div class=\"vc_single_image-wrapper   vc_box_border_grey\"><img loading=\"lazy\" decoding=\"async\" width=\"250\" height=\"130\" src=\"https:\/\/annagrandhotel.hu\/wp-content\/uploads\/2023\/11\/Anna-Grand-Hotel-logo_weboldal.webp\" class=\"vc_single_image-img attachment-full\" alt=\"\" title=\"Anna Grand Hotel logo_website\" srcset=\"https:\/\/annagrandhotel.hu\/wp-content\/uploads\/2023\/11\/Anna-Grand-Hotel-logo_weboldal.webp 250w, https:\/\/annagrandhotel.hu\/wp-content\/uploads\/2023\/11\/Anna-Grand-Hotel-logo_weboldal-18x9.webp 18w\" sizes=\"auto, (max-width: 250px) 100vw, 250px\" \/><\/div>\n\t\t<\/figure>\n\t<\/div>\n\n\t<div  class=\"wpb_single_image wpb_content_element vc_align_center\">\n\t\t\n\t\t<figure class=\"wpb_wrapper vc_figure\">\n\t\t\t<div class=\"vc_single_image-wrapper   vc_box_border_grey\"><img loading=\"lazy\" decoding=\"async\" width=\"1003\" height=\"11\" src=\"https:\/\/annagrandhotel.hu\/wp-content\/uploads\/2023\/11\/Anna-Grand-Hotel-elvalaszto.webp\" class=\"vc_single_image-img attachment-full\" alt=\"\" title=\"Anna Grand Hotel rozde\u013eova\u010d\" srcset=\"https:\/\/annagrandhotel.hu\/wp-content\/uploads\/2023\/11\/Anna-Grand-Hotel-elvalaszto.webp 1003w, https:\/\/annagrandhotel.hu\/wp-content\/uploads\/2023\/11\/Anna-Grand-Hotel-elvalaszto-300x3.webp 300w, https:\/\/annagrandhotel.hu\/wp-content\/uploads\/2023\/11\/Anna-Grand-Hotel-elvalaszto-768x8.webp 768w, https:\/\/annagrandhotel.hu\/wp-content\/uploads\/2023\/11\/Anna-Grand-Hotel-elvalaszto-18x1.webp 18w\" sizes=\"auto, (max-width: 1003px) 100vw, 1003px\" \/><\/div>\n\t\t<\/figure>\n\t<\/div>\n<div class=\"heading_group_sc wpb_content_element subtitle_bottom    text-center\">\n\n\n    <h2>No\u010dn\u00e1 recep\u010dn\u00e1<\/h2>\n\n\n        <span class=\"subtitle\"><\/span>\n\n<\/div><\/div><\/div><\/div><\/div><div class=\"vc_row wpb_row vc_row-fluid vc_custom_1726163959211 vc_row-has-fill\"><div class=\"wpb_column vc_column_container vc_col-sm-9\"><div class=\"vc_column-inner\"><div class=\"wpb_wrapper\"><div class=\"heading_group_sc wpb_content_element subtitle_bottom    text-left\">\n\n\n    <p><strong>\u010co pon\u00fakame na\u0161im bud\u00facim \u010dlenom t\u00edmu v na\u0161om celoro\u010dnom hoteli:<\/strong><\/p>\n<ul>\n<li>Pracovn\u00e1 zmluva na dobu ur\u010dit\u00fa s \u00fapln\u00fdm ozn\u00e1men\u00edm<\/li>\n<li>Dlhodob\u00e9 pracovn\u00e9 pr\u00edle\u017eitosti<\/li>\n<li>Flexibiln\u00fd pracovn\u00fd \u010das 12-hodinov\u00e1 no\u010dn\u00e1 zmena<\/li>\n<li>Exkluz\u00edvne jednotn\u00e9 pracovn\u00e9 oble\u010denie vhodn\u00e9 pre hotel<\/li>\n<li>Jedno tepl\u00e9 jedlo po\u010das pracovnej doby<\/li>\n<\/ul>\n<p><strong>Pracovn\u00e9 povinnosti:<\/strong><\/p>\n<ul>\n<li>Pr\u00edchod, preprava a informovanie host\u00ed<\/li>\n<li>Pr\u00edprava fakt\u00far, spr\u00e1va hotovosti<\/li>\n<li>Vybavovanie po\u017eiadaviek a s\u0165a\u017enost\u00ed host\u00ed<\/li>\n<li>Spr\u00e1va rezerv\u00e1ci\u00ed telefonicky, e-mailom a osobne, kontrola rezerv\u00e1ci\u00ed<\/li>\n<li>\u00dazka spolupr\u00e1ca s ostatn\u00fdmi oddeleniami hotela s cie\u013eom zabezpe\u010di\u0165 efekt\u00edvnu pr\u00e1cu<\/li>\n<\/ul>\n<p><strong>\u010co o\u010dak\u00e1vame od n\u00e1\u0161ho bud\u00faceho kolegu:<\/strong><\/p>\n<ul style=\"font-weight: 400;\">\n<li>Sebavedom\u00e1 komunik\u00e1cia v ma\u010far\u010dine a angli\u010dtine, plynul\u00e1 komunik\u00e1cia<\/li>\n<li>\u010eal\u0161ie znalosti cudz\u00edch jazykov a Hostware, ako aj odborn\u00e1 kvalifik\u00e1cia by boli v\u00fdhodou<\/li>\n<li>Sk\u00fasenosti s pr\u00e1cou v hotelovej recepcii s\u00fa v\u00fdhodou, ale uv\u00edtame aj \u017eiadosti nov\u00e1\u010dikov.<\/li>\n<li>zdvoril\u00e1, na host\u00ed orientovan\u00e1 osoba s upraven\u00fdm vzh\u013eadom<\/li>\n<\/ul>\n\n\n        <span class=\"subtitle\"><\/span>\n\n<\/div><div class=\"heading_group_sc wpb_content_element subtitle_bottom    text-left\">\n\n\n    <p><span style=\"font-weight: 400;\">Svoj \u017eivotopis s fotografiou a n\u00e1zvom poz\u00edcie po\u0161lite na adresu. <\/span><a href=\"mailto:hr@annagrandhotel.hu\"><span style=\"font-weight: 400;\">hr@annagrandhotel.hu<\/span><\/a><span style=\"font-weight: 400;\"> na t\u00fato adresu.<\/span><\/p>\n\n\n        <span class=\"subtitle\"><\/span>\n\n<\/div><div class=\"plethora_button wpb_content_element   text-left\">\n    <a href=\"mailto:hr@annagrandhotel.hu%20_blank\" class=\"btn btn-default\" title=\"\"  target=\"_blank\">\n\n        \n        Prihl\u00e1\u0161ku podajte na\n        \n\n    <\/a>\n<\/div><\/div><\/div><\/div><div class=\"wpb_column vc_column_container vc_col-sm-3 vc_col-has-fill\"><div class=\"vc_column-inner vc_custom_1726164142191\"><div class=\"wpb_wrapper\"><div class=\"heading_group_sc wpb_content_element subtitle_bottom    text-left\">\n\n\n    <p><strong>Oddelenie:<\/strong><br \/>\nRecepcia<\/p>\n\n\n        <span class=\"subtitle\"><\/span>\n\n<\/div><div class=\"heading_group_sc wpb_content_element subtitle_bottom    text-left\">\n\n\n    <p><strong>Typ zamestnania:<\/strong><br \/>\nNa pln\u00fd \u00fav\u00e4zok<\/p>\n\n\n        <span class=\"subtitle\"><\/span>\n\n<\/div><div class=\"heading_group_sc wpb_content_element subtitle_bottom    text-left\">\n\n\n    <p><span style=\"font-weight: 400;\">Svoj \u017eivotopis s fotografiou a n\u00e1zvom poz\u00edcie po\u0161lite na adresu. <\/span><a href=\"mailto:hr@annagrandhotel.hu\"><span style=\"font-weight: 400;\">hr@annagrandhotel.hu<\/span><\/a><span style=\"font-weight: 400;\"> na t\u00fato adresu.<\/span><\/p>\n\n\n        <span class=\"subtitle\"><\/span>\n\n<\/div><div class=\"plethora_button wpb_content_element   text-left\">\n    <a href=\"mailto:hr@annagrandhotel.hu%20_blank\" class=\"btn btn-default\" title=\"\"  target=\"_blank\">\n\n        \n        Prihl\u00e1\u0161ku podajte na\n        \n\n    <\/a>\n<\/div><\/div><\/div><\/div><\/div>\n<\/div>","protected":false},"excerpt":{"rendered":"\u00c9jszakai Recepci\u00f3s Amit k\u00edn\u00e1lunk leend\u0151 csapattagunknak eg\u00e9sz \u00e9vben \u00fczemel\u0151 sz\u00e1llod\u00e1nkban: Hat\u00e1rozatlan idej\u0171 munkaszerz\u0151d\u00e9s teljes bejelent\u00e9ssel Hossz\u00fat\u00e1v\u00fa munkalehet\u0151s\u00e9g Tervezhet\u0151 beoszt\u00e1s 12-\u00f3r\u00e1s \u00e9jszak\u00e1s m\u0171szakban Exkluz\u00edv sz\u00e1llod\u00e1hoz ill\u0151, egys\u00e9ges munkaruh\u00e1zat Munkav\u00e9gz\u00e9s ideje alatt egyszeri meleg \u00e9tkez\u00e9s Munkak\u00f6ri feladatok: Vend\u00e9gek \u00e9rkeztet\u00e9se, utaztat\u00e1sa, t\u00e1j\u00e9koztat\u00e1sa Sz\u00e1ml\u00e1k elk\u00e9sz\u00edt\u00e9se, kasszakezel\u00e9s Vend\u00e9gk\u00e9r\u00e9sek \u00e9s panaszok kezel\u00e9se Rezerv\u00e1ci\u00f3s feladatok ell\u00e1t\u00e1sa telefonon, e-mail-ben \u00e9s szem\u00e9lyesen, foglal\u00e1sok nyomon [...]","protected":false},"author":1,"featured_media":0,"parent":0,"menu_order":0,"comment_status":"closed","ping_status":"closed","template":"","meta":{"footnotes":""},"class_list":["post-4107","page","type-page","status-publish","hentry"],"aioseo_notices":[],"_links":{"self":[{"href":"https:\/\/annagrandhotel.hu\/sk\/wp-json\/wp\/v2\/pages\/4107","targetHints":{"allow":["GET"]}}],"collection":[{"href":"https:\/\/annagrandhotel.hu\/sk\/wp-json\/wp\/v2\/pages"}],"about":[{"href":"https:\/\/annagrandhotel.hu\/sk\/wp-json\/wp\/v2\/types\/page"}],"author":[{"embeddable":true,"href":"https:\/\/annagrandhotel.hu\/sk\/wp-json\/wp\/v2\/users\/1"}],"replies":[{"embeddable":true,"href":"https:\/\/annagrandhotel.hu\/sk\/wp-json\/wp\/v2\/comments?post=4107"}],"version-history":[{"count":8,"href":"https:\/\/annagrandhotel.hu\/sk\/wp-json\/wp\/v2\/pages\/4107\/revisions"}],"predecessor-version":[{"id":4109,"href":"https:\/\/annagrandhotel.hu\/sk\/wp-json\/wp\/v2\/pages\/4107\/revisions\/4109"}],"wp:attachment":[{"href":"https:\/\/annagrandhotel.hu\/sk\/wp-json\/wp\/v2\/media?parent=4107"}],"curies":[{"name":"wp","href":"https:\/\/api.w.org\/{rel}","templated":true}]}}