{"id":4016,"date":"2024-07-19T16:22:00","date_gmt":"2024-07-19T14:22:00","guid":{"rendered":"https:\/\/annagrandhotel.hu\/?page_id=4016"},"modified":"2025-05-13T07:31:01","modified_gmt":"2025-05-13T05:31:01","slug":"karierny-supervizor-fb","status":"publish","type":"page","link":"https:\/\/annagrandhotel.hu\/sk\/karrier-fb-supervisor\/","title":{"rendered":"Ved\u00faci F&amp;B"},"content":{"rendered":"<div class=\"wpb-content-wrapper\"><div class=\"vc_row wpb_row vc_row-fluid vc_custom_1721398731438 vc_row-has-fill\"><div class=\"wpb_column vc_column_container vc_col-sm-12\"><div class=\"vc_column-inner\"><div class=\"wpb_wrapper\">\n\t<div  class=\"wpb_single_image wpb_content_element vc_align_center\">\n\t\t\n\t\t<figure class=\"wpb_wrapper vc_figure\">\n\t\t\t<div class=\"vc_single_image-wrapper   vc_box_border_grey\"><img loading=\"lazy\" decoding=\"async\" width=\"250\" height=\"130\" src=\"https:\/\/annagrandhotel.hu\/wp-content\/uploads\/2023\/11\/Anna-Grand-Hotel-logo_weboldal.webp\" class=\"vc_single_image-img attachment-full\" alt=\"\" title=\"Anna Grand Hotel logo_website\" srcset=\"https:\/\/annagrandhotel.hu\/wp-content\/uploads\/2023\/11\/Anna-Grand-Hotel-logo_weboldal.webp 250w, https:\/\/annagrandhotel.hu\/wp-content\/uploads\/2023\/11\/Anna-Grand-Hotel-logo_weboldal-18x9.webp 18w\" sizes=\"auto, (max-width: 250px) 100vw, 250px\" \/><\/div>\n\t\t<\/figure>\n\t<\/div>\n\n\t<div  class=\"wpb_single_image wpb_content_element vc_align_left\">\n\t\t\n\t\t<figure class=\"wpb_wrapper vc_figure\">\n\t\t\t<div class=\"vc_single_image-wrapper   vc_box_border_grey\"><img loading=\"lazy\" decoding=\"async\" width=\"1003\" height=\"11\" src=\"https:\/\/annagrandhotel.hu\/wp-content\/uploads\/2023\/11\/Anna-Grand-Hotel-elvalaszto.webp\" class=\"vc_single_image-img attachment-full\" alt=\"\" title=\"Anna Grand Hotel rozde\u013eova\u010d\" srcset=\"https:\/\/annagrandhotel.hu\/wp-content\/uploads\/2023\/11\/Anna-Grand-Hotel-elvalaszto.webp 1003w, https:\/\/annagrandhotel.hu\/wp-content\/uploads\/2023\/11\/Anna-Grand-Hotel-elvalaszto-300x3.webp 300w, https:\/\/annagrandhotel.hu\/wp-content\/uploads\/2023\/11\/Anna-Grand-Hotel-elvalaszto-768x8.webp 768w, https:\/\/annagrandhotel.hu\/wp-content\/uploads\/2023\/11\/Anna-Grand-Hotel-elvalaszto-18x1.webp 18w\" sizes=\"auto, (max-width: 1003px) 100vw, 1003px\" \/><\/div>\n\t\t<\/figure>\n\t<\/div>\n<div class=\"heading_group_sc wpb_content_element subtitle_bottom    text-center\">\n\n\n    <h3>Ved\u00faci F&amp;B<\/h3>\n\n\n        <span class=\"subtitle\"><\/span>\n\n<\/div><\/div><\/div><\/div><\/div><div class=\"vc_row wpb_row vc_row-fluid vc_custom_1721400433935 vc_row-has-fill\"><div class=\"wpb_column vc_column_container vc_col-sm-8 vc_hidden-sm vc_hidden-xs\"><div class=\"vc_column-inner\"><div class=\"wpb_wrapper\"><div class=\"heading_group_sc wpb_content_element subtitle_bottom    text-left\">\n\n\n    <p><strong>\u010co pon\u00fakame na\u0161im bud\u00facim \u010dlenom t\u00edmu v na\u0161om celoro\u010dnom hoteli:<\/strong><\/p>\n<ul>\n<li>Konkuren\u010dn\u00fd plat<\/li>\n<li>Dlhodob\u00e9 pracovn\u00e9 pr\u00edle\u017eitosti<\/li>\n<li>Ozn\u00e1men\u00e1 8-hodinov\u00e1 pracovn\u00e1 doba<\/li>\n<li>N\u00e1ro\u010dn\u00e9 pracovn\u00e9 prostredie v ikonickom 5* historickom hoteli v Balatonf\u00fcrede<\/li>\n<li>Mo\u017enosti rozvoja, \u0161kolenia<\/li>\n<li>Jednotn\u00e9 pracovn\u00e9 oble\u010denie v pracovn\u00fdch d\u0148och<\/li>\n<li>Bezplatn\u00e9 stravovanie v pr\u00e1ci<\/li>\n<\/ul>\n<p><strong>Pracovn\u00e9 povinnosti:<\/strong><\/p>\n<ul>\n<li style=\"font-weight: 400;\" aria-level=\"1\">Riadenie a doh\u013ead nad ka\u017edodenn\u00fdmi prev\u00e1dzkov\u00fdmi pracovn\u00fdmi postupmi<\/li>\n<li style=\"font-weight: 400;\" aria-level=\"1\">Koordin\u00e1cia a doh\u013ead nad pridelen\u00fdm person\u00e1lom, kontrola bufetov\u00fdch stolov, pod\u00e1vanie n\u00e1pojov, pr\u00edprava a v\u00fdzdoba<\/li>\n<li style=\"font-weight: 400;\" aria-level=\"1\">Kompletn\u00fd doh\u013ead nad pr\u00edpravou a riaden\u00edm podujat\u00ed (konferencie, svadby, firemn\u00e9 podujatia at\u010f.)<\/li>\n<li style=\"font-weight: 400;\" aria-level=\"1\">Hygienick\u00e9 predpisy, pravidl\u00e1 HACCP<\/li>\n<li style=\"font-weight: 400;\" aria-level=\"1\">Riadenie pr\u00edpravy miesta konania<\/li>\n<li style=\"font-weight: 400;\" aria-level=\"1\">R\u00fdchle a \u00fa\u010dinn\u00e9 rie\u0161enie neo\u010dak\u00e1van\u00fdch situ\u00e1ci\u00ed a probl\u00e9mov<\/li>\n<li style=\"font-weight: 400;\" aria-level=\"1\">Pou\u017e\u00edvanie syst\u00e9mu Hostware: zad\u00e1vanie objedn\u00e1vok, faktur\u00e1cia, pr\u00edjem, dotazovacie spr\u00e1vy<\/li>\n<li style=\"font-weight: 400;\" aria-level=\"1\">Spr\u00e1va hotovosti: denn\u00e9 otv\u00e1ranie a uzatv\u00e1ranie, po\u010d\u00edtanie pe\u0148az\u00ed, denn\u00e9 zaznamen\u00e1vanie pr\u00edjmov<\/li>\n<\/ul>\n<p><strong>\u010co o\u010dak\u00e1vame od n\u00e1\u0161ho bud\u00faceho kolegu:<\/strong><\/p>\n<ul>\n<li>Najmenej 2-3 roky odbornej praxe v hotelierstve, z toho aspo\u0148 1 rok v riadiacej alebo kontrolnej poz\u00edcii<\/li>\n<li>Znalos\u0165 a istota pri pou\u017e\u00edvan\u00ed Hostware<\/li>\n<li>Prax v pr\u00e1ci s hotovos\u0165ou - denn\u00e9 otv\u00e1ranie\/zamykanie, po\u010d\u00edtanie pe\u0148az\u00ed, pr\u00edjmov\u00e9 doklady<\/li>\n<li>znalos\u0165 re\u0161taura\u010dn\u00fdch slu\u017eieb (\u00e1 la carte, bufet, catering na podujatia)<\/li>\n<li>dobr\u00e9 organiza\u010dn\u00e9 schopnosti a schopnos\u0165 rie\u0161i\u0165 probl\u00e9my<\/li>\n<li>Siln\u00e9, ale empatick\u00e9 vedenie, dobr\u00e9 komunika\u010dn\u00e9 schopnosti<\/li>\n<li>Flexibilita - v\u00edkendov\u00e9, sviato\u010dn\u00e9 a dokonca ve\u010dern\u00e9 zmeny<\/li>\n<li>Nosnos\u0165, r\u00fdchla reakcia pod tlakom<\/li>\n<li>Prec\u00edznos\u0165 pri administrat\u00edvnych a finan\u010dn\u00fdch \u00faloh\u00e1ch<\/li>\n<li>Stredne pokro\u010dil\u00e1 \u00farove\u0148 angli\u010dtiny<\/li>\n<\/ul>\n\n\n        <span class=\"subtitle\"><\/span>\n\n<\/div><div class=\"heading_group_sc wpb_content_element subtitle_bottom   vc_custom_1721398658854  text-left\">\n\n\n    <p><span style=\"font-weight: 400;\">Svoj \u017eivotopis s fotografiou a n\u00e1zvom poz\u00edcie po\u0161lite na adresu. <\/span><a href=\"mailto:hr@annagrandhotel.hu\"><span style=\"font-weight: 400;\">hr@annagrandhotel.hu<\/span><\/a><span style=\"font-weight: 400;\"> na t\u00fato adresu.<\/span><\/p>\n\n\n        <span class=\"subtitle\"><\/span>\n\n<\/div><\/div><\/div><\/div><div class=\"wpb_column vc_column_container vc_col-sm-4 vc_hidden-sm vc_hidden-xs vc_col-has-fill\"><div class=\"vc_column-inner vc_custom_1721399820124\"><div class=\"wpb_wrapper\"><div class=\"heading_group_sc wpb_content_element subtitle_bottom   vc_custom_1747113167766  text-left\">\n\n\n    <p><strong>Oddelenie:<\/strong><br \/>\nPotraviny a n\u00e1poje<\/p>\n\n\n        <span class=\"subtitle\"><\/span>\n\n<\/div><div class=\"heading_group_sc wpb_content_element subtitle_bottom   vc_custom_1747113186951  text-left\">\n\n\n    <p><strong>Typ zamestnania:<\/strong><br \/>\nNa pln\u00fd \u00fav\u00e4zok<\/p>\n\n\n        <span class=\"subtitle\"><\/span>\n\n<\/div><div class=\"heading_group_sc wpb_content_element subtitle_bottom   vc_custom_1721398658854  text-left\">\n\n\n    <p><span style=\"font-weight: 400;\">Svoj \u017eivotopis s fotografiou a n\u00e1zvom poz\u00edcie po\u0161lite na adresu. <\/span><a href=\"mailto:hr@annagrandhotel.hu\"><span style=\"font-weight: 400;\">hr@annagrandhotel.hu<\/span><\/a><span style=\"font-weight: 400;\"> na t\u00fato adresu.<\/span><\/p>\n\n\n        <span class=\"subtitle\"><\/span>\n\n<\/div><\/div><\/div><\/div><\/div><div class=\"vc_row wpb_row vc_row-fluid vc_custom_1721398759166 vc_row-has-fill\"><div class=\"wpb_column vc_column_container vc_col-sm-4 vc_hidden-lg vc_hidden-md vc_col-has-fill\"><div class=\"vc_column-inner vc_custom_1721399772512\"><div class=\"wpb_wrapper\"><div class=\"heading_group_sc wpb_content_element subtitle_bottom   vc_custom_1721398593309  text-left\">\n\n\n    <p><strong>Oddelenie:<\/strong><br \/>\nK\u00fapele<\/p>\n\n\n        <span class=\"subtitle\"><\/span>\n\n<\/div><div class=\"heading_group_sc wpb_content_element subtitle_bottom   vc_custom_1721398612383  text-left\">\n\n\n    <p><strong>Typ zamestnania:<\/strong><br \/>\nNa pln\u00fd \u00fav\u00e4zok<\/p>\n\n\n        <span class=\"subtitle\"><\/span>\n\n<\/div><div class=\"heading_group_sc wpb_content_element subtitle_bottom   vc_custom_1721398658854  text-left\">\n\n\n    <p><span style=\"font-weight: 400;\">Svoj \u017eivotopis s fotografiou a n\u00e1zvom poz\u00edcie po\u0161lite na adresu. <\/span><a href=\"mailto:hr@annagrandhotel.hu\"><span style=\"font-weight: 400;\">hr@annagrandhotel.hu<\/span><\/a><span style=\"font-weight: 400;\"> na t\u00fato adresu.<\/span><\/p>\n\n\n        <span class=\"subtitle\"><\/span>\n\n<\/div><div class=\"plethora_button wpb_content_element   text-left\">\n    <a href=\"mailto:hr@annagrandhotel.hu\" class=\"btn btn-secondary\" title=\"\"  target=\"_blank\">\n\n        \n        Prihl\u00e1\u0161ku podajte na\n        \n\n    <\/a>\n<\/div><\/div><\/div><\/div><div class=\"wpb_column vc_column_container vc_col-sm-8 vc_hidden-lg vc_hidden-md\"><div class=\"vc_column-inner\"><div class=\"wpb_wrapper\"><div class=\"heading_group_sc wpb_content_element subtitle_bottom    text-left\">\n\n\n    <p><strong>\u010co pon\u00fakame na\u0161im bud\u00facim \u010dlenom t\u00edmu v na\u0161om celoro\u010dnom hoteli:<\/strong><\/p>\n<ul>\n<li style=\"font-weight: 400;\" aria-level=\"1\"><span style=\"font-weight: 400;\">dlhodob\u00e9, bezpe\u010dn\u00e9 zamestnanie s 8-hodinovou v\u00fdpovednou lehotou<\/span><\/li>\n<li style=\"font-weight: 400;\" aria-level=\"1\"><span style=\"font-weight: 400;\">pr\u00edspevok na cestu medzi pracoviskom a domovom<\/span><\/li>\n<li style=\"font-weight: 400;\" aria-level=\"1\"><span style=\"font-weight: 400;\">predv\u00eddate\u013en\u00fd pracovn\u00fd \u010das<\/span><\/li>\n<li style=\"font-weight: 400;\" aria-level=\"1\"><span style=\"font-weight: 400;\">jednotn\u00e9 pracovn\u00e9 oble\u010denie, ktor\u00e9 zodpoved\u00e1 exkluz\u00edvnemu hotelu\u00a0<\/span><\/li>\n<li style=\"font-weight: 400;\" aria-level=\"1\"><span style=\"font-weight: 400;\">tepl\u00e9 jedl\u00e1 po\u010das pracovn\u00fdch dn\u00ed<\/span><\/li>\n<li style=\"font-weight: 400;\" aria-level=\"1\"><span style=\"font-weight: 400;\">dynamick\u00fd t\u00edm a \u0161t\u00fdlov\u00e9 pracovn\u00e9 prostredie<\/span><\/li>\n<\/ul>\n<p><strong>Pracovn\u00e9 povinnosti:<\/strong><\/p>\n<ul>\n<li style=\"font-weight: 400;\" aria-level=\"1\"><span style=\"font-weight: 400;\">zdvoril\u00e9 v\u00edtanie prich\u00e1dzaj\u00facich host\u00ed.<\/span><\/li>\n<li style=\"font-weight: 400;\" aria-level=\"1\"><span style=\"font-weight: 400;\">doh\u013ead nad baz\u00e9nmi a mokra\u010fami<\/span><\/li>\n<li style=\"font-weight: 400;\" aria-level=\"1\"><span style=\"font-weight: 400;\">prev\u00e1dzka saunov\u00e9ho parku<\/span><\/li>\n<li style=\"font-weight: 400;\" aria-level=\"1\"><span style=\"font-weight: 400;\">koordin\u00e1cia saunov\u00fdch a wellness programov<\/span><\/li>\n<li style=\"font-weight: 400;\" aria-level=\"1\"><span style=\"font-weight: 400;\">podpora spr\u00e1vnej prev\u00e1dzky zabezpe\u010den\u00edm dodr\u017eiavania hygienick\u00fdch predpisov.<\/span><\/li>\n<\/ul>\n<p><strong>\u010co o\u010dak\u00e1vame od n\u00e1\u0161ho bud\u00faceho kolegu:<\/strong><\/p>\n<p><span style=\"font-weight: 400;\">Okrem kultivovan\u00e9ho a upraven\u00e9ho vzh\u013eadu m\u00e1 aj vynikaj\u00face komunika\u010dn\u00e9 schopnosti. Je orientovan\u00e1 na host\u00ed, priate\u013esk\u00e1 a akt\u00edvna osobnos\u0165.\u00a0<\/span><\/p>\n<p><span style=\"font-weight: 400;\">\u013dahko sa vyhnete probl\u00e9mom, ktor\u00e9 sa v\u00e1m prihodia, a ovl\u00e1date aspo\u0148 jeden cudz\u00ed jazyk. Sk\u00fasenosti z hotelov\u00e9ho prostredia by boli v\u00fdhodou, ale uv\u00edtame aj \u017eiadosti od nov\u00e1\u010dikov.<\/span><\/p>\n<p><span style=\"font-weight: 400;\">Na t\u00fato pr\u00e1cu sa vy\u017eaduje odborn\u00e1 kvalifik\u00e1cia.<\/span><\/p>\n\n\n        <span class=\"subtitle\"><\/span>\n\n<\/div><div class=\"heading_group_sc wpb_content_element subtitle_bottom   vc_custom_1721398658854  text-left\">\n\n\n    <p><span style=\"font-weight: 400;\">Svoj \u017eivotopis s fotografiou a n\u00e1zvom poz\u00edcie po\u0161lite na adresu. <\/span><a href=\"mailto:hr@annagrandhotel.hu\"><span style=\"font-weight: 400;\">hr@annagrandhotel.hu<\/span><\/a><span style=\"font-weight: 400;\"> na t\u00fato adresu.<\/span><\/p>\n\n\n        <span class=\"subtitle\"><\/span>\n\n<\/div><div class=\"plethora_button wpb_content_element   text-left\">\n    <a href=\"mailto:hr@annagrandhotel.hu\" class=\"btn btn-secondary\" title=\"\"  target=\"_blank\">\n\n        \n        Prihl\u00e1\u0161ku podajte na\n        \n\n    <\/a>\n<\/div><\/div><\/div><\/div><\/div>\n<\/div>","protected":false},"excerpt":{"rendered":"F&amp;B Supervisor Amit k\u00edn\u00e1lunk leend\u0151 csapattagunknak eg\u00e9sz \u00e9vben \u00fczemel\u0151 sz\u00e1llod\u00e1nkban: Versenyk\u00e9pes fizet\u00e9s Hossz\u00fat\u00e1v\u00fa munkalehet\u0151s\u00e9g Bejelentett 8 \u00f3r\u00e1s \u00e1ll\u00e1s Ig\u00e9nyes munkak\u00f6rnyezet, Balatonf\u00fcred ikonikus m\u0171eml\u00e9k jelleg\u0171 5*-os sz\u00e1llod\u00e1j\u00e1ban Fejl\u0151d\u00e9si lehet\u0151s\u00e9g, tr\u00e9ningek Egys\u00e9ges munkaruh\u00e1zat munkanapokon Ingyenes munkahelyi \u00e9tkez\u00e9s Munkak\u00f6ri feladatok: A napi operat\u00edv munkafolyamatok ir\u00e1ny\u00edt\u00e1sa \u00e9s fel\u00fcgyelete A beosztott dolgoz\u00f3k koordin\u00e1l\u00e1sa, ellen\u0151rz\u00e9se, b\u00fcf\u00e9asztalok, italszerviz, ter\u00edt\u00e9s \u00e9s dekor\u00e1ci\u00f3 ellen\u0151rz\u00e9se [...]","protected":false},"author":1,"featured_media":0,"parent":0,"menu_order":0,"comment_status":"closed","ping_status":"closed","template":"","meta":{"footnotes":""},"class_list":["post-4016","page","type-page","status-publish","hentry"],"aioseo_notices":[],"_links":{"self":[{"href":"https:\/\/annagrandhotel.hu\/sk\/wp-json\/wp\/v2\/pages\/4016","targetHints":{"allow":["GET"]}}],"collection":[{"href":"https:\/\/annagrandhotel.hu\/sk\/wp-json\/wp\/v2\/pages"}],"about":[{"href":"https:\/\/annagrandhotel.hu\/sk\/wp-json\/wp\/v2\/types\/page"}],"author":[{"embeddable":true,"href":"https:\/\/annagrandhotel.hu\/sk\/wp-json\/wp\/v2\/users\/1"}],"replies":[{"embeddable":true,"href":"https:\/\/annagrandhotel.hu\/sk\/wp-json\/wp\/v2\/comments?post=4016"}],"version-history":[{"count":13,"href":"https:\/\/annagrandhotel.hu\/sk\/wp-json\/wp\/v2\/pages\/4016\/revisions"}],"predecessor-version":[{"id":4983,"href":"https:\/\/annagrandhotel.hu\/sk\/wp-json\/wp\/v2\/pages\/4016\/revisions\/4983"}],"wp:attachment":[{"href":"https:\/\/annagrandhotel.hu\/sk\/wp-json\/wp\/v2\/media?parent=4016"}],"curies":[{"name":"wp","href":"https:\/\/api.w.org\/{rel}","templated":true}]}}