{"id":3992,"date":"2024-07-19T15:46:40","date_gmt":"2024-07-19T13:46:40","guid":{"rendered":"https:\/\/annagrandhotel.hu\/?page_id=3992"},"modified":"2024-07-19T16:48:54","modified_gmt":"2024-07-19T14:48:54","slug":"kariera-komornej","status":"publish","type":"page","link":"https:\/\/annagrandhotel.hu\/sk\/karrier-szobaasszony\/","title":{"rendered":"Sle\u010dna"},"content":{"rendered":"<div class=\"wpb-content-wrapper\"><div class=\"vc_row wpb_row vc_row-fluid vc_custom_1721396509747 vc_row-has-fill\"><div class=\"wpb_column vc_column_container vc_col-sm-12\"><div class=\"vc_column-inner\"><div class=\"wpb_wrapper\">\n\t<div  class=\"wpb_single_image wpb_content_element vc_align_center\">\n\t\t\n\t\t<figure class=\"wpb_wrapper vc_figure\">\n\t\t\t<div class=\"vc_single_image-wrapper   vc_box_border_grey\"><img loading=\"lazy\" decoding=\"async\" width=\"250\" height=\"130\" src=\"https:\/\/annagrandhotel.hu\/wp-content\/uploads\/2023\/11\/Anna-Grand-Hotel-logo_weboldal.webp\" class=\"vc_single_image-img attachment-full\" alt=\"\" title=\"Anna Grand Hotel logo_website\" srcset=\"https:\/\/annagrandhotel.hu\/wp-content\/uploads\/2023\/11\/Anna-Grand-Hotel-logo_weboldal.webp 250w, https:\/\/annagrandhotel.hu\/wp-content\/uploads\/2023\/11\/Anna-Grand-Hotel-logo_weboldal-18x9.webp 18w\" sizes=\"auto, (max-width: 250px) 100vw, 250px\" \/><\/div>\n\t\t<\/figure>\n\t<\/div>\n\n\t<div  class=\"wpb_single_image wpb_content_element vc_align_left\">\n\t\t\n\t\t<figure class=\"wpb_wrapper vc_figure\">\n\t\t\t<div class=\"vc_single_image-wrapper   vc_box_border_grey\"><img loading=\"lazy\" decoding=\"async\" width=\"1003\" height=\"11\" src=\"https:\/\/annagrandhotel.hu\/wp-content\/uploads\/2023\/11\/Anna-Grand-Hotel-elvalaszto.webp\" class=\"vc_single_image-img attachment-full\" alt=\"\" title=\"Anna Grand Hotel rozde\u013eova\u010d\" srcset=\"https:\/\/annagrandhotel.hu\/wp-content\/uploads\/2023\/11\/Anna-Grand-Hotel-elvalaszto.webp 1003w, https:\/\/annagrandhotel.hu\/wp-content\/uploads\/2023\/11\/Anna-Grand-Hotel-elvalaszto-300x3.webp 300w, https:\/\/annagrandhotel.hu\/wp-content\/uploads\/2023\/11\/Anna-Grand-Hotel-elvalaszto-768x8.webp 768w, https:\/\/annagrandhotel.hu\/wp-content\/uploads\/2023\/11\/Anna-Grand-Hotel-elvalaszto-18x1.webp 18w\" sizes=\"auto, (max-width: 1003px) 100vw, 1003px\" \/><\/div>\n\t\t<\/figure>\n\t<\/div>\n<div class=\"heading_group_sc wpb_content_element subtitle_bottom    text-center\">\n\n\n    <h3>Sle\u010dna<\/h3>\n\n\n        <span class=\"subtitle\"><\/span>\n\n<\/div><\/div><\/div><\/div><\/div><div class=\"vc_row wpb_row vc_row-fluid vc_custom_1721400262529 vc_row-has-fill\"><div class=\"wpb_column vc_column_container vc_col-sm-8 vc_hidden-sm vc_hidden-xs\"><div class=\"vc_column-inner\"><div class=\"wpb_wrapper\"><div class=\"heading_group_sc wpb_content_element subtitle_bottom    text-left\">\n\n\n    <p><strong>\u010co pon\u00fakame na\u0161im bud\u00facim \u010dlenom t\u00edmu v na\u0161om celoro\u010dnom hoteli:<\/strong><\/p>\n<ul>\n<li style=\"font-weight: 400;\" aria-level=\"1\"><span style=\"font-weight: 400;\">dlhodob\u00e9, bezpe\u010dn\u00e9 zamestnanie s 8-hodinovou v\u00fdpovednou lehotou<\/span><\/li>\n<li style=\"font-weight: 400;\" aria-level=\"1\"><span style=\"font-weight: 400;\">pr\u00edspevok na cestu medzi pracoviskom a domovom<\/span><\/li>\n<li style=\"font-weight: 400;\" aria-level=\"1\"><span style=\"font-weight: 400;\">predv\u00eddate\u013en\u00fd pracovn\u00fd \u010das<\/span><\/li>\n<li style=\"font-weight: 400;\" aria-level=\"1\"><span style=\"font-weight: 400;\">jednotn\u00e9 pracovn\u00e9 oble\u010denie, ktor\u00e9 zodpoved\u00e1 exkluz\u00edvnemu hotelu\u00a0<\/span><\/li>\n<li style=\"font-weight: 400;\" aria-level=\"1\"><span style=\"font-weight: 400;\">tepl\u00e9 jedl\u00e1 po\u010das pracovn\u00fdch dn\u00ed<\/span><\/li>\n<li style=\"font-weight: 400;\" aria-level=\"1\"><span style=\"font-weight: 400;\">dynamick\u00fd t\u00edm a \u0161t\u00fdlov\u00e9 pracovn\u00e9 prostredie<\/span><\/li>\n<\/ul>\n<p><strong>Pracovn\u00e9 povinnosti:<\/strong><\/p>\n<ul>\n<li style=\"font-weight: 400;\" aria-level=\"1\"><span style=\"font-weight: 400;\">denn\u00e9 upratovanie izieb, upratovanie spolo\u010dn\u00fdch priestorov a priestorov pre zamestnancov, upratovanie toaliet<\/span><\/li>\n<li style=\"font-weight: 400;\" aria-level=\"1\"><span style=\"font-weight: 400;\">manipul\u00e1cia s textilom a jeho triedenie<\/span><\/li>\n<li style=\"font-weight: 400;\" aria-level=\"1\"><span style=\"font-weight: 400;\">vybavenie manipula\u010dnej miestnosti a k\u00fape\u013ene<\/span><\/li>\n<li style=\"font-weight: 400;\" aria-level=\"1\"><span style=\"font-weight: 400;\">dokument\u00e1cia spotreby minibaru<\/span><\/li>\n<li style=\"font-weight: 400;\" aria-level=\"1\"><span style=\"font-weight: 400;\">udr\u017eiavanie neust\u00e1leho kontaktu s person\u00e1lom recepcie.<\/span><\/li>\n<\/ul>\n<p><strong>\u010co o\u010dak\u00e1vame od n\u00e1\u0161ho bud\u00faceho kolegu:<\/strong><\/p>\n<p><span style=\"font-weight: 400;\">Okrem kultivovan\u00e9ho a upraven\u00e9ho vzh\u013eadu m\u00e1 aj vynikaj\u00face komunika\u010dn\u00e9 schopnosti. Dok\u00e1\u017ee \u013eahko rie\u0161i\u0165 probl\u00e9my, ktor\u00e9 sa jej vyskytn\u00fa, pri\u010dom v\u00fdhodou s\u00fa jej predch\u00e1dzaj\u00face sk\u00fasenosti s pr\u00e1cou komornej.<\/span><\/p>\n\n\n        <span class=\"subtitle\"><\/span>\n\n<\/div><div class=\"heading_group_sc wpb_content_element subtitle_bottom   vc_custom_1721397974984  text-left\">\n\n\n    <p><span style=\"font-weight: 400;\">Svoj \u017eivotopis s fotografiou a n\u00e1zvom poz\u00edcie po\u0161lite na adresu. <\/span><a href=\"mailto:hr@annagrandhotel.hu\"><span style=\"font-weight: 400;\">hr@annagrandhotel.hu<\/span><\/a><span style=\"font-weight: 400;\"> na t\u00fato adresu.<\/span><\/p>\n\n\n        <span class=\"subtitle\"><\/span>\n\n<\/div><div class=\"plethora_button wpb_content_element   text-left\">\n    <a href=\"mailto:hr@annagrandhotel.hu\" class=\"btn btn-secondary\" title=\"\"  target=\"_blank\">\n\n        \n        Prihl\u00e1\u0161ku podajte na\n        \n\n    <\/a>\n<\/div><\/div><\/div><\/div><div class=\"wpb_column vc_column_container vc_col-sm-4 vc_hidden-sm vc_hidden-xs vc_col-has-fill\"><div class=\"vc_column-inner vc_custom_1721400071383\"><div class=\"wpb_wrapper\"><div class=\"heading_group_sc wpb_content_element subtitle_bottom   vc_custom_1721396661396  text-left\">\n\n\n    <p><strong>Oddelenie:<\/strong><br \/>\nUpratovanie<\/p>\n\n\n        <span class=\"subtitle\"><\/span>\n\n<\/div><div class=\"heading_group_sc wpb_content_element subtitle_bottom   vc_custom_1721396641142  text-left\">\n\n\n    <p><strong>Typ zamestnania:<\/strong><br \/>\nNa pln\u00fd \u00fav\u00e4zok<\/p>\n\n\n        <span class=\"subtitle\"><\/span>\n\n<\/div><div class=\"heading_group_sc wpb_content_element subtitle_bottom   vc_custom_1721397974984  text-left\">\n\n\n    <p><span style=\"font-weight: 400;\">Svoj \u017eivotopis s fotografiou a n\u00e1zvom poz\u00edcie po\u0161lite na adresu. <\/span><a href=\"mailto:hr@annagrandhotel.hu\"><span style=\"font-weight: 400;\">hr@annagrandhotel.hu<\/span><\/a><span style=\"font-weight: 400;\"> na t\u00fato adresu.<\/span><\/p>\n\n\n        <span class=\"subtitle\"><\/span>\n\n<\/div><div class=\"plethora_button wpb_content_element   text-left\">\n    <a href=\"mailto:hr@annagrandhotel.hu\" class=\"btn btn-secondary\" title=\"\"  target=\"_blank\">\n\n        \n        Prihl\u00e1\u0161ku podajte na\n        \n\n    <\/a>\n<\/div><\/div><\/div><\/div><\/div><div class=\"vc_row wpb_row vc_row-fluid vc_custom_1721396519626 vc_row-has-fill\"><div class=\"wpb_column vc_column_container vc_col-sm-4 vc_hidden-lg vc_hidden-md vc_col-has-fill\"><div class=\"vc_column-inner vc_custom_1721400050639\"><div class=\"wpb_wrapper\"><div class=\"heading_group_sc wpb_content_element subtitle_bottom   vc_custom_1721396661396  text-left\">\n\n\n    <p><strong>Oddelenie:<\/strong><br \/>\nUpratovanie<\/p>\n\n\n        <span class=\"subtitle\"><\/span>\n\n<\/div><div class=\"heading_group_sc wpb_content_element subtitle_bottom   vc_custom_1721396641142  text-left\">\n\n\n    <p><strong>Typ zamestnania:<\/strong><br \/>\nNa pln\u00fd \u00fav\u00e4zok<\/p>\n\n\n        <span class=\"subtitle\"><\/span>\n\n<\/div><div class=\"heading_group_sc wpb_content_element subtitle_bottom   vc_custom_1721397974984  text-left\">\n\n\n    <p><span style=\"font-weight: 400;\">Svoj \u017eivotopis s fotografiou a n\u00e1zvom poz\u00edcie po\u0161lite na adresu. <\/span><a href=\"mailto:hr@annagrandhotel.hu\"><span style=\"font-weight: 400;\">hr@annagrandhotel.hu<\/span><\/a><span style=\"font-weight: 400;\"> na t\u00fato adresu.<\/span><\/p>\n\n\n        <span class=\"subtitle\"><\/span>\n\n<\/div><div class=\"plethora_button wpb_content_element   text-left\">\n    <a href=\"mailto:hr@annagrandhotel.hu\" class=\"btn btn-secondary\" title=\"\"  target=\"_blank\">\n\n        \n        Prihl\u00e1\u0161ku podajte na\n        \n\n    <\/a>\n<\/div><\/div><\/div><\/div><div class=\"wpb_column vc_column_container vc_col-sm-8 vc_hidden-lg vc_hidden-md\"><div class=\"vc_column-inner\"><div class=\"wpb_wrapper\"><div class=\"heading_group_sc wpb_content_element subtitle_bottom    text-left\">\n\n\n    <p><strong>\u010co pon\u00fakame na\u0161im bud\u00facim \u010dlenom t\u00edmu v na\u0161om celoro\u010dnom hoteli:<\/strong><\/p>\n<ul>\n<li style=\"font-weight: 400;\" aria-level=\"1\"><span style=\"font-weight: 400;\">dlhodob\u00e9, bezpe\u010dn\u00e9 zamestnanie s 8-hodinovou v\u00fdpovednou lehotou<\/span><\/li>\n<li style=\"font-weight: 400;\" aria-level=\"1\"><span style=\"font-weight: 400;\">pr\u00edspevok na cestu medzi pracoviskom a domovom<\/span><\/li>\n<li style=\"font-weight: 400;\" aria-level=\"1\"><span style=\"font-weight: 400;\">predv\u00eddate\u013en\u00fd pracovn\u00fd \u010das<\/span><\/li>\n<li style=\"font-weight: 400;\" aria-level=\"1\"><span style=\"font-weight: 400;\">jednotn\u00e9 pracovn\u00e9 oble\u010denie, ktor\u00e9 zodpoved\u00e1 exkluz\u00edvnemu hotelu\u00a0<\/span><\/li>\n<li style=\"font-weight: 400;\" aria-level=\"1\"><span style=\"font-weight: 400;\">tepl\u00e9 jedl\u00e1 po\u010das pracovn\u00fdch dn\u00ed<\/span><\/li>\n<li style=\"font-weight: 400;\" aria-level=\"1\"><span style=\"font-weight: 400;\">dynamick\u00fd t\u00edm a \u0161t\u00fdlov\u00e9 pracovn\u00e9 prostredie<\/span><\/li>\n<\/ul>\n<p><strong>Pracovn\u00e9 povinnosti:<\/strong><\/p>\n<ul>\n<li style=\"font-weight: 400;\" aria-level=\"1\"><span style=\"font-weight: 400;\">denn\u00e9 upratovanie izieb, upratovanie spolo\u010dn\u00fdch priestorov a priestorov pre zamestnancov, upratovanie toaliet<\/span><\/li>\n<li style=\"font-weight: 400;\" aria-level=\"1\"><span style=\"font-weight: 400;\">manipul\u00e1cia s textilom a jeho triedenie<\/span><\/li>\n<li style=\"font-weight: 400;\" aria-level=\"1\"><span style=\"font-weight: 400;\">vybavenie manipula\u010dnej miestnosti a k\u00fape\u013ene<\/span><\/li>\n<li style=\"font-weight: 400;\" aria-level=\"1\"><span style=\"font-weight: 400;\">dokument\u00e1cia spotreby minibaru<\/span><\/li>\n<li style=\"font-weight: 400;\" aria-level=\"1\"><span style=\"font-weight: 400;\">udr\u017eiavanie neust\u00e1leho kontaktu s person\u00e1lom recepcie.<\/span><\/li>\n<\/ul>\n<p><strong>\u010co o\u010dak\u00e1vame od n\u00e1\u0161ho bud\u00faceho kolegu:<\/strong><\/p>\n<p><span style=\"font-weight: 400;\">Okrem kultivovan\u00e9ho a upraven\u00e9ho vzh\u013eadu m\u00e1 aj vynikaj\u00face komunika\u010dn\u00e9 schopnosti. Dok\u00e1\u017ee \u013eahko rie\u0161i\u0165 probl\u00e9my, ktor\u00e9 sa jej vyskytn\u00fa, pri\u010dom v\u00fdhodou s\u00fa jej predch\u00e1dzaj\u00face sk\u00fasenosti s pr\u00e1cou komornej.<\/span><\/p>\n\n\n        <span class=\"subtitle\"><\/span>\n\n<\/div><div class=\"heading_group_sc wpb_content_element subtitle_bottom   vc_custom_1721397974984  text-left\">\n\n\n    <p><span style=\"font-weight: 400;\">Svoj \u017eivotopis s fotografiou a n\u00e1zvom poz\u00edcie po\u0161lite na adresu. <\/span><a href=\"mailto:hr@annagrandhotel.hu\"><span style=\"font-weight: 400;\">hr@annagrandhotel.hu<\/span><\/a><span style=\"font-weight: 400;\"> na t\u00fato adresu.<\/span><\/p>\n\n\n        <span class=\"subtitle\"><\/span>\n\n<\/div><div class=\"plethora_button wpb_content_element   text-left\">\n    <a href=\"mailto:hr@annagrandhotel.hu\" class=\"btn btn-secondary\" title=\"\"  target=\"_blank\">\n\n        \n        Prihl\u00e1\u0161ku podajte na\n        \n\n    <\/a>\n<\/div><\/div><\/div><\/div><\/div>\n<\/div>","protected":false},"excerpt":{"rendered":"Szobaasszony Amit k\u00edn\u00e1lunk leend\u0151 csapattagunknak eg\u00e9sz \u00e9vben \u00fczemel\u0151 sz\u00e1llod\u00e1nkban: hossz\u00fat\u00e1v\u00fa, biztos munkahely 8 \u00f3r\u00e1s bejelent\u00e9ssel munkahely \u00e9s lak\u00f3hely k\u00f6z\u00f6tti utaz\u00e1si t\u00e1mogat\u00e1s el\u0151re l\u00e1that\u00f3 munkaid\u0151 beoszt\u00e1s exkluz\u00edv sz\u00e1llod\u00e1hoz ill\u0151, egys\u00e9ges munkaruh\u00e1zat\u00a0 munkanapokon meleg \u00e9tkez\u00e9s lend\u00fcletes csapat \u00e9s eleg\u00e1ns munkak\u00f6rnyezet Munkak\u00f6ri feladatok: szob\u00e1k napi tiszt\u00e1ntart\u00e1sa, k\u00f6z\u00f6ss\u00e9gi \u00e9s szem\u00e9lyzeti ter\u00fcletek takar\u00edt\u00e1sa, piperetakar\u00edt\u00e1s text\u00edli\u00e1k kezel\u00e9se, k\u00fcl\u00f6nv\u00e1logat\u00e1sa szobai \u00e9s f\u00fcrd\u0151szobai [...]","protected":false},"author":1,"featured_media":0,"parent":0,"menu_order":0,"comment_status":"closed","ping_status":"closed","template":"","meta":{"footnotes":""},"class_list":["post-3992","page","type-page","status-publish","hentry"],"aioseo_notices":[],"_links":{"self":[{"href":"https:\/\/annagrandhotel.hu\/sk\/wp-json\/wp\/v2\/pages\/3992","targetHints":{"allow":["GET"]}}],"collection":[{"href":"https:\/\/annagrandhotel.hu\/sk\/wp-json\/wp\/v2\/pages"}],"about":[{"href":"https:\/\/annagrandhotel.hu\/sk\/wp-json\/wp\/v2\/types\/page"}],"author":[{"embeddable":true,"href":"https:\/\/annagrandhotel.hu\/sk\/wp-json\/wp\/v2\/users\/1"}],"replies":[{"embeddable":true,"href":"https:\/\/annagrandhotel.hu\/sk\/wp-json\/wp\/v2\/comments?post=3992"}],"version-history":[{"count":23,"href":"https:\/\/annagrandhotel.hu\/sk\/wp-json\/wp\/v2\/pages\/3992\/revisions"}],"predecessor-version":[{"id":4014,"href":"https:\/\/annagrandhotel.hu\/sk\/wp-json\/wp\/v2\/pages\/3992\/revisions\/4014"}],"wp:attachment":[{"href":"https:\/\/annagrandhotel.hu\/sk\/wp-json\/wp\/v2\/media?parent=3992"}],"curies":[{"name":"wp","href":"https:\/\/api.w.org\/{rel}","templated":true}]}}