{"id":38,"date":"2016-11-24T18:08:55","date_gmt":"2016-11-24T17:08:55","guid":{"rendered":"http:\/\/plethorathemes.com\/hotel-xenia\/?page_id=38"},"modified":"2024-04-24T20:21:37","modified_gmt":"2024-04-24T18:21:37","slug":"izby","status":"publish","type":"page","link":"https:\/\/annagrandhotel.hu\/sk\/szobak\/","title":{"rendered":"Na\u0161e izby"},"content":{"rendered":"<div class=\"wpb-content-wrapper\"><div class=\"vc_row wpb_row vc_row-fluid\"><div class=\"wpb_column vc_column_container vc_col-sm-12\"><div class=\"vc_column-inner\"><div class=\"wpb_wrapper\"><div class=\"heading_group_sc wpb_content_element subtitle_bottom    text-center\">\n        <div class=\"background_title\">POKOJE<\/div>\n\n\n    <h2>SKUTO\u010cN\u00dd LUXUS<\/h2>\n<div id=\"gtx-trans\" style=\"position: absolute; left: 0px; top: -4.09375px;\">\n<div class=\"gtx-trans-icon\"><\/div>\n<\/div>\n\n\n        <span class=\"subtitle\">\u0160t\u00fdl<\/span>\n\n<\/div><div class=\"heading_group_sc wpb_content_element subtitle_bottom    text-center\">\n\n\n    <hr class=\"horizontal-separator\" \/>\n\n\n        <span class=\"subtitle\"><\/span>\n\n<\/div>\n\t<div class=\"wpb_text_column wpb_content_element\" >\n\t\t<div class=\"wpb_wrapper\">\n\t\t\t<p>Dokonal\u00e1 harm\u00f3nia najlep\u0161\u00edch materi\u00e1lov a farieb v\u00e1s o\u010dar\u00ed od prv\u00e9ho momentu pr\u00edchodu a u\u017e v\u00e1s nepust\u00ed: znovuzroden\u00fd Grand Hotel Anna teraz pon\u00faka skuto\u010dn\u00fd luxus hodn\u00fd svojho mena. Pr\u00e9miov\u00e9 matrace a poste\u013en\u00e1 bielize\u0148 sa postaraj\u00fa o bezstarostn\u00fd odpo\u010dinok, zatia\u013e \u010do o dokonal\u00fd \u0161tart do nov\u00e9ho d\u0148a sa postar\u00e1 k\u00e1vovar Nespresso a k\u00e1vov\u00e9 kapsule vyberan\u00e9 s v\u00e1\u0161\u0148ou.<\/p>\n\n\t\t<\/div>\n\t<\/div>\n<div class=\"ple_anypostloop_shortcode wpb_content_element\"><div id=\"list_58469f451ced4\" class=\"rooms_list_classic_horizontal_wrapper\">\n        <div class=\"rooms_list_item     white_section\" >\n        <div class=\"flex\">\n                <div class=\"col-sm-6 col-sm-push-6 rooms_list_item_photo\" style=\"background-image: url('https:\/\/annagrandhotel.hu\/wp-content\/uploads\/2024\/04\/Royal-Suite-1-1024x640.webp')\"><a href=\"https:\/\/annagrandhotel.hu\/sk\/szoba\/royal-suite\/\" title=\"Kr\u00e1\u013eovsk\u00fd apartm\u00e1n\" target=\"_parent\" ><\/a><\/div>\n                <div class=\"col-sm-6 col-sm-pull-6\">\n                <div class=\"rooms_list_item_content\">\n                        <h3 class=\"textify_links\"><a href=\"https:\/\/annagrandhotel.hu\/sk\/szoba\/royal-suite\/\" title=\"Kr\u00e1\u013eovsk\u00fd apartm\u00e1n\" target=\"_parent\" class=\"\">Kr\u00e1\u013eovsk\u00fd apartm\u00e1n<\/a><\/h3>\n                        \n                        <div class=\"room_listed_amenities\">\n                        <\/div>\n                        <p class=\"excerpt\">Jedine\u010dn\u00fd apartm\u00e1n Royal Suite sa nach\u00e1dza na prvom poschod\u00ed hotela a m\u00e1 sp\u00e1l\u0148u a priestrann\u00fd ob\u00fdvac\u00ed priestor s jedine\u010dn\u00fdm dizajnom.<\/p>\n                        <a href=\"https:\/\/annagrandhotel.hu\/sk\/szoba\/royal-suite\/\" title=\"Kr\u00e1\u013eovsk\u00fd apartm\u00e1n\" target=\"_parent\" class=\"btn btn-link\">Podrobnosti na<\/a>\n                <\/div>\n                <\/div>\n        <\/div>\n        <\/div>\n        <div class=\"rooms_list_item     white_section\" >\n        <div class=\"flex\">\n                <div class=\"col-sm-6 col-sm-push-6 rooms_list_item_photo\" style=\"background-image: url('https:\/\/annagrandhotel.hu\/wp-content\/uploads\/2023\/07\/szoba-04-1024x683.jpg')\"><a href=\"https:\/\/annagrandhotel.hu\/sk\/szoba\/superior-ketagyas-szoba-franciaaggyal\/\" title=\"Dvojl\u00f4\u017ekov\u00e1 izba Superior - s man\u017eelskou poste\u013eou\" target=\"_parent\" ><\/a><\/div>\n                <div class=\"col-sm-6 col-sm-pull-6\">\n                <div class=\"rooms_list_item_content\">\n                        <h3 class=\"textify_links\"><a href=\"https:\/\/annagrandhotel.hu\/sk\/szoba\/superior-ketagyas-szoba-franciaaggyal\/\" title=\"Dvojl\u00f4\u017ekov\u00e1 izba Superior - s man\u017eelskou poste\u013eou\" target=\"_parent\" class=\"\">Dvojl\u00f4\u017ekov\u00e1 izba Superior - s man\u017eelskou poste\u013eou<\/a><\/h3>\n                        \n                        <div class=\"room_listed_amenities\">\n                        <\/div>\n                        <p class=\"excerpt\">Sofistikovan\u00fd luxus: Na\u0161e izby s rozlohou 21-28 m2 s\u00fa zariaden\u00e9 s maxim\u00e1lnou starostlivos\u0165ou, s pou\u017eit\u00edm najlep\u0161\u00edch materi\u00e1lov a najnov\u0161\u00edch technol\u00f3gi\u00ed.<\/p>\n                        <a href=\"https:\/\/annagrandhotel.hu\/sk\/szoba\/superior-ketagyas-szoba-franciaaggyal\/\" title=\"Dvojl\u00f4\u017ekov\u00e1 izba Superior - s man\u017eelskou poste\u013eou\" target=\"_parent\" class=\"btn btn-link\">Podrobnosti na<\/a>\n                <\/div>\n                <\/div>\n        <\/div>\n        <\/div>\n        <div class=\"rooms_list_item     white_section\" >\n        <div class=\"flex\">\n                <div class=\"col-sm-6 col-sm-push-6 rooms_list_item_photo\" style=\"background-image: url('https:\/\/annagrandhotel.hu\/wp-content\/uploads\/2023\/07\/Anna-Grand-Interior-Twin-1024x683.jpg')\"><a href=\"https:\/\/annagrandhotel.hu\/sk\/szoba\/superior-szoba-franciaaggyal-vagy-ket-kulon-aggyal\/\" title=\"Izba Superior s man\u017eelskou poste\u013eou alebo oddelen\u00fdmi poste\u013eami\" target=\"_parent\" ><\/a><\/div>\n                <div class=\"col-sm-6 col-sm-pull-6\">\n                <div class=\"rooms_list_item_content\">\n                        <h3 class=\"textify_links\"><a href=\"https:\/\/annagrandhotel.hu\/sk\/szoba\/superior-szoba-franciaaggyal-vagy-ket-kulon-aggyal\/\" title=\"Izba Superior s man\u017eelskou poste\u013eou alebo oddelen\u00fdmi poste\u013eami\" target=\"_parent\" class=\"\">Izba Superior s man\u017eelskou poste\u013eou alebo oddelen\u00fdmi poste\u013eami<\/a><\/h3>\n                        \n                        <div class=\"room_listed_amenities\">\n                        <\/div>\n                        <p class=\"excerpt\">Dvojl\u00f4\u017ekov\u00e1 izba s n\u00e1dychom noblesy: na\u0161e izby s rozlohou 20-34 m2 boli navrhnut\u00e9 s oh\u013eadom na host\u00ed, ktor\u00ed sa z\u00fa\u010dast\u0148uj\u00fa na podujatiach. Na\u0161ich host\u00ed priv\u00edtaj\u00fa jemn\u00e9 materi\u00e1ly, harmonick\u00e9 farby a kvalitn\u00fd n\u00e1bytok.<\/p>\n                        <a href=\"https:\/\/annagrandhotel.hu\/sk\/szoba\/superior-szoba-franciaaggyal-vagy-ket-kulon-aggyal\/\" title=\"Izba Superior s man\u017eelskou poste\u013eou alebo oddelen\u00fdmi poste\u013eami\" target=\"_parent\" class=\"btn btn-link\">Podrobnosti na<\/a>\n                <\/div>\n                <\/div>\n        <\/div>\n        <\/div>\n        <div class=\"rooms_list_item     white_section\" >\n        <div class=\"flex\">\n                <div class=\"col-sm-6 col-sm-push-6 rooms_list_item_photo\" style=\"background-image: url('https:\/\/annagrandhotel.hu\/wp-content\/uploads\/2023\/07\/SUPERIOR-KETAGYAS-SZOBA-\u2013-FRANCIAAGGYAL-ES-ERKELLYEL-1024x683.webp')\"><a href=\"https:\/\/annagrandhotel.hu\/sk\/szoba\/superior-ketagyas-szoba-franciaaggyal-es-erkellyel\/\" title=\"Dvojl\u00f4\u017ekov\u00e1 izba Superior - s man\u017eelskou poste\u013eou a balk\u00f3nom\" target=\"_parent\" ><\/a><\/div>\n                <div class=\"col-sm-6 col-sm-pull-6\">\n                <div class=\"rooms_list_item_content\">\n                        <h3 class=\"textify_links\"><a href=\"https:\/\/annagrandhotel.hu\/sk\/szoba\/superior-ketagyas-szoba-franciaaggyal-es-erkellyel\/\" title=\"Dvojl\u00f4\u017ekov\u00e1 izba Superior - s man\u017eelskou poste\u013eou a balk\u00f3nom\" target=\"_parent\" class=\"\">Dvojl\u00f4\u017ekov\u00e1 izba Superior - s man\u017eelskou poste\u013eou a balk\u00f3nom<\/a><\/h3>\n                        \n                        <div class=\"room_listed_amenities\">\n                        <\/div>\n                        <p class=\"excerpt\">Pod hviezdami: na\u0161e izby Superior s balk\u00f3nom maj\u00fa rozlohu od 19 do 25 m2 a terasu s pohodln\u00fdm terasov\u00fdm n\u00e1bytkom prvotriednej kvality na pr\u00edjemn\u00fa ve\u010dern\u00fa konverz\u00e1ciu.<\/p>\n                        <a href=\"https:\/\/annagrandhotel.hu\/sk\/szoba\/superior-ketagyas-szoba-franciaaggyal-es-erkellyel\/\" title=\"Dvojl\u00f4\u017ekov\u00e1 izba Superior - s man\u017eelskou poste\u013eou a balk\u00f3nom\" target=\"_parent\" class=\"btn btn-link\">Podrobnosti na<\/a>\n                <\/div>\n                <\/div>\n        <\/div>\n        <\/div>\n        <div class=\"rooms_list_item     white_section\" >\n        <div class=\"flex\">\n                <div class=\"col-sm-6 col-sm-push-6 rooms_list_item_photo\" style=\"background-image: url('https:\/\/annagrandhotel.hu\/wp-content\/uploads\/2023\/07\/anna_grand_interior_deluxecopy-1024x683.webp')\"><a href=\"https:\/\/annagrandhotel.hu\/sk\/szoba\/deluxe-szoba\/\" title=\"Izba Deluxe\" target=\"_parent\" ><\/a><\/div>\n                <div class=\"col-sm-6 col-sm-pull-6\">\n                <div class=\"rooms_list_item_content\">\n                        <h3 class=\"textify_links\"><a href=\"https:\/\/annagrandhotel.hu\/sk\/szoba\/deluxe-szoba\/\" title=\"Izba Deluxe\" target=\"_parent\" class=\"\">Izba Deluxe<\/a><\/h3>\n                        \n                        <div class=\"room_listed_amenities\">\n                        <\/div>\n                        <p class=\"excerpt\">Rodinn\u00e1 relax\u00e1cia v maxim\u00e1lnom pohodl\u00ed: na\u0161e izby Deluxe s rozlohou od 33 do 47 m2 maj\u00fa rozkladaciu pohovku pr\u00e9miovej kvality, na ktorej sa pohodlne m\u00f4\u017eu ubytova\u0165 a\u017e 2 deti.<\/p>\n                        <a href=\"https:\/\/annagrandhotel.hu\/sk\/szoba\/deluxe-szoba\/\" title=\"Izba Deluxe\" target=\"_parent\" class=\"btn btn-link\">Podrobnosti na<\/a>\n                <\/div>\n                <\/div>\n        <\/div>\n        <\/div>\n        <div class=\"rooms_list_item     white_section\" >\n        <div class=\"flex\">\n                <div class=\"col-sm-6 col-sm-push-6 rooms_list_item_photo\" style=\"background-image: url('https:\/\/annagrandhotel.hu\/wp-content\/uploads\/2023\/07\/exe_egyhalos_halo_copy-1024x640.webp')\"><a href=\"https:\/\/annagrandhotel.hu\/sk\/szoba\/executive-egy-haloszobas-lakosztaly\/\" title=\"Apartm\u00e1n Executive s jednou sp\u00e1l\u0148ou\" target=\"_parent\" ><\/a><\/div>\n                <div class=\"col-sm-6 col-sm-pull-6\">\n                <div class=\"rooms_list_item_content\">\n                        <h3 class=\"textify_links\"><a href=\"https:\/\/annagrandhotel.hu\/sk\/szoba\/executive-egy-haloszobas-lakosztaly\/\" title=\"Apartm\u00e1n Executive s jednou sp\u00e1l\u0148ou\" target=\"_parent\" class=\"\">Apartm\u00e1n Executive s jednou sp\u00e1l\u0148ou<\/a><\/h3>\n                        \n                        <div class=\"room_listed_amenities\">\n                        <\/div>\n                        <p class=\"excerpt\">Komfort a noblesa: na\u0161e apartm\u00e1ny s rozlohou 30-48 m2 s\u00fa z\u00e1rukou, \u017ee ka\u017ed\u00fd okamih v\u00e1\u0161ho pobytu bude nezabudnute\u013en\u00fd.<\/p>\n                        <a href=\"https:\/\/annagrandhotel.hu\/sk\/szoba\/executive-egy-haloszobas-lakosztaly\/\" title=\"Apartm\u00e1n Executive s jednou sp\u00e1l\u0148ou\" target=\"_parent\" class=\"btn btn-link\">Podrobnosti na<\/a>\n                <\/div>\n                <\/div>\n        <\/div>\n        <\/div>\n        <div class=\"rooms_list_item     white_section\" >\n        <div class=\"flex\">\n                <div class=\"col-sm-6 col-sm-push-6 rooms_list_item_photo\" style=\"background-image: url('https:\/\/annagrandhotel.hu\/wp-content\/uploads\/2023\/07\/szoba_foldszint_1-1024x683.webp')\"><a href=\"https:\/\/annagrandhotel.hu\/sk\/szoba\/executive-ket-haloszobas-lakosztaly\/\" title=\"Apartm\u00e1n Executive s dvoma sp\u00e1l\u0148ami\" target=\"_parent\" ><\/a><\/div>\n                <div class=\"col-sm-6 col-sm-pull-6\">\n                <div class=\"rooms_list_item_content\">\n                        <h3 class=\"textify_links\"><a href=\"https:\/\/annagrandhotel.hu\/sk\/szoba\/executive-ket-haloszobas-lakosztaly\/\" title=\"Apartm\u00e1n Executive s dvoma sp\u00e1l\u0148ami\" target=\"_parent\" class=\"\">Apartm\u00e1n Executive s dvoma sp\u00e1l\u0148ami<\/a><\/h3>\n                        \n                        <div class=\"room_listed_amenities\">\n                        <\/div>\n                        <p class=\"excerpt\">Luxus a elegancia v ka\u017edom prvku: n\u00e1\u0161 apartm\u00e1n s rozlohou 56 m2 m\u00e1 2 samostatn\u00e9 sp\u00e1lne a ob\u00fdvaciu \u010das\u0165.<\/p>\n                        <a href=\"https:\/\/annagrandhotel.hu\/sk\/szoba\/executive-ket-haloszobas-lakosztaly\/\" title=\"Apartm\u00e1n Executive s dvoma sp\u00e1l\u0148ami\" target=\"_parent\" class=\"btn btn-link\">Podrobnosti na<\/a>\n                <\/div>\n                <\/div>\n        <\/div>\n        <\/div>\n<\/div><\/div><\/div><\/div><\/div><\/div>\n<\/div>","protected":false},"excerpt":{"rendered":"Sz\u00e1llod\u00e1nk f\u00f6ldszinti folyos\u00f3j\u00e1n megtal\u00e1lhat\u00f3, 2 k\u00fcl\u00f6n\u00e1ll\u00f3 h\u00e1l\u00f3szob\u00e1val \u00e9s nappali r\u00e9sszel rendelkez\u0151, nemdoh\u00e1nyz\u00f3, 56 m2 alapter\u00fclettel rendelkez\u0151 lakoszt\u00e1ly. A szob\u00e1k mindegyike egy\u00e9nileg szab\u00e1lyozhat\u00f3 l\u00e9gkondicion\u00e1l\u00f3val, sz\u00e9les csatornak\u00edn\u00e1lat\u00fa LED TV-vel, szobasz\u00e9ffel, minib\u00e1rral \u00e9s Nespresso k\u00e1v\u00e9f\u0151z\u0151vel felszerelt. Term\u00e9szetesen WiFi hozz\u00e1f\u00e9r\u00e9s is biztos\u00edtott, t\u00e9r\u00edt\u00e9smentesen. A f\u00fcrd\u0151szobai komfortr\u00f3l t\u00e1gas zuhanykabin vagy f\u00fcrd\u0151k\u00e1d, \u00e1ll\u00edthat\u00f3 sz\u00ednh\u0151m\u00e9rs\u00e9klet\u0171 t\u00fck\u00f6r, borotv\u00e1lkoz\u00f3- \u00e9s sminkt\u00fck\u00f6r, pipereszer bek\u00e9sz\u00edt\u00e9s \u00e9s [...]","protected":false},"author":1,"featured_media":2259,"parent":0,"menu_order":0,"comment_status":"closed","ping_status":"closed","template":"","meta":{"footnotes":""},"class_list":["post-38","page","type-page","status-publish","has-post-thumbnail","hentry"],"aioseo_notices":[],"_links":{"self":[{"href":"https:\/\/annagrandhotel.hu\/sk\/wp-json\/wp\/v2\/pages\/38","targetHints":{"allow":["GET"]}}],"collection":[{"href":"https:\/\/annagrandhotel.hu\/sk\/wp-json\/wp\/v2\/pages"}],"about":[{"href":"https:\/\/annagrandhotel.hu\/sk\/wp-json\/wp\/v2\/types\/page"}],"author":[{"embeddable":true,"href":"https:\/\/annagrandhotel.hu\/sk\/wp-json\/wp\/v2\/users\/1"}],"replies":[{"embeddable":true,"href":"https:\/\/annagrandhotel.hu\/sk\/wp-json\/wp\/v2\/comments?post=38"}],"version-history":[{"count":15,"href":"https:\/\/annagrandhotel.hu\/sk\/wp-json\/wp\/v2\/pages\/38\/revisions"}],"predecessor-version":[{"id":3663,"href":"https:\/\/annagrandhotel.hu\/sk\/wp-json\/wp\/v2\/pages\/38\/revisions\/3663"}],"wp:featuredmedia":[{"embeddable":true,"href":"https:\/\/annagrandhotel.hu\/sk\/wp-json\/wp\/v2\/media\/2259"}],"wp:attachment":[{"href":"https:\/\/annagrandhotel.hu\/sk\/wp-json\/wp\/v2\/media?parent=38"}],"curies":[{"name":"wp","href":"https:\/\/api.w.org\/{rel}","templated":true}]}}