{"id":2923,"date":"2023-11-27T03:02:40","date_gmt":"2023-11-27T02:02:40","guid":{"rendered":"https:\/\/annagrandhotel.hu\/?page_id=2923"},"modified":"2024-11-05T15:15:13","modified_gmt":"2024-11-05T14:15:13","slug":"szep-kartya-kedvezmeny","status":"publish","type":"page","link":"https:\/\/annagrandhotel.hu\/sk\/szep-kartya-kedvezmeny\/","title":{"rendered":"Anna Grand Classic"},"content":{"rendered":"<div class=\"wpb-content-wrapper\"><div class=\"vc_row wpb_row vc_row-fluid padding_top_none padding_bottom_none\"><div class=\"wpb_column vc_column_container vc_col-sm-12\"><div class=\"vc_column-inner\"><div class=\"wpb_wrapper\">\n<div class=\"vc_grid-container-wrapper vc_clearfix vc_grid-animation-zoomIn\">\n\t<div class=\"vc_grid-container vc_clearfix wpb_content_element vc_masonry_media_grid\" data-initial-loading-animation=\"zoomIn\" data-vc-grid-settings=\"{&quot;page_id&quot;:2923,&quot;style&quot;:&quot;all-masonry&quot;,&quot;action&quot;:&quot;vc_get_vc_grid_data&quot;,&quot;shortcode_id&quot;:&quot;1730815888109-7deb71c2-3a91-1&quot;,&quot;tag&quot;:&quot;vc_masonry_media_grid&quot;}\" data-vc-request=\"https:\/\/annagrandhotel.hu\/wp-admin\/admin-ajax.php\" data-vc-post-id=\"2923\" data-vc-public-nonce=\"3d7d5a0815\">\n\t\t\n\t<\/div>\n<\/div><\/div><\/div><\/div><\/div><div class=\"vc_row wpb_row vc_row-fluid padding_top_none padding_bottom_none\"><div class=\"wpb_column vc_column_container vc_col-sm-9 vc_col-sm-offset-2\"><div class=\"vc_column-inner\"><div class=\"wpb_wrapper\">\n\t<div  class=\"wpb_single_image wpb_content_element vc_align_center\">\n\t\t\n\t\t<figure class=\"wpb_wrapper vc_figure\">\n\t\t\t<div class=\"vc_single_image-wrapper   vc_box_border_grey\"><img loading=\"lazy\" decoding=\"async\" width=\"250\" height=\"155\" src=\"https:\/\/annagrandhotel.hu\/wp-content\/uploads\/2024\/09\/Anna-Grand-5-star-main-1.png\" class=\"vc_single_image-img attachment-full\" alt=\"\" title=\"Anna Grand 5 hviezdi\u010diek hlavn\u00e9\" srcset=\"https:\/\/annagrandhotel.hu\/wp-content\/uploads\/2024\/09\/Anna-Grand-5-star-main-1.png 250w, https:\/\/annagrandhotel.hu\/wp-content\/uploads\/2024\/09\/Anna-Grand-5-star-main-1-18x12.png 18w\" sizes=\"auto, (max-width: 250px) 100vw, 250px\" \/><\/div>\n\t\t<\/figure>\n\t<\/div>\n\n\t<div  class=\"wpb_single_image wpb_content_element vc_align_center\">\n\t\t\n\t\t<figure class=\"wpb_wrapper vc_figure\">\n\t\t\t<div class=\"vc_single_image-wrapper   vc_box_border_grey\"><img loading=\"lazy\" decoding=\"async\" width=\"1003\" height=\"11\" src=\"https:\/\/annagrandhotel.hu\/wp-content\/uploads\/2023\/11\/Anna-Grand-Hotel-elvalaszto.webp\" class=\"vc_single_image-img attachment-full\" alt=\"\" title=\"Anna Grand Hotel rozde\u013eova\u010d\" srcset=\"https:\/\/annagrandhotel.hu\/wp-content\/uploads\/2023\/11\/Anna-Grand-Hotel-elvalaszto.webp 1003w, https:\/\/annagrandhotel.hu\/wp-content\/uploads\/2023\/11\/Anna-Grand-Hotel-elvalaszto-300x3.webp 300w, https:\/\/annagrandhotel.hu\/wp-content\/uploads\/2023\/11\/Anna-Grand-Hotel-elvalaszto-768x8.webp 768w, https:\/\/annagrandhotel.hu\/wp-content\/uploads\/2023\/11\/Anna-Grand-Hotel-elvalaszto-18x1.webp 18w\" sizes=\"auto, (max-width: 1003px) 100vw, 1003px\" \/><\/div>\n\t\t<\/figure>\n\t<\/div>\n<div class=\"heading_group_sc wpb_content_element subtitle_bottom    text-center\">\n\n\n    <h1 style=\"text-align: center;\"><b>Anna Grand Classic<\/b><\/h1>\n<h3 style=\"text-align: center;\"><b>Ponuka bal\u00edka<\/b><\/h3>\n<p style=\"text-align: center;\"><b>20% SZ\u00c9P-karta so z\u013eavou<\/b><\/p>\n\n\n        <span class=\"subtitle\"><\/span>\n\n<\/div><div class=\"heading_group_sc wpb_content_element subtitle_bottom    text-left\">\n\n\n    <p><strong>Rezervujte si na\u0161e izby Superior, Deluxe alebo jeden z na\u0161ich apartm\u00e1nov Executive s na\u0161ou ponukou bal\u00edka Anna Grand Classi a z\u00edskajte z\u013eavu na kartu 20% SZ\u00c9P!<\/strong><\/p>\n<p class=\"p1\" style=\"text-align: left;\">Obsah ich ponuky:<\/p>\n<p style=\"text-align: left;\"><strong><img loading=\"lazy\" decoding=\"async\" class=\"wp-image-2892 alignleft\" src=\"https:\/\/annagrandhotel.hu\/wp-content\/uploads\/2023\/11\/emblema-kicsi_Rajztabla-1.png\" alt=\"\" width=\"16\" height=\"16\" srcset=\"https:\/\/annagrandhotel.hu\/wp-content\/uploads\/2023\/11\/emblema-kicsi_Rajztabla-1.png 84w, https:\/\/annagrandhotel.hu\/wp-content\/uploads\/2023\/11\/emblema-kicsi_Rajztabla-1-12x12.png 12w\" sizes=\"auto, (max-width: 16px) 100vw, 16px\" \/>Relaxujte v jednej z na\u0161ich izieb Superior, Deluxe alebo Executive Suite<\/strong><\/p>\n<p style=\"text-align: left;\"><strong><img loading=\"lazy\" decoding=\"async\" class=\"wp-image-2892 alignleft\" src=\"https:\/\/annagrandhotel.hu\/wp-content\/uploads\/2023\/11\/emblema-kicsi_Rajztabla-1.png\" alt=\"\" width=\"16\" height=\"16\" srcset=\"https:\/\/annagrandhotel.hu\/wp-content\/uploads\/2023\/11\/emblema-kicsi_Rajztabla-1.png 84w, https:\/\/annagrandhotel.hu\/wp-content\/uploads\/2023\/11\/emblema-kicsi_Rajztabla-1-12x12.png 12w\" sizes=\"auto, (max-width: 16px) 100vw, 16px\" \/><\/strong><\/p>\n<p style=\"text-align: left;\"><strong>Dom\u00e1ca uv\u00edtacia torta v kaviarni Anna<\/strong><\/p>\n<p style=\"text-align: left;\"><strong><img loading=\"lazy\" decoding=\"async\" class=\"wp-image-2892 alignleft\" src=\"https:\/\/annagrandhotel.hu\/wp-content\/uploads\/2023\/11\/emblema-kicsi_Rajztabla-1.png\" alt=\"\" width=\"16\" height=\"16\" srcset=\"https:\/\/annagrandhotel.hu\/wp-content\/uploads\/2023\/11\/emblema-kicsi_Rajztabla-1.png 84w, https:\/\/annagrandhotel.hu\/wp-content\/uploads\/2023\/11\/emblema-kicsi_Rajztabla-1-12x12.png 12w\" sizes=\"auto, (max-width: 16px) 100vw, 16px\" \/><\/strong><strong>Bohat\u00e9 ra\u0148ajky formou bufetu so \u0161ampansk\u00fdm<\/strong><\/p>\n<p><strong><img loading=\"lazy\" decoding=\"async\" class=\"wp-image-2892 alignleft\" src=\"https:\/\/annagrandhotel.hu\/wp-content\/uploads\/2023\/11\/emblema-kicsi_Rajztabla-1.png\" alt=\"\" width=\"16\" height=\"16\" srcset=\"https:\/\/annagrandhotel.hu\/wp-content\/uploads\/2023\/11\/emblema-kicsi_Rajztabla-1.png 84w, https:\/\/annagrandhotel.hu\/wp-content\/uploads\/2023\/11\/emblema-kicsi_Rajztabla-1-12x12.png 12w\" sizes=\"auto, (max-width: 16px) 100vw, 16px\" \/><\/strong><strong><b>Ve\u010dera formou bufetu alebo kombin\u00e1cia - ve\u010dera formou bufetu<\/b><\/strong><\/p>\n<p><strong><img loading=\"lazy\" decoding=\"async\" class=\"wp-image-2892 alignleft\" src=\"https:\/\/annagrandhotel.hu\/wp-content\/uploads\/2023\/11\/emblema-kicsi_Rajztabla-1.png\" alt=\"\" width=\"16\" height=\"16\" srcset=\"https:\/\/annagrandhotel.hu\/wp-content\/uploads\/2023\/11\/emblema-kicsi_Rajztabla-1.png 84w, https:\/\/annagrandhotel.hu\/wp-content\/uploads\/2023\/11\/emblema-kicsi_Rajztabla-1-12x12.png 12w\" sizes=\"auto, (max-width: 16px) 100vw, 16px\" \/>Anna Spa - neobmedzen\u00e9 vyu\u017e\u00edvanie wellness<\/strong><\/p>\n<p>Dodato\u010dn\u00e9 vybavenie miestnosti:<br \/>\n<em>- Kozmetika Pure Herbs do k\u00fape\u013ene<\/em><br \/>\n<em>- \u010caj a k\u00e1va v kapsuliach Nespresso<br \/>\n<\/em><em>- \u017dupan, papu\u010de a k\u00fape\u013en\u00e1 ta\u0161ka Anna<\/em><\/p>\n<p class=\"p1\" style=\"text-align: left;\">Obsah bato\u017einy navy\u0161e:<\/p>\n<p style=\"text-align: left;\"><strong><img loading=\"lazy\" decoding=\"async\" class=\"wp-image-2892 alignleft\" src=\"https:\/\/annagrandhotel.hu\/wp-content\/uploads\/2023\/11\/emblema-kicsi_Rajztabla-1.png\" alt=\"\" width=\"16\" height=\"16\" srcset=\"https:\/\/annagrandhotel.hu\/wp-content\/uploads\/2023\/11\/emblema-kicsi_Rajztabla-1.png 84w, https:\/\/annagrandhotel.hu\/wp-content\/uploads\/2023\/11\/emblema-kicsi_Rajztabla-1-12x12.png 12w\" sizes=\"auto, (max-width: 16px) 100vw, 16px\" \/><b>Zv\u00fdhodnen\u00e1 cena pre platby kartou SZ\u00c9P v obdob\u00ed od 5. janu\u00e1ra 2025 do 28. febru\u00e1ra 2025<\/b><br \/>\n<\/strong><\/p>\n\n\n        <span class=\"subtitle\"><\/span>\n\n        <div class=\"svg_divider\"><img decoding=\"async\" src=\"https:\/\/annagrandhotel.hu\/wp-content\/themes\/hotel-xenia\/templates\/shortcodes\/divider.png\"><\/div>\n<\/div><div class=\"plethora_button wpb_content_element   text-left\">\n    <a href=\"https:\/\/book.annagrandhotel.hu\/foglalas\/kereses\" class=\"btn btn-secondary\" title=\"\"  target=\"_blank\">\n\n        \n        REZERV\u00c1CIA A \u017dIADOS\u0164 O CENOV\u00da PONUKU\n        \n\n    <\/a>\n<\/div><\/div><\/div><\/div><\/div><div data-vc-full-width=\"true\" data-vc-full-width-init=\"false\" class=\"vc_row wpb_row vc_row-fluid light_section padding_top_none\"><div class=\"wpb_column vc_column_container vc_col-sm-9 vc_col-sm-offset-2\"><div class=\"vc_column-inner\"><div class=\"wpb_wrapper\"><div class=\"heading_group_sc wpb_content_element subtitle_bottom    text-center\">\n\n\n    <h2 style=\"text-align: center;\">INZERCIA<\/h2>\n\n\n        <span class=\"subtitle\"><\/span>\n\n        <div class=\"svg_divider\"><img decoding=\"async\" src=\"https:\/\/annagrandhotel.hu\/wp-content\/themes\/hotel-xenia\/templates\/shortcodes\/divider.png\"><\/div>\n<\/div><div class=\"heading_group_sc wpb_content_element subtitle_bottom    text-center\">\n\n\n    <p style=\"text-align: center;\">Kontaktujte n\u00e1s prostredn\u00edctvom n\u00e1\u0161ho kontaktn\u00e9ho formul\u00e1ra. Na\u0161i pracovn\u00edci sa v\u00e1m \u010doskoro ozv\u00fa.<\/p>\n\n\n        <span class=\"subtitle\"><\/span>\n\n        <div class=\"svg_divider\"><img decoding=\"async\" src=\"https:\/\/annagrandhotel.hu\/wp-content\/themes\/hotel-xenia\/templates\/shortcodes\/divider.png\"><\/div>\n<\/div>\n<div class=\"wpcf7 no-js\" id=\"wpcf7-f3496-o1\" lang=\"hu-HU\" dir=\"ltr\" data-wpcf7-id=\"3496\">\n<div class=\"screen-reader-response\"><p role=\"status\" aria-live=\"polite\" aria-atomic=\"true\"><\/p> <ul><\/ul><\/div>\n<form action=\"\/sk\/wp-json\/wp\/v2\/pages\/2923#wpcf7-f3496-o1\" method=\"post\" class=\"wpcf7-form init\" aria-label=\"Kapcsolatfelv\u00e9teli \u0171rlap\" novalidate=\"novalidate\" data-status=\"init\" data-trp-original-action=\"\/sk\/wp-json\/wp\/v2\/pages\/2923#wpcf7-f3496-o1\">\n<fieldset class=\"hidden-fields-container\"><input type=\"hidden\" name=\"_wpcf7\" value=\"3496\" \/><input type=\"hidden\" name=\"_wpcf7_version\" value=\"6.1.5\" \/><input type=\"hidden\" name=\"_wpcf7_locale\" value=\"hu_HU\" \/><input type=\"hidden\" name=\"_wpcf7_unit_tag\" value=\"wpcf7-f3496-o1\" \/><input type=\"hidden\" name=\"_wpcf7_container_post\" value=\"0\" \/><input type=\"hidden\" name=\"_wpcf7_posted_data_hash\" value=\"\" \/><input type=\"hidden\" name=\"_wpcf7cf_hidden_group_fields\" value=\"[]\" \/><input type=\"hidden\" name=\"_wpcf7cf_hidden_groups\" value=\"[]\" \/><input type=\"hidden\" name=\"_wpcf7cf_visible_groups\" value=\"[]\" \/><input type=\"hidden\" name=\"_wpcf7cf_repeaters\" value=\"[]\" \/><input type=\"hidden\" name=\"_wpcf7cf_steps\" value=\"{}\" \/><input type=\"hidden\" name=\"_wpcf7cf_options\" value=\"{&quot;form_id&quot;:3496,&quot;conditions&quot;:[],&quot;settings&quot;:{&quot;animation&quot;:&quot;yes&quot;,&quot;animation_intime&quot;:200,&quot;animation_outtime&quot;:200,&quot;conditions_ui&quot;:&quot;normal&quot;,&quot;notice_dismissed&quot;:false,&quot;notice_dismissed_rollback-cf7-5.8&quot;:true,&quot;notice_dismissed_rollback-cf7-5.8.2&quot;:true,&quot;notice_dismissed_rollback-cf7-5.8.3&quot;:true,&quot;notice_dismissed_rollback-cf7-5.8.5&quot;:true,&quot;notice_dismissed_rollback-cf7-5.9.3&quot;:true}}\" \/>\n<\/fieldset>\n<p><span class=\"number-input\"><span class=\"wpcf7-form-control-wrap\" data-name=\"surname\"><input size=\"40\" maxlength=\"400\" class=\"wpcf7-form-control wpcf7-text wpcf7-validates-as-required\" aria-required=\"true\" aria-invalid=\"false\" placeholder=\"Priezvisko\" value=\"\" type=\"text\" name=\"surname\" \/><\/span><br \/>\n<span class=\"wpcf7-form-control-wrap\" data-name=\"firstname\"><input size=\"40\" maxlength=\"400\" class=\"wpcf7-form-control wpcf7-text wpcf7-validates-as-required\" aria-required=\"true\" aria-invalid=\"false\" placeholder=\"Krstn\u00e9 meno\" value=\"\" type=\"text\" name=\"firstname\" \/><\/span><br \/>\n<label> E-mailov\u00e1 adresa<br \/>\n<span class=\"wpcf7-form-control-wrap\" data-name=\"your-email\"><input size=\"40\" maxlength=\"400\" class=\"wpcf7-form-control wpcf7-email wpcf7-validates-as-required wpcf7-text wpcf7-validates-as-email\" autocomplete=\"email\" aria-required=\"true\" aria-invalid=\"false\" value=\"\" type=\"email\" name=\"your-email\" \/><\/span> <\/label><br \/>\n<label>Pr\u00edchod <span class=\"wpcf7-form-control-wrap\" data-name=\"date\"><input class=\"wpcf7-form-control wpcf7-date wpcf7-validates-as-required wpcf7-validates-as-date\" aria-required=\"true\" aria-invalid=\"false\" value=\"\" type=\"date\" name=\"date\" \/><\/span><\/label><br \/>\n<label>Nechajte <span class=\"wpcf7-form-control-wrap\" data-name=\"enddate\"><input class=\"wpcf7-form-control wpcf7-date wpcf7-validates-as-required wpcf7-validates-as-date\" aria-required=\"true\" aria-invalid=\"false\" value=\"\" type=\"date\" name=\"enddate\" \/><\/span><\/label><br \/>\n<label>Po\u010det host\u00ed <span class=\"wpcf7-form-control-wrap\" data-name=\"number\"><input class=\"wpcf7-form-control wpcf7-number wpcf7-validates-as-required wpcf7-validates-as-number\" min=\"1\" max=\"99\" aria-required=\"true\" aria-invalid=\"false\" placeholder=\"1\" value=\"\" type=\"number\" name=\"number\" \/><\/span><\/label><\/span>\n<\/p>\n<p><label> Spr\u00e1va (nepovinn\u00e9)<br \/>\n<span class=\"wpcf7-form-control-wrap\" data-name=\"your-message\"><textarea cols=\"40\" rows=\"10\" maxlength=\"2000\" class=\"wpcf7-form-control wpcf7-textarea\" aria-invalid=\"false\" name=\"your-message\"><\/textarea><\/span> <\/label>\n<\/p>\n<p><span class=\"wpcf7-form-control-wrap\" data-name=\"acceptance-adatkezeles\"><span class=\"wpcf7-form-control wpcf7-acceptance\"><span class=\"wpcf7-list-item\"><label><input type=\"checkbox\" name=\"acceptance-adatkezeles\" value=\"1\" aria-invalid=\"false\" \/><span class=\"wpcf7-list-item-label\">Prij\u00edmam <a href=\"\/wp-content\/uploads\/2023\/07\/Anna_Grand_Hotel_Adatvedelmi_tajekoztato_v1_230725.pdf\" target=\"_blank\">v ozn\u00e1men\u00ed o ochrane osobn\u00fdch \u00fadajov<\/a> op\u00edsan\u00e9 v.<\/span><\/label><\/span><\/span><\/span>\n<\/p>\n<p><button class=\"btn btn-primary item_centered\" type=\"submit\">Odosielanie!<\/button>\n<\/p><input type='hidden' class='wpcf7-pum' value='{\"closepopup\":false,\"closedelay\":0,\"openpopup\":false,\"openpopup_id\":0}' \/><div class=\"wpcf7-response-output\" aria-hidden=\"true\"><\/div>\n<input type=\"hidden\" name=\"trp-form-language\" value=\"sk\"\/><\/form>\n<\/div>\n<\/div><\/div><\/div><\/div><div class=\"vc_row-full-width vc_clearfix\"><\/div>\n<\/div>","protected":false},"excerpt":{"rendered":"Anna Grand Classic Csomagaj\u00e1nlat 20% SZ\u00c9P-K\u00e1rtya kedvezm\u00e9nnyel Foglaljon Superior, Deluxe szob\u00e1inkban, vagy Executive lakoszt\u00e1lyunk egyik\u00e9ben az Anna Grand Classi csomagaj\u00e1nlatunkkal \u00e9s most 20% SZ\u00c9P-k\u00e1rtya kedvezm\u00e9nyt biztos\u00edtunk! Aj\u00e1nlatuk tartalma: Kikapcsol\u00f3d\u00e1s Superior, Deluxe szob\u00e1ink egyik\u00e9ben vagy Executive lakoszt\u00e1lyunkban H\u00e1zi k\u00e9sz\u00edt\u00e9s\u0171 welcome s\u00fctem\u00e9ny az Anna Caf\u00e9-ban Gazdag b\u00fcf\u00e9reggeli pezsg\u0151vel Sv\u00e9dasztalos vacsora vagy kombin\u00e1lt - sv\u00e9dasztalos vacsora Anna Spa [...]","protected":false},"author":1,"featured_media":4244,"parent":0,"menu_order":0,"comment_status":"closed","ping_status":"closed","template":"","meta":{"footnotes":""},"class_list":["post-2923","page","type-page","status-publish","has-post-thumbnail","hentry"],"aioseo_notices":[],"_links":{"self":[{"href":"https:\/\/annagrandhotel.hu\/sk\/wp-json\/wp\/v2\/pages\/2923","targetHints":{"allow":["GET"]}}],"collection":[{"href":"https:\/\/annagrandhotel.hu\/sk\/wp-json\/wp\/v2\/pages"}],"about":[{"href":"https:\/\/annagrandhotel.hu\/sk\/wp-json\/wp\/v2\/types\/page"}],"author":[{"embeddable":true,"href":"https:\/\/annagrandhotel.hu\/sk\/wp-json\/wp\/v2\/users\/1"}],"replies":[{"embeddable":true,"href":"https:\/\/annagrandhotel.hu\/sk\/wp-json\/wp\/v2\/comments?post=2923"}],"version-history":[{"count":70,"href":"https:\/\/annagrandhotel.hu\/sk\/wp-json\/wp\/v2\/pages\/2923\/revisions"}],"predecessor-version":[{"id":2933,"href":"https:\/\/annagrandhotel.hu\/sk\/wp-json\/wp\/v2\/pages\/2923\/revisions\/2933"}],"wp:featuredmedia":[{"embeddable":true,"href":"https:\/\/annagrandhotel.hu\/sk\/wp-json\/wp\/v2\/media\/4244"}],"wp:attachment":[{"href":"https:\/\/annagrandhotel.hu\/sk\/wp-json\/wp\/v2\/media?parent=2923"}],"curies":[{"name":"wp","href":"https:\/\/api.w.org\/{rel}","templated":true}]}}