{"id":2814,"date":"2023-11-21T14:49:42","date_gmt":"2023-11-21T13:49:42","guid":{"rendered":"https:\/\/annagrandhotel.hu\/?page_id=2814"},"modified":"2024-10-21T18:45:51","modified_gmt":"2024-10-21T16:45:51","slug":"balik-gastro-festivalov-ossie","status":"publish","type":"page","link":"https:\/\/annagrandhotel.hu\/sk\/oszi-gasztro-fesztival-csomag\/","title":{"rendered":"Ponuka bal\u00edka Anna Grand Jesenn\u00fd gastro festival"},"content":{"rendered":"<div class=\"wpb-content-wrapper\"><div class=\"vc_row wpb_row vc_row-fluid vc_custom_1727190239985 vc_row-has-fill\"><div class=\"wpb_column vc_column_container vc_col-sm-12\"><div class=\"vc_column-inner\"><div class=\"wpb_wrapper\">\n\t<div  class=\"wpb_single_image wpb_content_element vc_align_left\">\n\t\t\n\t\t<figure class=\"wpb_wrapper vc_figure\">\n\t\t\t<div class=\"vc_single_image-wrapper   vc_box_border_grey\"><img loading=\"lazy\" decoding=\"async\" width=\"2560\" height=\"1340\" src=\"https:\/\/annagrandhotel.hu\/wp-content\/uploads\/2024\/10\/Oszi-gasztro-feszt-cover-scaled.webp\" class=\"vc_single_image-img attachment-full\" alt=\"\" title=\"Obal jesenn\u00e9ho Gastro Festu\" srcset=\"https:\/\/annagrandhotel.hu\/wp-content\/uploads\/2024\/10\/Oszi-gasztro-feszt-cover-scaled.webp 2560w, https:\/\/annagrandhotel.hu\/wp-content\/uploads\/2024\/10\/Oszi-gasztro-feszt-cover-300x157.webp 300w, https:\/\/annagrandhotel.hu\/wp-content\/uploads\/2024\/10\/Oszi-gasztro-feszt-cover-1024x536.webp 1024w, https:\/\/annagrandhotel.hu\/wp-content\/uploads\/2024\/10\/Oszi-gasztro-feszt-cover-768x402.webp 768w, https:\/\/annagrandhotel.hu\/wp-content\/uploads\/2024\/10\/Oszi-gasztro-feszt-cover-1536x804.webp 1536w, https:\/\/annagrandhotel.hu\/wp-content\/uploads\/2024\/10\/Oszi-gasztro-feszt-cover-2048x1072.webp 2048w, https:\/\/annagrandhotel.hu\/wp-content\/uploads\/2024\/10\/Oszi-gasztro-feszt-cover-18x9.webp 18w\" sizes=\"auto, (max-width: 2560px) 100vw, 2560px\" \/><\/div>\n\t\t<\/figure>\n\t<\/div>\n<\/div><\/div><\/div><\/div><div class=\"vc_row wpb_row vc_row-fluid padding_top_none padding_bottom_none\"><div class=\"wpb_column vc_column_container vc_col-sm-9 vc_col-sm-offset-2\"><div class=\"vc_column-inner\"><div class=\"wpb_wrapper\">\n\t<div  class=\"wpb_single_image wpb_content_element vc_align_center\">\n\t\t\n\t\t<figure class=\"wpb_wrapper vc_figure\">\n\t\t\t<div class=\"vc_single_image-wrapper   vc_box_border_grey\"><img loading=\"lazy\" decoding=\"async\" width=\"300\" height=\"186\" src=\"https:\/\/annagrandhotel.hu\/wp-content\/uploads\/2024\/09\/Anna-Grand-5-star-main.png\" class=\"vc_single_image-img attachment-full\" alt=\"\" title=\"Anna Grand 5 hviezdi\u010diek hlavn\u00e9\" srcset=\"https:\/\/annagrandhotel.hu\/wp-content\/uploads\/2024\/09\/Anna-Grand-5-star-main.png 300w, https:\/\/annagrandhotel.hu\/wp-content\/uploads\/2024\/09\/Anna-Grand-5-star-main-18x12.png 18w\" sizes=\"auto, (max-width: 300px) 100vw, 300px\" \/><\/div>\n\t\t<\/figure>\n\t<\/div>\n\n\t<div  class=\"wpb_single_image wpb_content_element vc_align_center\">\n\t\t\n\t\t<figure class=\"wpb_wrapper vc_figure\">\n\t\t\t<div class=\"vc_single_image-wrapper   vc_box_border_grey\"><img loading=\"lazy\" decoding=\"async\" width=\"1003\" height=\"11\" src=\"https:\/\/annagrandhotel.hu\/wp-content\/uploads\/2023\/11\/Anna-Grand-Hotel-elvalaszto.webp\" class=\"vc_single_image-img attachment-full\" alt=\"\" title=\"Anna Grand Hotel rozde\u013eova\u010d\" srcset=\"https:\/\/annagrandhotel.hu\/wp-content\/uploads\/2023\/11\/Anna-Grand-Hotel-elvalaszto.webp 1003w, https:\/\/annagrandhotel.hu\/wp-content\/uploads\/2023\/11\/Anna-Grand-Hotel-elvalaszto-300x3.webp 300w, https:\/\/annagrandhotel.hu\/wp-content\/uploads\/2023\/11\/Anna-Grand-Hotel-elvalaszto-768x8.webp 768w, https:\/\/annagrandhotel.hu\/wp-content\/uploads\/2023\/11\/Anna-Grand-Hotel-elvalaszto-18x1.webp 18w\" sizes=\"auto, (max-width: 1003px) 100vw, 1003px\" \/><\/div>\n\t\t<\/figure>\n\t<\/div>\n<div class=\"heading_group_sc wpb_content_element subtitle_bottom    text-center\">\n\n\n    <h1 style=\"text-align: center;\">Ponuka bal\u00edka Anna Grand Jesenn\u00fd gastro festival<\/h1>\n<h3 style=\"text-align: center;\">25. a 26. okt\u00f3bra<\/h3>\n\n\n        <span class=\"subtitle\"><\/span>\n\n        <div class=\"svg_divider\"><img decoding=\"async\" src=\"https:\/\/annagrandhotel.hu\/wp-content\/themes\/hotel-xenia\/templates\/shortcodes\/divider.png\"><\/div>\n<\/div><div class=\"heading_group_sc wpb_content_element subtitle_bottom   vc_custom_1729529147231  text-left\">\n\n\n    <p style=\"text-align: left;\"><strong>Str\u00e1vte s nami v\u00fdnimo\u010dn\u00fd v\u00edkend v srdci Balatonf\u00fcreda, v malebnom prostred\u00ed hotela Anna Grand, kde na v\u00e1s \u010dak\u00e1 hostina pln\u00e1 chutn\u00e9ho jedla a n\u00e1pojov!<\/strong><\/p>\n<p style=\"text-align: left;\"><strong>PIATOK 25. OKT\u00d3BRA:<\/strong><\/p>\n<p style=\"text-align: left;\">Ochutn\u00e1vka piva, brandy a \u0161ampansk\u00e9ho od 16:00<\/p>\n<p style=\"text-align: left;\">Ve\u010dera v Anna Bistro od 18:00<\/p>\n<p>DJ Schneider Caf\u00e9 party od 19:00 do 22:00<\/p>\n<p style=\"text-align: left;\"><strong>SOBOTA, 26. OKT\u00d3BRA:<\/strong><\/p>\n<p style=\"text-align: left;\">Ochutn\u00e1vka piva, brandy a \u0161ampansk\u00e9ho od 12:00<\/p>\n<p>Gril p\u00e1rty so \u017eivou akustickou hudbou od 18:00<\/p>\n\n\n        <span class=\"subtitle\"><\/span>\n\n<\/div><div class=\"heading_group_sc wpb_content_element subtitle_bottom    text-left\">\n\n\n    <p><strong>Rezervujte si u n\u00e1s izbu na jesenn\u00fd gastronomick\u00fd festival Anna Grand a vyu\u017eite na\u0161e exkluz\u00edvne priestory!<\/strong><\/p>\n<p class=\"p1\" style=\"text-align: left;\">Obsah ich ponuky:<\/p>\n<p style=\"text-align: left;\"><strong><img loading=\"lazy\" decoding=\"async\" class=\"wp-image-2892 alignleft\" src=\"https:\/\/annagrandhotel.hu\/wp-content\/uploads\/2023\/11\/emblema-kicsi_Rajztabla-1.png\" alt=\"\" width=\"16\" height=\"16\" srcset=\"https:\/\/annagrandhotel.hu\/wp-content\/uploads\/2023\/11\/emblema-kicsi_Rajztabla-1.png 84w, https:\/\/annagrandhotel.hu\/wp-content\/uploads\/2023\/11\/emblema-kicsi_Rajztabla-1-12x12.png 12w\" sizes=\"auto, (max-width: 16px) 100vw, 16px\" \/>Relaxujte v jednej z na\u0161ich izieb Superior, Deluxe alebo Executive Suite<\/strong><\/p>\n<p style=\"text-align: left;\"><strong><img loading=\"lazy\" decoding=\"async\" class=\"wp-image-2892 alignleft\" src=\"https:\/\/annagrandhotel.hu\/wp-content\/uploads\/2023\/11\/emblema-kicsi_Rajztabla-1.png\" alt=\"\" width=\"16\" height=\"16\" srcset=\"https:\/\/annagrandhotel.hu\/wp-content\/uploads\/2023\/11\/emblema-kicsi_Rajztabla-1.png 84w, https:\/\/annagrandhotel.hu\/wp-content\/uploads\/2023\/11\/emblema-kicsi_Rajztabla-1-12x12.png 12w\" sizes=\"auto, (max-width: 16px) 100vw, 16px\" \/><\/strong><\/p>\n<p style=\"text-align: left;\"><strong>Dom\u00e1ca uv\u00edtacia torta v kaviarni Anna<\/strong><\/p>\n<p style=\"text-align: left;\"><strong><img loading=\"lazy\" decoding=\"async\" class=\"wp-image-2892 alignleft\" src=\"https:\/\/annagrandhotel.hu\/wp-content\/uploads\/2023\/11\/emblema-kicsi_Rajztabla-1.png\" alt=\"\" width=\"16\" height=\"16\" srcset=\"https:\/\/annagrandhotel.hu\/wp-content\/uploads\/2023\/11\/emblema-kicsi_Rajztabla-1.png 84w, https:\/\/annagrandhotel.hu\/wp-content\/uploads\/2023\/11\/emblema-kicsi_Rajztabla-1-12x12.png 12w\" sizes=\"auto, (max-width: 16px) 100vw, 16px\" \/><\/strong><\/p>\n<p><strong>\u0160peci\u00e1lna ochutn\u00e1vka \u0161ampansk\u00e9ho po\u010das T\u00fd\u017ed\u0148a \u0161ampansk\u00e9ho\u00a0<\/strong><\/p>\n<p style=\"text-align: left;\"><strong><img loading=\"lazy\" decoding=\"async\" class=\"wp-image-2892 alignleft\" src=\"https:\/\/annagrandhotel.hu\/wp-content\/uploads\/2023\/11\/emblema-kicsi_Rajztabla-1.png\" alt=\"\" width=\"16\" height=\"16\" srcset=\"https:\/\/annagrandhotel.hu\/wp-content\/uploads\/2023\/11\/emblema-kicsi_Rajztabla-1.png 84w, https:\/\/annagrandhotel.hu\/wp-content\/uploads\/2023\/11\/emblema-kicsi_Rajztabla-1-12x12.png 12w\" sizes=\"auto, (max-width: 16px) 100vw, 16px\" \/><\/strong><strong>Bohat\u00e9 ra\u0148ajky formou bufetu so \u0161ampansk\u00fdm, exkluz\u00edvna ve\u010dera formou bufetu<\/strong><\/p>\n<p><strong><img loading=\"lazy\" decoding=\"async\" class=\"wp-image-2892 alignleft\" src=\"https:\/\/annagrandhotel.hu\/wp-content\/uploads\/2023\/11\/emblema-kicsi_Rajztabla-1.png\" alt=\"\" width=\"16\" height=\"16\" srcset=\"https:\/\/annagrandhotel.hu\/wp-content\/uploads\/2023\/11\/emblema-kicsi_Rajztabla-1.png 84w, https:\/\/annagrandhotel.hu\/wp-content\/uploads\/2023\/11\/emblema-kicsi_Rajztabla-1-12x12.png 12w\" sizes=\"auto, (max-width: 16px) 100vw, 16px\" \/>Anna Spa - neobmedzen\u00e9 vyu\u017e\u00edvanie wellness, saunovanie<\/strong><\/p>\n<p><strong><img loading=\"lazy\" decoding=\"async\" class=\"wp-image-2892 alignleft\" src=\"https:\/\/annagrandhotel.hu\/wp-content\/uploads\/2023\/11\/emblema-kicsi_Rajztabla-1.png\" alt=\"\" width=\"16\" height=\"16\" srcset=\"https:\/\/annagrandhotel.hu\/wp-content\/uploads\/2023\/11\/emblema-kicsi_Rajztabla-1.png 84w, https:\/\/annagrandhotel.hu\/wp-content\/uploads\/2023\/11\/emblema-kicsi_Rajztabla-1-12x12.png 12w\" sizes=\"auto, (max-width: 16px) 100vw, 16px\" \/><\/strong><strong>Skor\u00e9 prihl\u00e1senie a neskor\u00e9 odhl\u00e1senie<\/strong><\/p>\n<p>Dodato\u010dn\u00e9 vybavenie miestnosti:<br \/>\n<em>- Kozmetika Pure Herbs do k\u00fape\u013ene<\/em><br \/>\n<em>- \u010caj a k\u00e1va v kapsuliach Nespresso<br \/>\n<\/em><em>- \u017dupan, papu\u010de a k\u00fape\u013en\u00e1 ta\u0161ka Anna<\/em><\/p>\n\n\n        <span class=\"subtitle\"><\/span>\n\n        <div class=\"svg_divider\"><img decoding=\"async\" src=\"https:\/\/annagrandhotel.hu\/wp-content\/themes\/hotel-xenia\/templates\/shortcodes\/divider.png\"><\/div>\n<\/div><div class=\"plethora_button wpb_content_element   text-left\">\n    <a href=\"https:\/\/book.annagrandhotel.hu\/foglalas\/kereses\" class=\"btn btn-secondary\" title=\"\u010c\u00cdTA\u0164 VIAC\"  target=\"_blank\">\n\n        \n        PONUKA A REZERV\u00c1CIA\n        \n\n    <\/a>\n<\/div>\n<div class=\"vc_grid-container-wrapper vc_clearfix vc_grid-animation-zoomIn\">\n\t<div class=\"vc_grid-container vc_clearfix wpb_content_element vc_masonry_media_grid\" data-initial-loading-animation=\"zoomIn\" data-vc-grid-settings=\"{&quot;page_id&quot;:2814,&quot;style&quot;:&quot;all-masonry&quot;,&quot;action&quot;:&quot;vc_get_vc_grid_data&quot;,&quot;shortcode_id&quot;:&quot;1729529033681-d993f639-fae5-2&quot;,&quot;tag&quot;:&quot;vc_masonry_media_grid&quot;}\" data-vc-request=\"https:\/\/annagrandhotel.hu\/wp-admin\/admin-ajax.php\" data-vc-post-id=\"2814\" data-vc-public-nonce=\"d3d9b2ca70\">\n\t\t\n\t<\/div>\n<\/div><\/div><\/div><\/div><\/div><div class=\"vc_row wpb_row vc_row-fluid vc_custom_1721406093130 vc_row-has-fill padding_top_none padding_bottom_none\"><div class=\"wpb_column vc_column_container vc_col-sm-4 vc_hidden-lg vc_hidden-md vc_col-sm-offset-2 vc_col-has-fill\"><div class=\"vc_column-inner vc_custom_1721406017155\"><div class=\"wpb_wrapper\"><div class=\"plethora_button wpb_content_element  vc_custom_1721406140948  text-left\">\n    <a href=\"https:\/\/book.annagrandhotel.hu\/foglalas\/kereses\" class=\"btn btn-secondary\" title=\"\u010c\u00cdTA\u0164 VIAC\"  target=\"_blank\">\n\n        \n        PONUKA A REZERV\u00c1CIA\n        \n\n    <\/a>\n<\/div><\/div><\/div><\/div><div class=\"wpb_column vc_column_container vc_col-sm-4 vc_hidden-lg vc_hidden-md\"><div class=\"vc_column-inner\"><div class=\"wpb_wrapper\"><div class=\"plethora_button wpb_content_element  vc_custom_1721406051300  text-left\">\n    <a href=\"https:\/\/jazzpiknik.hu\/#\" class=\"btn btn-secondary\" title=\"\u010c\u00cdTA\u0164 VIAC\"  target=\"_blank\">\n\n        \n        PROGRAM FESTIVALU\n        \n\n    <\/a>\n<\/div><\/div><\/div><\/div><\/div><div data-vc-full-width=\"true\" data-vc-full-width-init=\"false\" class=\"vc_row wpb_row vc_row-fluid light_section padding_top_none\"><div class=\"wpb_column vc_column_container vc_col-sm-8 vc_col-sm-offset-2\"><div class=\"vc_column-inner\"><div class=\"wpb_wrapper\"><div class=\"heading_group_sc wpb_content_element subtitle_bottom    text-center\">\n\n\n    <h2 style=\"text-align: center;\">\u017diados\u0165 o cenov\u00fa ponuku<\/h2>\n\n\n        <span class=\"subtitle\"><\/span>\n\n        <div class=\"svg_divider\"><img decoding=\"async\" src=\"https:\/\/annagrandhotel.hu\/wp-content\/themes\/hotel-xenia\/templates\/shortcodes\/divider.png\"><\/div>\n<\/div><div class=\"heading_group_sc wpb_content_element subtitle_bottom    text-center\">\n\n\n    <p style=\"text-align: center;\">Kontaktujte n\u00e1s prostredn\u00edctvom n\u00e1\u0161ho kontaktn\u00e9ho formul\u00e1ra. Na\u0161i pracovn\u00edci sa v\u00e1m \u010doskoro ozv\u00fa.<\/p>\n\n\n        <span class=\"subtitle\"><\/span>\n\n        <div class=\"svg_divider\"><img decoding=\"async\" src=\"https:\/\/annagrandhotel.hu\/wp-content\/themes\/hotel-xenia\/templates\/shortcodes\/divider.png\"><\/div>\n<\/div>\n<div class=\"wpcf7 no-js\" id=\"wpcf7-f2973-o1\" lang=\"hu-HU\" dir=\"ltr\" data-wpcf7-id=\"2973\">\n<div class=\"screen-reader-response\"><p role=\"status\" aria-live=\"polite\" aria-atomic=\"true\"><\/p> <ul><\/ul><\/div>\n<form action=\"\/sk\/wp-json\/wp\/v2\/pages\/2814#wpcf7-f2973-o1\" method=\"post\" class=\"wpcf7-form init\" aria-label=\"Kapcsolatfelv\u00e9teli \u0171rlap\" novalidate=\"novalidate\" data-status=\"init\" data-trp-original-action=\"\/sk\/wp-json\/wp\/v2\/pages\/2814#wpcf7-f2973-o1\">\n<fieldset class=\"hidden-fields-container\"><input type=\"hidden\" name=\"_wpcf7\" value=\"2973\" \/><input type=\"hidden\" name=\"_wpcf7_version\" value=\"6.1.5\" \/><input type=\"hidden\" name=\"_wpcf7_locale\" value=\"hu_HU\" \/><input type=\"hidden\" name=\"_wpcf7_unit_tag\" value=\"wpcf7-f2973-o1\" \/><input type=\"hidden\" name=\"_wpcf7_container_post\" value=\"0\" \/><input type=\"hidden\" name=\"_wpcf7_posted_data_hash\" value=\"\" \/><input type=\"hidden\" name=\"_wpcf7cf_hidden_group_fields\" value=\"[]\" \/><input type=\"hidden\" name=\"_wpcf7cf_hidden_groups\" value=\"[]\" \/><input type=\"hidden\" name=\"_wpcf7cf_visible_groups\" value=\"[]\" \/><input type=\"hidden\" name=\"_wpcf7cf_repeaters\" value=\"[]\" \/><input type=\"hidden\" name=\"_wpcf7cf_steps\" value=\"{}\" \/><input type=\"hidden\" name=\"_wpcf7cf_options\" value=\"{&quot;form_id&quot;:2973,&quot;conditions&quot;:[],&quot;settings&quot;:{&quot;animation&quot;:&quot;yes&quot;,&quot;animation_intime&quot;:200,&quot;animation_outtime&quot;:200,&quot;conditions_ui&quot;:&quot;normal&quot;,&quot;notice_dismissed&quot;:false,&quot;notice_dismissed_rollback-cf7-5.8&quot;:true,&quot;notice_dismissed_rollback-cf7-5.8.2&quot;:true,&quot;notice_dismissed_rollback-cf7-5.8.3&quot;:true,&quot;notice_dismissed_rollback-cf7-5.8.5&quot;:true,&quot;notice_dismissed_rollback-cf7-5.9.3&quot;:true}}\" \/>\n<\/fieldset>\n<p><span class=\"number-input\"><span class=\"wpcf7-form-control-wrap\" data-name=\"surname\"><input size=\"40\" maxlength=\"400\" class=\"wpcf7-form-control wpcf7-text wpcf7-validates-as-required\" aria-required=\"true\" aria-invalid=\"false\" placeholder=\"Priezvisko\" value=\"\" type=\"text\" name=\"surname\" \/><\/span><br \/>\n<span class=\"wpcf7-form-control-wrap\" data-name=\"firstname\"><input size=\"40\" maxlength=\"400\" class=\"wpcf7-form-control wpcf7-text wpcf7-validates-as-required\" aria-required=\"true\" aria-invalid=\"false\" placeholder=\"Krstn\u00e9 meno\" value=\"\" type=\"text\" name=\"firstname\" \/><\/span><br \/>\n<label> E-mailov\u00e1 adresa<br \/>\n<span class=\"wpcf7-form-control-wrap\" data-name=\"your-email\"><input size=\"40\" maxlength=\"400\" class=\"wpcf7-form-control wpcf7-email wpcf7-validates-as-required wpcf7-text wpcf7-validates-as-email\" autocomplete=\"email\" aria-required=\"true\" aria-invalid=\"false\" value=\"\" type=\"email\" name=\"your-email\" \/><\/span> <\/label><br \/>\n<label>Pr\u00edchod <span class=\"wpcf7-form-control-wrap\" data-name=\"date\"><input class=\"wpcf7-form-control wpcf7-date wpcf7-validates-as-required wpcf7-validates-as-date\" aria-required=\"true\" aria-invalid=\"false\" value=\"\" type=\"date\" name=\"date\" \/><\/span><\/label><br \/>\n<label>Nechajte <span class=\"wpcf7-form-control-wrap\" data-name=\"enddate\"><input class=\"wpcf7-form-control wpcf7-date wpcf7-validates-as-required wpcf7-validates-as-date\" aria-required=\"true\" aria-invalid=\"false\" value=\"\" type=\"date\" name=\"enddate\" \/><\/span><\/label><br \/>\n<label>Po\u010det host\u00ed <span class=\"wpcf7-form-control-wrap\" data-name=\"number\"><input class=\"wpcf7-form-control wpcf7-number wpcf7-validates-as-required wpcf7-validates-as-number\" min=\"1\" max=\"99\" aria-required=\"true\" aria-invalid=\"false\" placeholder=\"1\" value=\"\" type=\"number\" name=\"number\" \/><\/span><\/label><\/span>\n<\/p>\n<p><label> Spr\u00e1va (nepovinn\u00e9)<br \/>\n<span class=\"wpcf7-form-control-wrap\" data-name=\"your-message\"><textarea cols=\"40\" rows=\"10\" maxlength=\"2000\" class=\"wpcf7-form-control wpcf7-textarea\" aria-invalid=\"false\" name=\"your-message\"><\/textarea><\/span> <\/label>\n<\/p>\n<p><span class=\"wpcf7-form-control-wrap\" data-name=\"acceptance-adatkezeles\"><span class=\"wpcf7-form-control wpcf7-acceptance\"><span class=\"wpcf7-list-item\"><label><input type=\"checkbox\" name=\"acceptance-adatkezeles\" value=\"1\" aria-invalid=\"false\" \/><span class=\"wpcf7-list-item-label\">Prij\u00edmam <a href=\"\/wp-content\/uploads\/2023\/07\/Anna_Grand_Hotel_Adatvedelmi_tajekoztato_v1_230725.pdf\" target=\"_blank\">v ozn\u00e1men\u00ed o ochrane osobn\u00fdch \u00fadajov<\/a> op\u00edsan\u00e9 v.<\/span><\/label><\/span><\/span><\/span>\n<\/p>\n<p><button class=\"btn btn-primary item_centered\" type=\"submit\">Odosielanie!<\/button>\n<\/p><input type='hidden' class='wpcf7-pum' value='{\"closepopup\":false,\"closedelay\":0,\"openpopup\":false,\"openpopup_id\":0}' \/><div class=\"wpcf7-response-output\" aria-hidden=\"true\"><\/div>\n<input type=\"hidden\" name=\"trp-form-language\" value=\"sk\"\/><\/form>\n<\/div>\n<\/div><\/div><\/div><\/div><div class=\"vc_row-full-width vc_clearfix\"><\/div>\n<\/div>","protected":false},"excerpt":{"rendered":"Anna Grand \u0150szi Gasztro Fesztiv\u00e1l csomagaj\u00e1nlat okt\u00f3ber 25. \u00e9s 26. k\u00f6z\u00f6tt T\u00f6lts\u00f6n vel\u00fcnk egy k\u00fcl\u00f6nleges h\u00e9tv\u00e9g\u00e9t Balatonf\u00fcred sz\u00edv\u00e9ben, az Anna Grand Hotel fest\u0151i k\u00f6rnyezet\u00e9ben, ahol az \u00ednycsikland\u00f3 \u00e9telek \u00e9s italok \u00fcnnepe v\u00e1rj\u00e1k! OKT\u00d3BER 25., P\u00c9NTEK: K\u00e9zm\u0171ves s\u00f6r-, p\u00e1linka- \u00e9s pezsg\u0151k\u00f3stol\u00e1si lehet\u0151s\u00e9gek 16:00-t\u00f3l Vacsora az Anna Bistroban 18:00-t\u00f3l DJ Schneider Caf\u00e9 party 19:00 \u00e9s 22:00 k\u00f6z\u00f6tt [...]","protected":false},"author":1,"featured_media":3140,"parent":0,"menu_order":0,"comment_status":"closed","ping_status":"closed","template":"","meta":{"footnotes":""},"class_list":["post-2814","page","type-page","status-publish","has-post-thumbnail","hentry"],"aioseo_notices":[],"_links":{"self":[{"href":"https:\/\/annagrandhotel.hu\/sk\/wp-json\/wp\/v2\/pages\/2814","targetHints":{"allow":["GET"]}}],"collection":[{"href":"https:\/\/annagrandhotel.hu\/sk\/wp-json\/wp\/v2\/pages"}],"about":[{"href":"https:\/\/annagrandhotel.hu\/sk\/wp-json\/wp\/v2\/types\/page"}],"author":[{"embeddable":true,"href":"https:\/\/annagrandhotel.hu\/sk\/wp-json\/wp\/v2\/users\/1"}],"replies":[{"embeddable":true,"href":"https:\/\/annagrandhotel.hu\/sk\/wp-json\/wp\/v2\/comments?post=2814"}],"version-history":[{"count":109,"href":"https:\/\/annagrandhotel.hu\/sk\/wp-json\/wp\/v2\/pages\/2814\/revisions"}],"predecessor-version":[{"id":3493,"href":"https:\/\/annagrandhotel.hu\/sk\/wp-json\/wp\/v2\/pages\/2814\/revisions\/3493"}],"wp:featuredmedia":[{"embeddable":true,"href":"https:\/\/annagrandhotel.hu\/sk\/wp-json\/wp\/v2\/media\/3140"}],"wp:attachment":[{"href":"https:\/\/annagrandhotel.hu\/sk\/wp-json\/wp\/v2\/media?parent=2814"}],"curies":[{"name":"wp","href":"https:\/\/api.w.org\/{rel}","templated":true}]}}