{"id":2631,"date":"2026-03-01T00:01:05","date_gmt":"2026-02-28T23:01:05","guid":{"rendered":"https:\/\/annagrand.saxon.hu\/?page_id=2631"},"modified":"2026-04-13T15:18:56","modified_gmt":"2026-04-13T13:18:56","slug":"stretnutia","status":"publish","type":"page","link":"https:\/\/annagrandhotel.hu\/sk\/ajanlatok\/","title":{"rendered":"Ponuky"},"content":{"rendered":"<div class=\"wpb-content-wrapper\"><section class=\"vc_section\"><div class=\"vc_row wpb_row vc_row-fluid padding_bottom_none\"><div class=\"wpb_column vc_column_container vc_col-sm-12\"><div class=\"vc_column-inner\"><div class=\"wpb_wrapper\"><div class=\"heading_group_sc wpb_content_element subtitle_bottom    text-center\">\n\n\n    <h2>Na\u0161e aktu\u00e1lne ponuky<\/h2>\n\n\n        <span class=\"subtitle\"><\/span>\n\n<\/div><\/div><\/div><\/div><\/div><\/section><section data-vc-full-width=\"true\" data-vc-full-width-init=\"false\" class=\"vc_section vc_custom_1749728267908 vc_section-has-fill\"><div class=\"vc_row wpb_row vc_row-fluid shadow vc_custom_1775823978673\"><div class=\"wpb_column vc_column_container vc_col-sm-6\"><div class=\"vc_column-inner vc_custom_1699699574404\"><div class=\"wpb_wrapper\">\n\t<div  class=\"wpb_single_image wpb_content_element vc_align_left  vc_custom_1775818671696\">\n\t\t\n\t\t<figure class=\"wpb_wrapper vc_figure\">\n\t\t\t<div class=\"vc_single_image-wrapper   vc_box_border_grey\"><img loading=\"lazy\" decoding=\"async\" width=\"1080\" height=\"1350\" src=\"https:\/\/annagrandhotel.hu\/wp-content\/uploads\/2026\/04\/WSBK-Weboldal.png\" class=\"vc_single_image-img attachment-full\" alt=\"\" title=\"Webov\u00e1 str\u00e1nka WSBK\" srcset=\"https:\/\/annagrandhotel.hu\/wp-content\/uploads\/2026\/04\/WSBK-Weboldal.png 1080w, https:\/\/annagrandhotel.hu\/wp-content\/uploads\/2026\/04\/WSBK-Weboldal-240x300.png 240w, https:\/\/annagrandhotel.hu\/wp-content\/uploads\/2026\/04\/WSBK-Weboldal-819x1024.png 819w, https:\/\/annagrandhotel.hu\/wp-content\/uploads\/2026\/04\/WSBK-Weboldal-768x960.png 768w, https:\/\/annagrandhotel.hu\/wp-content\/uploads\/2026\/04\/WSBK-Weboldal-10x12.png 10w\" sizes=\"auto, (max-width: 1080px) 100vw, 1080px\" \/><\/div>\n\t\t<\/figure>\n\t<\/div>\n<\/div><\/div><\/div><div class=\"wpb_column vc_column_container vc_col-sm-6\"><div class=\"vc_column-inner\"><div class=\"wpb_wrapper\"><div class=\"heading_group_sc wpb_content_element subtitle_bottom    text-left\">\n\n\n    <h2>Pred\u013a\u017een\u00fd v\u00edkend 1. m\u00e1ja s dar\u010dekovou vstupenkou na Superbike<\/h2>\n\n\n        <span class=\"subtitle\">1. \u2013 3. m\u00e1ja.<\/span>\n\n<\/div><div class=\"heading_group_sc wpb_content_element subtitle_bottom   vc_custom_1775823966926  text-left\">\n\n\n    <p style=\"text-align: left;\"><strong>Zarezervujte si izbu na pred\u013a\u017een\u00fd v\u00edkend v hoteli Anna Grand Hotel a s va\u0161ou dar\u010dekovou vstupenkou si u\u017eite\u0165te MotoGP Ma\u010farska z terasy hotela Balaton Park Hotel!<\/strong><\/p>\n\n\n        <span class=\"subtitle\"><\/span>\n\n        <div class=\"svg_divider\"><img decoding=\"async\" src=\"https:\/\/annagrandhotel.hu\/wp-content\/themes\/hotel-xenia\/templates\/shortcodes\/divider.png\"><\/div>\n<\/div><div class=\"plethora_button wpb_content_element   text-left\">\n    <a href=\"https:\/\/book.annagrandhotel.hu\/foglalas\/kereses\" class=\"btn btn-secondary\" title=\"\"  target=\"_self\">\n\n        \n        \u010c\u00cdTA\u0164 VIAC\n        \n\n    <\/a>\n<\/div><\/div><\/div><\/div><\/div><div class=\"vc_row wpb_row vc_row-fluid shadow vc_custom_1774028639151 secondary_section\"><div class=\"wpb_column vc_column_container vc_col-sm-6\"><div class=\"vc_column-inner\"><div class=\"wpb_wrapper\"><div class=\"heading_group_sc wpb_content_element subtitle_bottom   vc_custom_1774028552305  text-left\">\n\n\n    <h2 class=\"title\">Anna Grand V\u00edkendy dlhovekosti<\/h2>\n\n\n        <span class=\"subtitle\">- poh\u00e1\u0148an\u00fd Anna Harangv\u00f6lgyi Skinnotech<\/span>\n\n<\/div><div class=\"heading_group_sc wpb_content_element subtitle_bottom    text-left\">\n\n\n    <p style=\"text-align: justify;\"><strong>Nov\u00e1 gener\u00e1cia z\u00e1\u017eitkov dlhovekosti, kde sa luxusn\u00e9 prostredie stret\u00e1va s prec\u00edzne navrhnut\u00fdm syst\u00e9mom proti starnutiu.<\/strong><\/p>\n<p style=\"text-align: justify;\">Program, ktor\u00fd sa uskuto\u010dn\u00ed v elegantnom, nad\u010dasovom prostred\u00ed hotela Anna Grand, umo\u017en\u00ed nahliadnu\u0165 do pr\u00edstupu k dlhovekosti, ktor\u00fd bol doteraz dostupn\u00fd predov\u0161etk\u00fdm v s\u00fakromnom, medzin\u00e1rodnom prostred\u00ed.<\/p>\n<p><em><strong>15.-17. m\u00e1ja 2026.<\/strong><\/em><br \/>\n<em><strong>5.-7. j\u00fana 2026.<\/strong><\/em><br \/>\n<em><strong>19.-21. j\u00fana 2026.<\/strong><\/em><\/p>\n\n\n        <span class=\"subtitle\"><\/span>\n\n        <div class=\"svg_divider\"><img decoding=\"async\" src=\"https:\/\/annagrandhotel.hu\/wp-content\/themes\/hotel-xenia\/templates\/shortcodes\/divider.png\"><\/div>\n<\/div><div class=\"plethora_button wpb_content_element  vc_custom_1774028624469  text-left\">\n    <a href=\"https:\/\/annagrandhotel.hu\/sk\/anna-grand-vikendy-dlhovekosti\/\" class=\"btn btn-light\" title=\"\"  target=\"_self\">\n\n        \n        Inform\u00e1cie a rezerv\u00e1cie\n        \n\n    <\/a>\n<\/div><\/div><\/div><\/div><div class=\"wpb_column vc_column_container vc_col-sm-6\"><div class=\"vc_column-inner vc_custom_1699699574404\"><div class=\"wpb_wrapper\">\n\t<div  class=\"wpb_single_image wpb_content_element vc_align_left  vc_custom_1774029115536\">\n\t\t\n\t\t<figure class=\"wpb_wrapper vc_figure\">\n\t\t\t<div class=\"vc_single_image-wrapper   vc_box_border_grey\"><img loading=\"lazy\" decoding=\"async\" width=\"1080\" height=\"1350\" src=\"https:\/\/annagrandhotel.hu\/wp-content\/uploads\/2026\/03\/Anna-Grand-Longevity-Weekends-1.webp\" class=\"vc_single_image-img attachment-full\" alt=\"\" title=\"Anna Grand V\u00edkendy dlhovekosti\" srcset=\"https:\/\/annagrandhotel.hu\/wp-content\/uploads\/2026\/03\/Anna-Grand-Longevity-Weekends-1.webp 1080w, https:\/\/annagrandhotel.hu\/wp-content\/uploads\/2026\/03\/Anna-Grand-Longevity-Weekends-1-240x300.webp 240w, https:\/\/annagrandhotel.hu\/wp-content\/uploads\/2026\/03\/Anna-Grand-Longevity-Weekends-1-819x1024.webp 819w, https:\/\/annagrandhotel.hu\/wp-content\/uploads\/2026\/03\/Anna-Grand-Longevity-Weekends-1-768x960.webp 768w, https:\/\/annagrandhotel.hu\/wp-content\/uploads\/2026\/03\/Anna-Grand-Longevity-Weekends-1-10x12.webp 10w\" sizes=\"auto, (max-width: 1080px) 100vw, 1080px\" \/><\/div>\n\t\t<\/figure>\n\t<\/div>\n<\/div><\/div><\/div><\/div><div class=\"vc_row wpb_row vc_row-fluid shadow vc_custom_1772712605350 dark_section\"><div class=\"wpb_column vc_column_container vc_col-sm-6\"><div class=\"vc_column-inner vc_custom_1699699574404\"><div class=\"wpb_wrapper\">\n\t<div  class=\"wpb_single_image wpb_content_element vc_align_left  vc_custom_1772712483461\">\n\t\t\n\t\t<figure class=\"wpb_wrapper vc_figure\">\n\t\t\t<div class=\"vc_single_image-wrapper   vc_box_border_grey\"><img loading=\"lazy\" decoding=\"async\" width=\"1081\" height=\"1350\" src=\"https:\/\/annagrandhotel.hu\/wp-content\/uploads\/2026\/03\/Pilates-tabor_web_Rajztabla-1-02.png\" class=\"vc_single_image-img attachment-full\" alt=\"\" title=\"Pilates Camp_web_Tag 1-02\" srcset=\"https:\/\/annagrandhotel.hu\/wp-content\/uploads\/2026\/03\/Pilates-tabor_web_Rajztabla-1-02.png 1081w, https:\/\/annagrandhotel.hu\/wp-content\/uploads\/2026\/03\/Pilates-tabor_web_Rajztabla-1-02-240x300.png 240w, https:\/\/annagrandhotel.hu\/wp-content\/uploads\/2026\/03\/Pilates-tabor_web_Rajztabla-1-02-820x1024.png 820w, https:\/\/annagrandhotel.hu\/wp-content\/uploads\/2026\/03\/Pilates-tabor_web_Rajztabla-1-02-768x959.png 768w, https:\/\/annagrandhotel.hu\/wp-content\/uploads\/2026\/03\/Pilates-tabor_web_Rajztabla-1-02-10x12.png 10w\" sizes=\"auto, (max-width: 1081px) 100vw, 1081px\" \/><\/div>\n\t\t<\/figure>\n\t<\/div>\n<\/div><\/div><\/div><div class=\"wpb_column vc_column_container vc_col-sm-6\"><div class=\"vc_column-inner\"><div class=\"wpb_wrapper\"><div class=\"heading_group_sc wpb_content_element subtitle_bottom   vc_custom_1772712535930  text-left\">\n\n\n    <h2 style=\"text-align: left;\">Inhale X Anna Grand Pilates Camp<\/h2>\n\n\n        <span class=\"subtitle\"><\/span>\n\n<\/div><div class=\"heading_group_sc wpb_content_element subtitle_bottom   vc_custom_1772712563338  text-left\">\n\n\n    <p><strong>Tri dni, po\u010das ktor\u00fdch sa v m\u00faroch hotela Anna Grand stret\u00e1vaj\u00fa pohyb, na\u010derpanie energie a elegancia.<\/strong><\/p>\n<p>Inhale X Anna Grand Pilates Camp je \u0161peci\u00e1lne jarn\u00e9 s\u00fastredenie, ktor\u00e9 sa zameriava na rovnov\u00e1hu mysle a tela. Programy vedie Bianka Vad\u00e1sz, ktor\u00e1 v\u00e1m svojimi in\u0161pirat\u00edvnymi, prec\u00edznymi a dynamick\u00fdmi hodinami pom\u00f4\u017ee ponori\u0165 sa do sveta pilatesu - pre za\u010diato\u010dn\u00edkov aj pokro\u010dil\u00fdch.<\/p>\n\n\n        <span class=\"subtitle\"><\/span>\n\n        <div class=\"svg_divider\"><img decoding=\"async\" src=\"https:\/\/annagrandhotel.hu\/wp-content\/themes\/hotel-xenia\/templates\/shortcodes\/divider.png\"><\/div>\n<\/div><div class=\"plethora_button wpb_content_element  vc_custom_1772712593926  text-left\">\n    <a href=\"https:\/\/annagrandhotel.hu\/sk\/inhale-x-anna-grand-pilates-tabor\/\" class=\"btn btn-secondary\" title=\"\"  target=\"_self\">\n\n        \n        Podrobnosti a rezerv\u00e1cie\n        \n\n    <\/a>\n<\/div><\/div><\/div><\/div><\/div><div class=\"vc_row wpb_row vc_row-fluid shadow vc_custom_1769166621484 dark_section\"><div class=\"wpb_column vc_column_container vc_col-sm-6\"><div class=\"vc_column-inner vc_custom_1769069028100\"><div class=\"wpb_wrapper\"><div class=\"heading_group_sc wpb_content_element subtitle_bottom   vc_custom_1769069336988  text-left\">\n\n\n    <h2 style=\"text-align: left;\">Ve\u013ek\u00fd \u00fatek<\/h2>\n\n\n        <span class=\"subtitle\">Ute\u010dte od v\u0161etk\u00e9ho!<\/span>\n\n<\/div><div class=\"heading_group_sc wpb_content_element subtitle_bottom   vc_custom_1771322110153  text-left\">\n\n\n    <p style=\"text-align: left;\"><strong>Niekedy sta\u010d\u00ed jedin\u00fd de\u0148 na \u00fapln\u00e9 znovuzrodenie. Uniknite ka\u017edodennosti a u\u017eite si luxus v hoteli Anna Grand s extra z\u013eavou!<\/strong><\/p>\n<p>Propaga\u010dn\u00fd k\u00f3d: ESCAPE<\/p>\n<p>Akcia pon\u00faka z\u013eavu 25% z ceny dennej polpenzie<\/p>\n<p><em>Plat\u00ed: od 26. janu\u00e1ra do 30. apr\u00edla na pobyty do jednej noci (okrem prioritn\u00fdch obdob\u00ed)<\/em><\/p>\n\n\n        <span class=\"subtitle\"><\/span>\n\n        <div class=\"svg_divider\"><img decoding=\"async\" src=\"https:\/\/annagrandhotel.hu\/wp-content\/themes\/hotel-xenia\/templates\/shortcodes\/divider.png\"><\/div>\n<\/div><div class=\"plethora_button wpb_content_element  vc_custom_1769161265637  text-left\">\n    <a href=\"https:\/\/book.annagrandhotel.hu\/foglalas\/kereses?Reservation%5Bpromotion_code%5D=ESCAPE\" class=\"btn btn-secondary\" title=\"\"  target=\"_self\">\n\n        \n        V\u00fdpo\u010det ceny a rezerv\u00e1cia\n        \n\n    <\/a>\n<\/div><\/div><\/div><\/div><div class=\"wpb_column vc_column_container vc_col-sm-6 vc_col-has-fill\"><div class=\"vc_column-inner vc_custom_1769069052277\"><div class=\"wpb_wrapper\">\n\t<div  class=\"wpb_single_image wpb_content_element vc_align_left  vc_custom_1769070476194\">\n\t\t\n\t\t<figure class=\"wpb_wrapper vc_figure\">\n\t\t\t<div class=\"vc_single_image-wrapper   vc_box_border_grey\"><img loading=\"lazy\" decoding=\"async\" width=\"1099\" height=\"1351\" src=\"https:\/\/annagrandhotel.hu\/wp-content\/uploads\/2026\/01\/Grand-Escape.webp\" class=\"vc_single_image-img attachment-full\" alt=\"\" title=\"Ve\u013ek\u00fd \u00fatek\" srcset=\"https:\/\/annagrandhotel.hu\/wp-content\/uploads\/2026\/01\/Grand-Escape.webp 1099w, https:\/\/annagrandhotel.hu\/wp-content\/uploads\/2026\/01\/Grand-Escape-244x300.webp 244w, https:\/\/annagrandhotel.hu\/wp-content\/uploads\/2026\/01\/Grand-Escape-833x1024.webp 833w, https:\/\/annagrandhotel.hu\/wp-content\/uploads\/2026\/01\/Grand-Escape-768x944.webp 768w, https:\/\/annagrandhotel.hu\/wp-content\/uploads\/2026\/01\/Grand-Escape-10x12.webp 10w\" sizes=\"auto, (max-width: 1099px) 100vw, 1099px\" \/><\/div>\n\t\t<\/figure>\n\t<\/div>\n<\/div><\/div><\/div><\/div><\/section><div class=\"vc_row-full-width vc_clearfix\"><\/div><section data-vc-full-width=\"true\" data-vc-full-width-init=\"false\" class=\"vc_section vc_custom_1706191996039 vc_section-has-fill\"><div class=\"vc_row wpb_row vc_row-fluid shadow vc_custom_1765190959863 vc_row-o-equal-height vc_row-flex secondary_section\"><div class=\"wpb_column vc_column_container vc_col-sm-6\"><div class=\"vc_column-inner\"><div class=\"wpb_wrapper\"><div class=\"heading_group_sc wpb_content_element subtitle_bottom   vc_custom_1731939045814  text-left\">\n\n\n    <h2 style=\"text-align: left;\">Darujte jedine\u010dn\u00fd z\u00e1\u017eitok!<\/h2>\n\n\n        <span class=\"subtitle\"><\/span>\n\n<\/div><div class=\"heading_group_sc wpb_content_element subtitle_bottom    text-left\">\n\n\n    <p>Z\u00e1\u017eitok zo srdca je najv\u00e4\u010d\u0161\u00ed dar. Darujte nezabudnute\u013en\u00e9 chv\u00edle pln\u00e9 \u0161t\u00fdlu a elegancie v ikonickom prostred\u00ed hotela Anna Grand!<\/p>\n\n\n        <span class=\"subtitle\"><\/span>\n\n        <div class=\"svg_divider\"><img decoding=\"async\" src=\"https:\/\/annagrandhotel.hu\/wp-content\/themes\/hotel-xenia\/templates\/shortcodes\/divider.png\"><\/div>\n<\/div><div class=\"plethora_button wpb_content_element  vc_custom_1731939544357  text-left\">\n    <a href=\"https:\/\/book.annagrandhotel.hu\/ajandekutalvanyok\" class=\"btn btn-light\" title=\"\"  target=\"_self\">\n\n        \n        N\u00c1KUP DAR\u010cEKOV\u00c9HO POUKAZU\n        \n\n    <\/a>\n<\/div><\/div><\/div><\/div><div class=\"wpb_column vc_column_container vc_col-sm-6\"><div class=\"vc_column-inner vc_custom_1699699574404\"><div class=\"wpb_wrapper\">\n\t<div  class=\"wpb_single_image wpb_content_element vc_align_left  vc_custom_1767711791094\">\n\t\t\n\t\t<figure class=\"wpb_wrapper vc_figure\">\n\t\t\t<div class=\"vc_single_image-wrapper vc_box_rounded  vc_box_border_grey\"><img loading=\"lazy\" decoding=\"async\" width=\"701\" height=\"800\" src=\"https:\/\/annagrandhotel.hu\/wp-content\/uploads\/2025\/02\/Anna-Grand-Hotel.webp\" class=\"vc_single_image-img attachment-full\" alt=\"\" title=\"Hotel Anna Grand\" srcset=\"https:\/\/annagrandhotel.hu\/wp-content\/uploads\/2025\/02\/Anna-Grand-Hotel.webp 701w, https:\/\/annagrandhotel.hu\/wp-content\/uploads\/2025\/02\/Anna-Grand-Hotel-263x300.webp 263w, https:\/\/annagrandhotel.hu\/wp-content\/uploads\/2025\/02\/Anna-Grand-Hotel-11x12.webp 11w\" sizes=\"auto, (max-width: 701px) 100vw, 701px\" \/><\/div>\n\t\t<\/figure>\n\t<\/div>\n<\/div><\/div><\/div><\/div><div class=\"vc_row wpb_row vc_row-fluid shadow vc_custom_1769185004157\"><div class=\"wpb_column vc_column_container vc_col-sm-6\"><div class=\"vc_column-inner vc_custom_1699699574404\"><div class=\"wpb_wrapper\">\n\t<div  class=\"wpb_single_image wpb_content_element vc_align_left  vc_custom_1727364054349\">\n\t\t\n\t\t<figure class=\"wpb_wrapper vc_figure\">\n\t\t\t<div class=\"vc_single_image-wrapper   vc_box_border_grey\"><img loading=\"lazy\" decoding=\"async\" width=\"1440\" height=\"2560\" src=\"https:\/\/annagrandhotel.hu\/wp-content\/uploads\/2024\/09\/Face-Wellness_2-scaled.webp\" class=\"vc_single_image-img attachment-full\" alt=\"\" title=\"Tv\u00e1r Wellness_2\" srcset=\"https:\/\/annagrandhotel.hu\/wp-content\/uploads\/2024\/09\/Face-Wellness_2-scaled.webp 1440w, https:\/\/annagrandhotel.hu\/wp-content\/uploads\/2024\/09\/Face-Wellness_2-169x300.webp 169w, https:\/\/annagrandhotel.hu\/wp-content\/uploads\/2024\/09\/Face-Wellness_2-576x1024.webp 576w, https:\/\/annagrandhotel.hu\/wp-content\/uploads\/2024\/09\/Face-Wellness_2-768x1365.webp 768w, https:\/\/annagrandhotel.hu\/wp-content\/uploads\/2024\/09\/Face-Wellness_2-864x1536.webp 864w, https:\/\/annagrandhotel.hu\/wp-content\/uploads\/2024\/09\/Face-Wellness_2-1152x2048.webp 1152w, https:\/\/annagrandhotel.hu\/wp-content\/uploads\/2024\/09\/Face-Wellness_2-7x12.webp 7w\" sizes=\"auto, (max-width: 1440px) 100vw, 1440px\" \/><\/div>\n\t\t<\/figure>\n\t<\/div>\n<\/div><\/div><\/div><div class=\"wpb_column vc_column_container vc_col-sm-6\"><div class=\"vc_column-inner\"><div class=\"wpb_wrapper\"><div class=\"heading_group_sc wpb_content_element subtitle_bottom    text-left\">\n\n\n    <h2>Anna Grand Classic Wellness ponuka<\/h2>\n\n\n        <span class=\"subtitle\"><\/span>\n\n<\/div><div class=\"heading_group_sc wpb_content_element subtitle_bottom    text-left\">\n\n\n    <p style=\"text-align: left;\">Izba s ra\u0148ajkami a ve\u010derou<\/p>\n<p>Anna Spa - neobmedzen\u00e9 vyu\u017e\u00edvanie wellness<\/p>\n<p>30-min\u00fatov\u00e1 osvie\u017euj\u00faca aromatick\u00e1 olejov\u00e1 mas\u00e1\u017e chrbta ako dar\u010dek,<br \/>\nALEBO z\u013eavnen\u00e1 60-min\u00fatov\u00e1 mas\u00e1\u017e cel\u00e9ho tela,<br \/>\nALEBO z\u013eavnen\u00e1 60-min\u00fatov\u00e1 mas\u00e1\u017e Thalion - More \u0161\u0165astia<\/p>\n\n\n        <span class=\"subtitle\"><\/span>\n\n        <div class=\"svg_divider\"><img decoding=\"async\" src=\"https:\/\/annagrandhotel.hu\/wp-content\/themes\/hotel-xenia\/templates\/shortcodes\/divider.png\"><\/div>\n<\/div><div class=\"plethora_button wpb_content_element   text-left\">\n    <a href=\"https:\/\/annagrandhotel.hu\/sk\/classic-wellness\/\" class=\"btn btn-secondary\" title=\"\"  target=\"_self\">\n\n        \n        PODROBNOSTI A REZERV\u00c1CIE\n        \n\n    <\/a>\n<\/div><\/div><\/div><\/div><\/div><\/section><div class=\"vc_row-full-width vc_clearfix\"><\/div><section data-vc-full-width=\"true\" data-vc-full-width-init=\"false\" class=\"vc_section vc_custom_1713205773485 vc_section-has-fill\"><\/section><div class=\"vc_row-full-width vc_clearfix\"><\/div><section data-vc-full-width=\"true\" data-vc-full-width-init=\"false\" class=\"vc_section vc_custom_1712605446950 vc_section-has-fill\"><\/section><div class=\"vc_row-full-width vc_clearfix\"><\/div><section data-vc-full-width=\"true\" data-vc-full-width-init=\"false\" class=\"vc_section vc_custom_1710853742235 vc_section-has-fill\"><\/section><div class=\"vc_row-full-width vc_clearfix\"><\/div>\n<\/div>","protected":false},"excerpt":{"rendered":"Aktu\u00e1lis aj\u00e1nlataink M\u00e1jus 1-i hossz\u00fah\u00e9tv\u00e9ge aj\u00e1nd\u00e9k Superbike jeggyel m\u00e1jus 1-3. Foglaljon szob\u00e1t a hossz\u00fah\u00e9tv\u00e9g\u00e9re az Anna Grand Hotel-be, \u00e9s aj\u00e1nd\u00e9k jegy\u00e9vel a Balaton Park Hotel terasz\u00e1r\u00f3l \u00e9lvezheti a WorldSBK Magyar Nagyd\u00edj\u00e1t! FOGLAL\u00c1S Anna Grand Longevity Weekends - powered by Anna Harangv\u00f6lgyi Skinnotech Egy \u00faj gener\u00e1ci\u00f3s longevity \u00e9lm\u00e9ny, ahol a luxus k\u00f6rnyezet \u00e9s a prec\u00edzen fel\u00e9p\u00edtett [...]","protected":false},"author":4,"featured_media":2890,"parent":0,"menu_order":0,"comment_status":"closed","ping_status":"closed","template":"","meta":{"footnotes":""},"class_list":["post-2631","page","type-page","status-publish","has-post-thumbnail","hentry"],"aioseo_notices":[],"_links":{"self":[{"href":"https:\/\/annagrandhotel.hu\/sk\/wp-json\/wp\/v2\/pages\/2631","targetHints":{"allow":["GET"]}}],"collection":[{"href":"https:\/\/annagrandhotel.hu\/sk\/wp-json\/wp\/v2\/pages"}],"about":[{"href":"https:\/\/annagrandhotel.hu\/sk\/wp-json\/wp\/v2\/types\/page"}],"author":[{"embeddable":true,"href":"https:\/\/annagrandhotel.hu\/sk\/wp-json\/wp\/v2\/users\/4"}],"replies":[{"embeddable":true,"href":"https:\/\/annagrandhotel.hu\/sk\/wp-json\/wp\/v2\/comments?post=2631"}],"version-history":[{"count":193,"href":"https:\/\/annagrandhotel.hu\/sk\/wp-json\/wp\/v2\/pages\/2631\/revisions"}],"predecessor-version":[{"id":5753,"href":"https:\/\/annagrandhotel.hu\/sk\/wp-json\/wp\/v2\/pages\/2631\/revisions\/5753"}],"wp:featuredmedia":[{"embeddable":true,"href":"https:\/\/annagrandhotel.hu\/sk\/wp-json\/wp\/v2\/media\/2890"}],"wp:attachment":[{"href":"https:\/\/annagrandhotel.hu\/sk\/wp-json\/wp\/v2\/media?parent=2631"}],"curies":[{"name":"wp","href":"https:\/\/api.w.org\/{rel}","templated":true}]}}