{"id":1848,"date":"2023-08-28T13:21:59","date_gmt":"2023-08-28T11:21:59","guid":{"rendered":"https:\/\/annagrand.saxon.hu\/?page_id=1848"},"modified":"2024-08-27T14:17:57","modified_gmt":"2024-08-27T12:17:57","slug":"pristresok","status":"publish","type":"page","link":"https:\/\/annagrandhotel.hu\/sk\/a-szalloda\/","title":{"rendered":"Hotel"},"content":{"rendered":"<div class=\"wpb-content-wrapper\"><section class=\"vc_section\"><div class=\"vc_row wpb_row vc_row-fluid\"><div class=\"wpb_column vc_column_container vc_col-sm-12\"><div class=\"vc_column-inner\"><div class=\"wpb_wrapper\"><div class=\"heading_group_sc wpb_content_element subtitle_bottom    text-center\">\n        <div class=\"background_title\">PROSTREDIE<\/div>\n\n\n    <h2>NAD\u010cASOV\u00dd LUXUS<\/h2>\n\n\n        <span class=\"subtitle\">KDE SA STRET\u00c1VA MINULOS\u0164 SO S\u00da\u010cASNOS\u0164OU<\/span>\n\n<\/div><div class=\"heading_group_sc wpb_content_element subtitle_bottom    text-center\">\n\n\n    <p>N\u00e1\u0161 jedine\u010dn\u00fd pr\u00e9miov\u00fd hotel s viac ne\u017e storo\u010dnou trad\u00edciou v\u00e1s poz\u00fdva na nezabudnute\u013en\u00fd pobyt v prostred\u00ed elegancie a komfortu. Historick\u00e1 budova, citlivo zrekon\u0161truovan\u00e1 zvn\u00fatra a z\u00e1rove\u0148 zachov\u00e1vaj\u00faca svoje ikonick\u00e9 umeleck\u00e9 hodnoty, predstavuje dokonal\u00e9 spojenie trad\u00edcie a modern\u00e9ho luxusu.\nUsilujeme sa by\u0165 etal\u00f3nom pohostinnosti 21. storo\u010dia \u2013 ANNA GRAND je stelesnen\u00edm \u0161t\u00fdlu, elegancie a nad\u010dasovej sofistikovanosti. Po\u010das svojej viac ne\u017e dvestoro\u010dnej hist\u00f3rie hotel priv\u00edtal mnoh\u00e9 liter\u00e1rne osobnosti, v\u00fdznamn\u00fdch predstavite\u013eov verejn\u00e9ho \u017eivota i celebrity. T\u00e1to bohat\u00e1 trad\u00edcia je dodnes z\u00e1kladn\u00fdm pilierom kvality na\u0161ich slu\u017eieb a v\u00fdnimo\u010dn\u00e9ho z\u00e1\u017eitku pre ka\u017ed\u00e9ho hos\u0165a.<\/p>\n\n\n        <span class=\"subtitle\"><\/span>\n\n<\/div><\/div><\/div><\/div><\/div><\/section><section class=\"vc_section\"><div data-vc-full-width=\"true\" data-vc-full-width-init=\"false\" class=\"vc_row wpb_row vc_row-fluid vc_custom_1699289435609 vc_row-has-fill\"><div class=\"wpb_column vc_column_container vc_col-sm-12\"><div class=\"vc_column-inner\"><div class=\"wpb_wrapper\"><div class=\"heading_group_sc wpb_content_element subtitle_bottom   vc_custom_1693301516390  text-center\">\n        <div class=\"background_title\">HIST\u00d3RIA<\/div>\n\n\n    <h2 style=\"color: white;\">Hist\u00f3ria n\u00e1\u0161ho hotela<\/h2>\n<p style=\"color: white;\">Spojte sa s nami!<\/p>\n\n\n        <span class=\"subtitle\"><\/span>\n\n<\/div><div class=\"plethora_button wpb_content_element   text-center\">\n    <a href=\"https:\/\/annagrandhotel.hu\/sk\/izby\/\" class=\"btn btn-secondary\" title=\"Na\u0161e izby\"  target=\"_self\">\n\n        \n        Na\u0161e izby\n        \n\n    <\/a>\n<\/div><\/div><\/div><\/div><\/div><div class=\"vc_row-full-width vc_clearfix\"><\/div><div data-vc-full-width=\"true\" data-vc-full-width-init=\"false\" class=\"vc_row wpb_row vc_row-fluid vc_custom_1724761034305\"><div class=\"wpb_column vc_column_container vc_col-sm-6\"><div class=\"vc_column-inner\"><div class=\"wpb_wrapper\"><div class=\"heading_group_sc wpb_content_element subtitle_bottom    text-left\">\n\n\n    <h2>V\u00ddCHODISKOV\u00c9 BODY<\/h2>\n\n\n        <span class=\"subtitle\">RE\u0160TAUR\u00c1CIA TIH\u00c1NSKEHO OP\u00c1TSTVA<\/span>\n\n<\/div><div class=\"heading_group_sc wpb_content_element subtitle_bottom   vc_custom_1699865635111  text-left\">\n\n\n    <p style=\"text-align: justify;\">Hist\u00f3ria n\u00e1\u0161ho hotela siaha do roku 1748, ke\u010f vtedaj\u0161\u00ed majite\u013e k\u00fape\u013eov Balatonf\u00fcred \u2013 benedikt\u00ednske op\u00e1tstvo v Tihany \u2013 postavil penzi\u00f3n, aby priv\u00edtal host\u00ed prich\u00e1dzaj\u00facich za lie\u010div\u00fdmi \u00fa\u010dinkami kyselky. T\u00e1to budova dnes tvor\u00ed pr\u00edzemie centr\u00e1lnej \u010dasti kr\u00eddla na Blahovej ulici. V tom \u010dase sa tu nach\u00e1dzala ve\u013ek\u00e1 kuchy\u0148a a re\u0161taur\u00e1cia, zatia\u013e \u010do prv\u00e9 hos\u0165ovsk\u00e9 izby boli orientovan\u00e9 smerom k vinohradom. V roku 1781 pribudli v podkrov\u00ed aj cenovo dostupnej\u0161ie izby ur\u010den\u00e9 na pren\u00e1jom.<\/p>\n\n\n        <span class=\"subtitle\"><\/span>\n\n<\/div><\/div><\/div><\/div><div class=\"wpb_column vc_column_container vc_col-sm-6\"><div class=\"vc_column-inner\"><div class=\"wpb_wrapper\"><div class=\"heading_group_sc wpb_content_element subtitle_bottom    text-left\">\n\n\n    <h2>ODPOR\u00da\u010cAN\u00c9<\/h2>\n\n\n        <span class=\"subtitle\">ROZ\u0160\u00cdRENIE V KLASICISTICKOM \u0160T\u00ddLE<\/span>\n\n<\/div><div class=\"heading_group_sc wpb_content_element subtitle_bottom   vc_custom_1699865645831  text-left\">\n\n\n    <p style=\"text-align: justify;\">V rokoch 1787 a\u017e 1802, po zru\u0161en\u00ed r\u00e1du, nov\u00fd majite\u013e pokra\u010doval v stavebn\u00fdch pr\u00e1cach a zameral sa na moderniz\u00e1ciu k\u00fape\u013eov. V roku 1800 bolo k v\u00fdchodn\u00e9mu rohu pr\u00edzemnej budovy pristavan\u00e9 poschodie a z\u00e1rove\u0148 bola dokon\u010den\u00e1 ve\u013ek\u00e1 tane\u010dn\u00e1 s\u00e1la a biliardov\u00e1 miestnos\u0165. V roku 1803 bola otvoren\u00e1 neoklasicistick\u00e1 budova s 32 izbami, zn\u00e1ma ako Ve\u013ek\u00fd hostinec.<\/p>\n\n\n        <span class=\"subtitle\"><\/span>\n\n<\/div><\/div><\/div><\/div><\/div><div class=\"vc_row-full-width vc_clearfix\"><\/div><div data-vc-full-width=\"true\" data-vc-full-width-init=\"false\" class=\"vc_row wpb_row vc_row-fluid vc_custom_1724761042293\"><div class=\"wpb_column vc_column_container vc_col-sm-6\"><div class=\"vc_column-inner\"><div class=\"wpb_wrapper\"><div class=\"heading_group_sc wpb_content_element subtitle_bottom    text-left\">\n\n\n    <h2>REFORMN\u00c9 OBDOBIE<\/h2>\n\n\n        <span class=\"subtitle\">KE\u010e SA HISTORICK\u00c9 OSOBNOSTI ST\u00c1VAJ\u00da HOS\u0164AMI<\/span>\n\n<\/div><div class=\"heading_group_sc wpb_content_element subtitle_bottom   vc_custom_1699865656864  text-left\">\n\n\n    <p style=\"text-align: justify;\">Hoci budova v roku 1834 vyhorela, nasleduj\u00face desa\u0165ro\u010dia sa niesli v znamen\u00ed neust\u00e1lej obnovy, v\u00fdstavby a roz\u0161irovania. U\u017e v 40. rokoch 19. storo\u010dia bola re\u0161taur\u00e1cia tak\u00e1 ob\u013e\u00faben\u00e1, \u017ee do Balatonf\u00fcredu prem\u00e1vala trikr\u00e1t t\u00fd\u017edenne pravideln\u00e1 kyvadlov\u00e1 doprava a v roku 1842 ju nav\u0161t\u00edvil aj Lajos Kossuth.\nPodnik sa postupne uk\u00e1zal ako pr\u00edli\u0161 mal\u00fd pre rast\u00faci po\u010det host\u00ed, a preto bola v roku 1848 postaven\u00e1 Kaviare\u0148 Anna, in\u0161pirovan\u00e1 zn\u00e1mou pe\u0161tianskou kaviar\u0148ou Pilvax. Tento rok sa v\u0161ak zap\u00edsal do hist\u00f3rie mesta aj v\u00fdznamnou udalos\u0165ou \u2013 v tane\u010dnej s\u00e1le Ve\u013ekej re\u0161taur\u00e1cie sa po prv\u00fdkr\u00e1t konal sl\u00e1vny Anna b\u00e1l.<\/p>\n\n\n        <span class=\"subtitle\"><\/span>\n\n<\/div><\/div><\/div><\/div><div class=\"wpb_column vc_column_container vc_col-sm-6\"><div class=\"vc_column-inner\"><div class=\"wpb_wrapper\"><div class=\"heading_group_sc wpb_content_element subtitle_bottom    text-left\">\n\n\n    <h2>GRAND HOTEL<\/h2>\n\n\n        <span class=\"subtitle\">B\u00daRLIV\u00c9 DESA\u0164RO\u010cIA<\/span>\n\n<\/div><div class=\"heading_group_sc wpb_content_element subtitle_bottom   vc_custom_1699865668160  text-left\">\n\n\n    <p style=\"text-align: justify;\">V roku 1889 dosiahol hotel Grand Inn \u010fal\u0161\u00ed v\u00fdznamn\u00fd m\u00ed\u013enik a z\u00edskal n\u00e1zov Anna Grand Hotel. S nov\u00fdm n\u00e1zvom pri\u0161iel aj nov\u00fd \u0161t\u00fdl \u2013 v roku 1913 pre\u0161iel hotel rekon\u0161trukciou, po\u010das ktorej boli klasicistick\u00e9 prvky obnoven\u00e9 v duchu secesie.\nV tom \u010dase bola otvoren\u00e1 aj ve\u013ek\u00e1 re\u0161taur\u00e1cia s verandou, kde si hostia m\u00f4\u017eu dodnes vychutna\u0165 pr\u00edjemn\u00fa ve\u010deru.\nDvadsiate storo\u010die prinieslo budove b\u00farliv\u00e9 desa\u0165ro\u010dia. V rokoch 1942 a 1943 sl\u00fa\u017eila ako vojensk\u00e1 nemocnica, v roku 1949 bola zn\u00e1rodnen\u00e1 a od roku 1952 za\u010dala nov\u00fa etapu svojej existencie ako k\u00fapele Pet\u0151fi, nesk\u00f4r ako sanat\u00f3rium SZOT.\nPo zmene re\u017eimu bol objekt premenovan\u00fd na hotel \u00c1rk\u00e1d. V roku 2004 sa dostal do s\u00fakromn\u00e9ho vlastn\u00edctva a po rozsiahlej rekon\u0161trukcii bol v roku 2009 znovu otvoren\u00fd pod n\u00e1zvom Anna Grand Hotel Wine &amp; Vital.<\/p>\n\n\n        <span class=\"subtitle\"><\/span>\n\n<\/div><\/div><\/div><\/div><\/div><div class=\"vc_row-full-width vc_clearfix\"><\/div><div data-vc-full-width=\"true\" data-vc-full-width-init=\"false\" class=\"vc_row wpb_row vc_row-fluid vc_custom_1724761049921\"><div class=\"wpb_column vc_column_container vc_col-sm-12\"><div class=\"vc_column-inner\"><div class=\"wpb_wrapper\"><div class=\"heading_group_sc wpb_content_element subtitle_bottom    text-center\">\n\n\n    <h2>NOV\u00c1 \u00c9RA<\/h2>\n\n\n        <span class=\"subtitle\">OBNOVEN\u00c1 ANNA GRAND<\/span>\n\n<\/div><div class=\"heading_group_sc wpb_content_element subtitle_bottom   vc_custom_1699865678312  text-left\">\n\n\n    <p style=\"text-align: justify;\">Znovuzroden\u00fd ANNA GRAND HOTEL dnes pon\u00faka skuto\u010dn\u00fd luxus hodn\u00fd svojho mena. Komplex v srdci Balatonf\u00fcredu bol obnoven\u00fd s re\u0161pektom k viac ne\u017e dvestoro\u010dnej trad\u00edcii, z\u00e1rove\u0148 v\u0161ak s d\u00f4razom na po\u017eiadavky a trendy 21. storo\u010dia.\nDokonal\u00e1 harm\u00f3nia najkvalitnej\u0161\u00edch materi\u00e1lov a farieb si host\u00ed podman\u00ed u\u017e od prv\u00e9ho okamihu. V \u010darovnom svete ANNA GRAND sa minulos\u0165 stret\u00e1va so s\u00fa\u010dasnos\u0165ou a ka\u017ed\u00fd okamih sa st\u00e1va chv\u00ed\u013eou nad\u010dasov\u00e9ho luxusu.<\/p>\n\n\n        <span class=\"subtitle\"><\/span>\n\n<\/div>\n\t<div  class=\"wpb_single_image wpb_content_element vc_align_left\">\n\t\t\n\t\t<figure class=\"wpb_wrapper vc_figure\">\n\t\t\t<div class=\"vc_single_image-wrapper   vc_box_border_grey\"><img loading=\"lazy\" decoding=\"async\" width=\"2048\" height=\"1152\" src=\"https:\/\/annagrandhotel.hu\/wp-content\/uploads\/2024\/04\/ABRR8022-HDRcopy-5.webp\" class=\"vc_single_image-img attachment-full\" alt=\"\" title=\"ABRR8022-HDRcopy (5)\" srcset=\"https:\/\/annagrandhotel.hu\/wp-content\/uploads\/2024\/04\/ABRR8022-HDRcopy-5.webp 2048w, https:\/\/annagrandhotel.hu\/wp-content\/uploads\/2024\/04\/ABRR8022-HDRcopy-5-300x169.webp 300w, https:\/\/annagrandhotel.hu\/wp-content\/uploads\/2024\/04\/ABRR8022-HDRcopy-5-1024x576.webp 1024w, https:\/\/annagrandhotel.hu\/wp-content\/uploads\/2024\/04\/ABRR8022-HDRcopy-5-768x432.webp 768w, https:\/\/annagrandhotel.hu\/wp-content\/uploads\/2024\/04\/ABRR8022-HDRcopy-5-1536x864.webp 1536w, https:\/\/annagrandhotel.hu\/wp-content\/uploads\/2024\/04\/ABRR8022-HDRcopy-5-18x10.webp 18w\" sizes=\"auto, (max-width: 2048px) 100vw, 2048px\" \/><\/div>\n\t\t<\/figure>\n\t<\/div>\n<\/div><\/div><\/div><\/div><div class=\"vc_row-full-width vc_clearfix\"><\/div><\/section>\n<\/div>","protected":false},"excerpt":{"rendered":"\u00d6R\u00d6KS\u00c9G ID\u0150TLEN LUXUS AHOL A M\u00daLT \u00c9S A JELEN TAL\u00c1LKOZIK P\u00e1ratlan, t\u00f6bb \u00e9vsz\u00e1zados m\u00faltra visszatekint\u0151, pr\u00e9mium sz\u00e1llod\u00e1nk egy felejthetetlen utaz\u00e1sra h\u00edvja vend\u00e9geit, akik exkluz\u00edv \u00e9s komfortos k\u00f6rnyezetben t\u00f6lthetik pihen\u00e9s\u00fcket. A bel\u00fclr\u0151l meg\u00fajult, azonban m\u0171v\u00e9szeti \u00e9rt\u00e9keiben maradand\u00f3an ikonikus \u00e9p\u00fclet\u00fcnkkel a 21. sz\u00e1zadi vend\u00e9gl\u00e1t\u00e1s meghat\u00e1roz\u00f3 szerepl\u0151jek\u00e9nt igyeksz\u00fcnk megjelenni: az ANNA GRAND t\u00f6k\u00e9letes p\u00e9ld\u00e1t mutat st\u00edlus \u00e9s kifinomults\u00e1g [...]","protected":false},"author":1,"featured_media":2736,"parent":0,"menu_order":0,"comment_status":"closed","ping_status":"closed","template":"","meta":{"footnotes":""},"class_list":["post-1848","page","type-page","status-publish","has-post-thumbnail","hentry"],"aioseo_notices":[],"_links":{"self":[{"href":"https:\/\/annagrandhotel.hu\/sk\/wp-json\/wp\/v2\/pages\/1848","targetHints":{"allow":["GET"]}}],"collection":[{"href":"https:\/\/annagrandhotel.hu\/sk\/wp-json\/wp\/v2\/pages"}],"about":[{"href":"https:\/\/annagrandhotel.hu\/sk\/wp-json\/wp\/v2\/types\/page"}],"author":[{"embeddable":true,"href":"https:\/\/annagrandhotel.hu\/sk\/wp-json\/wp\/v2\/users\/1"}],"replies":[{"embeddable":true,"href":"https:\/\/annagrandhotel.hu\/sk\/wp-json\/wp\/v2\/comments?post=1848"}],"version-history":[{"count":22,"href":"https:\/\/annagrandhotel.hu\/sk\/wp-json\/wp\/v2\/pages\/1848\/revisions"}],"predecessor-version":[{"id":1867,"href":"https:\/\/annagrandhotel.hu\/sk\/wp-json\/wp\/v2\/pages\/1848\/revisions\/1867"}],"wp:featuredmedia":[{"embeddable":true,"href":"https:\/\/annagrandhotel.hu\/sk\/wp-json\/wp\/v2\/media\/2736"}],"wp:attachment":[{"href":"https:\/\/annagrandhotel.hu\/sk\/wp-json\/wp\/v2\/media?parent=1848"}],"curies":[{"name":"wp","href":"https:\/\/api.w.org\/{rel}","templated":true}]}}