{"id":1826,"date":"2023-08-28T09:00:46","date_gmt":"2023-08-28T07:00:46","guid":{"rendered":"https:\/\/annagrand.saxon.hu\/?page_id=1826"},"modified":"2025-12-17T13:21:27","modified_gmt":"2025-12-17T12:21:27","slug":"moje-studio","status":"publish","type":"page","link":"https:\/\/annagrandhotel.hu\/sk\/etterem\/","title":{"rendered":"Re\u0161taur\u00e1cia Anna Grand"},"content":{"rendered":"<div class=\"wpb-content-wrapper\"><div class=\"vc_row wpb_row vc_row-fluid padding_top_1-3\"><div class=\"wpb_column vc_column_container vc_col-sm-12\"><div class=\"vc_column-inner\"><div class=\"wpb_wrapper\"><div class=\"heading_group_sc wpb_content_element subtitle_bottom    text-center\">\n\n\n    <h2>GASTRONOMICK\u00c9 Z\u00c1\u017dITKY<\/h2>\n\n\n        <span class=\"subtitle\"><\/span>\n\n        <div class=\"svg_divider\"><img decoding=\"async\" src=\"https:\/\/annagrandhotel.hu\/wp-content\/themes\/hotel-xenia\/templates\/shortcodes\/divider.png\"><\/div>\n<\/div><div class=\"heading_group_sc wpb_content_element subtitle_bottom    text-center\">\n\n\n    <p>Re\u0161taur\u00e1cia ANNA GRAND pon\u00faka chutn\u00e9 ra\u0148ajkov\u00e9 menu s klasick\u00fdmi vaje\u010dn\u00fdmi jedlami a ob\u013e\u00faben\u00fdmi medzin\u00e1rodn\u00fdmi jedlami, ako je croque monsieur a americk\u00e9 palacinky. Samozrejme, na svoje si pr\u00eddu aj milovn\u00edci ma\u010farsk\u00fdch chut\u00ed, a to nielen v\u010faka bohatej ponuke tradi\u010dn\u00fdch jed\u00e1l na ra\u0148ajky, ale aj v\u010faka ponuke A'la carte s mno\u017estvom ma\u010farsk\u00fdch kulin\u00e1rskych \u0161pecial\u00edt. V romantickej atmosf\u00e9re re\u0161taur\u00e1cie ANNA GRAND, kde sa jedine\u010dn\u00fd kulin\u00e1rsky z\u00e1\u017eitok sp\u00e1ja s dokonal\u00fdm servisom, \u010dak\u00e1 na na\u0161ich host\u00ed \u0161irok\u00e1 ponuka jed\u00e1l od predjed\u00e1l a\u017e po rib eye steak.<\/p>\n\n\n        <span class=\"subtitle\"><\/span>\n\n<\/div><div class=\"heading_group_sc wpb_content_element subtitle_bottom    text-center\">\n\n\n    <h4 style=\"text-align: center;\">Otv\u00e1racie hodiny:<\/h4>\n<h4 style=\"text-align: center;\">Ra\u0148ajky: 07:00 - 10:00<br \/>\nObed: 12:00 - 15:00<br \/>\nVe\u010dera:<br \/>\nNede\u013ea-\u0161tvrtok: 18:00 - 21:00<br \/>\nPiatok-sobota: 18:00-22:00<\/h4>\n\n\n        <span class=\"subtitle\"><\/span>\n\n        <div class=\"svg_divider\"><img decoding=\"async\" src=\"https:\/\/annagrandhotel.hu\/wp-content\/themes\/hotel-xenia\/templates\/shortcodes\/divider.png\"><\/div>\n<\/div><div class=\"plethora_button wpb_content_element   text-center\">\n    <a href=\"https:\/\/annagrandhotel.hu\/wp-content\/uploads\/2025\/12\/Anna-Grand-etlap-2025_osz_web.pdf\" class=\"btn btn-inv btn-secondary\" title=\"\"  target=\"_blank\">\n\n        \n        LIVE\n        \n\n    <\/a>\n<\/div><div class=\"plethora_button wpb_content_element   text-center\">\n    <a href=\"https:\/\/annagrandhotel.hu\/wp-content\/uploads\/2025\/12\/Etterem-itallap-2025_web.pdf\" class=\"btn btn-inv btn-secondary\" title=\"\"  target=\"_blank\">\n\n        \n        ITALLAP\n        \n\n    <\/a>\n<\/div>\n<div class=\"vc_grid-container-wrapper vc_clearfix vc_grid-animation-zoomIn\">\n\t<div class=\"vc_grid-container vc_clearfix wpb_content_element vc_masonry_media_grid\" data-initial-loading-animation=\"zoomIn\" data-vc-grid-settings=\"{&quot;page_id&quot;:1826,&quot;style&quot;:&quot;all-masonry&quot;,&quot;action&quot;:&quot;vc_get_vc_grid_data&quot;,&quot;shortcode_id&quot;:&quot;1765974007395-44cf5fd9-3235-10&quot;,&quot;tag&quot;:&quot;vc_masonry_media_grid&quot;}\" data-vc-request=\"https:\/\/annagrandhotel.hu\/wp-admin\/admin-ajax.php\" data-vc-post-id=\"1826\" data-vc-public-nonce=\"858a6db714\">\n\t\t\n\t<\/div>\n<\/div><div class=\"wpb_gmaps_widget wpb_content_element\"><div class=\"wpb_wrapper\"><div class=\"wpb_map_wraper\"><iframe src=\"https:\/\/www.google.com\/maps\/embed?pb=!1m18!1m12!1m3!1d3347.3495316746007!2d17.889829876938595!3d46.956435671137726!2m3!1f0!2f0!3f0!3m2!1i1024!2i768!4f13.1!3m3!1m2!1s0x4769bdaeeac52595%3A0xf4011560b68e1ea5!2sAnna%20Grand%20Hotel!5e1!3m2!1shu!2shu!4v1765973579386!5m2!1shu!2shu\" width=\"600\" height=\"450\" style=\"border:0;\" allowfullscreen=\"\" loading=\"lazy\" referrerpolicy=\"no-referrer-when-downgrade\"><\/iframe><\/div><\/div><\/div><div class=\"plethora_button wpb_content_element   text-left\">\n    <a href=\"https:\/\/maps.app.goo.gl\/6bfVRUKZa9fGz1JK7\" class=\"btn btn-secondary\" title=\"Trasa hotela Anna Grand\"  target=\"_blank\">\n\n        \n        SMEROVANIE\n        \n\n    <\/a>\n<\/div><\/div><\/div><\/div><\/div>\n<\/div>","protected":false},"excerpt":{"rendered":"GASZTRON\u00d3MIAI \u00c9LM\u00c9NYEK Az ANNA GRAND \u00e9tterem fens\u00e9ges reggeli k\u00edn\u00e1lattal rendelkezik, ahol a klasszikus toj\u00e1s \u00e9telek mellett olyan nemzetk\u00f6zi kedvencek is megtal\u00e1lhat\u00f3k, mint a croque monsieur vagy az amerikai palacsinta. Term\u00e9szetesen a hazai \u00edzek szerelmesei is kiemelt figyelmet kapnak, \u00e9s nem csak a reggeli v\u00e1laszt\u00e9k b\u0151velkedik tradicion\u00e1lis \u00e9telekben, hanem az A\u2019la carte \u00e9tlapon is sz\u00e1mos magyar [...]","protected":false},"author":1,"featured_media":2480,"parent":0,"menu_order":0,"comment_status":"closed","ping_status":"closed","template":"","meta":{"footnotes":""},"class_list":["post-1826","page","type-page","status-publish","has-post-thumbnail","hentry"],"aioseo_notices":[],"_links":{"self":[{"href":"https:\/\/annagrandhotel.hu\/sk\/wp-json\/wp\/v2\/pages\/1826","targetHints":{"allow":["GET"]}}],"collection":[{"href":"https:\/\/annagrandhotel.hu\/sk\/wp-json\/wp\/v2\/pages"}],"about":[{"href":"https:\/\/annagrandhotel.hu\/sk\/wp-json\/wp\/v2\/types\/page"}],"author":[{"embeddable":true,"href":"https:\/\/annagrandhotel.hu\/sk\/wp-json\/wp\/v2\/users\/1"}],"replies":[{"embeddable":true,"href":"https:\/\/annagrandhotel.hu\/sk\/wp-json\/wp\/v2\/comments?post=1826"}],"version-history":[{"count":47,"href":"https:\/\/annagrandhotel.hu\/sk\/wp-json\/wp\/v2\/pages\/1826\/revisions"}],"predecessor-version":[{"id":5302,"href":"https:\/\/annagrandhotel.hu\/sk\/wp-json\/wp\/v2\/pages\/1826\/revisions\/5302"}],"wp:featuredmedia":[{"embeddable":true,"href":"https:\/\/annagrandhotel.hu\/sk\/wp-json\/wp\/v2\/media\/2480"}],"wp:attachment":[{"href":"https:\/\/annagrandhotel.hu\/sk\/wp-json\/wp\/v2\/media?parent=1826"}],"curies":[{"name":"wp","href":"https:\/\/api.w.org\/{rel}","templated":true}]}}