{"id":1822,"date":"2023-08-28T08:59:48","date_gmt":"2023-08-28T06:59:48","guid":{"rendered":"https:\/\/annagrand.saxon.hu\/?page_id=1822"},"modified":"2026-04-03T18:51:22","modified_gmt":"2026-04-03T16:51:22","slug":"kaviaren-anna","status":"publish","type":"page","link":"https:\/\/annagrandhotel.hu\/sk\/anna-cafe\/","title":{"rendered":"Kaviare\u0148 Anna"},"content":{"rendered":"<div class=\"wpb-content-wrapper\"><div class=\"vc_row wpb_row vc_row-fluid\"><div class=\"wpb_column vc_column_container vc_col-sm-12\"><div class=\"vc_column-inner\"><div class=\"wpb_wrapper\"><div class=\"heading_group_sc wpb_content_element subtitle_bottom    text-center\">\n\n\n    <h2>Tradi\u010dn\u00e9 kol\u00e1\u010de<\/h2>\n\n\n        <span class=\"subtitle\"><\/span>\n\n<\/div><div class=\"heading_group_sc wpb_content_element subtitle_bottom    text-center\">\n\n\n    <p>Kaviare\u0148 Anna, ktor\u00e1 je v prev\u00e1dzke dodnes, bola postaven\u00e1 v polovici 19. storo\u010dia pod\u013ea vzoru budape\u0161tianskej kaviarne Pilvax. V n\u00e1pojovom l\u00edstku n\u00e1jdete cel\u00fd rad \u0161pecial\u00edt, od svetlej a tmavej talianskej k\u00e1vy a\u017e po doma pra\u017een\u00fa k\u00e1vu. Jedn\u00fdm z hlavn\u00fdch l\u00e1kadiel baru s\u00fa tri charakteristick\u00e9 dezerty, ktor\u00fdch recepty zap\u00edsal b\u00fdval\u00fd spr\u00e1vca hostinca Grand Inn v 19. storo\u010d\u00ed. J\u00f3kaiho ob\u013e\u00faben\u00fd je s mand\u013eov\u00fdm kr\u00e9mom a \u0161\u00edpkov\u00fdm d\u017eemom, R\u00f3za Laborfalviho je \u010dokol\u00e1dov\u00fd a jahodov\u00fd kr\u00e9mov\u00fd kol\u00e1\u010d, zatia\u013e \u010do Lujza Blaha je sladkos\u0165 plnen\u00e1 lieskovoorie\u0161kov\u00fdm kr\u00e9mom a brusnicov\u00fdm d\u017eemom. Samozrejme, vybra\u0165 si m\u00f4\u017eete aj zo sez\u00f3nnych a paleo tort.<\/p>\n\n\n        <span class=\"subtitle\"><\/span>\n\n<\/div><div class=\"heading_group_sc wpb_content_element subtitle_bottom    text-center\">\n\n\n    <h4 style=\"text-align: center;\">Kaviare\u0148 Anna<\/h4>\n<h4 style=\"text-align: center;\">Ka\u017ed\u00fd de\u0148: 9:00-24:00<\/h4>\n\n\n        <span class=\"subtitle\"><\/span>\n\n<\/div><div class=\"plethora_button wpb_content_element   text-center\">\n    <a href=\"https:\/\/annagrandhotel.hu\/wp-content\/uploads\/2025\/12\/Lobby-itallap-2025_web.pdf\" class=\"btn btn-secondary\" title=\"\"  target=\"_blank\">\n\n        \n        ITALLAP\n        \n\n    <\/a>\n<\/div><div class=\"plethora_button wpb_content_element   text-center\">\n    <a href=\"https:\/\/annagrandhotel.hu\/wp-content\/uploads\/2025\/12\/Borlap_2025_web.pdf\" class=\"btn btn-secondary\" title=\"\"  target=\"_blank\">\n\n        \n        BORLAP\n        \n\n    <\/a>\n<\/div>\n<div class=\"vc_grid-container-wrapper vc_clearfix vc_grid-animation-zoomIn\">\n\t<div class=\"vc_grid-container vc_clearfix wpb_content_element vc_masonry_media_grid\" data-initial-loading-animation=\"zoomIn\" data-vc-grid-settings=\"{&quot;page_id&quot;:1822,&quot;style&quot;:&quot;all-masonry&quot;,&quot;action&quot;:&quot;vc_get_vc_grid_data&quot;,&quot;shortcode_id&quot;:&quot;1775234988509-ba391262-5099-3&quot;,&quot;tag&quot;:&quot;vc_masonry_media_grid&quot;}\" data-vc-request=\"https:\/\/annagrandhotel.hu\/wp-admin\/admin-ajax.php\" data-vc-post-id=\"1822\" data-vc-public-nonce=\"3a3698be50\">\n\t\t\n\t<\/div>\n<\/div><div class=\"wpb_gmaps_widget wpb_content_element\"><div class=\"wpb_wrapper\"><div class=\"wpb_map_wraper\"><iframe src=\"https:\/\/www.google.com\/maps\/embed?pb=!1m18!1m12!1m3!1d809.6437248110302!2d17.894219690000025!3d46.955677046599305!2m3!1f0!2f0!3f0!3m2!1i1024!2i768!4f13.1!3m3!1m2!1s0x4769bd1b44c3877f%3A0x67caa67907b6ed66!2zQW5uYSBDYWbDqSAtIEvDoXbDqXrDsyDDqXMgQ3VrcsOhc3pkYQ!5e0!3m2!1shu!2shu!4v1699374488268!5m2!1shu!2shu\" width=\"600\" height=\"450\" style=\"border:0;\" allowfullscreen=\"\" loading=\"lazy\" referrerpolicy=\"no-referrer-when-downgrade\"><\/iframe><\/div><\/div><\/div><div class=\"plethora_button wpb_content_element   text-left\">\n    <a href=\"https:\/\/maps.app.goo.gl\/9kJLZomjUoV5BhSk6\" class=\"btn btn-secondary\" title=\"Trasa kaviarne Anna\"  target=\"_blank\">\n\n        \n        SMEROVANIE\n        \n\n    <\/a>\n<\/div><\/div><\/div><\/div><\/div>\n<\/div>","protected":false},"excerpt":{"rendered":"Trad\u00edcion\u00e1lis s\u00fctem\u00e9nyek A ma is \u00fczemel\u0151 Anna Caf\u00e9t a budapesti\u00a0Pilvax mint\u00e1j\u00e1ra \u00e9p\u00edtett\u00e9k az \u00e9p\u00fcletegy\u00fctteshez az 1800-as \u00e9vek derek\u00e1n. Az itallapon saj\u00e1t p\u00f6rk\u00f6l\u00e9s\u0171, vil\u00e1gos \u00e9s s\u00f6t\u00e9t olasz k\u00e1v\u00e9 mellett sz\u00e1mos italk\u00fcl\u00f6nlegess\u00e9g is megtal\u00e1lhat\u00f3. A pult egyik f\u0151 attrakci\u00f3ja a h\u00e1romf\u00e9le signiature\u00a0desszert, melyek receptjeit m\u00e9g az egykori Nagyvend\u00e9gl\u0151 vezet\u0151je jegyezte le a 19. sz\u00e1zadban. J\u00f3kai kedvence mandul\u00e1s [...]","protected":false},"author":1,"featured_media":2327,"parent":0,"menu_order":0,"comment_status":"closed","ping_status":"closed","template":"","meta":{"footnotes":""},"class_list":["post-1822","page","type-page","status-publish","has-post-thumbnail","hentry"],"aioseo_notices":[],"_links":{"self":[{"href":"https:\/\/annagrandhotel.hu\/sk\/wp-json\/wp\/v2\/pages\/1822","targetHints":{"allow":["GET"]}}],"collection":[{"href":"https:\/\/annagrandhotel.hu\/sk\/wp-json\/wp\/v2\/pages"}],"about":[{"href":"https:\/\/annagrandhotel.hu\/sk\/wp-json\/wp\/v2\/types\/page"}],"author":[{"embeddable":true,"href":"https:\/\/annagrandhotel.hu\/sk\/wp-json\/wp\/v2\/users\/1"}],"replies":[{"embeddable":true,"href":"https:\/\/annagrandhotel.hu\/sk\/wp-json\/wp\/v2\/comments?post=1822"}],"version-history":[{"count":22,"href":"https:\/\/annagrandhotel.hu\/sk\/wp-json\/wp\/v2\/pages\/1822\/revisions"}],"predecessor-version":[{"id":5743,"href":"https:\/\/annagrandhotel.hu\/sk\/wp-json\/wp\/v2\/pages\/1822\/revisions\/5743"}],"wp:featuredmedia":[{"embeddable":true,"href":"https:\/\/annagrandhotel.hu\/sk\/wp-json\/wp\/v2\/media\/2327"}],"wp:attachment":[{"href":"https:\/\/annagrandhotel.hu\/sk\/wp-json\/wp\/v2\/media?parent=1822"}],"curies":[{"name":"wp","href":"https:\/\/api.w.org\/{rel}","templated":true}]}}