{"id":50,"date":"2016-11-24T18:11:06","date_gmt":"2016-11-24T18:11:06","guid":{"rendered":"http:\/\/plethorathemes.com\/hotel-xenia\/?page_id=50"},"modified":"2026-03-17T08:44:27","modified_gmt":"2026-03-17T07:44:27","slug":"careers","status":"publish","type":"page","link":"https:\/\/annagrandhotel.hu\/eng\/karrier\/","title":{"rendered":"Careers"},"content":{"rendered":"<div class=\"wpb-content-wrapper\"><div data-vc-full-width=\"true\" data-vc-full-width-init=\"false\" class=\"vc_row wpb_row vc_row-fluid vc_custom_1488370312297 vc_row-has-fill padding_bottom_none\"><div class=\"wpb_column vc_column_container vc_col-sm-12\"><div class=\"vc_column-inner\"><div class=\"wpb_wrapper\"><div class=\"heading_group_sc wpb_content_element subtitle_bottom    text-center\">\n\n\n    <h2>It's good to work with us<\/h2>\n\n\n        <span class=\"subtitle\">high prestige workplace<\/span>\n\n<\/div><\/div><\/div><\/div><\/div><div class=\"vc_row-full-width vc_clearfix\"><\/div><div data-vc-full-width=\"true\" data-vc-full-width-init=\"false\" class=\"vc_row wpb_row vc_row-fluid vc_custom_1488370320895 vc_row-has-fill white_section padding_top_none\"><div class=\"wpb_column vc_column_container vc_col-sm-4\"><div class=\"vc_column-inner\"><div class=\"wpb_wrapper\"><!-- ========================== TEASER BOX ==========================-->\n\n<div class=\"teaser_box wpb_content_element  vertical text-center      with_image\">\n\n  <div class=\"figure with_image\">\n\n\n\n        \n        \n        \n         <img decoding=\"async\" src=\"https:\/\/annagrandhotel.hu\/wp-content\/uploads\/2024\/07\/Kornyezet.png\" alt=\"Elegant environment\">   \n\n        \n\n\n  <\/div>\n\n\n  <div class=\"content\">\n    \n    <div class=\"hgroup textify_links\"><h4>Elegant environment<\/h4><\/div>\n\n     <div class=\"desc\"><p>Our staff are part of a five-star environment that contributes to an unforgettable guest experience.<\/p><\/div> \n\n  <\/div>\n\n<\/div>\n\n<!-- END======================= TEASER BOX ==========================--><\/div><\/div><\/div><div class=\"wpb_column vc_column_container vc_col-sm-4\"><div class=\"vc_column-inner\"><div class=\"wpb_wrapper\"><!-- ========================== TEASER BOX ==========================-->\n\n<div class=\"teaser_box wpb_content_element  vertical text-center      with_image\">\n\n  <div class=\"figure with_image\">\n\n\n\n        \n        \n        \n         <img decoding=\"async\" src=\"https:\/\/annagrandhotel.hu\/wp-content\/uploads\/2024\/07\/Csapat.png\" alt=\"Super team\">   \n\n        \n\n\n  <\/div>\n\n\n  <div class=\"content\">\n    \n    <div class=\"hgroup textify_links\"><h4>Super team<\/h4><\/div>\n\n     <div class=\"desc\"><p>We believe in the power of a strong team. We are a great team, where we value and celebrate the efforts of all our employees.<\/p><\/div> \n\n  <\/div>\n\n<\/div>\n\n<!-- END======================= TEASER BOX ==========================--><\/div><\/div><\/div><div class=\"wpb_column vc_column_container vc_col-sm-4\"><div class=\"vc_column-inner\"><div class=\"wpb_wrapper\"><!-- ========================== TEASER BOX ==========================-->\n\n<div class=\"teaser_box wpb_content_element  vertical text-center      with_image\">\n\n  <div class=\"figure with_image\">\n\n\n\n        \n        \n        \n         <img decoding=\"async\" src=\"https:\/\/annagrandhotel.hu\/wp-content\/uploads\/2024\/07\/Fejlodes.png\" alt=\"Opportunity for development\">   \n\n        \n\n\n  <\/div>\n\n\n  <div class=\"content\">\n    \n    <div class=\"hgroup textify_links\"><h4>Opportunity for development<\/h4><\/div>\n\n     <div class=\"desc\"><p>Our experienced colleagues and professional training create continuous learning opportunities and a supportive environment.<\/p><\/div> \n\n  <\/div>\n\n<\/div>\n\n<!-- END======================= TEASER BOX ==========================--><\/div><\/div><\/div><\/div><div class=\"vc_row-full-width vc_clearfix\"><\/div><div data-vc-full-width=\"true\" data-vc-full-width-init=\"false\" class=\"vc_row wpb_row vc_row-fluid vc_custom_1721392715001 vc_row-has-fill padding_bottom_none\"><div class=\"wpb_column vc_column_container vc_col-sm-12 vc_col-has-fill\"><div class=\"vc_column-inner vc_custom_1721392860651\"><div class=\"wpb_wrapper\"><\/div><\/div><\/div><\/div><div class=\"vc_row-full-width vc_clearfix\"><\/div><div data-vc-full-width=\"true\" data-vc-full-width-init=\"false\" class=\"vc_row wpb_row vc_row-fluid shadow vc_custom_1770028893542 vc_row-has-fill secondary_section\"><div class=\"wpb_column vc_column_container vc_col-sm-6 vc_hidden-sm vc_hidden-xs\"><div class=\"vc_column-inner\"><div class=\"wpb_wrapper\">\n\t<div  class=\"wpb_single_image wpb_content_element vc_align_left\">\n\t\t\n\t\t<figure class=\"wpb_wrapper vc_figure\">\n\t\t\t<div class=\"vc_single_image-wrapper   vc_box_border_grey\"><img decoding=\"async\" class=\"vc_single_image-img\" src=\"https:\/\/annagrandhotel.hu\/wp-content\/uploads\/2024\/02\/Hosszu-hetvege-Mssonry_Rajztabla-1-03-1080x1080.webp\" width=\"1080\" height=\"1080\" alt=\"Gift night\" title=\"Gift night\" loading=\"lazy\" \/><\/div>\n\t\t<\/figure>\n\t<\/div>\n<\/div><\/div><\/div><div class=\"wpb_column vc_column_container vc_col-sm-6 vc_hidden-sm vc_hidden-xs\"><div class=\"vc_column-inner\"><div class=\"wpb_wrapper\"><div class=\"heading_group_sc wpb_content_element subtitle_top    text-left\">\n\n        <span class=\"subtitle\">Internship in Anna Grand Hotel and Balaton Park Hotel!<\/span>\n\n    <h2 data-pm-slice=\"1 1 &#091;&#093;\"><strong>Explore the world of hospitality!<\/strong><\/h2>\n\n\n\n<\/div>\n\t<div class=\"wpb_text_column wpb_content_element\" >\n\t\t<div class=\"wpb_wrapper\">\n\t\t\t<p><strong>What we offer our prospective team members in our year-round hotel:<\/strong><\/p>\n<p>Real experience in a high-class hotel environment<\/p>\n<p>Professional team to help you grow<\/p>\n<p>Inspiring environment on the shores of Lake Balaton<\/p>\n<p>Opportunity to build a long-term career<\/p>\n\n\t\t<\/div>\n\t<\/div>\n<div class=\"plethora_button wpb_content_element  vc_custom_1770028920917  text-left\">\n    <a href=\"https:\/\/annagrandhotel.hu\/eng\/internship-programme\/\" class=\"btn btn-light\" title=\"\"  target=\"_blank\">\n\n        \n        More details\n        \n\n    <\/a>\n<\/div><\/div><\/div><\/div><\/div><div class=\"vc_row-full-width vc_clearfix\"><\/div><div data-vc-full-width=\"true\" data-vc-full-width-init=\"false\" class=\"vc_row wpb_row vc_row-fluid shadow vc_custom_1773671789877 vc_row-has-fill\"><div class=\"wpb_column vc_column_container vc_col-sm-6\"><div class=\"vc_column-inner\"><div class=\"wpb_wrapper\">\n\t<div  class=\"wpb_single_image wpb_content_element vc_align_left\">\n\t\t\n\t\t<figure class=\"wpb_wrapper vc_figure\">\n\t\t\t<div class=\"vc_single_image-wrapper   vc_box_border_grey\"><img decoding=\"async\" class=\"vc_single_image-img\" src=\"https:\/\/annagrandhotel.hu\/wp-content\/uploads\/2025\/01\/Bartender.webp\" width=\"700\" height=\"700\" alt=\"Bartender\" title=\"Bartender\" loading=\"lazy\" \/><\/div>\n\t\t<\/figure>\n\t<\/div>\n<\/div><\/div><\/div><div class=\"wpb_column vc_column_container vc_col-sm-6\"><div class=\"vc_column-inner\"><div class=\"wpb_wrapper\"><div class=\"heading_group_sc wpb_content_element subtitle_top   vc_custom_1773671734261  text-left\">\n\n        <span class=\"subtitle\">FULL-TIME<\/span>\n\n    <h3>Bar Manager<\/h3>\n\n\n\n<\/div>\n\t<div class=\"wpb_text_column wpb_content_element\" >\n\t\t<div class=\"wpb_wrapper\">\n\t\t\t<p><strong>What we offer our prospective team members in our year-round hotel:<\/strong><\/p>\n<ul>\n<li>competitive salary<\/li>\n<li>long-term employment with 8-hour notice<\/li>\n<li>travel allowance between work and home<\/li>\n<li>development opportunities, training<\/li>\n<li>exclusive hotel-appropriate uniform workwear<\/li>\n<li>hot meals on working days<\/li>\n<li>a dynamic team and a stylish working environment<\/li>\n<\/ul>\n\n\t\t<\/div>\n\t<\/div>\n<div class=\"plethora_button wpb_content_element   text-left\">\n    <a href=\"https:\/\/annagrandhotel.hu\/eng\/bar-manager\/\" class=\"btn btn-secondary\" title=\"\"  target=\"_self\">\n\n        \n        More details\n        \n\n    <\/a>\n<\/div><\/div><\/div><\/div><\/div><div class=\"vc_row-full-width vc_clearfix\"><\/div><div data-vc-full-width=\"true\" data-vc-full-width-init=\"false\" class=\"vc_row wpb_row vc_row-fluid shadow vc_custom_1738340266379 vc_row-has-fill\"><div class=\"wpb_column vc_column_container vc_col-sm-6 vc_hidden-sm vc_hidden-xs\"><div class=\"vc_column-inner\"><div class=\"wpb_wrapper\">\n\t<div  class=\"wpb_single_image wpb_content_element vc_align_left\">\n\t\t\n\t\t<figure class=\"wpb_wrapper vc_figure\">\n\t\t\t<div class=\"vc_single_image-wrapper   vc_box_border_grey\"><img loading=\"lazy\" decoding=\"async\" width=\"1080\" height=\"1080\" src=\"https:\/\/annagrandhotel.hu\/wp-content\/uploads\/2024\/07\/Szobaasszony.webp\" class=\"vc_single_image-img attachment-full\" alt=\"\" title=\"maid\" srcset=\"https:\/\/annagrandhotel.hu\/wp-content\/uploads\/2024\/07\/Szobaasszony.webp 1080w, https:\/\/annagrandhotel.hu\/wp-content\/uploads\/2024\/07\/Szobaasszony-300x300.webp 300w, https:\/\/annagrandhotel.hu\/wp-content\/uploads\/2024\/07\/Szobaasszony-1024x1024.webp 1024w, https:\/\/annagrandhotel.hu\/wp-content\/uploads\/2024\/07\/Szobaasszony-150x150.webp 150w, https:\/\/annagrandhotel.hu\/wp-content\/uploads\/2024\/07\/Szobaasszony-768x768.webp 768w, https:\/\/annagrandhotel.hu\/wp-content\/uploads\/2024\/07\/Szobaasszony-12x12.webp 12w\" sizes=\"auto, (max-width: 1080px) 100vw, 1080px\" \/><\/div>\n\t\t<\/figure>\n\t<\/div>\n<\/div><\/div><\/div><div class=\"wpb_column vc_column_container vc_col-sm-6 vc_hidden-sm vc_hidden-xs\"><div class=\"vc_column-inner\"><div class=\"wpb_wrapper\"><div class=\"heading_group_sc wpb_content_element subtitle_top    text-left\">\n\n        <span class=\"subtitle\">FULL-TIME<\/span>\n\n    <h3>maid<\/h3>\n\n\n\n<\/div>\n\t<div class=\"wpb_text_column wpb_content_element\" >\n\t\t<div class=\"wpb_wrapper\">\n\t\t\t<p><strong>What we offer our prospective team members in our year-round hotel:<\/strong><\/p>\n<ul>\n<li style=\"font-weight: 400;\" aria-level=\"1\"><span style=\"font-weight: 400;\">long-term, secure employment with 8-hour notice<\/span><\/li>\n<li style=\"font-weight: 400;\" aria-level=\"1\"><span style=\"font-weight: 400;\">travel allowance between work and home<\/span><\/li>\n<li style=\"font-weight: 400;\" aria-level=\"1\"><span style=\"font-weight: 400;\">predictable working hours<\/span><\/li>\n<li style=\"font-weight: 400;\" aria-level=\"1\"><span style=\"font-weight: 400;\">exclusive hotel-appropriate uniform workwear\u00a0<\/span><\/li>\n<li style=\"font-weight: 400;\" aria-level=\"1\"><span style=\"font-weight: 400;\">hot meals on working days<\/span><\/li>\n<li style=\"font-weight: 400;\" aria-level=\"1\"><span style=\"font-weight: 400;\">a dynamic team and a stylish working environment<\/span><\/li>\n<\/ul>\n\n\t\t<\/div>\n\t<\/div>\n<div class=\"plethora_button wpb_content_element   text-left\">\n    <a href=\"https:\/\/annagrandhotel.hu\/eng\/carreer-maid\/\" class=\"btn btn-secondary\" title=\"\"  target=\"_blank\">\n\n        \n        More details\n        \n\n    <\/a>\n<\/div><\/div><\/div><\/div><\/div><div class=\"vc_row-full-width vc_clearfix\"><\/div><div data-vc-full-width=\"true\" data-vc-full-width-init=\"false\" class=\"vc_row wpb_row vc_row-fluid shadow vc_custom_1771538606805 vc_row-has-fill\"><div class=\"wpb_column vc_column_container vc_col-sm-6\"><div class=\"vc_column-inner\"><div class=\"wpb_wrapper\">\n\t<div  class=\"wpb_single_image wpb_content_element vc_align_left\">\n\t\t\n\t\t<figure class=\"wpb_wrapper vc_figure\">\n\t\t\t<div class=\"vc_single_image-wrapper   vc_box_border_grey\"><img loading=\"lazy\" decoding=\"async\" width=\"700\" height=\"700\" src=\"https:\/\/annagrandhotel.hu\/wp-content\/uploads\/2025\/01\/Karbantarto_allas.webp\" class=\"vc_single_image-img attachment-full\" alt=\"\" title=\"Maintenance_job\" srcset=\"https:\/\/annagrandhotel.hu\/wp-content\/uploads\/2025\/01\/Karbantarto_allas.webp 700w, https:\/\/annagrandhotel.hu\/wp-content\/uploads\/2025\/01\/Karbantarto_allas-300x300.webp 300w, https:\/\/annagrandhotel.hu\/wp-content\/uploads\/2025\/01\/Karbantarto_allas-150x150.webp 150w, https:\/\/annagrandhotel.hu\/wp-content\/uploads\/2025\/01\/Karbantarto_allas-12x12.webp 12w\" sizes=\"auto, (max-width: 700px) 100vw, 700px\" \/><\/div>\n\t\t<\/figure>\n\t<\/div>\n<\/div><\/div><\/div><div class=\"wpb_column vc_column_container vc_col-sm-6\"><div class=\"vc_column-inner\"><div class=\"wpb_wrapper\"><div class=\"heading_group_sc wpb_content_element subtitle_top   vc_custom_1736762426455  text-left\">\n\n        <span class=\"subtitle\">FULL-TIME<\/span>\n\n    <h3>Maintenance<\/h3>\n\n\n\n<\/div>\n\t<div class=\"wpb_text_column wpb_content_element\" >\n\t\t<div class=\"wpb_wrapper\">\n\t\t\t<p><strong>What we offer our prospective team members in our year-round hotel:<\/strong><\/p>\n<ul>\n<li style=\"font-weight: 400;\" aria-level=\"1\"><span style=\"font-weight: 400;\">long-term, secure employment with 8-hour notice<\/span><\/li>\n<li style=\"font-weight: 400;\" aria-level=\"1\"><span style=\"font-weight: 400;\">travel allowance between work and home<\/span><\/li>\n<li style=\"font-weight: 400;\" aria-level=\"1\"><span style=\"font-weight: 400;\">predictable working hours<\/span><\/li>\n<li style=\"font-weight: 400;\" aria-level=\"1\"><span style=\"font-weight: 400;\">uniforms for an exclusive hotel\u00a0<\/span><\/li>\n<li style=\"font-weight: 400;\" aria-level=\"1\"><span style=\"font-weight: 400;\">hot meals on working days<\/span><\/li>\n<li style=\"font-weight: 400;\" aria-level=\"1\"><span style=\"font-weight: 400;\">a dynamic team and a stylish working environment<\/span><\/li>\n<li style=\"font-weight: 400;\" aria-level=\"1\"><span style=\"font-weight: 400;\">professional development opportunities<\/span><\/li>\n<\/ul>\n\n\t\t<\/div>\n\t<\/div>\n<div class=\"plethora_button wpb_content_element   text-left\">\n    <a href=\"https:\/\/annagrandhotel.hu\/eng\/maintenance\/\" class=\"btn btn-secondary\" title=\"\"  target=\"_self\">\n\n        \n        More details\n        \n\n    <\/a>\n<\/div><\/div><\/div><\/div><\/div><div class=\"vc_row-full-width vc_clearfix\"><\/div><div data-vc-full-width=\"true\" data-vc-full-width-init=\"false\" class=\"vc_row wpb_row vc_row-fluid shadow vc_custom_1736843809204 vc_row-has-fill\"><div class=\"wpb_column vc_column_container vc_col-sm-6\"><div class=\"vc_column-inner\"><div class=\"wpb_wrapper\">\n\t<div  class=\"wpb_single_image wpb_content_element vc_align_left\">\n\t\t\n\t\t<figure class=\"wpb_wrapper vc_figure\">\n\t\t\t<div class=\"vc_single_image-wrapper   vc_box_border_grey\"><img decoding=\"async\" class=\"vc_single_image-img\" src=\"https:\/\/annagrandhotel.hu\/wp-content\/uploads\/2024\/09\/WhatsApp-kep-2024-09-11-11.16.33_a01638bb-700x614.jpg\" width=\"700\" height=\"614\" alt=\"Night receptionist\" title=\"Night receptionist\" loading=\"lazy\" \/><\/div>\n\t\t<\/figure>\n\t<\/div>\n<\/div><\/div><\/div><div class=\"wpb_column vc_column_container vc_col-sm-6\"><div class=\"vc_column-inner\"><div class=\"wpb_wrapper\"><div class=\"heading_group_sc wpb_content_element subtitle_top   vc_custom_1726220010847  text-left\">\n\n        <span class=\"subtitle\">FULL-TIME<\/span>\n\n    <h3>NIGHT RECEPTIONIST<\/h3>\n\n\n\n<\/div>\n\t<div class=\"wpb_text_column wpb_content_element\" >\n\t\t<div class=\"wpb_wrapper\">\n\t\t\t<p><strong>What we offer our prospective team members in our year-round hotel:<\/strong><\/p>\n<ul>\n<li>Open-ended employment contract with full notification<\/li>\n<li>Long-term job opportunities<\/li>\n<li>Flexible working hours 12-hour night shifts<\/li>\n<li>Exclusive hotel-appropriate uniform workwear<\/li>\n<li>One hot meal during working hours<\/li>\n<\/ul>\n\n\t\t<\/div>\n\t<\/div>\n<div class=\"plethora_button wpb_content_element   text-left\">\n    <a href=\"https:\/\/annagrandhotel.hu\/eng\/night-receptionist\/\" class=\"btn btn-secondary\" title=\"\"  target=\"_self\">\n\n        \n        More details\n        \n\n    <\/a>\n<\/div><\/div><\/div><\/div><\/div><div class=\"vc_row-full-width vc_clearfix\"><\/div><div data-vc-full-width=\"true\" data-vc-full-width-init=\"false\" class=\"vc_row wpb_row vc_row-fluid shadow vc_custom_1721392751904 vc_row-has-fill\"><div class=\"wpb_column vc_column_container vc_col-sm-12 vc_hidden-lg vc_hidden-md\"><div class=\"vc_column-inner\"><div class=\"wpb_wrapper\"><div class=\"heading_group_sc wpb_content_element subtitle_top    text-left\">\n\n        <span class=\"subtitle\">FULL-TIME<\/span>\n\n    <h3>maid<\/h3>\n\n\n\n<\/div>\n\t<div class=\"wpb_text_column wpb_content_element\" >\n\t\t<div class=\"wpb_wrapper\">\n\t\t\t<p><strong>What we offer our prospective team members in our year-round hotel:<\/strong><\/p>\n<ul>\n<li style=\"font-weight: 400;\" aria-level=\"1\"><span style=\"font-weight: 400;\">long-term, secure employment with 8-hour notice<\/span><\/li>\n<li style=\"font-weight: 400;\" aria-level=\"1\"><span style=\"font-weight: 400;\">travel allowance between work and home<\/span><\/li>\n<li style=\"font-weight: 400;\" aria-level=\"1\"><span style=\"font-weight: 400;\">predictable working hours<\/span><\/li>\n<li style=\"font-weight: 400;\" aria-level=\"1\"><span style=\"font-weight: 400;\">exclusive hotel-appropriate uniform workwear\u00a0<\/span><\/li>\n<li style=\"font-weight: 400;\" aria-level=\"1\"><span style=\"font-weight: 400;\">hot meals on working days<\/span><\/li>\n<li style=\"font-weight: 400;\" aria-level=\"1\"><span style=\"font-weight: 400;\">a dynamic team and a stylish working environment<\/span><\/li>\n<\/ul>\n\n\t\t<\/div>\n\t<\/div>\n\n\t<div  class=\"wpb_single_image wpb_content_element vc_align_left\">\n\t\t\n\t\t<figure class=\"wpb_wrapper vc_figure\">\n\t\t\t<div class=\"vc_single_image-wrapper   vc_box_border_grey\"><img loading=\"lazy\" decoding=\"async\" width=\"1080\" height=\"1080\" src=\"https:\/\/annagrandhotel.hu\/wp-content\/uploads\/2024\/07\/Szobaasszony.webp\" class=\"vc_single_image-img attachment-full\" alt=\"\" title=\"maid\" srcset=\"https:\/\/annagrandhotel.hu\/wp-content\/uploads\/2024\/07\/Szobaasszony.webp 1080w, https:\/\/annagrandhotel.hu\/wp-content\/uploads\/2024\/07\/Szobaasszony-300x300.webp 300w, https:\/\/annagrandhotel.hu\/wp-content\/uploads\/2024\/07\/Szobaasszony-1024x1024.webp 1024w, https:\/\/annagrandhotel.hu\/wp-content\/uploads\/2024\/07\/Szobaasszony-150x150.webp 150w, https:\/\/annagrandhotel.hu\/wp-content\/uploads\/2024\/07\/Szobaasszony-768x768.webp 768w, https:\/\/annagrandhotel.hu\/wp-content\/uploads\/2024\/07\/Szobaasszony-12x12.webp 12w\" sizes=\"auto, (max-width: 1080px) 100vw, 1080px\" \/><\/div>\n\t\t<\/figure>\n\t<\/div>\n<div class=\"plethora_button wpb_content_element   text-left\">\n    <a href=\"https:\/\/annagrandhotel.hu\/eng\/carreer-maid\/\" class=\"btn btn-secondary\" title=\"\"  target=\"_blank\">\n\n        \n        More details\n        \n\n    <\/a>\n<\/div><\/div><\/div><\/div><\/div><div class=\"vc_row-full-width vc_clearfix\"><\/div>\n<\/div>","protected":false},"excerpt":{"rendered":"Ez\u00e9rt j\u00f3 n\u00e1lunk dolgozni magas preszt\u00edzs\u0171 munkahely Eleg\u00e1ns k\u00f6rnyezet Munkat\u00e1rsaink r\u00e9szesei egy olyan \u00f6tcsillagos k\u00f6rnyezetnek, mellyel hozz\u00e1j\u00e1rulnak a felejthetetlen vend\u00e9g\u00e9lm\u00e9nyhez. Szuper csapat Hisz\u00fcnk az er\u0151s csapat erej\u00e9ben. Egy szuper csapatot alkotunk, amiben \u00e9rt\u00e9kelj\u00fck \u00e9s \u00fcnnepelj\u00fck minden munkat\u00e1rsunk er\u0151fesz\u00edt\u00e9seit. Fejl\u0151d\u00e9si lehet\u0151s\u00e9g Tapasztalt koll\u00e9g\u00e1ink \u00e9s szakmai tr\u00e9ningeink folyamatos tanul\u00e1si lehet\u0151s\u00e9geket \u00e9s egy t\u00e1mogat\u00f3 k\u00f6rnyezetet teremtenek. Szakmai gyakorlat [...]","protected":false},"author":1,"featured_media":3970,"parent":0,"menu_order":0,"comment_status":"closed","ping_status":"closed","template":"","meta":{"footnotes":""},"class_list":["post-50","page","type-page","status-publish","has-post-thumbnail","hentry"],"aioseo_notices":[],"_links":{"self":[{"href":"https:\/\/annagrandhotel.hu\/eng\/wp-json\/wp\/v2\/pages\/50","targetHints":{"allow":["GET"]}}],"collection":[{"href":"https:\/\/annagrandhotel.hu\/eng\/wp-json\/wp\/v2\/pages"}],"about":[{"href":"https:\/\/annagrandhotel.hu\/eng\/wp-json\/wp\/v2\/types\/page"}],"author":[{"embeddable":true,"href":"https:\/\/annagrandhotel.hu\/eng\/wp-json\/wp\/v2\/users\/1"}],"replies":[{"embeddable":true,"href":"https:\/\/annagrandhotel.hu\/eng\/wp-json\/wp\/v2\/comments?post=50"}],"version-history":[{"count":84,"href":"https:\/\/annagrandhotel.hu\/eng\/wp-json\/wp\/v2\/pages\/50\/revisions"}],"predecessor-version":[{"id":5686,"href":"https:\/\/annagrandhotel.hu\/eng\/wp-json\/wp\/v2\/pages\/50\/revisions\/5686"}],"wp:featuredmedia":[{"embeddable":true,"href":"https:\/\/annagrandhotel.hu\/eng\/wp-json\/wp\/v2\/media\/3970"}],"wp:attachment":[{"href":"https:\/\/annagrandhotel.hu\/eng\/wp-json\/wp\/v2\/media?parent=50"}],"curies":[{"name":"wp","href":"https:\/\/api.w.org\/{rel}","templated":true}]}}