{"id":4732,"date":"2025-02-20T13:45:53","date_gmt":"2025-02-20T12:45:53","guid":{"rendered":"https:\/\/annagrandhotel.hu\/?page_id=4732"},"modified":"2026-02-02T13:08:24","modified_gmt":"2026-02-02T12:08:24","slug":"internship-programme","status":"publish","type":"page","link":"https:\/\/annagrandhotel.hu\/eng\/gyakornoki-program\/","title":{"rendered":"Internship Programme"},"content":{"rendered":"<div class=\"wpb-content-wrapper\"><div class=\"vc_row wpb_row vc_row-fluid vc_custom_1740056866651 vc_row-has-fill vc_row-o-equal-height vc_row-flex\"><div class=\"wpb_column vc_column_container vc_col-sm-8 vc_col-has-fill\"><div class=\"vc_column-inner vc_custom_1740056996461\"><div class=\"wpb_wrapper\"><div class=\"heading_group_sc wpb_content_element subtitle_bottom   vc_custom_1740056942388  text-left\">\n\n\n    <h2 data-pm-slice=\"1 1 &#091;&#093;\"><strong>Discover the world of hospitality - Internship at Anna Grand Hotel and Balaton Park Hotel!<\/strong><\/h2>\n\n\n        <span class=\"subtitle\"><\/span>\n\n<\/div><div class=\"heading_group_sc wpb_content_element subtitle_bottom   vc_custom_1740057162188  text-left\">\n\n\n    <p style=\"text-align: justify;\">Want to get your first work experience in a modern, stylish environment? Anna Grand Hotel and Balaton Park Hotel now offer you the opportunity to spend your internship in a premium hotel where you can gain real knowledge in the world of hospitality and hotel industry.<\/p>\n\n\n        <span class=\"subtitle\"><\/span>\n\n<\/div><\/div><\/div><\/div><div class=\"wpb_column vc_column_container vc_col-sm-4 vc_col-has-fill\"><div class=\"vc_column-inner vc_custom_1740057006646 secondary_section\"><div class=\"wpb_wrapper\"><div class=\"heading_group_sc wpb_content_element subtitle_bottom    text-left\">\n\n\n    <p data-pm-slice=\"1 1 &#091;&#093;\">Join us and build your future in an exceptional location! Apply now and be part of the exciting world of the hotel industry!<\/p>\n\n\n        <span class=\"subtitle\"><\/span>\n\n<\/div><div class=\"heading_group_sc wpb_content_element subtitle_bottom    text-left\">\n\n\n    <p data-pm-slice=\"1 1 &#091;&#093;\"><span style=\"font-weight: 400;\">Please send a photocopy of your CV with the job you are applying for to <\/span><a href=\"mailto:hr@annagrandhotel.hu\"><span style=\"font-weight: 400;\">hr@annagrandhotel.hu<\/span><\/a><span style=\"font-weight: 400;\"> address.<\/span><\/p>\n\n\n        <span class=\"subtitle\"><\/span>\n\n<\/div><\/div><\/div><\/div><\/div><div class=\"vc_row wpb_row vc_row-fluid shadow vc_custom_1740058786506\"><div class=\"shadow wpb_column vc_column_container vc_col-sm-6\"><div class=\"vc_column-inner\"><div class=\"wpb_wrapper\"><!-- ========================== HOVER BOX ==========================-->\n\n<div style=\"background-image: url('https:\/\/annagrandhotel.hu\/wp-content\/uploads\/2025\/02\/Anna-Grand-Hotel.webp')\" class=\"hoverbox wpb_content_element black_section neutralize_links stretchy_wrapper ratio_1-1   vc_custom_1740059676867\">\n<div class=\"hoverbox_tran black_section transparent_film\"><\/div>\n\t<a href=\"#\">\n\t\t<div class=\"hoverbox_icon\">\n\t\t\t<img decoding=\"async\" src=\"https:\/\/annagrandhotel.hu\/wp-content\/uploads\/2025\/02\/Anna-Grand-logo.webp\" alt=\"\">\n\t\t<\/div>\n\t\t<div class=\"hoverbox_title\">\n\t\t\t<h2>ANNA GRAND HOTEL<\/h2>\n\t\t<\/div>\n\t\t<div class=\"hoverbox_paragraph\">\n\t\t\t<p><\/p>\n<p style=\"text-align: justify;\">One of the most iconic hotels on the north shore of Lake Balaton, combining classic elegance with modern amenities. The hotel offers guests an exclusive spa, premium gastronomic experiences and a historic atmosphere. If you want to experience an elegant setting, the Anna Grand Hotel is the perfect choice!<\/p>\n<p><\/p>\n\t\t<\/div>\n\t<\/a>\t\n<\/div>\n\n<!-- END======================= HOVER BOX ==========================--><\/div><\/div><\/div><div class=\"shadow wpb_column vc_column_container vc_col-sm-6\"><div class=\"vc_column-inner\"><div class=\"wpb_wrapper\"><!-- ========================== HOVER BOX ==========================-->\n\n<div style=\"background-image: url('https:\/\/annagrandhotel.hu\/wp-content\/uploads\/2025\/02\/Balaton-Park-Hotel.webp')\" class=\"hoverbox wpb_content_element black_section neutralize_links stretchy_wrapper ratio_1-1   vc_custom_1740059684223\">\n<div class=\"hoverbox_tran black_section transparent_film\"><\/div>\n\t<a href=\"#\">\n\t\t<div class=\"hoverbox_icon\">\n\t\t\t<img decoding=\"async\" src=\"https:\/\/annagrandhotel.hu\/wp-content\/uploads\/2025\/02\/Balaton-Park-logo.webp\" alt=\"\">\n\t\t<\/div>\n\t\t<div class=\"hoverbox_title\">\n\t\t\t<h2>BALATON PARK HOTEL<\/h2>\n\t\t<\/div>\n\t\t<div class=\"hoverbox_paragraph\">\n\t\t\t<p><\/p>\n<p style=\"text-align: justify;\">Located next to the Balaton Park Circuit, this modern and innovative hotel combines sporty elegance with premium services. An ideal location for those who want to learn and grow in a dynamic and inspiring environment. Here you can gain an insight into the workings of a premium hotel, while also exploring the world of motorsport.<\/p>\n<p><\/p>\n\t\t<\/div>\n\t<\/a>\t\n<\/div>\n\n<!-- END======================= HOVER BOX ==========================--><\/div><\/div><\/div><\/div><div data-vc-full-width=\"true\" data-vc-full-width-init=\"false\" class=\"vc_row wpb_row vc_row-fluid vc_custom_1740052578848 vc_row-has-fill light_section\"><div class=\"wpb_column vc_column_container vc_col-sm-12\"><div class=\"vc_column-inner\"><div class=\"wpb_wrapper\"><div class=\"heading_group_sc wpb_content_element subtitle_bottom    text-center\">\n\n\n    <h4 data-pm-slice=\"1 1 &#091;&#093;\"><strong>Why should you do an internship with us?<\/strong><\/h4>\n\n\n        <span class=\"subtitle\"><\/span>\n\n<\/div><\/div><\/div><\/div><\/div><div class=\"vc_row-full-width vc_clearfix\"><\/div><div data-vc-full-width=\"true\" data-vc-full-width-init=\"false\" class=\"vc_row wpb_row vc_row-fluid vc_custom_1740052540714 vc_row-has-fill light_section\"><div class=\"wpb_column vc_column_container vc_col-sm-3\"><div class=\"vc_column-inner\"><div class=\"wpb_wrapper\"><!-- ========================== TEASER BOX ==========================-->\n\n<div class=\"teaser_box wpb_content_element  vertical text-center      with_image\">\n\n  <div class=\"figure with_image\">\n\n\n\n        \n        \n        \n         <img decoding=\"async\" src=\"https:\/\/annagrandhotel.hu\/wp-content\/uploads\/2025\/02\/Tapasztalat.png\" alt=\"Real experience in a high-class hotel environment\">   \n\n        \n\n\n  <\/div>\n\n\n  <div class=\"content\">\n    \n    <div class=\"hgroup textify_links\"><h4>Real experience in a high-class hotel environment<\/h4><\/div>\n\n    \n\n  <\/div>\n\n<\/div>\n\n<!-- END======================= TEASER BOX ==========================--><\/div><\/div><\/div><div class=\"wpb_column vc_column_container vc_col-sm-3\"><div class=\"vc_column-inner\"><div class=\"wpb_wrapper\"><!-- ========================== TEASER BOX ==========================-->\n\n<div class=\"teaser_box wpb_content_element  vertical text-center      with_image\">\n\n  <div class=\"figure with_image\">\n\n\n\n        \n        \n        \n         <img decoding=\"async\" src=\"https:\/\/annagrandhotel.hu\/wp-content\/uploads\/2025\/02\/Csapat_1.png\" alt=\"Professional team to help you grow\">   \n\n        \n\n\n  <\/div>\n\n\n  <div class=\"content\">\n    \n    <div class=\"hgroup textify_links\"><h4>Professional team to help you grow<\/h4><\/div>\n\n    \n\n  <\/div>\n\n<\/div>\n\n<!-- END======================= TEASER BOX ==========================--><\/div><\/div><\/div><div class=\"wpb_column vc_column_container vc_col-sm-3\"><div class=\"vc_column-inner\"><div class=\"wpb_wrapper\"><!-- ========================== TEASER BOX ==========================-->\n\n<div class=\"teaser_box wpb_content_element  vertical text-center      with_image\">\n\n  <div class=\"figure with_image\">\n\n\n\n        \n        \n        \n         <img decoding=\"async\" src=\"https:\/\/annagrandhotel.hu\/wp-content\/uploads\/2025\/02\/Balaton.png\" alt=\"Inspiring environment on the shores of Lake Balaton\">   \n\n        \n\n\n  <\/div>\n\n\n  <div class=\"content\">\n    \n    <div class=\"hgroup textify_links\"><h4>Inspiring environment on the shores of Lake Balaton<\/h4><\/div>\n\n    \n\n  <\/div>\n\n<\/div>\n\n<!-- END======================= TEASER BOX ==========================--><\/div><\/div><\/div><div class=\"wpb_column vc_column_container vc_col-sm-3\"><div class=\"vc_column-inner\"><div class=\"wpb_wrapper\"><!-- ========================== TEASER BOX ==========================-->\n\n<div class=\"teaser_box wpb_content_element  vertical text-center      with_image\">\n\n  <div class=\"figure with_image\">\n\n\n\n        \n        \n        \n         <img decoding=\"async\" src=\"https:\/\/annagrandhotel.hu\/wp-content\/uploads\/2025\/02\/Karrier_2-1.png\" alt=\"Opportunity to build a long-term career\">   \n\n        \n\n\n  <\/div>\n\n\n  <div class=\"content\">\n    \n    <div class=\"hgroup textify_links\"><h4>Opportunity to build a long-term career<\/h4><\/div>\n\n    \n\n  <\/div>\n\n<\/div>\n\n<!-- END======================= TEASER BOX ==========================--><\/div><\/div><\/div><\/div><div class=\"vc_row-full-width vc_clearfix\"><\/div><div data-vc-full-width=\"true\" data-vc-full-width-init=\"false\" class=\"vc_row wpb_row vc_row-fluid vc_custom_1740053539401 vc_row-has-fill\"><div class=\"wpb_column vc_column_container vc_col-sm-12\"><div class=\"vc_column-inner\"><div class=\"wpb_wrapper\"><div class=\"heading_group_sc wpb_content_element subtitle_bottom    text-center\">\n\n\n    <h3 data-pm-slice=\"1 1 &#091;&#093;\"><strong>What areas can you try your hand at?<\/strong><\/h3>\n\n\n        <span class=\"subtitle\"><\/span>\n\n<\/div><\/div><\/div><\/div><\/div><div class=\"vc_row-full-width vc_clearfix\"><\/div><div data-vc-full-width=\"true\" data-vc-full-width-init=\"false\" class=\"vc_row wpb_row vc_row-fluid vc_custom_1740055171281 vc_row-has-fill\"><div class=\"wpb_column vc_column_container vc_col-sm-3\"><div class=\"vc_column-inner\"><div class=\"wpb_wrapper\"><div class=\"heading_group_sc wpb_content_element subtitle_bottom    text-left\">\n\n\n    <p data-pm-slice=\"1 1 &#091;&quot;list&quot;,{&quot;spread&quot;:false,&quot;start&quot;:1231,&quot;end&quot;:1864},&quot;regular_list_item&quot;,{&quot;start&quot;:1231,&quot;end&quot;:1326}&#093;\"><strong>Housekeeping<\/strong><\/p>\n\n\n        <span class=\"subtitle\"><\/span>\n\n<\/div><\/div><\/div><\/div><div class=\"wpb_column vc_column_container vc_col-sm-9\"><div class=\"vc_column-inner\"><div class=\"wpb_wrapper\"><div class=\"heading_group_sc wpb_content_element subtitle_bottom    text-left\">\n\n\n    <p data-pm-slice=\"1 1 &#091;&quot;list&quot;,{&quot;spread&quot;:false,&quot;start&quot;:1231,&quot;end&quot;:1864},&quot;regular_list_item&quot;,{&quot;start&quot;:1231,&quot;end&quot;:1326}&#093;\">Learn how a hotel is the key to a perfect guest experience.<\/p>\n\n\n        <span class=\"subtitle\"><\/span>\n\n<\/div><\/div><\/div><\/div><\/div><div class=\"vc_row-full-width vc_clearfix\"><\/div><div data-vc-full-width=\"true\" data-vc-full-width-init=\"false\" class=\"vc_row wpb_row vc_row-fluid vc_custom_1740055859961 vc_row-has-fill primary_section\"><div class=\"wpb_column vc_column_container vc_col-sm-3\"><div class=\"vc_column-inner\"><div class=\"wpb_wrapper\"><div class=\"heading_group_sc wpb_content_element subtitle_bottom    text-left\">\n\n\n    <p data-pm-slice=\"1 1 &#091;&quot;list&quot;,{&quot;spread&quot;:false,&quot;start&quot;:1231,&quot;end&quot;:1864},&quot;regular_list_item&quot;,{&quot;start&quot;:1327,&quot;end&quot;:1413}&#093;\"><strong>Kitchen<\/strong><\/p>\n\n\n        <span class=\"subtitle\"><\/span>\n\n<\/div><\/div><\/div><\/div><div class=\"wpb_column vc_column_container vc_col-sm-9\"><div class=\"vc_column-inner\"><div class=\"wpb_wrapper\"><div class=\"heading_group_sc wpb_content_element subtitle_bottom    text-left\">\n\n\n    <p data-pm-slice=\"1 1 &#091;&quot;list&quot;,{&quot;spread&quot;:false,&quot;start&quot;:1231,&quot;end&quot;:1864},&quot;regular_list_item&quot;,{&quot;start&quot;:1327,&quot;end&quot;:1413}&#093;\">Learn the basics of culinary craftsmanship as part of a professional team.<\/p>\n\n\n        <span class=\"subtitle\"><\/span>\n\n<\/div><\/div><\/div><\/div><\/div><div class=\"vc_row-full-width vc_clearfix\"><\/div><div data-vc-full-width=\"true\" data-vc-full-width-init=\"false\" class=\"vc_row wpb_row vc_row-fluid vc_custom_1740055516098 vc_row-has-fill\"><div class=\"wpb_column vc_column_container vc_col-sm-3\"><div class=\"vc_column-inner\"><div class=\"wpb_wrapper\"><div class=\"heading_group_sc wpb_content_element subtitle_bottom    text-left\">\n\n\n    <p data-pm-slice=\"1 1 &#091;&quot;list&quot;,{&quot;spread&quot;:false,&quot;start&quot;:1231,&quot;end&quot;:1864},&quot;regular_list_item&quot;,{&quot;start&quot;:1414,&quot;end&quot;:1496}&#093;\"><strong>Restaurant<\/strong><\/p>\n\n\n        <span class=\"subtitle\"><\/span>\n\n<\/div><\/div><\/div><\/div><div class=\"wpb_column vc_column_container vc_col-sm-9\"><div class=\"vc_column-inner\"><div class=\"wpb_wrapper\"><div class=\"heading_group_sc wpb_content_element subtitle_bottom    text-left\">\n\n\n    <p data-pm-slice=\"1 1 &#091;&quot;list&quot;,{&quot;spread&quot;:false,&quot;start&quot;:1231,&quot;end&quot;:1864},&quot;regular_list_item&quot;,{&quot;start&quot;:1414,&quot;end&quot;:1496}&#093;\">Learn the art of hospitality and impeccable service.<\/p>\n\n\n        <span class=\"subtitle\"><\/span>\n\n<\/div><\/div><\/div><\/div><\/div><div class=\"vc_row-full-width vc_clearfix\"><\/div><div data-vc-full-width=\"true\" data-vc-full-width-init=\"false\" class=\"vc_row wpb_row vc_row-fluid vc_custom_1740055911594 vc_row-has-fill primary_section\"><div class=\"wpb_column vc_column_container vc_col-sm-3\"><div class=\"vc_column-inner\"><div class=\"wpb_wrapper\"><div class=\"heading_group_sc wpb_content_element subtitle_bottom    text-left\">\n\n\n    <p data-pm-slice=\"1 1 &#091;&quot;list&quot;,{&quot;spread&quot;:false,&quot;start&quot;:1231,&quot;end&quot;:1864},&quot;regular_list_item&quot;,{&quot;start&quot;:1497,&quot;end&quot;:1598}&#093;\"><strong>Front Office \/ Reception<\/strong><\/p>\n\n\n        <span class=\"subtitle\"><\/span>\n\n<\/div><\/div><\/div><\/div><div class=\"wpb_column vc_column_container vc_col-sm-9\"><div class=\"vc_column-inner\"><div class=\"wpb_wrapper\"><div class=\"heading_group_sc wpb_content_element subtitle_bottom    text-left\">\n\n\n    <p data-pm-slice=\"1 1 &#091;&quot;list&quot;,{&quot;spread&quot;:false,&quot;start&quot;:1231,&quot;end&quot;:1864},&quot;regular_list_item&quot;,{&quot;start&quot;:1497,&quot;end&quot;:1598}&#093;\">Get a taste of the exciting world of welcoming and helping guests.<\/p>\n\n\n        <span class=\"subtitle\"><\/span>\n\n<\/div><\/div><\/div><\/div><\/div><div class=\"vc_row-full-width vc_clearfix\"><\/div><div data-vc-full-width=\"true\" data-vc-full-width-init=\"false\" class=\"vc_row wpb_row vc_row-fluid vc_custom_1740055577617 vc_row-has-fill\"><div class=\"wpb_column vc_column_container vc_col-sm-3\"><div class=\"vc_column-inner\"><div class=\"wpb_wrapper\"><div class=\"heading_group_sc wpb_content_element subtitle_bottom    text-left\">\n\n\n    <p data-pm-slice=\"1 1 &#091;&quot;list&quot;,{&quot;spread&quot;:false,&quot;start&quot;:1231,&quot;end&quot;:1864},&quot;regular_list_item&quot;,{&quot;start&quot;:1599,&quot;end&quot;:1702}&#093;\"><strong>Sales<\/strong><\/p>\n\n\n        <span class=\"subtitle\"><\/span>\n\n<\/div><\/div><\/div><\/div><div class=\"wpb_column vc_column_container vc_col-sm-9\"><div class=\"vc_column-inner\"><div class=\"wpb_wrapper\"><div class=\"heading_group_sc wpb_content_element subtitle_bottom    text-left\">\n\n\n    <p data-pm-slice=\"1 1 &#091;&quot;list&quot;,{&quot;spread&quot;:false,&quot;start&quot;:1231,&quot;end&quot;:1864},&quot;regular_list_item&quot;,{&quot;start&quot;:1599,&quot;end&quot;:1702}&#093;\">Learn how the hotel's sales strategy and marketing activities are built.<\/p>\n\n\n        <span class=\"subtitle\"><\/span>\n\n<\/div><\/div><\/div><\/div><\/div><div class=\"vc_row-full-width vc_clearfix\"><\/div><div data-vc-full-width=\"true\" data-vc-full-width-init=\"false\" class=\"vc_row wpb_row vc_row-fluid vc_custom_1740055929170 vc_row-has-fill primary_section\"><div class=\"wpb_column vc_column_container vc_col-sm-3\"><div class=\"vc_column-inner\"><div class=\"wpb_wrapper\"><div class=\"heading_group_sc wpb_content_element subtitle_bottom    text-left\">\n\n\n    <p data-pm-slice=\"1 1 &#091;&quot;list&quot;,{&quot;spread&quot;:false,&quot;start&quot;:1231,&quot;end&quot;:1864},&quot;regular_list_item&quot;,{&quot;start&quot;:1793,&quot;end&quot;:1864}&#093;\"><strong>Technical<\/strong><\/p>\n\n\n        <span class=\"subtitle\"><\/span>\n\n<\/div><\/div><\/div><\/div><div class=\"wpb_column vc_column_container vc_col-sm-9\"><div class=\"vc_column-inner\"><div class=\"wpb_wrapper\"><div class=\"heading_group_sc wpb_content_element subtitle_bottom    text-left\">\n\n\n    <p data-pm-slice=\"1 1 &#091;&quot;list&quot;,{&quot;spread&quot;:false,&quot;start&quot;:1231,&quot;end&quot;:1864},&quot;regular_list_item&quot;,{&quot;start&quot;:1793,&quot;end&quot;:1864}&#093;\">Take a look at the technical side of running a hotel.<\/p>\n\n\n        <span class=\"subtitle\"><\/span>\n\n<\/div><\/div><\/div><\/div><\/div><div class=\"vc_row-full-width vc_clearfix\"><\/div><div class=\"vc_row wpb_row vc_row-fluid vc_custom_1740058593443 vc_row-has-fill\"><div class=\"wpb_column vc_column_container vc_col-sm-12\"><div class=\"vc_column-inner\"><div class=\"wpb_wrapper\"><div class=\"heading_group_sc wpb_content_element subtitle_bottom    text-center\">\n\n\n    <p data-pm-slice=\"1 1 &#091;&#093;\">Join us and build your future in an exceptional location! Apply now and be part of the exciting world of the hotel industry!<\/p>\n<p data-pm-slice=\"1 1 &#091;&#093;\"><span style=\"font-weight: 400;\">Please send a photocopy of your CV with the job you are applying for to <\/span><a href=\"mailto:hr@annagrandhotel.hu\"><span style=\"font-weight: 400;\">hr@annagrandhotel.hu<\/span><\/a><span style=\"font-weight: 400;\"> address.<\/span><\/p>\n\n\n        <span class=\"subtitle\"><\/span>\n\n<\/div><\/div><\/div><\/div><\/div>\n<\/div>","protected":false},"excerpt":{"rendered":"Fedezd fel a vend\u00e9gl\u00e1t\u00e1s vil\u00e1g\u00e1t \u2013 Szakmai gyakorlat az Anna Grand Hotelben \u00e9s a Balaton Park Hotelben! Szeretn\u00e9d egy modern, eleg\u00e1ns k\u00f6rnyezetben megszerezni els\u0151 szakmai tapasztalataidat? Az Anna Grand Hotel \u00e9s a Balaton Park Hotel most lehet\u0151s\u00e9get k\u00edn\u00e1l, hogy gyakorlati id\u0151det egy pr\u00e9mium sz\u00e1llod\u00e1ban t\u00f6lthesd el, ahol val\u00f3di tud\u00e1sra tehetsz szert a vend\u00e9gl\u00e1t\u00e1s \u00e9s a [...]","protected":false},"author":1,"featured_media":0,"parent":0,"menu_order":0,"comment_status":"closed","ping_status":"closed","template":"","meta":{"footnotes":""},"class_list":["post-4732","page","type-page","status-publish","hentry"],"aioseo_notices":[],"_links":{"self":[{"href":"https:\/\/annagrandhotel.hu\/eng\/wp-json\/wp\/v2\/pages\/4732","targetHints":{"allow":["GET"]}}],"collection":[{"href":"https:\/\/annagrandhotel.hu\/eng\/wp-json\/wp\/v2\/pages"}],"about":[{"href":"https:\/\/annagrandhotel.hu\/eng\/wp-json\/wp\/v2\/types\/page"}],"author":[{"embeddable":true,"href":"https:\/\/annagrandhotel.hu\/eng\/wp-json\/wp\/v2\/users\/1"}],"replies":[{"embeddable":true,"href":"https:\/\/annagrandhotel.hu\/eng\/wp-json\/wp\/v2\/comments?post=4732"}],"version-history":[{"count":57,"href":"https:\/\/annagrandhotel.hu\/eng\/wp-json\/wp\/v2\/pages\/4732\/revisions"}],"predecessor-version":[{"id":5470,"href":"https:\/\/annagrandhotel.hu\/eng\/wp-json\/wp\/v2\/pages\/4732\/revisions\/5470"}],"wp:attachment":[{"href":"https:\/\/annagrandhotel.hu\/eng\/wp-json\/wp\/v2\/media?parent=4732"}],"curies":[{"name":"wp","href":"https:\/\/api.w.org\/{rel}","templated":true}]}}