{"id":4502,"date":"2024-12-12T14:08:40","date_gmt":"2024-12-12T13:08:40","guid":{"rendered":"https:\/\/annagrandhotel.hu\/?page_id=4502"},"modified":"2026-03-16T15:33:52","modified_gmt":"2026-03-16T14:33:52","slug":"bar-manager","status":"publish","type":"page","link":"https:\/\/annagrandhotel.hu\/eng\/bar-manager\/","title":{"rendered":"Bar Manager"},"content":{"rendered":"<div class=\"wpb-content-wrapper\"><div class=\"vc_row wpb_row vc_row-fluid vc_custom_1734009220026 vc_row-has-fill\"><div class=\"wpb_column vc_column_container vc_col-sm-12\"><div class=\"vc_column-inner\"><div class=\"wpb_wrapper\">\n\t<div  class=\"wpb_single_image wpb_content_element vc_align_center\">\n\t\t\n\t\t<figure class=\"wpb_wrapper vc_figure\">\n\t\t\t<div class=\"vc_single_image-wrapper   vc_box_border_grey\"><img loading=\"lazy\" decoding=\"async\" width=\"250\" height=\"155\" src=\"https:\/\/annagrandhotel.hu\/wp-content\/uploads\/2024\/09\/Anna-Grand-5-star-main-1.png\" class=\"vc_single_image-img attachment-full\" alt=\"\" title=\"Anna Grand 5 star main\" srcset=\"https:\/\/annagrandhotel.hu\/wp-content\/uploads\/2024\/09\/Anna-Grand-5-star-main-1.png 250w, https:\/\/annagrandhotel.hu\/wp-content\/uploads\/2024\/09\/Anna-Grand-5-star-main-1-18x12.png 18w\" sizes=\"auto, (max-width: 250px) 100vw, 250px\" \/><\/div>\n\t\t<\/figure>\n\t<\/div>\n\n\t<div  class=\"wpb_single_image wpb_content_element vc_align_center\">\n\t\t\n\t\t<figure class=\"wpb_wrapper vc_figure\">\n\t\t\t<div class=\"vc_single_image-wrapper   vc_box_border_grey\"><img loading=\"lazy\" decoding=\"async\" width=\"1003\" height=\"11\" src=\"https:\/\/annagrandhotel.hu\/wp-content\/uploads\/2023\/11\/Anna-Grand-Hotel-elvalaszto.webp\" class=\"vc_single_image-img attachment-full\" alt=\"\" title=\"Anna Grand Hotel divider\" srcset=\"https:\/\/annagrandhotel.hu\/wp-content\/uploads\/2023\/11\/Anna-Grand-Hotel-elvalaszto.webp 1003w, https:\/\/annagrandhotel.hu\/wp-content\/uploads\/2023\/11\/Anna-Grand-Hotel-elvalaszto-300x3.webp 300w, https:\/\/annagrandhotel.hu\/wp-content\/uploads\/2023\/11\/Anna-Grand-Hotel-elvalaszto-768x8.webp 768w, https:\/\/annagrandhotel.hu\/wp-content\/uploads\/2023\/11\/Anna-Grand-Hotel-elvalaszto-18x1.webp 18w\" sizes=\"auto, (max-width: 1003px) 100vw, 1003px\" \/><\/div>\n\t\t<\/figure>\n\t<\/div>\n<div class=\"heading_group_sc wpb_content_element subtitle_bottom    text-center\">\n\n\n    <h2>Bar Manager<\/h2>\n\n\n        <span class=\"subtitle\"><\/span>\n\n<\/div><div class=\"heading_group_sc wpb_content_element subtitle_bottom    text-center\">\n\n\n    <p style=\"text-align: center;\">We are looking for a Bar Manager for the exclusive bar of the Anna Grand Hotel in Balatonf\u00fcred, who will manage the bar to a high professional standard and actively contribute to creating a premium guest experience. The bar will focus on classic and modern cocktail culture and quality coffee.<\/p>\n\n\n        <span class=\"subtitle\"><\/span>\n\n<\/div><\/div><\/div><\/div><\/div><div class=\"vc_row wpb_row vc_row-fluid vc_custom_1734009208539 vc_row-has-fill\"><div class=\"wpb_column vc_column_container vc_col-sm-8\"><div class=\"vc_column-inner\"><div class=\"wpb_wrapper\"><div class=\"heading_group_sc wpb_content_element subtitle_bottom    text-left\">\n\n\n    <p><b>What we offer our prospective team members in our year-round hotel:<\/b><\/p>\n<ul>\n<li style=\"font-weight: 400;\" aria-level=\"1\">competitive salary<\/li>\n<li style=\"font-weight: 400;\" aria-level=\"1\">long-term employment with 8-hour notice<\/li>\n<li style=\"font-weight: 400;\" aria-level=\"1\">travel allowance between work and home<\/li>\n<li style=\"font-weight: 400;\" aria-level=\"1\">development opportunities, training<\/li>\n<li style=\"font-weight: 400;\" aria-level=\"1\">exclusive hotel-appropriate uniform workwear<\/li>\n<li style=\"font-weight: 400;\" aria-level=\"1\">hot meals on working days<\/li>\n<li style=\"font-weight: 400;\" aria-level=\"1\">a dynamic team and a stylish working environment<\/li>\n<\/ul>\n<p>&nbsp;<\/p>\n<p><b>Job responsibilities:<\/b><\/p>\n<ul>\n<li style=\"font-weight: 400;\" aria-level=\"1\">overall operational and professional management of the bar<\/li>\n<li style=\"font-weight: 400;\" aria-level=\"1\">designing, developing and ensuring the quality of cocktails and coffee<\/li>\n<li style=\"font-weight: 400;\" aria-level=\"1\">managing, training and motivating bar staff<\/li>\n<li style=\"font-weight: 400;\" aria-level=\"1\">ensuring a high level of guest service<\/li>\n<li style=\"font-weight: 400;\" aria-level=\"1\">stock management, ordering, inventory management<\/li>\n<li style=\"font-weight: 400;\" aria-level=\"1\">compliance with and enforcement of hygiene and safety standards<\/li>\n<li style=\"font-weight: 400;\" aria-level=\"1\">cooperation with other hotel departments<\/li>\n<li style=\"font-weight: 400;\" aria-level=\"1\">coordinating bar service for events and special occasions<\/li>\n<li style=\"font-weight: 400;\" aria-level=\"1\">managing operational problems, continuous quality control<\/li>\n<\/ul>\n<p>&nbsp;<\/p>\n<p><b>What we expect from our future colleagues:<\/b><\/p>\n<ul>\n<li style=\"font-weight: 400;\" aria-level=\"1\">Minimum 2-3 years of professional experience in a bar or catering environment, experience in a managerial position an advantage<\/li>\n<li style=\"font-weight: 400;\" aria-level=\"1\">High level of cocktail and coffee knowledge<\/li>\n<li style=\"font-weight: 400;\" aria-level=\"1\">Guest-centred approach, discerning<\/li>\n<li style=\"font-weight: 400;\" aria-level=\"1\">Organisational and communication skills<\/li>\n<li style=\"font-weight: 400;\" aria-level=\"1\">Independent, responsible work<\/li>\n<li style=\"font-weight: 400;\" aria-level=\"1\">Flexibility and problem-solving skills<\/li>\n<li style=\"font-weight: 400;\" aria-level=\"1\">Intermediate level of English<\/li>\n<li style=\"font-weight: 400;\" aria-level=\"1\">Experience in a hotel environment would be an advantage<\/li>\n<li style=\"font-weight: 400;\" aria-level=\"1\">Using Hostware system<\/li>\n<\/ul>\n\n\n        <span class=\"subtitle\"><\/span>\n\n<\/div><div class=\"heading_group_sc wpb_content_element subtitle_bottom    text-left\">\n\n\n    <p><span style=\"font-weight: 400;\">Send a photocopy of your CV, stating the position you are applying for, to <\/span><a href=\"mailto:hr@annagrandhotel.hu\"><span style=\"font-weight: 400;\">hr@annagrandhotel.hu<\/span><\/a><span style=\"font-weight: 400;\"> address.<\/span><\/p>\n\n\n        <span class=\"subtitle\"><\/span>\n\n<\/div><\/div><\/div><\/div><div class=\"wpb_column vc_column_container vc_col-sm-4 vc_col-has-fill\"><div class=\"vc_column-inner vc_custom_1734009180754\"><div class=\"wpb_wrapper\"><div class=\"heading_group_sc wpb_content_element subtitle_bottom    text-left\">\n\n\n    <p><b>Department:<\/b><\/p>\n<p>Bar<\/p>\n\n\n        <span class=\"subtitle\"><\/span>\n\n<\/div><div class=\"heading_group_sc wpb_content_element subtitle_bottom    text-left\">\n\n\n    <p><strong>Type of employment:<\/strong><\/p>\n<p>full-time<\/p>\n\n\n        <span class=\"subtitle\"><\/span>\n\n<\/div><div class=\"heading_group_sc wpb_content_element subtitle_bottom    text-left\">\n\n\n    <p><span style=\"font-weight: 400;\">Send a photocopy of your CV, stating the position you are applying for, to <\/span><a href=\"mailto:hr@annagrandhotel.hu\"><span style=\"font-weight: 400;\">hr@annagrandhotel.hu<\/span><\/a><span style=\"font-weight: 400;\"> address.<\/span><\/p>\n\n\n        <span class=\"subtitle\"><\/span>\n\n<\/div><\/div><\/div><\/div><\/div>\n<\/div>","protected":false},"excerpt":{"rendered":"Bar Manager A balatonf\u00fcredi Anna Grand Hotel exkluz\u00edv b\u00e1rj\u00e1ba Bar Manager munkat\u00e1rsat keres\u00fcnk, aki magas szakmai sz\u00ednvonalon ir\u00e1ny\u00edtja a b\u00e1r m\u0171k\u00f6d\u00e9s\u00e9t, \u00e9s akt\u00edvan hozz\u00e1j\u00e1rul a pr\u00e9mium vend\u00e9g\u00e9lm\u00e9ny megteremt\u00e9s\u00e9hez. B\u00e1runkban kiemelt szerepet kap a klasszikus \u00e9s modern kokt\u00e9lkult\u00fara, valamint a min\u0151s\u00e9gi k\u00e1v\u00e9k\u00edn\u00e1lat. Mit k\u00edn\u00e1lunk leend\u0151 csapattagunknak eg\u00e9sz \u00e9vben \u00fczemel\u0151 sz\u00e1llod\u00e1nkban: versenyk\u00e9pes fizet\u00e9s hossz\u00fat\u00e1v\u00fa munkalehet\u0151s\u00e9g 8 \u00f3r\u00e1s [...]","protected":false},"author":1,"featured_media":0,"parent":0,"menu_order":0,"comment_status":"closed","ping_status":"closed","template":"","meta":{"footnotes":""},"class_list":["post-4502","page","type-page","status-publish","hentry"],"aioseo_notices":[],"_links":{"self":[{"href":"https:\/\/annagrandhotel.hu\/eng\/wp-json\/wp\/v2\/pages\/4502","targetHints":{"allow":["GET"]}}],"collection":[{"href":"https:\/\/annagrandhotel.hu\/eng\/wp-json\/wp\/v2\/pages"}],"about":[{"href":"https:\/\/annagrandhotel.hu\/eng\/wp-json\/wp\/v2\/types\/page"}],"author":[{"embeddable":true,"href":"https:\/\/annagrandhotel.hu\/eng\/wp-json\/wp\/v2\/users\/1"}],"replies":[{"embeddable":true,"href":"https:\/\/annagrandhotel.hu\/eng\/wp-json\/wp\/v2\/comments?post=4502"}],"version-history":[{"count":7,"href":"https:\/\/annagrandhotel.hu\/eng\/wp-json\/wp\/v2\/pages\/4502\/revisions"}],"predecessor-version":[{"id":5684,"href":"https:\/\/annagrandhotel.hu\/eng\/wp-json\/wp\/v2\/pages\/4502\/revisions\/5684"}],"wp:attachment":[{"href":"https:\/\/annagrandhotel.hu\/eng\/wp-json\/wp\/v2\/media?parent=4502"}],"curies":[{"name":"wp","href":"https:\/\/api.w.org\/{rel}","templated":true}]}}