{"id":4016,"date":"2024-07-19T16:22:00","date_gmt":"2024-07-19T14:22:00","guid":{"rendered":"https:\/\/annagrandhotel.hu\/?page_id=4016"},"modified":"2025-05-13T07:31:01","modified_gmt":"2025-05-13T05:31:01","slug":"career-fb-supervisor","status":"publish","type":"page","link":"https:\/\/annagrandhotel.hu\/eng\/karrier-fb-supervisor\/","title":{"rendered":"F&amp;B Supervisor"},"content":{"rendered":"<div class=\"wpb-content-wrapper\"><div class=\"vc_row wpb_row vc_row-fluid vc_custom_1721398731438 vc_row-has-fill\"><div class=\"wpb_column vc_column_container vc_col-sm-12\"><div class=\"vc_column-inner\"><div class=\"wpb_wrapper\">\n\t<div  class=\"wpb_single_image wpb_content_element vc_align_center\">\n\t\t\n\t\t<figure class=\"wpb_wrapper vc_figure\">\n\t\t\t<div class=\"vc_single_image-wrapper   vc_box_border_grey\"><img loading=\"lazy\" decoding=\"async\" width=\"250\" height=\"130\" src=\"https:\/\/annagrandhotel.hu\/wp-content\/uploads\/2023\/11\/Anna-Grand-Hotel-logo_weboldal.webp\" class=\"vc_single_image-img attachment-full\" alt=\"\" title=\"Anna Grand Hotel logo_website\" srcset=\"https:\/\/annagrandhotel.hu\/wp-content\/uploads\/2023\/11\/Anna-Grand-Hotel-logo_weboldal.webp 250w, https:\/\/annagrandhotel.hu\/wp-content\/uploads\/2023\/11\/Anna-Grand-Hotel-logo_weboldal-18x9.webp 18w\" sizes=\"auto, (max-width: 250px) 100vw, 250px\" \/><\/div>\n\t\t<\/figure>\n\t<\/div>\n\n\t<div  class=\"wpb_single_image wpb_content_element vc_align_left\">\n\t\t\n\t\t<figure class=\"wpb_wrapper vc_figure\">\n\t\t\t<div class=\"vc_single_image-wrapper   vc_box_border_grey\"><img loading=\"lazy\" decoding=\"async\" width=\"1003\" height=\"11\" src=\"https:\/\/annagrandhotel.hu\/wp-content\/uploads\/2023\/11\/Anna-Grand-Hotel-elvalaszto.webp\" class=\"vc_single_image-img attachment-full\" alt=\"\" title=\"Anna Grand Hotel divider\" srcset=\"https:\/\/annagrandhotel.hu\/wp-content\/uploads\/2023\/11\/Anna-Grand-Hotel-elvalaszto.webp 1003w, https:\/\/annagrandhotel.hu\/wp-content\/uploads\/2023\/11\/Anna-Grand-Hotel-elvalaszto-300x3.webp 300w, https:\/\/annagrandhotel.hu\/wp-content\/uploads\/2023\/11\/Anna-Grand-Hotel-elvalaszto-768x8.webp 768w, https:\/\/annagrandhotel.hu\/wp-content\/uploads\/2023\/11\/Anna-Grand-Hotel-elvalaszto-18x1.webp 18w\" sizes=\"auto, (max-width: 1003px) 100vw, 1003px\" \/><\/div>\n\t\t<\/figure>\n\t<\/div>\n<div class=\"heading_group_sc wpb_content_element subtitle_bottom    text-center\">\n\n\n    <h3>F&amp;B Supervisor<\/h3>\n\n\n        <span class=\"subtitle\"><\/span>\n\n<\/div><\/div><\/div><\/div><\/div><div class=\"vc_row wpb_row vc_row-fluid vc_custom_1721400433935 vc_row-has-fill\"><div class=\"wpb_column vc_column_container vc_col-sm-8 vc_hidden-sm vc_hidden-xs\"><div class=\"vc_column-inner\"><div class=\"wpb_wrapper\"><div class=\"heading_group_sc wpb_content_element subtitle_bottom    text-left\">\n\n\n    <p><strong>What we offer our prospective team members in our year-round hotel:<\/strong><\/p>\n<ul>\n<li>Competitive salary<\/li>\n<li>Long-term job opportunities<\/li>\n<li>Announced 8-hour job<\/li>\n<li>Demanding working environment in the iconic 5* historic hotel of Balatonf\u00fcred<\/li>\n<li>Development opportunities, training<\/li>\n<li>Uniform working clothes on working days<\/li>\n<li>Free meals at work<\/li>\n<\/ul>\n<p><strong>Job responsibilities:<\/strong><\/p>\n<ul>\n<li style=\"font-weight: 400;\" aria-level=\"1\">Managing and supervising the day-to-day operational workflow<\/li>\n<li style=\"font-weight: 400;\" aria-level=\"1\">Coordination and supervision of assigned staff, control of buffet tables, beverage service, set-up and decoration<\/li>\n<li style=\"font-weight: 400;\" aria-level=\"1\">Full supervision of the preparation and management of events (conferences, weddings, corporate events, etc.)<\/li>\n<li style=\"font-weight: 400;\" aria-level=\"1\">Compliance with hygiene standards, HACCP rules<\/li>\n<li style=\"font-weight: 400;\" aria-level=\"1\">Managing the preparation of the venue<\/li>\n<li style=\"font-weight: 400;\" aria-level=\"1\">Dealing quickly and effectively with unexpected situations and problems<\/li>\n<li style=\"font-weight: 400;\" aria-level=\"1\">Use of Hostware system: order entry, invoicing, receipting, query reports<\/li>\n<li style=\"font-weight: 400;\" aria-level=\"1\">Cash management: daily opening and closing, money counting, daily income recording<\/li>\n<\/ul>\n<p><strong>What we expect from our future colleagues:<\/strong><\/p>\n<ul>\n<li>At least 2-3 years of professional experience in the hospitality industry, including at least 1 year in a managerial or supervisory position<\/li>\n<li>Knowledge and confident use of Hostware<\/li>\n<li>Cash handling practice - daily opening\/closing, money counting, receipts<\/li>\n<li>Knowledge of restaurant service (\u00e1 la carte, buffet, catering for events)<\/li>\n<li>Good organisational and problem-solving skills<\/li>\n<li>Strong but empathetic leadership, good communication skills<\/li>\n<li>Flexibility - weekend, holiday and even evening shifts<\/li>\n<li>Load capacity, fast response under pressure<\/li>\n<li>Precision in administrative and financial tasks<\/li>\n<li>Intermediate level of English<\/li>\n<\/ul>\n\n\n        <span class=\"subtitle\"><\/span>\n\n<\/div><div class=\"heading_group_sc wpb_content_element subtitle_bottom   vc_custom_1721398658854  text-left\">\n\n\n    <p><span style=\"font-weight: 400;\">Send a photocopy of your CV, stating the position you are applying for, to <\/span><a href=\"mailto:hr@annagrandhotel.hu\"><span style=\"font-weight: 400;\">hr@annagrandhotel.hu<\/span><\/a><span style=\"font-weight: 400;\"> address.<\/span><\/p>\n\n\n        <span class=\"subtitle\"><\/span>\n\n<\/div><\/div><\/div><\/div><div class=\"wpb_column vc_column_container vc_col-sm-4 vc_hidden-sm vc_hidden-xs vc_col-has-fill\"><div class=\"vc_column-inner vc_custom_1721399820124\"><div class=\"wpb_wrapper\"><div class=\"heading_group_sc wpb_content_element subtitle_bottom   vc_custom_1747113167766  text-left\">\n\n\n    <p><strong>Department:<\/strong><br \/>\nFood &amp; Beverage<\/p>\n\n\n        <span class=\"subtitle\"><\/span>\n\n<\/div><div class=\"heading_group_sc wpb_content_element subtitle_bottom   vc_custom_1747113186951  text-left\">\n\n\n    <p><strong>Type of employment:<\/strong><br \/>\nfull-time<\/p>\n\n\n        <span class=\"subtitle\"><\/span>\n\n<\/div><div class=\"heading_group_sc wpb_content_element subtitle_bottom   vc_custom_1721398658854  text-left\">\n\n\n    <p><span style=\"font-weight: 400;\">Send a photocopy of your CV, stating the position you are applying for, to <\/span><a href=\"mailto:hr@annagrandhotel.hu\"><span style=\"font-weight: 400;\">hr@annagrandhotel.hu<\/span><\/a><span style=\"font-weight: 400;\"> address.<\/span><\/p>\n\n\n        <span class=\"subtitle\"><\/span>\n\n<\/div><\/div><\/div><\/div><\/div><div class=\"vc_row wpb_row vc_row-fluid vc_custom_1721398759166 vc_row-has-fill\"><div class=\"wpb_column vc_column_container vc_col-sm-4 vc_hidden-lg vc_hidden-md vc_col-has-fill\"><div class=\"vc_column-inner vc_custom_1721399772512\"><div class=\"wpb_wrapper\"><div class=\"heading_group_sc wpb_content_element subtitle_bottom   vc_custom_1721398593309  text-left\">\n\n\n    <p><strong>Department:<\/strong><br \/>\nSpa<\/p>\n\n\n        <span class=\"subtitle\"><\/span>\n\n<\/div><div class=\"heading_group_sc wpb_content_element subtitle_bottom   vc_custom_1721398612383  text-left\">\n\n\n    <p><strong>Type of employment:<\/strong><br \/>\nfull-time<\/p>\n\n\n        <span class=\"subtitle\"><\/span>\n\n<\/div><div class=\"heading_group_sc wpb_content_element subtitle_bottom   vc_custom_1721398658854  text-left\">\n\n\n    <p><span style=\"font-weight: 400;\">Send a photocopy of your CV, stating the position you are applying for, to <\/span><a href=\"mailto:hr@annagrandhotel.hu\"><span style=\"font-weight: 400;\">hr@annagrandhotel.hu<\/span><\/a><span style=\"font-weight: 400;\"> address.<\/span><\/p>\n\n\n        <span class=\"subtitle\"><\/span>\n\n<\/div><div class=\"plethora_button wpb_content_element   text-left\">\n    <a href=\"mailto:hr@annagrandhotel.hu\" class=\"btn btn-secondary\" title=\"\"  target=\"_blank\">\n\n        \n        Apply\n        \n\n    <\/a>\n<\/div><\/div><\/div><\/div><div class=\"wpb_column vc_column_container vc_col-sm-8 vc_hidden-lg vc_hidden-md\"><div class=\"vc_column-inner\"><div class=\"wpb_wrapper\"><div class=\"heading_group_sc wpb_content_element subtitle_bottom    text-left\">\n\n\n    <p><strong>What we offer our prospective team members in our year-round hotel:<\/strong><\/p>\n<ul>\n<li style=\"font-weight: 400;\" aria-level=\"1\"><span style=\"font-weight: 400;\">long-term, secure employment with 8-hour notice<\/span><\/li>\n<li style=\"font-weight: 400;\" aria-level=\"1\"><span style=\"font-weight: 400;\">travel allowance between work and home<\/span><\/li>\n<li style=\"font-weight: 400;\" aria-level=\"1\"><span style=\"font-weight: 400;\">predictable working hours<\/span><\/li>\n<li style=\"font-weight: 400;\" aria-level=\"1\"><span style=\"font-weight: 400;\">exclusive hotel-appropriate uniform workwear\u00a0<\/span><\/li>\n<li style=\"font-weight: 400;\" aria-level=\"1\"><span style=\"font-weight: 400;\">hot meals on working days<\/span><\/li>\n<li style=\"font-weight: 400;\" aria-level=\"1\"><span style=\"font-weight: 400;\">a dynamic team and a stylish working environment<\/span><\/li>\n<\/ul>\n<p><strong>Job responsibilities:<\/strong><\/p>\n<ul>\n<li style=\"font-weight: 400;\" aria-level=\"1\"><span style=\"font-weight: 400;\">greeting arriving guests politely<\/span><\/li>\n<li style=\"font-weight: 400;\" aria-level=\"1\"><span style=\"font-weight: 400;\">monitoring of pools and wet areas<\/span><\/li>\n<li style=\"font-weight: 400;\" aria-level=\"1\"><span style=\"font-weight: 400;\">operation of a sauna park<\/span><\/li>\n<li style=\"font-weight: 400;\" aria-level=\"1\"><span style=\"font-weight: 400;\">coordinating sauna and wellness programmes<\/span><\/li>\n<li style=\"font-weight: 400;\" aria-level=\"1\"><span style=\"font-weight: 400;\">promoting proper operation by ensuring compliance with hygiene rules<\/span><\/li>\n<\/ul>\n<p><strong>What we expect from our future colleagues:<\/strong><\/p>\n<p><span style=\"font-weight: 400;\">In addition to her sophisticated and well-groomed appearance, she has excellent communication skills. Guest-oriented, friendly and proactive personality.\u00a0<\/span><\/p>\n<p><span style=\"font-weight: 400;\">You can easily avoid problems and speak at least one foreign language. Experience in a hotel environment would be an advantage, but we also welcome applications from newcomers.<\/span><\/p>\n<p><span style=\"font-weight: 400;\">A professional qualification is required for the job.<\/span><\/p>\n\n\n        <span class=\"subtitle\"><\/span>\n\n<\/div><div class=\"heading_group_sc wpb_content_element subtitle_bottom   vc_custom_1721398658854  text-left\">\n\n\n    <p><span style=\"font-weight: 400;\">Send a photocopy of your CV, stating the position you are applying for, to <\/span><a href=\"mailto:hr@annagrandhotel.hu\"><span style=\"font-weight: 400;\">hr@annagrandhotel.hu<\/span><\/a><span style=\"font-weight: 400;\"> address.<\/span><\/p>\n\n\n        <span class=\"subtitle\"><\/span>\n\n<\/div><div class=\"plethora_button wpb_content_element   text-left\">\n    <a href=\"mailto:hr@annagrandhotel.hu\" class=\"btn btn-secondary\" title=\"\"  target=\"_blank\">\n\n        \n        Apply\n        \n\n    <\/a>\n<\/div><\/div><\/div><\/div><\/div>\n<\/div>","protected":false},"excerpt":{"rendered":"F&amp;B Supervisor Amit k\u00edn\u00e1lunk leend\u0151 csapattagunknak eg\u00e9sz \u00e9vben \u00fczemel\u0151 sz\u00e1llod\u00e1nkban: Versenyk\u00e9pes fizet\u00e9s Hossz\u00fat\u00e1v\u00fa munkalehet\u0151s\u00e9g Bejelentett 8 \u00f3r\u00e1s \u00e1ll\u00e1s Ig\u00e9nyes munkak\u00f6rnyezet, Balatonf\u00fcred ikonikus m\u0171eml\u00e9k jelleg\u0171 5*-os sz\u00e1llod\u00e1j\u00e1ban Fejl\u0151d\u00e9si lehet\u0151s\u00e9g, tr\u00e9ningek Egys\u00e9ges munkaruh\u00e1zat munkanapokon Ingyenes munkahelyi \u00e9tkez\u00e9s Munkak\u00f6ri feladatok: A napi operat\u00edv munkafolyamatok ir\u00e1ny\u00edt\u00e1sa \u00e9s fel\u00fcgyelete A beosztott dolgoz\u00f3k koordin\u00e1l\u00e1sa, ellen\u0151rz\u00e9se, b\u00fcf\u00e9asztalok, italszerviz, ter\u00edt\u00e9s \u00e9s dekor\u00e1ci\u00f3 ellen\u0151rz\u00e9se [...]","protected":false},"author":1,"featured_media":0,"parent":0,"menu_order":0,"comment_status":"closed","ping_status":"closed","template":"","meta":{"footnotes":""},"class_list":["post-4016","page","type-page","status-publish","hentry"],"aioseo_notices":[],"_links":{"self":[{"href":"https:\/\/annagrandhotel.hu\/eng\/wp-json\/wp\/v2\/pages\/4016","targetHints":{"allow":["GET"]}}],"collection":[{"href":"https:\/\/annagrandhotel.hu\/eng\/wp-json\/wp\/v2\/pages"}],"about":[{"href":"https:\/\/annagrandhotel.hu\/eng\/wp-json\/wp\/v2\/types\/page"}],"author":[{"embeddable":true,"href":"https:\/\/annagrandhotel.hu\/eng\/wp-json\/wp\/v2\/users\/1"}],"replies":[{"embeddable":true,"href":"https:\/\/annagrandhotel.hu\/eng\/wp-json\/wp\/v2\/comments?post=4016"}],"version-history":[{"count":13,"href":"https:\/\/annagrandhotel.hu\/eng\/wp-json\/wp\/v2\/pages\/4016\/revisions"}],"predecessor-version":[{"id":4983,"href":"https:\/\/annagrandhotel.hu\/eng\/wp-json\/wp\/v2\/pages\/4016\/revisions\/4983"}],"wp:attachment":[{"href":"https:\/\/annagrandhotel.hu\/eng\/wp-json\/wp\/v2\/media?parent=4016"}],"curies":[{"name":"wp","href":"https:\/\/api.w.org\/{rel}","templated":true}]}}