{"id":2631,"date":"2026-03-01T00:01:05","date_gmt":"2026-02-28T23:01:05","guid":{"rendered":"https:\/\/annagrand.saxon.hu\/?page_id=2631"},"modified":"2026-04-17T15:20:05","modified_gmt":"2026-04-17T13:20:05","slug":"offers","status":"publish","type":"page","link":"https:\/\/annagrandhotel.hu\/eng\/ajanlatok\/","title":{"rendered":"OFFERS"},"content":{"rendered":"<div class=\"wpb-content-wrapper\"><section class=\"vc_section\"><div class=\"vc_row wpb_row vc_row-fluid padding_bottom_none\"><div class=\"wpb_column vc_column_container vc_col-sm-12\"><div class=\"vc_column-inner\"><div class=\"wpb_wrapper\"><div class=\"heading_group_sc wpb_content_element subtitle_bottom    text-center\">\n\n\n    <h2>OUR CURRENT OFFERS<\/h2>\n\n\n        <span class=\"subtitle\"><\/span>\n\n<\/div><\/div><\/div><\/div><\/div><\/section><section data-vc-full-width=\"true\" data-vc-full-width-init=\"false\" class=\"vc_section vc_custom_1749728267908 vc_section-has-fill\"><div class=\"vc_row wpb_row vc_row-fluid shadow vc_custom_1775823978673\"><div class=\"wpb_column vc_column_container vc_col-sm-6\"><div class=\"vc_column-inner vc_custom_1699699574404\"><div class=\"wpb_wrapper\">\n\t<div  class=\"wpb_single_image wpb_content_element vc_align_left  vc_custom_1775818671696\">\n\t\t\n\t\t<figure class=\"wpb_wrapper vc_figure\">\n\t\t\t<div class=\"vc_single_image-wrapper   vc_box_border_grey\"><img loading=\"lazy\" decoding=\"async\" width=\"1080\" height=\"1350\" src=\"https:\/\/annagrandhotel.hu\/wp-content\/uploads\/2026\/04\/WSBK-Weboldal.png\" class=\"vc_single_image-img attachment-full\" alt=\"\" title=\"WSBK Website\" srcset=\"https:\/\/annagrandhotel.hu\/wp-content\/uploads\/2026\/04\/WSBK-Weboldal.png 1080w, https:\/\/annagrandhotel.hu\/wp-content\/uploads\/2026\/04\/WSBK-Weboldal-240x300.png 240w, https:\/\/annagrandhotel.hu\/wp-content\/uploads\/2026\/04\/WSBK-Weboldal-819x1024.png 819w, https:\/\/annagrandhotel.hu\/wp-content\/uploads\/2026\/04\/WSBK-Weboldal-768x960.png 768w, https:\/\/annagrandhotel.hu\/wp-content\/uploads\/2026\/04\/WSBK-Weboldal-10x12.png 10w\" sizes=\"auto, (max-width: 1080px) 100vw, 1080px\" \/><\/div>\n\t\t<\/figure>\n\t<\/div>\n<\/div><\/div><\/div><div class=\"wpb_column vc_column_container vc_col-sm-6\"><div class=\"vc_column-inner\"><div class=\"wpb_wrapper\"><div class=\"heading_group_sc wpb_content_element subtitle_bottom    text-left\">\n\n\n    <h2>May 1st long weekend gift with Superbike tickets<\/h2>\n\n\n        <span class=\"subtitle\">1st-3rd May.<\/span>\n\n<\/div><div class=\"heading_group_sc wpb_content_element subtitle_bottom   vc_custom_1775823966926  text-left\">\n\n\n    <p style=\"text-align: left;\"><strong>Book a room for the long weekend at the Anna Grand Hotel and with your complimentary ticket, you can enjoy the WorldSBK Hungarian Round from the terrace of the Balaton Park Hotel!<\/strong><\/p>\n\n\n        <span class=\"subtitle\"><\/span>\n\n        <div class=\"svg_divider\"><img decoding=\"async\" src=\"https:\/\/annagrandhotel.hu\/wp-content\/themes\/hotel-xenia\/templates\/shortcodes\/divider.png\"><\/div>\n<\/div><div class=\"plethora_button wpb_content_element   text-left\">\n    <a href=\"https:\/\/annagrandhotel.hu\/eng\/superbike-racing-weekend-ticket\/\" class=\"btn btn-secondary\" title=\"\"  target=\"_self\">\n\n        \n        INFORMATION AND BOOKING\n        \n\n    <\/a>\n<\/div><\/div><\/div><\/div><\/div><div class=\"vc_row wpb_row vc_row-fluid shadow vc_custom_1774028639151 secondary_section\"><div class=\"wpb_column vc_column_container vc_col-sm-6\"><div class=\"vc_column-inner\"><div class=\"wpb_wrapper\"><div class=\"heading_group_sc wpb_content_element subtitle_bottom   vc_custom_1774028552305  text-left\">\n\n\n    <h2 class=\"title\">Anna Grand Longevity Weekends<\/h2>\n\n\n        <span class=\"subtitle\">- powered by Anna Harangv\u00f6lgyi Skinnotech<\/span>\n\n<\/div><div class=\"heading_group_sc wpb_content_element subtitle_bottom    text-left\">\n\n\n    <p style=\"text-align: justify;\"><strong>A new generation of longevity experience, where luxurious surroundings meet a precision-engineered anti-aging system.<\/strong><\/p>\n<p style=\"text-align: justify;\">Taking place in the elegant, timeless surroundings of the Anna Grand Hotel, the programme will provide an insight into a longevity approach that has so far been available primarily in a private, international setting.<\/p>\n<p><em><strong>15-17 May 2026.<\/strong><\/em><br \/>\n<em><strong>5-7 June 2026.<\/strong><\/em><br \/>\n<em><strong>19-21 June 2026.<\/strong><\/em><\/p>\n\n\n        <span class=\"subtitle\"><\/span>\n\n        <div class=\"svg_divider\"><img decoding=\"async\" src=\"https:\/\/annagrandhotel.hu\/wp-content\/themes\/hotel-xenia\/templates\/shortcodes\/divider.png\"><\/div>\n<\/div><div class=\"plethora_button wpb_content_element  vc_custom_1774028624469  text-left\">\n    <a href=\"https:\/\/annagrandhotel.hu\/eng\/anna-grand-longevity-weekends\/\" class=\"btn btn-light\" title=\"\"  target=\"_self\">\n\n        \n        Information and Booking\n        \n\n    <\/a>\n<\/div><\/div><\/div><\/div><div class=\"wpb_column vc_column_container vc_col-sm-6\"><div class=\"vc_column-inner vc_custom_1699699574404\"><div class=\"wpb_wrapper\">\n\t<div  class=\"wpb_single_image wpb_content_element vc_align_left  vc_custom_1774029115536\">\n\t\t\n\t\t<figure class=\"wpb_wrapper vc_figure\">\n\t\t\t<div class=\"vc_single_image-wrapper   vc_box_border_grey\"><img loading=\"lazy\" decoding=\"async\" width=\"1080\" height=\"1350\" src=\"https:\/\/annagrandhotel.hu\/wp-content\/uploads\/2026\/03\/Anna-Grand-Longevity-Weekends-1.webp\" class=\"vc_single_image-img attachment-full\" alt=\"\" title=\"Anna Grand Longevity Weekends\" srcset=\"https:\/\/annagrandhotel.hu\/wp-content\/uploads\/2026\/03\/Anna-Grand-Longevity-Weekends-1.webp 1080w, https:\/\/annagrandhotel.hu\/wp-content\/uploads\/2026\/03\/Anna-Grand-Longevity-Weekends-1-240x300.webp 240w, https:\/\/annagrandhotel.hu\/wp-content\/uploads\/2026\/03\/Anna-Grand-Longevity-Weekends-1-819x1024.webp 819w, https:\/\/annagrandhotel.hu\/wp-content\/uploads\/2026\/03\/Anna-Grand-Longevity-Weekends-1-768x960.webp 768w, https:\/\/annagrandhotel.hu\/wp-content\/uploads\/2026\/03\/Anna-Grand-Longevity-Weekends-1-10x12.webp 10w\" sizes=\"auto, (max-width: 1080px) 100vw, 1080px\" \/><\/div>\n\t\t<\/figure>\n\t<\/div>\n<\/div><\/div><\/div><\/div><div class=\"vc_row wpb_row vc_row-fluid shadow vc_custom_1776259910025 secondary_section\"><div class=\"wpb_column vc_column_container vc_col-sm-6\"><div class=\"vc_column-inner vc_custom_1699699574404\"><div class=\"wpb_wrapper\">\n\t<div  class=\"wpb_single_image wpb_content_element vc_align_left  vc_custom_1776254922917\">\n\t\t\n\t\t<figure class=\"wpb_wrapper vc_figure\">\n\t\t\t<div class=\"vc_single_image-wrapper   vc_box_border_grey\"><img loading=\"lazy\" decoding=\"async\" width=\"1080\" height=\"1350\" src=\"https:\/\/annagrandhotel.hu\/wp-content\/uploads\/2026\/04\/Tavaszi-szunet-Instagram-Poszt-2.webp\" class=\"vc_single_image-img attachment-full\" alt=\"\" title=\"Spring break Instagram post (2)\" srcset=\"https:\/\/annagrandhotel.hu\/wp-content\/uploads\/2026\/04\/Tavaszi-szunet-Instagram-Poszt-2.webp 1080w, https:\/\/annagrandhotel.hu\/wp-content\/uploads\/2026\/04\/Tavaszi-szunet-Instagram-Poszt-2-240x300.webp 240w, https:\/\/annagrandhotel.hu\/wp-content\/uploads\/2026\/04\/Tavaszi-szunet-Instagram-Poszt-2-819x1024.webp 819w, https:\/\/annagrandhotel.hu\/wp-content\/uploads\/2026\/04\/Tavaszi-szunet-Instagram-Poszt-2-768x960.webp 768w, https:\/\/annagrandhotel.hu\/wp-content\/uploads\/2026\/04\/Tavaszi-szunet-Instagram-Poszt-2-10x12.webp 10w\" sizes=\"auto, (max-width: 1080px) 100vw, 1080px\" \/><\/div>\n\t\t<\/figure>\n\t<\/div>\n<\/div><\/div><\/div><div class=\"wpb_column vc_column_container vc_col-sm-6\"><div class=\"vc_column-inner\"><div class=\"wpb_wrapper\"><div class=\"heading_group_sc wpb_content_element subtitle_bottom    text-left\">\n\n\n    <h2 style=\"text-align: left;\">Pentecost Promotion<\/h2>\n\n\n        <span class=\"subtitle\">22-25 May.<\/span>\n\n<\/div><div class=\"heading_group_sc wpb_content_element subtitle_bottom   vc_custom_1776255071436  text-left\">\n\n\n    <p style=\"text-align: justify;\"><strong>Book now for%less using the 1889 promotional code and spend Pentecost with a special getaway!<\/strong><\/p>\n\n\n        <span class=\"subtitle\"><\/span>\n\n        <div class=\"svg_divider\"><img decoding=\"async\" src=\"https:\/\/annagrandhotel.hu\/wp-content\/themes\/hotel-xenia\/templates\/shortcodes\/divider.png\"><\/div>\n<\/div><div class=\"plethora_button wpb_content_element  vc_custom_1776260952993  text-left\">\n    <a href=\"https:\/\/book.annagrandhotel.hu\/foglalas\/kereses?promotion-code=1889\" class=\"btn btn-light\" title=\"\"  target=\"_self\">\n\n        \n        Book\n        \n\n    <\/a>\n<\/div><\/div><\/div><\/div><\/div><div class=\"vc_row wpb_row vc_row-fluid shadow vc_custom_1772712605350 dark_section\"><div class=\"wpb_column vc_column_container vc_col-sm-6\"><div class=\"vc_column-inner vc_custom_1699699574404\"><div class=\"wpb_wrapper\">\n\t<div  class=\"wpb_single_image wpb_content_element vc_align_left  vc_custom_1772712483461\">\n\t\t\n\t\t<figure class=\"wpb_wrapper vc_figure\">\n\t\t\t<div class=\"vc_single_image-wrapper   vc_box_border_grey\"><img loading=\"lazy\" decoding=\"async\" width=\"1081\" height=\"1350\" src=\"https:\/\/annagrandhotel.hu\/wp-content\/uploads\/2026\/03\/Pilates-tabor_web_Rajztabla-1-02.png\" class=\"vc_single_image-img attachment-full\" alt=\"\" title=\"Pilates Camp_web_Tag 1-02\" srcset=\"https:\/\/annagrandhotel.hu\/wp-content\/uploads\/2026\/03\/Pilates-tabor_web_Rajztabla-1-02.png 1081w, https:\/\/annagrandhotel.hu\/wp-content\/uploads\/2026\/03\/Pilates-tabor_web_Rajztabla-1-02-240x300.png 240w, https:\/\/annagrandhotel.hu\/wp-content\/uploads\/2026\/03\/Pilates-tabor_web_Rajztabla-1-02-820x1024.png 820w, https:\/\/annagrandhotel.hu\/wp-content\/uploads\/2026\/03\/Pilates-tabor_web_Rajztabla-1-02-768x959.png 768w, https:\/\/annagrandhotel.hu\/wp-content\/uploads\/2026\/03\/Pilates-tabor_web_Rajztabla-1-02-10x12.png 10w\" sizes=\"auto, (max-width: 1081px) 100vw, 1081px\" \/><\/div>\n\t\t<\/figure>\n\t<\/div>\n<\/div><\/div><\/div><div class=\"wpb_column vc_column_container vc_col-sm-6\"><div class=\"vc_column-inner\"><div class=\"wpb_wrapper\"><div class=\"heading_group_sc wpb_content_element subtitle_bottom   vc_custom_1772712535930  text-left\">\n\n\n    <h2 style=\"text-align: left;\">Inhale X Anna Grand Pilates Camp<\/h2>\n\n\n        <span class=\"subtitle\"><\/span>\n\n<\/div><div class=\"heading_group_sc wpb_content_element subtitle_bottom   vc_custom_1772712563338  text-left\">\n\n\n    <p><strong>Three days where movement, recharging and elegance meet within the walls of the Anna Grand Hotel.<\/strong><\/p>\n<p>The Inhale X Anna Grand Pilates Camp is a special spring retreat where the focus is on mind-body balance. The programmes are led by Bianka Vad\u00e1sz, who will help you to immerse yourself in the world of Pilates - for beginners and advanced students alike - with her inspiring, precise and dynamic classes.<\/p>\n\n\n        <span class=\"subtitle\"><\/span>\n\n        <div class=\"svg_divider\"><img decoding=\"async\" src=\"https:\/\/annagrandhotel.hu\/wp-content\/themes\/hotel-xenia\/templates\/shortcodes\/divider.png\"><\/div>\n<\/div><div class=\"plethora_button wpb_content_element  vc_custom_1772712593926  text-left\">\n    <a href=\"https:\/\/annagrandhotel.hu\/eng\/inhale-x-anna-grand-pilates-tabor\/\" class=\"btn btn-secondary\" title=\"\"  target=\"_self\">\n\n        \n        Details and reservations\n        \n\n    <\/a>\n<\/div><\/div><\/div><\/div><\/div><div class=\"vc_row wpb_row vc_row-fluid shadow vc_custom_1769166621484 dark_section\"><div class=\"wpb_column vc_column_container vc_col-sm-6\"><div class=\"vc_column-inner vc_custom_1769069028100\"><div class=\"wpb_wrapper\"><div class=\"heading_group_sc wpb_content_element subtitle_bottom   vc_custom_1769069336988  text-left\">\n\n\n    <h2 style=\"text-align: left;\">Grand Escape<\/h2>\n\n\n        <span class=\"subtitle\">Get away from it all!<\/span>\n\n<\/div><div class=\"heading_group_sc wpb_content_element subtitle_bottom   vc_custom_1776431992503  text-left\">\n\n\n    <p style=\"text-align: left;\"><strong>Sometimes a single day is enough for a complete rebirth. Escape the everyday and enjoy the luxury of the Anna Grand Hotel with an extra discount!<\/strong><\/p>\n<p>Promotion code: ESCAPE<\/p>\n<p>The promotion offers 25% discount on the daily half board price<\/p>\n<p><em>Valid: For a maximum of one overnight stay (excluding peak periods)<\/em><\/p>\n\n\n        <span class=\"subtitle\"><\/span>\n\n        <div class=\"svg_divider\"><img decoding=\"async\" src=\"https:\/\/annagrandhotel.hu\/wp-content\/themes\/hotel-xenia\/templates\/shortcodes\/divider.png\"><\/div>\n<\/div><div class=\"plethora_button wpb_content_element  vc_custom_1769161265637  text-left\">\n    <a href=\"https:\/\/book.annagrandhotel.hu\/foglalas\/kereses?Reservation%5Bpromotion_code%5D=ESCAPE\" class=\"btn btn-secondary\" title=\"\"  target=\"_self\">\n\n        \n        Price calculation and booking\n        \n\n    <\/a>\n<\/div><\/div><\/div><\/div><div class=\"wpb_column vc_column_container vc_col-sm-6 vc_col-has-fill\"><div class=\"vc_column-inner vc_custom_1769069052277\"><div class=\"wpb_wrapper\">\n\t<div  class=\"wpb_single_image wpb_content_element vc_align_left  vc_custom_1769070476194\">\n\t\t\n\t\t<figure class=\"wpb_wrapper vc_figure\">\n\t\t\t<div class=\"vc_single_image-wrapper   vc_box_border_grey\"><img loading=\"lazy\" decoding=\"async\" width=\"1099\" height=\"1351\" src=\"https:\/\/annagrandhotel.hu\/wp-content\/uploads\/2026\/01\/Grand-Escape.webp\" class=\"vc_single_image-img attachment-full\" alt=\"\" title=\"Grand Escape\" srcset=\"https:\/\/annagrandhotel.hu\/wp-content\/uploads\/2026\/01\/Grand-Escape.webp 1099w, https:\/\/annagrandhotel.hu\/wp-content\/uploads\/2026\/01\/Grand-Escape-244x300.webp 244w, https:\/\/annagrandhotel.hu\/wp-content\/uploads\/2026\/01\/Grand-Escape-833x1024.webp 833w, https:\/\/annagrandhotel.hu\/wp-content\/uploads\/2026\/01\/Grand-Escape-768x944.webp 768w, https:\/\/annagrandhotel.hu\/wp-content\/uploads\/2026\/01\/Grand-Escape-10x12.webp 10w\" sizes=\"auto, (max-width: 1099px) 100vw, 1099px\" \/><\/div>\n\t\t<\/figure>\n\t<\/div>\n<\/div><\/div><\/div><\/div><\/section><div class=\"vc_row-full-width vc_clearfix\"><\/div><section data-vc-full-width=\"true\" data-vc-full-width-init=\"false\" class=\"vc_section vc_custom_1706191996039 vc_section-has-fill\"><div class=\"vc_row wpb_row vc_row-fluid shadow vc_custom_1765190959863 vc_row-o-equal-height vc_row-flex secondary_section\"><div class=\"wpb_column vc_column_container vc_col-sm-6\"><div class=\"vc_column-inner\"><div class=\"wpb_wrapper\"><div class=\"heading_group_sc wpb_content_element subtitle_bottom   vc_custom_1731939045814  text-left\">\n\n\n    <h2 style=\"text-align: left;\">Give the gift of a unique experience!<\/h2>\n\n\n        <span class=\"subtitle\"><\/span>\n\n<\/div><div class=\"heading_group_sc wpb_content_element subtitle_bottom    text-left\">\n\n\n    <p>An experience from the heart is the greatest gift. Give the gift of unforgettable moments of style and elegance in an iconic setting, the Anna Grand Hotel!<\/p>\n\n\n        <span class=\"subtitle\"><\/span>\n\n        <div class=\"svg_divider\"><img decoding=\"async\" src=\"https:\/\/annagrandhotel.hu\/wp-content\/themes\/hotel-xenia\/templates\/shortcodes\/divider.png\"><\/div>\n<\/div><div class=\"plethora_button wpb_content_element  vc_custom_1731939544357  text-left\">\n    <a href=\"https:\/\/book.annagrandhotel.hu\/ajandekutalvanyok\" class=\"btn btn-light\" title=\"\"  target=\"_self\">\n\n        \n        BUY A GIFT VOUCHER\n        \n\n    <\/a>\n<\/div><\/div><\/div><\/div><div class=\"wpb_column vc_column_container vc_col-sm-6\"><div class=\"vc_column-inner vc_custom_1699699574404\"><div class=\"wpb_wrapper\">\n\t<div  class=\"wpb_single_image wpb_content_element vc_align_left  vc_custom_1767711791094\">\n\t\t\n\t\t<figure class=\"wpb_wrapper vc_figure\">\n\t\t\t<div class=\"vc_single_image-wrapper vc_box_rounded  vc_box_border_grey\"><img loading=\"lazy\" decoding=\"async\" width=\"701\" height=\"800\" src=\"https:\/\/annagrandhotel.hu\/wp-content\/uploads\/2025\/02\/Anna-Grand-Hotel.webp\" class=\"vc_single_image-img attachment-full\" alt=\"\" title=\"Anna Grand Hotel\" srcset=\"https:\/\/annagrandhotel.hu\/wp-content\/uploads\/2025\/02\/Anna-Grand-Hotel.webp 701w, https:\/\/annagrandhotel.hu\/wp-content\/uploads\/2025\/02\/Anna-Grand-Hotel-263x300.webp 263w, https:\/\/annagrandhotel.hu\/wp-content\/uploads\/2025\/02\/Anna-Grand-Hotel-11x12.webp 11w\" sizes=\"auto, (max-width: 701px) 100vw, 701px\" \/><\/div>\n\t\t<\/figure>\n\t<\/div>\n<\/div><\/div><\/div><\/div><div class=\"vc_row wpb_row vc_row-fluid shadow vc_custom_1769185004157\"><div class=\"wpb_column vc_column_container vc_col-sm-6\"><div class=\"vc_column-inner vc_custom_1699699574404\"><div class=\"wpb_wrapper\">\n\t<div  class=\"wpb_single_image wpb_content_element vc_align_left  vc_custom_1727364054349\">\n\t\t\n\t\t<figure class=\"wpb_wrapper vc_figure\">\n\t\t\t<div class=\"vc_single_image-wrapper   vc_box_border_grey\"><img loading=\"lazy\" decoding=\"async\" width=\"1440\" height=\"2560\" src=\"https:\/\/annagrandhotel.hu\/wp-content\/uploads\/2024\/09\/Face-Wellness_2-scaled.webp\" class=\"vc_single_image-img attachment-full\" alt=\"\" title=\"Face Wellness_2\" srcset=\"https:\/\/annagrandhotel.hu\/wp-content\/uploads\/2024\/09\/Face-Wellness_2-scaled.webp 1440w, https:\/\/annagrandhotel.hu\/wp-content\/uploads\/2024\/09\/Face-Wellness_2-169x300.webp 169w, https:\/\/annagrandhotel.hu\/wp-content\/uploads\/2024\/09\/Face-Wellness_2-576x1024.webp 576w, https:\/\/annagrandhotel.hu\/wp-content\/uploads\/2024\/09\/Face-Wellness_2-768x1365.webp 768w, https:\/\/annagrandhotel.hu\/wp-content\/uploads\/2024\/09\/Face-Wellness_2-864x1536.webp 864w, https:\/\/annagrandhotel.hu\/wp-content\/uploads\/2024\/09\/Face-Wellness_2-1152x2048.webp 1152w, https:\/\/annagrandhotel.hu\/wp-content\/uploads\/2024\/09\/Face-Wellness_2-7x12.webp 7w\" sizes=\"auto, (max-width: 1440px) 100vw, 1440px\" \/><\/div>\n\t\t<\/figure>\n\t<\/div>\n<\/div><\/div><\/div><div class=\"wpb_column vc_column_container vc_col-sm-6\"><div class=\"vc_column-inner\"><div class=\"wpb_wrapper\"><div class=\"heading_group_sc wpb_content_element subtitle_bottom    text-left\">\n\n\n    <h2>Anna Grand Classic Wellness Offer<\/h2>\n\n\n        <span class=\"subtitle\"><\/span>\n\n<\/div><div class=\"heading_group_sc wpb_content_element subtitle_bottom    text-left\">\n\n\n    <p style=\"text-align: left;\">Room with breakfast and dinner<\/p>\n<p>Anna Spa - unlimited use of wellness<\/p>\n<p>A 30-minute refreshing aromatic oil back massage as a gift,<br \/>\nOR a discounted 60-minute full body massage,<br \/>\nOR a discounted 60-minute Thalion - Sea bliss massage<\/p>\n\n\n        <span class=\"subtitle\"><\/span>\n\n        <div class=\"svg_divider\"><img decoding=\"async\" src=\"https:\/\/annagrandhotel.hu\/wp-content\/themes\/hotel-xenia\/templates\/shortcodes\/divider.png\"><\/div>\n<\/div><div class=\"plethora_button wpb_content_element   text-left\">\n    <a href=\"https:\/\/annagrandhotel.hu\/eng\/classic-wellness\/\" class=\"btn btn-secondary\" title=\"\"  target=\"_self\">\n\n        \n        DETAILS AND BOOKING\n        \n\n    <\/a>\n<\/div><\/div><\/div><\/div><\/div><\/section><div class=\"vc_row-full-width vc_clearfix\"><\/div><section data-vc-full-width=\"true\" data-vc-full-width-init=\"false\" class=\"vc_section vc_custom_1713205773485 vc_section-has-fill\"><\/section><div class=\"vc_row-full-width vc_clearfix\"><\/div><section data-vc-full-width=\"true\" data-vc-full-width-init=\"false\" class=\"vc_section vc_custom_1712605446950 vc_section-has-fill\"><\/section><div class=\"vc_row-full-width vc_clearfix\"><\/div><section data-vc-full-width=\"true\" data-vc-full-width-init=\"false\" class=\"vc_section vc_custom_1710853742235 vc_section-has-fill\"><\/section><div class=\"vc_row-full-width vc_clearfix\"><\/div>\n<\/div>","protected":false},"excerpt":{"rendered":"Aktu\u00e1lis aj\u00e1nlataink M\u00e1jus 1-i hossz\u00fah\u00e9tv\u00e9ge aj\u00e1nd\u00e9k Superbike jeggyel m\u00e1jus 1-3. Foglaljon szob\u00e1t a hossz\u00fah\u00e9tv\u00e9g\u00e9re az Anna Grand Hotel-be, \u00e9s aj\u00e1nd\u00e9k jegy\u00e9vel a Balaton Park Hotel terasz\u00e1r\u00f3l \u00e9lvezheti a WorldSBK Magyar Nagyd\u00edj\u00e1t! INFORM\u00c1CI\u00d3K \u00c9S FOGLAL\u00c1S Anna Grand Longevity Weekends - powered by Anna Harangv\u00f6lgyi Skinnotech Egy \u00faj gener\u00e1ci\u00f3s longevity \u00e9lm\u00e9ny, ahol a luxus k\u00f6rnyezet \u00e9s a [...]","protected":false},"author":4,"featured_media":2890,"parent":0,"menu_order":0,"comment_status":"closed","ping_status":"closed","template":"","meta":{"footnotes":""},"class_list":["post-2631","page","type-page","status-publish","has-post-thumbnail","hentry"],"aioseo_notices":[],"_links":{"self":[{"href":"https:\/\/annagrandhotel.hu\/eng\/wp-json\/wp\/v2\/pages\/2631","targetHints":{"allow":["GET"]}}],"collection":[{"href":"https:\/\/annagrandhotel.hu\/eng\/wp-json\/wp\/v2\/pages"}],"about":[{"href":"https:\/\/annagrandhotel.hu\/eng\/wp-json\/wp\/v2\/types\/page"}],"author":[{"embeddable":true,"href":"https:\/\/annagrandhotel.hu\/eng\/wp-json\/wp\/v2\/users\/4"}],"replies":[{"embeddable":true,"href":"https:\/\/annagrandhotel.hu\/eng\/wp-json\/wp\/v2\/comments?post=2631"}],"version-history":[{"count":198,"href":"https:\/\/annagrandhotel.hu\/eng\/wp-json\/wp\/v2\/pages\/2631\/revisions"}],"predecessor-version":[{"id":4073,"href":"https:\/\/annagrandhotel.hu\/eng\/wp-json\/wp\/v2\/pages\/2631\/revisions\/4073"}],"wp:featuredmedia":[{"embeddable":true,"href":"https:\/\/annagrandhotel.hu\/eng\/wp-json\/wp\/v2\/media\/2890"}],"wp:attachment":[{"href":"https:\/\/annagrandhotel.hu\/eng\/wp-json\/wp\/v2\/media?parent=2631"}],"curies":[{"name":"wp","href":"https:\/\/api.w.org\/{rel}","templated":true}]}}