{"id":1852,"date":"2023-08-28T13:27:39","date_gmt":"2023-08-28T11:27:39","guid":{"rendered":"https:\/\/annagrand.saxon.hu\/?page_id=1852"},"modified":"2024-02-20T17:18:18","modified_gmt":"2024-02-20T16:18:18","slug":"programmes","status":"publish","type":"page","link":"https:\/\/annagrandhotel.hu\/eng\/programok\/","title":{"rendered":"PROGRAMMES"},"content":{"rendered":"<div class=\"wpb-content-wrapper\"><div class=\"vc_row wpb_row vc_row-fluid padding_bottom_1-3\"><div class=\"wpb_column vc_column_container vc_col-sm-12\"><div class=\"vc_column-inner\"><div class=\"wpb_wrapper\"><div class=\"heading_group_sc wpb_content_element subtitle_bottom    text-center\">\n\n\n    <h2>PROGRAMMES<\/h2>\n\n\n        <span class=\"subtitle\"><\/span>\n\n<\/div><div class=\"heading_group_sc wpb_content_element subtitle_bottom    text-center\">\n\n\n    <p>Balatonf\u00fcred is the home of several widely known events such as the Blue Ribbon or the Anna Ball, which takes place in the iconic ANNA GRAND. The popularity of the area is also due to a number of other exciting and varied events, which make our hotel the perfect tourist destination.<\/p>\n\n\n        <span class=\"subtitle\"><\/span>\n\n<\/div><\/div><\/div><\/div><\/div><div class=\"vc_row wpb_row vc_row-fluid padding_top_none padding_bottom_1-3\"><div class=\"wpb_column vc_column_container vc_col-sm-6\"><div class=\"vc_column-inner\"><div class=\"wpb_wrapper\">\n\t<div  class=\"wpb_single_image wpb_content_element vc_align_left\">\n\t\t\n\t\t<figure class=\"wpb_wrapper vc_figure\">\n\t\t\t<div class=\"vc_single_image-wrapper   vc_box_border_grey\"><img loading=\"lazy\" decoding=\"async\" width=\"2560\" height=\"2275\" src=\"https:\/\/annagrandhotel.hu\/wp-content\/uploads\/2023\/10\/Anna-Grand-Hotel-programok-kekszalag-01-scaled.webp\" class=\"vc_single_image-img attachment-full\" alt=\"\" title=\"Anna Grand Hotel-programmes-cookie-band-01\" srcset=\"https:\/\/annagrandhotel.hu\/wp-content\/uploads\/2023\/10\/Anna-Grand-Hotel-programok-kekszalag-01-scaled.webp 2560w, https:\/\/annagrandhotel.hu\/wp-content\/uploads\/2023\/10\/Anna-Grand-Hotel-programok-kekszalag-01-300x267.webp 300w, https:\/\/annagrandhotel.hu\/wp-content\/uploads\/2023\/10\/Anna-Grand-Hotel-programok-kekszalag-01-1024x910.webp 1024w, https:\/\/annagrandhotel.hu\/wp-content\/uploads\/2023\/10\/Anna-Grand-Hotel-programok-kekszalag-01-768x683.webp 768w, https:\/\/annagrandhotel.hu\/wp-content\/uploads\/2023\/10\/Anna-Grand-Hotel-programok-kekszalag-01-1536x1365.webp 1536w, https:\/\/annagrandhotel.hu\/wp-content\/uploads\/2023\/10\/Anna-Grand-Hotel-programok-kekszalag-01-2048x1820.webp 2048w\" sizes=\"auto, (max-width: 2560px) 100vw, 2560px\" \/><\/div>\n\t\t<\/figure>\n\t<\/div>\n<\/div><\/div><\/div><div class=\"wpb_column vc_column_container vc_col-sm-6\"><div class=\"vc_column-inner\"><div class=\"wpb_wrapper\"><div class=\"heading_group_sc wpb_content_element subtitle_bottom    text-left\">\n\n\n    <h2>BLUE RIBBON<\/h2>\n\n\n        <span class=\"subtitle\"><\/span>\n\n<\/div>\n\t<div class=\"wpb_text_column wpb_content_element\" >\n\t\t<div class=\"wpb_wrapper\">\n\t\t\t<p style=\"text-align: justify;\">The Blue Ribbon sailing race is one of the most popular events of Balatonf\u00fcred, which has a nearly century-old tradition. The Hungarian Sailing Federation holds the event every July, during which sailors have to complete the Balatonf\u00fcred-Balatonkenese-Si\u00f3fok-Keszthely-Balatonf\u00fcred route - in a maximum of 48 hours. The town offers activities not only for participants. The Blue Ribbon Festival is a week-long celebration before the race, featuring a boat parade, concerts and a street ball.<\/p>\n\n\t\t<\/div>\n\t<\/div>\n<\/div><\/div><\/div><\/div><div class=\"vc_row wpb_row vc_row-fluid swap-on-mobile vc_row-o-content-middle vc_row-flex padding_top_none padding_bottom_none\"><div class=\"wpb_column vc_column_container vc_col-sm-6\"><div class=\"vc_column-inner\"><div class=\"wpb_wrapper\"><div class=\"heading_group_sc wpb_content_element subtitle_bottom    text-left\">\n\n\n    <h2>ANNA-BALL<\/h2>\n\n\n        <span class=\"subtitle\"><\/span>\n\n<\/div>\n\t<div class=\"wpb_text_column wpb_content_element\" >\n\t\t<div class=\"wpb_wrapper\">\n\t\t\t<p style=\"text-align: justify;\">Since 1825, the Anna Ball has been one of Balatonf\u00fcred's most famous and exclusive events. The event is held every year in ANNA GRAND on the Saturday closest to Anna Day. The tradition also includes the election of the The Belle and the court ladies, who each take home a Herendi porcelain vase with Victoria, Rotschild or Aponyi decorations. Artists and politicians of the time are still welcomed guests at this distinguished social event.<\/p>\n\n\t\t<\/div>\n\t<\/div>\n<\/div><\/div><\/div><div class=\"wpb_column vc_column_container vc_col-sm-6\"><div class=\"vc_column-inner\"><div class=\"wpb_wrapper\">\n\t<div  class=\"wpb_single_image wpb_content_element vc_align_left\">\n\t\t\n\t\t<figure class=\"wpb_wrapper vc_figure\">\n\t\t\t<div class=\"vc_single_image-wrapper   vc_box_border_grey\"><img loading=\"lazy\" decoding=\"async\" width=\"2560\" height=\"2275\" src=\"https:\/\/annagrandhotel.hu\/wp-content\/uploads\/2023\/11\/Anna-Grand-Hotel-programok-Anna-bal-01-scaled.webp\" class=\"vc_single_image-img attachment-full\" alt=\"\" title=\"Anna-Grand-Hotel-programmes-Anna-bal-01\" srcset=\"https:\/\/annagrandhotel.hu\/wp-content\/uploads\/2023\/11\/Anna-Grand-Hotel-programok-Anna-bal-01-scaled.webp 2560w, https:\/\/annagrandhotel.hu\/wp-content\/uploads\/2023\/11\/Anna-Grand-Hotel-programok-Anna-bal-01-300x267.webp 300w, https:\/\/annagrandhotel.hu\/wp-content\/uploads\/2023\/11\/Anna-Grand-Hotel-programok-Anna-bal-01-1024x910.webp 1024w, https:\/\/annagrandhotel.hu\/wp-content\/uploads\/2023\/11\/Anna-Grand-Hotel-programok-Anna-bal-01-768x683.webp 768w, https:\/\/annagrandhotel.hu\/wp-content\/uploads\/2023\/11\/Anna-Grand-Hotel-programok-Anna-bal-01-1536x1365.webp 1536w, https:\/\/annagrandhotel.hu\/wp-content\/uploads\/2023\/11\/Anna-Grand-Hotel-programok-Anna-bal-01-2048x1820.webp 2048w\" sizes=\"auto, (max-width: 2560px) 100vw, 2560px\" \/><\/div>\n\t\t<\/figure>\n\t<\/div>\n<\/div><\/div><\/div><\/div><section class=\"vc_section\"><div class=\"vc_row wpb_row vc_row-fluid padding_top_none\"><div class=\"wpb_column vc_column_container vc_col-sm-12\"><div class=\"vc_column-inner\"><div class=\"wpb_wrapper\">\n\t<div  class=\"wpb_single_image wpb_content_element vc_align_left\">\n\t\t\n\t\t<figure class=\"wpb_wrapper vc_figure\">\n\t\t\t<div class=\"vc_single_image-wrapper   vc_box_border_grey\"><img loading=\"lazy\" decoding=\"async\" width=\"2560\" height=\"2557\" src=\"https:\/\/annagrandhotel.hu\/wp-content\/uploads\/2024\/02\/Anna-Grand-Hotel-2024-programajanlo-01-scaled.webp\" class=\"vc_single_image-img attachment-full\" alt=\"\" title=\"Anna Grand Hotel 2024 programme\" srcset=\"https:\/\/annagrandhotel.hu\/wp-content\/uploads\/2024\/02\/Anna-Grand-Hotel-2024-programajanlo-01-scaled.webp 2560w, https:\/\/annagrandhotel.hu\/wp-content\/uploads\/2024\/02\/Anna-Grand-Hotel-2024-programajanlo-01-300x300.webp 300w, https:\/\/annagrandhotel.hu\/wp-content\/uploads\/2024\/02\/Anna-Grand-Hotel-2024-programajanlo-01-1024x1024.webp 1024w, https:\/\/annagrandhotel.hu\/wp-content\/uploads\/2024\/02\/Anna-Grand-Hotel-2024-programajanlo-01-150x150.webp 150w, https:\/\/annagrandhotel.hu\/wp-content\/uploads\/2024\/02\/Anna-Grand-Hotel-2024-programajanlo-01-768x767.webp 768w, https:\/\/annagrandhotel.hu\/wp-content\/uploads\/2024\/02\/Anna-Grand-Hotel-2024-programajanlo-01-1536x1534.webp 1536w, https:\/\/annagrandhotel.hu\/wp-content\/uploads\/2024\/02\/Anna-Grand-Hotel-2024-programajanlo-01-2048x2046.webp 2048w, https:\/\/annagrandhotel.hu\/wp-content\/uploads\/2024\/02\/Anna-Grand-Hotel-2024-programajanlo-01-12x12.webp 12w\" sizes=\"auto, (max-width: 2560px) 100vw, 2560px\" \/><\/div>\n\t\t<\/figure>\n\t<\/div>\n<\/div><\/div><\/div><\/div><\/section>\n<\/div>","protected":false},"excerpt":{"rendered":"Programok Balatonf\u00fcred t\u00f6bb olyan sz\u00e9les k\u00f6rben ismert programnak ad otthont, mint a K\u00e9kszalag vagy az Anna-b\u00e1l, ut\u00f3bbi esem\u00e9ny ikonikus helysz\u00edne az ANNA GRAND. A k\u00f6rny\u00e9k n\u00e9pszer\u0171s\u00e9ge sz\u00e1mos m\u00e1s izgalmas \u00e9s v\u00e1ltozatos programnak is k\u00f6sz\u00f6nhet\u0151, ezekre ell\u00e1togatva sz\u00e1llod\u00e1nk szint\u00e9n t\u00f6k\u00e9letes \u00fatic\u00e9lk\u00e9nt szolg\u00e1l. K\u00e9kszalag Balatonf\u00fcred h\u00edres esem\u00e9nyei k\u00f6z\u00e9 tartozik a k\u00f6zel sz\u00e1z\u00e9ves hagyom\u00e1nyra visszatekint\u0151 K\u00e9kszalag vitorl\u00e1sverseny. A [...]","protected":false},"author":1,"featured_media":2148,"parent":0,"menu_order":0,"comment_status":"closed","ping_status":"closed","template":"","meta":{"footnotes":""},"class_list":["post-1852","page","type-page","status-publish","has-post-thumbnail","hentry"],"aioseo_notices":[],"_links":{"self":[{"href":"https:\/\/annagrandhotel.hu\/eng\/wp-json\/wp\/v2\/pages\/1852","targetHints":{"allow":["GET"]}}],"collection":[{"href":"https:\/\/annagrandhotel.hu\/eng\/wp-json\/wp\/v2\/pages"}],"about":[{"href":"https:\/\/annagrandhotel.hu\/eng\/wp-json\/wp\/v2\/types\/page"}],"author":[{"embeddable":true,"href":"https:\/\/annagrandhotel.hu\/eng\/wp-json\/wp\/v2\/users\/1"}],"replies":[{"embeddable":true,"href":"https:\/\/annagrandhotel.hu\/eng\/wp-json\/wp\/v2\/comments?post=1852"}],"version-history":[{"count":19,"href":"https:\/\/annagrandhotel.hu\/eng\/wp-json\/wp\/v2\/pages\/1852\/revisions"}],"predecessor-version":[{"id":3275,"href":"https:\/\/annagrandhotel.hu\/eng\/wp-json\/wp\/v2\/pages\/1852\/revisions\/3275"}],"wp:featuredmedia":[{"embeddable":true,"href":"https:\/\/annagrandhotel.hu\/eng\/wp-json\/wp\/v2\/media\/2148"}],"wp:attachment":[{"href":"https:\/\/annagrandhotel.hu\/eng\/wp-json\/wp\/v2\/media?parent=1852"}],"curies":[{"name":"wp","href":"https:\/\/api.w.org\/{rel}","templated":true}]}}