{"id":1848,"date":"2023-08-28T13:21:59","date_gmt":"2023-08-28T11:21:59","guid":{"rendered":"https:\/\/annagrand.saxon.hu\/?page_id=1848"},"modified":"2024-08-27T14:17:57","modified_gmt":"2024-08-27T12:17:57","slug":"the-hotel","status":"publish","type":"page","link":"https:\/\/annagrandhotel.hu\/eng\/a-szalloda\/","title":{"rendered":"THE HOTEL"},"content":{"rendered":"<div class=\"wpb-content-wrapper\"><section class=\"vc_section\"><div class=\"vc_row wpb_row vc_row-fluid\"><div class=\"wpb_column vc_column_container vc_col-sm-12\"><div class=\"vc_column-inner\"><div class=\"wpb_wrapper\"><div class=\"heading_group_sc wpb_content_element subtitle_bottom    text-center\">\n        <div class=\"background_title\">HERITAGE<\/div>\n\n\n    <h2>TIMELESS LUXURY<\/h2>\n\n\n        <span class=\"subtitle\">WHERE PAST AND PRESENT MEET<\/span>\n\n<\/div><div class=\"heading_group_sc wpb_content_element subtitle_bottom    text-center\">\n\n\n    <p>Our unparalelled premium hotel with centuries of history invites you to an unforgettable journey in an exclusive and comfortable environment. With a building that has been renovated from the inside but remains iconic in its artistic values, we strive to be a benchmark in 21st century hospitality: the ANNA GRAND is the perfect example of style and sophistication. In its more than two centuries of history, the hotel has hosted many literary icons, public figures and celebrities - the rich history that continues to be an important benchmark for the quality of our services.<\/p>\n\n\n        <span class=\"subtitle\"><\/span>\n\n<\/div><\/div><\/div><\/div><\/div><\/section><section class=\"vc_section\"><div data-vc-full-width=\"true\" data-vc-full-width-init=\"false\" class=\"vc_row wpb_row vc_row-fluid vc_custom_1699289435609 vc_row-has-fill\"><div class=\"wpb_column vc_column_container vc_col-sm-12\"><div class=\"vc_column-inner\"><div class=\"wpb_wrapper\"><div class=\"heading_group_sc wpb_content_element subtitle_bottom   vc_custom_1693301516390  text-center\">\n        <div class=\"background_title\">HISTORY<\/div>\n\n\n    <h2 style=\"color: white;\">THE HISTORY OF OUR HOTEL<\/h2>\n<p style=\"color: white;\">Relax with us!<\/p>\n\n\n        <span class=\"subtitle\"><\/span>\n\n<\/div><div class=\"plethora_button wpb_content_element   text-center\">\n    <a href=\"https:\/\/annagrandhotel.hu\/eng\/rooms\/\" class=\"btn btn-secondary\" title=\"Rooms\"  target=\"_self\">\n\n        \n        Rooms\n        \n\n    <\/a>\n<\/div><\/div><\/div><\/div><\/div><div class=\"vc_row-full-width vc_clearfix\"><\/div><div data-vc-full-width=\"true\" data-vc-full-width-init=\"false\" class=\"vc_row wpb_row vc_row-fluid vc_custom_1724761034305\"><div class=\"wpb_column vc_column_container vc_col-sm-6\"><div class=\"vc_column-inner\"><div class=\"wpb_wrapper\"><div class=\"heading_group_sc wpb_content_element subtitle_bottom    text-left\">\n\n\n    <h2>THE BEGINNING<\/h2>\n\n\n        <span class=\"subtitle\">THE RESTAURANT OF TIHANY ABBEY<\/span>\n\n<\/div><div class=\"heading_group_sc wpb_content_element subtitle_bottom   vc_custom_1699865635111  text-left\">\n\n\n    <p style=\"text-align: justify;\">The history of our hotel dates back to 1748, when the owner of the Balatonf\u00fcred Spa, the Benedictine Abbey of Tihany, built a guesthouse to welcome guests who wished to recuperate on the mineral waters. This building is the ground floor of the central part of the present-day Blaha Street wing, which at that time housed a large kitchen and a restaurant, the first rooms facing the vineyards. In 1781, cheaper rooms for rent were added in the attic.<\/p>\n\n\n        <span class=\"subtitle\"><\/span>\n\n<\/div><\/div><\/div><\/div><div class=\"wpb_column vc_column_container vc_col-sm-6\"><div class=\"vc_column-inner\"><div class=\"wpb_wrapper\"><div class=\"heading_group_sc wpb_content_element subtitle_bottom    text-left\">\n\n\n    <h2>THE GREAT HALL<\/h2>\n\n\n        <span class=\"subtitle\">CLASSICIST STYLE HOTEL<\/span>\n\n<\/div><div class=\"heading_group_sc wpb_content_element subtitle_bottom   vc_custom_1699865645831  text-left\">\n\n\n    <p style=\"text-align: justify;\">Between 1787 and 1802, after the dissolution of the Order, the new owner continued the abbey's building works and aimed to modernise the baths. In 1800, a storey was added to the eastern corner of the ground floor building, and the dance hall and billiard room were completed. In 1803, the 32-room neoclassical building, called the Great Hall, was opened.<\/p>\n\n\n        <span class=\"subtitle\"><\/span>\n\n<\/div><\/div><\/div><\/div><\/div><div class=\"vc_row-full-width vc_clearfix\"><\/div><div data-vc-full-width=\"true\" data-vc-full-width-init=\"false\" class=\"vc_row wpb_row vc_row-fluid vc_custom_1724761042293\"><div class=\"wpb_column vc_column_container vc_col-sm-6\"><div class=\"vc_column-inner\"><div class=\"wpb_wrapper\"><div class=\"heading_group_sc wpb_content_element subtitle_bottom    text-left\">\n\n\n    <h2>REFORM ERA<\/h2>\n\n\n        <span class=\"subtitle\">WHEN HISTORICAL FIGURES ARE THE GUESTS<\/span>\n\n<\/div><div class=\"heading_group_sc wpb_content_element subtitle_bottom   vc_custom_1699865656864  text-left\">\n\n\n    <p style=\"text-align: justify;\">Although the building burnt down in 1834, the following decades were marked by constant construction and expansion. In the 1840s, the restaurant was so popular that a shuttle service took guests to Balatonf\u00fcred three times a week, and in 1842 even Lajos Kossuth had paid a visit to the restaurant. The place felt smaller and smaller and more and more crowded, so by 1848 the Anna Caf\u00e9 was built, modelled on the Pilvax Caf\u00e9 in Pest. But this year is also written with red letter in the history of the city, because it was the first time that the Anna Ball was held in the ballroom of the Great Hall.<\/p>\n\n\n        <span class=\"subtitle\"><\/span>\n\n<\/div><\/div><\/div><\/div><div class=\"wpb_column vc_column_container vc_col-sm-6\"><div class=\"vc_column-inner\"><div class=\"wpb_wrapper\"><div class=\"heading_group_sc wpb_content_element subtitle_bottom    text-left\">\n\n\n    <h2>GRAND HOTEL<\/h2>\n\n\n        <span class=\"subtitle\">TURBULENT DECADES<\/span>\n\n<\/div><div class=\"heading_group_sc wpb_content_element subtitle_bottom   vc_custom_1699865668160  text-left\">\n\n\n    <p style=\"text-align: justify;\">In 1889, the Great Hall reached another milestone, taking the name Anna Grand Hotel. The new name was accompanied by a new style, so in 1913 the hotel was renovated, and the classicist features were reborn in the spirit of Art Nouveau. This was also the opening of the huge veranda restaurant, where we can still enjoy a comfortable dinner today. The 20th century was a turbulent decade for the building, which was a military hospital in 1942 and 1943, nationalised in 1949 and quietly awaited its revival as the Pet\u0151fi Spa and then the SZOT sanatorium in 1952. After the change of regime, it was renamed \u00c1rk\u00e1d Hotel, then returned to private ownership in 2004, and reopened in 2009 as Anna Grand Hotel Wine &amp; Vital after reconstruction.<\/p>\n\n\n        <span class=\"subtitle\"><\/span>\n\n<\/div><\/div><\/div><\/div><\/div><div class=\"vc_row-full-width vc_clearfix\"><\/div><div data-vc-full-width=\"true\" data-vc-full-width-init=\"false\" class=\"vc_row wpb_row vc_row-fluid vc_custom_1724761049921\"><div class=\"wpb_column vc_column_container vc_col-sm-12\"><div class=\"vc_column-inner\"><div class=\"wpb_wrapper\"><div class=\"heading_group_sc wpb_content_element subtitle_bottom    text-center\">\n\n\n    <h2>A NEW ERA<\/h2>\n\n\n        <span class=\"subtitle\">THE NEW ANNA GRAND<\/span>\n\n<\/div><div class=\"heading_group_sc wpb_content_element subtitle_bottom   vc_custom_1699865678312  text-left\">\n\n\n    <p style=\"text-align: justify;\">The reborn ANNA GRAND now offers true luxury worthy of its name. The complex has been renewed in the heart of Balatonf\u00fcred, respecting its more than two centuries old traditions, but keeping in mind the requirements and trends of the 21st century.  The perfect harmony of the finest materials and colours captivates guests from the very first moment - in the magical world of ANNA GRAND the past meets the present and every moment is a moment of timeless luxury.<\/p>\n\n\n        <span class=\"subtitle\"><\/span>\n\n<\/div>\n\t<div  class=\"wpb_single_image wpb_content_element vc_align_left\">\n\t\t\n\t\t<figure class=\"wpb_wrapper vc_figure\">\n\t\t\t<div class=\"vc_single_image-wrapper   vc_box_border_grey\"><img loading=\"lazy\" decoding=\"async\" width=\"2048\" height=\"1152\" src=\"https:\/\/annagrandhotel.hu\/wp-content\/uploads\/2024\/04\/ABRR8022-HDRcopy-5.webp\" class=\"vc_single_image-img attachment-full\" alt=\"\" title=\"ABRR8022-HDRcopy (5)\" srcset=\"https:\/\/annagrandhotel.hu\/wp-content\/uploads\/2024\/04\/ABRR8022-HDRcopy-5.webp 2048w, https:\/\/annagrandhotel.hu\/wp-content\/uploads\/2024\/04\/ABRR8022-HDRcopy-5-300x169.webp 300w, https:\/\/annagrandhotel.hu\/wp-content\/uploads\/2024\/04\/ABRR8022-HDRcopy-5-1024x576.webp 1024w, https:\/\/annagrandhotel.hu\/wp-content\/uploads\/2024\/04\/ABRR8022-HDRcopy-5-768x432.webp 768w, https:\/\/annagrandhotel.hu\/wp-content\/uploads\/2024\/04\/ABRR8022-HDRcopy-5-1536x864.webp 1536w, https:\/\/annagrandhotel.hu\/wp-content\/uploads\/2024\/04\/ABRR8022-HDRcopy-5-18x10.webp 18w\" sizes=\"auto, (max-width: 2048px) 100vw, 2048px\" \/><\/div>\n\t\t<\/figure>\n\t<\/div>\n<\/div><\/div><\/div><\/div><div class=\"vc_row-full-width vc_clearfix\"><\/div><\/section>\n<\/div>","protected":false},"excerpt":{"rendered":"\u00d6R\u00d6KS\u00c9G ID\u0150TLEN LUXUS AHOL A M\u00daLT \u00c9S A JELEN TAL\u00c1LKOZIK P\u00e1ratlan, t\u00f6bb \u00e9vsz\u00e1zados m\u00faltra visszatekint\u0151, pr\u00e9mium sz\u00e1llod\u00e1nk egy felejthetetlen utaz\u00e1sra h\u00edvja vend\u00e9geit, akik exkluz\u00edv \u00e9s komfortos k\u00f6rnyezetben t\u00f6lthetik pihen\u00e9s\u00fcket. A bel\u00fclr\u0151l meg\u00fajult, azonban m\u0171v\u00e9szeti \u00e9rt\u00e9keiben maradand\u00f3an ikonikus \u00e9p\u00fclet\u00fcnkkel a 21. sz\u00e1zadi vend\u00e9gl\u00e1t\u00e1s meghat\u00e1roz\u00f3 szerepl\u0151jek\u00e9nt igyeksz\u00fcnk megjelenni: az ANNA GRAND t\u00f6k\u00e9letes p\u00e9ld\u00e1t mutat st\u00edlus \u00e9s kifinomults\u00e1g [...]","protected":false},"author":1,"featured_media":2736,"parent":0,"menu_order":0,"comment_status":"closed","ping_status":"closed","template":"","meta":{"footnotes":""},"class_list":["post-1848","page","type-page","status-publish","has-post-thumbnail","hentry"],"aioseo_notices":[],"_links":{"self":[{"href":"https:\/\/annagrandhotel.hu\/eng\/wp-json\/wp\/v2\/pages\/1848","targetHints":{"allow":["GET"]}}],"collection":[{"href":"https:\/\/annagrandhotel.hu\/eng\/wp-json\/wp\/v2\/pages"}],"about":[{"href":"https:\/\/annagrandhotel.hu\/eng\/wp-json\/wp\/v2\/types\/page"}],"author":[{"embeddable":true,"href":"https:\/\/annagrandhotel.hu\/eng\/wp-json\/wp\/v2\/users\/1"}],"replies":[{"embeddable":true,"href":"https:\/\/annagrandhotel.hu\/eng\/wp-json\/wp\/v2\/comments?post=1848"}],"version-history":[{"count":22,"href":"https:\/\/annagrandhotel.hu\/eng\/wp-json\/wp\/v2\/pages\/1848\/revisions"}],"predecessor-version":[{"id":1867,"href":"https:\/\/annagrandhotel.hu\/eng\/wp-json\/wp\/v2\/pages\/1848\/revisions\/1867"}],"wp:featuredmedia":[{"embeddable":true,"href":"https:\/\/annagrandhotel.hu\/eng\/wp-json\/wp\/v2\/media\/2736"}],"wp:attachment":[{"href":"https:\/\/annagrandhotel.hu\/eng\/wp-json\/wp\/v2\/media?parent=1848"}],"curies":[{"name":"wp","href":"https:\/\/api.w.org\/{rel}","templated":true}]}}