{"id":5754,"date":"2026-04-14T11:37:56","date_gmt":"2026-04-14T09:37:56","guid":{"rendered":"https:\/\/annagrandhotel.hu\/?page_id=5754"},"modified":"2026-04-14T13:33:42","modified_gmt":"2026-04-14T11:33:42","slug":"motorrad-superbike-ticket-am-wochenende","status":"publish","type":"page","link":"https:\/\/annagrandhotel.hu\/de\/hetvege-superbike-jeggyel\/","title":{"rendered":"Langes Mai-Wochenende im Anna Grand Hotel"},"content":{"rendered":"<div class=\"wpb-content-wrapper\"><div class=\"vc_row wpb_row vc_row-fluid vc_custom_1727279808405 vc_row-has-fill\"><div class=\"wpb_column vc_column_container vc_col-sm-9 vc_col-sm-offset-2\"><div class=\"vc_column-inner\"><div class=\"wpb_wrapper\">\n<div class=\"vc_grid-container-wrapper vc_clearfix vc_grid-animation-zoomIn\">\n\t<div class=\"vc_grid-container vc_clearfix wpb_content_element vc_masonry_media_grid\" data-initial-loading-animation=\"zoomIn\" data-vc-grid-settings=\"{&quot;page_id&quot;:5754,&quot;style&quot;:&quot;all-masonry&quot;,&quot;action&quot;:&quot;vc_get_vc_grid_data&quot;,&quot;shortcode_id&quot;:&quot;1776163602122-5316d694-44f4-0&quot;,&quot;tag&quot;:&quot;vc_masonry_media_grid&quot;}\" data-vc-request=\"https:\/\/annagrandhotel.hu\/wp-admin\/admin-ajax.php\" data-vc-post-id=\"5754\" data-vc-public-nonce=\"f0b80083c4\">\n\t\t\n\t<\/div>\n<\/div><\/div><\/div><\/div><\/div><div class=\"vc_row wpb_row vc_row-fluid vc_custom_1727279808405 vc_row-has-fill\"><div class=\"wpb_column vc_column_container vc_col-sm-9 vc_col-sm-offset-2\"><div class=\"vc_column-inner\"><div class=\"wpb_wrapper\">\n\t<div  class=\"wpb_single_image wpb_content_element vc_align_center\">\n\t\t\n\t\t<figure class=\"wpb_wrapper vc_figure\">\n\t\t\t<div class=\"vc_single_image-wrapper   vc_box_border_grey\"><img loading=\"lazy\" decoding=\"async\" width=\"250\" height=\"155\" src=\"https:\/\/annagrandhotel.hu\/wp-content\/uploads\/2024\/09\/Anna-Grand-5-star-main-1.png\" class=\"vc_single_image-img attachment-full\" alt=\"\" title=\"Anna Grand 5 Sterne Haupt\" srcset=\"https:\/\/annagrandhotel.hu\/wp-content\/uploads\/2024\/09\/Anna-Grand-5-star-main-1.png 250w, https:\/\/annagrandhotel.hu\/wp-content\/uploads\/2024\/09\/Anna-Grand-5-star-main-1-18x12.png 18w\" sizes=\"auto, (max-width: 250px) 100vw, 250px\" \/><\/div>\n\t\t<\/figure>\n\t<\/div>\n<div class=\"vc_separator wpb_content_element vc_separator_align_center vc_sep_width_100 vc_sep_pos_align_center vc_separator_no_text\" ><span class=\"vc_sep_holder vc_sep_holder_l\"><span style=\"border-color:#686257;\" class=\"vc_sep_line\"><\/span><\/span><span class=\"vc_sep_holder vc_sep_holder_r\"><span style=\"border-color:#686257;\" class=\"vc_sep_line\"><\/span><\/span>\n<\/div><div class=\"heading_group_sc wpb_content_element subtitle_bottom    text-center\">\n        <div class=\"background_title\">Superbike<\/div>\n\n\n    <h1 style=\"text-align: center;\"><b>Langes Mai-Wochenende im Anna Grand Hotel<\/b><\/h1>\n<h3><em>1.-3. Mai.<\/em><\/h3>\n\n\n        <span class=\"subtitle\"><\/span>\n\n<\/div><\/div><\/div><\/div><\/div><div class=\"vc_row wpb_row vc_row-fluid vc_custom_1727279808405 vc_row-has-fill\"><div class=\"wpb_column vc_column_container vc_col-sm-9 vc_col-sm-offset-2\"><div class=\"vc_column-inner\"><div class=\"wpb_wrapper\"><div class=\"heading_group_sc wpb_content_element subtitle_bottom    text-left\">\n\n\n    <p style=\"text-align: justify;\"><strong>Erleben Sie die raffinierte Eleganz des Fr\u00fchlings in Balatonf\u00fcred, in perfekter Harmonie von zeitlosem Stil und ruhiger Erholung.<\/strong><\/p>\n<p style=\"text-align: justify;\">Adrenalin, Geschwindigkeit, Weltklasse \u2013 ein Superbike-Rennen bietet Motorsportfans ein unvergessliches Erlebnis. Die Atmosph\u00e4re des WorldSBK Ungarn-Grand-Prix und die Intensit\u00e4t der Rennen bilden einen besonderen Kontrast zur raffinierten Ruhe des Hotels.<\/p>\n<p style=\"text-align: justify;\">Buchen Sie ein Zimmer im Anna Grand Hotel und machen Sie Ihr langes Wochenende zu etwas Besonderem: Unsere G\u00e4ste erhalten einen Freikarte f\u00fcr die WorldSBK Ungarn-Rennstrecke auf der Terrasse des Balaton Park Hotels, die einen unvergleichlichen Blick auf die Rennstrecke bietet und es Ihnen erm\u00f6glicht, die Rennen hautnah zu verfolgen.<\/p>\n\n\n        <span class=\"subtitle\"><\/span>\n\n<\/div><div class=\"heading_group_sc wpb_content_element subtitle_bottom    text-left\">\n\n\n    <p>Inhalt der Packung:<\/p>\n<ul style=\"list-style: none; padding: 0; margin: 0;\">\n<li style=\"list-style-type: none;\">\n<ul style=\"list-style: none; padding: 0; margin: 0;\">\n<li style=\"background: url('https:\/\/annagrandhotel.hu\/wp-content\/uploads\/2023\/11\/emblema-kicsi_Rajztabla-1.png') no-repeat left 4px; background-size: 16px 16px; padding-left: 26px; margin-bottom: 8px; line-height: 1.4;\"><strong>Entspannen Sie sich in einem unserer Superior- oder Deluxe-Zimmer oder einer Executive Suite.<\/strong><\/li>\n<li style=\"background: url('https:\/\/annagrandhotel.hu\/wp-content\/uploads\/2023\/11\/emblema-kicsi_Rajztabla-1.png') no-repeat left 4px; background-size: 16px 16px; padding-left: 26px; margin-bottom: 8px; line-height: 1.4;\"><strong>Reichhaltiges Fr\u00fchst\u00fccksbuffet mit Sekt<\/strong><\/li>\n<li style=\"background: url('https:\/\/annagrandhotel.hu\/wp-content\/uploads\/2023\/11\/emblema-kicsi_Rajztabla-1.png') no-repeat left 4px; background-size: 16px 16px; padding-left: 26px; margin-bottom: 8px; line-height: 1.4;\"><strong>Buffet-Abendessen oder kombiniert \u2013 Buffet-Abendessen im Restaurant des Anna Grand Hotels<\/strong><\/li>\n<li style=\"background: url('https:\/\/annagrandhotel.hu\/wp-content\/uploads\/2023\/11\/emblema-kicsi_Rajztabla-1.png') no-repeat left 4px; background-size: 16px 16px; padding-left: 26px; margin-bottom: 8px; line-height: 1.4;\"><strong>Unbegrenzte Nutzung der Wellnesseinrichtungen<\/strong><\/li>\n<li style=\"background: url('https:\/\/annagrandhotel.hu\/wp-content\/uploads\/2023\/11\/emblema-kicsi_Rajztabla-1.png') no-repeat left 4px; background-size: 16px 16px; padding-left: 26px; margin-bottom: 8px; line-height: 1.4;\"><strong>Hausgemachter Willkommenskuchen<\/strong> im Anna Caf\u00e9<\/li>\n<\/ul>\n<\/li>\n<\/ul>\n<p>Extra Zimmereinrichtungen:<br \/>\n<em>\u2022 Pure Herbs - Kosmetikserie f\u00fcr das Badezimmer<\/em><br \/>\n<em>\u2022 Tee und Nespresso-Kapselkaffee<\/em><br \/>\n<em>\u2022 Bademantel, Hausschuhe und Anna Spa Bag<\/em><\/p>\n\n\n        <span class=\"subtitle\"><\/span>\n\n<\/div><div class=\"plethora_button wpb_content_element  vc_custom_1776163540154  text-center\">\n    <a href=\"https:\/\/book.annagrandhotel.hu\/foglalas\/szobak?rs_ch_in=2026-05-01&#038;rs_ch_out=2026-05-03&#038;rs_adults=2\" class=\"btn btn-inv btn-secondary\" title=\"\"  target=\"_self\">\n\n        \n        ANGEBOT UND BUCHUNG\n        \n\n    <\/a>\n<\/div><\/div><\/div><\/div><\/div><div data-vc-full-width=\"true\" data-vc-full-width-init=\"false\" class=\"vc_row wpb_row vc_row-fluid light_section\"><div class=\"wpb_column vc_column_container vc_col-sm-9 vc_col-sm-offset-2\"><div class=\"vc_column-inner\"><div class=\"wpb_wrapper\"><div class=\"heading_group_sc wpb_content_element subtitle_bottom    text-center\">\n\n\n    <h2 style=\"text-align: center;\">ANGEBOTSANFORDERUNG<\/h2>\n\n\n        <span class=\"subtitle\"><\/span>\n\n<\/div><div class=\"heading_group_sc wpb_content_element subtitle_bottom    text-center\">\n\n\n    <p style=\"text-align: center;\">Sie k\u00f6nnen uns \u00fcber das unten stehende Formular kontaktieren. Unsere Kollegen werden sich in K\u00fcrze mit Ihnen in Verbindung setzen.<\/p>\n\n\n        <span class=\"subtitle\"><\/span>\n\n<\/div>\n<div class=\"wpcf7 no-js\" id=\"wpcf7-f3496-o1\" lang=\"hu-HU\" dir=\"ltr\" data-wpcf7-id=\"3496\">\n<div class=\"screen-reader-response\"><p role=\"status\" aria-live=\"polite\" aria-atomic=\"true\"><\/p> <ul><\/ul><\/div>\n<form action=\"\/de\/wp-json\/wp\/v2\/pages\/5754#wpcf7-f3496-o1\" method=\"post\" class=\"wpcf7-form init\" aria-label=\"Kapcsolatfelv\u00e9teli \u0171rlap\" novalidate=\"novalidate\" data-status=\"init\" data-trp-original-action=\"\/de\/wp-json\/wp\/v2\/pages\/5754#wpcf7-f3496-o1\">\n<fieldset class=\"hidden-fields-container\"><input type=\"hidden\" name=\"_wpcf7\" value=\"3496\" \/><input type=\"hidden\" name=\"_wpcf7_version\" value=\"6.1.5\" \/><input type=\"hidden\" name=\"_wpcf7_locale\" value=\"hu_HU\" \/><input type=\"hidden\" name=\"_wpcf7_unit_tag\" value=\"wpcf7-f3496-o1\" \/><input type=\"hidden\" name=\"_wpcf7_container_post\" value=\"0\" \/><input type=\"hidden\" name=\"_wpcf7_posted_data_hash\" value=\"\" \/><input type=\"hidden\" name=\"_wpcf7cf_hidden_group_fields\" value=\"[]\" \/><input type=\"hidden\" name=\"_wpcf7cf_hidden_groups\" value=\"[]\" \/><input type=\"hidden\" name=\"_wpcf7cf_visible_groups\" value=\"[]\" \/><input type=\"hidden\" name=\"_wpcf7cf_repeaters\" value=\"[]\" \/><input type=\"hidden\" name=\"_wpcf7cf_steps\" value=\"{}\" \/><input type=\"hidden\" name=\"_wpcf7cf_options\" value=\"{&quot;form_id&quot;:3496,&quot;conditions&quot;:[],&quot;settings&quot;:{&quot;animation&quot;:&quot;yes&quot;,&quot;animation_intime&quot;:200,&quot;animation_outtime&quot;:200,&quot;conditions_ui&quot;:&quot;normal&quot;,&quot;notice_dismissed&quot;:false,&quot;notice_dismissed_rollback-cf7-5.8&quot;:true,&quot;notice_dismissed_rollback-cf7-5.8.2&quot;:true,&quot;notice_dismissed_rollback-cf7-5.8.3&quot;:true,&quot;notice_dismissed_rollback-cf7-5.8.5&quot;:true,&quot;notice_dismissed_rollback-cf7-5.9.3&quot;:true}}\" \/>\n<\/fieldset>\n<p><span class=\"number-input\"><span class=\"wpcf7-form-control-wrap\" data-name=\"surname\"><input size=\"40\" maxlength=\"400\" class=\"wpcf7-form-control wpcf7-text wpcf7-validates-as-required\" aria-required=\"true\" aria-invalid=\"false\" placeholder=\"NACHNAME\" value=\"\" type=\"text\" name=\"surname\" \/><\/span><br \/>\n<span class=\"wpcf7-form-control-wrap\" data-name=\"firstname\"><input size=\"40\" maxlength=\"400\" class=\"wpcf7-form-control wpcf7-text wpcf7-validates-as-required\" aria-required=\"true\" aria-invalid=\"false\" placeholder=\"VORNAME\" value=\"\" type=\"text\" name=\"firstname\" \/><\/span><br \/>\n<label> E-Mail Adresse<br \/>\n<span class=\"wpcf7-form-control-wrap\" data-name=\"your-email\"><input size=\"40\" maxlength=\"400\" class=\"wpcf7-form-control wpcf7-email wpcf7-validates-as-required wpcf7-text wpcf7-validates-as-email\" autocomplete=\"email\" aria-required=\"true\" aria-invalid=\"false\" value=\"\" type=\"email\" name=\"your-email\" \/><\/span> <\/label><br \/>\n<label>Einchecken <span class=\"wpcf7-form-control-wrap\" data-name=\"date\"><input class=\"wpcf7-form-control wpcf7-date wpcf7-validates-as-required wpcf7-validates-as-date\" aria-required=\"true\" aria-invalid=\"false\" value=\"\" type=\"date\" name=\"date\" \/><\/span><\/label><br \/>\n<label>Auschecken <span class=\"wpcf7-form-control-wrap\" data-name=\"enddate\"><input class=\"wpcf7-form-control wpcf7-date wpcf7-validates-as-required wpcf7-validates-as-date\" aria-required=\"true\" aria-invalid=\"false\" value=\"\" type=\"date\" name=\"enddate\" \/><\/span><\/label><br \/>\n<label>Anzahl der G\u00e4ste <span class=\"wpcf7-form-control-wrap\" data-name=\"number\"><input class=\"wpcf7-form-control wpcf7-number wpcf7-validates-as-required wpcf7-validates-as-number\" min=\"1\" max=\"99\" aria-required=\"true\" aria-invalid=\"false\" placeholder=\"1\" value=\"\" type=\"number\" name=\"number\" \/><\/span><\/label><\/span>\n<\/p>\n<p><label> Nachricht (fakultativ)<br \/>\n<span class=\"wpcf7-form-control-wrap\" data-name=\"your-message\"><textarea cols=\"40\" rows=\"10\" maxlength=\"2000\" class=\"wpcf7-form-control wpcf7-textarea\" aria-invalid=\"false\" name=\"your-message\"><\/textarea><\/span> <\/label>\n<\/p>\n<p><span class=\"wpcf7-form-control-wrap\" data-name=\"acceptance-adatkezeles\"><span class=\"wpcf7-form-control wpcf7-acceptance\"><span class=\"wpcf7-list-item\"><label><input type=\"checkbox\" name=\"acceptance-adatkezeles\" value=\"1\" aria-invalid=\"false\" \/><span class=\"wpcf7-list-item-label\">Ich akzeptiere die <a href=\"\/wp-content\/uploads\/2023\/07\/Anna_Grand_Hotel_Adatvedelmi_tajekoztato_v1_230725.pdf\" target=\"_blank\">DATENSCHUTZPOLITIK<\/a> .<\/span><\/label><\/span><\/span><\/span>\n<\/p>\n<p><button class=\"btn btn-primary item_centered\" type=\"submit\">Senden<\/button>\n<\/p><input type='hidden' class='wpcf7-pum' value='{\"closepopup\":false,\"closedelay\":0,\"openpopup\":false,\"openpopup_id\":0}' \/><div class=\"wpcf7-response-output\" aria-hidden=\"true\"><\/div>\n<input type=\"hidden\" name=\"trp-form-language\" value=\"de\"\/><\/form>\n<\/div>\n<\/div><\/div><\/div><\/div><div class=\"vc_row-full-width vc_clearfix\"><\/div>\n<\/div>","protected":false},"excerpt":{"rendered":"superbike M\u00e1jus 1-i hossz\u00fah\u00e9tv\u00e9ge az Anna Grand Hotelben m\u00e1jus 1-3. \u00c9lje \u00e1t a tavasz kifinomult eleganci\u00e1j\u00e1t Balatonf\u00fcreden, az id\u0151tlen st\u00edlus \u00e9s a nyugodt felt\u00f6lt\u0151d\u00e9s t\u00f6k\u00e9letes harm\u00f3ni\u00e1j\u00e1ban. Adrenalin, sebess\u00e9g, vil\u00e1gsz\u00ednvonal \u2013 a Superbike verseny felejthetetlen \u00e9lm\u00e9nyt k\u00edn\u00e1l minden motorsport-rajong\u00f3nak. A WorldSBK Magyar Nagyd\u00edj hangulata \u00e9s a futamok intenzit\u00e1sa k\u00fcl\u00f6nleges kontrasztot alkot a sz\u00e1lloda kifinomult nyugalm\u00e1val. Foglaljon [...]","protected":false},"author":1,"featured_media":5762,"parent":0,"menu_order":0,"comment_status":"closed","ping_status":"closed","template":"","meta":{"footnotes":""},"class_list":["post-5754","page","type-page","status-publish","has-post-thumbnail","hentry"],"aioseo_notices":[],"_links":{"self":[{"href":"https:\/\/annagrandhotel.hu\/de\/wp-json\/wp\/v2\/pages\/5754","targetHints":{"allow":["GET"]}}],"collection":[{"href":"https:\/\/annagrandhotel.hu\/de\/wp-json\/wp\/v2\/pages"}],"about":[{"href":"https:\/\/annagrandhotel.hu\/de\/wp-json\/wp\/v2\/types\/page"}],"author":[{"embeddable":true,"href":"https:\/\/annagrandhotel.hu\/de\/wp-json\/wp\/v2\/users\/1"}],"replies":[{"embeddable":true,"href":"https:\/\/annagrandhotel.hu\/de\/wp-json\/wp\/v2\/comments?post=5754"}],"version-history":[{"count":7,"href":"https:\/\/annagrandhotel.hu\/de\/wp-json\/wp\/v2\/pages\/5754\/revisions"}],"predecessor-version":[{"id":5765,"href":"https:\/\/annagrandhotel.hu\/de\/wp-json\/wp\/v2\/pages\/5754\/revisions\/5765"}],"wp:featuredmedia":[{"embeddable":true,"href":"https:\/\/annagrandhotel.hu\/de\/wp-json\/wp\/v2\/media\/5762"}],"wp:attachment":[{"href":"https:\/\/annagrandhotel.hu\/de\/wp-json\/wp\/v2\/media?parent=5754"}],"curies":[{"name":"wp","href":"https:\/\/api.w.org\/{rel}","templated":true}]}}