{"id":50,"date":"2016-11-24T18:11:06","date_gmt":"2016-11-24T18:11:06","guid":{"rendered":"http:\/\/plethorathemes.com\/hotel-xenia\/?page_id=50"},"modified":"2026-03-17T08:44:27","modified_gmt":"2026-03-17T07:44:27","slug":"karrieren","status":"publish","type":"page","link":"https:\/\/annagrandhotel.hu\/de\/karrier\/","title":{"rendered":"Karriere"},"content":{"rendered":"<div class=\"wpb-content-wrapper\"><div data-vc-full-width=\"true\" data-vc-full-width-init=\"false\" class=\"vc_row wpb_row vc_row-fluid vc_custom_1488370312297 vc_row-has-fill padding_bottom_none\"><div class=\"wpb_column vc_column_container vc_col-sm-12\"><div class=\"vc_column-inner\"><div class=\"wpb_wrapper\"><div class=\"heading_group_sc wpb_content_element subtitle_bottom    text-center\">\n\n\n    <h2>Es ist gut, mit uns zu arbeiten<\/h2>\n\n\n        <span class=\"subtitle\">Arbeitsplatz mit hohem Prestige<\/span>\n\n<\/div><\/div><\/div><\/div><\/div><div class=\"vc_row-full-width vc_clearfix\"><\/div><div data-vc-full-width=\"true\" data-vc-full-width-init=\"false\" class=\"vc_row wpb_row vc_row-fluid vc_custom_1488370320895 vc_row-has-fill white_section padding_top_none\"><div class=\"wpb_column vc_column_container vc_col-sm-4\"><div class=\"vc_column-inner\"><div class=\"wpb_wrapper\"><!-- ========================== TEASER BOX ==========================-->\n\n<div class=\"teaser_box wpb_content_element  vertical text-center      with_image\">\n\n  <div class=\"figure with_image\">\n\n\n\n        \n        \n        \n         <img decoding=\"async\" src=\"https:\/\/annagrandhotel.hu\/wp-content\/uploads\/2024\/07\/Kornyezet.png\" alt=\"Elegante Umgebung\">   \n\n        \n\n\n  <\/div>\n\n\n  <div class=\"content\">\n    \n    <div class=\"hgroup textify_links\"><h4>Elegante Umgebung<\/h4><\/div>\n\n     <div class=\"desc\"><p>Unsere Mitarbeiter sind Teil eines F\u00fcnf-Sterne-Umfelds, das zu einem unvergesslichen G\u00e4steerlebnis beitr\u00e4gt.<\/p><\/div> \n\n  <\/div>\n\n<\/div>\n\n<!-- END======================= TEASER BOX ==========================--><\/div><\/div><\/div><div class=\"wpb_column vc_column_container vc_col-sm-4\"><div class=\"vc_column-inner\"><div class=\"wpb_wrapper\"><!-- ========================== TEASER BOX ==========================-->\n\n<div class=\"teaser_box wpb_content_element  vertical text-center      with_image\">\n\n  <div class=\"figure with_image\">\n\n\n\n        \n        \n        \n         <img decoding=\"async\" src=\"https:\/\/annagrandhotel.hu\/wp-content\/uploads\/2024\/07\/Csapat.png\" alt=\"Super Team\">   \n\n        \n\n\n  <\/div>\n\n\n  <div class=\"content\">\n    \n    <div class=\"hgroup textify_links\"><h4>Super Team<\/h4><\/div>\n\n     <div class=\"desc\"><p>Wir glauben an die Kraft eines starken Teams. Wir sind ein gro\u00dfartiges Team, in dem wir die Bem\u00fchungen aller unserer Mitarbeiter sch\u00e4tzen und w\u00fcrdigen.<\/p><\/div> \n\n  <\/div>\n\n<\/div>\n\n<!-- END======================= TEASER BOX ==========================--><\/div><\/div><\/div><div class=\"wpb_column vc_column_container vc_col-sm-4\"><div class=\"vc_column-inner\"><div class=\"wpb_wrapper\"><!-- ========================== TEASER BOX ==========================-->\n\n<div class=\"teaser_box wpb_content_element  vertical text-center      with_image\">\n\n  <div class=\"figure with_image\">\n\n\n\n        \n        \n        \n         <img decoding=\"async\" src=\"https:\/\/annagrandhotel.hu\/wp-content\/uploads\/2024\/07\/Fejlodes.png\" alt=\"Gelegenheit zur Entwicklung\">   \n\n        \n\n\n  <\/div>\n\n\n  <div class=\"content\">\n    \n    <div class=\"hgroup textify_links\"><h4>Gelegenheit zur Entwicklung<\/h4><\/div>\n\n     <div class=\"desc\"><p>Unsere erfahrenen Kollegen und die professionelle Ausbildung schaffen kontinuierliche Lernm\u00f6glichkeiten und ein unterst\u00fctzendes Umfeld.<\/p><\/div> \n\n  <\/div>\n\n<\/div>\n\n<!-- END======================= TEASER BOX ==========================--><\/div><\/div><\/div><\/div><div class=\"vc_row-full-width vc_clearfix\"><\/div><div data-vc-full-width=\"true\" data-vc-full-width-init=\"false\" class=\"vc_row wpb_row vc_row-fluid vc_custom_1721392715001 vc_row-has-fill padding_bottom_none\"><div class=\"wpb_column vc_column_container vc_col-sm-12 vc_col-has-fill\"><div class=\"vc_column-inner vc_custom_1721392860651\"><div class=\"wpb_wrapper\"><\/div><\/div><\/div><\/div><div class=\"vc_row-full-width vc_clearfix\"><\/div><div data-vc-full-width=\"true\" data-vc-full-width-init=\"false\" class=\"vc_row wpb_row vc_row-fluid shadow vc_custom_1770028893542 vc_row-has-fill secondary_section\"><div class=\"wpb_column vc_column_container vc_col-sm-6 vc_hidden-sm vc_hidden-xs\"><div class=\"vc_column-inner\"><div class=\"wpb_wrapper\">\n\t<div  class=\"wpb_single_image wpb_content_element vc_align_left\">\n\t\t\n\t\t<figure class=\"wpb_wrapper vc_figure\">\n\t\t\t<div class=\"vc_single_image-wrapper   vc_box_border_grey\"><img decoding=\"async\" class=\"vc_single_image-img\" src=\"https:\/\/annagrandhotel.hu\/wp-content\/uploads\/2024\/02\/Hosszu-hetvege-Mssonry_Rajztabla-1-03-1080x1080.webp\" width=\"1080\" height=\"1080\" alt=\"Geschenk-Nacht\" title=\"Geschenk-Nacht\" loading=\"lazy\" \/><\/div>\n\t\t<\/figure>\n\t<\/div>\n<\/div><\/div><\/div><div class=\"wpb_column vc_column_container vc_col-sm-6 vc_hidden-sm vc_hidden-xs\"><div class=\"vc_column-inner\"><div class=\"wpb_wrapper\"><div class=\"heading_group_sc wpb_content_element subtitle_top    text-left\">\n\n        <span class=\"subtitle\">Praktikum im Anna Grand Hotel und Balaton Park Hotel!<\/span>\n\n    <h2 data-pm-slice=\"1 1 &#091;&#093;\"><strong>Entdecken Sie die Welt der Gastfreundschaft!<\/strong><\/h2>\n\n\n\n<\/div>\n\t<div class=\"wpb_text_column wpb_content_element\" >\n\t\t<div class=\"wpb_wrapper\">\n\t\t\t<p><strong>Was wir unseren angehenden Teammitgliedern in unserem Ganzjahreshotel bieten:<\/strong><\/p>\n<p>Echte Erfahrung in einem Hotel der Spitzenklasse<\/p>\n<p>Professionelles Team unterst\u00fctzt Sie bei Ihrem Wachstum<\/p>\n<p>Inspirierende Umgebung am Ufer des Plattensees<\/p>\n<p>M\u00f6glichkeit, eine langfristige Karriere aufzubauen<\/p>\n\n\t\t<\/div>\n\t<\/div>\n<div class=\"plethora_button wpb_content_element  vc_custom_1770028920917  text-left\">\n    <a href=\"https:\/\/annagrandhotel.hu\/de\/praktikums-programm\/\" class=\"btn btn-light\" title=\"\"  target=\"_blank\">\n\n        \n        Mehr Details\n        \n\n    <\/a>\n<\/div><\/div><\/div><\/div><\/div><div class=\"vc_row-full-width vc_clearfix\"><\/div><div data-vc-full-width=\"true\" data-vc-full-width-init=\"false\" class=\"vc_row wpb_row vc_row-fluid shadow vc_custom_1773671789877 vc_row-has-fill\"><div class=\"wpb_column vc_column_container vc_col-sm-6\"><div class=\"vc_column-inner\"><div class=\"wpb_wrapper\">\n\t<div  class=\"wpb_single_image wpb_content_element vc_align_left\">\n\t\t\n\t\t<figure class=\"wpb_wrapper vc_figure\">\n\t\t\t<div class=\"vc_single_image-wrapper   vc_box_border_grey\"><img decoding=\"async\" class=\"vc_single_image-img\" src=\"https:\/\/annagrandhotel.hu\/wp-content\/uploads\/2025\/01\/Bartender.webp\" width=\"700\" height=\"700\" alt=\"Barkeeper\" title=\"Barkeeper\" loading=\"lazy\" \/><\/div>\n\t\t<\/figure>\n\t<\/div>\n<\/div><\/div><\/div><div class=\"wpb_column vc_column_container vc_col-sm-6\"><div class=\"vc_column-inner\"><div class=\"wpb_wrapper\"><div class=\"heading_group_sc wpb_content_element subtitle_top   vc_custom_1773671734261  text-left\">\n\n        <span class=\"subtitle\">Vollzeit<\/span>\n\n    <h3>Bar Manager<\/h3>\n\n\n\n<\/div>\n\t<div class=\"wpb_text_column wpb_content_element\" >\n\t\t<div class=\"wpb_wrapper\">\n\t\t\t<p><strong>Was wir unseren angehenden Teammitgliedern in unserem Ganzjahreshotel bieten:<\/strong><\/p>\n<ul>\n<li>wettbewerbsf\u00e4higes Gehalt<\/li>\n<li>langfristige Besch\u00e4ftigung mit 8-st\u00fcndiger K\u00fcndigungsfrist<\/li>\n<li>Fahrtkostenzuschuss zwischen Arbeit und Wohnung<\/li>\n<li>Entwicklungsm\u00f6glichkeiten, Ausbildung<\/li>\n<li>exklusive hotelgerechte einheitliche Arbeitskleidung<\/li>\n<li>warme Mahlzeiten an Werktagen<\/li>\n<li>ein dynamisches Team und ein stilvolles Arbeitsumfeld<\/li>\n<\/ul>\n\n\t\t<\/div>\n\t<\/div>\n<div class=\"plethora_button wpb_content_element   text-left\">\n    <a href=\"https:\/\/annagrandhotel.hu\/de\/barchef\/\" class=\"btn btn-secondary\" title=\"\"  target=\"_self\">\n\n        \n        Mehr Details\n        \n\n    <\/a>\n<\/div><\/div><\/div><\/div><\/div><div class=\"vc_row-full-width vc_clearfix\"><\/div><div data-vc-full-width=\"true\" data-vc-full-width-init=\"false\" class=\"vc_row wpb_row vc_row-fluid shadow vc_custom_1738340266379 vc_row-has-fill\"><div class=\"wpb_column vc_column_container vc_col-sm-6 vc_hidden-sm vc_hidden-xs\"><div class=\"vc_column-inner\"><div class=\"wpb_wrapper\">\n\t<div  class=\"wpb_single_image wpb_content_element vc_align_left\">\n\t\t\n\t\t<figure class=\"wpb_wrapper vc_figure\">\n\t\t\t<div class=\"vc_single_image-wrapper   vc_box_border_grey\"><img loading=\"lazy\" decoding=\"async\" width=\"1080\" height=\"1080\" src=\"https:\/\/annagrandhotel.hu\/wp-content\/uploads\/2024\/07\/Szobaasszony.webp\" class=\"vc_single_image-img attachment-full\" alt=\"\" title=\"Dienstm\u00e4dchen\" srcset=\"https:\/\/annagrandhotel.hu\/wp-content\/uploads\/2024\/07\/Szobaasszony.webp 1080w, https:\/\/annagrandhotel.hu\/wp-content\/uploads\/2024\/07\/Szobaasszony-300x300.webp 300w, https:\/\/annagrandhotel.hu\/wp-content\/uploads\/2024\/07\/Szobaasszony-1024x1024.webp 1024w, https:\/\/annagrandhotel.hu\/wp-content\/uploads\/2024\/07\/Szobaasszony-150x150.webp 150w, https:\/\/annagrandhotel.hu\/wp-content\/uploads\/2024\/07\/Szobaasszony-768x768.webp 768w, https:\/\/annagrandhotel.hu\/wp-content\/uploads\/2024\/07\/Szobaasszony-12x12.webp 12w\" sizes=\"auto, (max-width: 1080px) 100vw, 1080px\" \/><\/div>\n\t\t<\/figure>\n\t<\/div>\n<\/div><\/div><\/div><div class=\"wpb_column vc_column_container vc_col-sm-6 vc_hidden-sm vc_hidden-xs\"><div class=\"vc_column-inner\"><div class=\"wpb_wrapper\"><div class=\"heading_group_sc wpb_content_element subtitle_top    text-left\">\n\n        <span class=\"subtitle\">Vollzeit<\/span>\n\n    <h3>Dienstm\u00e4dchen<\/h3>\n\n\n\n<\/div>\n\t<div class=\"wpb_text_column wpb_content_element\" >\n\t\t<div class=\"wpb_wrapper\">\n\t\t\t<p><strong>Was wir unseren angehenden Teammitgliedern in unserem Ganzjahreshotel bieten:<\/strong><\/p>\n<ul>\n<li style=\"font-weight: 400;\" aria-level=\"1\"><span style=\"font-weight: 400;\">langfristige, sichere Besch\u00e4ftigung mit 8-st\u00fcndiger K\u00fcndigungsfrist<\/span><\/li>\n<li style=\"font-weight: 400;\" aria-level=\"1\"><span style=\"font-weight: 400;\">Fahrtkostenzuschuss zwischen Arbeit und Wohnung<\/span><\/li>\n<li style=\"font-weight: 400;\" aria-level=\"1\"><span style=\"font-weight: 400;\">vorhersehbare Arbeitszeiten<\/span><\/li>\n<li style=\"font-weight: 400;\" aria-level=\"1\"><span style=\"font-weight: 400;\">exklusive hotelgerechte einheitliche Arbeitskleidung\u00a0<\/span><\/li>\n<li style=\"font-weight: 400;\" aria-level=\"1\"><span style=\"font-weight: 400;\">warme Mahlzeiten an Werktagen<\/span><\/li>\n<li style=\"font-weight: 400;\" aria-level=\"1\"><span style=\"font-weight: 400;\">ein dynamisches Team und ein stilvolles Arbeitsumfeld<\/span><\/li>\n<\/ul>\n\n\t\t<\/div>\n\t<\/div>\n<div class=\"plethora_button wpb_content_element   text-left\">\n    <a href=\"https:\/\/annagrandhotel.hu\/de\/karriere-dienstmadchen\/\" class=\"btn btn-secondary\" title=\"\"  target=\"_blank\">\n\n        \n        Mehr Details\n        \n\n    <\/a>\n<\/div><\/div><\/div><\/div><\/div><div class=\"vc_row-full-width vc_clearfix\"><\/div><div data-vc-full-width=\"true\" data-vc-full-width-init=\"false\" class=\"vc_row wpb_row vc_row-fluid shadow vc_custom_1771538606805 vc_row-has-fill\"><div class=\"wpb_column vc_column_container vc_col-sm-6\"><div class=\"vc_column-inner\"><div class=\"wpb_wrapper\">\n\t<div  class=\"wpb_single_image wpb_content_element vc_align_left\">\n\t\t\n\t\t<figure class=\"wpb_wrapper vc_figure\">\n\t\t\t<div class=\"vc_single_image-wrapper   vc_box_border_grey\"><img loading=\"lazy\" decoding=\"async\" width=\"700\" height=\"700\" src=\"https:\/\/annagrandhotel.hu\/wp-content\/uploads\/2025\/01\/Karbantarto_allas.webp\" class=\"vc_single_image-img attachment-full\" alt=\"\" title=\"Wartung_Job\" srcset=\"https:\/\/annagrandhotel.hu\/wp-content\/uploads\/2025\/01\/Karbantarto_allas.webp 700w, https:\/\/annagrandhotel.hu\/wp-content\/uploads\/2025\/01\/Karbantarto_allas-300x300.webp 300w, https:\/\/annagrandhotel.hu\/wp-content\/uploads\/2025\/01\/Karbantarto_allas-150x150.webp 150w, https:\/\/annagrandhotel.hu\/wp-content\/uploads\/2025\/01\/Karbantarto_allas-12x12.webp 12w\" sizes=\"auto, (max-width: 700px) 100vw, 700px\" \/><\/div>\n\t\t<\/figure>\n\t<\/div>\n<\/div><\/div><\/div><div class=\"wpb_column vc_column_container vc_col-sm-6\"><div class=\"vc_column-inner\"><div class=\"wpb_wrapper\"><div class=\"heading_group_sc wpb_content_element subtitle_top   vc_custom_1736762426455  text-left\">\n\n        <span class=\"subtitle\">Vollzeit<\/span>\n\n    <h3>Wartung<\/h3>\n\n\n\n<\/div>\n\t<div class=\"wpb_text_column wpb_content_element\" >\n\t\t<div class=\"wpb_wrapper\">\n\t\t\t<p><strong>Was wir unseren angehenden Teammitgliedern in unserem Ganzjahreshotel bieten:<\/strong><\/p>\n<ul>\n<li style=\"font-weight: 400;\" aria-level=\"1\"><span style=\"font-weight: 400;\">langfristige, sichere Besch\u00e4ftigung mit 8-st\u00fcndiger K\u00fcndigungsfrist<\/span><\/li>\n<li style=\"font-weight: 400;\" aria-level=\"1\"><span style=\"font-weight: 400;\">Fahrtkostenzuschuss zwischen Arbeit und Wohnung<\/span><\/li>\n<li style=\"font-weight: 400;\" aria-level=\"1\"><span style=\"font-weight: 400;\">vorhersehbare Arbeitszeiten<\/span><\/li>\n<li style=\"font-weight: 400;\" aria-level=\"1\"><span style=\"font-weight: 400;\">Uniformen f\u00fcr ein exklusives Hotel\u00a0<\/span><\/li>\n<li style=\"font-weight: 400;\" aria-level=\"1\"><span style=\"font-weight: 400;\">warme Mahlzeiten an Werktagen<\/span><\/li>\n<li style=\"font-weight: 400;\" aria-level=\"1\"><span style=\"font-weight: 400;\">ein dynamisches Team und ein stilvolles Arbeitsumfeld<\/span><\/li>\n<li style=\"font-weight: 400;\" aria-level=\"1\"><span style=\"font-weight: 400;\">berufliche Entwicklungsm\u00f6glichkeiten<\/span><\/li>\n<\/ul>\n\n\t\t<\/div>\n\t<\/div>\n<div class=\"plethora_button wpb_content_element   text-left\">\n    <a href=\"https:\/\/annagrandhotel.hu\/de\/wartung\/\" class=\"btn btn-secondary\" title=\"\"  target=\"_self\">\n\n        \n        Mehr Details\n        \n\n    <\/a>\n<\/div><\/div><\/div><\/div><\/div><div class=\"vc_row-full-width vc_clearfix\"><\/div><div data-vc-full-width=\"true\" data-vc-full-width-init=\"false\" class=\"vc_row wpb_row vc_row-fluid shadow vc_custom_1736843809204 vc_row-has-fill\"><div class=\"wpb_column vc_column_container vc_col-sm-6\"><div class=\"vc_column-inner\"><div class=\"wpb_wrapper\">\n\t<div  class=\"wpb_single_image wpb_content_element vc_align_left\">\n\t\t\n\t\t<figure class=\"wpb_wrapper vc_figure\">\n\t\t\t<div class=\"vc_single_image-wrapper   vc_box_border_grey\"><img decoding=\"async\" class=\"vc_single_image-img\" src=\"https:\/\/annagrandhotel.hu\/wp-content\/uploads\/2024\/09\/WhatsApp-kep-2024-09-11-11.16.33_a01638bb-700x614.jpg\" width=\"700\" height=\"614\" alt=\"Empfangsdame f\u00fcr die Nacht\" title=\"Empfangsdame f\u00fcr die Nacht\" loading=\"lazy\" \/><\/div>\n\t\t<\/figure>\n\t<\/div>\n<\/div><\/div><\/div><div class=\"wpb_column vc_column_container vc_col-sm-6\"><div class=\"vc_column-inner\"><div class=\"wpb_wrapper\"><div class=\"heading_group_sc wpb_content_element subtitle_top   vc_custom_1726220010847  text-left\">\n\n        <span class=\"subtitle\">Vollzeit<\/span>\n\n    <h3>NACHT-REZEPTIONISTIN<\/h3>\n\n\n\n<\/div>\n\t<div class=\"wpb_text_column wpb_content_element\" >\n\t\t<div class=\"wpb_wrapper\">\n\t\t\t<p><strong>Was wir unseren angehenden Teammitgliedern in unserem Ganzjahreshotel bieten:<\/strong><\/p>\n<ul>\n<li>Unbefristeter Arbeitsvertrag mit vollst\u00e4ndiger Benachrichtigung<\/li>\n<li>Langfristige Besch\u00e4ftigungsm\u00f6glichkeiten<\/li>\n<li>Flexible Arbeitszeiten 12-Stunden-Nachtschichten<\/li>\n<li>Exklusive, hotelgerechte einheitliche Arbeitskleidung<\/li>\n<li>Eine warme Mahlzeit w\u00e4hrend der Arbeitszeit<\/li>\n<\/ul>\n\n\t\t<\/div>\n\t<\/div>\n<div class=\"plethora_button wpb_content_element   text-left\">\n    <a href=\"https:\/\/annagrandhotel.hu\/de\/nacht-rezeptionistin\/\" class=\"btn btn-secondary\" title=\"\"  target=\"_self\">\n\n        \n        Mehr Details\n        \n\n    <\/a>\n<\/div><\/div><\/div><\/div><\/div><div class=\"vc_row-full-width vc_clearfix\"><\/div><div data-vc-full-width=\"true\" data-vc-full-width-init=\"false\" class=\"vc_row wpb_row vc_row-fluid shadow vc_custom_1721392751904 vc_row-has-fill\"><div class=\"wpb_column vc_column_container vc_col-sm-12 vc_hidden-lg vc_hidden-md\"><div class=\"vc_column-inner\"><div class=\"wpb_wrapper\"><div class=\"heading_group_sc wpb_content_element subtitle_top    text-left\">\n\n        <span class=\"subtitle\">Vollzeit<\/span>\n\n    <h3>Dienstm\u00e4dchen<\/h3>\n\n\n\n<\/div>\n\t<div class=\"wpb_text_column wpb_content_element\" >\n\t\t<div class=\"wpb_wrapper\">\n\t\t\t<p><strong>Was wir unseren angehenden Teammitgliedern in unserem Ganzjahreshotel bieten:<\/strong><\/p>\n<ul>\n<li style=\"font-weight: 400;\" aria-level=\"1\"><span style=\"font-weight: 400;\">langfristige, sichere Besch\u00e4ftigung mit 8-st\u00fcndiger K\u00fcndigungsfrist<\/span><\/li>\n<li style=\"font-weight: 400;\" aria-level=\"1\"><span style=\"font-weight: 400;\">Fahrtkostenzuschuss zwischen Arbeit und Wohnung<\/span><\/li>\n<li style=\"font-weight: 400;\" aria-level=\"1\"><span style=\"font-weight: 400;\">vorhersehbare Arbeitszeiten<\/span><\/li>\n<li style=\"font-weight: 400;\" aria-level=\"1\"><span style=\"font-weight: 400;\">exklusive hotelgerechte einheitliche Arbeitskleidung\u00a0<\/span><\/li>\n<li style=\"font-weight: 400;\" aria-level=\"1\"><span style=\"font-weight: 400;\">warme Mahlzeiten an Werktagen<\/span><\/li>\n<li style=\"font-weight: 400;\" aria-level=\"1\"><span style=\"font-weight: 400;\">ein dynamisches Team und ein stilvolles Arbeitsumfeld<\/span><\/li>\n<\/ul>\n\n\t\t<\/div>\n\t<\/div>\n\n\t<div  class=\"wpb_single_image wpb_content_element vc_align_left\">\n\t\t\n\t\t<figure class=\"wpb_wrapper vc_figure\">\n\t\t\t<div class=\"vc_single_image-wrapper   vc_box_border_grey\"><img loading=\"lazy\" decoding=\"async\" width=\"1080\" height=\"1080\" src=\"https:\/\/annagrandhotel.hu\/wp-content\/uploads\/2024\/07\/Szobaasszony.webp\" class=\"vc_single_image-img attachment-full\" alt=\"\" title=\"Dienstm\u00e4dchen\" srcset=\"https:\/\/annagrandhotel.hu\/wp-content\/uploads\/2024\/07\/Szobaasszony.webp 1080w, https:\/\/annagrandhotel.hu\/wp-content\/uploads\/2024\/07\/Szobaasszony-300x300.webp 300w, https:\/\/annagrandhotel.hu\/wp-content\/uploads\/2024\/07\/Szobaasszony-1024x1024.webp 1024w, https:\/\/annagrandhotel.hu\/wp-content\/uploads\/2024\/07\/Szobaasszony-150x150.webp 150w, https:\/\/annagrandhotel.hu\/wp-content\/uploads\/2024\/07\/Szobaasszony-768x768.webp 768w, https:\/\/annagrandhotel.hu\/wp-content\/uploads\/2024\/07\/Szobaasszony-12x12.webp 12w\" sizes=\"auto, (max-width: 1080px) 100vw, 1080px\" \/><\/div>\n\t\t<\/figure>\n\t<\/div>\n<div class=\"plethora_button wpb_content_element   text-left\">\n    <a href=\"https:\/\/annagrandhotel.hu\/de\/karriere-dienstmadchen\/\" class=\"btn btn-secondary\" title=\"\"  target=\"_blank\">\n\n        \n        Mehr Details\n        \n\n    <\/a>\n<\/div><\/div><\/div><\/div><\/div><div class=\"vc_row-full-width vc_clearfix\"><\/div>\n<\/div>","protected":false},"excerpt":{"rendered":"Ez\u00e9rt j\u00f3 n\u00e1lunk dolgozni magas preszt\u00edzs\u0171 munkahely Eleg\u00e1ns k\u00f6rnyezet Munkat\u00e1rsaink r\u00e9szesei egy olyan \u00f6tcsillagos k\u00f6rnyezetnek, mellyel hozz\u00e1j\u00e1rulnak a felejthetetlen vend\u00e9g\u00e9lm\u00e9nyhez. Szuper csapat Hisz\u00fcnk az er\u0151s csapat erej\u00e9ben. Egy szuper csapatot alkotunk, amiben \u00e9rt\u00e9kelj\u00fck \u00e9s \u00fcnnepelj\u00fck minden munkat\u00e1rsunk er\u0151fesz\u00edt\u00e9seit. Fejl\u0151d\u00e9si lehet\u0151s\u00e9g Tapasztalt koll\u00e9g\u00e1ink \u00e9s szakmai tr\u00e9ningeink folyamatos tanul\u00e1si lehet\u0151s\u00e9geket \u00e9s egy t\u00e1mogat\u00f3 k\u00f6rnyezetet teremtenek. Szakmai gyakorlat [...]","protected":false},"author":1,"featured_media":3970,"parent":0,"menu_order":0,"comment_status":"closed","ping_status":"closed","template":"","meta":{"footnotes":""},"class_list":["post-50","page","type-page","status-publish","has-post-thumbnail","hentry"],"aioseo_notices":[],"_links":{"self":[{"href":"https:\/\/annagrandhotel.hu\/de\/wp-json\/wp\/v2\/pages\/50","targetHints":{"allow":["GET"]}}],"collection":[{"href":"https:\/\/annagrandhotel.hu\/de\/wp-json\/wp\/v2\/pages"}],"about":[{"href":"https:\/\/annagrandhotel.hu\/de\/wp-json\/wp\/v2\/types\/page"}],"author":[{"embeddable":true,"href":"https:\/\/annagrandhotel.hu\/de\/wp-json\/wp\/v2\/users\/1"}],"replies":[{"embeddable":true,"href":"https:\/\/annagrandhotel.hu\/de\/wp-json\/wp\/v2\/comments?post=50"}],"version-history":[{"count":84,"href":"https:\/\/annagrandhotel.hu\/de\/wp-json\/wp\/v2\/pages\/50\/revisions"}],"predecessor-version":[{"id":5686,"href":"https:\/\/annagrandhotel.hu\/de\/wp-json\/wp\/v2\/pages\/50\/revisions\/5686"}],"wp:featuredmedia":[{"embeddable":true,"href":"https:\/\/annagrandhotel.hu\/de\/wp-json\/wp\/v2\/media\/3970"}],"wp:attachment":[{"href":"https:\/\/annagrandhotel.hu\/de\/wp-json\/wp\/v2\/media?parent=50"}],"curies":[{"name":"wp","href":"https:\/\/api.w.org\/{rel}","templated":true}]}}