{"id":48,"date":"2016-11-24T18:10:50","date_gmt":"2016-11-24T18:10:50","guid":{"rendered":"http:\/\/plethorathemes.com\/hotel-xenia\/?page_id=48"},"modified":"2025-12-17T12:56:48","modified_gmt":"2025-12-17T11:56:48","slug":"kontakt","status":"publish","type":"page","link":"https:\/\/annagrandhotel.hu\/de\/kapcsolat\/","title":{"rendered":"Kontakt"},"content":{"rendered":"<div class=\"wpb-content-wrapper\"><div class=\"vc_row wpb_row vc_row-fluid padding_bottom_1-4\"><div class=\"wpb_column vc_column_container vc_col-sm-12\"><div class=\"vc_column-inner\"><div class=\"wpb_wrapper\"><div class=\"wpb_gmaps_widget wpb_content_element\"><div class=\"wpb_wrapper\"><div class=\"wpb_map_wraper\"><iframe src=\"https:\/\/www.google.com\/maps\/embed?pb=!1m18!1m12!1m3!1d2464.415005643581!2d17.889829875846978!3d46.95643933264858!2m3!1f0!2f0!3f0!3m2!1i1024!2i768!4f13.1!3m3!1m2!1s0x4769bdaeeac52595%3A0xf4011560b68e1ea5!2sAnna%20Grand%20Hotel!5e1!3m2!1shu!2shu!4v1765969834241!5m2!1shu!2shu\" width=\"600\" height=\"450\" style=\"border:0;\" allowfullscreen=\"\" loading=\"lazy\" referrerpolicy=\"no-referrer-when-downgrade\"><\/iframe><\/div><\/div><\/div><div class=\"plethora_button wpb_content_element   text-left\">\n    <a href=\"https:\/\/www.google.com\/maps\/dir\/\/Anna+Grand+Hotel+Balatonf%C3%BCred+Gy%C3%B3gy+t%C3%A9r+1+8230\/@46.9557512,17.8941899,15z\/data=!4m8!4m7!1m0!1m5!1m1!1s0x4769bd08934a3087:0x3305b00b2ea4aba2!2m2!1d17.8941761!2d46.9557626?entry=ttu\" class=\"btn btn-secondary\" title=\"\"  target=\"_blank\">\n\n        \n        Wegbeschreibung\n        \n\n    <\/a>\n<\/div><\/div><\/div><\/div><\/div><div data-vc-full-width=\"true\" data-vc-full-width-init=\"false\" class=\"vc_row wpb_row vc_row-fluid vc_custom_1693215604339 vc_row-has-fill padding_bottom_none\"><div class=\"wpb_column vc_column_container vc_col-sm-8 vc_col-sm-offset-2\"><div class=\"vc_column-inner\"><div class=\"wpb_wrapper\">\n\t<div class=\"wpb_text_column wpb_content_element\" >\n\t\t<div class=\"wpb_wrapper\">\n\t\t\t<h3 style=\"text-align: center;\">DER STANDORT DES ANNA GRAND<\/h3>\n<p style=\"text-align: center;\">Unser Hotel befindet sich am Nordufer des Plattensees, im Herzen des historischen Zentrums von Balatonf\u00fcred, etwa 100 Meter von der Tagore-Promenade entfernt.<\/p>\n<div id=\"gtx-trans\" style=\"position: absolute; left: 318px; top: 63.5156px;\">\n<div class=\"gtx-trans-icon\"><\/div>\n<\/div>\n\n\t\t<\/div>\n\t<\/div>\n<\/div><\/div><\/div><\/div><div class=\"vc_row-full-width vc_clearfix\"><\/div><div data-vc-full-width=\"true\" data-vc-full-width-init=\"false\" class=\"vc_row wpb_row vc_row-fluid vc_custom_1693215620034 vc_row-has-fill padding_top_none\"><div class=\"wpb_column vc_column_container vc_col-sm-4\"><div class=\"vc_column-inner\"><div class=\"wpb_wrapper\"><!-- ========================== TEASER BOX ==========================-->\n\n<div class=\"teaser_box wpb_content_element  vertical text-center      with_image\">\n\n  <div class=\"figure with_image\">\n\n\n\n        \n        \n        \n         <img decoding=\"async\" src=\"https:\/\/annagrandhotel.hu\/wp-content\/uploads\/2023\/07\/icon-phone.png\" alt=\"Telefon\">   \n\n        \n\n\n  <\/div>\n\n\n  <div class=\"content\">\n    \n    <div class=\"hgroup textify_links\"><h4>Telefon<\/h4><\/div>\n\n     <div class=\"desc\"><p>Wir geben Ihnen gerne telefonisch Auskunft oder weisen Ihnen den Weg, falls erforderlich.<br \/>\n<b>+36 87 581 200<\/b><\/p><\/div> \n\n  <\/div>\n\n<\/div>\n\n<!-- END======================= TEASER BOX ==========================--><\/div><\/div><\/div><div class=\"wpb_column vc_column_container vc_col-sm-4\"><div class=\"vc_column-inner\"><div class=\"wpb_wrapper\"><!-- ========================== TEASER BOX ==========================-->\n\n<div class=\"teaser_box wpb_content_element  vertical text-center      with_image\">\n\n  <div class=\"figure with_image\">\n\n\n\n        \n        \n        \n         <img decoding=\"async\" src=\"https:\/\/annagrandhotel.hu\/wp-content\/uploads\/2023\/07\/icon-mail.png\" alt=\"E-Mail\">   \n\n        \n\n\n  <\/div>\n\n\n  <div class=\"content\">\n    \n    <div class=\"hgroup textify_links\"><h4>E-Mail<\/h4><\/div>\n\n     <div class=\"desc\"><p>Haben Sie eine Frage? Schreiben Sie uns einfach eine E-Mail und wir helfen Ihnen gerne weiter.<br \/>\n<b>reservation@annagrandhotel.hu<\/b><\/p><\/div> \n\n  <\/div>\n\n<\/div>\n\n<!-- END======================= TEASER BOX ==========================--><\/div><\/div><\/div><div class=\"wpb_column vc_column_container vc_col-sm-4\"><div class=\"vc_column-inner\"><div class=\"wpb_wrapper\"><!-- ========================== TEASER BOX ==========================-->\n\n<div class=\"teaser_box wpb_content_element  vertical text-center      with_image\">\n\n  <div class=\"figure with_image\">\n\n\n\n        \n        \n        \n         <img decoding=\"async\" src=\"https:\/\/annagrandhotel.hu\/wp-content\/uploads\/2023\/07\/icon-parking.png\" alt=\"PARKEN\">   \n\n        \n\n\n  <\/div>\n\n\n  <div class=\"content\">\n    \n    <div class=\"hgroup textify_links\"><h4>PARKEN<\/h4><\/div>\n\n     <div class=\"desc\"><p>Das Anna Grand verf\u00fcgt sowohl \u00fcber Parkpl\u00e4tze im Freien als auch \u00fcber eine \u00fcberdachte Tiefgarage. Au\u00dferdem stehen unseren G\u00e4sten Ladestationen f\u00fcr<\/p><\/div> \n\n  <\/div>\n\n<\/div>\n\n<!-- END======================= TEASER BOX ==========================--><\/div><\/div><\/div><\/div><div class=\"vc_row-full-width vc_clearfix\"><\/div><div data-vc-full-width=\"true\" data-vc-full-width-init=\"false\" class=\"vc_row wpb_row vc_row-fluid large_form vc_custom_1765884275944 vc_row-has-fill black_section transparent_film text-center\"><div class=\"wpb_column vc_column_container vc_col-sm-8 vc_col-sm-offset-2\"><div class=\"vc_column-inner\"><div class=\"wpb_wrapper\"><div class=\"heading_group_sc wpb_content_element subtitle_bottom    text-center\">\n\n\n    <h2>NEWSLETTER<\/h2>\n<div id=\"gtx-trans\" style=\"position: absolute; left: -13px; top: -4.09375px;\">\n<div class=\"gtx-trans-icon\"><\/div>\n<\/div>\n<hr class=\"horizontal-selector\" \/>\n\n\n        <span class=\"subtitle\"><\/span>\n\n<\/div>\n\t<div class=\"wpb_text_column wpb_content_element  vc_custom_1690543899743\" >\n\t\t<div class=\"wpb_wrapper\">\n\t\t\t<p style=\"text-align: center;\">Melden Sie sich f\u00fcr unseren Newsletter an, um als Erste\/r von exklusiven Angeboten von Anna Grand zu erfahren.<\/p>\n\n\t\t<\/div>\n\t<\/div>\n\n\t<div class=\"wpb_raw_code wpb_content_element wpb_raw_html\" >\n\t\t<div class=\"wpb_wrapper\">\n\t\t\t<div id=\"mc_embed_shell\">\n  \n<div id=\"mc_embed_signup\">\n    <form action=\"https:\/\/annagrandhotel.us12.list-manage.com\/subscribe\/post?u=48199d8badfb8b051d7a30172&amp;id=acfe6ae5bc&amp;f_id=0075e7e0f0\" method=\"post\" id=\"mc-embedded-subscribe-form\" name=\"mc-embedded-subscribe-form\" class=\"validate\" target=\"_self\" novalidate=\"\">\n            <div class=\"k\u00f6telez\u0151en kit\u00f6ltend\u0151\"><span class=\"asterisk\">*<\/span> obligatorisch<\/div>\n            <div class=\"mc-field-group\"><label for=\"mce-EMAIL\">E-Mail Adresse <span class=\"asterisk\">*<\/span><\/label><input type=\"email\" name=\"EMAIL\" class=\"required email\" id=\"mce-EMAIL\" required=\"\" value=\"\"><\/div><div class=\"mc-field-group\"><label for=\"mce-MMERGE7\">NAME <\/label><input type=\"text\" name=\"MMERGE7\" class=\"text\" id=\"mce-MMERGE7\" value=\"\"><\/div>\n<div hidden=\"\"><input type=\"hidden\" name=\"tags\" value=\"10473738\"><\/div>\n        <div id=\"mce-responses\" class=\"clear\">\n            <div class=\"response\" id=\"mce-error-response\" style=\"display: none;\"><\/div>\n            <div class=\"response\" id=\"mce-success-response\" style=\"display: none;\"><\/div>\n        <\/div><div aria-hidden=\"true\" style=\"position: absolute; left: -5000px;\"><input type=\"text\" name=\"b_48199d8badfb8b051d7a30172_acfe6ae5bc\" tabindex=\"-1\" value=\"\"><\/div><div class=\"clear\"><input type=\"submit\" name=\"Feliratkoz\u00e1s\" id=\"mc-embedded-subscribe\" class=\"button\" value=\"Abonnieren unter\"><\/div>\n    <\/div>\n<\/form>\n<\/div>\n<\/div>\n\n\t\t<\/div>\n\t<\/div>\n<\/div><\/div><\/div><\/div><div class=\"vc_row-full-width vc_clearfix\"><\/div>\n<\/div>","protected":false},"excerpt":{"rendered":"\u00datvonal AZ ANNA GRAND ELHELYEZKED\u00c9SE A sz\u00e1lloda a Balaton \u00e9szaki partj\u00e1n, a Tagore s\u00e9t\u00e1nyt\u00f3l 100 m\u00e9terre, Balatonf\u00fcred t\u00f6rt\u00e9nelmi negyed\u00e9nek sz\u00edv\u00e9ben tal\u00e1lhat\u00f3. Telefon K\u00e9rd\u00e9seire sz\u00edvesen v\u00e1laszolunk telefonon, vagy ha sz\u00fcks\u00e9ges, \u00fatbaigaz\u00edt\u00e1st adunk. +36 87 581 200 E-mail Ha k\u00e9rd\u00e9se van, egyszer\u0171en \u00edrjon nek\u00fcnk egy e-mailt, \u00e9s mi \u00f6r\u00f6mmel v\u00e1laszolunk. reservation@annagrandhotel.hu Parkol\u00e1s Az Anna Grand nyitott parkol\u00f3helyekkel [...]","protected":false},"author":1,"featured_media":2813,"parent":0,"menu_order":0,"comment_status":"closed","ping_status":"closed","template":"","meta":{"footnotes":""},"class_list":["post-48","page","type-page","status-publish","has-post-thumbnail","hentry"],"aioseo_notices":[],"_links":{"self":[{"href":"https:\/\/annagrandhotel.hu\/de\/wp-json\/wp\/v2\/pages\/48","targetHints":{"allow":["GET"]}}],"collection":[{"href":"https:\/\/annagrandhotel.hu\/de\/wp-json\/wp\/v2\/pages"}],"about":[{"href":"https:\/\/annagrandhotel.hu\/de\/wp-json\/wp\/v2\/types\/page"}],"author":[{"embeddable":true,"href":"https:\/\/annagrandhotel.hu\/de\/wp-json\/wp\/v2\/users\/1"}],"replies":[{"embeddable":true,"href":"https:\/\/annagrandhotel.hu\/de\/wp-json\/wp\/v2\/comments?post=48"}],"version-history":[{"count":68,"href":"https:\/\/annagrandhotel.hu\/de\/wp-json\/wp\/v2\/pages\/48\/revisions"}],"predecessor-version":[{"id":5190,"href":"https:\/\/annagrandhotel.hu\/de\/wp-json\/wp\/v2\/pages\/48\/revisions\/5190"}],"wp:featuredmedia":[{"embeddable":true,"href":"https:\/\/annagrandhotel.hu\/de\/wp-json\/wp\/v2\/media\/2813"}],"wp:attachment":[{"href":"https:\/\/annagrandhotel.hu\/de\/wp-json\/wp\/v2\/media?parent=48"}],"curies":[{"name":"wp","href":"https:\/\/api.w.org\/{rel}","templated":true}]}}