{"id":4732,"date":"2025-02-20T13:45:53","date_gmt":"2025-02-20T12:45:53","guid":{"rendered":"https:\/\/annagrandhotel.hu\/?page_id=4732"},"modified":"2026-02-02T13:08:24","modified_gmt":"2026-02-02T12:08:24","slug":"praktikums-programm","status":"publish","type":"page","link":"https:\/\/annagrandhotel.hu\/de\/gyakornoki-program\/","title":{"rendered":"Praktikums-Programm"},"content":{"rendered":"<div class=\"wpb-content-wrapper\"><div class=\"vc_row wpb_row vc_row-fluid vc_custom_1740056866651 vc_row-has-fill vc_row-o-equal-height vc_row-flex\"><div class=\"wpb_column vc_column_container vc_col-sm-8 vc_col-has-fill\"><div class=\"vc_column-inner vc_custom_1740056996461\"><div class=\"wpb_wrapper\"><div class=\"heading_group_sc wpb_content_element subtitle_bottom   vc_custom_1740056942388  text-left\">\n\n\n    <h2 data-pm-slice=\"1 1 &#091;&#093;\"><strong>Entdecken Sie die Welt der Gastfreundschaft - Praktikum im Anna Grand Hotel und Balaton Park Hotel!<\/strong><\/h2>\n\n\n        <span class=\"subtitle\"><\/span>\n\n<\/div><div class=\"heading_group_sc wpb_content_element subtitle_bottom   vc_custom_1740057162188  text-left\">\n\n\n    <p style=\"text-align: justify;\">M\u00f6chten Sie Ihre ersten Berufserfahrungen in einem modernen, stilvollen Umfeld sammeln? Das Anna Grand Hotel und das Balaton Park Hotel bieten Ihnen jetzt die M\u00f6glichkeit, Ihr Praktikum in einem erstklassigen Hotel zu absolvieren, wo Sie echte Kenntnisse in der Welt des Gastgewerbes und der Hotellerie erwerben k\u00f6nnen.<\/p>\n\n\n        <span class=\"subtitle\"><\/span>\n\n<\/div><\/div><\/div><\/div><div class=\"wpb_column vc_column_container vc_col-sm-4 vc_col-has-fill\"><div class=\"vc_column-inner vc_custom_1740057006646 secondary_section\"><div class=\"wpb_wrapper\"><div class=\"heading_group_sc wpb_content_element subtitle_bottom    text-left\">\n\n\n    <p data-pm-slice=\"1 1 &#091;&#093;\">Kommen Sie zu uns und gestalten Sie Ihre Zukunft an einem au\u00dfergew\u00f6hnlichen Standort! Bewerben Sie sich jetzt und werden Sie Teil der aufregenden Welt der Hotellerie!<\/p>\n\n\n        <span class=\"subtitle\"><\/span>\n\n<\/div><div class=\"heading_group_sc wpb_content_element subtitle_bottom    text-left\">\n\n\n    <p data-pm-slice=\"1 1 &#091;&#093;\"><span style=\"font-weight: 400;\">Bitte senden Sie eine Fotokopie Ihres Lebenslaufs zusammen mit der Stelle, f\u00fcr die Sie sich bewerben, an <\/span><a href=\"mailto:hr@annagrandhotel.hu\"><span style=\"font-weight: 400;\">hr@annagrandhotel.hu<\/span><\/a><span style=\"font-weight: 400;\"> Adresse.<\/span><\/p>\n\n\n        <span class=\"subtitle\"><\/span>\n\n<\/div><\/div><\/div><\/div><\/div><div class=\"vc_row wpb_row vc_row-fluid shadow vc_custom_1740058786506\"><div class=\"shadow wpb_column vc_column_container vc_col-sm-6\"><div class=\"vc_column-inner\"><div class=\"wpb_wrapper\"><!-- ========================== HOVER BOX ==========================-->\n\n<div style=\"background-image: url('https:\/\/annagrandhotel.hu\/wp-content\/uploads\/2025\/02\/Anna-Grand-Hotel.webp')\" class=\"hoverbox wpb_content_element black_section neutralize_links stretchy_wrapper ratio_1-1   vc_custom_1740059676867\">\n<div class=\"hoverbox_tran black_section transparent_film\"><\/div>\n\t<a href=\"#\">\n\t\t<div class=\"hoverbox_icon\">\n\t\t\t<img decoding=\"async\" src=\"https:\/\/annagrandhotel.hu\/wp-content\/uploads\/2025\/02\/Anna-Grand-logo.webp\" alt=\"\">\n\t\t<\/div>\n\t\t<div class=\"hoverbox_title\">\n\t\t\t<h2>ANNA GRAND HOTEL<\/h2>\n\t\t<\/div>\n\t\t<div class=\"hoverbox_paragraph\">\n\t\t\t<p><\/p>\n<p style=\"text-align: justify;\">Eines der kultigsten Hotels am Nordufer des Balaton, das klassische Eleganz mit modernen A<\/p>\n<p><\/p>\n\t\t<\/div>\n\t<\/a>\t\n<\/div>\n\n<!-- END======================= HOVER BOX ==========================--><\/div><\/div><\/div><div class=\"shadow wpb_column vc_column_container vc_col-sm-6\"><div class=\"vc_column-inner\"><div class=\"wpb_wrapper\"><!-- ========================== HOVER BOX ==========================-->\n\n<div style=\"background-image: url('https:\/\/annagrandhotel.hu\/wp-content\/uploads\/2025\/02\/Balaton-Park-Hotel.webp')\" class=\"hoverbox wpb_content_element black_section neutralize_links stretchy_wrapper ratio_1-1   vc_custom_1740059684223\">\n<div class=\"hoverbox_tran black_section transparent_film\"><\/div>\n\t<a href=\"#\">\n\t\t<div class=\"hoverbox_icon\">\n\t\t\t<img decoding=\"async\" src=\"https:\/\/annagrandhotel.hu\/wp-content\/uploads\/2025\/02\/Balaton-Park-logo.webp\" alt=\"\">\n\t\t<\/div>\n\t\t<div class=\"hoverbox_title\">\n\t\t\t<h2>BALATON PARK HOTEL<\/h2>\n\t\t<\/div>\n\t\t<div class=\"hoverbox_paragraph\">\n\t\t\t<p><\/p>\n<p style=\"text-align: justify;\">Dieses moderne und innovative Hotel liegt direkt an der Balaton-Park-Rennstrecke und verbindet sportliche Eleganz mit erstklassigen Dienstleistungen. Ein idealer Ort f\u00fcr alle, die in einem dynamischen und inspirierenden Umfeld lernen und wachsen wollen. Hier k\u00f6nnen Sie einen Einblick in die Arbeitsweise eines Premium-Hotels gewinnen und gleichzeitig die Welt des Motorsports erkunden.<\/p>\n<p><\/p>\n\t\t<\/div>\n\t<\/a>\t\n<\/div>\n\n<!-- END======================= HOVER BOX ==========================--><\/div><\/div><\/div><\/div><div data-vc-full-width=\"true\" data-vc-full-width-init=\"false\" class=\"vc_row wpb_row vc_row-fluid vc_custom_1740052578848 vc_row-has-fill light_section\"><div class=\"wpb_column vc_column_container vc_col-sm-12\"><div class=\"vc_column-inner\"><div class=\"wpb_wrapper\"><div class=\"heading_group_sc wpb_content_element subtitle_bottom    text-center\">\n\n\n    <h4 data-pm-slice=\"1 1 &#091;&#093;\"><strong>Warum sollten Sie ein Praktikum bei uns absolvieren?<\/strong><\/h4>\n\n\n        <span class=\"subtitle\"><\/span>\n\n<\/div><\/div><\/div><\/div><\/div><div class=\"vc_row-full-width vc_clearfix\"><\/div><div data-vc-full-width=\"true\" data-vc-full-width-init=\"false\" class=\"vc_row wpb_row vc_row-fluid vc_custom_1740052540714 vc_row-has-fill light_section\"><div class=\"wpb_column vc_column_container vc_col-sm-3\"><div class=\"vc_column-inner\"><div class=\"wpb_wrapper\"><!-- ========================== TEASER BOX ==========================-->\n\n<div class=\"teaser_box wpb_content_element  vertical text-center      with_image\">\n\n  <div class=\"figure with_image\">\n\n\n\n        \n        \n        \n         <img decoding=\"async\" src=\"https:\/\/annagrandhotel.hu\/wp-content\/uploads\/2025\/02\/Tapasztalat.png\" alt=\"Echte Erfahrung in einem Hotel der Spitzenklasse\">   \n\n        \n\n\n  <\/div>\n\n\n  <div class=\"content\">\n    \n    <div class=\"hgroup textify_links\"><h4>Echte Erfahrung in einem Hotel der Spitzenklasse<\/h4><\/div>\n\n    \n\n  <\/div>\n\n<\/div>\n\n<!-- END======================= TEASER BOX ==========================--><\/div><\/div><\/div><div class=\"wpb_column vc_column_container vc_col-sm-3\"><div class=\"vc_column-inner\"><div class=\"wpb_wrapper\"><!-- ========================== TEASER BOX ==========================-->\n\n<div class=\"teaser_box wpb_content_element  vertical text-center      with_image\">\n\n  <div class=\"figure with_image\">\n\n\n\n        \n        \n        \n         <img decoding=\"async\" src=\"https:\/\/annagrandhotel.hu\/wp-content\/uploads\/2025\/02\/Csapat_1.png\" alt=\"Professionelles Team unterst\u00fctzt Sie bei Ihrem Wachstum\">   \n\n        \n\n\n  <\/div>\n\n\n  <div class=\"content\">\n    \n    <div class=\"hgroup textify_links\"><h4>Professionelles Team unterst\u00fctzt Sie bei Ihrem Wachstum<\/h4><\/div>\n\n    \n\n  <\/div>\n\n<\/div>\n\n<!-- END======================= TEASER BOX ==========================--><\/div><\/div><\/div><div class=\"wpb_column vc_column_container vc_col-sm-3\"><div class=\"vc_column-inner\"><div class=\"wpb_wrapper\"><!-- ========================== TEASER BOX ==========================-->\n\n<div class=\"teaser_box wpb_content_element  vertical text-center      with_image\">\n\n  <div class=\"figure with_image\">\n\n\n\n        \n        \n        \n         <img decoding=\"async\" src=\"https:\/\/annagrandhotel.hu\/wp-content\/uploads\/2025\/02\/Balaton.png\" alt=\"Inspirierende Umgebung am Ufer des Plattensees\">   \n\n        \n\n\n  <\/div>\n\n\n  <div class=\"content\">\n    \n    <div class=\"hgroup textify_links\"><h4>Inspirierende Umgebung am Ufer des Plattensees<\/h4><\/div>\n\n    \n\n  <\/div>\n\n<\/div>\n\n<!-- END======================= TEASER BOX ==========================--><\/div><\/div><\/div><div class=\"wpb_column vc_column_container vc_col-sm-3\"><div class=\"vc_column-inner\"><div class=\"wpb_wrapper\"><!-- ========================== TEASER BOX ==========================-->\n\n<div class=\"teaser_box wpb_content_element  vertical text-center      with_image\">\n\n  <div class=\"figure with_image\">\n\n\n\n        \n        \n        \n         <img decoding=\"async\" src=\"https:\/\/annagrandhotel.hu\/wp-content\/uploads\/2025\/02\/Karrier_2-1.png\" alt=\"M\u00f6glichkeit, eine langfristige Karriere aufzubauen\">   \n\n        \n\n\n  <\/div>\n\n\n  <div class=\"content\">\n    \n    <div class=\"hgroup textify_links\"><h4>M\u00f6glichkeit, eine langfristige Karriere aufzubauen<\/h4><\/div>\n\n    \n\n  <\/div>\n\n<\/div>\n\n<!-- END======================= TEASER BOX ==========================--><\/div><\/div><\/div><\/div><div class=\"vc_row-full-width vc_clearfix\"><\/div><div data-vc-full-width=\"true\" data-vc-full-width-init=\"false\" class=\"vc_row wpb_row vc_row-fluid vc_custom_1740053539401 vc_row-has-fill\"><div class=\"wpb_column vc_column_container vc_col-sm-12\"><div class=\"vc_column-inner\"><div class=\"wpb_wrapper\"><div class=\"heading_group_sc wpb_content_element subtitle_bottom    text-center\">\n\n\n    <h3 data-pm-slice=\"1 1 &#091;&#093;\"><strong>In welchen Bereichen k\u00f6nnen Sie sich ausprobieren?<\/strong><\/h3>\n\n\n        <span class=\"subtitle\"><\/span>\n\n<\/div><\/div><\/div><\/div><\/div><div class=\"vc_row-full-width vc_clearfix\"><\/div><div data-vc-full-width=\"true\" data-vc-full-width-init=\"false\" class=\"vc_row wpb_row vc_row-fluid vc_custom_1740055171281 vc_row-has-fill\"><div class=\"wpb_column vc_column_container vc_col-sm-3\"><div class=\"vc_column-inner\"><div class=\"wpb_wrapper\"><div class=\"heading_group_sc wpb_content_element subtitle_bottom    text-left\">\n\n\n    <p data-pm-slice=\"1 1 &#091;&quot;list&quot;,{&quot;spread&quot;:false,&quot;start&quot;:1231,&quot;end&quot;:1864},&quot;regular_list_item&quot;,{&quot;start&quot;:1231,&quot;end&quot;:1326}&#093;\"><strong>Hauswirtschaft<\/strong><\/p>\n\n\n        <span class=\"subtitle\"><\/span>\n\n<\/div><\/div><\/div><\/div><div class=\"wpb_column vc_column_container vc_col-sm-9\"><div class=\"vc_column-inner\"><div class=\"wpb_wrapper\"><div class=\"heading_group_sc wpb_content_element subtitle_bottom    text-left\">\n\n\n    <p data-pm-slice=\"1 1 &#091;&quot;list&quot;,{&quot;spread&quot;:false,&quot;start&quot;:1231,&quot;end&quot;:1864},&quot;regular_list_item&quot;,{&quot;start&quot;:1231,&quot;end&quot;:1326}&#093;\">Erfahren Sie, wie ein Hotel der Schl\u00fcssel zu einem perfekten G\u00e4steerlebnis ist.<\/p>\n\n\n        <span class=\"subtitle\"><\/span>\n\n<\/div><\/div><\/div><\/div><\/div><div class=\"vc_row-full-width vc_clearfix\"><\/div><div data-vc-full-width=\"true\" data-vc-full-width-init=\"false\" class=\"vc_row wpb_row vc_row-fluid vc_custom_1740055859961 vc_row-has-fill primary_section\"><div class=\"wpb_column vc_column_container vc_col-sm-3\"><div class=\"vc_column-inner\"><div class=\"wpb_wrapper\"><div class=\"heading_group_sc wpb_content_element subtitle_bottom    text-left\">\n\n\n    <p data-pm-slice=\"1 1 &#091;&quot;list&quot;,{&quot;spread&quot;:false,&quot;start&quot;:1231,&quot;end&quot;:1864},&quot;regular_list_item&quot;,{&quot;start&quot;:1327,&quot;end&quot;:1413}&#093;\"><strong>K\u00fcche<\/strong><\/p>\n\n\n        <span class=\"subtitle\"><\/span>\n\n<\/div><\/div><\/div><\/div><div class=\"wpb_column vc_column_container vc_col-sm-9\"><div class=\"vc_column-inner\"><div class=\"wpb_wrapper\"><div class=\"heading_group_sc wpb_content_element subtitle_bottom    text-left\">\n\n\n    <p data-pm-slice=\"1 1 &#091;&quot;list&quot;,{&quot;spread&quot;:false,&quot;start&quot;:1231,&quot;end&quot;:1864},&quot;regular_list_item&quot;,{&quot;start&quot;:1327,&quot;end&quot;:1413}&#093;\">Lernen Sie die Grundlagen des kulinarischen Handwerks als Teil eines professionellen Teams.<\/p>\n\n\n        <span class=\"subtitle\"><\/span>\n\n<\/div><\/div><\/div><\/div><\/div><div class=\"vc_row-full-width vc_clearfix\"><\/div><div data-vc-full-width=\"true\" data-vc-full-width-init=\"false\" class=\"vc_row wpb_row vc_row-fluid vc_custom_1740055516098 vc_row-has-fill\"><div class=\"wpb_column vc_column_container vc_col-sm-3\"><div class=\"vc_column-inner\"><div class=\"wpb_wrapper\"><div class=\"heading_group_sc wpb_content_element subtitle_bottom    text-left\">\n\n\n    <p data-pm-slice=\"1 1 &#091;&quot;list&quot;,{&quot;spread&quot;:false,&quot;start&quot;:1231,&quot;end&quot;:1864},&quot;regular_list_item&quot;,{&quot;start&quot;:1414,&quot;end&quot;:1496}&#093;\"><strong>Restaurant<\/strong><\/p>\n\n\n        <span class=\"subtitle\"><\/span>\n\n<\/div><\/div><\/div><\/div><div class=\"wpb_column vc_column_container vc_col-sm-9\"><div class=\"vc_column-inner\"><div class=\"wpb_wrapper\"><div class=\"heading_group_sc wpb_content_element subtitle_bottom    text-left\">\n\n\n    <p data-pm-slice=\"1 1 &#091;&quot;list&quot;,{&quot;spread&quot;:false,&quot;start&quot;:1231,&quot;end&quot;:1864},&quot;regular_list_item&quot;,{&quot;start&quot;:1414,&quot;end&quot;:1496}&#093;\">Lernen Sie die Kunst der Gastfreundschaft und des tadellosen Service.<\/p>\n\n\n        <span class=\"subtitle\"><\/span>\n\n<\/div><\/div><\/div><\/div><\/div><div class=\"vc_row-full-width vc_clearfix\"><\/div><div data-vc-full-width=\"true\" data-vc-full-width-init=\"false\" class=\"vc_row wpb_row vc_row-fluid vc_custom_1740055911594 vc_row-has-fill primary_section\"><div class=\"wpb_column vc_column_container vc_col-sm-3\"><div class=\"vc_column-inner\"><div class=\"wpb_wrapper\"><div class=\"heading_group_sc wpb_content_element subtitle_bottom    text-left\">\n\n\n    <p data-pm-slice=\"1 1 &#091;&quot;list&quot;,{&quot;spread&quot;:false,&quot;start&quot;:1231,&quot;end&quot;:1864},&quot;regular_list_item&quot;,{&quot;start&quot;:1497,&quot;end&quot;:1598}&#093;\"><strong>Front Office \/ Rezeption<\/strong><\/p>\n\n\n        <span class=\"subtitle\"><\/span>\n\n<\/div><\/div><\/div><\/div><div class=\"wpb_column vc_column_container vc_col-sm-9\"><div class=\"vc_column-inner\"><div class=\"wpb_wrapper\"><div class=\"heading_group_sc wpb_content_element subtitle_bottom    text-left\">\n\n\n    <p data-pm-slice=\"1 1 &#091;&quot;list&quot;,{&quot;spread&quot;:false,&quot;start&quot;:1231,&quot;end&quot;:1864},&quot;regular_list_item&quot;,{&quot;start&quot;:1497,&quot;end&quot;:1598}&#093;\">Schnuppern Sie in die aufregende Welt des Empfangs und der Betreuung von G\u00e4sten hinein.<\/p>\n\n\n        <span class=\"subtitle\"><\/span>\n\n<\/div><\/div><\/div><\/div><\/div><div class=\"vc_row-full-width vc_clearfix\"><\/div><div data-vc-full-width=\"true\" data-vc-full-width-init=\"false\" class=\"vc_row wpb_row vc_row-fluid vc_custom_1740055577617 vc_row-has-fill\"><div class=\"wpb_column vc_column_container vc_col-sm-3\"><div class=\"vc_column-inner\"><div class=\"wpb_wrapper\"><div class=\"heading_group_sc wpb_content_element subtitle_bottom    text-left\">\n\n\n    <p data-pm-slice=\"1 1 &#091;&quot;list&quot;,{&quot;spread&quot;:false,&quot;start&quot;:1231,&quot;end&quot;:1864},&quot;regular_list_item&quot;,{&quot;start&quot;:1599,&quot;end&quot;:1702}&#093;\"><strong>Vertrieb<\/strong><\/p>\n\n\n        <span class=\"subtitle\"><\/span>\n\n<\/div><\/div><\/div><\/div><div class=\"wpb_column vc_column_container vc_col-sm-9\"><div class=\"vc_column-inner\"><div class=\"wpb_wrapper\"><div class=\"heading_group_sc wpb_content_element subtitle_bottom    text-left\">\n\n\n    <p data-pm-slice=\"1 1 &#091;&quot;list&quot;,{&quot;spread&quot;:false,&quot;start&quot;:1231,&quot;end&quot;:1864},&quot;regular_list_item&quot;,{&quot;start&quot;:1599,&quot;end&quot;:1702}&#093;\">Erfahren Sie, wie die Verkaufsstrategie und die Marketingaktivit\u00e4ten des Hotels aufgebaut sind.<\/p>\n\n\n        <span class=\"subtitle\"><\/span>\n\n<\/div><\/div><\/div><\/div><\/div><div class=\"vc_row-full-width vc_clearfix\"><\/div><div data-vc-full-width=\"true\" data-vc-full-width-init=\"false\" class=\"vc_row wpb_row vc_row-fluid vc_custom_1740055929170 vc_row-has-fill primary_section\"><div class=\"wpb_column vc_column_container vc_col-sm-3\"><div class=\"vc_column-inner\"><div class=\"wpb_wrapper\"><div class=\"heading_group_sc wpb_content_element subtitle_bottom    text-left\">\n\n\n    <p data-pm-slice=\"1 1 &#091;&quot;list&quot;,{&quot;spread&quot;:false,&quot;start&quot;:1231,&quot;end&quot;:1864},&quot;regular_list_item&quot;,{&quot;start&quot;:1793,&quot;end&quot;:1864}&#093;\"><strong>Technisch<\/strong><\/p>\n\n\n        <span class=\"subtitle\"><\/span>\n\n<\/div><\/div><\/div><\/div><div class=\"wpb_column vc_column_container vc_col-sm-9\"><div class=\"vc_column-inner\"><div class=\"wpb_wrapper\"><div class=\"heading_group_sc wpb_content_element subtitle_bottom    text-left\">\n\n\n    <p data-pm-slice=\"1 1 &#091;&quot;list&quot;,{&quot;spread&quot;:false,&quot;start&quot;:1231,&quot;end&quot;:1864},&quot;regular_list_item&quot;,{&quot;start&quot;:1793,&quot;end&quot;:1864}&#093;\">Werfen Sie einen Blick auf die technische Seite des Hotelbetriebs.<\/p>\n\n\n        <span class=\"subtitle\"><\/span>\n\n<\/div><\/div><\/div><\/div><\/div><div class=\"vc_row-full-width vc_clearfix\"><\/div><div class=\"vc_row wpb_row vc_row-fluid vc_custom_1740058593443 vc_row-has-fill\"><div class=\"wpb_column vc_column_container vc_col-sm-12\"><div class=\"vc_column-inner\"><div class=\"wpb_wrapper\"><div class=\"heading_group_sc wpb_content_element subtitle_bottom    text-center\">\n\n\n    <p data-pm-slice=\"1 1 &#091;&#093;\">Kommen Sie zu uns und gestalten Sie Ihre Zukunft an einem au\u00dfergew\u00f6hnlichen Standort! Bewerben Sie sich jetzt und werden Sie Teil der aufregenden Welt der Hotellerie!<\/p>\n<p data-pm-slice=\"1 1 &#091;&#093;\"><span style=\"font-weight: 400;\">Bitte senden Sie eine Fotokopie Ihres Lebenslaufs zusammen mit der Stelle, f\u00fcr die Sie sich bewerben, an <\/span><a href=\"mailto:hr@annagrandhotel.hu\"><span style=\"font-weight: 400;\">hr@annagrandhotel.hu<\/span><\/a><span style=\"font-weight: 400;\"> Adresse.<\/span><\/p>\n\n\n        <span class=\"subtitle\"><\/span>\n\n<\/div><\/div><\/div><\/div><\/div>\n<\/div>","protected":false},"excerpt":{"rendered":"Fedezd fel a vend\u00e9gl\u00e1t\u00e1s vil\u00e1g\u00e1t \u2013 Szakmai gyakorlat az Anna Grand Hotelben \u00e9s a Balaton Park Hotelben! Szeretn\u00e9d egy modern, eleg\u00e1ns k\u00f6rnyezetben megszerezni els\u0151 szakmai tapasztalataidat? Az Anna Grand Hotel \u00e9s a Balaton Park Hotel most lehet\u0151s\u00e9get k\u00edn\u00e1l, hogy gyakorlati id\u0151det egy pr\u00e9mium sz\u00e1llod\u00e1ban t\u00f6lthesd el, ahol val\u00f3di tud\u00e1sra tehetsz szert a vend\u00e9gl\u00e1t\u00e1s \u00e9s a [...]","protected":false},"author":1,"featured_media":0,"parent":0,"menu_order":0,"comment_status":"closed","ping_status":"closed","template":"","meta":{"footnotes":""},"class_list":["post-4732","page","type-page","status-publish","hentry"],"aioseo_notices":[],"_links":{"self":[{"href":"https:\/\/annagrandhotel.hu\/de\/wp-json\/wp\/v2\/pages\/4732","targetHints":{"allow":["GET"]}}],"collection":[{"href":"https:\/\/annagrandhotel.hu\/de\/wp-json\/wp\/v2\/pages"}],"about":[{"href":"https:\/\/annagrandhotel.hu\/de\/wp-json\/wp\/v2\/types\/page"}],"author":[{"embeddable":true,"href":"https:\/\/annagrandhotel.hu\/de\/wp-json\/wp\/v2\/users\/1"}],"replies":[{"embeddable":true,"href":"https:\/\/annagrandhotel.hu\/de\/wp-json\/wp\/v2\/comments?post=4732"}],"version-history":[{"count":57,"href":"https:\/\/annagrandhotel.hu\/de\/wp-json\/wp\/v2\/pages\/4732\/revisions"}],"predecessor-version":[{"id":5470,"href":"https:\/\/annagrandhotel.hu\/de\/wp-json\/wp\/v2\/pages\/4732\/revisions\/5470"}],"wp:attachment":[{"href":"https:\/\/annagrandhotel.hu\/de\/wp-json\/wp\/v2\/media?parent=4732"}],"curies":[{"name":"wp","href":"https:\/\/api.w.org\/{rel}","templated":true}]}}