{"id":4502,"date":"2024-12-12T14:08:40","date_gmt":"2024-12-12T13:08:40","guid":{"rendered":"https:\/\/annagrandhotel.hu\/?page_id=4502"},"modified":"2026-03-16T15:33:52","modified_gmt":"2026-03-16T14:33:52","slug":"barchef","status":"publish","type":"page","link":"https:\/\/annagrandhotel.hu\/de\/bar-manager\/","title":{"rendered":"Bar Manager"},"content":{"rendered":"<div class=\"wpb-content-wrapper\"><div class=\"vc_row wpb_row vc_row-fluid vc_custom_1734009220026 vc_row-has-fill\"><div class=\"wpb_column vc_column_container vc_col-sm-12\"><div class=\"vc_column-inner\"><div class=\"wpb_wrapper\">\n\t<div  class=\"wpb_single_image wpb_content_element vc_align_center\">\n\t\t\n\t\t<figure class=\"wpb_wrapper vc_figure\">\n\t\t\t<div class=\"vc_single_image-wrapper   vc_box_border_grey\"><img loading=\"lazy\" decoding=\"async\" width=\"250\" height=\"155\" src=\"https:\/\/annagrandhotel.hu\/wp-content\/uploads\/2024\/09\/Anna-Grand-5-star-main-1.png\" class=\"vc_single_image-img attachment-full\" alt=\"\" title=\"Anna Grand 5 Sterne Haupt\" srcset=\"https:\/\/annagrandhotel.hu\/wp-content\/uploads\/2024\/09\/Anna-Grand-5-star-main-1.png 250w, https:\/\/annagrandhotel.hu\/wp-content\/uploads\/2024\/09\/Anna-Grand-5-star-main-1-18x12.png 18w\" sizes=\"auto, (max-width: 250px) 100vw, 250px\" \/><\/div>\n\t\t<\/figure>\n\t<\/div>\n\n\t<div  class=\"wpb_single_image wpb_content_element vc_align_center\">\n\t\t\n\t\t<figure class=\"wpb_wrapper vc_figure\">\n\t\t\t<div class=\"vc_single_image-wrapper   vc_box_border_grey\"><img loading=\"lazy\" decoding=\"async\" width=\"1003\" height=\"11\" src=\"https:\/\/annagrandhotel.hu\/wp-content\/uploads\/2023\/11\/Anna-Grand-Hotel-elvalaszto.webp\" class=\"vc_single_image-img attachment-full\" alt=\"\" title=\"Anna Grand Hotel Trennwand\" srcset=\"https:\/\/annagrandhotel.hu\/wp-content\/uploads\/2023\/11\/Anna-Grand-Hotel-elvalaszto.webp 1003w, https:\/\/annagrandhotel.hu\/wp-content\/uploads\/2023\/11\/Anna-Grand-Hotel-elvalaszto-300x3.webp 300w, https:\/\/annagrandhotel.hu\/wp-content\/uploads\/2023\/11\/Anna-Grand-Hotel-elvalaszto-768x8.webp 768w, https:\/\/annagrandhotel.hu\/wp-content\/uploads\/2023\/11\/Anna-Grand-Hotel-elvalaszto-18x1.webp 18w\" sizes=\"auto, (max-width: 1003px) 100vw, 1003px\" \/><\/div>\n\t\t<\/figure>\n\t<\/div>\n<div class=\"heading_group_sc wpb_content_element subtitle_bottom    text-center\">\n\n\n    <h2>Bar Manager<\/h2>\n\n\n        <span class=\"subtitle\"><\/span>\n\n<\/div><div class=\"heading_group_sc wpb_content_element subtitle_bottom    text-center\">\n\n\n    <p style=\"text-align: center;\">F\u00fcr die exklusive Bar des Anna Grand Hotels in Balatonf\u00fcred suchen wir einen Bar Manager (m\/w), der die Bar auf hohem professionellem Niveau f\u00fchrt und aktiv dazu beitr\u00e4gt, ein erstklassiges G\u00e4steerlebnis zu schaffen. Der Schwerpunkt der Bar wird auf klassischer und moderner Cocktailkultur und Qualit\u00e4tskaffee liegen.<\/p>\n\n\n        <span class=\"subtitle\"><\/span>\n\n<\/div><\/div><\/div><\/div><\/div><div class=\"vc_row wpb_row vc_row-fluid vc_custom_1734009208539 vc_row-has-fill\"><div class=\"wpb_column vc_column_container vc_col-sm-8\"><div class=\"vc_column-inner\"><div class=\"wpb_wrapper\"><div class=\"heading_group_sc wpb_content_element subtitle_bottom    text-left\">\n\n\n    <p><b>Was wir unseren angehenden Teammitgliedern in unserem Ganzjahreshotel bieten:<\/b><\/p>\n<ul>\n<li style=\"font-weight: 400;\" aria-level=\"1\">wettbewerbsf\u00e4higes Gehalt<\/li>\n<li style=\"font-weight: 400;\" aria-level=\"1\">langfristige Besch\u00e4ftigung mit 8-st\u00fcndiger K\u00fcndigungsfrist<\/li>\n<li style=\"font-weight: 400;\" aria-level=\"1\">Fahrtkostenzuschuss zwischen Arbeit und Wohnung<\/li>\n<li style=\"font-weight: 400;\" aria-level=\"1\">Entwicklungsm\u00f6glichkeiten, Ausbildung<\/li>\n<li style=\"font-weight: 400;\" aria-level=\"1\">exklusive hotelgerechte einheitliche Arbeitskleidung<\/li>\n<li style=\"font-weight: 400;\" aria-level=\"1\">warme Mahlzeiten an Werktagen<\/li>\n<li style=\"font-weight: 400;\" aria-level=\"1\">ein dynamisches Team und ein stilvolles Arbeitsumfeld<\/li>\n<\/ul>\n<p>&nbsp;<\/p>\n<p><b>Verantwortlichkeiten:<\/b><\/p>\n<ul>\n<li style=\"font-weight: 400;\" aria-level=\"1\">die gesamte operative und fachliche Leitung der Bar<\/li>\n<li style=\"font-weight: 400;\" aria-level=\"1\">Konzeption, Entwicklung und Gew\u00e4hrleistung der Qualit\u00e4t von Cocktails und Kaffee<\/li>\n<li style=\"font-weight: 400;\" aria-level=\"1\">Leitung, Ausbildung und Motivation des Barpersonals<\/li>\n<li style=\"font-weight: 400;\" aria-level=\"1\">Gew\u00e4hrleistung eines hohen Niveaus der G\u00e4stebetreuung<\/li>\n<li style=\"font-weight: 400;\" aria-level=\"1\">Lagerverwaltung, Bestellwesen, Bestandsverwaltung<\/li>\n<li style=\"font-weight: 400;\" aria-level=\"1\">Einhaltung und Durchsetzung von Hygiene- und Sicherheitsstandards<\/li>\n<li style=\"font-weight: 400;\" aria-level=\"1\">Zusammenarbeit mit anderen Hotelabteilungen<\/li>\n<li style=\"font-weight: 400;\" aria-level=\"1\">Koordinierung des Barbetriebs bei Veranstaltungen und besonderen Anl\u00e4ssen<\/li>\n<li style=\"font-weight: 400;\" aria-level=\"1\">Bew\u00e4ltigung operativer Probleme, kontinuierliche Qualit\u00e4tskontrolle<\/li>\n<\/ul>\n<p>&nbsp;<\/p>\n<p><b>Was wir von unseren zuk\u00fcnftigen Kollegen erwarten:<\/b><\/p>\n<ul>\n<li style=\"font-weight: 400;\" aria-level=\"1\">Mindestens 2-3 Jahre Berufserfahrung in einer Bar oder im Gastst\u00e4ttengewerbe, Erfahrung in einer F\u00fchrungsposition von Vorteil<\/li>\n<li style=\"font-weight: 400;\" aria-level=\"1\">Hohes Niveau an Cocktail- und Kaffeekenntnissen<\/li>\n<li style=\"font-weight: 400;\" aria-level=\"1\">G\u00e4steorientierter Ansatz, anspruchsvoll<\/li>\n<li style=\"font-weight: 400;\" aria-level=\"1\">Organisatorische und kommunikative F\u00e4higkeiten<\/li>\n<li style=\"font-weight: 400;\" aria-level=\"1\">Selbstst\u00e4ndige, verantwortungsvolle Arbeit<\/li>\n<li style=\"font-weight: 400;\" aria-level=\"1\">Flexibilit\u00e4t und Probleml\u00f6sungskompetenz<\/li>\n<li style=\"font-weight: 400;\" aria-level=\"1\">Englischkenntnisse auf mittlerem Niveau<\/li>\n<li style=\"font-weight: 400;\" aria-level=\"1\">Erfahrung in einem Hotel w\u00e4re von Vorteil<\/li>\n<li style=\"font-weight: 400;\" aria-level=\"1\">Verwendung des Hostware-Systems<\/li>\n<\/ul>\n\n\n        <span class=\"subtitle\"><\/span>\n\n<\/div><div class=\"heading_group_sc wpb_content_element subtitle_bottom    text-left\">\n\n\n    <p><span style=\"font-weight: 400;\">Senden Sie eine Fotokopie Ihres Lebenslaufs unter Angabe der Stelle, f\u00fcr die Sie sich bewerben, an <\/span><a href=\"mailto:hr@annagrandhotel.hu\"><span style=\"font-weight: 400;\">hr@annagrandhotel.hu<\/span><\/a><span style=\"font-weight: 400;\"> Adresse.<\/span><\/p>\n\n\n        <span class=\"subtitle\"><\/span>\n\n<\/div><\/div><\/div><\/div><div class=\"wpb_column vc_column_container vc_col-sm-4 vc_col-has-fill\"><div class=\"vc_column-inner vc_custom_1734009180754\"><div class=\"wpb_wrapper\"><div class=\"heading_group_sc wpb_content_element subtitle_bottom    text-left\">\n\n\n    <p><b>Abteilung:<\/b><\/p>\n<p>Bar<\/p>\n\n\n        <span class=\"subtitle\"><\/span>\n\n<\/div><div class=\"heading_group_sc wpb_content_element subtitle_bottom    text-left\">\n\n\n    <p><strong>Art der Besch\u00e4ftigung:<\/strong><\/p>\n<p>Vollzeit<\/p>\n\n\n        <span class=\"subtitle\"><\/span>\n\n<\/div><div class=\"heading_group_sc wpb_content_element subtitle_bottom    text-left\">\n\n\n    <p><span style=\"font-weight: 400;\">Senden Sie eine Fotokopie Ihres Lebenslaufs unter Angabe der Stelle, f\u00fcr die Sie sich bewerben, an <\/span><a href=\"mailto:hr@annagrandhotel.hu\"><span style=\"font-weight: 400;\">hr@annagrandhotel.hu<\/span><\/a><span style=\"font-weight: 400;\"> Adresse.<\/span><\/p>\n\n\n        <span class=\"subtitle\"><\/span>\n\n<\/div><\/div><\/div><\/div><\/div>\n<\/div>","protected":false},"excerpt":{"rendered":"Bar Manager A balatonf\u00fcredi Anna Grand Hotel exkluz\u00edv b\u00e1rj\u00e1ba Bar Manager munkat\u00e1rsat keres\u00fcnk, aki magas szakmai sz\u00ednvonalon ir\u00e1ny\u00edtja a b\u00e1r m\u0171k\u00f6d\u00e9s\u00e9t, \u00e9s akt\u00edvan hozz\u00e1j\u00e1rul a pr\u00e9mium vend\u00e9g\u00e9lm\u00e9ny megteremt\u00e9s\u00e9hez. B\u00e1runkban kiemelt szerepet kap a klasszikus \u00e9s modern kokt\u00e9lkult\u00fara, valamint a min\u0151s\u00e9gi k\u00e1v\u00e9k\u00edn\u00e1lat. Mit k\u00edn\u00e1lunk leend\u0151 csapattagunknak eg\u00e9sz \u00e9vben \u00fczemel\u0151 sz\u00e1llod\u00e1nkban: versenyk\u00e9pes fizet\u00e9s hossz\u00fat\u00e1v\u00fa munkalehet\u0151s\u00e9g 8 \u00f3r\u00e1s [...]","protected":false},"author":1,"featured_media":0,"parent":0,"menu_order":0,"comment_status":"closed","ping_status":"closed","template":"","meta":{"footnotes":""},"class_list":["post-4502","page","type-page","status-publish","hentry"],"aioseo_notices":[],"_links":{"self":[{"href":"https:\/\/annagrandhotel.hu\/de\/wp-json\/wp\/v2\/pages\/4502","targetHints":{"allow":["GET"]}}],"collection":[{"href":"https:\/\/annagrandhotel.hu\/de\/wp-json\/wp\/v2\/pages"}],"about":[{"href":"https:\/\/annagrandhotel.hu\/de\/wp-json\/wp\/v2\/types\/page"}],"author":[{"embeddable":true,"href":"https:\/\/annagrandhotel.hu\/de\/wp-json\/wp\/v2\/users\/1"}],"replies":[{"embeddable":true,"href":"https:\/\/annagrandhotel.hu\/de\/wp-json\/wp\/v2\/comments?post=4502"}],"version-history":[{"count":7,"href":"https:\/\/annagrandhotel.hu\/de\/wp-json\/wp\/v2\/pages\/4502\/revisions"}],"predecessor-version":[{"id":5684,"href":"https:\/\/annagrandhotel.hu\/de\/wp-json\/wp\/v2\/pages\/4502\/revisions\/5684"}],"wp:attachment":[{"href":"https:\/\/annagrandhotel.hu\/de\/wp-json\/wp\/v2\/media?parent=4502"}],"curies":[{"name":"wp","href":"https:\/\/api.w.org\/{rel}","templated":true}]}}