{"id":4492,"date":"2024-12-12T13:21:15","date_gmt":"2024-12-12T12:21:15","guid":{"rendered":"https:\/\/annagrandhotel.hu\/?page_id=4492"},"modified":"2025-01-27T11:09:03","modified_gmt":"2025-01-27T10:09:03","slug":"kuchenhilfe","status":"publish","type":"page","link":"https:\/\/annagrandhotel.hu\/de\/cukrasz\/","title":{"rendered":"Zuckerb\u00e4cker"},"content":{"rendered":"<div class=\"wpb-content-wrapper\"><div class=\"vc_row wpb_row vc_row-fluid vc_custom_1734006068477 vc_row-has-fill\"><div class=\"wpb_column vc_column_container vc_col-sm-12\"><div class=\"vc_column-inner\"><div class=\"wpb_wrapper\">\n\t<div  class=\"wpb_single_image wpb_content_element vc_align_center\">\n\t\t\n\t\t<figure class=\"wpb_wrapper vc_figure\">\n\t\t\t<div class=\"vc_single_image-wrapper   vc_box_border_grey\"><img loading=\"lazy\" decoding=\"async\" width=\"250\" height=\"155\" src=\"https:\/\/annagrandhotel.hu\/wp-content\/uploads\/2024\/09\/Anna-Grand-5-star-main-1.png\" class=\"vc_single_image-img attachment-full\" alt=\"\" title=\"Anna Grand 5 Sterne Haupt\" srcset=\"https:\/\/annagrandhotel.hu\/wp-content\/uploads\/2024\/09\/Anna-Grand-5-star-main-1.png 250w, https:\/\/annagrandhotel.hu\/wp-content\/uploads\/2024\/09\/Anna-Grand-5-star-main-1-18x12.png 18w\" sizes=\"auto, (max-width: 250px) 100vw, 250px\" \/><\/div>\n\t\t<\/figure>\n\t<\/div>\n\n\t<div  class=\"wpb_single_image wpb_content_element vc_align_center\">\n\t\t\n\t\t<figure class=\"wpb_wrapper vc_figure\">\n\t\t\t<div class=\"vc_single_image-wrapper   vc_box_border_grey\"><img loading=\"lazy\" decoding=\"async\" width=\"1003\" height=\"11\" src=\"https:\/\/annagrandhotel.hu\/wp-content\/uploads\/2023\/11\/Anna-Grand-Hotel-elvalaszto.webp\" class=\"vc_single_image-img attachment-full\" alt=\"\" title=\"Anna Grand Hotel Trennwand\" srcset=\"https:\/\/annagrandhotel.hu\/wp-content\/uploads\/2023\/11\/Anna-Grand-Hotel-elvalaszto.webp 1003w, https:\/\/annagrandhotel.hu\/wp-content\/uploads\/2023\/11\/Anna-Grand-Hotel-elvalaszto-300x3.webp 300w, https:\/\/annagrandhotel.hu\/wp-content\/uploads\/2023\/11\/Anna-Grand-Hotel-elvalaszto-768x8.webp 768w, https:\/\/annagrandhotel.hu\/wp-content\/uploads\/2023\/11\/Anna-Grand-Hotel-elvalaszto-18x1.webp 18w\" sizes=\"auto, (max-width: 1003px) 100vw, 1003px\" \/><\/div>\n\t\t<\/figure>\n\t<\/div>\n<div class=\"heading_group_sc wpb_content_element subtitle_bottom    text-center\">\n\n\n    <h3>Zuckerb\u00e4cker<\/h3>\n\n\n        <span class=\"subtitle\"><\/span>\n\n<\/div><\/div><\/div><\/div><\/div><div class=\"vc_row wpb_row vc_row-fluid vc_custom_1734006043573 vc_row-has-fill\"><div class=\"wpb_column vc_column_container vc_col-sm-8\"><div class=\"vc_column-inner\"><div class=\"wpb_wrapper\"><div class=\"heading_group_sc wpb_content_element subtitle_bottom    text-left\">\n\n\n    <p><b>Was wir unseren angehenden Teammitgliedern in unserem Ganzjahreshotel bieten:<\/b><\/p>\n<ul>\n<li style=\"font-weight: 400;\" aria-level=\"1\"><span style=\"font-weight: 400;\">Unbefristeter Arbeitsvertrag mit vollst\u00e4ndiger Benachrichtigung<\/span><\/li>\n<li style=\"font-weight: 400;\" aria-level=\"1\"><span style=\"font-weight: 400;\">Langfristige Anstellung, permanente Nachmittags-\/Abendschicht<\/span><\/li>\n<li style=\"font-weight: 400;\" aria-level=\"1\"><span style=\"font-weight: 400;\">Einheitliche Arbeitskleidung<\/span><\/li>\n<li style=\"font-weight: 400;\" aria-level=\"1\"><span style=\"font-weight: 400;\">Eine warme Mahlzeit w\u00e4hrend der Arbeitszeit<\/span><\/li>\n<li style=\"font-weight: 400;\" aria-level=\"1\"><span style=\"font-weight: 400;\">Reisekostenverg\u00fctung<\/span><\/li>\n<\/ul>\n<p>&nbsp;<\/p>\n<p><b>Verantwortlichkeiten:<\/b><\/p>\n<ul>\n<li style=\"font-weight: 400;\" aria-level=\"1\"><span style=\"font-weight: 400;\">Aktive Teilnahme am Tagesgesch\u00e4ft des Hotels (Fr\u00fchst\u00fcck, Abendessen, Vorbereitung der Zimmer)<\/span><\/li>\n<li style=\"font-weight: 400;\" aria-level=\"1\"><span style=\"font-weight: 400;\">Zubereitung von Desserts und Geb\u00e4ck <\/span><\/li>\n<li style=\"font-weight: 400;\" aria-level=\"1\"><span style=\"font-weight: 400;\">Ordnungsgem\u00e4\u00dfe Handhabung von Maschinen und Ger\u00e4ten, Sauberhalten<\/span><\/li>\n<\/ul>\n<p>&nbsp;<\/p>\n<p><b>Was wir von unseren zuk\u00fcnftigen Kollegen erwarten:<\/b><\/p>\n<ul>\n<li style=\"font-weight: 400;\" aria-level=\"1\"><span style=\"font-weight: 400;\">Ein erfahrener Konditor, der die Herausforderung nicht scheut<\/span><\/li>\n<li style=\"font-weight: 400;\" aria-level=\"1\"><span style=\"font-weight: 400;\">Kann an einem gesch\u00e4ftigen, dynamischen Arbeitstag das Tempo anziehen<\/span><\/li>\n<li style=\"font-weight: 400;\" aria-level=\"1\"><span style=\"font-weight: 400;\">Sorgf\u00e4ltige, pr\u00e4zise und zuverl\u00e4ssige Arbeit<\/span><\/li>\n<li style=\"font-weight: 400;\" aria-level=\"1\"><span style=\"font-weight: 400;\">Sie haben eine berufliche Qualifikation<\/span><\/li>\n<li aria-level=\"1\"><span style=\"font-weight: 400;\">Freundliche, flexible Pers\u00f6nlichkeit<\/span><\/li>\n<li aria-level=\"1\"><span style=\"font-weight: 400;\">Zuverl\u00e4ssig, selbst\u00e4ndiges Arbeiten<\/span><\/li>\n<\/ul>\n\n\n        <span class=\"subtitle\"><\/span>\n\n<\/div><div class=\"heading_group_sc wpb_content_element subtitle_bottom    text-left\">\n\n\n    <p><span style=\"font-weight: 400;\">Senden Sie eine Fotokopie Ihres Lebenslaufs unter Angabe der Stelle, f\u00fcr die Sie sich bewerben, an <\/span><a href=\"mailto:hr@annagrandhotel.hu\"><span style=\"font-weight: 400;\">hr@annagrandhotel.hu<\/span><\/a><span style=\"font-weight: 400;\"> Adresse.<\/span><\/p>\n\n\n        <span class=\"subtitle\"><\/span>\n\n<\/div><\/div><\/div><\/div><div class=\"wpb_column vc_column_container vc_col-sm-4 vc_col-has-fill\"><div class=\"vc_column-inner vc_custom_1734006003895\"><div class=\"wpb_wrapper\"><div class=\"heading_group_sc wpb_content_element subtitle_bottom    text-left\">\n\n\n    <p><b>Abteilung:<\/b><\/p>\n<p>Restaurant<\/p>\n\n\n        <span class=\"subtitle\"><\/span>\n\n<\/div><div class=\"heading_group_sc wpb_content_element subtitle_bottom    text-left\">\n\n\n    <p><b>Art der Besch\u00e4ftigung:<\/b><\/p>\n<p>Vollzeit<\/p>\n\n\n        <span class=\"subtitle\"><\/span>\n\n<\/div><div class=\"heading_group_sc wpb_content_element subtitle_bottom    text-left\">\n\n\n    <p><span style=\"font-weight: 400;\">Senden Sie eine Fotokopie Ihres Lebenslaufs unter Angabe der Stelle, f\u00fcr die Sie sich bewerben, an <\/span><a href=\"mailto:hr@annagrandhotel.hu\"><span style=\"font-weight: 400;\">hr@annagrandhotel.hu<\/span><\/a><span style=\"font-weight: 400;\"> Adresse.<\/span><\/p>\n\n\n        <span class=\"subtitle\"><\/span>\n\n<\/div><\/div><\/div><\/div><\/div>\n<\/div>","protected":false},"excerpt":{"rendered":"Cukr\u00e1sz Mit k\u00edn\u00e1lunk leend\u0151 csapattagunknak eg\u00e9sz \u00e9vben \u00fczemel\u0151 sz\u00e1llod\u00e1nkban: Hat\u00e1rozatlan idej\u0171 munkaszerz\u0151d\u00e9s teljes bejelent\u00e9ssel Hossz\u00fat\u00e1v\u00fa munkalehet\u0151s\u00e9g, \u00e1lland\u00f3 d\u00e9lut\u00e1nos\/esti m\u0171szakban Egys\u00e9ges munkaruh\u00e1zat Munkav\u00e9gz\u00e9s ideje alatt egyszeri meleg \u00e9tkez\u00e9s Utaz\u00e1si k\u00f6lts\u00e9gt\u00e9r\u00edt\u00e9s &nbsp; Munkak\u00f6ri feladatok: Akt\u00edv r\u00e9szv\u00e9tel a hotel napi m\u0171k\u00f6d\u00e9s\u00e9ben (reggeli, vacsora, szobai bek\u00e9sz\u00edt\u00e9s) T\u00e1ny\u00e9rdesszertek \u00e9s cukr\u00e1szati term\u00e9kek ig\u00e9nyes elk\u00e9sz\u00edt\u00e9se A g\u00e9pek, berendez\u00e9sek el\u0151\u00edr\u00e1sszer\u0171 kezel\u00e9se, tiszt\u00e1n tart\u00e1s [...]","protected":false},"author":1,"featured_media":0,"parent":0,"menu_order":0,"comment_status":"closed","ping_status":"closed","template":"","meta":{"footnotes":""},"class_list":["post-4492","page","type-page","status-publish","hentry"],"aioseo_notices":[],"_links":{"self":[{"href":"https:\/\/annagrandhotel.hu\/de\/wp-json\/wp\/v2\/pages\/4492","targetHints":{"allow":["GET"]}}],"collection":[{"href":"https:\/\/annagrandhotel.hu\/de\/wp-json\/wp\/v2\/pages"}],"about":[{"href":"https:\/\/annagrandhotel.hu\/de\/wp-json\/wp\/v2\/types\/page"}],"author":[{"embeddable":true,"href":"https:\/\/annagrandhotel.hu\/de\/wp-json\/wp\/v2\/users\/1"}],"replies":[{"embeddable":true,"href":"https:\/\/annagrandhotel.hu\/de\/wp-json\/wp\/v2\/comments?post=4492"}],"version-history":[{"count":11,"href":"https:\/\/annagrandhotel.hu\/de\/wp-json\/wp\/v2\/pages\/4492\/revisions"}],"predecessor-version":[{"id":4608,"href":"https:\/\/annagrandhotel.hu\/de\/wp-json\/wp\/v2\/pages\/4492\/revisions\/4608"}],"wp:attachment":[{"href":"https:\/\/annagrandhotel.hu\/de\/wp-json\/wp\/v2\/media?parent=4492"}],"curies":[{"name":"wp","href":"https:\/\/api.w.org\/{rel}","templated":true}]}}