{"id":44,"date":"2016-11-24T18:10:10","date_gmt":"2016-11-24T18:10:10","guid":{"rendered":"http:\/\/plethorathemes.com\/hotel-xenia\/?page_id=44"},"modified":"2026-02-25T11:16:47","modified_gmt":"2026-02-25T10:16:47","slug":"gastronomie","status":"publish","type":"page","link":"https:\/\/annagrandhotel.hu\/de\/gasztronomia\/","title":{"rendered":"Gastronomie"},"content":{"rendered":"<div class=\"wpb-content-wrapper\"><div data-vc-full-width=\"true\" data-vc-full-width-init=\"false\" class=\"vc_row wpb_row vc_row-fluid white_section padding_bottom_none\"><div class=\"wpb_column vc_column_container vc_col-sm-12\"><div class=\"vc_column-inner\"><div class=\"wpb_wrapper\"><div class=\"heading_group_sc wpb_content_element subtitle_bottom    text-center\">\n        <div class=\"background_title\">GOURMET<\/div>\n\n\n    <h2>ANNA GRAND RESTAURANT<\/h2>\n<div id=\"gtx-trans\" style=\"position: absolute; left: 127px; top: 51.9062px;\">\n<div class=\"gtx-trans-icon\"><\/div>\n<\/div>\n\n\n        <span class=\"subtitle\">DER PERFEKTE ORT, UM NEUE GESCHMACKSRICHTUNGEN ZU ENTDECKEN<\/span>\n\n<\/div><div class=\"heading_group_sc wpb_content_element subtitle_bottom    text-center\">\n\n\n    <hr class=\"horizontal-separator\" \/>\n\n\n        <span class=\"subtitle\"><\/span>\n\n<\/div><\/div><\/div><\/div><\/div><div class=\"vc_row-full-width vc_clearfix\"><\/div><div data-vc-full-width=\"true\" data-vc-full-width-init=\"false\" class=\"vc_row wpb_row vc_row-fluid vc_row-o-content-middle vc_row-flex white_section padding_top_none padding_bottom_none\"><div class=\"col-sm-push-6 wpb_column vc_column_container vc_col-sm-6\"><div class=\"vc_column-inner\"><div class=\"wpb_wrapper\">\n\t<div  class=\"wpb_single_image wpb_content_element vc_align_left\">\n\t\t\n\t\t<figure class=\"wpb_wrapper vc_figure\">\n\t\t\t<div class=\"vc_single_image-wrapper   vc_box_border_grey\"><img loading=\"lazy\" decoding=\"async\" width=\"960\" height=\"640\" src=\"https:\/\/annagrandhotel.hu\/wp-content\/uploads\/2023\/10\/Anna-Grand-Hotel-gasztronomia-gasztro-elmenyek-1024x683.webp\" class=\"vc_single_image-img attachment-large\" alt=\"\" title=\"Anna Grand Hotel-Gastronomie-Gastro-Men\u00fcs\" srcset=\"https:\/\/annagrandhotel.hu\/wp-content\/uploads\/2023\/10\/Anna-Grand-Hotel-gasztronomia-gasztro-elmenyek-1024x683.webp 1024w, https:\/\/annagrandhotel.hu\/wp-content\/uploads\/2023\/10\/Anna-Grand-Hotel-gasztronomia-gasztro-elmenyek-300x200.webp 300w, https:\/\/annagrandhotel.hu\/wp-content\/uploads\/2023\/10\/Anna-Grand-Hotel-gasztronomia-gasztro-elmenyek-768x513.webp 768w, https:\/\/annagrandhotel.hu\/wp-content\/uploads\/2023\/10\/Anna-Grand-Hotel-gasztronomia-gasztro-elmenyek-1536x1025.webp 1536w, https:\/\/annagrandhotel.hu\/wp-content\/uploads\/2023\/10\/Anna-Grand-Hotel-gasztronomia-gasztro-elmenyek-2048x1367.webp 2048w\" sizes=\"auto, (max-width: 960px) 100vw, 960px\" \/><\/div>\n\t\t<\/figure>\n\t<\/div>\n<\/div><\/div><\/div><div class=\"col-sm-pull-6 wpb_column vc_column_container vc_col-sm-6\"><div class=\"vc_column-inner\"><div class=\"wpb_wrapper\"><div class=\"heading_group_sc wpb_content_element subtitle_top    text-left\">\n\n        <span class=\"subtitle\">GOURMET-ABENTEUER<\/span>\n\n    <h3>RESTAURANT<\/h3>\n\n\n\n<\/div>\n\t<div class=\"wpb_text_column wpb_content_element\" >\n\t\t<div class=\"wpb_wrapper\">\n\t\t\t<p style=\"text-align: justify;\">Wir laden Sie zu einer kulinarischen Reise ein, auf der Sie traditionelle Gerichte genie\u00dfen k\u00f6nnen, die im einzigartigen Stil des ANNA GRAND zubereitet werden. Essen und Trinken haben in unserer Kultur schon immer eine wichtige Rolle gespielt, aber in den letzten Jahrzehnten hat die Aufmerksamkeit f\u00fcr gastronomische Erlebnisse und kulinarische K\u00fcnste noch zugenommen.<\/p>\n\n\t\t<\/div>\n\t<\/div>\n<div class=\"plethora_button wpb_content_element   text-left\">\n    <a href=\"https:\/\/annagrandhotel.hu\/de\/restaurant\/\" class=\"btn btn-secondary\" title=\"Anna Grand Restaurant\"  target=\"_self\">\n\n        \n        ANNA GRAND RESTAURANT\n        \n\n    <\/a>\n<\/div><\/div><\/div><\/div><\/div><div class=\"vc_row-full-width vc_clearfix\"><\/div><div data-vc-full-width=\"true\" data-vc-full-width-init=\"false\" class=\"vc_row wpb_row vc_row-fluid vc_row-o-content-middle vc_row-flex white_section padding_top_none padding_bottom_none\"><div class=\"wpb_column vc_column_container vc_col-sm-6\"><div class=\"vc_column-inner\"><div class=\"wpb_wrapper\">\n\t<div  class=\"wpb_single_image wpb_content_element vc_align_left\">\n\t\t\n\t\t<figure class=\"wpb_wrapper vc_figure\">\n\t\t\t<div class=\"vc_single_image-wrapper   vc_box_border_grey\"><img loading=\"lazy\" decoding=\"async\" width=\"960\" height=\"640\" src=\"https:\/\/annagrandhotel.hu\/wp-content\/uploads\/2023\/11\/Anna-Grand-Lounge-Bar.jpg\" class=\"vc_single_image-img attachment-large\" alt=\"\" title=\"Anna Grand Lounge Bar\" srcset=\"https:\/\/annagrandhotel.hu\/wp-content\/uploads\/2023\/11\/Anna-Grand-Lounge-Bar.jpg 1024w, https:\/\/annagrandhotel.hu\/wp-content\/uploads\/2023\/11\/Anna-Grand-Lounge-Bar-300x200.jpg 300w, https:\/\/annagrandhotel.hu\/wp-content\/uploads\/2023\/11\/Anna-Grand-Lounge-Bar-768x512.jpg 768w\" sizes=\"auto, (max-width: 960px) 100vw, 960px\" \/><\/div>\n\t\t<\/figure>\n\t<\/div>\n<\/div><\/div><\/div><div class=\"wpb_column vc_column_container vc_col-sm-6\"><div class=\"vc_column-inner\"><div class=\"wpb_wrapper\"><div class=\"heading_group_sc wpb_content_element subtitle_top    text-left\">\n\n        <span class=\"subtitle\">SPEZIELLE GETR\u00c4NKE<\/span>\n\n    <h3>Lounge-Bar<\/h3>\n<div id=\"gtx-trans\" style=\"position: absolute; left: -165px; top: -6.28125px;\">\n<div class=\"gtx-trans-icon\"><\/div>\n<\/div>\n\n\n\n<\/div>\n\t<div class=\"wpb_text_column wpb_content_element\" >\n\t\t<div class=\"wpb_wrapper\">\n\t\t\t<p style=\"text-align: justify;\">Die Lounge Bar - nur wenige Schritte von der Rezeption entfernt - ist ein diskreter Ort f\u00fcr Ihr Rendezvous, ein Gespr\u00e4ch mit Freunden oder ein Gesch\u00e4ftstreffen. W\u00e4hlen Sie aus unserer Auswahl an nationalen und internationalen Weinen, probieren Sie unsere preisgekr\u00f6nten Weine und entdecken Sie unsere besonderen Jahrg\u00e4nge. Sie k\u00f6nnen auch zwischen klassischen und von ANNA GRAND inspirierten Cocktailspezialit\u00e4ten w\u00e4hlen - vor oder nach dem Abendessen.<\/p>\n\n\t\t<\/div>\n\t<\/div>\n<div class=\"plethora_button wpb_content_element   text-left\">\n    <a href=\"https:\/\/annagrandhotel.hu\/de\/lounge-bar\/\" class=\"btn btn-secondary\" title=\"Lounge-Bar\"  target=\"_self\">\n\n        \n        LOUNGE-BAR\n        \n\n    <\/a>\n<\/div><\/div><\/div><\/div><\/div><div class=\"vc_row-full-width vc_clearfix\"><\/div><div data-vc-full-width=\"true\" data-vc-full-width-init=\"false\" class=\"vc_row wpb_row vc_row-fluid vc_row-o-content-middle vc_row-flex white_section padding_top_none padding_bottom_none\"><div class=\"col-sm-push-6 wpb_column vc_column_container vc_col-sm-6\"><div class=\"vc_column-inner\"><div class=\"wpb_wrapper\">\n\t<div  class=\"wpb_single_image wpb_content_element vc_align_left\">\n\t\t\n\t\t<figure class=\"wpb_wrapper vc_figure\">\n\t\t\t<div class=\"vc_single_image-wrapper   vc_box_border_grey\"><img loading=\"lazy\" decoding=\"async\" width=\"900\" height=\"600\" src=\"https:\/\/annagrandhotel.hu\/wp-content\/uploads\/2023\/11\/Anna-Grand-Hotel-reggeli.webp\" class=\"vc_single_image-img attachment-large\" alt=\"\" title=\"Anna Grand Hotel Fr\u00fchst\u00fcck\" srcset=\"https:\/\/annagrandhotel.hu\/wp-content\/uploads\/2023\/11\/Anna-Grand-Hotel-reggeli.webp 900w, https:\/\/annagrandhotel.hu\/wp-content\/uploads\/2023\/11\/Anna-Grand-Hotel-reggeli-300x200.webp 300w, https:\/\/annagrandhotel.hu\/wp-content\/uploads\/2023\/11\/Anna-Grand-Hotel-reggeli-768x512.webp 768w\" sizes=\"auto, (max-width: 900px) 100vw, 900px\" \/><\/div>\n\t\t<\/figure>\n\t<\/div>\n<\/div><\/div><\/div><div class=\"col-sm-pull-6 wpb_column vc_column_container vc_col-sm-6\"><div class=\"vc_column-inner\"><div class=\"wpb_wrapper\"><div class=\"heading_group_sc wpb_content_element subtitle_top    text-left\">\n\n        <span class=\"subtitle\">ERLEBNIS GARANTIERT<\/span>\n\n    <h3>Kulinarische Abenteuer<\/h3>\n<div id=\"gtx-trans\" style=\"position: absolute; left: 144px; top: -6.0875px;\">\n<div class=\"gtx-trans-icon\"><\/div>\n<\/div>\n\n\n\n<\/div>\n\t<div class=\"wpb_text_column wpb_content_element\" >\n\t\t<div class=\"wpb_wrapper\">\n\t\t\t<p style=\"text-align: justify;\">Unsere jahrzehntelange Erfahrung garantiert Ihnen ein einzigartiges gastronomisches Erlebnis, das Sie nie vergessen werden. Jede Mahlzeit hat f\u00fcr uns Priorit\u00e4t und wir sind bestrebt, jedes Mal ein exklusives kulinarisches Erlebnis zu bieten, bei dem unsere G\u00e4ste die lokalen Aromen aus lokalen Zutaten genie\u00dfen k\u00f6nnen, und sei es nur zum Fr\u00fchst\u00fcck.<\/p>\n<div id=\"gtx-trans\" style=\"position: absolute; left: -21px; top: 38px;\">\n<div class=\"gtx-trans-icon\"><\/div>\n<\/div>\n\n\t\t<\/div>\n\t<\/div>\n<\/div><\/div><\/div><\/div><div class=\"vc_row-full-width vc_clearfix\"><\/div><div data-vc-full-width=\"true\" data-vc-full-width-init=\"false\" class=\"vc_row wpb_row vc_row-fluid vc_row-o-content-middle vc_row-flex white_section padding_top_none padding_bottom_none\"><div class=\"wpb_column vc_column_container vc_col-sm-6\"><div class=\"vc_column-inner\"><div class=\"wpb_wrapper\">\n\t<div  class=\"wpb_single_image wpb_content_element vc_align_left\">\n\t\t\n\t\t<figure class=\"wpb_wrapper vc_figure\">\n\t\t\t<div class=\"vc_single_image-wrapper   vc_box_border_grey\"><img loading=\"lazy\" decoding=\"async\" width=\"960\" height=\"640\" src=\"https:\/\/annagrandhotel.hu\/wp-content\/uploads\/2023\/10\/Anna-Grand-Hotel-gasztronomia-kulonleges-izek-01-1024x683.webp\" class=\"vc_single_image-img attachment-large\" alt=\"\" title=\"Anna Grand Hotel-gastronomisch-kulinarisch-isek-01\" srcset=\"https:\/\/annagrandhotel.hu\/wp-content\/uploads\/2023\/10\/Anna-Grand-Hotel-gasztronomia-kulonleges-izek-01-1024x683.webp 1024w, https:\/\/annagrandhotel.hu\/wp-content\/uploads\/2023\/10\/Anna-Grand-Hotel-gasztronomia-kulonleges-izek-01-300x200.webp 300w, https:\/\/annagrandhotel.hu\/wp-content\/uploads\/2023\/10\/Anna-Grand-Hotel-gasztronomia-kulonleges-izek-01-768x512.webp 768w, https:\/\/annagrandhotel.hu\/wp-content\/uploads\/2023\/10\/Anna-Grand-Hotel-gasztronomia-kulonleges-izek-01-1536x1025.webp 1536w, https:\/\/annagrandhotel.hu\/wp-content\/uploads\/2023\/10\/Anna-Grand-Hotel-gasztronomia-kulonleges-izek-01-2048x1366.webp 2048w\" sizes=\"auto, (max-width: 960px) 100vw, 960px\" \/><\/div>\n\t\t<\/figure>\n\t<\/div>\n<\/div><\/div><\/div><div class=\"wpb_column vc_column_container vc_col-sm-6\"><div class=\"vc_column-inner\"><div class=\"wpb_wrapper\"><div class=\"heading_group_sc wpb_content_element subtitle_top    text-left\">\n\n        <span class=\"subtitle\">TRADITIONELLE TORTEN<\/span>\n\n    <h3>ANNA CAF\u00c9<\/h3>\n<div id=\"gtx-trans\" style=\"position: absolute; left: -165px; top: -6.28125px;\">\n<div class=\"gtx-trans-icon\"><\/div>\n<\/div>\n\n\n\n<\/div>\n\t<div class=\"wpb_text_column wpb_content_element\" >\n\t\t<div class=\"wpb_wrapper\">\n\t\t\t<p style=\"text-align: justify;\">Das Anna Caf\u00e9 ist ein echter Gemeinschaftsraum im Herzen von Balatonf\u00fcred. In dem Caf\u00e9 mit langer Geschichte erwarten wir unsere G\u00e4ste in einer erneuerten, modernen Umgebung mit einer Reihe von Angeboten, die alle Bed\u00fcrfnisse befriedigen. Auf der Speisekarte stehen neben den klassischen Torten auch Paleo-Desserts. Mit unseren selbst ger\u00f6steten Barista-Kaffeespezialit\u00e4ten und sorgf\u00e4ltig ausgew\u00e4hlten Teesorten l\u00e4sst es sich auch an den k\u00fchleren Tagen des Jahres gut entspannen. Das Anna Caf\u00e9 ist ein gro\u00dfartiger Ort f\u00fcr ein gutes Gespr\u00e4ch, ein angenehmes Gesch\u00e4ftstreffen oder auch f\u00fcr ein Familienfest.<\/p>\n\n\t\t<\/div>\n\t<\/div>\n<div class=\"plethora_button wpb_content_element   text-left\">\n    <a href=\"https:\/\/annagrandhotel.hu\/de\/anna-cafe\/\" class=\"btn btn-secondary\" title=\"Anna Caf\u00e9\"  target=\"_self\">\n\n        \n        ANNA CAF\u00c9\n        \n\n    <\/a>\n<\/div><\/div><\/div><\/div><\/div><div class=\"vc_row-full-width vc_clearfix\"><\/div><div class=\"vc_row wpb_row vc_row-fluid\"><div class=\"wpb_column vc_column_container vc_col-sm-12\"><div class=\"vc_column-inner\"><div class=\"wpb_wrapper\">\n<div class=\"vc_grid-container-wrapper vc_clearfix vc_grid-animation-zoomIn\">\n\t<div class=\"vc_grid-container vc_clearfix wpb_content_element vc_masonry_media_grid\" data-initial-loading-animation=\"zoomIn\" data-vc-grid-settings=\"{&quot;page_id&quot;:44,&quot;style&quot;:&quot;all-masonry&quot;,&quot;action&quot;:&quot;vc_get_vc_grid_data&quot;,&quot;shortcode_id&quot;:&quot;1772014578373-84eaf776-a231-2&quot;,&quot;tag&quot;:&quot;vc_masonry_media_grid&quot;}\" data-vc-request=\"https:\/\/annagrandhotel.hu\/wp-admin\/admin-ajax.php\" data-vc-post-id=\"44\" data-vc-public-nonce=\"5955dbe313\">\n\t\t\n\t<\/div>\n<\/div><\/div><\/div><\/div><\/div><div class=\"vc_row wpb_row vc_row-fluid padding_top_none padding_bottom_none\"><div class=\"wpb_column vc_column_container vc_col-sm-12\"><div class=\"vc_column-inner\"><div class=\"wpb_wrapper\"><div class=\"vc_empty_space\"   style=\"height: 50px\"><span class=\"vc_empty_space_inner\"><\/span><\/div><\/div><\/div><\/div><\/div>\n<\/div>","protected":false},"excerpt":{"rendered":"GOURMET ANNA GRAND RESTAURANT A LEGJOBB HELY, HOGY \u00daJ \u00cdZEKET FEDEZZEN FEL GASZTRON\u00d3MIAI \u00c9LM\u00c9NYEK \u00c9TTEREM Kulin\u00e1ris utaz\u00e1sra h\u00edvjuk, ahol a tradicion\u00e1lis \u00e9teleket az ANNA GRAND egyedi st\u00edlus\u00e1ban \u00e9lvezheti. Az \u00e9telek \u00e9s az \u00e9tkez\u00e9s mindig is k\u00f6zponti szerepet j\u00e1tszottak a kult\u00far\u00e1ban, azonban a gasztron\u00f3miai \u00e9lm\u00e9nyek \u00e9s az \u00e9tkez\u00e9s m\u0171v\u00e9szete az ut\u00f3bbi \u00e9vtizedekben kaptak kiemelt figyelmet. ANNA [...]","protected":false},"author":1,"featured_media":1074,"parent":0,"menu_order":0,"comment_status":"closed","ping_status":"closed","template":"","meta":{"footnotes":""},"class_list":["post-44","page","type-page","status-publish","has-post-thumbnail","hentry"],"aioseo_notices":[],"_links":{"self":[{"href":"https:\/\/annagrandhotel.hu\/de\/wp-json\/wp\/v2\/pages\/44","targetHints":{"allow":["GET"]}}],"collection":[{"href":"https:\/\/annagrandhotel.hu\/de\/wp-json\/wp\/v2\/pages"}],"about":[{"href":"https:\/\/annagrandhotel.hu\/de\/wp-json\/wp\/v2\/types\/page"}],"author":[{"embeddable":true,"href":"https:\/\/annagrandhotel.hu\/de\/wp-json\/wp\/v2\/users\/1"}],"replies":[{"embeddable":true,"href":"https:\/\/annagrandhotel.hu\/de\/wp-json\/wp\/v2\/comments?post=44"}],"version-history":[{"count":64,"href":"https:\/\/annagrandhotel.hu\/de\/wp-json\/wp\/v2\/pages\/44\/revisions"}],"predecessor-version":[{"id":5593,"href":"https:\/\/annagrandhotel.hu\/de\/wp-json\/wp\/v2\/pages\/44\/revisions\/5593"}],"wp:featuredmedia":[{"embeddable":true,"href":"https:\/\/annagrandhotel.hu\/de\/wp-json\/wp\/v2\/media\/1074"}],"wp:attachment":[{"href":"https:\/\/annagrandhotel.hu\/de\/wp-json\/wp\/v2\/media?parent=44"}],"curies":[{"name":"wp","href":"https:\/\/api.w.org\/{rel}","templated":true}]}}