{"id":42,"date":"2016-11-24T18:09:31","date_gmt":"2016-11-24T18:09:31","guid":{"rendered":"http:\/\/plethorathemes.com\/hotel-xenia\/?page_id=42"},"modified":"2025-04-15T12:10:03","modified_gmt":"2025-04-15T10:10:03","slug":"sport-und-freizeit","status":"publish","type":"page","link":"https:\/\/annagrandhotel.hu\/de\/sport-es-szabadido\/","title":{"rendered":"Sport und Freizeit"},"content":{"rendered":"<div class=\"wpb-content-wrapper\"><div class=\"vc_row wpb_row vc_row-fluid padding_top_1-2 padding_bottom_none\"><div class=\"wpb_column vc_column_container vc_col-sm-12\"><div class=\"vc_column-inner\"><div class=\"wpb_wrapper\"><div class=\"heading_group_sc wpb_content_element subtitle_bottom    text-center\">\n        <div class=\"background_title\">SPORT<\/div>\n\n\n    <h2>BALATONF\u00dcRED UND UMGEBUNG<\/h2>\n\n\n        <span class=\"subtitle\">VON SPORT BIS SIGHTSEEING. ALLES IST HIER<\/span>\n\n<\/div><div class=\"heading_group_sc wpb_content_element subtitle_bottom    text-center\">\n\n\n    <hr class=\"horizontal-separator\" \/>\n\n\n        <span class=\"subtitle\"><\/span>\n\n<\/div><\/div><\/div><\/div><\/div><div class=\"vc_row wpb_row vc_row-fluid vc_row-o-equal-height vc_row-o-content-middle vc_row-flex padding_top_none\"><div class=\"wpb_column vc_column_container vc_col-sm-4\"><div class=\"vc_column-inner\"><div class=\"wpb_wrapper\">\n\t<div  class=\"wpb_single_image wpb_content_element vc_align_center\">\n\t\t\n\t\t<figure class=\"wpb_wrapper vc_figure\">\n\t\t\t<div class=\"vc_single_image-wrapper   vc_box_border_grey\"><img loading=\"lazy\" decoding=\"async\" width=\"1700\" height=\"1136\" src=\"https:\/\/annagrandhotel.hu\/wp-content\/uploads\/2024\/07\/Kerekparberles-01.webp\" class=\"vc_single_image-img attachment-full\" alt=\"\" title=\"Fahrradverleih-01\" srcset=\"https:\/\/annagrandhotel.hu\/wp-content\/uploads\/2024\/07\/Kerekparberles-01.webp 1700w, https:\/\/annagrandhotel.hu\/wp-content\/uploads\/2024\/07\/Kerekparberles-01-300x200.webp 300w, https:\/\/annagrandhotel.hu\/wp-content\/uploads\/2024\/07\/Kerekparberles-01-1024x684.webp 1024w, https:\/\/annagrandhotel.hu\/wp-content\/uploads\/2024\/07\/Kerekparberles-01-768x513.webp 768w, https:\/\/annagrandhotel.hu\/wp-content\/uploads\/2024\/07\/Kerekparberles-01-1536x1026.webp 1536w, https:\/\/annagrandhotel.hu\/wp-content\/uploads\/2024\/07\/Kerekparberles-01-18x12.webp 18w\" sizes=\"auto, (max-width: 1700px) 100vw, 1700px\" \/><\/div>\n\t\t<\/figure>\n\t<\/div>\n<\/div><\/div><\/div><div class=\"wpb_column vc_column_container vc_col-sm-8\"><div class=\"vc_column-inner\"><div class=\"wpb_wrapper\"><div class=\"heading_group_sc wpb_content_element subtitle_top    text-left\">\n\n        <span class=\"subtitle\"><\/span>\n\n    <h4>FAHRRADVERLEIH<\/h4>\n\n\n\n<\/div>\n\t<div class=\"wpb_text_column wpb_content_element\" >\n\t\t<div class=\"wpb_wrapper\">\n\t\t\t<p style=\"text-align: justify;\">Das Balaton-Radwegesystem erm\u00f6glicht es Ihnen, diese wundersch\u00f6ne Gegend auf zwei R\u00e4dern zu erkunden. Von Fr\u00fchling bis Herbst k\u00f6nnen unsere G\u00e4ste diese M\u00f6glichkeit auch mit unseren Leihfahrr\u00e4dern nutzen.<\/p>\n\n\t\t<\/div>\n\t<\/div>\n<\/div><\/div><\/div><\/div><div class=\"vc_row wpb_row vc_row-fluid swap-on-tablet padding_top_1-4\"><div class=\"make_it_wide wpb_column vc_column_container vc_col-sm-6\"><div class=\"vc_column-inner\"><div class=\"wpb_wrapper\"><div class=\"heading_group_sc wpb_content_element subtitle_top    text-left\">\n\n        <span class=\"subtitle\">SPORTE<\/span>\n\n    <h3>WASSERSPORTE<\/h3>\n\n\n\n<\/div>\n\t<div class=\"wpb_text_column wpb_content_element\" >\n\t\t<div class=\"wpb_wrapper\">\n\t\t\t<p><span style=\"font-weight: 400;\">Balatonf\u00fcred ist ein ideales Ziel f\u00fcr alle, die sich f\u00fcr Surfen, Segeln und andere Wasserabenteuer interessieren, aber auch an Land finden Sportbegeisterte eine aktive Erholung.<\/span><\/p>\n\n\t\t<\/div>\n\t<\/div>\n<div class=\"vc_row wpb_row vc_inner vc_row-fluid\"><div class=\"wpb_column vc_column_container vc_col-sm-4\"><div class=\"vc_column-inner\"><div class=\"wpb_wrapper\"><!-- ========================== TEASER BOX ==========================-->\n\n<div class=\"teaser_box wpb_content_element same_height_col vertical text-left      with_image\">\n\n  <div class=\"figure with_image\">\n\n\n\n        \n        \n        \n         <img decoding=\"async\" src=\"https:\/\/annagrandhotel.hu\/wp-content\/uploads\/2023\/11\/vitorla.svg\" alt=\"SEGELN\">   \n\n        \n\n\n  <\/div>\n\n\n  <div class=\"content\">\n    \n    <div class=\"hgroup textify_links\"><h4>SEGELN<\/h4><\/div>\n\n     <div class=\"desc\"><p>Eine gro\u00dfartige M\u00f6glichkeit, die herrlichen Ufer des Plattensees zu entdecken.<\/p><\/div> \n\n  <\/div>\n\n<\/div>\n\n<!-- END======================= TEASER BOX ==========================--><\/div><\/div><\/div><div class=\"wpb_column vc_column_container vc_col-sm-4\"><div class=\"vc_column-inner\"><div class=\"wpb_wrapper\"><!-- ========================== TEASER BOX ==========================-->\n\n<div class=\"teaser_box wpb_content_element same_height_col vertical text-left      with_image\">\n\n  <div class=\"figure with_image\">\n\n\n\n        \n        \n        \n         <img decoding=\"async\" src=\"https:\/\/annagrandhotel.hu\/wp-content\/uploads\/2023\/11\/szorf.svg\" alt=\"SURFEN\">   \n\n        \n\n\n  <\/div>\n\n\n  <div class=\"content\">\n    \n    <div class=\"hgroup textify_links\"><h4>SURFEN<\/h4><\/div>\n\n     <div class=\"desc\"><p>In Balatonf\u00fcred gibt es mehrere Surfschulen und -verleihe.<\/p><\/div> \n\n  <\/div>\n\n<\/div>\n\n<!-- END======================= TEASER BOX ==========================--><\/div><\/div><\/div><div class=\"wpb_column vc_column_container vc_col-sm-4\"><div class=\"vc_column-inner     text-left\"><div class=\"wpb_wrapper\"><!-- ========================== TEASER BOX ==========================-->\n\n<div class=\"teaser_box wpb_content_element same_height_col vertical text-left      with_image\">\n\n  <div class=\"figure with_image transparent\">\n\n\n\n        \n        \n        \n         <img decoding=\"async\" src=\"https:\/\/annagrandhotel.hu\/wp-content\/uploads\/2023\/11\/kayak.svg\" alt=\"KAJAKFAHREN\">   \n\n        \n\n\n  <\/div>\n\n\n  <div class=\"content\">\n    \n    <div class=\"hgroup textify_links\"><h4>KAJAKFAHREN<\/h4><\/div>\n\n     <div class=\"desc\"><p>Eine gro\u00dfartige Gelegenheit, die nat\u00fcrliche Sch\u00f6nheit des Plattensees zu bewundern<\/p><\/div> \n\n  <\/div>\n\n<\/div>\n\n<!-- END======================= TEASER BOX ==========================--><\/div><\/div><\/div><\/div><div class=\"vc_row wpb_row vc_inner vc_row-fluid\"><div class=\"wpb_column vc_column_container vc_col-sm-4\"><div class=\"vc_column-inner\"><div class=\"wpb_wrapper\"><!-- ========================== TEASER BOX ==========================-->\n\n<div class=\"teaser_box wpb_content_element same_height_col vertical text-left      with_image\">\n\n  <div class=\"figure with_image\">\n\n\n\n        \n        \n        \n         <img decoding=\"async\" src=\"https:\/\/annagrandhotel.hu\/wp-content\/uploads\/2023\/11\/bringa_ez.svg\" alt=\"RADELN\">   \n\n        \n\n\n  <\/div>\n\n\n  <div class=\"content\">\n    \n    <div class=\"hgroup textify_links\"><h4>RADELN<\/h4><\/div>\n\n     <div class=\"desc\"><p>Der Plattensee verf\u00fcgt \u00fcber ein gut ausgebautes Netz von Radwegen.<\/p><\/div> \n\n  <\/div>\n\n<\/div>\n\n<!-- END======================= TEASER BOX ==========================--><\/div><\/div><\/div><div class=\"wpb_column vc_column_container vc_col-sm-4\"><div class=\"vc_column-inner\"><div class=\"wpb_wrapper\"><!-- ========================== TEASER BOX ==========================-->\n\n<div class=\"teaser_box wpb_content_element same_height_col vertical text-left\">\n\n\n  <div class=\"figure with_icon textify_links\">\n\n\n        \n\n        \n\n        <i class=\"hi hi-tennis\"><\/i>\n\n\n\n\n  <\/div>\n\n  <div class=\"content\">\n    \n    <div class=\"hgroup textify_links\"><h4>TENNIS<\/h4><\/div>\n\n     <div class=\"desc\"><p>Die Tennispl\u00e4tze von Kiserd\u0151 befinden sich in der N\u00e4he des Hotels.<\/p><\/div> \n\n  <\/div>\n\n<\/div>\n\n<!-- END======================= TEASER BOX ==========================--><\/div><\/div><\/div><div class=\"wpb_column vc_column_container vc_col-sm-4\"><div class=\"vc_column-inner     text-left\"><div class=\"wpb_wrapper\"><!-- ========================== TEASER BOX ==========================-->\n\n<div class=\"teaser_box wpb_content_element  vertical text-left      with_image\">\n\n  <div class=\"figure with_image transparent\">\n\n\n\n        \n        \n        \n         <img decoding=\"async\" src=\"https:\/\/annagrandhotel.hu\/wp-content\/uploads\/2023\/11\/golf.svg\" alt=\"Golf\">   \n\n        \n\n\n  <\/div>\n\n\n  <div class=\"content\">\n    \n    <div class=\"hgroup textify_links\"><h4>Golf<\/h4><\/div>\n\n     <div class=\"desc\"><p>Der Balaton Golf Club befindet sich 11 km vom Hotel entfernt.<\/p><\/div> \n\n  <\/div>\n\n<\/div>\n\n<!-- END======================= TEASER BOX ==========================--><\/div><\/div><\/div><\/div><\/div><\/div><\/div><div class=\"make_it_wide wpb_column vc_column_container vc_col-sm-6\"><div class=\"vc_column-inner\"><div class=\"wpb_wrapper\">\n\t<div  class=\"wpb_single_image wpb_content_element vc_align_center\">\n\t\t\n\t\t<figure class=\"wpb_wrapper vc_figure\">\n\t\t\t<div class=\"vc_single_image-wrapper   vc_box_border_grey\"><img loading=\"lazy\" decoding=\"async\" width=\"500\" height=\"700\" src=\"https:\/\/annagrandhotel.hu\/wp-content\/uploads\/2023\/07\/vitorlazas.jpg\" class=\"vc_single_image-img attachment-full\" alt=\"Balaton (Plattensee)\" title=\"Segelboote\" srcset=\"https:\/\/annagrandhotel.hu\/wp-content\/uploads\/2023\/07\/vitorlazas.jpg 500w, https:\/\/annagrandhotel.hu\/wp-content\/uploads\/2023\/07\/vitorlazas-214x300.jpg 214w\" sizes=\"auto, (max-width: 500px) 100vw, 500px\" \/><\/div>\n\t\t<\/figure>\n\t<\/div>\n<\/div><\/div><\/div><\/div><div data-vc-full-width=\"true\" data-vc-full-width-init=\"false\" class=\"vc_row wpb_row vc_row-fluid vc_custom_1692778702472 vc_row-has-fill black_section transparent transparent_film padding_top_2-3 padding_bottom_1-2\"><div class=\"wpb_column vc_column_container vc_col-sm-8 vc_col-sm-offset-2\"><div class=\"vc_column-inner\"><div class=\"wpb_wrapper\"><div class=\"heading_group_sc wpb_content_element subtitle_bottom    text-center\">\n\n\n    <h2>ENTDECKEN SIE DIE GEGEND<\/h2>\n\n\n        <span class=\"subtitle\"><\/span>\n\n<\/div>\n\t<div class=\"wpb_text_column wpb_content_element\" >\n\t\t<div class=\"wpb_wrapper\">\n\t\t\t<p style=\"text-align: center;\">Balatonf\u00fcred und seine Umgebung bieten viele M\u00f6glichkeiten zur aktiven Freizeitgestaltung!<\/p>\n\n\t\t<\/div>\n\t<\/div>\n<div class=\"plethora_button wpb_content_element   text-center\">\n    <a href=\"https:\/\/annagrandhotel.hu\/de\/balaton-plattensee\/\" class=\"btn btn-white\" title=\"Balaton (Plattensee)\"  target=\"_self\">\n\n        \n        Balaton (Plattensee)\n        \n\n    <\/a>\n<\/div><\/div><\/div><\/div><\/div><div class=\"vc_row-full-width vc_clearfix\"><\/div><div class=\"vc_row wpb_row vc_row-fluid vc_row-o-equal-height vc_row-o-content-middle vc_row-flex padding_top_none padding_bottom_none\"><div class=\"col-sm-push-6 wpb_column vc_column_container vc_col-sm-6\"><div class=\"vc_column-inner\"><div class=\"wpb_wrapper\">\n\t<div  class=\"wpb_single_image wpb_content_element vc_align_center\">\n\t\t\n\t\t<figure class=\"wpb_wrapper vc_figure\">\n\t\t\t<div class=\"vc_single_image-wrapper   vc_box_border_grey\"><img loading=\"lazy\" decoding=\"async\" width=\"2560\" height=\"1707\" src=\"https:\/\/annagrandhotel.hu\/wp-content\/uploads\/2023\/09\/kayaking-women-kayak-girls-paddling-water-scaled.jpg\" class=\"vc_single_image-img attachment-full\" alt=\"\" title=\"Frauen paddeln auf einem See in einem Kajak\" srcset=\"https:\/\/annagrandhotel.hu\/wp-content\/uploads\/2023\/09\/kayaking-women-kayak-girls-paddling-water-scaled.jpg 2560w, https:\/\/annagrandhotel.hu\/wp-content\/uploads\/2023\/09\/kayaking-women-kayak-girls-paddling-water-300x200.jpg 300w, https:\/\/annagrandhotel.hu\/wp-content\/uploads\/2023\/09\/kayaking-women-kayak-girls-paddling-water-1024x683.jpg 1024w, https:\/\/annagrandhotel.hu\/wp-content\/uploads\/2023\/09\/kayaking-women-kayak-girls-paddling-water-768x512.jpg 768w, https:\/\/annagrandhotel.hu\/wp-content\/uploads\/2023\/09\/kayaking-women-kayak-girls-paddling-water-1536x1024.jpg 1536w, https:\/\/annagrandhotel.hu\/wp-content\/uploads\/2023\/09\/kayaking-women-kayak-girls-paddling-water-2048x1365.jpg 2048w\" sizes=\"auto, (max-width: 2560px) 100vw, 2560px\" \/><\/div>\n\t\t<\/figure>\n\t<\/div>\n<\/div><\/div><\/div><div class=\"col-sm-pull-6 wpb_column vc_column_container vc_col-sm-6\"><div class=\"vc_column-inner\"><div class=\"wpb_wrapper\"><div class=\"heading_group_sc wpb_content_element subtitle_top    text-left\">\n\n        <span class=\"subtitle\"><\/span>\n\n    <h4>KAJAK- UND KANUFAHREN<\/h4>\n\n\n\n<\/div>\n\t<div class=\"wpb_text_column wpb_content_element\" >\n\t\t<div class=\"wpb_wrapper\">\n\t\t\t<p style=\"text-align: justify;\">Wenn Sie eine ruhigere Zeit auf dem Wasser verbringen m\u00f6chten, sind Kajak- und Kanufahrten genau das Richtige f\u00fcr Sie. Rund um den See gibt es mehrere Verleihe, bei denen Sie ein Kajak oder ein Kanu mieten k\u00f6nnen, um die kleineren Buchten und K\u00fcstenabschnitte zu erkunden. Beim Kajak- und Kanufahren haben Sie die M\u00f6glichkeit, die nat\u00fcrliche Sch\u00f6nheit des Plattensees aus der N\u00e4he zu bewundern und versteckte Stellen zu entdecken, die mit dem Auto oder zu Fu\u00df schwieriger zu erreichen w\u00e4ren.<\/p>\n\n\t\t<\/div>\n\t<\/div>\n<\/div><\/div><\/div><\/div><div class=\"vc_row wpb_row vc_row-fluid vc_custom_1692779896108 vc_row-has-fill vc_row-o-equal-height vc_row-o-content-middle vc_row-flex padding_top_none\"><div class=\"wpb_column vc_column_container vc_col-sm-6\"><div class=\"vc_column-inner\"><div class=\"wpb_wrapper\">\n\t<div  class=\"wpb_single_image wpb_content_element vc_align_center\">\n\t\t\n\t\t<figure class=\"wpb_wrapper vc_figure\">\n\t\t\t<div class=\"vc_single_image-wrapper   vc_box_border_grey\"><img loading=\"lazy\" decoding=\"async\" width=\"2560\" height=\"1709\" src=\"https:\/\/annagrandhotel.hu\/wp-content\/uploads\/2023\/09\/their-friends-great-rivals-court-two-male-tennis-players-court-scaled.jpg\" class=\"vc_single_image-img attachment-full\" alt=\"\" title=\"Ihre Freunde und gro\u00dfen Rivalen auf dem Tennisplatz. Zwei m\u00e4nnliche Tennisspieler\" srcset=\"https:\/\/annagrandhotel.hu\/wp-content\/uploads\/2023\/09\/their-friends-great-rivals-court-two-male-tennis-players-court-scaled.jpg 2560w, https:\/\/annagrandhotel.hu\/wp-content\/uploads\/2023\/09\/their-friends-great-rivals-court-two-male-tennis-players-court-300x200.jpg 300w, https:\/\/annagrandhotel.hu\/wp-content\/uploads\/2023\/09\/their-friends-great-rivals-court-two-male-tennis-players-court-1024x684.jpg 1024w, https:\/\/annagrandhotel.hu\/wp-content\/uploads\/2023\/09\/their-friends-great-rivals-court-two-male-tennis-players-court-768x513.jpg 768w, https:\/\/annagrandhotel.hu\/wp-content\/uploads\/2023\/09\/their-friends-great-rivals-court-two-male-tennis-players-court-1536x1025.jpg 1536w, https:\/\/annagrandhotel.hu\/wp-content\/uploads\/2023\/09\/their-friends-great-rivals-court-two-male-tennis-players-court-2048x1367.jpg 2048w\" sizes=\"auto, (max-width: 2560px) 100vw, 2560px\" \/><\/div>\n\t\t<\/figure>\n\t<\/div>\n<\/div><\/div><\/div><div class=\"wpb_column vc_column_container vc_col-sm-6\"><div class=\"vc_column-inner\"><div class=\"wpb_wrapper\"><div class=\"heading_group_sc wpb_content_element subtitle_top    text-left\">\n\n        <span class=\"subtitle\"><\/span>\n\n    <h4>TENNIS<\/h4>\n\n\n\n<\/div>\n\t<div class=\"wpb_text_column wpb_content_element\" >\n\t\t<div class=\"wpb_wrapper\">\n\t\t\t<p style=\"text-align: justify;\">Die erste nationale Tennismeisterschaft wurde vor 125 Jahren in Balatonf\u00fcred ausgetragen. Der Kiserdei Tennis Club wurde 1935 gegr\u00fcndet und seitdem wird Tennis in der Kiserd\u0151, einer einzigartigen nat\u00fcrlichen Umgebung, nur 100 Meter vom Hotel entfernt, gespielt.<\/p>\n\n\t\t<\/div>\n\t<\/div>\n<\/div><\/div><\/div><\/div><div class=\"vc_row wpb_row vc_row-fluid vc_custom_1692779878619 vc_row-has-fill vc_row-o-equal-height vc_row-o-content-middle vc_row-flex padding_top_none padding_bottom_none\"><div class=\"col-sm-push-6 wpb_column vc_column_container vc_col-sm-6\"><div class=\"vc_column-inner\"><div class=\"wpb_wrapper\">\n\t<div  class=\"wpb_single_image wpb_content_element vc_align_center\">\n\t\t\n\t\t<figure class=\"wpb_wrapper vc_figure\">\n\t\t\t<div class=\"vc_single_image-wrapper   vc_box_border_grey\"><img loading=\"lazy\" decoding=\"async\" width=\"2560\" height=\"1707\" src=\"https:\/\/annagrandhotel.hu\/wp-content\/uploads\/2023\/09\/golf-club-ball-green-grass-scaled.jpg\" class=\"vc_single_image-img attachment-full\" alt=\"\" title=\"Golfschl\u00e4ger und ein Ball im gr\u00fcnen Gras\" srcset=\"https:\/\/annagrandhotel.hu\/wp-content\/uploads\/2023\/09\/golf-club-ball-green-grass-scaled.jpg 2560w, https:\/\/annagrandhotel.hu\/wp-content\/uploads\/2023\/09\/golf-club-ball-green-grass-300x200.jpg 300w, https:\/\/annagrandhotel.hu\/wp-content\/uploads\/2023\/09\/golf-club-ball-green-grass-1024x683.jpg 1024w, https:\/\/annagrandhotel.hu\/wp-content\/uploads\/2023\/09\/golf-club-ball-green-grass-768x512.jpg 768w, https:\/\/annagrandhotel.hu\/wp-content\/uploads\/2023\/09\/golf-club-ball-green-grass-1536x1024.jpg 1536w, https:\/\/annagrandhotel.hu\/wp-content\/uploads\/2023\/09\/golf-club-ball-green-grass-2048x1365.jpg 2048w\" sizes=\"auto, (max-width: 2560px) 100vw, 2560px\" \/><\/div>\n\t\t<\/figure>\n\t<\/div>\n<\/div><\/div><\/div><div class=\"col-sm-pull-6 wpb_column vc_column_container vc_col-sm-6\"><div class=\"vc_column-inner\"><div class=\"wpb_wrapper\"><div class=\"heading_group_sc wpb_content_element subtitle_top    text-left\">\n\n        <span class=\"subtitle\"><\/span>\n\n    <h4>GOLF<\/h4>\n\n\n\n<\/div>\n\t<div class=\"wpb_text_column wpb_content_element\" >\n\t\t<div class=\"wpb_wrapper\">\n\t\t\t<p style=\"text-align: justify;\">Der erste 18-Loch-Golfplatz des Plattensees, der f\u00fcr internationale Turniere geeignet ist, erwartet die Golfliebhaber in einer wundersch\u00f6nen Umgebung mit mediterraner Atmosph\u00e4re. Der Platz liegt in einer einzigartigen nat\u00fcrlichen Umgebung, in der N\u00e4he von Tihany, zwischen Balatonudvari und \u00d6rv\u00e9nyes, und bietet einen atemberaubenden Panoramablick auf den Balaton, nur 11 km von unserem Hotel entfernt.<\/p>\n\n\t\t<\/div>\n\t<\/div>\n<\/div><\/div><\/div><\/div>\n<\/div>","protected":false},"excerpt":{"rendered":"SPORT BALATONF\u00dcRED \u00c9S K\u00d6RNY\u00c9KE A SPORTOL\u00c1SI LEHET\u0150S\u00c9GEKT\u0150L A V\u00c1ROSN\u00c9Z\u00c9SIG. ITT MINDEN ADOTT KER\u00c9KP\u00c1RB\u00c9RL\u00c9S A Balatoni ker\u00e9kp\u00e1r\u00fat ny\u00fajtotta ker\u00e9kp\u00e1r\u00fatrendszer lehet\u0151v\u00e9 teszi, hogy k\u00e9t ker\u00e9ken is felfedezhet\u0151 legyen ez a csod\u00e1latos k\u00f6rny\u00e9k. Tavaszt\u00f3l \u0151szig b\u00e9relhet\u0151 ker\u00e9kp\u00e1rjainkon vend\u00e9geink is \u00e9lvezhetik ezt a lehet\u0151s\u00e9get. Sportok V\u00edzi sportok Balatonf\u00fcred ide\u00e1lis \u00fati c\u00e9l a sz\u00f6rf\u00f6z\u00e9s, vitorl\u00e1z\u00e1s \u00e9s m\u00e1s v\u00edzi kalandok ir\u00e1nt [...]","protected":false},"author":1,"featured_media":1174,"parent":0,"menu_order":0,"comment_status":"closed","ping_status":"closed","template":"","meta":{"footnotes":""},"class_list":["post-42","page","type-page","status-publish","has-post-thumbnail","hentry"],"aioseo_notices":[],"_links":{"self":[{"href":"https:\/\/annagrandhotel.hu\/de\/wp-json\/wp\/v2\/pages\/42","targetHints":{"allow":["GET"]}}],"collection":[{"href":"https:\/\/annagrandhotel.hu\/de\/wp-json\/wp\/v2\/pages"}],"about":[{"href":"https:\/\/annagrandhotel.hu\/de\/wp-json\/wp\/v2\/types\/page"}],"author":[{"embeddable":true,"href":"https:\/\/annagrandhotel.hu\/de\/wp-json\/wp\/v2\/users\/1"}],"replies":[{"embeddable":true,"href":"https:\/\/annagrandhotel.hu\/de\/wp-json\/wp\/v2\/comments?post=42"}],"version-history":[{"count":76,"href":"https:\/\/annagrandhotel.hu\/de\/wp-json\/wp\/v2\/pages\/42\/revisions"}],"predecessor-version":[{"id":4954,"href":"https:\/\/annagrandhotel.hu\/de\/wp-json\/wp\/v2\/pages\/42\/revisions\/4954"}],"wp:featuredmedia":[{"embeddable":true,"href":"https:\/\/annagrandhotel.hu\/de\/wp-json\/wp\/v2\/media\/1174"}],"wp:attachment":[{"href":"https:\/\/annagrandhotel.hu\/de\/wp-json\/wp\/v2\/media?parent=42"}],"curies":[{"name":"wp","href":"https:\/\/api.w.org\/{rel}","templated":true}]}}