{"id":4107,"date":"2024-09-12T19:57:44","date_gmt":"2024-09-12T17:57:44","guid":{"rendered":"https:\/\/annagrandhotel.hu\/?page_id=4107"},"modified":"2024-09-13T11:34:54","modified_gmt":"2024-09-13T09:34:54","slug":"nacht-rezeptionistin","status":"publish","type":"page","link":"https:\/\/annagrandhotel.hu\/de\/ejszakai-recepcios\/","title":{"rendered":"Nacht-Rezeptionistin"},"content":{"rendered":"<div class=\"wpb-content-wrapper\"><div class=\"vc_row wpb_row vc_row-fluid vc_custom_1726164178514 vc_row-has-fill\"><div class=\"wpb_column vc_column_container vc_col-sm-12\"><div class=\"vc_column-inner\"><div class=\"wpb_wrapper\">\n\t<div  class=\"wpb_single_image wpb_content_element vc_align_center\">\n\t\t\n\t\t<figure class=\"wpb_wrapper vc_figure\">\n\t\t\t<div class=\"vc_single_image-wrapper   vc_box_border_grey\"><img loading=\"lazy\" decoding=\"async\" width=\"250\" height=\"130\" src=\"https:\/\/annagrandhotel.hu\/wp-content\/uploads\/2023\/11\/Anna-Grand-Hotel-logo_weboldal.webp\" class=\"vc_single_image-img attachment-full\" alt=\"\" title=\"Anna Grand Hotel logo_website\" srcset=\"https:\/\/annagrandhotel.hu\/wp-content\/uploads\/2023\/11\/Anna-Grand-Hotel-logo_weboldal.webp 250w, https:\/\/annagrandhotel.hu\/wp-content\/uploads\/2023\/11\/Anna-Grand-Hotel-logo_weboldal-18x9.webp 18w\" sizes=\"auto, (max-width: 250px) 100vw, 250px\" \/><\/div>\n\t\t<\/figure>\n\t<\/div>\n\n\t<div  class=\"wpb_single_image wpb_content_element vc_align_center\">\n\t\t\n\t\t<figure class=\"wpb_wrapper vc_figure\">\n\t\t\t<div class=\"vc_single_image-wrapper   vc_box_border_grey\"><img loading=\"lazy\" decoding=\"async\" width=\"1003\" height=\"11\" src=\"https:\/\/annagrandhotel.hu\/wp-content\/uploads\/2023\/11\/Anna-Grand-Hotel-elvalaszto.webp\" class=\"vc_single_image-img attachment-full\" alt=\"\" title=\"Anna Grand Hotel Trennwand\" srcset=\"https:\/\/annagrandhotel.hu\/wp-content\/uploads\/2023\/11\/Anna-Grand-Hotel-elvalaszto.webp 1003w, https:\/\/annagrandhotel.hu\/wp-content\/uploads\/2023\/11\/Anna-Grand-Hotel-elvalaszto-300x3.webp 300w, https:\/\/annagrandhotel.hu\/wp-content\/uploads\/2023\/11\/Anna-Grand-Hotel-elvalaszto-768x8.webp 768w, https:\/\/annagrandhotel.hu\/wp-content\/uploads\/2023\/11\/Anna-Grand-Hotel-elvalaszto-18x1.webp 18w\" sizes=\"auto, (max-width: 1003px) 100vw, 1003px\" \/><\/div>\n\t\t<\/figure>\n\t<\/div>\n<div class=\"heading_group_sc wpb_content_element subtitle_bottom    text-center\">\n\n\n    <h2>Nacht-Rezeptionistin<\/h2>\n\n\n        <span class=\"subtitle\"><\/span>\n\n<\/div><\/div><\/div><\/div><\/div><div class=\"vc_row wpb_row vc_row-fluid vc_custom_1726163959211 vc_row-has-fill\"><div class=\"wpb_column vc_column_container vc_col-sm-9\"><div class=\"vc_column-inner\"><div class=\"wpb_wrapper\"><div class=\"heading_group_sc wpb_content_element subtitle_bottom    text-left\">\n\n\n    <p><strong>Was wir unseren angehenden Teammitgliedern in unserem Ganzjahreshotel bieten:<\/strong><\/p>\n<ul>\n<li>Unbefristeter Arbeitsvertrag mit vollst\u00e4ndiger Benachrichtigung<\/li>\n<li>Langfristige Besch\u00e4ftigungsm\u00f6glichkeiten<\/li>\n<li>Flexible Arbeitszeiten 12-Stunden-Nachtschichten<\/li>\n<li>Exklusive, hotelgerechte einheitliche Arbeitskleidung<\/li>\n<li>Eine warme Mahlzeit w\u00e4hrend der Arbeitszeit<\/li>\n<\/ul>\n<p><strong>Verantwortlichkeiten:<\/strong><\/p>\n<ul>\n<li>Ankunft, Bef\u00f6rderung und Information der G\u00e4ste<\/li>\n<li>Erstellung von Rechnungen, Kassenf\u00fchrung<\/li>\n<li>Bearbeitung von G\u00e4stew\u00fcnschen und Beschwerden<\/li>\n<li>Verwaltung der Reservierungen per Telefon, E-Mail und pers\u00f6nlich, Follow-up der Reservierungen<\/li>\n<li>Enge Zusammenarbeit mit anderen Abteilungen des Hotels, um effizientes Arbeiten zu gew\u00e4hrleisten<\/li>\n<\/ul>\n<p><strong>Was wir von unseren zuk\u00fcnftigen Kollegen erwarten:<\/strong><\/p>\n<ul style=\"font-weight: 400;\">\n<li>Sichere ungarische und englische Sprachkenntnisse, flie\u00dfende Kommunikation<\/li>\n<li>Zus\u00e4tzliche Fremdsprachen- und Hostware-Kenntnisse sowie eine berufliche Qualifikation w\u00e4ren von Vorteil.<\/li>\n<li>Erfahrung im Front Office von Hotels w\u00e4re von Vorteil, aber wir begr\u00fc\u00dfen auch Bewerbungen von Neueinsteigern.<\/li>\n<li>Eine h\u00f6fliche, gastfreundliche Person mit anspruchsvollem und gepflegtem Erscheinungsbild<\/li>\n<\/ul>\n\n\n        <span class=\"subtitle\"><\/span>\n\n<\/div><div class=\"heading_group_sc wpb_content_element subtitle_bottom    text-left\">\n\n\n    <p><span style=\"font-weight: 400;\">Senden Sie eine Fotokopie Ihres Lebenslaufs unter Angabe der Stelle, f\u00fcr die Sie sich bewerben, an <\/span><a href=\"mailto:hr@annagrandhotel.hu\"><span style=\"font-weight: 400;\">hr@annagrandhotel.hu<\/span><\/a><span style=\"font-weight: 400;\"> Adresse.<\/span><\/p>\n\n\n        <span class=\"subtitle\"><\/span>\n\n<\/div><div class=\"plethora_button wpb_content_element   text-left\">\n    <a href=\"mailto:hr@annagrandhotel.hu%20_blank\" class=\"btn btn-default\" title=\"\"  target=\"_blank\">\n\n        \n        Bewerben\n        \n\n    <\/a>\n<\/div><\/div><\/div><\/div><div class=\"wpb_column vc_column_container vc_col-sm-3 vc_col-has-fill\"><div class=\"vc_column-inner vc_custom_1726164142191\"><div class=\"wpb_wrapper\"><div class=\"heading_group_sc wpb_content_element subtitle_bottom    text-left\">\n\n\n    <p><strong>Abteilung:<\/strong><br \/>\nReception<\/p>\n\n\n        <span class=\"subtitle\"><\/span>\n\n<\/div><div class=\"heading_group_sc wpb_content_element subtitle_bottom    text-left\">\n\n\n    <p><strong>Art der Besch\u00e4ftigung:<\/strong><br \/>\nVollzeit<\/p>\n\n\n        <span class=\"subtitle\"><\/span>\n\n<\/div><div class=\"heading_group_sc wpb_content_element subtitle_bottom    text-left\">\n\n\n    <p><span style=\"font-weight: 400;\">Senden Sie eine Fotokopie Ihres Lebenslaufs unter Angabe der Stelle, f\u00fcr die Sie sich bewerben, an <\/span><a href=\"mailto:hr@annagrandhotel.hu\"><span style=\"font-weight: 400;\">hr@annagrandhotel.hu<\/span><\/a><span style=\"font-weight: 400;\"> Adresse.<\/span><\/p>\n\n\n        <span class=\"subtitle\"><\/span>\n\n<\/div><div class=\"plethora_button wpb_content_element   text-left\">\n    <a href=\"mailto:hr@annagrandhotel.hu%20_blank\" class=\"btn btn-default\" title=\"\"  target=\"_blank\">\n\n        \n        Bewerben\n        \n\n    <\/a>\n<\/div><\/div><\/div><\/div><\/div>\n<\/div>","protected":false},"excerpt":{"rendered":"\u00c9jszakai Recepci\u00f3s Amit k\u00edn\u00e1lunk leend\u0151 csapattagunknak eg\u00e9sz \u00e9vben \u00fczemel\u0151 sz\u00e1llod\u00e1nkban: Hat\u00e1rozatlan idej\u0171 munkaszerz\u0151d\u00e9s teljes bejelent\u00e9ssel Hossz\u00fat\u00e1v\u00fa munkalehet\u0151s\u00e9g Tervezhet\u0151 beoszt\u00e1s 12-\u00f3r\u00e1s \u00e9jszak\u00e1s m\u0171szakban Exkluz\u00edv sz\u00e1llod\u00e1hoz ill\u0151, egys\u00e9ges munkaruh\u00e1zat Munkav\u00e9gz\u00e9s ideje alatt egyszeri meleg \u00e9tkez\u00e9s Munkak\u00f6ri feladatok: Vend\u00e9gek \u00e9rkeztet\u00e9se, utaztat\u00e1sa, t\u00e1j\u00e9koztat\u00e1sa Sz\u00e1ml\u00e1k elk\u00e9sz\u00edt\u00e9se, kasszakezel\u00e9s Vend\u00e9gk\u00e9r\u00e9sek \u00e9s panaszok kezel\u00e9se Rezerv\u00e1ci\u00f3s feladatok ell\u00e1t\u00e1sa telefonon, e-mail-ben \u00e9s szem\u00e9lyesen, foglal\u00e1sok nyomon [...]","protected":false},"author":1,"featured_media":0,"parent":0,"menu_order":0,"comment_status":"closed","ping_status":"closed","template":"","meta":{"footnotes":""},"class_list":["post-4107","page","type-page","status-publish","hentry"],"aioseo_notices":[],"_links":{"self":[{"href":"https:\/\/annagrandhotel.hu\/de\/wp-json\/wp\/v2\/pages\/4107","targetHints":{"allow":["GET"]}}],"collection":[{"href":"https:\/\/annagrandhotel.hu\/de\/wp-json\/wp\/v2\/pages"}],"about":[{"href":"https:\/\/annagrandhotel.hu\/de\/wp-json\/wp\/v2\/types\/page"}],"author":[{"embeddable":true,"href":"https:\/\/annagrandhotel.hu\/de\/wp-json\/wp\/v2\/users\/1"}],"replies":[{"embeddable":true,"href":"https:\/\/annagrandhotel.hu\/de\/wp-json\/wp\/v2\/comments?post=4107"}],"version-history":[{"count":8,"href":"https:\/\/annagrandhotel.hu\/de\/wp-json\/wp\/v2\/pages\/4107\/revisions"}],"predecessor-version":[{"id":4109,"href":"https:\/\/annagrandhotel.hu\/de\/wp-json\/wp\/v2\/pages\/4107\/revisions\/4109"}],"wp:attachment":[{"href":"https:\/\/annagrandhotel.hu\/de\/wp-json\/wp\/v2\/media?parent=4107"}],"curies":[{"name":"wp","href":"https:\/\/api.w.org\/{rel}","templated":true}]}}