{"id":4016,"date":"2024-07-19T16:22:00","date_gmt":"2024-07-19T14:22:00","guid":{"rendered":"https:\/\/annagrandhotel.hu\/?page_id=4016"},"modified":"2025-05-13T07:31:01","modified_gmt":"2025-05-13T05:31:01","slug":"karriere-fb-betreuer","status":"publish","type":"page","link":"https:\/\/annagrandhotel.hu\/de\/karrier-fb-supervisor\/","title":{"rendered":"F&amp;B Aufsichtsperson"},"content":{"rendered":"<div class=\"wpb-content-wrapper\"><div class=\"vc_row wpb_row vc_row-fluid vc_custom_1721398731438 vc_row-has-fill\"><div class=\"wpb_column vc_column_container vc_col-sm-12\"><div class=\"vc_column-inner\"><div class=\"wpb_wrapper\">\n\t<div  class=\"wpb_single_image wpb_content_element vc_align_center\">\n\t\t\n\t\t<figure class=\"wpb_wrapper vc_figure\">\n\t\t\t<div class=\"vc_single_image-wrapper   vc_box_border_grey\"><img loading=\"lazy\" decoding=\"async\" width=\"250\" height=\"130\" src=\"https:\/\/annagrandhotel.hu\/wp-content\/uploads\/2023\/11\/Anna-Grand-Hotel-logo_weboldal.webp\" class=\"vc_single_image-img attachment-full\" alt=\"\" title=\"Anna Grand Hotel logo_website\" srcset=\"https:\/\/annagrandhotel.hu\/wp-content\/uploads\/2023\/11\/Anna-Grand-Hotel-logo_weboldal.webp 250w, https:\/\/annagrandhotel.hu\/wp-content\/uploads\/2023\/11\/Anna-Grand-Hotel-logo_weboldal-18x9.webp 18w\" sizes=\"auto, (max-width: 250px) 100vw, 250px\" \/><\/div>\n\t\t<\/figure>\n\t<\/div>\n\n\t<div  class=\"wpb_single_image wpb_content_element vc_align_left\">\n\t\t\n\t\t<figure class=\"wpb_wrapper vc_figure\">\n\t\t\t<div class=\"vc_single_image-wrapper   vc_box_border_grey\"><img loading=\"lazy\" decoding=\"async\" width=\"1003\" height=\"11\" src=\"https:\/\/annagrandhotel.hu\/wp-content\/uploads\/2023\/11\/Anna-Grand-Hotel-elvalaszto.webp\" class=\"vc_single_image-img attachment-full\" alt=\"\" title=\"Anna Grand Hotel Trennwand\" srcset=\"https:\/\/annagrandhotel.hu\/wp-content\/uploads\/2023\/11\/Anna-Grand-Hotel-elvalaszto.webp 1003w, https:\/\/annagrandhotel.hu\/wp-content\/uploads\/2023\/11\/Anna-Grand-Hotel-elvalaszto-300x3.webp 300w, https:\/\/annagrandhotel.hu\/wp-content\/uploads\/2023\/11\/Anna-Grand-Hotel-elvalaszto-768x8.webp 768w, https:\/\/annagrandhotel.hu\/wp-content\/uploads\/2023\/11\/Anna-Grand-Hotel-elvalaszto-18x1.webp 18w\" sizes=\"auto, (max-width: 1003px) 100vw, 1003px\" \/><\/div>\n\t\t<\/figure>\n\t<\/div>\n<div class=\"heading_group_sc wpb_content_element subtitle_bottom    text-center\">\n\n\n    <h3>F&amp;B Aufsichtsperson<\/h3>\n\n\n        <span class=\"subtitle\"><\/span>\n\n<\/div><\/div><\/div><\/div><\/div><div class=\"vc_row wpb_row vc_row-fluid vc_custom_1721400433935 vc_row-has-fill\"><div class=\"wpb_column vc_column_container vc_col-sm-8 vc_hidden-sm vc_hidden-xs\"><div class=\"vc_column-inner\"><div class=\"wpb_wrapper\"><div class=\"heading_group_sc wpb_content_element subtitle_bottom    text-left\">\n\n\n    <p><strong>Was wir unseren angehenden Teammitgliedern in unserem Ganzjahreshotel bieten:<\/strong><\/p>\n<ul>\n<li>Wettbewerbsf\u00e4higes Gehalt<\/li>\n<li>Langfristige Besch\u00e4ftigungsm\u00f6glichkeiten<\/li>\n<li>Angek\u00fcndigter 8-Stunden-Job<\/li>\n<li>Anspruchsvolles Arbeitsumfeld im kultigen historischen 5*-Hotel in Balatonf\u00fcred<\/li>\n<li>Entwicklungsm\u00f6glichkeiten, Ausbildung<\/li>\n<li>Einheitliche Arbeitskleidung an Arbeitstagen<\/li>\n<li>Kostenlose Mahlzeiten am Arbeitsplatz<\/li>\n<\/ul>\n<p><strong>Verantwortlichkeiten:<\/strong><\/p>\n<ul>\n<li style=\"font-weight: 400;\" aria-level=\"1\">Leitung und \u00dcberwachung der t\u00e4glichen Arbeitsabl\u00e4ufe<\/li>\n<li style=\"font-weight: 400;\" aria-level=\"1\">Koordinierung und Beaufsichtigung des zugewiesenen Personals, Kontrolle der Buffettische, des Getr\u00e4nkeservices, des Aufbaus und der Dekoration<\/li>\n<li style=\"font-weight: 400;\" aria-level=\"1\">Vollst\u00e4ndige \u00dcberwachung der Vorbereitung und Durchf\u00fchrung von Veranstaltungen (Konferenzen, Hochzeiten, Firmenveranstaltungen usw.)<\/li>\n<li style=\"font-weight: 400;\" aria-level=\"1\">Einhaltung von Hygienestandards, HACCP-Vorschriften<\/li>\n<li style=\"font-weight: 400;\" aria-level=\"1\">Verwaltung der Vorbereitung des Veranstaltungsortes<\/li>\n<li style=\"font-weight: 400;\" aria-level=\"1\">Schnelles und effektives Handeln bei unerwarteten Situationen und Problemen<\/li>\n<li style=\"font-weight: 400;\" aria-level=\"1\">Nutzung des Hostware-Systems: Auftragseingabe, Rechnungsstellung, Quittierung, Abfrage von Berichten<\/li>\n<li style=\"font-weight: 400;\" aria-level=\"1\">Kassenf\u00fchrung: t\u00e4gliche \u00d6ffnung und Schlie\u00dfung, Geldz\u00e4hlung, t\u00e4gliche Erfassung der Einnahmen<\/li>\n<\/ul>\n<p><strong>Was wir von unseren zuk\u00fcnftigen Kollegen erwarten:<\/strong><\/p>\n<ul>\n<li>Mindestens 2-3 Jahre Berufserfahrung im Gastgewerbe, davon mindestens 1 Jahr in einer F\u00fchrungs- oder Aufsichtsposition<\/li>\n<li>Kenntnisse und sichere Anwendung von Hostware<\/li>\n<li>Praxis im Umgang mit Bargeld - t\u00e4gliches \u00d6ffnen\/Schlie\u00dfen, Geld z\u00e4hlen, Quittungen<\/li>\n<li>Kenntnisse im Restaurantservice (\u00e1 la carte, Buffet, Catering f\u00fcr Veranstaltungen)<\/li>\n<li>Gute Organisations- und Probleml\u00f6sungsf\u00e4higkeiten<\/li>\n<li>Starke, aber einf\u00fchlsame F\u00fchrung, gute Kommunikationsf\u00e4higkeiten<\/li>\n<li>Flexibilit\u00e4t - Wochenend-, Feiertags- und sogar Abendschichten<\/li>\n<li>Belastbarkeit, schnelle Reaktion unter Druck<\/li>\n<li>Pr\u00e4zision bei administrativen und finanziellen Aufgaben<\/li>\n<li>Englischkenntnisse auf mittlerem Niveau<\/li>\n<\/ul>\n\n\n        <span class=\"subtitle\"><\/span>\n\n<\/div><div class=\"heading_group_sc wpb_content_element subtitle_bottom   vc_custom_1721398658854  text-left\">\n\n\n    <p><span style=\"font-weight: 400;\">Senden Sie eine Fotokopie Ihres Lebenslaufs unter Angabe der Stelle, f\u00fcr die Sie sich bewerben, an <\/span><a href=\"mailto:hr@annagrandhotel.hu\"><span style=\"font-weight: 400;\">hr@annagrandhotel.hu<\/span><\/a><span style=\"font-weight: 400;\"> Adresse.<\/span><\/p>\n\n\n        <span class=\"subtitle\"><\/span>\n\n<\/div><\/div><\/div><\/div><div class=\"wpb_column vc_column_container vc_col-sm-4 vc_hidden-sm vc_hidden-xs vc_col-has-fill\"><div class=\"vc_column-inner vc_custom_1721399820124\"><div class=\"wpb_wrapper\"><div class=\"heading_group_sc wpb_content_element subtitle_bottom   vc_custom_1747113167766  text-left\">\n\n\n    <p><strong>Abteilung:<\/strong><br \/>\nEssen &amp; Trinken<\/p>\n\n\n        <span class=\"subtitle\"><\/span>\n\n<\/div><div class=\"heading_group_sc wpb_content_element subtitle_bottom   vc_custom_1747113186951  text-left\">\n\n\n    <p><strong>Art der Besch\u00e4ftigung:<\/strong><br \/>\nVollzeit<\/p>\n\n\n        <span class=\"subtitle\"><\/span>\n\n<\/div><div class=\"heading_group_sc wpb_content_element subtitle_bottom   vc_custom_1721398658854  text-left\">\n\n\n    <p><span style=\"font-weight: 400;\">Senden Sie eine Fotokopie Ihres Lebenslaufs unter Angabe der Stelle, f\u00fcr die Sie sich bewerben, an <\/span><a href=\"mailto:hr@annagrandhotel.hu\"><span style=\"font-weight: 400;\">hr@annagrandhotel.hu<\/span><\/a><span style=\"font-weight: 400;\"> Adresse.<\/span><\/p>\n\n\n        <span class=\"subtitle\"><\/span>\n\n<\/div><\/div><\/div><\/div><\/div><div class=\"vc_row wpb_row vc_row-fluid vc_custom_1721398759166 vc_row-has-fill\"><div class=\"wpb_column vc_column_container vc_col-sm-4 vc_hidden-lg vc_hidden-md vc_col-has-fill\"><div class=\"vc_column-inner vc_custom_1721399772512\"><div class=\"wpb_wrapper\"><div class=\"heading_group_sc wpb_content_element subtitle_bottom   vc_custom_1721398593309  text-left\">\n\n\n    <p><strong>Abteilung:<\/strong><br \/>\nHeilbad<\/p>\n\n\n        <span class=\"subtitle\"><\/span>\n\n<\/div><div class=\"heading_group_sc wpb_content_element subtitle_bottom   vc_custom_1721398612383  text-left\">\n\n\n    <p><strong>Art der Besch\u00e4ftigung:<\/strong><br \/>\nVollzeit<\/p>\n\n\n        <span class=\"subtitle\"><\/span>\n\n<\/div><div class=\"heading_group_sc wpb_content_element subtitle_bottom   vc_custom_1721398658854  text-left\">\n\n\n    <p><span style=\"font-weight: 400;\">Senden Sie eine Fotokopie Ihres Lebenslaufs unter Angabe der Stelle, f\u00fcr die Sie sich bewerben, an <\/span><a href=\"mailto:hr@annagrandhotel.hu\"><span style=\"font-weight: 400;\">hr@annagrandhotel.hu<\/span><\/a><span style=\"font-weight: 400;\"> Adresse.<\/span><\/p>\n\n\n        <span class=\"subtitle\"><\/span>\n\n<\/div><div class=\"plethora_button wpb_content_element   text-left\">\n    <a href=\"mailto:hr@annagrandhotel.hu\" class=\"btn btn-secondary\" title=\"\"  target=\"_blank\">\n\n        \n        Bewerben\n        \n\n    <\/a>\n<\/div><\/div><\/div><\/div><div class=\"wpb_column vc_column_container vc_col-sm-8 vc_hidden-lg vc_hidden-md\"><div class=\"vc_column-inner\"><div class=\"wpb_wrapper\"><div class=\"heading_group_sc wpb_content_element subtitle_bottom    text-left\">\n\n\n    <p><strong>Was wir unseren angehenden Teammitgliedern in unserem Ganzjahreshotel bieten:<\/strong><\/p>\n<ul>\n<li style=\"font-weight: 400;\" aria-level=\"1\"><span style=\"font-weight: 400;\">langfristige, sichere Besch\u00e4ftigung mit 8-st\u00fcndiger K\u00fcndigungsfrist<\/span><\/li>\n<li style=\"font-weight: 400;\" aria-level=\"1\"><span style=\"font-weight: 400;\">Fahrtkostenzuschuss zwischen Arbeit und Wohnung<\/span><\/li>\n<li style=\"font-weight: 400;\" aria-level=\"1\"><span style=\"font-weight: 400;\">vorhersehbare Arbeitszeiten<\/span><\/li>\n<li style=\"font-weight: 400;\" aria-level=\"1\"><span style=\"font-weight: 400;\">exklusive hotelgerechte einheitliche Arbeitskleidung\u00a0<\/span><\/li>\n<li style=\"font-weight: 400;\" aria-level=\"1\"><span style=\"font-weight: 400;\">warme Mahlzeiten an Werktagen<\/span><\/li>\n<li style=\"font-weight: 400;\" aria-level=\"1\"><span style=\"font-weight: 400;\">ein dynamisches Team und ein stilvolles Arbeitsumfeld<\/span><\/li>\n<\/ul>\n<p><strong>Verantwortlichkeiten:<\/strong><\/p>\n<ul>\n<li style=\"font-weight: 400;\" aria-level=\"1\"><span style=\"font-weight: 400;\">ankommende G\u00e4ste h\u00f6flich zu begr\u00fc\u00dfen<\/span><\/li>\n<li style=\"font-weight: 400;\" aria-level=\"1\"><span style=\"font-weight: 400;\">\u00dcberwachung von Pools und Nassbereichen<\/span><\/li>\n<li style=\"font-weight: 400;\" aria-level=\"1\"><span style=\"font-weight: 400;\">Betrieb eines Saunaparks<\/span><\/li>\n<li style=\"font-weight: 400;\" aria-level=\"1\"><span style=\"font-weight: 400;\">Koordinierung von Sauna- und Wellnessprogrammen<\/span><\/li>\n<li style=\"font-weight: 400;\" aria-level=\"1\"><span style=\"font-weight: 400;\">F\u00f6rderung des ordnungsgem\u00e4\u00dfen Betriebs durch Einhaltung der Hygienevorschriften<\/span><\/li>\n<\/ul>\n<p><strong>Was wir von unseren zuk\u00fcnftigen Kollegen erwarten:<\/strong><\/p>\n<p><span style=\"font-weight: 400;\">Neben ihrem kultivierten und gepflegten Auftreten verf\u00fcgt sie \u00fcber ausgezeichnete Kommunikationsf\u00e4higkeiten. G\u00e4steorientierte, freundliche und proaktive Pers\u00f6nlichkeit.\u00a0<\/span><\/p>\n<p><span style=\"font-weight: 400;\">Sie k\u00f6nnen Probleme leicht vermeiden und sprechen mindestens eine Fremdsprache. Erfahrungen in der Hotellerie w\u00e4ren von Vorteil, aber wir freuen uns auch \u00fcber Bewerbungen von Neueinsteigern.<\/span><\/p>\n<p><span style=\"font-weight: 400;\">F\u00fcr die T\u00e4tigkeit ist eine berufliche Qualifikation erforderlich.<\/span><\/p>\n\n\n        <span class=\"subtitle\"><\/span>\n\n<\/div><div class=\"heading_group_sc wpb_content_element subtitle_bottom   vc_custom_1721398658854  text-left\">\n\n\n    <p><span style=\"font-weight: 400;\">Senden Sie eine Fotokopie Ihres Lebenslaufs unter Angabe der Stelle, f\u00fcr die Sie sich bewerben, an <\/span><a href=\"mailto:hr@annagrandhotel.hu\"><span style=\"font-weight: 400;\">hr@annagrandhotel.hu<\/span><\/a><span style=\"font-weight: 400;\"> Adresse.<\/span><\/p>\n\n\n        <span class=\"subtitle\"><\/span>\n\n<\/div><div class=\"plethora_button wpb_content_element   text-left\">\n    <a href=\"mailto:hr@annagrandhotel.hu\" class=\"btn btn-secondary\" title=\"\"  target=\"_blank\">\n\n        \n        Bewerben\n        \n\n    <\/a>\n<\/div><\/div><\/div><\/div><\/div>\n<\/div>","protected":false},"excerpt":{"rendered":"F&amp;B Supervisor Amit k\u00edn\u00e1lunk leend\u0151 csapattagunknak eg\u00e9sz \u00e9vben \u00fczemel\u0151 sz\u00e1llod\u00e1nkban: Versenyk\u00e9pes fizet\u00e9s Hossz\u00fat\u00e1v\u00fa munkalehet\u0151s\u00e9g Bejelentett 8 \u00f3r\u00e1s \u00e1ll\u00e1s Ig\u00e9nyes munkak\u00f6rnyezet, Balatonf\u00fcred ikonikus m\u0171eml\u00e9k jelleg\u0171 5*-os sz\u00e1llod\u00e1j\u00e1ban Fejl\u0151d\u00e9si lehet\u0151s\u00e9g, tr\u00e9ningek Egys\u00e9ges munkaruh\u00e1zat munkanapokon Ingyenes munkahelyi \u00e9tkez\u00e9s Munkak\u00f6ri feladatok: A napi operat\u00edv munkafolyamatok ir\u00e1ny\u00edt\u00e1sa \u00e9s fel\u00fcgyelete A beosztott dolgoz\u00f3k koordin\u00e1l\u00e1sa, ellen\u0151rz\u00e9se, b\u00fcf\u00e9asztalok, italszerviz, ter\u00edt\u00e9s \u00e9s dekor\u00e1ci\u00f3 ellen\u0151rz\u00e9se [...]","protected":false},"author":1,"featured_media":0,"parent":0,"menu_order":0,"comment_status":"closed","ping_status":"closed","template":"","meta":{"footnotes":""},"class_list":["post-4016","page","type-page","status-publish","hentry"],"aioseo_notices":[],"_links":{"self":[{"href":"https:\/\/annagrandhotel.hu\/de\/wp-json\/wp\/v2\/pages\/4016","targetHints":{"allow":["GET"]}}],"collection":[{"href":"https:\/\/annagrandhotel.hu\/de\/wp-json\/wp\/v2\/pages"}],"about":[{"href":"https:\/\/annagrandhotel.hu\/de\/wp-json\/wp\/v2\/types\/page"}],"author":[{"embeddable":true,"href":"https:\/\/annagrandhotel.hu\/de\/wp-json\/wp\/v2\/users\/1"}],"replies":[{"embeddable":true,"href":"https:\/\/annagrandhotel.hu\/de\/wp-json\/wp\/v2\/comments?post=4016"}],"version-history":[{"count":13,"href":"https:\/\/annagrandhotel.hu\/de\/wp-json\/wp\/v2\/pages\/4016\/revisions"}],"predecessor-version":[{"id":4983,"href":"https:\/\/annagrandhotel.hu\/de\/wp-json\/wp\/v2\/pages\/4016\/revisions\/4983"}],"wp:attachment":[{"href":"https:\/\/annagrandhotel.hu\/de\/wp-json\/wp\/v2\/media?parent=4016"}],"curies":[{"name":"wp","href":"https:\/\/api.w.org\/{rel}","templated":true}]}}