{"id":40,"date":"2016-11-24T18:09:14","date_gmt":"2016-11-24T17:09:14","guid":{"rendered":"http:\/\/plethorathemes.com\/hotel-xenia\/?page_id=40"},"modified":"2025-12-17T13:35:34","modified_gmt":"2025-12-17T12:35:34","slug":"balaton-plattensee","status":"publish","type":"page","link":"https:\/\/annagrandhotel.hu\/de\/balaton\/","title":{"rendered":"Balaton (Plattensee)"},"content":{"rendered":"<div class=\"wpb-content-wrapper\"><section class=\"vc_section\"><div class=\"vc_row wpb_row vc_row-fluid\"><div class=\"wpb_column vc_column_container vc_col-sm-12\"><div class=\"vc_column-inner\"><div class=\"wpb_wrapper\"><div class=\"heading_group_sc wpb_content_element subtitle_bottom    text-center\">\n\n\n    <p>Unser kultiges Hotel befindet sich in der N\u00e4he des ruhigen Wassers in der beliebten und belebten Stadt Balatonf\u00fcred, einer der Perlen des Plattensees. Seine Lage macht unser Hotel zu einem perfekten Ziel f\u00fcr Entspannung und aktive Erholung.<\/p>\n<hr class=\"horizontal-separator\" \/>\n\n\n        <span class=\"subtitle\"><\/span>\n\n<\/div><\/div><\/div><\/div><\/div><\/section><div data-vc-full-width=\"true\" data-vc-full-width-init=\"false\" data-vc-stretch-content=\"true\" class=\"vc_row wpb_row vc_row-fluid vc_custom_1694172016223 vc_row-has-fill vc_row-no-padding vc_row-o-content-middle vc_row-flex padding_top_none padding_bottom_none\"><div class=\"wpb_column vc_column_container vc_col-sm-6 vc_col-lg-8 vc_col-md-7 vc_col-has-fill\"><div class=\"vc_column-inner vc_custom_1689340989067\"><div class=\"wpb_wrapper\"><div class=\"vc_empty_space\"   style=\"height: 650px\"><span class=\"vc_empty_space_inner\"><\/span><\/div><\/div><\/div><\/div><div class=\"col-md-pull-1 wpb_column vc_column_container vc_col-sm-6 vc_col-lg-4 vc_col-md-5\"><div class=\"vc_column-inner vc_custom_1693203776015 white_section   text-left boxed\"><div class=\"wpb_wrapper\"><div class=\"heading_group_sc wpb_content_element subtitle_top    text-left\">\n\n        <span class=\"subtitle\">Balaton (Plattensee)<\/span>\n\n    <h3>DAS NORDUFER<\/h3>\n\n\n\n<\/div>\n\t<div class=\"wpb_text_column wpb_content_element\" >\n\t\t<div class=\"wpb_wrapper\">\n\t\t\t<p style=\"text-align: justify;\">Der Plattensee, der gr\u00f6\u00dfte S\u00fc\u00dfwassersee Mitteleuropas, wird oft als das \"ungarische Meer\" bezeichnet. Der beeindruckende, 77 Kilometer lange und an seiner breitesten Stelle 14 Kilometer breite See ist ein absolutes Wunder der Natur.<\/p>\n\n\t\t<\/div>\n\t<\/div>\n<\/div><\/div><\/div><\/div><div class=\"vc_row-full-width vc_clearfix\"><\/div><div data-vc-full-width=\"true\" data-vc-full-width-init=\"false\" data-vc-stretch-content=\"true\" class=\"vc_row wpb_row vc_row-fluid vc_custom_1692961736038 vc_row-has-fill vc_row-no-padding vc_row-o-content-middle vc_row-flex padding_top_none padding_bottom_none\"><div class=\"col-sm-push-6 col-md-push-5 col-lg-push-4 wpb_column vc_column_container vc_col-sm-6 vc_col-lg-8 vc_col-md-7 vc_col-has-fill\"><div class=\"vc_column-inner vc_custom_1699827369706\"><div class=\"wpb_wrapper\"><div class=\"vc_empty_space\"   style=\"height: 650px\"><span class=\"vc_empty_space_inner\"><\/span><\/div><\/div><\/div><\/div><div class=\"col-sm-pull-6 col-md-pull-6 col-lg-pull-7 wpb_column vc_column_container vc_col-sm-6 vc_col-lg-4 vc_col-md-5\"><div class=\"vc_column-inner vc_custom_1693203704668 white_section   text-left boxed_plus\"><div class=\"wpb_wrapper\"><div class=\"heading_group_sc wpb_content_element subtitle_top    text-left\">\n\n        <span class=\"subtitle\">Tradition und Luxus<\/span>\n\n    <h3>JAHRHUNDERTEALTES ERBE<\/h3>\n\n\n\n<\/div>\n\t<div class=\"wpb_text_column wpb_content_element\" >\n\t\t<div class=\"wpb_wrapper\">\n\t\t\t<p style=\"text-align: justify;\">Die reiche Geschichte des Anna Grand Hotels ist mit der Geschichte von Balatonf\u00fcred verwoben. In diesem kultigen Hotel vermischt sich der Zauber der Vergangenheit harmonisch mit modernem Luxus am ruhigen Wasser des Plattensees.<\/p>\n<div id=\"gtx-trans\" style=\"position: absolute; left: 369px; top: 38px;\">\n<div class=\"gtx-trans-icon\"><\/div>\n<\/div>\n\n\t\t<\/div>\n\t<\/div>\n<\/div><\/div><\/div><\/div><div class=\"vc_row-full-width vc_clearfix\"><\/div><div data-vc-full-width=\"true\" data-vc-full-width-init=\"false\" data-vc-stretch-content=\"true\" class=\"vc_row wpb_row vc_row-fluid vc_custom_1692961747116 vc_row-has-fill vc_row-no-padding vc_row-o-content-middle vc_row-flex padding_top_none padding_bottom_none\"><div class=\"wpb_column vc_column_container vc_col-sm-6 vc_col-lg-8 vc_col-md-7 vc_col-has-fill\"><div class=\"vc_column-inner vc_custom_1689228007113\"><div class=\"wpb_wrapper\"><div class=\"vc_empty_space\"   style=\"height: 650px\"><span class=\"vc_empty_space_inner\"><\/span><\/div><\/div><\/div><\/div><div class=\"col-md-pull-1 wpb_column vc_column_container vc_col-sm-6 vc_col-lg-4 vc_col-md-5\"><div class=\"vc_column-inner vc_custom_1693203653263 white_section   text-left boxed_plus\"><div class=\"wpb_wrapper\"><div class=\"heading_group_sc wpb_content_element subtitle_top    text-left\">\n\n        <span class=\"subtitle\">SPRUDEL UND ELEGANZ<\/span>\n\n    <h3>NACHTLEBEN<\/h3>\n\n\n\n<\/div>\n\t<div class=\"wpb_text_column wpb_content_element\" >\n\t\t<div class=\"wpb_wrapper\">\n\t\t\t<p style=\"text-align: justify;\">Wenn die Nacht hereinbricht, erwacht Balatonf\u00fcred zu neuem Leben. In den Sommermonaten verwandelt sich die Stadt in einen wahren n\u00e4chtlichen Spielplatz: Nur einen Steinwurf vom Anna Grand Hotel entfernt, erhellen zahlreiche Bars und Restaurants die Dunkelheit mit bunten Farben und schimmernden Lichtern.<\/p>\n\n\t\t<\/div>\n\t<\/div>\n<\/div><\/div><\/div><\/div><div class=\"vc_row-full-width vc_clearfix\"><\/div><div class=\"vc_row wpb_row vc_row-fluid\"><div class=\"wpb_column vc_column_container vc_col-sm-12\"><div class=\"vc_column-inner\"><div class=\"wpb_wrapper\"><\/div><\/div><\/div><\/div>\n<\/div>","protected":false},"excerpt":{"rendered":"Ikonikus sz\u00e1llod\u00e1nk a Balaton egyik gy\u00f6ngyszem\u00e9nek sz\u00e1m\u00edt\u00f3, n\u00e9pszer\u0171 \u00e9s ny\u00fczsg\u0151 Balatonf\u00fcred v\u00e1ros\u00e1ban tal\u00e1lhat\u00f3, k\u00f6zel a Balaton nyugodt viz\u00e9hez. J\u00f3 elhelyezked\u00e9se miatt is t\u00f6k\u00e9letes c\u00e9lpontot jelent, mind a pihen\u00e9sre, mind az akt\u00edv kikapcsol\u00f3d\u00e1sra v\u00e1gy\u00f3k sz\u00e1m\u00e1ra. Balaton \u00c9szaki part A Balaton K\u00f6z\u00e9p-Eur\u00f3pa legnagyobb \u00e9desviz\u0171 tava, melyet sokan a \"magyar tengerk\u00e9nt\" is emlegetnek. A leny\u0171g\u00f6z\u0151, 77 kilom\u00e9ter hossz\u00fa [...]","protected":false},"author":1,"featured_media":1020,"parent":0,"menu_order":0,"comment_status":"closed","ping_status":"closed","template":"","meta":{"footnotes":""},"class_list":["post-40","page","type-page","status-publish","has-post-thumbnail","hentry"],"aioseo_notices":[],"_links":{"self":[{"href":"https:\/\/annagrandhotel.hu\/de\/wp-json\/wp\/v2\/pages\/40","targetHints":{"allow":["GET"]}}],"collection":[{"href":"https:\/\/annagrandhotel.hu\/de\/wp-json\/wp\/v2\/pages"}],"about":[{"href":"https:\/\/annagrandhotel.hu\/de\/wp-json\/wp\/v2\/types\/page"}],"author":[{"embeddable":true,"href":"https:\/\/annagrandhotel.hu\/de\/wp-json\/wp\/v2\/users\/1"}],"replies":[{"embeddable":true,"href":"https:\/\/annagrandhotel.hu\/de\/wp-json\/wp\/v2\/comments?post=40"}],"version-history":[{"count":61,"href":"https:\/\/annagrandhotel.hu\/de\/wp-json\/wp\/v2\/pages\/40\/revisions"}],"predecessor-version":[{"id":1021,"href":"https:\/\/annagrandhotel.hu\/de\/wp-json\/wp\/v2\/pages\/40\/revisions\/1021"}],"wp:featuredmedia":[{"embeddable":true,"href":"https:\/\/annagrandhotel.hu\/de\/wp-json\/wp\/v2\/media\/1020"}],"wp:attachment":[{"href":"https:\/\/annagrandhotel.hu\/de\/wp-json\/wp\/v2\/media?parent=40"}],"curies":[{"name":"wp","href":"https:\/\/api.w.org\/{rel}","templated":true}]}}