{"id":3992,"date":"2024-07-19T15:46:40","date_gmt":"2024-07-19T13:46:40","guid":{"rendered":"https:\/\/annagrandhotel.hu\/?page_id=3992"},"modified":"2024-07-19T16:48:54","modified_gmt":"2024-07-19T14:48:54","slug":"karriere-dienstmadchen","status":"publish","type":"page","link":"https:\/\/annagrandhotel.hu\/de\/karrier-szobaasszony\/","title":{"rendered":"Dienstm\u00e4dchen"},"content":{"rendered":"<div class=\"wpb-content-wrapper\"><div class=\"vc_row wpb_row vc_row-fluid vc_custom_1721396509747 vc_row-has-fill\"><div class=\"wpb_column vc_column_container vc_col-sm-12\"><div class=\"vc_column-inner\"><div class=\"wpb_wrapper\">\n\t<div  class=\"wpb_single_image wpb_content_element vc_align_center\">\n\t\t\n\t\t<figure class=\"wpb_wrapper vc_figure\">\n\t\t\t<div class=\"vc_single_image-wrapper   vc_box_border_grey\"><img loading=\"lazy\" decoding=\"async\" width=\"250\" height=\"130\" src=\"https:\/\/annagrandhotel.hu\/wp-content\/uploads\/2023\/11\/Anna-Grand-Hotel-logo_weboldal.webp\" class=\"vc_single_image-img attachment-full\" alt=\"\" title=\"Anna Grand Hotel logo_website\" srcset=\"https:\/\/annagrandhotel.hu\/wp-content\/uploads\/2023\/11\/Anna-Grand-Hotel-logo_weboldal.webp 250w, https:\/\/annagrandhotel.hu\/wp-content\/uploads\/2023\/11\/Anna-Grand-Hotel-logo_weboldal-18x9.webp 18w\" sizes=\"auto, (max-width: 250px) 100vw, 250px\" \/><\/div>\n\t\t<\/figure>\n\t<\/div>\n\n\t<div  class=\"wpb_single_image wpb_content_element vc_align_left\">\n\t\t\n\t\t<figure class=\"wpb_wrapper vc_figure\">\n\t\t\t<div class=\"vc_single_image-wrapper   vc_box_border_grey\"><img loading=\"lazy\" decoding=\"async\" width=\"1003\" height=\"11\" src=\"https:\/\/annagrandhotel.hu\/wp-content\/uploads\/2023\/11\/Anna-Grand-Hotel-elvalaszto.webp\" class=\"vc_single_image-img attachment-full\" alt=\"\" title=\"Anna Grand Hotel Trennwand\" srcset=\"https:\/\/annagrandhotel.hu\/wp-content\/uploads\/2023\/11\/Anna-Grand-Hotel-elvalaszto.webp 1003w, https:\/\/annagrandhotel.hu\/wp-content\/uploads\/2023\/11\/Anna-Grand-Hotel-elvalaszto-300x3.webp 300w, https:\/\/annagrandhotel.hu\/wp-content\/uploads\/2023\/11\/Anna-Grand-Hotel-elvalaszto-768x8.webp 768w, https:\/\/annagrandhotel.hu\/wp-content\/uploads\/2023\/11\/Anna-Grand-Hotel-elvalaszto-18x1.webp 18w\" sizes=\"auto, (max-width: 1003px) 100vw, 1003px\" \/><\/div>\n\t\t<\/figure>\n\t<\/div>\n<div class=\"heading_group_sc wpb_content_element subtitle_bottom    text-center\">\n\n\n    <h3>Dienstm\u00e4dchen<\/h3>\n\n\n        <span class=\"subtitle\"><\/span>\n\n<\/div><\/div><\/div><\/div><\/div><div class=\"vc_row wpb_row vc_row-fluid vc_custom_1721400262529 vc_row-has-fill\"><div class=\"wpb_column vc_column_container vc_col-sm-8 vc_hidden-sm vc_hidden-xs\"><div class=\"vc_column-inner\"><div class=\"wpb_wrapper\"><div class=\"heading_group_sc wpb_content_element subtitle_bottom    text-left\">\n\n\n    <p><strong>Was wir unseren angehenden Teammitgliedern in unserem Ganzjahreshotel bieten:<\/strong><\/p>\n<ul>\n<li style=\"font-weight: 400;\" aria-level=\"1\"><span style=\"font-weight: 400;\">langfristige, sichere Besch\u00e4ftigung mit 8-st\u00fcndiger K\u00fcndigungsfrist<\/span><\/li>\n<li style=\"font-weight: 400;\" aria-level=\"1\"><span style=\"font-weight: 400;\">Fahrtkostenzuschuss zwischen Arbeit und Wohnung<\/span><\/li>\n<li style=\"font-weight: 400;\" aria-level=\"1\"><span style=\"font-weight: 400;\">vorhersehbare Arbeitszeiten<\/span><\/li>\n<li style=\"font-weight: 400;\" aria-level=\"1\"><span style=\"font-weight: 400;\">exklusive hotelgerechte einheitliche Arbeitskleidung\u00a0<\/span><\/li>\n<li style=\"font-weight: 400;\" aria-level=\"1\"><span style=\"font-weight: 400;\">warme Mahlzeiten an Werktagen<\/span><\/li>\n<li style=\"font-weight: 400;\" aria-level=\"1\"><span style=\"font-weight: 400;\">ein dynamisches Team und ein stilvolles Arbeitsumfeld<\/span><\/li>\n<\/ul>\n<p><strong>Verantwortlichkeiten:<\/strong><\/p>\n<ul>\n<li style=\"font-weight: 400;\" aria-level=\"1\"><span style=\"font-weight: 400;\">t\u00e4gliche Zimmerreinigung, Reinigung der Gemeinschafts- und Personalbereiche, Toilettenreinigung<\/span><\/li>\n<li style=\"font-weight: 400;\" aria-level=\"1\"><span style=\"font-weight: 400;\">Handhabung und Sortierung von Textilien<\/span><\/li>\n<li style=\"font-weight: 400;\" aria-level=\"1\"><span style=\"font-weight: 400;\">Handhabung von Zimmern und Badezimmern<\/span><\/li>\n<li style=\"font-weight: 400;\" aria-level=\"1\"><span style=\"font-weight: 400;\">Dokumentation des Minibarverbrauchs<\/span><\/li>\n<li style=\"font-weight: 400;\" aria-level=\"1\"><span style=\"font-weight: 400;\">st\u00e4ndiger Kontakt mit dem Empfangspersonal<\/span><\/li>\n<\/ul>\n<p><strong>Was wir von unseren zuk\u00fcnftigen Kollegen erwarten:<\/strong><\/p>\n<p><span style=\"font-weight: 400;\">Neben einem kultivierten und gepflegten \u00c4u\u00dferen verf\u00fcgt sie \u00fcber ausgezeichnete Kommunikationsf\u00e4higkeiten. Sie ist in der Lage, Probleme, die sich ihr in den Weg stellen, zu entsch\u00e4rfen, wobei fr\u00fchere Erfahrungen als Zimmerm\u00e4dchen von Vorte<\/span><\/p>\n\n\n        <span class=\"subtitle\"><\/span>\n\n<\/div><div class=\"heading_group_sc wpb_content_element subtitle_bottom   vc_custom_1721397974984  text-left\">\n\n\n    <p><span style=\"font-weight: 400;\">Senden Sie eine Fotokopie Ihres Lebenslaufs unter Angabe der Stelle, f\u00fcr die Sie sich bewerben, an <\/span><a href=\"mailto:hr@annagrandhotel.hu\"><span style=\"font-weight: 400;\">hr@annagrandhotel.hu<\/span><\/a><span style=\"font-weight: 400;\"> Adresse.<\/span><\/p>\n\n\n        <span class=\"subtitle\"><\/span>\n\n<\/div><div class=\"plethora_button wpb_content_element   text-left\">\n    <a href=\"mailto:hr@annagrandhotel.hu\" class=\"btn btn-secondary\" title=\"\"  target=\"_blank\">\n\n        \n        Bewerben\n        \n\n    <\/a>\n<\/div><\/div><\/div><\/div><div class=\"wpb_column vc_column_container vc_col-sm-4 vc_hidden-sm vc_hidden-xs vc_col-has-fill\"><div class=\"vc_column-inner vc_custom_1721400071383\"><div class=\"wpb_wrapper\"><div class=\"heading_group_sc wpb_content_element subtitle_bottom   vc_custom_1721396661396  text-left\">\n\n\n    <p><strong>Abteilung:<\/strong><br \/>\nHauswirtschaft<\/p>\n\n\n        <span class=\"subtitle\"><\/span>\n\n<\/div><div class=\"heading_group_sc wpb_content_element subtitle_bottom   vc_custom_1721396641142  text-left\">\n\n\n    <p><strong>Art der Besch\u00e4ftigung:<\/strong><br \/>\nVollzeit<\/p>\n\n\n        <span class=\"subtitle\"><\/span>\n\n<\/div><div class=\"heading_group_sc wpb_content_element subtitle_bottom   vc_custom_1721397974984  text-left\">\n\n\n    <p><span style=\"font-weight: 400;\">Senden Sie eine Fotokopie Ihres Lebenslaufs unter Angabe der Stelle, f\u00fcr die Sie sich bewerben, an <\/span><a href=\"mailto:hr@annagrandhotel.hu\"><span style=\"font-weight: 400;\">hr@annagrandhotel.hu<\/span><\/a><span style=\"font-weight: 400;\"> Adresse.<\/span><\/p>\n\n\n        <span class=\"subtitle\"><\/span>\n\n<\/div><div class=\"plethora_button wpb_content_element   text-left\">\n    <a href=\"mailto:hr@annagrandhotel.hu\" class=\"btn btn-secondary\" title=\"\"  target=\"_blank\">\n\n        \n        Bewerben\n        \n\n    <\/a>\n<\/div><\/div><\/div><\/div><\/div><div class=\"vc_row wpb_row vc_row-fluid vc_custom_1721396519626 vc_row-has-fill\"><div class=\"wpb_column vc_column_container vc_col-sm-4 vc_hidden-lg vc_hidden-md vc_col-has-fill\"><div class=\"vc_column-inner vc_custom_1721400050639\"><div class=\"wpb_wrapper\"><div class=\"heading_group_sc wpb_content_element subtitle_bottom   vc_custom_1721396661396  text-left\">\n\n\n    <p><strong>Abteilung:<\/strong><br \/>\nHauswirtschaft<\/p>\n\n\n        <span class=\"subtitle\"><\/span>\n\n<\/div><div class=\"heading_group_sc wpb_content_element subtitle_bottom   vc_custom_1721396641142  text-left\">\n\n\n    <p><strong>Art der Besch\u00e4ftigung:<\/strong><br \/>\nVollzeit<\/p>\n\n\n        <span class=\"subtitle\"><\/span>\n\n<\/div><div class=\"heading_group_sc wpb_content_element subtitle_bottom   vc_custom_1721397974984  text-left\">\n\n\n    <p><span style=\"font-weight: 400;\">Senden Sie eine Fotokopie Ihres Lebenslaufs unter Angabe der Stelle, f\u00fcr die Sie sich bewerben, an <\/span><a href=\"mailto:hr@annagrandhotel.hu\"><span style=\"font-weight: 400;\">hr@annagrandhotel.hu<\/span><\/a><span style=\"font-weight: 400;\"> Adresse.<\/span><\/p>\n\n\n        <span class=\"subtitle\"><\/span>\n\n<\/div><div class=\"plethora_button wpb_content_element   text-left\">\n    <a href=\"mailto:hr@annagrandhotel.hu\" class=\"btn btn-secondary\" title=\"\"  target=\"_blank\">\n\n        \n        Bewerben\n        \n\n    <\/a>\n<\/div><\/div><\/div><\/div><div class=\"wpb_column vc_column_container vc_col-sm-8 vc_hidden-lg vc_hidden-md\"><div class=\"vc_column-inner\"><div class=\"wpb_wrapper\"><div class=\"heading_group_sc wpb_content_element subtitle_bottom    text-left\">\n\n\n    <p><strong>Was wir unseren angehenden Teammitgliedern in unserem Ganzjahreshotel bieten:<\/strong><\/p>\n<ul>\n<li style=\"font-weight: 400;\" aria-level=\"1\"><span style=\"font-weight: 400;\">langfristige, sichere Besch\u00e4ftigung mit 8-st\u00fcndiger K\u00fcndigungsfrist<\/span><\/li>\n<li style=\"font-weight: 400;\" aria-level=\"1\"><span style=\"font-weight: 400;\">Fahrtkostenzuschuss zwischen Arbeit und Wohnung<\/span><\/li>\n<li style=\"font-weight: 400;\" aria-level=\"1\"><span style=\"font-weight: 400;\">vorhersehbare Arbeitszeiten<\/span><\/li>\n<li style=\"font-weight: 400;\" aria-level=\"1\"><span style=\"font-weight: 400;\">exklusive hotelgerechte einheitliche Arbeitskleidung\u00a0<\/span><\/li>\n<li style=\"font-weight: 400;\" aria-level=\"1\"><span style=\"font-weight: 400;\">warme Mahlzeiten an Werktagen<\/span><\/li>\n<li style=\"font-weight: 400;\" aria-level=\"1\"><span style=\"font-weight: 400;\">ein dynamisches Team und ein stilvolles Arbeitsumfeld<\/span><\/li>\n<\/ul>\n<p><strong>Verantwortlichkeiten:<\/strong><\/p>\n<ul>\n<li style=\"font-weight: 400;\" aria-level=\"1\"><span style=\"font-weight: 400;\">t\u00e4gliche Zimmerreinigung, Reinigung der Gemeinschafts- und Personalbereiche, Toilettenreinigung<\/span><\/li>\n<li style=\"font-weight: 400;\" aria-level=\"1\"><span style=\"font-weight: 400;\">Handhabung und Sortierung von Textilien<\/span><\/li>\n<li style=\"font-weight: 400;\" aria-level=\"1\"><span style=\"font-weight: 400;\">Handhabung von Zimmern und Badezimmern<\/span><\/li>\n<li style=\"font-weight: 400;\" aria-level=\"1\"><span style=\"font-weight: 400;\">Dokumentation des Minibarverbrauchs<\/span><\/li>\n<li style=\"font-weight: 400;\" aria-level=\"1\"><span style=\"font-weight: 400;\">st\u00e4ndiger Kontakt mit dem Empfangspersonal<\/span><\/li>\n<\/ul>\n<p><strong>Was wir von unseren zuk\u00fcnftigen Kollegen erwarten:<\/strong><\/p>\n<p><span style=\"font-weight: 400;\">Neben einem kultivierten und gepflegten \u00c4u\u00dferen verf\u00fcgt sie \u00fcber ausgezeichnete Kommunikationsf\u00e4higkeiten. Sie ist in der Lage, Probleme, die sich ihr in den Weg stellen, zu entsch\u00e4rfen, wobei fr\u00fchere Erfahrungen als Zimmerm\u00e4dchen von Vorte<\/span><\/p>\n\n\n        <span class=\"subtitle\"><\/span>\n\n<\/div><div class=\"heading_group_sc wpb_content_element subtitle_bottom   vc_custom_1721397974984  text-left\">\n\n\n    <p><span style=\"font-weight: 400;\">Senden Sie eine Fotokopie Ihres Lebenslaufs unter Angabe der Stelle, f\u00fcr die Sie sich bewerben, an <\/span><a href=\"mailto:hr@annagrandhotel.hu\"><span style=\"font-weight: 400;\">hr@annagrandhotel.hu<\/span><\/a><span style=\"font-weight: 400;\"> Adresse.<\/span><\/p>\n\n\n        <span class=\"subtitle\"><\/span>\n\n<\/div><div class=\"plethora_button wpb_content_element   text-left\">\n    <a href=\"mailto:hr@annagrandhotel.hu\" class=\"btn btn-secondary\" title=\"\"  target=\"_blank\">\n\n        \n        Bewerben\n        \n\n    <\/a>\n<\/div><\/div><\/div><\/div><\/div>\n<\/div>","protected":false},"excerpt":{"rendered":"Szobaasszony Amit k\u00edn\u00e1lunk leend\u0151 csapattagunknak eg\u00e9sz \u00e9vben \u00fczemel\u0151 sz\u00e1llod\u00e1nkban: hossz\u00fat\u00e1v\u00fa, biztos munkahely 8 \u00f3r\u00e1s bejelent\u00e9ssel munkahely \u00e9s lak\u00f3hely k\u00f6z\u00f6tti utaz\u00e1si t\u00e1mogat\u00e1s el\u0151re l\u00e1that\u00f3 munkaid\u0151 beoszt\u00e1s exkluz\u00edv sz\u00e1llod\u00e1hoz ill\u0151, egys\u00e9ges munkaruh\u00e1zat\u00a0 munkanapokon meleg \u00e9tkez\u00e9s lend\u00fcletes csapat \u00e9s eleg\u00e1ns munkak\u00f6rnyezet Munkak\u00f6ri feladatok: szob\u00e1k napi tiszt\u00e1ntart\u00e1sa, k\u00f6z\u00f6ss\u00e9gi \u00e9s szem\u00e9lyzeti ter\u00fcletek takar\u00edt\u00e1sa, piperetakar\u00edt\u00e1s text\u00edli\u00e1k kezel\u00e9se, k\u00fcl\u00f6nv\u00e1logat\u00e1sa szobai \u00e9s f\u00fcrd\u0151szobai [...]","protected":false},"author":1,"featured_media":0,"parent":0,"menu_order":0,"comment_status":"closed","ping_status":"closed","template":"","meta":{"footnotes":""},"class_list":["post-3992","page","type-page","status-publish","hentry"],"aioseo_notices":[],"_links":{"self":[{"href":"https:\/\/annagrandhotel.hu\/de\/wp-json\/wp\/v2\/pages\/3992","targetHints":{"allow":["GET"]}}],"collection":[{"href":"https:\/\/annagrandhotel.hu\/de\/wp-json\/wp\/v2\/pages"}],"about":[{"href":"https:\/\/annagrandhotel.hu\/de\/wp-json\/wp\/v2\/types\/page"}],"author":[{"embeddable":true,"href":"https:\/\/annagrandhotel.hu\/de\/wp-json\/wp\/v2\/users\/1"}],"replies":[{"embeddable":true,"href":"https:\/\/annagrandhotel.hu\/de\/wp-json\/wp\/v2\/comments?post=3992"}],"version-history":[{"count":23,"href":"https:\/\/annagrandhotel.hu\/de\/wp-json\/wp\/v2\/pages\/3992\/revisions"}],"predecessor-version":[{"id":4014,"href":"https:\/\/annagrandhotel.hu\/de\/wp-json\/wp\/v2\/pages\/3992\/revisions\/4014"}],"wp:attachment":[{"href":"https:\/\/annagrandhotel.hu\/de\/wp-json\/wp\/v2\/media?parent=3992"}],"curies":[{"name":"wp","href":"https:\/\/api.w.org\/{rel}","templated":true}]}}