{"id":38,"date":"2016-11-24T18:08:55","date_gmt":"2016-11-24T17:08:55","guid":{"rendered":"http:\/\/plethorathemes.com\/hotel-xenia\/?page_id=38"},"modified":"2024-04-24T20:21:37","modified_gmt":"2024-04-24T18:21:37","slug":"zimmer","status":"publish","type":"page","link":"https:\/\/annagrandhotel.hu\/de\/szobak\/","title":{"rendered":"ZIMMER"},"content":{"rendered":"<div class=\"wpb-content-wrapper\"><div class=\"vc_row wpb_row vc_row-fluid\"><div class=\"wpb_column vc_column_container vc_col-sm-12\"><div class=\"vc_column-inner\"><div class=\"wpb_wrapper\"><div class=\"heading_group_sc wpb_content_element subtitle_bottom    text-center\">\n        <div class=\"background_title\">ZIMMER<\/div>\n\n\n    <h2>ECHTER LUXUS<\/h2>\n<div id=\"gtx-trans\" style=\"position: absolute; left: 0px; top: -4.09375px;\">\n<div class=\"gtx-trans-icon\"><\/div>\n<\/div>\n\n\n        <span class=\"subtitle\">Stil<\/span>\n\n<\/div><div class=\"heading_group_sc wpb_content_element subtitle_bottom    text-center\">\n\n\n    <hr class=\"horizontal-separator\" \/>\n\n\n        <span class=\"subtitle\"><\/span>\n\n<\/div>\n\t<div class=\"wpb_text_column wpb_content_element\" >\n\t\t<div class=\"wpb_wrapper\">\n\t\t\t<p>Die perfekte Harmonie der feinsten Materialien und Farben wird Sie vom ersten Moment an in ihren Bann ziehen und nicht mehr loslassen: Das wiedergeborene Anna Grand Hotel bietet nun den wahren Luxus, den sein Name verdient. Premium-Matratzen und -Bettw\u00e4sche sorgen f\u00fcr eine unbeschwerte Erholung, w\u00e4hrend der perfekte Start in den Tag durch eine Nespresso-Kaffeemaschine und mit Leidenschaft ausgew\u00e4hlte Kaffeekapseln gew\u00e4hrleistet wird.<\/p>\n\n\t\t<\/div>\n\t<\/div>\n<div class=\"ple_anypostloop_shortcode wpb_content_element\"><div id=\"list_58469f451ced4\" class=\"rooms_list_classic_horizontal_wrapper\">\n        <div class=\"rooms_list_item     white_section\" >\n        <div class=\"flex\">\n                <div class=\"col-sm-6 col-sm-push-6 rooms_list_item_photo\" style=\"background-image: url('https:\/\/annagrandhotel.hu\/wp-content\/uploads\/2024\/04\/Royal-Suite-1-1024x640.webp')\"><a href=\"https:\/\/annagrandhotel.hu\/de\/szoba\/royal-suite\/\" title=\"Royal Suite\" target=\"_parent\" ><\/a><\/div>\n                <div class=\"col-sm-6 col-sm-pull-6\">\n                <div class=\"rooms_list_item_content\">\n                        <h3 class=\"textify_links\"><a href=\"https:\/\/annagrandhotel.hu\/de\/szoba\/royal-suite\/\" title=\"Royal Suite\" target=\"_parent\" class=\"\">Royal Suite<\/a><\/h3>\n                        \n                        <div class=\"room_listed_amenities\">\n                        <\/div>\n                        <p class=\"excerpt\">Die einzigartige Royal Suite, die sich im ersten Stock des Hotels befindet, verf\u00fcgt \u00fcber ein Schlafzimmer und einen ger\u00e4umigen Wohnbereich mit einzigartigem Design.<\/p>\n                        <a href=\"https:\/\/annagrandhotel.hu\/de\/szoba\/royal-suite\/\" title=\"Royal Suite\" target=\"_parent\" class=\"btn btn-link\">Details<\/a>\n                <\/div>\n                <\/div>\n        <\/div>\n        <\/div>\n        <div class=\"rooms_list_item     white_section\" >\n        <div class=\"flex\">\n                <div class=\"col-sm-6 col-sm-push-6 rooms_list_item_photo\" style=\"background-image: url('https:\/\/annagrandhotel.hu\/wp-content\/uploads\/2023\/07\/szoba-04-1024x683.jpg')\"><a href=\"https:\/\/annagrandhotel.hu\/de\/szoba\/superior-ketagyas-szoba-franciaaggyal\/\" title=\"SUPERIOR-DOPPELZIMMER\" target=\"_parent\" ><\/a><\/div>\n                <div class=\"col-sm-6 col-sm-pull-6\">\n                <div class=\"rooms_list_item_content\">\n                        <h3 class=\"textify_links\"><a href=\"https:\/\/annagrandhotel.hu\/de\/szoba\/superior-ketagyas-szoba-franciaaggyal\/\" title=\"SUPERIOR-DOPPELZIMMER\" target=\"_parent\" class=\"\">SUPERIOR-DOPPELZIMMER<\/a><\/h3>\n                        \n                        <div class=\"room_listed_amenities\">\n                        <\/div>\n                        <p class=\"excerpt\">Subtiler Luxus: Die 21 bis 28 Quadratmeter gro\u00dfen Zimmer sind mit sorgf\u00e4ltig ausgew\u00e4hlten M\u00f6beln, eleganten Textilien und modernster technischer Ausstattung ausgestattet.<\/p>\n                        <a href=\"https:\/\/annagrandhotel.hu\/de\/szoba\/superior-ketagyas-szoba-franciaaggyal\/\" title=\"SUPERIOR-DOPPELZIMMER\" target=\"_parent\" class=\"btn btn-link\">Details<\/a>\n                <\/div>\n                <\/div>\n        <\/div>\n        <\/div>\n        <div class=\"rooms_list_item     white_section\" >\n        <div class=\"flex\">\n                <div class=\"col-sm-6 col-sm-push-6 rooms_list_item_photo\" style=\"background-image: url('https:\/\/annagrandhotel.hu\/wp-content\/uploads\/2023\/07\/Anna-Grand-Interior-Twin-1024x683.jpg')\"><a href=\"https:\/\/annagrandhotel.hu\/de\/szoba\/superior-szoba-franciaaggyal-vagy-ket-kulon-aggyal\/\" title=\"SUPERIOR-DOPPELZIMMER ODER ZWEIBETTZIMMER\" target=\"_parent\" ><\/a><\/div>\n                <div class=\"col-sm-6 col-sm-pull-6\">\n                <div class=\"rooms_list_item_content\">\n                        <h3 class=\"textify_links\"><a href=\"https:\/\/annagrandhotel.hu\/de\/szoba\/superior-szoba-franciaaggyal-vagy-ket-kulon-aggyal\/\" title=\"SUPERIOR-DOPPELZIMMER ODER ZWEIBETTZIMMER\" target=\"_parent\" class=\"\">SUPERIOR-DOPPELZIMMER ODER ZWEIBETTZIMMER<\/a><\/h3>\n                        \n                        <div class=\"room_listed_amenities\">\n                        <\/div>\n                        <p class=\"excerpt\">Zwei-Personen-Zimmer mit dem gewissen Etwas: Diese 20-34 Quadratmeter gro\u00dfen Zimmer wurden speziell f\u00fcr Veranstaltungsteilnehmer konzipiert. Elegante Textilien, harmonische Farben und hochwertiges Mobiliar erwarten unsere G\u00e4ste, die sich hier einquartieren.<\/p>\n                        <a href=\"https:\/\/annagrandhotel.hu\/de\/szoba\/superior-szoba-franciaaggyal-vagy-ket-kulon-aggyal\/\" title=\"SUPERIOR-DOPPELZIMMER ODER ZWEIBETTZIMMER\" target=\"_parent\" class=\"btn btn-link\">Details<\/a>\n                <\/div>\n                <\/div>\n        <\/div>\n        <\/div>\n        <div class=\"rooms_list_item     white_section\" >\n        <div class=\"flex\">\n                <div class=\"col-sm-6 col-sm-push-6 rooms_list_item_photo\" style=\"background-image: url('https:\/\/annagrandhotel.hu\/wp-content\/uploads\/2023\/07\/SUPERIOR-KETAGYAS-SZOBA-\u2013-FRANCIAAGGYAL-ES-ERKELLYEL-1024x683.webp')\"><a href=\"https:\/\/annagrandhotel.hu\/de\/szoba\/superior-ketagyas-szoba-franciaaggyal-es-erkellyel\/\" title=\"SUPERIOR-DOPPELZIMMER MIT BALKON\" target=\"_parent\" ><\/a><\/div>\n                <div class=\"col-sm-6 col-sm-pull-6\">\n                <div class=\"rooms_list_item_content\">\n                        <h3 class=\"textify_links\"><a href=\"https:\/\/annagrandhotel.hu\/de\/szoba\/superior-ketagyas-szoba-franciaaggyal-es-erkellyel\/\" title=\"SUPERIOR-DOPPELZIMMER MIT BALKON\" target=\"_parent\" class=\"\">SUPERIOR-DOPPELZIMMER MIT BALKON<\/a><\/h3>\n                        \n                        <div class=\"room_listed_amenities\">\n                        <\/div>\n                        <p class=\"excerpt\">Unter dem Sternenhimmel: Auf den Balkonen dieser 19-25 qm gro\u00dfen Superior-Zimmer dienen komfortable, hochwertige Au\u00dfenm\u00f6bel als Kulisse f\u00fcr angenehme Abendgespr\u00e4che.<\/p>\n                        <a href=\"https:\/\/annagrandhotel.hu\/de\/szoba\/superior-ketagyas-szoba-franciaaggyal-es-erkellyel\/\" title=\"SUPERIOR-DOPPELZIMMER MIT BALKON\" target=\"_parent\" class=\"btn btn-link\">Details<\/a>\n                <\/div>\n                <\/div>\n        <\/div>\n        <\/div>\n        <div class=\"rooms_list_item     white_section\" >\n        <div class=\"flex\">\n                <div class=\"col-sm-6 col-sm-push-6 rooms_list_item_photo\" style=\"background-image: url('https:\/\/annagrandhotel.hu\/wp-content\/uploads\/2023\/07\/anna_grand_interior_deluxecopy-1024x683.webp')\"><a href=\"https:\/\/annagrandhotel.hu\/de\/szoba\/deluxe-szoba\/\" title=\"DELUXE-ZIMMER\" target=\"_parent\" ><\/a><\/div>\n                <div class=\"col-sm-6 col-sm-pull-6\">\n                <div class=\"rooms_list_item_content\">\n                        <h3 class=\"textify_links\"><a href=\"https:\/\/annagrandhotel.hu\/de\/szoba\/deluxe-szoba\/\" title=\"DELUXE-ZIMMER\" target=\"_parent\" class=\"\">DELUXE-ZIMMER<\/a><\/h3>\n                        \n                        <div class=\"room_listed_amenities\">\n                        <\/div>\n                        <p class=\"excerpt\">Familienurlaub mit maximalem Komfort: Unsere 33-47 m\u00b2 gro\u00dfen Deluxe-Zimmer sind jeweils mit einem hochwertigen Sofa ausgestattet, auf dem bis zu 2 Kinder bequem Platz finden.<\/p>\n                        <a href=\"https:\/\/annagrandhotel.hu\/de\/szoba\/deluxe-szoba\/\" title=\"DELUXE-ZIMMER\" target=\"_parent\" class=\"btn btn-link\">Details<\/a>\n                <\/div>\n                <\/div>\n        <\/div>\n        <\/div>\n        <div class=\"rooms_list_item     white_section\" >\n        <div class=\"flex\">\n                <div class=\"col-sm-6 col-sm-push-6 rooms_list_item_photo\" style=\"background-image: url('https:\/\/annagrandhotel.hu\/wp-content\/uploads\/2023\/07\/exe_egyhalos_halo_copy-1024x640.webp')\"><a href=\"https:\/\/annagrandhotel.hu\/de\/szoba\/executive-egy-haloszobas-lakosztaly\/\" title=\"EXECUTIVE SUITE MIT EINEM SCHLAFZIMMER\" target=\"_parent\" ><\/a><\/div>\n                <div class=\"col-sm-6 col-sm-pull-6\">\n                <div class=\"rooms_list_item_content\">\n                        <h3 class=\"textify_links\"><a href=\"https:\/\/annagrandhotel.hu\/de\/szoba\/executive-egy-haloszobas-lakosztaly\/\" title=\"EXECUTIVE SUITE MIT EINEM SCHLAFZIMMER\" target=\"_parent\" class=\"\">EXECUTIVE SUITE MIT EINEM SCHLAFZIMMER<\/a><\/h3>\n                        \n                        <div class=\"room_listed_amenities\">\n                        <\/div>\n                        <p class=\"excerpt\">Komfort und Raffinesse: Unsere 30-48 m\u00b2 gro\u00dfen Suiten garantieren, dass jeder einzelne Moment Ihres Aufenthaltes unvergesslich bleibt.<\/p>\n                        <a href=\"https:\/\/annagrandhotel.hu\/de\/szoba\/executive-egy-haloszobas-lakosztaly\/\" title=\"EXECUTIVE SUITE MIT EINEM SCHLAFZIMMER\" target=\"_parent\" class=\"btn btn-link\">Details<\/a>\n                <\/div>\n                <\/div>\n        <\/div>\n        <\/div>\n        <div class=\"rooms_list_item     white_section\" >\n        <div class=\"flex\">\n                <div class=\"col-sm-6 col-sm-push-6 rooms_list_item_photo\" style=\"background-image: url('https:\/\/annagrandhotel.hu\/wp-content\/uploads\/2023\/07\/szoba_foldszint_1-1024x683.webp')\"><a href=\"https:\/\/annagrandhotel.hu\/de\/szoba\/executive-ket-haloszobas-lakosztaly\/\" title=\"EXECUTIVE-SUITE MIT ZWEI SCHLAFZIMMERN\" target=\"_parent\" ><\/a><\/div>\n                <div class=\"col-sm-6 col-sm-pull-6\">\n                <div class=\"rooms_list_item_content\">\n                        <h3 class=\"textify_links\"><a href=\"https:\/\/annagrandhotel.hu\/de\/szoba\/executive-ket-haloszobas-lakosztaly\/\" title=\"EXECUTIVE-SUITE MIT ZWEI SCHLAFZIMMERN\" target=\"_parent\" class=\"\">EXECUTIVE-SUITE MIT ZWEI SCHLAFZIMMERN<\/a><\/h3>\n                        \n                        <div class=\"room_listed_amenities\">\n                        <\/div>\n                        <p class=\"excerpt\">Luxuri\u00f6s und elegant in jeder Hinsicht: Diese 56 Quadratmeter gro\u00dfe Suite verf\u00fcgt \u00fcber 2 separate Schlafzimmer und einen Wohnbereich.<\/p>\n                        <a href=\"https:\/\/annagrandhotel.hu\/de\/szoba\/executive-ket-haloszobas-lakosztaly\/\" title=\"EXECUTIVE-SUITE MIT ZWEI SCHLAFZIMMERN\" target=\"_parent\" class=\"btn btn-link\">Details<\/a>\n                <\/div>\n                <\/div>\n        <\/div>\n        <\/div>\n<\/div><\/div><\/div><\/div><\/div><\/div>\n<\/div>","protected":false},"excerpt":{"rendered":"Sz\u00e1llod\u00e1nk f\u00f6ldszinti folyos\u00f3j\u00e1n megtal\u00e1lhat\u00f3, 2 k\u00fcl\u00f6n\u00e1ll\u00f3 h\u00e1l\u00f3szob\u00e1val \u00e9s nappali r\u00e9sszel rendelkez\u0151, nemdoh\u00e1nyz\u00f3, 56 m2 alapter\u00fclettel rendelkez\u0151 lakoszt\u00e1ly. A szob\u00e1k mindegyike egy\u00e9nileg szab\u00e1lyozhat\u00f3 l\u00e9gkondicion\u00e1l\u00f3val, sz\u00e9les csatornak\u00edn\u00e1lat\u00fa LED TV-vel, szobasz\u00e9ffel, minib\u00e1rral \u00e9s Nespresso k\u00e1v\u00e9f\u0151z\u0151vel felszerelt. Term\u00e9szetesen WiFi hozz\u00e1f\u00e9r\u00e9s is biztos\u00edtott, t\u00e9r\u00edt\u00e9smentesen. A f\u00fcrd\u0151szobai komfortr\u00f3l t\u00e1gas zuhanykabin vagy f\u00fcrd\u0151k\u00e1d, \u00e1ll\u00edthat\u00f3 sz\u00ednh\u0151m\u00e9rs\u00e9klet\u0171 t\u00fck\u00f6r, borotv\u00e1lkoz\u00f3- \u00e9s sminkt\u00fck\u00f6r, pipereszer bek\u00e9sz\u00edt\u00e9s \u00e9s [...]","protected":false},"author":1,"featured_media":2259,"parent":0,"menu_order":0,"comment_status":"closed","ping_status":"closed","template":"","meta":{"footnotes":""},"class_list":["post-38","page","type-page","status-publish","has-post-thumbnail","hentry"],"aioseo_notices":[],"_links":{"self":[{"href":"https:\/\/annagrandhotel.hu\/de\/wp-json\/wp\/v2\/pages\/38","targetHints":{"allow":["GET"]}}],"collection":[{"href":"https:\/\/annagrandhotel.hu\/de\/wp-json\/wp\/v2\/pages"}],"about":[{"href":"https:\/\/annagrandhotel.hu\/de\/wp-json\/wp\/v2\/types\/page"}],"author":[{"embeddable":true,"href":"https:\/\/annagrandhotel.hu\/de\/wp-json\/wp\/v2\/users\/1"}],"replies":[{"embeddable":true,"href":"https:\/\/annagrandhotel.hu\/de\/wp-json\/wp\/v2\/comments?post=38"}],"version-history":[{"count":15,"href":"https:\/\/annagrandhotel.hu\/de\/wp-json\/wp\/v2\/pages\/38\/revisions"}],"predecessor-version":[{"id":3663,"href":"https:\/\/annagrandhotel.hu\/de\/wp-json\/wp\/v2\/pages\/38\/revisions\/3663"}],"wp:featuredmedia":[{"embeddable":true,"href":"https:\/\/annagrandhotel.hu\/de\/wp-json\/wp\/v2\/media\/2259"}],"wp:attachment":[{"href":"https:\/\/annagrandhotel.hu\/de\/wp-json\/wp\/v2\/media?parent=38"}],"curies":[{"name":"wp","href":"https:\/\/api.w.org\/{rel}","templated":true}]}}