{"id":3030,"date":"2024-01-16T16:07:33","date_gmt":"2024-01-16T15:07:33","guid":{"rendered":"https:\/\/annagrandhotel.hu\/?page_id=3030"},"modified":"2024-01-16T16:41:52","modified_gmt":"2024-01-16T15:41:52","slug":"spa-knigge","status":"publish","type":"page","link":"https:\/\/annagrandhotel.hu\/de\/spa-etiquette\/","title":{"rendered":"Anna Spa Knigge"},"content":{"rendered":"<div class=\"wpb-content-wrapper\"><div class=\"vc_row wpb_row vc_row-fluid padding_top_none padding_bottom_none\"><div class=\"wpb_column vc_column_container vc_col-sm-9 vc_col-sm-offset-2\"><div class=\"vc_column-inner\"><div class=\"wpb_wrapper\"><div class=\"plethora_button wpb_content_element   text-center\">\n    <a href=\"https:\/\/annagrandhotel.hu\/de\/spa-etiquette\" class=\"btn-lg btn btn-inv btn-secondary\" title=\"\"  target=\"_blank\">\n\n        \n        Deutsch\n        \n\n    <\/a>\n<\/div><div class=\"plethora_button wpb_content_element   text-center\">\n    <a href=\"https:\/\/annagrandhotel.hu\/eng\/spa-etiquette\" class=\"btn-lg btn btn-inv btn-secondary\" title=\"\"  target=\"_blank\">\n\n        \n        Englisch\n        \n\n    <\/a>\n<\/div><\/div><\/div><\/div><\/div><div class=\"vc_row wpb_row vc_row-fluid padding_top_none\"><div class=\"wpb_column vc_column_container vc_col-sm-9 vc_col-sm-offset-2\"><div class=\"vc_column-inner\"><div class=\"wpb_wrapper\">\n\t<div  class=\"wpb_single_image wpb_content_element vc_align_center\">\n\t\t\n\t\t<figure class=\"wpb_wrapper vc_figure\">\n\t\t\t<div class=\"vc_single_image-wrapper   vc_box_border_grey\"><img decoding=\"async\" class=\"vc_single_image-img\" src=\"https:\/\/annagrandhotel.hu\/wp-content\/uploads\/2023\/11\/Anna-Grand-Hotel-logo_weboldal-200x130.webp\" width=\"200\" height=\"130\" alt=\"Anna Grand Hotel logo_website\" title=\"Anna Grand Hotel logo_website\" loading=\"lazy\" \/><\/div>\n\t\t<\/figure>\n\t<\/div>\n\n\t<div  class=\"wpb_single_image wpb_content_element vc_align_center\">\n\t\t\n\t\t<figure class=\"wpb_wrapper vc_figure\">\n\t\t\t<div class=\"vc_single_image-wrapper   vc_box_border_grey\"><img loading=\"lazy\" decoding=\"async\" width=\"1003\" height=\"11\" src=\"https:\/\/annagrandhotel.hu\/wp-content\/uploads\/2023\/11\/Anna-Grand-Hotel-elvalaszto.webp\" class=\"vc_single_image-img attachment-full\" alt=\"\" title=\"Anna Grand Hotel Trennwand\" srcset=\"https:\/\/annagrandhotel.hu\/wp-content\/uploads\/2023\/11\/Anna-Grand-Hotel-elvalaszto.webp 1003w, https:\/\/annagrandhotel.hu\/wp-content\/uploads\/2023\/11\/Anna-Grand-Hotel-elvalaszto-300x3.webp 300w, https:\/\/annagrandhotel.hu\/wp-content\/uploads\/2023\/11\/Anna-Grand-Hotel-elvalaszto-768x8.webp 768w, https:\/\/annagrandhotel.hu\/wp-content\/uploads\/2023\/11\/Anna-Grand-Hotel-elvalaszto-18x1.webp 18w\" sizes=\"auto, (max-width: 1003px) 100vw, 1003px\" \/><\/div>\n\t\t<\/figure>\n\t<\/div>\n<div class=\"heading_group_sc wpb_content_element subtitle_bottom    text-center\">\n\n\n    <h2 style=\"text-align: center;\">Spa-Etikette<\/h2>\n\n\n        <span class=\"subtitle\"><\/span>\n\n        <div class=\"svg_divider\"><img decoding=\"async\" src=\"https:\/\/annagrandhotel.hu\/wp-content\/themes\/hotel-xenia\/templates\/shortcodes\/divider.png\"><\/div>\n<\/div><div class=\"heading_group_sc wpb_content_element subtitle_bottom    text-center\">\n\n\n    <p style=\"text-align: justify;\"><strong><img loading=\"lazy\" decoding=\"async\" class=\"wp-image-2892 alignleft\" src=\"https:\/\/annagrandhotel.hu\/wp-content\/uploads\/2023\/11\/emblema-kicsi_Rajztabla-1.png\" alt=\"\" width=\"16\" height=\"16\" srcset=\"https:\/\/annagrandhotel.hu\/wp-content\/uploads\/2023\/11\/emblema-kicsi_Rajztabla-1.png 84w, https:\/\/annagrandhotel.hu\/wp-content\/uploads\/2023\/11\/emblema-kicsi_Rajztabla-1-12x12.png 12w\" sizes=\"auto, (max-width: 16px) 100vw, 16px\" \/><\/strong><\/p>\n<p style=\"text-align: justify;\"><strong>1.<\/strong> Kinder unter 14 Jahren d\u00fcrfen den Wellnessbereich nur unter Aufsicht der Eltern betreten!<\/p>\n<p style=\"text-align: justify;\"><strong><img loading=\"lazy\" decoding=\"async\" class=\"wp-image-2892 alignleft\" src=\"https:\/\/annagrandhotel.hu\/wp-content\/uploads\/2023\/11\/emblema-kicsi_Rajztabla-1.png\" alt=\"\" width=\"16\" height=\"16\" srcset=\"https:\/\/annagrandhotel.hu\/wp-content\/uploads\/2023\/11\/emblema-kicsi_Rajztabla-1.png 84w, https:\/\/annagrandhotel.hu\/wp-content\/uploads\/2023\/11\/emblema-kicsi_Rajztabla-1-12x12.png 12w\" sizes=\"auto, (max-width: 16px) 100vw, 16px\" \/> 2. <\/strong>Alle unsere G\u00e4ste k\u00f6nnen unsere Dienste nur auf eigenes Risiko nutzen!<\/p>\n<p style=\"text-align: justify;\"><strong><img loading=\"lazy\" decoding=\"async\" class=\"wp-image-2892 alignleft\" src=\"https:\/\/annagrandhotel.hu\/wp-content\/uploads\/2023\/11\/emblema-kicsi_Rajztabla-1.png\" alt=\"\" width=\"16\" height=\"16\" srcset=\"https:\/\/annagrandhotel.hu\/wp-content\/uploads\/2023\/11\/emblema-kicsi_Rajztabla-1.png 84w, https:\/\/annagrandhotel.hu\/wp-content\/uploads\/2023\/11\/emblema-kicsi_Rajztabla-1-12x12.png 12w\" sizes=\"auto, (max-width: 16px) 100vw, 16px\" \/> 3.<\/strong> Es ist verboten, in die Becken zu springen, Ball zu spielen und die Ruhe der Badeg\u00e4ste zu st\u00f6ren!<\/p>\n<p style=\"text-align: justify;\"><strong><img loading=\"lazy\" decoding=\"async\" class=\"wp-image-2892 alignleft\" src=\"https:\/\/annagrandhotel.hu\/wp-content\/uploads\/2023\/11\/emblema-kicsi_Rajztabla-1.png\" alt=\"\" width=\"16\" height=\"16\" srcset=\"https:\/\/annagrandhotel.hu\/wp-content\/uploads\/2023\/11\/emblema-kicsi_Rajztabla-1.png 84w, https:\/\/annagrandhotel.hu\/wp-content\/uploads\/2023\/11\/emblema-kicsi_Rajztabla-1-12x12.png 12w\" sizes=\"auto, (max-width: 16px) 100vw, 16px\" \/>4.<\/strong> Zerbrechliche Gegenst\u00e4nde und Lebensmittel sind im Wellnessbereich nicht erlaubt!<\/p>\n<p style=\"text-align: justify;\"><strong><img loading=\"lazy\" decoding=\"async\" class=\"wp-image-2892 alignleft\" src=\"https:\/\/annagrandhotel.hu\/wp-content\/uploads\/2023\/11\/emblema-kicsi_Rajztabla-1.png\" alt=\"\" width=\"16\" height=\"16\" srcset=\"https:\/\/annagrandhotel.hu\/wp-content\/uploads\/2023\/11\/emblema-kicsi_Rajztabla-1.png 84w, https:\/\/annagrandhotel.hu\/wp-content\/uploads\/2023\/11\/emblema-kicsi_Rajztabla-1-12x12.png 12w\" sizes=\"auto, (max-width: 16px) 100vw, 16px\" \/><\/strong><strong>5. <\/strong>Haustiere sind im Wellnessbereich nicht erlaubt!<\/p>\n<p style=\"text-align: justify;\"><strong><img loading=\"lazy\" decoding=\"async\" class=\"wp-image-2892 alignleft\" src=\"https:\/\/annagrandhotel.hu\/wp-content\/uploads\/2023\/11\/emblema-kicsi_Rajztabla-1.png\" alt=\"\" width=\"16\" height=\"16\" srcset=\"https:\/\/annagrandhotel.hu\/wp-content\/uploads\/2023\/11\/emblema-kicsi_Rajztabla-1.png 84w, https:\/\/annagrandhotel.hu\/wp-content\/uploads\/2023\/11\/emblema-kicsi_Rajztabla-1-12x12.png 12w\" sizes=\"auto, (max-width: 16px) 100vw, 16px\" \/><\/strong><strong>6. <\/strong>Betrunkene oder alkoholisierte Personen sind im Wellnessbereich nicht erlaubt!<\/p>\n<p style=\"text-align: justify;\"><strong><img loading=\"lazy\" decoding=\"async\" class=\"wp-image-2892 alignleft\" src=\"https:\/\/annagrandhotel.hu\/wp-content\/uploads\/2023\/11\/emblema-kicsi_Rajztabla-1.png\" alt=\"\" width=\"16\" height=\"16\" srcset=\"https:\/\/annagrandhotel.hu\/wp-content\/uploads\/2023\/11\/emblema-kicsi_Rajztabla-1.png 84w, https:\/\/annagrandhotel.hu\/wp-content\/uploads\/2023\/11\/emblema-kicsi_Rajztabla-1-12x12.png 12w\" sizes=\"auto, (max-width: 16px) 100vw, 16px\" \/><\/strong><strong>7. <\/strong>G\u00e4ste, die an Fieber, Infektionskrankheiten oder Hautkrankheiten leiden, d\u00fcrfen die Leistungen des Wellnessbereichs nicht in Anspruch nehmen!<\/p>\n<p style=\"text-align: justify;\"><strong><img loading=\"lazy\" decoding=\"async\" class=\"wp-image-2892 alignleft\" src=\"https:\/\/annagrandhotel.hu\/wp-content\/uploads\/2023\/11\/emblema-kicsi_Rajztabla-1.png\" alt=\"\" width=\"16\" height=\"16\" srcset=\"https:\/\/annagrandhotel.hu\/wp-content\/uploads\/2023\/11\/emblema-kicsi_Rajztabla-1.png 84w, https:\/\/annagrandhotel.hu\/wp-content\/uploads\/2023\/11\/emblema-kicsi_Rajztabla-1-12x12.png 12w\" sizes=\"auto, (max-width: 16px) 100vw, 16px\" \/><\/strong><strong>8. <\/strong>Das Rauchen ist in den ausgewiesenen Bereichen des Hotels erlaubt!<\/p>\n<p style=\"text-align: justify;\"><strong><img loading=\"lazy\" decoding=\"async\" class=\"wp-image-2892 alignleft\" src=\"https:\/\/annagrandhotel.hu\/wp-content\/uploads\/2023\/11\/emblema-kicsi_Rajztabla-1.png\" alt=\"\" width=\"16\" height=\"16\" srcset=\"https:\/\/annagrandhotel.hu\/wp-content\/uploads\/2023\/11\/emblema-kicsi_Rajztabla-1.png 84w, https:\/\/annagrandhotel.hu\/wp-content\/uploads\/2023\/11\/emblema-kicsi_Rajztabla-1-12x12.png 12w\" sizes=\"auto, (max-width: 16px) 100vw, 16px\" \/><\/strong><strong>9. <\/strong>F\u00fcr unbeaufsichtigt im Wellnessbereich zur\u00fcckgelassene Wertsachen k\u00f6nnen wir nicht verantwortlich gemacht werden!<\/p>\n<p style=\"text-align: justify;\"><strong><img loading=\"lazy\" decoding=\"async\" class=\"wp-image-2892 alignleft\" src=\"https:\/\/annagrandhotel.hu\/wp-content\/uploads\/2023\/11\/emblema-kicsi_Rajztabla-1.png\" alt=\"\" width=\"16\" height=\"16\" srcset=\"https:\/\/annagrandhotel.hu\/wp-content\/uploads\/2023\/11\/emblema-kicsi_Rajztabla-1.png 84w, https:\/\/annagrandhotel.hu\/wp-content\/uploads\/2023\/11\/emblema-kicsi_Rajztabla-1-12x12.png 12w\" sizes=\"auto, (max-width: 16px) 100vw, 16px\" \/><\/strong><strong>10. <\/strong>Duschen vor der Benutzung des Pools ist Pflicht!<\/p>\n<p style=\"text-align: justify;\"><strong><img loading=\"lazy\" decoding=\"async\" class=\"wp-image-2892 alignleft\" src=\"https:\/\/annagrandhotel.hu\/wp-content\/uploads\/2023\/11\/emblema-kicsi_Rajztabla-1.png\" alt=\"\" width=\"16\" height=\"16\" srcset=\"https:\/\/annagrandhotel.hu\/wp-content\/uploads\/2023\/11\/emblema-kicsi_Rajztabla-1.png 84w, https:\/\/annagrandhotel.hu\/wp-content\/uploads\/2023\/11\/emblema-kicsi_Rajztabla-1-12x12.png 12w\" sizes=\"auto, (max-width: 16px) 100vw, 16px\" \/><\/strong><strong>11. <\/strong>Im Wellnessbereich besteht eine unvermeidliche Rutschgefahr, bitte achten Sie daher besonders auf Ihre k\u00f6rperliche Sicherheit!<\/p>\n<p style=\"text-align: justify;\"><strong><img loading=\"lazy\" decoding=\"async\" class=\"wp-image-2892 alignleft\" src=\"https:\/\/annagrandhotel.hu\/wp-content\/uploads\/2023\/11\/emblema-kicsi_Rajztabla-1.png\" alt=\"\" width=\"16\" height=\"16\" srcset=\"https:\/\/annagrandhotel.hu\/wp-content\/uploads\/2023\/11\/emblema-kicsi_Rajztabla-1.png 84w, https:\/\/annagrandhotel.hu\/wp-content\/uploads\/2023\/11\/emblema-kicsi_Rajztabla-1-12x12.png 12w\" sizes=\"auto, (max-width: 16px) 100vw, 16px\" \/><\/strong><strong>12. <\/strong>Im Wellnessbereich werden Hausschuhe empfohlen, Badeanz\u00fcge sind Pflicht!<\/p>\n<p style=\"text-align: justify;\"><strong><img loading=\"lazy\" decoding=\"async\" class=\"wp-image-2892 alignleft\" src=\"https:\/\/annagrandhotel.hu\/wp-content\/uploads\/2023\/11\/emblema-kicsi_Rajztabla-1.png\" alt=\"\" width=\"16\" height=\"16\" srcset=\"https:\/\/annagrandhotel.hu\/wp-content\/uploads\/2023\/11\/emblema-kicsi_Rajztabla-1.png 84w, https:\/\/annagrandhotel.hu\/wp-content\/uploads\/2023\/11\/emblema-kicsi_Rajztabla-1-12x12.png 12w\" sizes=\"auto, (max-width: 16px) 100vw, 16px\" \/><\/strong><strong>13. <\/strong>Die Verwendung von Laken oder Handt\u00fcchern ist in allen Saunabereichen obligatorisch!<\/p>\n<p style=\"text-align: justify;\"><strong><img loading=\"lazy\" decoding=\"async\" class=\"wp-image-2892 alignleft\" src=\"https:\/\/annagrandhotel.hu\/wp-content\/uploads\/2023\/11\/emblema-kicsi_Rajztabla-1.png\" alt=\"\" width=\"16\" height=\"16\" srcset=\"https:\/\/annagrandhotel.hu\/wp-content\/uploads\/2023\/11\/emblema-kicsi_Rajztabla-1.png 84w, https:\/\/annagrandhotel.hu\/wp-content\/uploads\/2023\/11\/emblema-kicsi_Rajztabla-1-12x12.png 12w\" sizes=\"auto, (max-width: 16px) 100vw, 16px\" \/><\/strong><strong>14. <\/strong>Wenn Sie Hilfe bei der Bedienung der Saunen ben\u00f6tigen, wenden Sie sich bitte an unsere Mitarbeiter!<\/p>\n<p style=\"text-align: justify;\"><strong><img loading=\"lazy\" decoding=\"async\" class=\"wp-image-2892 alignleft\" src=\"https:\/\/annagrandhotel.hu\/wp-content\/uploads\/2023\/11\/emblema-kicsi_Rajztabla-1.png\" alt=\"\" width=\"16\" height=\"16\" srcset=\"https:\/\/annagrandhotel.hu\/wp-content\/uploads\/2023\/11\/emblema-kicsi_Rajztabla-1.png 84w, https:\/\/annagrandhotel.hu\/wp-content\/uploads\/2023\/11\/emblema-kicsi_Rajztabla-1-12x12.png 12w\" sizes=\"auto, (max-width: 16px) 100vw, 16px\" \/><\/strong><strong>15. <\/strong>Unf\u00e4lle oder Verletzungen m\u00fcssen dem Poolmanager gemeldet werden!<\/p>\n<p style=\"text-align: justify;\"><strong><img loading=\"lazy\" decoding=\"async\" class=\"wp-image-2892 alignleft\" src=\"https:\/\/annagrandhotel.hu\/wp-content\/uploads\/2023\/11\/emblema-kicsi_Rajztabla-1.png\" alt=\"\" width=\"16\" height=\"16\" srcset=\"https:\/\/annagrandhotel.hu\/wp-content\/uploads\/2023\/11\/emblema-kicsi_Rajztabla-1.png 84w, https:\/\/annagrandhotel.hu\/wp-content\/uploads\/2023\/11\/emblema-kicsi_Rajztabla-1-12x12.png 12w\" sizes=\"auto, (max-width: 16px) 100vw, 16px\" \/><\/strong><strong>16. <\/strong>Wir bitten Sie, die Maschinen, Ger\u00e4te und Einrichtungsgegenst\u00e4nde im Wellnessbereich besonders pfleglich zu behandeln und sauber zu halten und die bereitgestellten Abfallbeh\u00e4lter zu benutzen. In jedem Fall sind die G\u00e4ste f\u00fcr die verursachten Sch\u00e4den finanziell verantwortlich!<\/p>\n\n\n        <span class=\"subtitle\"><\/span>\n\n        <div class=\"svg_divider\"><img decoding=\"async\" src=\"https:\/\/annagrandhotel.hu\/wp-content\/themes\/hotel-xenia\/templates\/shortcodes\/divider.png\"><\/div>\n<\/div><\/div><\/div><\/div><\/div>\n<\/div>","protected":false},"excerpt":{"rendered":"Deutsch English Spa h\u00e1zirend 1. A wellness r\u00e9szleg ter\u00fclet\u00e9n 14 \u00e9ven aluli gyerekek csak sz\u00fcl\u0151i fel\u00fcgyelet mellett tart\u00f3zkodhatnak! 2. Szolg\u00e1ltat\u00e1sainkat minden vend\u00e9g\u00fcnk csak saj\u00e1t felel\u0151ss\u00e9gre veheti ig\u00e9nybe! 3. A medenc\u00e9kbe ugr\u00e1lni, labd\u00e1zni \u00e9s a f\u00fcrd\u0151z\u0151k nyugalm\u00e1t zavarni tilos! 4. A wellness r\u00e9szleg ter\u00fclet\u00e9re t\u00f6r\u00e9keny t\u00e1rgy, illetve \u00e9lelmiszer nem vihet\u0151 be! 5. A wellness r\u00e9szleg ter\u00fclet\u00e9re [...]","protected":false},"author":1,"featured_media":0,"parent":0,"menu_order":0,"comment_status":"closed","ping_status":"closed","template":"","meta":{"footnotes":""},"class_list":["post-3030","page","type-page","status-publish","hentry"],"aioseo_notices":[],"_links":{"self":[{"href":"https:\/\/annagrandhotel.hu\/de\/wp-json\/wp\/v2\/pages\/3030","targetHints":{"allow":["GET"]}}],"collection":[{"href":"https:\/\/annagrandhotel.hu\/de\/wp-json\/wp\/v2\/pages"}],"about":[{"href":"https:\/\/annagrandhotel.hu\/de\/wp-json\/wp\/v2\/types\/page"}],"author":[{"embeddable":true,"href":"https:\/\/annagrandhotel.hu\/de\/wp-json\/wp\/v2\/users\/1"}],"replies":[{"embeddable":true,"href":"https:\/\/annagrandhotel.hu\/de\/wp-json\/wp\/v2\/comments?post=3030"}],"version-history":[{"count":24,"href":"https:\/\/annagrandhotel.hu\/de\/wp-json\/wp\/v2\/pages\/3030\/revisions"}],"predecessor-version":[{"id":3100,"href":"https:\/\/annagrandhotel.hu\/de\/wp-json\/wp\/v2\/pages\/3030\/revisions\/3100"}],"wp:attachment":[{"href":"https:\/\/annagrandhotel.hu\/de\/wp-json\/wp\/v2\/media?parent=3030"}],"curies":[{"name":"wp","href":"https:\/\/api.w.org\/{rel}","templated":true}]}}