{"id":2631,"date":"2026-03-01T00:01:05","date_gmt":"2026-02-28T23:01:05","guid":{"rendered":"https:\/\/annagrand.saxon.hu\/?page_id=2631"},"modified":"2026-04-17T15:20:05","modified_gmt":"2026-04-17T13:20:05","slug":"angebote","status":"publish","type":"page","link":"https:\/\/annagrandhotel.hu\/de\/ajanlatok\/","title":{"rendered":"ANGEBOTE"},"content":{"rendered":"<div class=\"wpb-content-wrapper\"><section class=\"vc_section\"><div class=\"vc_row wpb_row vc_row-fluid padding_bottom_none\"><div class=\"wpb_column vc_column_container vc_col-sm-12\"><div class=\"vc_column-inner\"><div class=\"wpb_wrapper\"><div class=\"heading_group_sc wpb_content_element subtitle_bottom    text-center\">\n\n\n    <h2>UNSERE AKTUELLEN ANGEBOTE<\/h2>\n\n\n        <span class=\"subtitle\"><\/span>\n\n<\/div><\/div><\/div><\/div><\/div><\/section><section data-vc-full-width=\"true\" data-vc-full-width-init=\"false\" class=\"vc_section vc_custom_1749728267908 vc_section-has-fill\"><div class=\"vc_row wpb_row vc_row-fluid shadow vc_custom_1775823978673\"><div class=\"wpb_column vc_column_container vc_col-sm-6\"><div class=\"vc_column-inner vc_custom_1699699574404\"><div class=\"wpb_wrapper\">\n\t<div  class=\"wpb_single_image wpb_content_element vc_align_left  vc_custom_1775818671696\">\n\t\t\n\t\t<figure class=\"wpb_wrapper vc_figure\">\n\t\t\t<div class=\"vc_single_image-wrapper   vc_box_border_grey\"><img loading=\"lazy\" decoding=\"async\" width=\"1080\" height=\"1350\" src=\"https:\/\/annagrandhotel.hu\/wp-content\/uploads\/2026\/04\/WSBK-Weboldal.png\" class=\"vc_single_image-img attachment-full\" alt=\"\" title=\"WSBK-Webseite\" srcset=\"https:\/\/annagrandhotel.hu\/wp-content\/uploads\/2026\/04\/WSBK-Weboldal.png 1080w, https:\/\/annagrandhotel.hu\/wp-content\/uploads\/2026\/04\/WSBK-Weboldal-240x300.png 240w, https:\/\/annagrandhotel.hu\/wp-content\/uploads\/2026\/04\/WSBK-Weboldal-819x1024.png 819w, https:\/\/annagrandhotel.hu\/wp-content\/uploads\/2026\/04\/WSBK-Weboldal-768x960.png 768w, https:\/\/annagrandhotel.hu\/wp-content\/uploads\/2026\/04\/WSBK-Weboldal-10x12.png 10w\" sizes=\"auto, (max-width: 1080px) 100vw, 1080px\" \/><\/div>\n\t\t<\/figure>\n\t<\/div>\n<\/div><\/div><\/div><div class=\"wpb_column vc_column_container vc_col-sm-6\"><div class=\"vc_column-inner\"><div class=\"wpb_wrapper\"><div class=\"heading_group_sc wpb_content_element subtitle_bottom    text-left\">\n\n\n    <h2>Langes Mai-Wochenende mit Superbike-Ticket als Geschenk<\/h2>\n\n\n        <span class=\"subtitle\">1.-3. Mai.<\/span>\n\n<\/div><div class=\"heading_group_sc wpb_content_element subtitle_bottom   vc_custom_1775823966926  text-left\">\n\n\n    <p style=\"text-align: left;\"><strong>Buchen Sie Ihr Zimmer f\u00fcr das lange Wochenende im Anna Grand Hotel und genie\u00dfen Sie die WorldSBK Ungarn mit Ihrer Freikarte von der Terrasse des Balaton Park Hotels!<\/strong><\/p>\n\n\n        <span class=\"subtitle\"><\/span>\n\n        <div class=\"svg_divider\"><img decoding=\"async\" src=\"https:\/\/annagrandhotel.hu\/wp-content\/themes\/hotel-xenia\/templates\/shortcodes\/divider.png\"><\/div>\n<\/div><div class=\"plethora_button wpb_content_element   text-left\">\n    <a href=\"https:\/\/annagrandhotel.hu\/de\/motorrad-superbike-ticket-am-wochenende\/\" class=\"btn btn-secondary\" title=\"\"  target=\"_self\">\n\n        \n        Informationen und Buchung\n        \n\n    <\/a>\n<\/div><\/div><\/div><\/div><\/div><div class=\"vc_row wpb_row vc_row-fluid shadow vc_custom_1774028639151 secondary_section\"><div class=\"wpb_column vc_column_container vc_col-sm-6\"><div class=\"vc_column-inner\"><div class=\"wpb_wrapper\"><div class=\"heading_group_sc wpb_content_element subtitle_bottom   vc_custom_1774028552305  text-left\">\n\n\n    <h2 class=\"title\">Anna Grand Longevity Wochenenden<\/h2>\n\n\n        <span class=\"subtitle\">- angetrieben von Anna Harangv\u00f6lgyi Skinnotech<\/span>\n\n<\/div><div class=\"heading_group_sc wpb_content_element subtitle_bottom    text-left\">\n\n\n    <p style=\"text-align: justify;\"><strong>Eine neue Generation von Langlebigkeitserfahrungen, bei der eine luxuri\u00f6se Umgebung auf ein pr\u00e4zisionsgefertigtes Anti-Aging-System trifft.<\/strong><\/p>\n<p style=\"text-align: justify;\">Das Programm findet in der eleganten, zeitlosen Umgebung des Anna Grand Hotels statt und bietet einen Einblick in einen Langlebigkeitsansatz, der bisher haupts\u00e4chlich in einem privaten, internationalen Rahmen angeboten wurde.<\/p>\n<p><em><strong>15-17 Mai 2026.<\/strong><\/em><br \/>\n<em><strong>5-7 Juni 2026.<\/strong><\/em><br \/>\n<em><strong>19-21 Juni 2026.<\/strong><\/em><\/p>\n\n\n        <span class=\"subtitle\"><\/span>\n\n        <div class=\"svg_divider\"><img decoding=\"async\" src=\"https:\/\/annagrandhotel.hu\/wp-content\/themes\/hotel-xenia\/templates\/shortcodes\/divider.png\"><\/div>\n<\/div><div class=\"plethora_button wpb_content_element  vc_custom_1774028624469  text-left\">\n    <a href=\"https:\/\/annagrandhotel.hu\/de\/anna-grand-wochenenden-fur-langjahriges-leben\/\" class=\"btn btn-light\" title=\"\"  target=\"_self\">\n\n        \n        Information und Buchung\n        \n\n    <\/a>\n<\/div><\/div><\/div><\/div><div class=\"wpb_column vc_column_container vc_col-sm-6\"><div class=\"vc_column-inner vc_custom_1699699574404\"><div class=\"wpb_wrapper\">\n\t<div  class=\"wpb_single_image wpb_content_element vc_align_left  vc_custom_1774029115536\">\n\t\t\n\t\t<figure class=\"wpb_wrapper vc_figure\">\n\t\t\t<div class=\"vc_single_image-wrapper   vc_box_border_grey\"><img loading=\"lazy\" decoding=\"async\" width=\"1080\" height=\"1350\" src=\"https:\/\/annagrandhotel.hu\/wp-content\/uploads\/2026\/03\/Anna-Grand-Longevity-Weekends-1.webp\" class=\"vc_single_image-img attachment-full\" alt=\"\" title=\"Anna Grand Longevity Wochenenden\" srcset=\"https:\/\/annagrandhotel.hu\/wp-content\/uploads\/2026\/03\/Anna-Grand-Longevity-Weekends-1.webp 1080w, https:\/\/annagrandhotel.hu\/wp-content\/uploads\/2026\/03\/Anna-Grand-Longevity-Weekends-1-240x300.webp 240w, https:\/\/annagrandhotel.hu\/wp-content\/uploads\/2026\/03\/Anna-Grand-Longevity-Weekends-1-819x1024.webp 819w, https:\/\/annagrandhotel.hu\/wp-content\/uploads\/2026\/03\/Anna-Grand-Longevity-Weekends-1-768x960.webp 768w, https:\/\/annagrandhotel.hu\/wp-content\/uploads\/2026\/03\/Anna-Grand-Longevity-Weekends-1-10x12.webp 10w\" sizes=\"auto, (max-width: 1080px) 100vw, 1080px\" \/><\/div>\n\t\t<\/figure>\n\t<\/div>\n<\/div><\/div><\/div><\/div><div class=\"vc_row wpb_row vc_row-fluid shadow vc_custom_1776259910025 secondary_section\"><div class=\"wpb_column vc_column_container vc_col-sm-6\"><div class=\"vc_column-inner vc_custom_1699699574404\"><div class=\"wpb_wrapper\">\n\t<div  class=\"wpb_single_image wpb_content_element vc_align_left  vc_custom_1776254922917\">\n\t\t\n\t\t<figure class=\"wpb_wrapper vc_figure\">\n\t\t\t<div class=\"vc_single_image-wrapper   vc_box_border_grey\"><img loading=\"lazy\" decoding=\"async\" width=\"1080\" height=\"1350\" src=\"https:\/\/annagrandhotel.hu\/wp-content\/uploads\/2026\/04\/Tavaszi-szunet-Instagram-Poszt-2.webp\" class=\"vc_single_image-img attachment-full\" alt=\"\" title=\"Fr\u00fchlingspause Instagram Beitrag (2)\" srcset=\"https:\/\/annagrandhotel.hu\/wp-content\/uploads\/2026\/04\/Tavaszi-szunet-Instagram-Poszt-2.webp 1080w, https:\/\/annagrandhotel.hu\/wp-content\/uploads\/2026\/04\/Tavaszi-szunet-Instagram-Poszt-2-240x300.webp 240w, https:\/\/annagrandhotel.hu\/wp-content\/uploads\/2026\/04\/Tavaszi-szunet-Instagram-Poszt-2-819x1024.webp 819w, https:\/\/annagrandhotel.hu\/wp-content\/uploads\/2026\/04\/Tavaszi-szunet-Instagram-Poszt-2-768x960.webp 768w, https:\/\/annagrandhotel.hu\/wp-content\/uploads\/2026\/04\/Tavaszi-szunet-Instagram-Poszt-2-10x12.webp 10w\" sizes=\"auto, (max-width: 1080px) 100vw, 1080px\" \/><\/div>\n\t\t<\/figure>\n\t<\/div>\n<\/div><\/div><\/div><div class=\"wpb_column vc_column_container vc_col-sm-6\"><div class=\"vc_column-inner\"><div class=\"wpb_wrapper\"><div class=\"heading_group_sc wpb_content_element subtitle_bottom    text-left\">\n\n\n    <h2 style=\"text-align: left;\">Pfingsten-Aktion<\/h2>\n\n\n        <span class=\"subtitle\">22.-25. MAI.<\/span>\n\n<\/div><div class=\"heading_group_sc wpb_content_element subtitle_bottom   vc_custom_1776255071436  text-left\">\n\n\n    <p style=\"text-align: justify;\"><strong>Buchen Sie jetzt zu einem um 18,89%niedrigeren Preis mit dem Aktionscode 1889 und verbringen Sie Pfingsten mit einer besonderen Auszeit!<\/strong><\/p>\n\n\n        <span class=\"subtitle\"><\/span>\n\n        <div class=\"svg_divider\"><img decoding=\"async\" src=\"https:\/\/annagrandhotel.hu\/wp-content\/themes\/hotel-xenia\/templates\/shortcodes\/divider.png\"><\/div>\n<\/div><div class=\"plethora_button wpb_content_element  vc_custom_1776260952993  text-left\">\n    <a href=\"https:\/\/book.annagrandhotel.hu\/foglalas\/kereses?promotion-code=1889\" class=\"btn btn-light\" title=\"\"  target=\"_self\">\n\n        \n        Buchung\n        \n\n    <\/a>\n<\/div><\/div><\/div><\/div><\/div><div class=\"vc_row wpb_row vc_row-fluid shadow vc_custom_1772712605350 dark_section\"><div class=\"wpb_column vc_column_container vc_col-sm-6\"><div class=\"vc_column-inner vc_custom_1699699574404\"><div class=\"wpb_wrapper\">\n\t<div  class=\"wpb_single_image wpb_content_element vc_align_left  vc_custom_1772712483461\">\n\t\t\n\t\t<figure class=\"wpb_wrapper vc_figure\">\n\t\t\t<div class=\"vc_single_image-wrapper   vc_box_border_grey\"><img loading=\"lazy\" decoding=\"async\" width=\"1081\" height=\"1350\" src=\"https:\/\/annagrandhotel.hu\/wp-content\/uploads\/2026\/03\/Pilates-tabor_web_Rajztabla-1-02.png\" class=\"vc_single_image-img attachment-full\" alt=\"\" title=\"Pilates Camp_web_Tag 1-02\" srcset=\"https:\/\/annagrandhotel.hu\/wp-content\/uploads\/2026\/03\/Pilates-tabor_web_Rajztabla-1-02.png 1081w, https:\/\/annagrandhotel.hu\/wp-content\/uploads\/2026\/03\/Pilates-tabor_web_Rajztabla-1-02-240x300.png 240w, https:\/\/annagrandhotel.hu\/wp-content\/uploads\/2026\/03\/Pilates-tabor_web_Rajztabla-1-02-820x1024.png 820w, https:\/\/annagrandhotel.hu\/wp-content\/uploads\/2026\/03\/Pilates-tabor_web_Rajztabla-1-02-768x959.png 768w, https:\/\/annagrandhotel.hu\/wp-content\/uploads\/2026\/03\/Pilates-tabor_web_Rajztabla-1-02-10x12.png 10w\" sizes=\"auto, (max-width: 1081px) 100vw, 1081px\" \/><\/div>\n\t\t<\/figure>\n\t<\/div>\n<\/div><\/div><\/div><div class=\"wpb_column vc_column_container vc_col-sm-6\"><div class=\"vc_column-inner\"><div class=\"wpb_wrapper\"><div class=\"heading_group_sc wpb_content_element subtitle_bottom   vc_custom_1772712535930  text-left\">\n\n\n    <h2 style=\"text-align: left;\">Einatmen X Anna Grand Pilates Camp<\/h2>\n\n\n        <span class=\"subtitle\"><\/span>\n\n<\/div><div class=\"heading_group_sc wpb_content_element subtitle_bottom   vc_custom_1772712563338  text-left\">\n\n\n    <p><strong>Drei Tage, an denen sich Bewegung, Aufladung und Eleganz in den Mauern des Anna Grand Hotels treffen.<\/strong><\/p>\n<p>Das Inhale X Anna Grand Pilates Camp ist ein spezielles Fr\u00fchjahrs-Retreat, bei dem die Balance zwischen K\u00f6rper und Geist im Mittelpunkt steht. Die Programme werden von Bianka Vad\u00e1sz geleitet, die Ihnen mit ihren inspirierenden, pr\u00e4zisen und dynamischen Kursen hilft, in die Welt des Pilates einzutauchen - f\u00fcr Anf\u00e4nger und Fortgeschrittene gleicherma\u00dfen.<\/p>\n\n\n        <span class=\"subtitle\"><\/span>\n\n        <div class=\"svg_divider\"><img decoding=\"async\" src=\"https:\/\/annagrandhotel.hu\/wp-content\/themes\/hotel-xenia\/templates\/shortcodes\/divider.png\"><\/div>\n<\/div><div class=\"plethora_button wpb_content_element  vc_custom_1772712593926  text-left\">\n    <a href=\"https:\/\/annagrandhotel.hu\/de\/inhalieren-x-anna-grand-pilates-tabor\/\" class=\"btn btn-secondary\" title=\"\"  target=\"_self\">\n\n        \n        Details und Buchung\n        \n\n    <\/a>\n<\/div><\/div><\/div><\/div><\/div><div class=\"vc_row wpb_row vc_row-fluid shadow vc_custom_1769166621484 dark_section\"><div class=\"wpb_column vc_column_container vc_col-sm-6\"><div class=\"vc_column-inner vc_custom_1769069028100\"><div class=\"wpb_wrapper\"><div class=\"heading_group_sc wpb_content_element subtitle_bottom   vc_custom_1769069336988  text-left\">\n\n\n    <h2 style=\"text-align: left;\">Grand Escape<\/h2>\n\n\n        <span class=\"subtitle\">Lassen Sie alles hinter sich!<\/span>\n\n<\/div><div class=\"heading_group_sc wpb_content_element subtitle_bottom   vc_custom_1776431992503  text-left\">\n\n\n    <p style=\"text-align: left;\"><strong>Manchmal gen\u00fcgt ein einziger Tag, um sich v\u00f6llig neu zu erfinden. Entfliehen Sie dem Alltag und genie\u00dfen Sie den Luxus des Anna Grand Hotels mit einem Extra-Rabatt!<\/strong><\/p>\n<p>Aktionscode: ESCAPE<\/p>\n<p>Das Angebot bietet 25% Rabatt auf den Tagespreis der Halbpension<\/p>\n<p><em>G\u00fcltig: F\u00fcr maximal eine \u00dcbernachtung (Ausgenommen Hauptsaison)<\/em><\/p>\n\n\n        <span class=\"subtitle\"><\/span>\n\n        <div class=\"svg_divider\"><img decoding=\"async\" src=\"https:\/\/annagrandhotel.hu\/wp-content\/themes\/hotel-xenia\/templates\/shortcodes\/divider.png\"><\/div>\n<\/div><div class=\"plethora_button wpb_content_element  vc_custom_1769161265637  text-left\">\n    <a href=\"https:\/\/book.annagrandhotel.hu\/foglalas\/kereses?Reservation%5Bpromotion_code%5D=ESCAPE\" class=\"btn btn-secondary\" title=\"\"  target=\"_self\">\n\n        \n        Preisberechnung und Buchung\n        \n\n    <\/a>\n<\/div><\/div><\/div><\/div><div class=\"wpb_column vc_column_container vc_col-sm-6 vc_col-has-fill\"><div class=\"vc_column-inner vc_custom_1769069052277\"><div class=\"wpb_wrapper\">\n\t<div  class=\"wpb_single_image wpb_content_element vc_align_left  vc_custom_1769070476194\">\n\t\t\n\t\t<figure class=\"wpb_wrapper vc_figure\">\n\t\t\t<div class=\"vc_single_image-wrapper   vc_box_border_grey\"><img loading=\"lazy\" decoding=\"async\" width=\"1099\" height=\"1351\" src=\"https:\/\/annagrandhotel.hu\/wp-content\/uploads\/2026\/01\/Grand-Escape.webp\" class=\"vc_single_image-img attachment-full\" alt=\"\" title=\"Grand Escape\" srcset=\"https:\/\/annagrandhotel.hu\/wp-content\/uploads\/2026\/01\/Grand-Escape.webp 1099w, https:\/\/annagrandhotel.hu\/wp-content\/uploads\/2026\/01\/Grand-Escape-244x300.webp 244w, https:\/\/annagrandhotel.hu\/wp-content\/uploads\/2026\/01\/Grand-Escape-833x1024.webp 833w, https:\/\/annagrandhotel.hu\/wp-content\/uploads\/2026\/01\/Grand-Escape-768x944.webp 768w, https:\/\/annagrandhotel.hu\/wp-content\/uploads\/2026\/01\/Grand-Escape-10x12.webp 10w\" sizes=\"auto, (max-width: 1099px) 100vw, 1099px\" \/><\/div>\n\t\t<\/figure>\n\t<\/div>\n<\/div><\/div><\/div><\/div><\/section><div class=\"vc_row-full-width vc_clearfix\"><\/div><section data-vc-full-width=\"true\" data-vc-full-width-init=\"false\" class=\"vc_section vc_custom_1706191996039 vc_section-has-fill\"><div class=\"vc_row wpb_row vc_row-fluid shadow vc_custom_1765190959863 vc_row-o-equal-height vc_row-flex secondary_section\"><div class=\"wpb_column vc_column_container vc_col-sm-6\"><div class=\"vc_column-inner\"><div class=\"wpb_wrapper\"><div class=\"heading_group_sc wpb_content_element subtitle_bottom   vc_custom_1731939045814  text-left\">\n\n\n    <h2 style=\"text-align: left;\">Schenken Sie ein einzigartiges Erlebnis!<\/h2>\n\n\n        <span class=\"subtitle\"><\/span>\n\n<\/div><div class=\"heading_group_sc wpb_content_element subtitle_bottom    text-left\">\n\n\n    <p>Ein Erlebnis, das von Herzen kommt, ist das gr\u00f6\u00dfte Geschenk. Verschenken Sie unvergessliche Momente voller Stil und Eleganz in einer ikonischen Umgebung, dem Anna Grand Hotel!<\/p>\n\n\n        <span class=\"subtitle\"><\/span>\n\n        <div class=\"svg_divider\"><img decoding=\"async\" src=\"https:\/\/annagrandhotel.hu\/wp-content\/themes\/hotel-xenia\/templates\/shortcodes\/divider.png\"><\/div>\n<\/div><div class=\"plethora_button wpb_content_element  vc_custom_1731939544357  text-left\">\n    <a href=\"https:\/\/book.annagrandhotel.hu\/ajandekutalvanyok\" class=\"btn btn-light\" title=\"\"  target=\"_self\">\n\n        \n        GESCHENKGUTSCHEIN KAUFEN\n        \n\n    <\/a>\n<\/div><\/div><\/div><\/div><div class=\"wpb_column vc_column_container vc_col-sm-6\"><div class=\"vc_column-inner vc_custom_1699699574404\"><div class=\"wpb_wrapper\">\n\t<div  class=\"wpb_single_image wpb_content_element vc_align_left  vc_custom_1767711791094\">\n\t\t\n\t\t<figure class=\"wpb_wrapper vc_figure\">\n\t\t\t<div class=\"vc_single_image-wrapper vc_box_rounded  vc_box_border_grey\"><img loading=\"lazy\" decoding=\"async\" width=\"701\" height=\"800\" src=\"https:\/\/annagrandhotel.hu\/wp-content\/uploads\/2025\/02\/Anna-Grand-Hotel.webp\" class=\"vc_single_image-img attachment-full\" alt=\"\" title=\"Anna Grand Hotel\" srcset=\"https:\/\/annagrandhotel.hu\/wp-content\/uploads\/2025\/02\/Anna-Grand-Hotel.webp 701w, https:\/\/annagrandhotel.hu\/wp-content\/uploads\/2025\/02\/Anna-Grand-Hotel-263x300.webp 263w, https:\/\/annagrandhotel.hu\/wp-content\/uploads\/2025\/02\/Anna-Grand-Hotel-11x12.webp 11w\" sizes=\"auto, (max-width: 701px) 100vw, 701px\" \/><\/div>\n\t\t<\/figure>\n\t<\/div>\n<\/div><\/div><\/div><\/div><div class=\"vc_row wpb_row vc_row-fluid shadow vc_custom_1769185004157\"><div class=\"wpb_column vc_column_container vc_col-sm-6\"><div class=\"vc_column-inner vc_custom_1699699574404\"><div class=\"wpb_wrapper\">\n\t<div  class=\"wpb_single_image wpb_content_element vc_align_left  vc_custom_1727364054349\">\n\t\t\n\t\t<figure class=\"wpb_wrapper vc_figure\">\n\t\t\t<div class=\"vc_single_image-wrapper   vc_box_border_grey\"><img loading=\"lazy\" decoding=\"async\" width=\"1440\" height=\"2560\" src=\"https:\/\/annagrandhotel.hu\/wp-content\/uploads\/2024\/09\/Face-Wellness_2-scaled.webp\" class=\"vc_single_image-img attachment-full\" alt=\"\" title=\"Gesicht Wellness_2\" srcset=\"https:\/\/annagrandhotel.hu\/wp-content\/uploads\/2024\/09\/Face-Wellness_2-scaled.webp 1440w, https:\/\/annagrandhotel.hu\/wp-content\/uploads\/2024\/09\/Face-Wellness_2-169x300.webp 169w, https:\/\/annagrandhotel.hu\/wp-content\/uploads\/2024\/09\/Face-Wellness_2-576x1024.webp 576w, https:\/\/annagrandhotel.hu\/wp-content\/uploads\/2024\/09\/Face-Wellness_2-768x1365.webp 768w, https:\/\/annagrandhotel.hu\/wp-content\/uploads\/2024\/09\/Face-Wellness_2-864x1536.webp 864w, https:\/\/annagrandhotel.hu\/wp-content\/uploads\/2024\/09\/Face-Wellness_2-1152x2048.webp 1152w, https:\/\/annagrandhotel.hu\/wp-content\/uploads\/2024\/09\/Face-Wellness_2-7x12.webp 7w\" sizes=\"auto, (max-width: 1440px) 100vw, 1440px\" \/><\/div>\n\t\t<\/figure>\n\t<\/div>\n<\/div><\/div><\/div><div class=\"wpb_column vc_column_container vc_col-sm-6\"><div class=\"vc_column-inner\"><div class=\"wpb_wrapper\"><div class=\"heading_group_sc wpb_content_element subtitle_bottom    text-left\">\n\n\n    <h2>Anna Grand Classic Wellness-Angebot<\/h2>\n\n\n        <span class=\"subtitle\"><\/span>\n\n<\/div><div class=\"heading_group_sc wpb_content_element subtitle_bottom    text-left\">\n\n\n    <p style=\"text-align: left;\">Zimmer mit Fr\u00fchst\u00fcck und Abendessen<\/p>\n<p>Anna Spa - unbegrenzte Nutzung von Wellness<\/p>\n<p>Eine 30-min\u00fctige erfrischende Aroma\u00f6l-R\u00fcckenmassage als Geschenk,<br \/>\nODER eine erm\u00e4\u00dfigte 60-min\u00fctige Ganzk\u00f6rpermassage,<br \/>\nODER eine erm\u00e4\u00dfigte 60-min\u00fctige Thalion - Sea bliss Massage<\/p>\n\n\n        <span class=\"subtitle\"><\/span>\n\n        <div class=\"svg_divider\"><img decoding=\"async\" src=\"https:\/\/annagrandhotel.hu\/wp-content\/themes\/hotel-xenia\/templates\/shortcodes\/divider.png\"><\/div>\n<\/div><div class=\"plethora_button wpb_content_element   text-left\">\n    <a href=\"https:\/\/annagrandhotel.hu\/de\/classic-wellness\/\" class=\"btn btn-secondary\" title=\"\"  target=\"_self\">\n\n        \n        DETAILS UND BUCHUNG\n        \n\n    <\/a>\n<\/div><\/div><\/div><\/div><\/div><\/section><div class=\"vc_row-full-width vc_clearfix\"><\/div><section data-vc-full-width=\"true\" data-vc-full-width-init=\"false\" class=\"vc_section vc_custom_1713205773485 vc_section-has-fill\"><\/section><div class=\"vc_row-full-width vc_clearfix\"><\/div><section data-vc-full-width=\"true\" data-vc-full-width-init=\"false\" class=\"vc_section vc_custom_1712605446950 vc_section-has-fill\"><\/section><div class=\"vc_row-full-width vc_clearfix\"><\/div><section data-vc-full-width=\"true\" data-vc-full-width-init=\"false\" class=\"vc_section vc_custom_1710853742235 vc_section-has-fill\"><\/section><div class=\"vc_row-full-width vc_clearfix\"><\/div>\n<\/div>","protected":false},"excerpt":{"rendered":"Aktu\u00e1lis aj\u00e1nlataink M\u00e1jus 1-i hossz\u00fah\u00e9tv\u00e9ge aj\u00e1nd\u00e9k Superbike jeggyel m\u00e1jus 1-3. Foglaljon szob\u00e1t a hossz\u00fah\u00e9tv\u00e9g\u00e9re az Anna Grand Hotel-be, \u00e9s aj\u00e1nd\u00e9k jegy\u00e9vel a Balaton Park Hotel terasz\u00e1r\u00f3l \u00e9lvezheti a WorldSBK Magyar Nagyd\u00edj\u00e1t! INFORM\u00c1CI\u00d3K \u00c9S FOGLAL\u00c1S Anna Grand Longevity Weekends - powered by Anna Harangv\u00f6lgyi Skinnotech Egy \u00faj gener\u00e1ci\u00f3s longevity \u00e9lm\u00e9ny, ahol a luxus k\u00f6rnyezet \u00e9s a [...]","protected":false},"author":4,"featured_media":2890,"parent":0,"menu_order":0,"comment_status":"closed","ping_status":"closed","template":"","meta":{"footnotes":""},"class_list":["post-2631","page","type-page","status-publish","has-post-thumbnail","hentry"],"aioseo_notices":[],"_links":{"self":[{"href":"https:\/\/annagrandhotel.hu\/de\/wp-json\/wp\/v2\/pages\/2631","targetHints":{"allow":["GET"]}}],"collection":[{"href":"https:\/\/annagrandhotel.hu\/de\/wp-json\/wp\/v2\/pages"}],"about":[{"href":"https:\/\/annagrandhotel.hu\/de\/wp-json\/wp\/v2\/types\/page"}],"author":[{"embeddable":true,"href":"https:\/\/annagrandhotel.hu\/de\/wp-json\/wp\/v2\/users\/4"}],"replies":[{"embeddable":true,"href":"https:\/\/annagrandhotel.hu\/de\/wp-json\/wp\/v2\/comments?post=2631"}],"version-history":[{"count":198,"href":"https:\/\/annagrandhotel.hu\/de\/wp-json\/wp\/v2\/pages\/2631\/revisions"}],"predecessor-version":[{"id":4073,"href":"https:\/\/annagrandhotel.hu\/de\/wp-json\/wp\/v2\/pages\/2631\/revisions\/4073"}],"wp:featuredmedia":[{"embeddable":true,"href":"https:\/\/annagrandhotel.hu\/de\/wp-json\/wp\/v2\/media\/2890"}],"wp:attachment":[{"href":"https:\/\/annagrandhotel.hu\/de\/wp-json\/wp\/v2\/media?parent=2631"}],"curies":[{"name":"wp","href":"https:\/\/api.w.org\/{rel}","templated":true}]}}