{"id":1861,"date":"2023-08-28T14:07:49","date_gmt":"2023-08-28T12:07:49","guid":{"rendered":"https:\/\/annagrand.saxon.hu\/?page_id=1861"},"modified":"2025-12-17T13:31:40","modified_gmt":"2025-12-17T12:31:40","slug":"lounge-bar","status":"publish","type":"page","link":"https:\/\/annagrandhotel.hu\/de\/lounge-bar\/","title":{"rendered":"Lounge-Bar"},"content":{"rendered":"<div class=\"wpb-content-wrapper\"><section class=\"vc_section\"><div class=\"vc_row wpb_row vc_row-fluid\"><div class=\"wpb_column vc_column_container vc_col-sm-12\"><div class=\"vc_column-inner\"><div class=\"wpb_wrapper\"><div class=\"heading_group_sc wpb_content_element subtitle_bottom    text-center\">\n\n\n    <h2>SPEZIELLE GETR\u00c4NKE<\/h2>\n\n\n        <span class=\"subtitle\"><\/span>\n\n<\/div><div class=\"heading_group_sc wpb_content_element subtitle_bottom    text-center\">\n\n\n    <p>Die Weinkarte der Lounge Bar kann sich sehen lassen: Vom Balatoner Hochland bis nach Neuseeland finden Sie eine Auswahl an spannenden Weinen, die Ihren Geschmack treffen. W\u00e4hlen Sie aus unseren Premium-Getr\u00e4nkespezialit\u00e4ten, einer gro\u00dfen Auswahl an Lik\u00f6ren, Rumsorten und Craft-Bieren. Die Lounge Bar ist eine authentische Wein- und Cocktail-Lounge, in der Sie unsere gro\u00dfe Auswahl an Ginsorten sowie unsere klassischen und von ANNA GRAND inspirierten Cocktails mit unz\u00e4hligen Gin &amp; Tonic-Rezepten genie\u00dfen k\u00f6nnen. Ob es sich um ein Gesch\u00e4ftstreffen, ein Familiengespr\u00e4ch, einen Jahrestag oder einen Moment der Liebe handelt, unsere Bar ist die perfekte Wahl vor und nach dem Abendessen, Sommer wie Winter.<\/p>\n\n\n        <span class=\"subtitle\"><\/span>\n\n<\/div><div class=\"heading_group_sc wpb_content_element subtitle_bottom    text-center\">\n\n\n    <h4 style=\"text-align: center;\">Lounge-Bar<\/h4>\n<h4 style=\"text-align: center;\">Sonntag bis Donnerstag: 9:00 bis 22:00 Uhr<\/h4>\n<h4 style=\"text-align: center;\">Freitag-Samstag: 9:00-24:00<\/h4>\n\n\n        <span class=\"subtitle\"><\/span>\n\n<\/div><div class=\"plethora_button wpb_content_element   text-center\">\n    <a href=\"https:\/\/annagrandhotel.hu\/wp-content\/uploads\/2025\/12\/Lobby-itallap-2025_web.pdf\" class=\"btn btn-secondary\" title=\"\"  target=\"_blank\">\n\n        \n        ITALLAP\n        \n\n    <\/a>\n<\/div><div class=\"plethora_button wpb_content_element   text-center\">\n    <a href=\"https:\/\/annagrandhotel.hu\/wp-content\/uploads\/2025\/12\/Borlap_2025_web.pdf\" class=\"btn btn-secondary\" title=\"\"  target=\"_blank\">\n\n        \n        BORLAP\n        \n\n    <\/a>\n<\/div>\n<div class=\"vc_grid-container-wrapper vc_clearfix vc_grid-animation-zoomIn\">\n\t<div class=\"vc_grid-container vc_clearfix wpb_content_element vc_masonry_media_grid\" data-initial-loading-animation=\"zoomIn\" data-vc-grid-settings=\"{&quot;page_id&quot;:1861,&quot;style&quot;:&quot;all-masonry&quot;,&quot;action&quot;:&quot;vc_get_vc_grid_data&quot;,&quot;shortcode_id&quot;:&quot;1765974550268-e342d46c-c033-4&quot;,&quot;tag&quot;:&quot;vc_masonry_media_grid&quot;}\" data-vc-request=\"https:\/\/annagrandhotel.hu\/wp-admin\/admin-ajax.php\" data-vc-post-id=\"1861\" data-vc-public-nonce=\"f0b80083c4\">\n\t\t\n\t<\/div>\n<\/div><div class=\"wpb_gmaps_widget wpb_content_element\"><div class=\"wpb_wrapper\"><div class=\"wpb_map_wraper\"><iframe src=\"https:\/\/www.google.com\/maps\/embed?pb=!1m18!1m12!1m3!1d340.4121616260463!2d17.89434990074926!3d46.95584859393446!2m3!1f0!2f0!3f0!3m2!1i1024!2i768!4f13.1!3m3!1m2!1s0x4769bd08934a3087%3A0x3305b00b2ea4aba2!2sAnna%20Grand%20Hotel!5e0!3m2!1shu!2shu!4v1699375215910!5m2!1shu!2shu\" width=\"600\" height=\"450\" style=\"border:0;\" allowfullscreen=\"\" loading=\"lazy\" referrerpolicy=\"no-referrer-when-downgrade\"><\/iframe><\/div><\/div><\/div><div class=\"plethora_button wpb_content_element   text-left\">\n    <a href=\"https:\/\/maps.app.goo.gl\/j8w6bcfi4ApHCZw97\" class=\"btn btn-secondary\" title=\"\"  target=\"_blank\">\n\n        \n        ANFAHRT\n        \n\n    <\/a>\n<\/div><\/div><\/div><\/div><\/div><\/section>\n<\/div>","protected":false},"excerpt":{"rendered":"K\u00fcl\u00f6nleges italok A Lounge Bar bork\u00edn\u00e1lata igaz\u00e1n impoz\u00e1ns: a Balatonfelvid\u00e9kt\u0151l \u00daj-Z\u00e9landig sz\u00e1mos izgalmas t\u00e9tel k\u00f6z\u00f6tt tal\u00e1lhatja meg az \u00edzl\u00e9s\u00e9nek megfelel\u0151 bork\u00fcl\u00f6nlegess\u00e9get. V\u00e1logasson pr\u00e9mium italk\u00fcl\u00f6nlegess\u00e9geink k\u00f6z\u00fcl, lik\u0151r\u00f6k, rumok \u00e9s k\u00e9zm\u0171ves s\u00f6r\u00f6k sz\u00e9les v\u00e1laszt\u00e9k\u00e1val v\u00e1rjuk. A Lounge Bar egy hamis\u00edthatatlan bor \u00e9s kokt\u00e9lszalon, ahol a klasszikus \u00e9s az ANNA GRAND hangulat ihlette kokt\u00e9ljainkon t\u00fal sz\u00e9les gin-k\u00edn\u00e1latunkban is [...]","protected":false},"author":1,"featured_media":2326,"parent":0,"menu_order":0,"comment_status":"closed","ping_status":"closed","template":"","meta":{"footnotes":""},"class_list":["post-1861","page","type-page","status-publish","has-post-thumbnail","hentry"],"aioseo_notices":[],"_links":{"self":[{"href":"https:\/\/annagrandhotel.hu\/de\/wp-json\/wp\/v2\/pages\/1861","targetHints":{"allow":["GET"]}}],"collection":[{"href":"https:\/\/annagrandhotel.hu\/de\/wp-json\/wp\/v2\/pages"}],"about":[{"href":"https:\/\/annagrandhotel.hu\/de\/wp-json\/wp\/v2\/types\/page"}],"author":[{"embeddable":true,"href":"https:\/\/annagrandhotel.hu\/de\/wp-json\/wp\/v2\/users\/1"}],"replies":[{"embeddable":true,"href":"https:\/\/annagrandhotel.hu\/de\/wp-json\/wp\/v2\/comments?post=1861"}],"version-history":[{"count":21,"href":"https:\/\/annagrandhotel.hu\/de\/wp-json\/wp\/v2\/pages\/1861\/revisions"}],"predecessor-version":[{"id":5306,"href":"https:\/\/annagrandhotel.hu\/de\/wp-json\/wp\/v2\/pages\/1861\/revisions\/5306"}],"wp:featuredmedia":[{"embeddable":true,"href":"https:\/\/annagrandhotel.hu\/de\/wp-json\/wp\/v2\/media\/2326"}],"wp:attachment":[{"href":"https:\/\/annagrandhotel.hu\/de\/wp-json\/wp\/v2\/media?parent=1861"}],"curies":[{"name":"wp","href":"https:\/\/api.w.org\/{rel}","templated":true}]}}