{"id":1855,"date":"2023-08-28T14:07:03","date_gmt":"2023-08-28T12:07:03","guid":{"rendered":"https:\/\/annagrand.saxon.hu\/?page_id=1855"},"modified":"2025-03-21T15:28:05","modified_gmt":"2025-03-21T14:28:05","slug":"hochzeiten","status":"publish","type":"page","link":"https:\/\/annagrandhotel.hu\/de\/eskuvok\/","title":{"rendered":"HOCHZEITEN"},"content":{"rendered":"<div class=\"wpb-content-wrapper\"><section class=\"vc_section\"><div class=\"vc_row wpb_row vc_row-fluid padding_top_1-3 padding_bottom_none\"><div class=\"wpb_column vc_column_container vc_col-sm-12\"><div class=\"vc_column-inner       \"><div class=\"wpb_wrapper\"><div class=\"heading_group_sc wpb_content_element subtitle_bottom    text-left\">\n\n\n    <h2 style=\"text-align: center;\">Ikonikus helysz\u00edn<\/h2>\n\n\n        <span class=\"subtitle\"><\/span>\n\n<\/div><div class=\"heading_group_sc wpb_content_element subtitle_bottom    text-center\">\n\n\n    <p style=\"text-align: center;\">A h\u00edres Anna-b\u00e1lnak csaknem 200 \u00e9ve otthont ad\u00f3 impoz\u00e1ns \u00e9p\u00fcletegy\u00fcttes nem csup\u00e1n egy sz\u00e1lloda, hanem a magyar kult\u00fara legend\u00e1ja. Falai k\u00f6z\u00f6tt a r\u00e9gm\u00falt id\u0151k mag\u00e1val ragad\u00f3 t\u00f6rt\u00e9netei visszhangoznak, ezek form\u00e1lj\u00e1k ma is a sz\u00e1lloda karakter\u00e9t.<\/p>\n<p style=\"text-align: center;\">A klasszikus \u00e9p\u00edt\u00e9szett\u0151l a modern k\u00e9nyelemig az Anna Grand Hotel minden r\u00e9szlete egy egyedi t\u00f6rt\u00e9netet mes\u00e9l el. Szinte h\u00edvogatja a l\u00e1togat\u00f3t, hogy legyen r\u00e9szese a t\u00f6rt\u00e9netnek.<\/p>\n\n\n        <span class=\"subtitle\"><\/span>\n\n        <div class=\"svg_divider\"><img decoding=\"async\" src=\"https:\/\/annagrandhotel.hu\/wp-content\/themes\/hotel-xenia\/templates\/shortcodes\/divider.png\"><\/div>\n<\/div><\/div><\/div><\/div><\/div><div class=\"vc_row wpb_row vc_row-fluid padding_top_none\"><div class=\"wpb_column vc_column_container vc_col-sm-6\"><div class=\"vc_column-inner       \"><div class=\"wpb_wrapper\"><div class=\"heading_group_sc wpb_content_element subtitle_bottom    text-left\">\n\n\n    <h2>SZEM\u00c9LYRE SZABVA<\/h2>\n\n\n        <span class=\"subtitle\"><\/span>\n\n<\/div><div class=\"heading_group_sc wpb_content_element subtitle_bottom    text-left\">\n\n\n    <p style=\"text-align: justify;\">Az ANNA GRAND var\u00e1zslatos vil\u00e1g\u00e1ban a m\u00falt tal\u00e1lkozik a jelennel \u00e9s minden pillanat az id\u0151tlen luxusr\u00f3l tan\u00faskodik.<br \/>\nA Hotel csapata minden k\u00fcl\u00f6nleges esk\u00fcv\u0151i ig\u00e9nyhez alkalmazkodva, szem\u00e9lyre szabva alak\u00edtja ki aj\u00e1nlatait.<\/p>\n\n\n        <span class=\"subtitle\"><\/span>\n\n<\/div><\/div><\/div><\/div><div class=\"wpb_column vc_column_container vc_col-sm-6\"><div class=\"vc_column-inner       \"><div class=\"wpb_wrapper\">\n<div class=\"vc_grid-container-wrapper vc_clearfix vc_grid-animation-zoomIn\">\n\t<div class=\"vc_grid-container vc_clearfix wpb_content_element vc_masonry_media_grid\" data-initial-loading-animation=\"zoomIn\" data-vc-grid-settings=\"{&quot;page_id&quot;:1855,&quot;style&quot;:&quot;all-masonry&quot;,&quot;action&quot;:&quot;vc_get_vc_grid_data&quot;,&quot;shortcode_id&quot;:&quot;1742566174515-e10d0bb2-b696-10&quot;,&quot;tag&quot;:&quot;vc_masonry_media_grid&quot;}\" data-vc-request=\"https:\/\/annagrandhotel.hu\/wp-admin\/admin-ajax.php\" data-vc-post-id=\"1855\" data-vc-public-nonce=\"0f1818613e\">\n\t\t\n\t<\/div>\n<\/div><\/div><\/div><\/div><\/div><div class=\"vc_row wpb_row vc_row-fluid primary_section padding_top_none padding_bottom_none\"><div class=\"wpb_column vc_column_container vc_col-sm-6\"><div class=\"vc_column-inner       \"><div class=\"wpb_wrapper\">\n\t<div  class=\"wpb_single_image wpb_content_element vc_align_left\">\n\t\t\n\t\t<figure class=\"wpb_wrapper vc_figure\">\n\t\t\t<div class=\"vc_single_image-wrapper   vc_box_border_grey\"><img loading=\"lazy\" decoding=\"async\" width=\"1600\" height=\"1200\" src=\"https:\/\/annagrandhotel.hu\/wp-content\/uploads\/2025\/03\/Anna-Grand-Eskuvo.webp\" class=\"vc_single_image-img attachment-full\" alt=\"\" title=\"Anna Grand Esk\u00fcv\u0151\" srcset=\"https:\/\/annagrandhotel.hu\/wp-content\/uploads\/2025\/03\/Anna-Grand-Eskuvo.webp 1600w, https:\/\/annagrandhotel.hu\/wp-content\/uploads\/2025\/03\/Anna-Grand-Eskuvo-300x225.webp 300w, https:\/\/annagrandhotel.hu\/wp-content\/uploads\/2025\/03\/Anna-Grand-Eskuvo-1024x768.webp 1024w, https:\/\/annagrandhotel.hu\/wp-content\/uploads\/2025\/03\/Anna-Grand-Eskuvo-768x576.webp 768w, https:\/\/annagrandhotel.hu\/wp-content\/uploads\/2025\/03\/Anna-Grand-Eskuvo-1536x1152.webp 1536w, https:\/\/annagrandhotel.hu\/wp-content\/uploads\/2025\/03\/Anna-Grand-Eskuvo-16x12.webp 16w\" sizes=\"auto, (max-width: 1600px) 100vw, 1600px\" \/><\/div>\n\t\t<\/figure>\n\t<\/div>\n<div class=\"heading_group_sc wpb_content_element subtitle_bottom    text-center\">\n\n\n    <h2 style=\"text-align: left;\">CATERING<\/h2>\n\n\n        <span class=\"subtitle\"><\/span>\n\n        <div class=\"svg_divider\"><img decoding=\"async\" src=\"https:\/\/annagrandhotel.hu\/wp-content\/themes\/hotel-xenia\/templates\/shortcodes\/divider.png\"><\/div>\n<\/div><div class=\"heading_group_sc wpb_content_element subtitle_bottom    text-center\">\n\n\n    <p style=\"text-align: justify;\">A kulin\u00e1ris \u00e9lm\u00e9nyek sor\u00e1n az \u00e9telek mellett a k\u00f6rnyezet, a szolg\u00e1ltat\u00e1s min\u0151s\u00e9ge \u00e9s az \u00e9tkez\u00e9s k\u00f6z\u00f6ss\u00e9gi aspektusa is fontos szerepet j\u00e1tszik. A vacsora az ANNA GRAND d\u00edszterm\u00e9ben mindig k\u00fcl\u00f6nleges \u00e9lm\u00e9ny lesz. S\u00e9f\u00fcnk elk\u00f6telezetts\u00e9ge a magas min\u0151s\u00e9g\u0171 alapanyagok, a prec\u00edz elk\u00e9sz\u00edt\u00e9s \u00e9s a vizu\u00e1lis vonzer\u0151 ir\u00e1nt minden egyes fog\u00e1son \u00e9rz\u0151dik.<\/p>\n\n\n        <span class=\"subtitle\"><\/span>\n\n        <div class=\"svg_divider\"><img decoding=\"async\" src=\"https:\/\/annagrandhotel.hu\/wp-content\/themes\/hotel-xenia\/templates\/shortcodes\/divider.png\"><\/div>\n<\/div><\/div><\/div><\/div><div class=\"wpb_column vc_column_container vc_col-sm-6\"><div class=\"vc_column-inner       \"><div class=\"wpb_wrapper\"><div class=\"heading_group_sc wpb_content_element subtitle_bottom    text-center\">\n\n\n    <h2 style=\"text-align: left;\">LUXUS K\u00d6RNYEZET<\/h2>\n\n\n        <span class=\"subtitle\"><\/span>\n\n        <div class=\"svg_divider\"><img decoding=\"async\" src=\"https:\/\/annagrandhotel.hu\/wp-content\/themes\/hotel-xenia\/templates\/shortcodes\/divider.png\"><\/div>\n<\/div><div class=\"heading_group_sc wpb_content_element subtitle_bottom    text-center\">\n\n\n    <p style=\"text-align: justify;\">A hotel \u00e1talak\u00edt\u00e1s\u00e1nak legnagyobb kih\u00edv\u00e1sa a m\u0171eml\u00e9k \u00e9p\u00fclet jelleg\u00e9nek meg\u0151rz\u00e9se mellett a bels\u0151 terek modern, luxus k\u00f6rnyezetbe val\u00f3 \u00e1thelyez\u00e9se volt. Az \u00fajragondolt styling sor\u00e1n kiemelten fontos volt a legmagasabb szint\u0171 komfort\u00e9rzet biztos\u00edt\u00e1sa, amely a terek \u00fajragondol\u00e1s\u00e1n\u00e1l is priorit\u00e1st \u00e9lvezett. Az Anna Grand Hotelben tal\u00e1lhat\u00f3 Royal lakoszt\u00e1ly grandi\u00f3zus m\u00e9reteivel \u00e9s unik\u00e1lis anyaghaszn\u00e1lat\u00e1val egyed\u00fcl\u00e1ll\u00f3 a t\u00e9rs\u00e9gben.<\/p>\n\n\n        <span class=\"subtitle\"><\/span>\n\n        <div class=\"svg_divider\"><img decoding=\"async\" src=\"https:\/\/annagrandhotel.hu\/wp-content\/themes\/hotel-xenia\/templates\/shortcodes\/divider.png\"><\/div>\n<\/div>\n\t<div  class=\"wpb_single_image wpb_content_element vc_align_left\">\n\t\t\n\t\t<figure class=\"wpb_wrapper vc_figure\">\n\t\t\t<div class=\"vc_single_image-wrapper   vc_box_border_grey\"><img loading=\"lazy\" decoding=\"async\" width=\"1600\" height=\"1201\" src=\"https:\/\/annagrandhotel.hu\/wp-content\/uploads\/2025\/03\/Anna-Grand-Eskuvo_catering.webp\" class=\"vc_single_image-img attachment-full\" alt=\"\" title=\"Anna Grand Esk\u00fcv\u0151_catering\" srcset=\"https:\/\/annagrandhotel.hu\/wp-content\/uploads\/2025\/03\/Anna-Grand-Eskuvo_catering.webp 1600w, https:\/\/annagrandhotel.hu\/wp-content\/uploads\/2025\/03\/Anna-Grand-Eskuvo_catering-300x225.webp 300w, https:\/\/annagrandhotel.hu\/wp-content\/uploads\/2025\/03\/Anna-Grand-Eskuvo_catering-1024x769.webp 1024w, https:\/\/annagrandhotel.hu\/wp-content\/uploads\/2025\/03\/Anna-Grand-Eskuvo_catering-768x576.webp 768w, https:\/\/annagrandhotel.hu\/wp-content\/uploads\/2025\/03\/Anna-Grand-Eskuvo_catering-1536x1153.webp 1536w, https:\/\/annagrandhotel.hu\/wp-content\/uploads\/2025\/03\/Anna-Grand-Eskuvo_catering-16x12.webp 16w\" sizes=\"auto, (max-width: 1600px) 100vw, 1600px\" \/><\/div>\n\t\t<\/figure>\n\t<\/div>\n<\/div><\/div><\/div><\/div><div data-vc-full-width=\"true\" data-vc-full-width-init=\"false\" class=\"vc_row wpb_row vc_row-fluid vc_custom_1694072829786 vc_row-has-fill\"><div class=\"wpb_column vc_column_container vc_col-sm-12\"><div class=\"vc_column-inner       \"><div class=\"wpb_wrapper\"><div class=\"heading_group_sc wpb_content_element subtitle_bottom    text-center\">\n\n\n    <h2>K\u00c9RJ\u00dcK AZ AL\u00c1BBI \u0170RLAP KIT\u00d6LT\u00c9S\u00c9VEL JELEZZE IG\u00c9NY\u00c9T ESK\u00dcV\u0150 MEGSZERVEZ\u00c9S\u00c9RE!<\/h2>\n\n\n        <span class=\"subtitle\"><\/span>\n\n<\/div>\n<div class=\"wpcf7 no-js\" id=\"wpcf7-f2018-o1\" lang=\"en-US\" dir=\"ltr\" data-wpcf7-id=\"2018\">\n<div class=\"screen-reader-response\"><p role=\"status\" aria-live=\"polite\" aria-atomic=\"true\"><\/p> <ul><\/ul><\/div>\n<form action=\"\/de\/wp-json\/wp\/v2\/pages\/1855#wpcf7-f2018-o1\" method=\"post\" class=\"wpcf7-form init\" aria-label=\"Contact form\" novalidate=\"novalidate\" data-status=\"init\">\n<fieldset class=\"hidden-fields-container\"><input type=\"hidden\" name=\"_wpcf7\" value=\"2018\" \/><input type=\"hidden\" name=\"_wpcf7_version\" value=\"6.1.5\" \/><input type=\"hidden\" name=\"_wpcf7_locale\" value=\"en_US\" \/><input type=\"hidden\" name=\"_wpcf7_unit_tag\" value=\"wpcf7-f2018-o1\" \/><input type=\"hidden\" name=\"_wpcf7_container_post\" value=\"0\" \/><input type=\"hidden\" name=\"_wpcf7_posted_data_hash\" value=\"\" \/><input type=\"hidden\" name=\"_wpcf7cf_hidden_group_fields\" value=\"[]\" \/><input type=\"hidden\" name=\"_wpcf7cf_hidden_groups\" value=\"[]\" \/><input type=\"hidden\" name=\"_wpcf7cf_visible_groups\" value=\"[]\" \/><input type=\"hidden\" name=\"_wpcf7cf_repeaters\" value=\"[]\" \/><input type=\"hidden\" name=\"_wpcf7cf_steps\" value=\"{}\" \/><input type=\"hidden\" name=\"_wpcf7cf_options\" value=\"{&quot;form_id&quot;:2018,&quot;conditions&quot;:[{&quot;then_field&quot;:&quot;szobaszam&quot;,&quot;and_rules&quot;:[{&quot;if_field&quot;:&quot;accomodation&quot;,&quot;operator&quot;:&quot;equals&quot;,&quot;if_value&quot;:&quot;Igen&quot;}]},{&quot;then_field&quot;:&quot;-1&quot;,&quot;and_rules&quot;:[{&quot;if_field&quot;:&quot;-1&quot;,&quot;operator&quot;:&quot;equals&quot;,&quot;if_value&quot;:&quot;Igen&quot;}]},{&quot;then_field&quot;:&quot;-1&quot;,&quot;and_rules&quot;:[{&quot;if_field&quot;:&quot;-1&quot;,&quot;operator&quot;:&quot;equals&quot;,&quot;if_value&quot;:&quot;Igen&quot;}]},{&quot;then_field&quot;:&quot;-1&quot;,&quot;and_rules&quot;:[{&quot;if_field&quot;:&quot;-1&quot;,&quot;operator&quot;:&quot;equals&quot;,&quot;if_value&quot;:&quot;Igen&quot;}]}],&quot;settings&quot;:{&quot;animation&quot;:&quot;yes&quot;,&quot;animation_intime&quot;:200,&quot;animation_outtime&quot;:200,&quot;conditions_ui&quot;:&quot;normal&quot;,&quot;notice_dismissed&quot;:false,&quot;notice_dismissed_rollback-cf7-5.8&quot;:true,&quot;notice_dismissed_rollback-cf7-5.8.2&quot;:true,&quot;notice_dismissed_rollback-cf7-5.8.3&quot;:true,&quot;notice_dismissed_rollback-cf7-5.8.5&quot;:true,&quot;notice_dismissed_rollback-cf7-5.9.3&quot;:true}}\" \/>\n<\/fieldset>\n<div class=\"form-col\">\n\t<div class=\"form-col-1\">\n\t\t<p><span class=\"wpcf7-form-control-wrap\" data-name=\"menyasszony\"><input size=\"40\" maxlength=\"400\" class=\"wpcf7-form-control wpcf7-text wpcf7-validates-as-required\" aria-required=\"true\" aria-invalid=\"false\" placeholder=\"Menyasszony neve\" value=\"\" type=\"text\" name=\"menyasszony\" \/><\/span>\n\t\t<\/p>\n\t\t<p><span class=\"wpcf7-form-control-wrap\" data-name=\"volegeny\"><input size=\"40\" maxlength=\"400\" class=\"wpcf7-form-control wpcf7-text wpcf7-validates-as-required\" aria-required=\"true\" aria-invalid=\"false\" placeholder=\"V\u0151leg\u00e9ny neve\" value=\"\" type=\"text\" name=\"volegeny\" \/><\/span>\n\t\t<\/p>\n\t\t<p><span class=\"wpcf7-form-control-wrap\" data-name=\"your-email\"><input size=\"40\" maxlength=\"400\" class=\"wpcf7-form-control wpcf7-email wpcf7-validates-as-required wpcf7-text wpcf7-validates-as-email\" aria-required=\"true\" aria-invalid=\"false\" placeholder=\"E-mail c\u00edm\" value=\"\" type=\"email\" name=\"your-email\" \/><\/span>\n\t\t<\/p>\n\t\t<p><span class=\"wpcf7-form-control-wrap\" data-name=\"your-phone\"><input size=\"40\" maxlength=\"400\" class=\"wpcf7-form-control wpcf7-tel wpcf7-validates-as-required wpcf7-text wpcf7-validates-as-tel\" aria-required=\"true\" aria-invalid=\"false\" placeholder=\"Telefonsz\u00e1m\" value=\"\" type=\"tel\" name=\"your-phone\" \/><\/span>\n\t\t<\/p>\n\t\t<p>Esk\u00fcv\u0151 id\u0151pontja\n\t\t<\/p>\n\t\t<p><span class=\"wpcf7-form-control-wrap\" data-name=\"date\"><input class=\"wpcf7-form-control wpcf7-date wpcf7-validates-as-required wpcf7-validates-as-date\" aria-required=\"true\" aria-invalid=\"false\" value=\"\" type=\"date\" name=\"date\" \/><\/span>\n\t\t<\/p>\n\t\t<p>Az id\u0151pont fix?\n\t\t<\/p>\n\t\t<p><span class=\"wpcf7-form-control-wrap\" data-name=\"idopont_fix\"><span class=\"wpcf7-form-control wpcf7-radio\"><span class=\"wpcf7-list-item first\"><label><input type=\"radio\" name=\"idopont_fix\" value=\"Igen\" \/><span class=\"wpcf7-list-item-label\">Igen<\/span><\/label><\/span><span class=\"wpcf7-list-item last\"><label><input type=\"radio\" name=\"idopont_fix\" value=\"Nem\" checked=\"checked\" \/><span class=\"wpcf7-list-item-label\">Nem<\/span><\/label><\/span><\/span><\/span>\n\t\t<\/p>\n\t\t<p>R\u00e9sztvev\u0151k sz\u00e1ma\n\t\t<\/p>\n\t\t<p><span class=\"wpcf7-form-control-wrap\" data-name=\"attendants\"><input class=\"wpcf7-form-control wpcf7-number wpcf7-validates-as-required wpcf7-validates-as-number\" min=\"1\" aria-required=\"true\" aria-invalid=\"false\" value=\"2\" type=\"number\" name=\"attendants\" \/><\/span>\n\t\t<\/p>\n\t<\/div>\n\t<div class=\"form-col-2\">\n\t\t<p>Sz\u00e1ll\u00e1sig\u00e9ny\n\t\t<\/p>\n\t\t<p><span class=\"wpcf7-form-control-wrap\" data-name=\"accomodation\"><span class=\"wpcf7-form-control wpcf7-radio\"><span class=\"wpcf7-list-item first\"><label><input type=\"radio\" name=\"accomodation\" value=\"Igen\" \/><span class=\"wpcf7-list-item-label\">Igen<\/span><\/label><\/span><span class=\"wpcf7-list-item last\"><label><input type=\"radio\" name=\"accomodation\" value=\"Nem\" checked=\"checked\" \/><span class=\"wpcf7-list-item-label\">Nem<\/span><\/label><\/span><\/span><\/span>\n\t\t<\/p>\n\t\t<div data-id=\"szobaszam\" data-orig_data_id=\"szobaszam\"  class=\"\" data-class=\"wpcf7cf_group\">\n\t\t\t<p>Egy\u00e1gyas szob\u00e1k sz\u00e1ma\n\t\t\t<\/p>\n\t\t\t<p><span class=\"wpcf7-form-control-wrap\" data-name=\"onebed\"><input class=\"wpcf7-form-control wpcf7-number wpcf7-validates-as-number\" min=\"0\" aria-invalid=\"false\" value=\"0\" type=\"number\" name=\"onebed\" \/><\/span>\n\t\t\t<\/p>\n\t\t\t<p>K\u00e9t\u00e1gyas szob\u00e1k sz\u00e1ma\n\t\t\t<\/p>\n\t\t\t<p><span class=\"wpcf7-form-control-wrap\" data-name=\"twobed\"><input class=\"wpcf7-form-control wpcf7-number wpcf7-validates-as-number\" min=\"0\" aria-invalid=\"false\" value=\"0\" type=\"number\" name=\"twobed\" \/><\/span>\n\t\t\t<\/p>\n\t\t<\/div>\n\t\t<p>Esk\u00fcv\u0151szervez\u0151\n\t\t<\/p>\n\t\t<p><span class=\"wpcf7-form-control-wrap\" data-name=\"szervezo\"><span class=\"wpcf7-form-control wpcf7-radio\"><span class=\"wpcf7-list-item first\"><label><input type=\"radio\" name=\"szervezo\" value=\"Van esk\u00fcv\u0151szervez\u0151nk\" \/><span class=\"wpcf7-list-item-label\">Van esk\u00fcv\u0151szervez\u0151nk<\/span><\/label><\/span><span class=\"wpcf7-list-item last\"><label><input type=\"radio\" name=\"szervezo\" value=\"Nincs esk\u00fcv\u0151szervez\u0151nk\" checked=\"checked\" \/><span class=\"wpcf7-list-item-label\">Nincs esk\u00fcv\u0151szervez\u0151nk<\/span><\/label><\/span><\/span><\/span>\n\t\t<\/p>\n\t\t<p><span class=\"wpcf7-form-control-wrap\" data-name=\"your-message\"><textarea cols=\"40\" rows=\"10\" maxlength=\"2000\" class=\"wpcf7-form-control wpcf7-textarea wpcf7-validates-as-required\" aria-required=\"true\" aria-invalid=\"false\" placeholder=\"\u00dczenet\" name=\"your-message\"><\/textarea><\/span>\n\t\t<\/p>\n\t\t<p><span class=\"wpcf7-form-control-wrap\" data-name=\"acceptance-adatkezeles\"><span class=\"wpcf7-form-control wpcf7-acceptance\"><span class=\"wpcf7-list-item\"><label><input type=\"checkbox\" name=\"acceptance-adatkezeles\" value=\"1\" aria-invalid=\"false\" \/><span class=\"wpcf7-list-item-label\">Elfogadom az \n<a href=\"\/wp-content\/uploads\/2025\/01\/Anna-Grand-Hotel_Adatvedelmi_2025.pdf\" target=\"_blank\">\nadatkezel\u00e9si t\u00e1j\u00e9koztat\u00f3ban\n<\/a> le\u00edrtakat.<\/span><\/label><\/span><\/span><\/span>\n\t\t<\/p>\n\t\t<p><button class=\"btn btn-primary item_centered\" type=\"submit\">K\u00fcld\u00e9s!<\/button>\n\t\t<\/p>\n\t<\/div>\n<\/div><input type='hidden' class='wpcf7-pum' value='{\"closepopup\":false,\"closedelay\":0,\"openpopup\":false,\"openpopup_id\":0}' \/><div class=\"wpcf7-response-output\" aria-hidden=\"true\"><\/div>\n<\/form>\n<\/div>\n<\/div><\/div><\/div><\/div><div class=\"vc_row-full-width vc_clearfix\"><\/div><\/section>\n<\/div>","protected":false},"excerpt":{"rendered":"Ikonikus helysz\u00edn A h\u00edres Anna-b\u00e1lnak csaknem 200 \u00e9ve otthont ad\u00f3 impoz\u00e1ns \u00e9p\u00fcletegy\u00fcttes nem csup\u00e1n egy sz\u00e1lloda, hanem a magyar kult\u00fara legend\u00e1ja. Falai k\u00f6z\u00f6tt a r\u00e9gm\u00falt id\u0151k mag\u00e1val ragad\u00f3 t\u00f6rt\u00e9netei visszhangoznak, ezek form\u00e1lj\u00e1k ma is a sz\u00e1lloda karakter\u00e9t. A klasszikus \u00e9p\u00edt\u00e9szett\u0151l a modern k\u00e9nyelemig az Anna Grand Hotel minden r\u00e9szlete egy egyedi t\u00f6rt\u00e9netet mes\u00e9l el. Szinte [...]","protected":false},"author":1,"featured_media":4910,"parent":0,"menu_order":0,"comment_status":"closed","ping_status":"closed","template":"","meta":{"footnotes":""},"class_list":["post-1855","page","type-page","status-publish","has-post-thumbnail","hentry"],"aioseo_notices":[],"_links":{"self":[{"href":"https:\/\/annagrandhotel.hu\/de\/wp-json\/wp\/v2\/pages\/1855","targetHints":{"allow":["GET"]}}],"collection":[{"href":"https:\/\/annagrandhotel.hu\/de\/wp-json\/wp\/v2\/pages"}],"about":[{"href":"https:\/\/annagrandhotel.hu\/de\/wp-json\/wp\/v2\/types\/page"}],"author":[{"embeddable":true,"href":"https:\/\/annagrandhotel.hu\/de\/wp-json\/wp\/v2\/users\/1"}],"replies":[{"embeddable":true,"href":"https:\/\/annagrandhotel.hu\/de\/wp-json\/wp\/v2\/comments?post=1855"}],"version-history":[{"count":32,"href":"https:\/\/annagrandhotel.hu\/de\/wp-json\/wp\/v2\/pages\/1855\/revisions"}],"predecessor-version":[{"id":4911,"href":"https:\/\/annagrandhotel.hu\/de\/wp-json\/wp\/v2\/pages\/1855\/revisions\/4911"}],"wp:featuredmedia":[{"embeddable":true,"href":"https:\/\/annagrandhotel.hu\/de\/wp-json\/wp\/v2\/media\/4910"}],"wp:attachment":[{"href":"https:\/\/annagrandhotel.hu\/de\/wp-json\/wp\/v2\/media?parent=1855"}],"curies":[{"name":"wp","href":"https:\/\/api.w.org\/{rel}","templated":true}]}}