{"id":1852,"date":"2023-08-28T13:27:39","date_gmt":"2023-08-28T11:27:39","guid":{"rendered":"https:\/\/annagrand.saxon.hu\/?page_id=1852"},"modified":"2024-02-20T17:18:18","modified_gmt":"2024-02-20T16:18:18","slug":"programme","status":"publish","type":"page","link":"https:\/\/annagrandhotel.hu\/de\/programok\/","title":{"rendered":"PROGRAMME"},"content":{"rendered":"<div class=\"wpb-content-wrapper\"><div class=\"vc_row wpb_row vc_row-fluid padding_bottom_1-3\"><div class=\"wpb_column vc_column_container vc_col-sm-12\"><div class=\"vc_column-inner\"><div class=\"wpb_wrapper\"><div class=\"heading_group_sc wpb_content_element subtitle_bottom    text-center\">\n\n\n    <h2>PROGRAMME<\/h2>\n\n\n        <span class=\"subtitle\"><\/span>\n\n<\/div><div class=\"heading_group_sc wpb_content_element subtitle_bottom    text-center\">\n\n\n    <p>Balatonf\u00fcred ist die Heimat mehrerer weithin bekannter Veranstaltungen wie das Blaue Band oder der Anna-Ball, der im kultigen ANNA GRAND stattfindet. Die Beliebtheit der Gegend ist auch auf eine Reihe anderer spannender und abwechslungsreicher Veranstaltungen zur\u00fcckzuf\u00fchren, die unser Hotel zu einem perfekten Reiseziel machen.<\/p>\n\n\n        <span class=\"subtitle\"><\/span>\n\n<\/div><\/div><\/div><\/div><\/div><div class=\"vc_row wpb_row vc_row-fluid padding_top_none padding_bottom_1-3\"><div class=\"wpb_column vc_column_container vc_col-sm-6\"><div class=\"vc_column-inner\"><div class=\"wpb_wrapper\">\n\t<div  class=\"wpb_single_image wpb_content_element vc_align_left\">\n\t\t\n\t\t<figure class=\"wpb_wrapper vc_figure\">\n\t\t\t<div class=\"vc_single_image-wrapper   vc_box_border_grey\"><img loading=\"lazy\" decoding=\"async\" width=\"2560\" height=\"2275\" src=\"https:\/\/annagrandhotel.hu\/wp-content\/uploads\/2023\/10\/Anna-Grand-Hotel-programok-kekszalag-01-scaled.webp\" class=\"vc_single_image-img attachment-full\" alt=\"\" title=\"Anna Grand Hotel-Programme-Kekse-Band-01\" srcset=\"https:\/\/annagrandhotel.hu\/wp-content\/uploads\/2023\/10\/Anna-Grand-Hotel-programok-kekszalag-01-scaled.webp 2560w, https:\/\/annagrandhotel.hu\/wp-content\/uploads\/2023\/10\/Anna-Grand-Hotel-programok-kekszalag-01-300x267.webp 300w, https:\/\/annagrandhotel.hu\/wp-content\/uploads\/2023\/10\/Anna-Grand-Hotel-programok-kekszalag-01-1024x910.webp 1024w, https:\/\/annagrandhotel.hu\/wp-content\/uploads\/2023\/10\/Anna-Grand-Hotel-programok-kekszalag-01-768x683.webp 768w, https:\/\/annagrandhotel.hu\/wp-content\/uploads\/2023\/10\/Anna-Grand-Hotel-programok-kekszalag-01-1536x1365.webp 1536w, https:\/\/annagrandhotel.hu\/wp-content\/uploads\/2023\/10\/Anna-Grand-Hotel-programok-kekszalag-01-2048x1820.webp 2048w\" sizes=\"auto, (max-width: 2560px) 100vw, 2560px\" \/><\/div>\n\t\t<\/figure>\n\t<\/div>\n<\/div><\/div><\/div><div class=\"wpb_column vc_column_container vc_col-sm-6\"><div class=\"vc_column-inner\"><div class=\"wpb_wrapper\"><div class=\"heading_group_sc wpb_content_element subtitle_bottom    text-left\">\n\n\n    <h2>BLUE RIBBON<\/h2>\n\n\n        <span class=\"subtitle\"><\/span>\n\n<\/div>\n\t<div class=\"wpb_text_column wpb_content_element\" >\n\t\t<div class=\"wpb_wrapper\">\n\t\t\t<p style=\"text-align: justify;\">Die Segelregatta Blaues Band ist eine der beliebtesten Veranstaltungen in Balatonf\u00fcred, die auf eine fast hundertj\u00e4hrige Tradition zur\u00fcckblicken kann. Der Ungarische Segelverband veranstaltet die Regatta jedes Jahr im Juli, bei der die Segler die Strecke Balatonf\u00fcred-Balatonkenese-Si\u00f3fok-Keszthely-Balatonf\u00fcred in maximal 48 Stunden zur\u00fccklegen m\u00fcssen. Die Stadt bietet nicht nur f\u00fcr die Teilnehmer Aktivit\u00e4ten an. Das Blue Ribbon Festival ist ein einw\u00f6chiges Fest vor dem Rennen mit einer Bootsparade, Konzerten und einem Stra\u00dfenball.<\/p>\n\n\t\t<\/div>\n\t<\/div>\n<\/div><\/div><\/div><\/div><div class=\"vc_row wpb_row vc_row-fluid swap-on-mobile vc_row-o-content-middle vc_row-flex padding_top_none padding_bottom_none\"><div class=\"wpb_column vc_column_container vc_col-sm-6\"><div class=\"vc_column-inner\"><div class=\"wpb_wrapper\"><div class=\"heading_group_sc wpb_content_element subtitle_bottom    text-left\">\n\n\n    <h2>ANNA-BALL<\/h2>\n\n\n        <span class=\"subtitle\"><\/span>\n\n<\/div>\n\t<div class=\"wpb_text_column wpb_content_element\" >\n\t\t<div class=\"wpb_wrapper\">\n\t\t\t<p style=\"text-align: justify;\">Seit 1825 ist der Anna-Ball eine der ber\u00fchmtesten und exklusivsten Veranstaltungen in Balatonf\u00fcred. Die Veranstaltung findet jedes Jahr in ANNA GRAND statt, und zwar am Samstag, der dem Annatag am n\u00e4chsten liegt. Zur Tradition geh\u00f6rt auch die Wahl der Sch\u00f6nen und der Hofdamen, die jeweils eine Herendi-Porzellanvase mit Victoria-, Rotschild- oder Aponyi-Dekor mit nach Hause nehmen. K\u00fcnstler und Politiker der damaligen Zeit sind auch heute noch gern gesehene G\u00e4ste bei diesem vornehmen gesellschaftlichen Ereignis.<\/p>\n\n\t\t<\/div>\n\t<\/div>\n<\/div><\/div><\/div><div class=\"wpb_column vc_column_container vc_col-sm-6\"><div class=\"vc_column-inner\"><div class=\"wpb_wrapper\">\n\t<div  class=\"wpb_single_image wpb_content_element vc_align_left\">\n\t\t\n\t\t<figure class=\"wpb_wrapper vc_figure\">\n\t\t\t<div class=\"vc_single_image-wrapper   vc_box_border_grey\"><img loading=\"lazy\" decoding=\"async\" width=\"2560\" height=\"2275\" src=\"https:\/\/annagrandhotel.hu\/wp-content\/uploads\/2023\/11\/Anna-Grand-Hotel-programok-Anna-bal-01-scaled.webp\" class=\"vc_single_image-img attachment-full\" alt=\"\" title=\"Anna-Grand-Hotel-Programme-Anna-bal-01\" srcset=\"https:\/\/annagrandhotel.hu\/wp-content\/uploads\/2023\/11\/Anna-Grand-Hotel-programok-Anna-bal-01-scaled.webp 2560w, https:\/\/annagrandhotel.hu\/wp-content\/uploads\/2023\/11\/Anna-Grand-Hotel-programok-Anna-bal-01-300x267.webp 300w, https:\/\/annagrandhotel.hu\/wp-content\/uploads\/2023\/11\/Anna-Grand-Hotel-programok-Anna-bal-01-1024x910.webp 1024w, https:\/\/annagrandhotel.hu\/wp-content\/uploads\/2023\/11\/Anna-Grand-Hotel-programok-Anna-bal-01-768x683.webp 768w, https:\/\/annagrandhotel.hu\/wp-content\/uploads\/2023\/11\/Anna-Grand-Hotel-programok-Anna-bal-01-1536x1365.webp 1536w, https:\/\/annagrandhotel.hu\/wp-content\/uploads\/2023\/11\/Anna-Grand-Hotel-programok-Anna-bal-01-2048x1820.webp 2048w\" sizes=\"auto, (max-width: 2560px) 100vw, 2560px\" \/><\/div>\n\t\t<\/figure>\n\t<\/div>\n<\/div><\/div><\/div><\/div><section class=\"vc_section\"><div class=\"vc_row wpb_row vc_row-fluid padding_top_none\"><div class=\"wpb_column vc_column_container vc_col-sm-12\"><div class=\"vc_column-inner\"><div class=\"wpb_wrapper\">\n\t<div  class=\"wpb_single_image wpb_content_element vc_align_left\">\n\t\t\n\t\t<figure class=\"wpb_wrapper vc_figure\">\n\t\t\t<div class=\"vc_single_image-wrapper   vc_box_border_grey\"><img loading=\"lazy\" decoding=\"async\" width=\"2560\" height=\"2557\" src=\"https:\/\/annagrandhotel.hu\/wp-content\/uploads\/2024\/02\/Anna-Grand-Hotel-2024-programajanlo-01-scaled.webp\" class=\"vc_single_image-img attachment-full\" alt=\"\" title=\"Programm Anna Grand Hotel 2024\" srcset=\"https:\/\/annagrandhotel.hu\/wp-content\/uploads\/2024\/02\/Anna-Grand-Hotel-2024-programajanlo-01-scaled.webp 2560w, https:\/\/annagrandhotel.hu\/wp-content\/uploads\/2024\/02\/Anna-Grand-Hotel-2024-programajanlo-01-300x300.webp 300w, https:\/\/annagrandhotel.hu\/wp-content\/uploads\/2024\/02\/Anna-Grand-Hotel-2024-programajanlo-01-1024x1024.webp 1024w, https:\/\/annagrandhotel.hu\/wp-content\/uploads\/2024\/02\/Anna-Grand-Hotel-2024-programajanlo-01-150x150.webp 150w, https:\/\/annagrandhotel.hu\/wp-content\/uploads\/2024\/02\/Anna-Grand-Hotel-2024-programajanlo-01-768x767.webp 768w, https:\/\/annagrandhotel.hu\/wp-content\/uploads\/2024\/02\/Anna-Grand-Hotel-2024-programajanlo-01-1536x1534.webp 1536w, https:\/\/annagrandhotel.hu\/wp-content\/uploads\/2024\/02\/Anna-Grand-Hotel-2024-programajanlo-01-2048x2046.webp 2048w, https:\/\/annagrandhotel.hu\/wp-content\/uploads\/2024\/02\/Anna-Grand-Hotel-2024-programajanlo-01-12x12.webp 12w\" sizes=\"auto, (max-width: 2560px) 100vw, 2560px\" \/><\/div>\n\t\t<\/figure>\n\t<\/div>\n<\/div><\/div><\/div><\/div><\/section>\n<\/div>","protected":false},"excerpt":{"rendered":"Programok Balatonf\u00fcred t\u00f6bb olyan sz\u00e9les k\u00f6rben ismert programnak ad otthont, mint a K\u00e9kszalag vagy az Anna-b\u00e1l, ut\u00f3bbi esem\u00e9ny ikonikus helysz\u00edne az ANNA GRAND. A k\u00f6rny\u00e9k n\u00e9pszer\u0171s\u00e9ge sz\u00e1mos m\u00e1s izgalmas \u00e9s v\u00e1ltozatos programnak is k\u00f6sz\u00f6nhet\u0151, ezekre ell\u00e1togatva sz\u00e1llod\u00e1nk szint\u00e9n t\u00f6k\u00e9letes \u00fatic\u00e9lk\u00e9nt szolg\u00e1l. K\u00e9kszalag Balatonf\u00fcred h\u00edres esem\u00e9nyei k\u00f6z\u00e9 tartozik a k\u00f6zel sz\u00e1z\u00e9ves hagyom\u00e1nyra visszatekint\u0151 K\u00e9kszalag vitorl\u00e1sverseny. A [...]","protected":false},"author":1,"featured_media":2148,"parent":0,"menu_order":0,"comment_status":"closed","ping_status":"closed","template":"","meta":{"footnotes":""},"class_list":["post-1852","page","type-page","status-publish","has-post-thumbnail","hentry"],"aioseo_notices":[],"_links":{"self":[{"href":"https:\/\/annagrandhotel.hu\/de\/wp-json\/wp\/v2\/pages\/1852","targetHints":{"allow":["GET"]}}],"collection":[{"href":"https:\/\/annagrandhotel.hu\/de\/wp-json\/wp\/v2\/pages"}],"about":[{"href":"https:\/\/annagrandhotel.hu\/de\/wp-json\/wp\/v2\/types\/page"}],"author":[{"embeddable":true,"href":"https:\/\/annagrandhotel.hu\/de\/wp-json\/wp\/v2\/users\/1"}],"replies":[{"embeddable":true,"href":"https:\/\/annagrandhotel.hu\/de\/wp-json\/wp\/v2\/comments?post=1852"}],"version-history":[{"count":19,"href":"https:\/\/annagrandhotel.hu\/de\/wp-json\/wp\/v2\/pages\/1852\/revisions"}],"predecessor-version":[{"id":3275,"href":"https:\/\/annagrandhotel.hu\/de\/wp-json\/wp\/v2\/pages\/1852\/revisions\/3275"}],"wp:featuredmedia":[{"embeddable":true,"href":"https:\/\/annagrandhotel.hu\/de\/wp-json\/wp\/v2\/media\/2148"}],"wp:attachment":[{"href":"https:\/\/annagrandhotel.hu\/de\/wp-json\/wp\/v2\/media?parent=1852"}],"curies":[{"name":"wp","href":"https:\/\/api.w.org\/{rel}","templated":true}]}}