{"id":1848,"date":"2023-08-28T13:21:59","date_gmt":"2023-08-28T11:21:59","guid":{"rendered":"https:\/\/annagrand.saxon.hu\/?page_id=1848"},"modified":"2024-08-27T14:17:57","modified_gmt":"2024-08-27T12:17:57","slug":"das-hotel","status":"publish","type":"page","link":"https:\/\/annagrandhotel.hu\/de\/a-szalloda\/","title":{"rendered":"DAS HOTEL"},"content":{"rendered":"<div class=\"wpb-content-wrapper\"><section class=\"vc_section\"><div class=\"vc_row wpb_row vc_row-fluid\"><div class=\"wpb_column vc_column_container vc_col-sm-12\"><div class=\"vc_column-inner\"><div class=\"wpb_wrapper\"><div class=\"heading_group_sc wpb_content_element subtitle_bottom    text-center\">\n        <div class=\"background_title\">HERITAGE<\/div>\n\n\n    <h2>ZEITLOSER LUXUS<\/h2>\n\n\n        <span class=\"subtitle\">WO SICH VERGANGENHEIT UND GEGENWART TREFFEN<\/span>\n\n<\/div><div class=\"heading_group_sc wpb_content_element subtitle_bottom    text-center\">\n\n\n    <p>Unser unvergleichliches Premium-Hotel mit jahrhundertealter Geschichte l\u00e4dt Sie zu einer unvergesslichen Reise in einer exklusiven und komfortablen Umgebung ein. Mit einem Geb\u00e4ude, das von innen renoviert wurde, aber in seinen k\u00fcnstlerischen Werten ikonisch bleibt, streben wir danach, ein Ma\u00dfstab f\u00fcr die Gastfreundschaft des 21. Jahrhunderts zu sein: das ANNA GRAND ist das perfekte Beispiel f\u00fcr Stil und Raffinesse. In seiner mehr als zweihundertj\u00e4hrigen Geschichte hat das Hotel viele literarische Ikonen, Pers\u00f6nlichkeiten des \u00f6ffentlichen Lebens und Ber\u00fchmtheiten beherbergt - eine reiche Geschichte, die auch heute noch ein wichtiger Ma\u00dfstab f\u00fcr die Qualit\u00e4t unserer Dienstleistungen ist.<\/p>\n\n\n        <span class=\"subtitle\"><\/span>\n\n<\/div><\/div><\/div><\/div><\/div><\/section><section class=\"vc_section\"><div data-vc-full-width=\"true\" data-vc-full-width-init=\"false\" class=\"vc_row wpb_row vc_row-fluid vc_custom_1699289435609 vc_row-has-fill\"><div class=\"wpb_column vc_column_container vc_col-sm-12\"><div class=\"vc_column-inner\"><div class=\"wpb_wrapper\"><div class=\"heading_group_sc wpb_content_element subtitle_bottom   vc_custom_1693301516390  text-center\">\n        <div class=\"background_title\">GESCHICHTE<\/div>\n\n\n    <h2 style=\"color: white;\">DIE GESCHICHTE UNSERES HOTELS<\/h2>\n<p style=\"color: white;\">Entspannen Sie sich bei uns!<\/p>\n\n\n        <span class=\"subtitle\"><\/span>\n\n<\/div><div class=\"plethora_button wpb_content_element   text-center\">\n    <a href=\"https:\/\/annagrandhotel.hu\/de\/zimmer\/\" class=\"btn btn-secondary\" title=\"ZIMMER\"  target=\"_self\">\n\n        \n        ZIMMER\n        \n\n    <\/a>\n<\/div><\/div><\/div><\/div><\/div><div class=\"vc_row-full-width vc_clearfix\"><\/div><div data-vc-full-width=\"true\" data-vc-full-width-init=\"false\" class=\"vc_row wpb_row vc_row-fluid vc_custom_1724761034305\"><div class=\"wpb_column vc_column_container vc_col-sm-6\"><div class=\"vc_column-inner\"><div class=\"wpb_wrapper\"><div class=\"heading_group_sc wpb_content_element subtitle_bottom    text-left\">\n\n\n    <h2>DER ANFANG<\/h2>\n\n\n        <span class=\"subtitle\">DAS RESTAURANT DER ABTEI TIHANY<\/span>\n\n<\/div><div class=\"heading_group_sc wpb_content_element subtitle_bottom   vc_custom_1699865635111  text-left\">\n\n\n    <p style=\"text-align: justify;\">Die Geschichte unseres Hotels geht auf das Jahr 1748 zur\u00fcck, als die Benediktinerabtei von Tihany, die Eigent\u00fcmerin des Heilbades Balatonf\u00fcred, ein G\u00e4stehaus errichtete, um G\u00e4ste zu empfangen, die sich im Mineralwasser erholen wollten. Bei diesem Geb\u00e4ude handelt es sich um das Erdgeschoss des mittleren Teils des heutigen Fl\u00fcgels in der Blaha-Stra\u00dfe, in dem sich damals eine gro\u00dfe K\u00fcche und ein Restaurant befanden, wobei die ersten Zimmer auf die Weinberge ausgerichtet waren. Im Jahr 1781 wurden im Dachgeschoss billigere Zimmer zur Miete eingerichtet.<\/p>\n\n\n        <span class=\"subtitle\"><\/span>\n\n<\/div><\/div><\/div><\/div><div class=\"wpb_column vc_column_container vc_col-sm-6\"><div class=\"vc_column-inner\"><div class=\"wpb_wrapper\"><div class=\"heading_group_sc wpb_content_element subtitle_bottom    text-left\">\n\n\n    <h2>DIE GROSSE HALLE<\/h2>\n\n\n        <span class=\"subtitle\">HOTEL IM KLASSIZISTISCHEN STIL<\/span>\n\n<\/div><div class=\"heading_group_sc wpb_content_element subtitle_bottom   vc_custom_1699865645831  text-left\">\n\n\n    <p style=\"text-align: justify;\">Zwischen 1787 und 1802, nach der Aufl\u00f6sung des Ordens, setzte der neue Eigent\u00fcmer die Bauarbeiten der Abtei fort und bem\u00fchte sich um die Modernisierung der B\u00e4der. Im Jahr 1800 wird die \u00f6stliche Ecke des Erdgeschosses um ein Stockwerk aufgestockt und der Tanzsaal und der Billardsaal werden fertiggestellt. 1803 wurde das neoklassizistische Geb\u00e4ude mit 32 Zimmern, der so genannte Gro\u00dfe Saal, er\u00f6ffnet.<\/p>\n\n\n        <span class=\"subtitle\"><\/span>\n\n<\/div><\/div><\/div><\/div><\/div><div class=\"vc_row-full-width vc_clearfix\"><\/div><div data-vc-full-width=\"true\" data-vc-full-width-init=\"false\" class=\"vc_row wpb_row vc_row-fluid vc_custom_1724761042293\"><div class=\"wpb_column vc_column_container vc_col-sm-6\"><div class=\"vc_column-inner\"><div class=\"wpb_wrapper\"><div class=\"heading_group_sc wpb_content_element subtitle_bottom    text-left\">\n\n\n    <h2>Reformzeit<\/h2>\n\n\n        <span class=\"subtitle\">WENN HISTORISCHE PERS\u00d6NLICHKEITEN ZU GAST SIND<\/span>\n\n<\/div><div class=\"heading_group_sc wpb_content_element subtitle_bottom   vc_custom_1699865656864  text-left\">\n\n\n    <p style=\"text-align: justify;\">Obwohl das Geb\u00e4ude 1834 abbrannte, waren die folgenden Jahrzehnte von st\u00e4ndigen Bauarbeiten und Erweiterungen gepr\u00e4gt. In den 1840er Jahren war das Restaurant so beliebt, dass ein Pendelverkehr dreimal w\u00f6chentlich G\u00e4ste nach Balatonf\u00fcred brachte, und 1842 hatte sogar Lajos Kossuth das Restaurant besucht. Das Lokal wurde immer kleiner und \u00fcberf\u00fcllter, so dass 1848 das Anna-Caf\u00e9 nach dem Vorbild des Pilvax-Caf\u00e9s in Pest gebaut wurde. Aber auch dieses Jahr ist in der Geschichte der Stadt mit roten Buchstaben vermerkt, denn es war das erste Mal, dass der Anna-Ball im Ballsaal des Gro\u00dfen Saals abgehalten wurde.<\/p>\n\n\n        <span class=\"subtitle\"><\/span>\n\n<\/div><\/div><\/div><\/div><div class=\"wpb_column vc_column_container vc_col-sm-6\"><div class=\"vc_column-inner\"><div class=\"wpb_wrapper\"><div class=\"heading_group_sc wpb_content_element subtitle_bottom    text-left\">\n\n\n    <h2>GRAND HOTEL<\/h2>\n\n\n        <span class=\"subtitle\">TURBULENTE JAHRZEHNTE<\/span>\n\n<\/div><div class=\"heading_group_sc wpb_content_element subtitle_bottom   vc_custom_1699865668160  text-left\">\n\n\n    <p style=\"text-align: justify;\">1889 erreichte der Gro\u00dfe Saal einen weiteren Meilenstein und erhielt den Namen Anna Grand Hotel. Mit dem neuen Namen ging auch ein neuer Stil einher, und so wurde das Hotel 1913 renoviert, wobei die klassizistischen Elemente im Geiste des Jugendstils wiedergeboren wurden. Zu dieser Zeit wurde auch das gro\u00dfe Veranda-Restaurant er\u00f6ffnet, in dem man auch heute noch gem\u00fctlich zu Abend essen kann. Das 20. Jahrhundert war ein turbulentes Jahrzehnt f\u00fcr das Geb\u00e4ude, das 1942 und 1943 als Milit\u00e4rkrankenhaus diente, 1949 verstaatlicht wurde und in aller Stille auf seine Wiederbelebung als Pet\u0151fi-Kurort und dann 1952 als SZOT-Sanatorium wartete. Nach dem Regimewechsel wurde es in \u00c1rk\u00e1d Hotel umbenannt, ging 2004 wieder in Privatbesitz \u00fcber und wurde 2009 nach dem Umbau als Anna Grand Hotel Wine &amp; Vital wiederer\u00f6ffnet.<\/p>\n\n\n        <span class=\"subtitle\"><\/span>\n\n<\/div><\/div><\/div><\/div><\/div><div class=\"vc_row-full-width vc_clearfix\"><\/div><div data-vc-full-width=\"true\" data-vc-full-width-init=\"false\" class=\"vc_row wpb_row vc_row-fluid vc_custom_1724761049921\"><div class=\"wpb_column vc_column_container vc_col-sm-12\"><div class=\"vc_column-inner\"><div class=\"wpb_wrapper\"><div class=\"heading_group_sc wpb_content_element subtitle_bottom    text-center\">\n\n\n    <h2>EINE NEUE \u00c4RA<\/h2>\n\n\n        <span class=\"subtitle\">DIE NEUE ANNA GRAND<\/span>\n\n<\/div><div class=\"heading_group_sc wpb_content_element subtitle_bottom   vc_custom_1699865678312  text-left\">\n\n\n    <p style=\"text-align: justify;\">Das wiedergeborene ANNA GRAND bietet nun echten Luxus, der seinen Namen verdient. Der Komplex wurde im Herzen von Balatonf\u00fcred erneuert, wobei die mehr als zwei Jahrhunderte alten Traditionen respektiert wurden, aber auch die Anforderungen und Trends des 21.  Die perfekte Harmonie der feinsten Materialien und Farben zieht die G\u00e4ste vom ersten Moment an in ihren Bann - in der magischen Welt des ANNA GRAND trifft die Vergangenheit auf die Gegenwart und jeder Moment ist ein Moment des zeitlosen Luxus.<\/p>\n\n\n        <span class=\"subtitle\"><\/span>\n\n<\/div>\n\t<div  class=\"wpb_single_image wpb_content_element vc_align_left\">\n\t\t\n\t\t<figure class=\"wpb_wrapper vc_figure\">\n\t\t\t<div class=\"vc_single_image-wrapper   vc_box_border_grey\"><img loading=\"lazy\" decoding=\"async\" width=\"2048\" height=\"1152\" src=\"https:\/\/annagrandhotel.hu\/wp-content\/uploads\/2024\/04\/ABRR8022-HDRcopy-5.webp\" class=\"vc_single_image-img attachment-full\" alt=\"\" title=\"ABRR8022-HDR-Kopie (5)\" srcset=\"https:\/\/annagrandhotel.hu\/wp-content\/uploads\/2024\/04\/ABRR8022-HDRcopy-5.webp 2048w, https:\/\/annagrandhotel.hu\/wp-content\/uploads\/2024\/04\/ABRR8022-HDRcopy-5-300x169.webp 300w, https:\/\/annagrandhotel.hu\/wp-content\/uploads\/2024\/04\/ABRR8022-HDRcopy-5-1024x576.webp 1024w, https:\/\/annagrandhotel.hu\/wp-content\/uploads\/2024\/04\/ABRR8022-HDRcopy-5-768x432.webp 768w, https:\/\/annagrandhotel.hu\/wp-content\/uploads\/2024\/04\/ABRR8022-HDRcopy-5-1536x864.webp 1536w, https:\/\/annagrandhotel.hu\/wp-content\/uploads\/2024\/04\/ABRR8022-HDRcopy-5-18x10.webp 18w\" sizes=\"auto, (max-width: 2048px) 100vw, 2048px\" \/><\/div>\n\t\t<\/figure>\n\t<\/div>\n<\/div><\/div><\/div><\/div><div class=\"vc_row-full-width vc_clearfix\"><\/div><\/section>\n<\/div>","protected":false},"excerpt":{"rendered":"\u00d6R\u00d6KS\u00c9G ID\u0150TLEN LUXUS AHOL A M\u00daLT \u00c9S A JELEN TAL\u00c1LKOZIK P\u00e1ratlan, t\u00f6bb \u00e9vsz\u00e1zados m\u00faltra visszatekint\u0151, pr\u00e9mium sz\u00e1llod\u00e1nk egy felejthetetlen utaz\u00e1sra h\u00edvja vend\u00e9geit, akik exkluz\u00edv \u00e9s komfortos k\u00f6rnyezetben t\u00f6lthetik pihen\u00e9s\u00fcket. A bel\u00fclr\u0151l meg\u00fajult, azonban m\u0171v\u00e9szeti \u00e9rt\u00e9keiben maradand\u00f3an ikonikus \u00e9p\u00fclet\u00fcnkkel a 21. sz\u00e1zadi vend\u00e9gl\u00e1t\u00e1s meghat\u00e1roz\u00f3 szerepl\u0151jek\u00e9nt igyeksz\u00fcnk megjelenni: az ANNA GRAND t\u00f6k\u00e9letes p\u00e9ld\u00e1t mutat st\u00edlus \u00e9s kifinomults\u00e1g [...]","protected":false},"author":1,"featured_media":2736,"parent":0,"menu_order":0,"comment_status":"closed","ping_status":"closed","template":"","meta":{"footnotes":""},"class_list":["post-1848","page","type-page","status-publish","has-post-thumbnail","hentry"],"aioseo_notices":[],"_links":{"self":[{"href":"https:\/\/annagrandhotel.hu\/de\/wp-json\/wp\/v2\/pages\/1848","targetHints":{"allow":["GET"]}}],"collection":[{"href":"https:\/\/annagrandhotel.hu\/de\/wp-json\/wp\/v2\/pages"}],"about":[{"href":"https:\/\/annagrandhotel.hu\/de\/wp-json\/wp\/v2\/types\/page"}],"author":[{"embeddable":true,"href":"https:\/\/annagrandhotel.hu\/de\/wp-json\/wp\/v2\/users\/1"}],"replies":[{"embeddable":true,"href":"https:\/\/annagrandhotel.hu\/de\/wp-json\/wp\/v2\/comments?post=1848"}],"version-history":[{"count":22,"href":"https:\/\/annagrandhotel.hu\/de\/wp-json\/wp\/v2\/pages\/1848\/revisions"}],"predecessor-version":[{"id":1867,"href":"https:\/\/annagrandhotel.hu\/de\/wp-json\/wp\/v2\/pages\/1848\/revisions\/1867"}],"wp:featuredmedia":[{"embeddable":true,"href":"https:\/\/annagrandhotel.hu\/de\/wp-json\/wp\/v2\/media\/2736"}],"wp:attachment":[{"href":"https:\/\/annagrandhotel.hu\/de\/wp-json\/wp\/v2\/media?parent=1848"}],"curies":[{"name":"wp","href":"https:\/\/api.w.org\/{rel}","templated":true}]}}