{"id":1826,"date":"2023-08-28T09:00:46","date_gmt":"2023-08-28T07:00:46","guid":{"rendered":"https:\/\/annagrand.saxon.hu\/?page_id=1826"},"modified":"2025-12-17T13:21:27","modified_gmt":"2025-12-17T12:21:27","slug":"restaurant","status":"publish","type":"page","link":"https:\/\/annagrandhotel.hu\/de\/etterem\/","title":{"rendered":"Anna Grand Restaurant"},"content":{"rendered":"<div class=\"wpb-content-wrapper\"><div class=\"vc_row wpb_row vc_row-fluid padding_top_1-3\"><div class=\"wpb_column vc_column_container vc_col-sm-12\"><div class=\"vc_column-inner\"><div class=\"wpb_wrapper\"><div class=\"heading_group_sc wpb_content_element subtitle_bottom    text-center\">\n\n\n    <h2>GOURMET-ABENTEUER<\/h2>\n\n\n        <span class=\"subtitle\"><\/span>\n\n        <div class=\"svg_divider\"><img decoding=\"async\" src=\"https:\/\/annagrandhotel.hu\/wp-content\/themes\/hotel-xenia\/templates\/shortcodes\/divider.png\"><\/div>\n<\/div><div class=\"heading_group_sc wpb_content_element subtitle_bottom    text-center\">\n\n\n    <p>Das Restaurant ANNA GRAND bietet ein k\u00f6stliches Fr\u00fchst\u00fccksmen\u00fc mit klassischen Eierspeisen und internationalen Spezialit\u00e4ten wie Croque Monsieur und amerikanischen Pfannkuchen. Auch die Liebhaber ungarischer Spezialit\u00e4ten kommen auf ihre Kosten, denn nicht nur das Fr\u00fchst\u00fccksangebot ist reich an traditionellen Gerichten, sondern auch das A'la carte-Men\u00fc bietet eine Reihe ungarischer kulinarischer Spezialit\u00e4ten. In der romantischen Atmosph\u00e4re des Restaurants ANNA GRAND erwartet die G\u00e4ste eine gro\u00dfe Auswahl an Gerichten, von der Vorspeise bis zum Rib-Eye-Steak, wo sich ein unvergleichliches Esserlebnis mit einem tadellosen Service verbindet.<\/p>\n\n\n        <span class=\"subtitle\"><\/span>\n\n<\/div><div class=\"heading_group_sc wpb_content_element subtitle_bottom    text-center\">\n\n\n    <h4 style=\"text-align: center;\">\u00d6ffnungszeiten:<\/h4>\n<h4 style=\"text-align: center;\">Fr\u00fchst\u00fcck: 07:00 - 10:00<br \/>\nMittagessen: 12:00 - 15:00<br \/>\nAbendessen:<br \/>\nSonntag-Donnerstag: 18:00 - 21:00<br \/>\nFreitag-Samstag: 18:00-22:00<\/h4>\n\n\n        <span class=\"subtitle\"><\/span>\n\n        <div class=\"svg_divider\"><img decoding=\"async\" src=\"https:\/\/annagrandhotel.hu\/wp-content\/themes\/hotel-xenia\/templates\/shortcodes\/divider.png\"><\/div>\n<\/div><div class=\"plethora_button wpb_content_element   text-center\">\n    <a href=\"https:\/\/annagrandhotel.hu\/wp-content\/uploads\/2025\/12\/Anna-Grand-etlap-2025_osz_web.pdf\" class=\"btn btn-inv btn-secondary\" title=\"\"  target=\"_blank\">\n\n        \n        LIVE\n        \n\n    <\/a>\n<\/div><div class=\"plethora_button wpb_content_element   text-center\">\n    <a href=\"https:\/\/annagrandhotel.hu\/wp-content\/uploads\/2025\/12\/Etterem-itallap-2025_web.pdf\" class=\"btn btn-inv btn-secondary\" title=\"\"  target=\"_blank\">\n\n        \n        ITALLAP\n        \n\n    <\/a>\n<\/div>\n<div class=\"vc_grid-container-wrapper vc_clearfix vc_grid-animation-zoomIn\">\n\t<div class=\"vc_grid-container vc_clearfix wpb_content_element vc_masonry_media_grid\" data-initial-loading-animation=\"zoomIn\" data-vc-grid-settings=\"{&quot;page_id&quot;:1826,&quot;style&quot;:&quot;all-masonry&quot;,&quot;action&quot;:&quot;vc_get_vc_grid_data&quot;,&quot;shortcode_id&quot;:&quot;1765974007395-44cf5fd9-3235-10&quot;,&quot;tag&quot;:&quot;vc_masonry_media_grid&quot;}\" data-vc-request=\"https:\/\/annagrandhotel.hu\/wp-admin\/admin-ajax.php\" data-vc-post-id=\"1826\" data-vc-public-nonce=\"62b4be8014\">\n\t\t\n\t<\/div>\n<\/div><div class=\"wpb_gmaps_widget wpb_content_element\"><div class=\"wpb_wrapper\"><div class=\"wpb_map_wraper\"><iframe src=\"https:\/\/www.google.com\/maps\/embed?pb=!1m18!1m12!1m3!1d3347.3495316746007!2d17.889829876938595!3d46.956435671137726!2m3!1f0!2f0!3f0!3m2!1i1024!2i768!4f13.1!3m3!1m2!1s0x4769bdaeeac52595%3A0xf4011560b68e1ea5!2sAnna%20Grand%20Hotel!5e1!3m2!1shu!2shu!4v1765973579386!5m2!1shu!2shu\" width=\"600\" height=\"450\" style=\"border:0;\" allowfullscreen=\"\" loading=\"lazy\" referrerpolicy=\"no-referrer-when-downgrade\"><\/iframe><\/div><\/div><\/div><div class=\"plethora_button wpb_content_element   text-left\">\n    <a href=\"https:\/\/maps.app.goo.gl\/6bfVRUKZa9fGz1JK7\" class=\"btn btn-secondary\" title=\"Anna Grand Hotel Route\"  target=\"_blank\">\n\n        \n        ANFAHRT\n        \n\n    <\/a>\n<\/div><\/div><\/div><\/div><\/div>\n<\/div>","protected":false},"excerpt":{"rendered":"GASZTRON\u00d3MIAI \u00c9LM\u00c9NYEK Az ANNA GRAND \u00e9tterem fens\u00e9ges reggeli k\u00edn\u00e1lattal rendelkezik, ahol a klasszikus toj\u00e1s \u00e9telek mellett olyan nemzetk\u00f6zi kedvencek is megtal\u00e1lhat\u00f3k, mint a croque monsieur vagy az amerikai palacsinta. Term\u00e9szetesen a hazai \u00edzek szerelmesei is kiemelt figyelmet kapnak, \u00e9s nem csak a reggeli v\u00e1laszt\u00e9k b\u0151velkedik tradicion\u00e1lis \u00e9telekben, hanem az A\u2019la carte \u00e9tlapon is sz\u00e1mos magyar [...]","protected":false},"author":1,"featured_media":2480,"parent":0,"menu_order":0,"comment_status":"closed","ping_status":"closed","template":"","meta":{"footnotes":""},"class_list":["post-1826","page","type-page","status-publish","has-post-thumbnail","hentry"],"aioseo_notices":[],"_links":{"self":[{"href":"https:\/\/annagrandhotel.hu\/de\/wp-json\/wp\/v2\/pages\/1826","targetHints":{"allow":["GET"]}}],"collection":[{"href":"https:\/\/annagrandhotel.hu\/de\/wp-json\/wp\/v2\/pages"}],"about":[{"href":"https:\/\/annagrandhotel.hu\/de\/wp-json\/wp\/v2\/types\/page"}],"author":[{"embeddable":true,"href":"https:\/\/annagrandhotel.hu\/de\/wp-json\/wp\/v2\/users\/1"}],"replies":[{"embeddable":true,"href":"https:\/\/annagrandhotel.hu\/de\/wp-json\/wp\/v2\/comments?post=1826"}],"version-history":[{"count":47,"href":"https:\/\/annagrandhotel.hu\/de\/wp-json\/wp\/v2\/pages\/1826\/revisions"}],"predecessor-version":[{"id":5302,"href":"https:\/\/annagrandhotel.hu\/de\/wp-json\/wp\/v2\/pages\/1826\/revisions\/5302"}],"wp:featuredmedia":[{"embeddable":true,"href":"https:\/\/annagrandhotel.hu\/de\/wp-json\/wp\/v2\/media\/2480"}],"wp:attachment":[{"href":"https:\/\/annagrandhotel.hu\/de\/wp-json\/wp\/v2\/media?parent=1826"}],"curies":[{"name":"wp","href":"https:\/\/api.w.org\/{rel}","templated":true}]}}