{"id":1822,"date":"2023-08-28T08:59:48","date_gmt":"2023-08-28T06:59:48","guid":{"rendered":"https:\/\/annagrand.saxon.hu\/?page_id=1822"},"modified":"2026-04-03T18:51:22","modified_gmt":"2026-04-03T16:51:22","slug":"anna-cafe","status":"publish","type":"page","link":"https:\/\/annagrandhotel.hu\/de\/anna-cafe\/","title":{"rendered":"Anna Caf\u00e9"},"content":{"rendered":"<div class=\"wpb-content-wrapper\"><div class=\"vc_row wpb_row vc_row-fluid\"><div class=\"wpb_column vc_column_container vc_col-sm-12\"><div class=\"vc_column-inner\"><div class=\"wpb_wrapper\"><div class=\"heading_group_sc wpb_content_element subtitle_bottom    text-center\">\n\n\n    <h2>TRADITIONELLE TORTEN<\/h2>\n\n\n        <span class=\"subtitle\"><\/span>\n\n<\/div><div class=\"heading_group_sc wpb_content_element subtitle_bottom    text-center\">\n\n\n    <p>Das heute noch ge\u00f6ffnete Anna Caf\u00e9 wurde Mitte des 18. Jahrhunderts nach dem Vorbild des Pilvax in Budapest erbaut. Die Getr\u00e4nkekarte bietet eine Reihe von Getr\u00e4nkespezialit\u00e4ten, von hellen und dunklen italienischen Kaffees bis zu hausger\u00f6steten Kaffees. Eine der Hauptattraktionen des Lokals sind die drei charakteristischen Desserts, deren Rezepte vom ehemaligen Leiter des Grand Inn im 19. Jahrhundert aufgeschrieben wurden. Jahrhundert niedergeschrieben wurden. J\u00f3kais Lieblingstorte wird mit Mandelcreme und Hagebuttenkonfit\u00fcre zubereitet, R\u00f3za Laborfalvi's Torte ist eine Schokoladen-Erdbeer-Sahnetorte, w\u00e4hrend Lujza Blaha's Torte mit Haselnusscreme und Preiselbeermarmelade gef\u00fcllt ist. Nat\u00fcrlich k\u00f6nnen Sie auch aus saisonalen und Paleo-Kuchen w\u00e4hlen.<\/p>\n\n\n        <span class=\"subtitle\"><\/span>\n\n<\/div><div class=\"heading_group_sc wpb_content_element subtitle_bottom    text-center\">\n\n\n    <h4 style=\"text-align: center;\">Anna Caf\u00e9<\/h4>\n<h4 style=\"text-align: center;\">Jeden Tag: 9:00-24:00<\/h4>\n\n\n        <span class=\"subtitle\"><\/span>\n\n<\/div><div class=\"plethora_button wpb_content_element   text-center\">\n    <a href=\"https:\/\/annagrandhotel.hu\/wp-content\/uploads\/2025\/12\/Lobby-itallap-2025_web.pdf\" class=\"btn btn-secondary\" title=\"\"  target=\"_blank\">\n\n        \n        ITALLAP\n        \n\n    <\/a>\n<\/div><div class=\"plethora_button wpb_content_element   text-center\">\n    <a href=\"https:\/\/annagrandhotel.hu\/wp-content\/uploads\/2025\/12\/Borlap_2025_web.pdf\" class=\"btn btn-secondary\" title=\"\"  target=\"_blank\">\n\n        \n        BORLAP\n        \n\n    <\/a>\n<\/div>\n<div class=\"vc_grid-container-wrapper vc_clearfix vc_grid-animation-zoomIn\">\n\t<div class=\"vc_grid-container vc_clearfix wpb_content_element vc_masonry_media_grid\" data-initial-loading-animation=\"zoomIn\" data-vc-grid-settings=\"{&quot;page_id&quot;:1822,&quot;style&quot;:&quot;all-masonry&quot;,&quot;action&quot;:&quot;vc_get_vc_grid_data&quot;,&quot;shortcode_id&quot;:&quot;1775234988509-ba391262-5099-3&quot;,&quot;tag&quot;:&quot;vc_masonry_media_grid&quot;}\" data-vc-request=\"https:\/\/annagrandhotel.hu\/wp-admin\/admin-ajax.php\" data-vc-post-id=\"1822\" data-vc-public-nonce=\"3a3698be50\">\n\t\t\n\t<\/div>\n<\/div><div class=\"wpb_gmaps_widget wpb_content_element\"><div class=\"wpb_wrapper\"><div class=\"wpb_map_wraper\"><iframe src=\"https:\/\/www.google.com\/maps\/embed?pb=!1m18!1m12!1m3!1d809.6437248110302!2d17.894219690000025!3d46.955677046599305!2m3!1f0!2f0!3f0!3m2!1i1024!2i768!4f13.1!3m3!1m2!1s0x4769bd1b44c3877f%3A0x67caa67907b6ed66!2zQW5uYSBDYWbDqSAtIEvDoXbDqXrDsyDDqXMgQ3VrcsOhc3pkYQ!5e0!3m2!1shu!2shu!4v1699374488268!5m2!1shu!2shu\" width=\"600\" height=\"450\" style=\"border:0;\" allowfullscreen=\"\" loading=\"lazy\" referrerpolicy=\"no-referrer-when-downgrade\"><\/iframe><\/div><\/div><\/div><div class=\"plethora_button wpb_content_element   text-left\">\n    <a href=\"https:\/\/maps.app.goo.gl\/9kJLZomjUoV5BhSk6\" class=\"btn btn-secondary\" title=\"Anna-Caf\u00e9-Route\"  target=\"_blank\">\n\n        \n        ANFAHRT\n        \n\n    <\/a>\n<\/div><\/div><\/div><\/div><\/div>\n<\/div>","protected":false},"excerpt":{"rendered":"Trad\u00edcion\u00e1lis s\u00fctem\u00e9nyek A ma is \u00fczemel\u0151 Anna Caf\u00e9t a budapesti\u00a0Pilvax mint\u00e1j\u00e1ra \u00e9p\u00edtett\u00e9k az \u00e9p\u00fcletegy\u00fctteshez az 1800-as \u00e9vek derek\u00e1n. Az itallapon saj\u00e1t p\u00f6rk\u00f6l\u00e9s\u0171, vil\u00e1gos \u00e9s s\u00f6t\u00e9t olasz k\u00e1v\u00e9 mellett sz\u00e1mos italk\u00fcl\u00f6nlegess\u00e9g is megtal\u00e1lhat\u00f3. A pult egyik f\u0151 attrakci\u00f3ja a h\u00e1romf\u00e9le signiature\u00a0desszert, melyek receptjeit m\u00e9g az egykori Nagyvend\u00e9gl\u0151 vezet\u0151je jegyezte le a 19. sz\u00e1zadban. J\u00f3kai kedvence mandul\u00e1s [...]","protected":false},"author":1,"featured_media":2327,"parent":0,"menu_order":0,"comment_status":"closed","ping_status":"closed","template":"","meta":{"footnotes":""},"class_list":["post-1822","page","type-page","status-publish","has-post-thumbnail","hentry"],"aioseo_notices":[],"_links":{"self":[{"href":"https:\/\/annagrandhotel.hu\/de\/wp-json\/wp\/v2\/pages\/1822","targetHints":{"allow":["GET"]}}],"collection":[{"href":"https:\/\/annagrandhotel.hu\/de\/wp-json\/wp\/v2\/pages"}],"about":[{"href":"https:\/\/annagrandhotel.hu\/de\/wp-json\/wp\/v2\/types\/page"}],"author":[{"embeddable":true,"href":"https:\/\/annagrandhotel.hu\/de\/wp-json\/wp\/v2\/users\/1"}],"replies":[{"embeddable":true,"href":"https:\/\/annagrandhotel.hu\/de\/wp-json\/wp\/v2\/comments?post=1822"}],"version-history":[{"count":22,"href":"https:\/\/annagrandhotel.hu\/de\/wp-json\/wp\/v2\/pages\/1822\/revisions"}],"predecessor-version":[{"id":5743,"href":"https:\/\/annagrandhotel.hu\/de\/wp-json\/wp\/v2\/pages\/1822\/revisions\/5743"}],"wp:featuredmedia":[{"embeddable":true,"href":"https:\/\/annagrandhotel.hu\/de\/wp-json\/wp\/v2\/media\/2327"}],"wp:attachment":[{"href":"https:\/\/annagrandhotel.hu\/de\/wp-json\/wp\/v2\/media?parent=1822"}],"curies":[{"name":"wp","href":"https:\/\/api.w.org\/{rel}","templated":true}]}}